{"id":85961,"date":"2026-03-02T15:25:08","date_gmt":"2026-03-02T08:25:08","guid":{"rendered":"http:\/\/tourcruiser.com\/product\/nike-sb-janoski-slip"},"modified":"2026-03-28T01:07:18","modified_gmt":"2026-03-27T18:07:18","slug":"nike-sb-janoski-slip","status":"publish","type":"product","link":"https:\/\/tourcruiser.com\/de\/products\/nike-sb-janoski-slip\/","title":{"rendered":"Nike SB Janoski+ Slip"},"content":{"rendered":"<p>Erlebe unvergleichlichen Komfort und m\u00fchelosen Style mit dem Nike SB Janoski+ Slip FN5893-800 \u201d\u201c perfekt f\u00fcr Skateboarder und alle, die es gerne l\u00e4ssig m\u00f6gen.<\/p>\n<p>Dieser Slip-on-Sneaker besticht durch sein schlankes, flaches Design und vereint urbane Eleganz mit funktionaler Performance. Das weiche Wildleder-Obermaterial in einer auff\u00e4lligen Farbkombination ist nicht nur strapazierf\u00e4hig, sondern passt sich mit der Zeit auch optimal deinem Fu\u00df an. Die reaktionsfreudige Zoom Air-D\u00e4mpfung in der Mittelsohle sorgt f\u00fcr hervorragenden Aufprallschutz und ganzt\u00e4gigen Tragekomfort.<\/p>\n<p>Die Gummiau\u00dfensohle mit Fischgr\u00e4tenprofil bietet au\u00dfergew\u00f6hnlichen Grip und ein optimales Boardgef\u00fchl \u201d\u201c unerl\u00e4sslich f\u00fcr Skateboarder, die bei jedem Trick und jeder Kurve Pr\u00e4zision und Kontrolle suchen. Elastische Eins\u00e4tze im Inneren halten den Schuh sicher an Ort und Stelle und erm\u00f6glichen gleichzeitig ein einfaches An- und Ausziehen.<\/p>\n<p>Der vielseitige Nike SB Janoski+ Slip kombiniert innovative Designelemente mit minimalistischer \u00c4sthetik und ist damit die perfekte Erg\u00e4nzung f\u00fcr deine Skateboard-Ausr\u00fcstung oder deine Alltagsgarderobe. Ob im Skatepark oder beim Stadtbummel \u201d\u201c dieser Sneaker \u00fcberzeugt durch Style und Performance.<\/p>\n<p>Mit dem Nike SB Janoski+ Slip FN5893-800, einer Ikone f\u00fcr alle, die Wert auf Authentizit\u00e4t, Funktionalit\u00e4t und zeitloses Design legen, heben Sie Ihren Schuhstil auf ein neues Level.<\/p>\n<p>Farbgebung: Monarc\/Mono\/Wei\u00df\/Schwarz<\/p>\n<p>Style-Code: FN5893-800<\/p>\n<p>Obermaterial: Wildleder<\/p>\n<p>Mittelsohle: Zoom Air<\/p>\n<p>Farbe: Orange<\/p>\n<p>Designer: James Arizumi<\/p>\n<p>Farbe: Orange<\/p>\n","protected":false},"excerpt":{"rendered":"<p>Nike SB Janoski+ Slip \u201d\u201d Monarc\/Mono\/White\/Black<\/p>\n","protected":false},"featured_media":85962,"comment_status":"open","ping_status":"closed","template":"","meta":[],"product_brand":[],"product_cat":[10803],"product_tag":[10992],"class_list":{"0":"post-85961","1":"product","2":"type-product","3":"status-publish","4":"has-post-thumbnail","6":"product_cat-nike","7":"product_tag-small-100-usd","8":"wcpa_has_options","10":"first","11":"outofstock","12":"taxable","13":"shipping-taxable","14":"purchasable","15":"product-type-simple"},"wcpa_form_fields":{"rules":{"pric_overide_base_price":false,"pric_overide_base_price_if_gt_zero":false,"pric_overide_base_price_fully":false,"pric_cal_option_once":false,"pric_use_as_fee":false,"bind_quantity":false,"quantity_bind_formula":false},"fields":[{"type":"color-group","required":true,"elementId":"wcpa-color-group-66c4a75505e74","label":"Gr\u00f6\u00dfe - EU Gr\u00f6\u00dfe","inline":true,"priceOptions":"different_for_all","pricingType":"fixed","className":"hassizechart product-shoes-size-eu product-shoes-size","name":"color-group-66c4a75505e89","disp_type":"square","selection_type":"tick-border","disp_size":"44","show_label_inside":true,"adjust_width":true,"cart_display_type":"text","other_text":"Other","cl_rule":"show","col":6,"values":[{"label":"35.5","value":"EU 35.5","price":"","pimage":"","pimage_id":"","pthumb":"","color":""},{"label":"36","value":"EU 36","price":"","pimage":"","pimage_id":"","pthumb":"","color":"","selected":true},{"label":"36.5","value":"EU 36.5","price":"","pimage":"","pimage_id":"","pthumb":"","color":""},{"label":"37.5","value":"EU 37.5","price":"","pimage":"","pimage_id":"","pthumb":"","color":""},{"label":"38","value":"EU 38","price":"","pimage":"","pimage_id":"","pthumb":"","color":""},{"label":"38.5","value":"EU 38.5","price":"","pimage":"","pimage_id":"","pthumb":"","color":""},{"label":"39","value":"EU 39","price":"","pimage":"","pimage_id":"","pthumb":"","color":""},{"label":"40","value":"EU 40","price":"","pimage":"","pimage_id":"","pthumb":"","color":""},{"label":"40.5","value":"EU 40.5","price":"","pimage":"","pimage_id":"","pthumb":"","color":""},{"label":"41","value":"EU 41","price":"","pimage":"","pimage_id":"","pthumb":"","color":""},{"label":"42","value":"EU 42","price":"","pimage":"","pimage_id":"","pthumb":"","color":""},{"label":"42.5","value":"EU 42.5","price":"","pimage":"","pimage_id":"","pthumb":"","color":""},{"label":"43","value":"EU 43","price":"","pimage":"","pimage_id":"","pthumb":"","color":""},{"label":"44","value":"EU 44","price":"","pimage":"","pimage_id":"","pthumb":"","color":""},{"label":"44.5","value":"EU 44.5","price":"","pimage":"","pimage_id":"","pthumb":"","color":""},{"label":"45","value":"EU 45","price":"","pimage":"","pimage_id":"","pthumb":"","color":""},{"label":"45.5","value":"EU 45.5","price":"","pimage":"","pimage_id":"","pthumb":"","color":""},{"label":"46","value":"EU 46","price":"","pimage":"","pimage_id":"","pthumb":"","color":""},{"label":"47","value":"EU 47","price":"","pimage":"","pimage_id":"","pthumb":"","color":""},{"label":"47.5","value":"EU 47.5","price":"","pimage":"","pimage_id":"","pthumb":"","color":""},{"label":"48","value":"EU 48","price":"","pimage":"","pimage_id":"","pthumb":"","color":""}],"relations":[{"operator":false,"rules":[]}],"form_id":18106,"form_rules":{"pric_cal_option_once":false,"exclude_from_discount":false,"pric_use_as_fee":false,"fee_label":"Fee","render_after_acb":false,"disp_hide_options_price":false}}]},"yoast_head":"<!-- This site is optimized with the Yoast SEO plugin v26.5 - https:\/\/yoast.com\/wordpress\/plugins\/seo\/ -->\n<title>Nike SB Janoski+ Slip  - Tourcruiser PTE. LTD<\/title>\n<meta name=\"robots\" content=\"index, follow, max-snippet:-1, max-image-preview:large, max-video-preview:-1\" \/>\n<link rel=\"canonical\" href=\"https:\/\/tourcruiser.com\/\" \/>\n<meta property=\"og:locale\" content=\"de_DE\" \/>\n<meta property=\"og:type\" content=\"article\" \/>\n<meta property=\"og:title\" content=\"Nike SB Janoski+ Slip  - Tourcruiser PTE. LTD\" \/>\n<meta property=\"og:description\" content=\"Nike SB Janoski+ Slip \u201d\u201d Monarc\/Mono\/White\/Black\" \/>\n<meta property=\"og:url\" content=\"\/\" \/>\n<meta property=\"og:site_name\" content=\"Tourcruiser Sneaker Store\" \/>\n<meta property=\"article:modified_time\" content=\"2026-03-27T18:07:18+00:00\" \/>\n<meta name=\"twitter:card\" content=\"summary_large_image\" \/>\n<meta name=\"twitter:image\" content=\"https:\/\/images.novelship.com\/product\/nike_sb_janoski__slip_fn5893-800_0_39842.png;https:\/\/images.novelship.com\/product\/nike_sb_janoski__slip_fn5893-800_1_39842.png;https:\/\/images.novelship.com\/product\/nike_sb_janoski__slip_fn5893-800_2_39842.png;https:\/\/images.novelship.com\/product\/nike_sb_janoski__slip_fn5893-800_3_39842.png;https:\/\/images.novelship.com\/product\/nike_sb_janoski__slip_fn5893-800_4_39842.png;https:\/\/images.novelship.com\/product\/nike_sb_janoski__slip_fn5893-800_5_39842.png;https:\/\/images.novelship.com\/product\/nike_sb_janoski__slip_fn5893-800_6_39842.png;https:\/\/images.novelship.com\/product\/nike_sb_janoski__slip_fn5893-800_7_39842.png\" \/>\n<meta name=\"twitter:label1\" content=\"Gesch\u00e4tzte Lesezeit\" \/>\n\t<meta name=\"twitter:data1\" content=\"1\u00a0Minute\" \/>\n<script type=\"application\/ld+json\" class=\"yoast-schema-graph\">{\"@context\":\"https:\/\/schema.org\",\"@graph\":[{\"@type\":\"WebPage\",\"@id\":\"\/\",\"url\":\"https:\/\/tourcruiser.com\/\",\"name\":\"Nike SB Janoski+ Slip - Tourcruiser PTE. LTD\",\"isPartOf\":{\"@id\":\"https:\/\/tourcruiser.com\/de\/#website\"},\"primaryImageOfPage\":{\"@id\":\"https:\/\/tourcruiser.com\/#primaryimage\"},\"image\":{\"@id\":\"https:\/\/tourcruiser.com\/#primaryimage\"},\"thumbnailUrl\":\"https:\/\/images.novelship.com\/product\/nike_sb_janoski__slip_fn5893-800_0_39842.png;https:\/\/images.novelship.com\/product\/nike_sb_janoski__slip_fn5893-800_1_39842.png;https:\/\/images.novelship.com\/product\/nike_sb_janoski__slip_fn5893-800_2_39842.png;https:\/\/images.novelship.com\/product\/nike_sb_janoski__slip_fn5893-800_3_39842.png;https:\/\/images.novelship.com\/product\/nike_sb_janoski__slip_fn5893-800_4_39842.png;https:\/\/images.novelship.com\/product\/nike_sb_janoski__slip_fn5893-800_5_39842.png;https:\/\/images.novelship.com\/product\/nike_sb_janoski__slip_fn5893-800_6_39842.png;https:\/\/images.novelship.com\/product\/nike_sb_janoski__slip_fn5893-800_7_39842.png\",\"datePublished\":\"2026-03-02T08:25:08+00:00\",\"dateModified\":\"2026-03-27T18:07:18+00:00\",\"breadcrumb\":{\"@id\":\"https:\/\/tourcruiser.com\/#breadcrumb\"},\"inLanguage\":\"de\",\"potentialAction\":[{\"@type\":\"ReadAction\",\"target\":[\"https:\/\/tourcruiser.com\/\"]}]},{\"@type\":\"ImageObject\",\"inLanguage\":\"de\",\"@id\":\"https:\/\/tourcruiser.com\/#primaryimage\",\"url\":\"https:\/\/images.novelship.com\/product\/nike_sb_janoski__slip_fn5893-800_0_39842.png;https:\/\/images.novelship.com\/product\/nike_sb_janoski__slip_fn5893-800_1_39842.png;https:\/\/images.novelship.com\/product\/nike_sb_janoski__slip_fn5893-800_2_39842.png;https:\/\/images.novelship.com\/product\/nike_sb_janoski__slip_fn5893-800_3_39842.png;https:\/\/images.novelship.com\/product\/nike_sb_janoski__slip_fn5893-800_4_39842.png;https:\/\/images.novelship.com\/product\/nike_sb_janoski__slip_fn5893-800_5_39842.png;https:\/\/images.novelship.com\/product\/nike_sb_janoski__slip_fn5893-800_6_39842.png;https:\/\/images.novelship.com\/product\/nike_sb_janoski__slip_fn5893-800_7_39842.png\",\"contentUrl\":\"https:\/\/images.novelship.com\/product\/nike_sb_janoski__slip_fn5893-800_0_39842.png;https:\/\/images.novelship.com\/product\/nike_sb_janoski__slip_fn5893-800_1_39842.png;https:\/\/images.novelship.com\/product\/nike_sb_janoski__slip_fn5893-800_2_39842.png;https:\/\/images.novelship.com\/product\/nike_sb_janoski__slip_fn5893-800_3_39842.png;https:\/\/images.novelship.com\/product\/nike_sb_janoski__slip_fn5893-800_4_39842.png;https:\/\/images.novelship.com\/product\/nike_sb_janoski__slip_fn5893-800_5_39842.png;https:\/\/images.novelship.com\/product\/nike_sb_janoski__slip_fn5893-800_6_39842.png;https:\/\/images.novelship.com\/product\/nike_sb_janoski__slip_fn5893-800_7_39842.png\"},{\"@type\":\"BreadcrumbList\",\"@id\":\"https:\/\/tourcruiser.com\/#breadcrumb\",\"itemListElement\":[{\"@type\":\"ListItem\",\"position\":1,\"name\":\"Home\",\"item\":\"https:\/\/tourcruiser.com\/de\/\"},{\"@type\":\"ListItem\",\"position\":2,\"name\":\"Shop\",\"item\":\"https:\/\/tourcruiser.com\/de\/shop\/\"},{\"@type\":\"ListItem\",\"position\":3,\"name\":\"Nike SB Janoski+ Slip\"}]},{\"@type\":\"WebSite\",\"@id\":\"https:\/\/tourcruiser.com\/de\/#website\",\"url\":\"https:\/\/tourcruiser.com\/de\/\",\"name\":\"Styloral Jewelry Shop\",\"description\":\"Tourcruiser Sneaker Store \u2014 der Ort, an dem das Universum deine Einzigartigkeit trifft.\",\"publisher\":{\"@id\":\"https:\/\/tourcruiser.com\/de\/#organization\"},\"potentialAction\":[{\"@type\":\"SearchAction\",\"target\":{\"@type\":\"EntryPoint\",\"urlTemplate\":\"https:\/\/tourcruiser.com\/de\/?s={search_term_string}\"},\"query-input\":{\"@type\":\"PropertyValueSpecification\",\"valueRequired\":true,\"valueName\":\"search_term_string\"}}],\"inLanguage\":\"de\"},{\"@type\":\"Organization\",\"@id\":\"https:\/\/tourcruiser.com\/de\/#organization\",\"name\":\"STYLORAL PTE. LTD\",\"url\":\"https:\/\/tourcruiser.com\/de\/\",\"logo\":{\"@type\":\"ImageObject\",\"inLanguage\":\"de\",\"@id\":\"https:\/\/tourcruiser.com\/de\/#\/schema\/logo\/image\/\",\"url\":\"https:\/\/www.tourcruiser.com\/wp-content\/uploads\/2025\/12\/logo.png\",\"contentUrl\":\"https:\/\/www.tourcruiser.com\/wp-content\/uploads\/2025\/12\/logo.png\",\"width\":200,\"height\":65,\"caption\":\"STYLORAL PTE. LTD\"},\"image\":{\"@id\":\"https:\/\/tourcruiser.com\/de\/#\/schema\/logo\/image\/\"}}]}<\/script>\n<!-- \/ Yoast SEO plugin. -->","yoast_head_json":{"title":"Nike SB Janoski+ Slip  - Tourcruiser PTE. LTD","robots":{"index":"index","follow":"follow","max-snippet":"max-snippet:-1","max-image-preview":"max-image-preview:large","max-video-preview":"max-video-preview:-1"},"canonical":"https:\/\/tourcruiser.com\/","og_locale":"de_DE","og_type":"article","og_title":"Nike SB Janoski+ Slip  - Tourcruiser PTE. LTD","og_description":"Nike SB Janoski+ Slip \u201d\u201d Monarc\/Mono\/White\/Black","og_url":"\/","og_site_name":"Tourcruiser Sneaker Store","article_modified_time":"2026-03-27T18:07:18+00:00","twitter_card":"summary_large_image","twitter_image":"https:\/\/images.novelship.com\/product\/nike_sb_janoski__slip_fn5893-800_0_39842.png;https:\/\/images.novelship.com\/product\/nike_sb_janoski__slip_fn5893-800_1_39842.png;https:\/\/images.novelship.com\/product\/nike_sb_janoski__slip_fn5893-800_2_39842.png;https:\/\/images.novelship.com\/product\/nike_sb_janoski__slip_fn5893-800_3_39842.png;https:\/\/images.novelship.com\/product\/nike_sb_janoski__slip_fn5893-800_4_39842.png;https:\/\/images.novelship.com\/product\/nike_sb_janoski__slip_fn5893-800_5_39842.png;https:\/\/images.novelship.com\/product\/nike_sb_janoski__slip_fn5893-800_6_39842.png;https:\/\/images.novelship.com\/product\/nike_sb_janoski__slip_fn5893-800_7_39842.png","twitter_misc":{"Gesch\u00e4tzte Lesezeit":"1\u00a0Minute"},"schema":{"@context":"https:\/\/schema.org","@graph":[{"@type":"WebPage","@id":"\/","url":"https:\/\/tourcruiser.com\/","name":"Nike SB Janoski+ Slip - Tourcruiser PTE. LTD","isPartOf":{"@id":"https:\/\/tourcruiser.com\/de\/#website"},"primaryImageOfPage":{"@id":"https:\/\/tourcruiser.com\/#primaryimage"},"image":{"@id":"https:\/\/tourcruiser.com\/#primaryimage"},"thumbnailUrl":"https:\/\/images.novelship.com\/product\/nike_sb_janoski__slip_fn5893-800_0_39842.png;https:\/\/images.novelship.com\/product\/nike_sb_janoski__slip_fn5893-800_1_39842.png;https:\/\/images.novelship.com\/product\/nike_sb_janoski__slip_fn5893-800_2_39842.png;https:\/\/images.novelship.com\/product\/nike_sb_janoski__slip_fn5893-800_3_39842.png;https:\/\/images.novelship.com\/product\/nike_sb_janoski__slip_fn5893-800_4_39842.png;https:\/\/images.novelship.com\/product\/nike_sb_janoski__slip_fn5893-800_5_39842.png;https:\/\/images.novelship.com\/product\/nike_sb_janoski__slip_fn5893-800_6_39842.png;https:\/\/images.novelship.com\/product\/nike_sb_janoski__slip_fn5893-800_7_39842.png","datePublished":"2026-03-02T08:25:08+00:00","dateModified":"2026-03-27T18:07:18+00:00","breadcrumb":{"@id":"https:\/\/tourcruiser.com\/#breadcrumb"},"inLanguage":"de","potentialAction":[{"@type":"ReadAction","target":["https:\/\/tourcruiser.com\/"]}]},{"@type":"ImageObject","inLanguage":"de","@id":"https:\/\/tourcruiser.com\/#primaryimage","url":"https:\/\/images.novelship.com\/product\/nike_sb_janoski__slip_fn5893-800_0_39842.png;https:\/\/images.novelship.com\/product\/nike_sb_janoski__slip_fn5893-800_1_39842.png;https:\/\/images.novelship.com\/product\/nike_sb_janoski__slip_fn5893-800_2_39842.png;https:\/\/images.novelship.com\/product\/nike_sb_janoski__slip_fn5893-800_3_39842.png;https:\/\/images.novelship.com\/product\/nike_sb_janoski__slip_fn5893-800_4_39842.png;https:\/\/images.novelship.com\/product\/nike_sb_janoski__slip_fn5893-800_5_39842.png;https:\/\/images.novelship.com\/product\/nike_sb_janoski__slip_fn5893-800_6_39842.png;https:\/\/images.novelship.com\/product\/nike_sb_janoski__slip_fn5893-800_7_39842.png","contentUrl":"https:\/\/images.novelship.com\/product\/nike_sb_janoski__slip_fn5893-800_0_39842.png;https:\/\/images.novelship.com\/product\/nike_sb_janoski__slip_fn5893-800_1_39842.png;https:\/\/images.novelship.com\/product\/nike_sb_janoski__slip_fn5893-800_2_39842.png;https:\/\/images.novelship.com\/product\/nike_sb_janoski__slip_fn5893-800_3_39842.png;https:\/\/images.novelship.com\/product\/nike_sb_janoski__slip_fn5893-800_4_39842.png;https:\/\/images.novelship.com\/product\/nike_sb_janoski__slip_fn5893-800_5_39842.png;https:\/\/images.novelship.com\/product\/nike_sb_janoski__slip_fn5893-800_6_39842.png;https:\/\/images.novelship.com\/product\/nike_sb_janoski__slip_fn5893-800_7_39842.png"},{"@type":"BreadcrumbList","@id":"https:\/\/tourcruiser.com\/#breadcrumb","itemListElement":[{"@type":"ListItem","position":1,"name":"Home","item":"https:\/\/tourcruiser.com\/de\/"},{"@type":"ListItem","position":2,"name":"Shop","item":"https:\/\/tourcruiser.com\/de\/shop\/"},{"@type":"ListItem","position":3,"name":"Nike SB Janoski+ Slip"}]},{"@type":"WebSite","@id":"https:\/\/tourcruiser.com\/de\/#website","url":"https:\/\/tourcruiser.com\/de\/","name":"Styloral Jewelry Shop","description":"Tourcruiser Sneaker Store \u2014 der Ort, an dem das Universum deine Einzigartigkeit trifft.","publisher":{"@id":"https:\/\/tourcruiser.com\/de\/#organization"},"potentialAction":[{"@type":"SearchAction","target":{"@type":"EntryPoint","urlTemplate":"https:\/\/tourcruiser.com\/de\/?s={search_term_string}"},"query-input":{"@type":"PropertyValueSpecification","valueRequired":true,"valueName":"search_term_string"}}],"inLanguage":"de"},{"@type":"Organization","@id":"https:\/\/tourcruiser.com\/de\/#organization","name":"STYLORAL PTE. LTD","url":"https:\/\/tourcruiser.com\/de\/","logo":{"@type":"ImageObject","inLanguage":"de","@id":"https:\/\/tourcruiser.com\/de\/#\/schema\/logo\/image\/","url":"https:\/\/www.tourcruiser.com\/wp-content\/uploads\/2025\/12\/logo.png","contentUrl":"https:\/\/www.tourcruiser.com\/wp-content\/uploads\/2025\/12\/logo.png","width":200,"height":65,"caption":"STYLORAL PTE. LTD"},"image":{"@id":"https:\/\/tourcruiser.com\/de\/#\/schema\/logo\/image\/"}}]}},"_links":{"self":[{"href":"https:\/\/tourcruiser.com\/de\/wp-json\/wp\/v2\/product\/85961","targetHints":{"allow":["GET"]}}],"collection":[{"href":"https:\/\/tourcruiser.com\/de\/wp-json\/wp\/v2\/product"}],"about":[{"href":"https:\/\/tourcruiser.com\/de\/wp-json\/wp\/v2\/types\/product"}],"replies":[{"embeddable":true,"href":"https:\/\/tourcruiser.com\/de\/wp-json\/wp\/v2\/comments?post=85961"}],"wp:featuredmedia":[{"embeddable":true,"href":"https:\/\/tourcruiser.com\/de\/wp-json\/wp\/v2\/media\/85962"}],"wp:attachment":[{"href":"https:\/\/tourcruiser.com\/de\/wp-json\/wp\/v2\/media?parent=85961"}],"wp:term":[{"taxonomy":"product_brand","embeddable":true,"href":"https:\/\/tourcruiser.com\/de\/wp-json\/wp\/v2\/product_brand?post=85961"},{"taxonomy":"product_cat","embeddable":true,"href":"https:\/\/tourcruiser.com\/de\/wp-json\/wp\/v2\/product_cat?post=85961"},{"taxonomy":"product_tag","embeddable":true,"href":"https:\/\/tourcruiser.com\/de\/wp-json\/wp\/v2\/product_tag?post=85961"}],"curies":[{"name":"wp","href":"https:\/\/api.w.org\/{rel}","templated":true}]}}