{"id":82569,"date":"2026-03-02T15:24:25","date_gmt":"2026-03-02T08:24:25","guid":{"rendered":"http:\/\/tourcruiser.com\/product\/asics-court-ff-3-steel-blue-lime"},"modified":"2026-03-28T01:06:56","modified_gmt":"2026-03-27T18:06:56","slug":"asics-court-ff-3-steel-blue-lime","status":"publish","type":"product","link":"https:\/\/tourcruiser.com\/de\/products\/asics-court-ff-3-steel-blue-lime\/","title":{"rendered":"ASICS Court FF 3 &#8218;Steel Blue Lime&#8216;"},"content":{"rendered":"<p>Wir pr\u00e4sentieren den ASICS Court FF 3 Steel Blue Lime \u201d\u201c ein Must-have f\u00fcr Freizeit und Sport. Mit der bew\u00e4hrten ASICS-Marke bieten diese Sneaker ultimativen Komfort und Langlebigkeit f\u00fcr maximale Bewegungsfreiheit. Die Farbkombination aus Stahlblau und Limette verleiht deinem Outfit einen stylischen Touch. Hol dir den ASICS Court FF 3 Steel Blue Lime und setze ein modisches Statement.<\/p>\n<p>Farbe: Blau\/Wei\u00df<br \/>\nArtikelnummer: 1041A370-400<br \/>\nObermaterial: Synthetik<br \/>\nZwischensohle: FlyteFoam<br \/>\nErscheinungsjahr: 2023<\/p>\n","protected":false},"excerpt":{"rendered":"<p>ASICS Court FF 3 \u201d\u201d BLUE\/WHITE<\/p>\n","protected":false},"featured_media":82570,"comment_status":"open","ping_status":"closed","template":"","meta":[],"product_brand":[],"product_cat":[10792],"product_tag":[10791,10753,10802,11082,10758],"class_list":{"0":"post-82569","1":"product","2":"type-product","3":"status-publish","4":"has-post-thumbnail","6":"product_cat-asics","7":"product_tag-asics","8":"product_tag-gift-for-him","9":"product_tag-performance-sport-shoes","10":"product_tag-tennis-shoes","11":"product_tag-under-retail","12":"wcpa_has_options","14":"first","15":"outofstock","16":"sale","17":"taxable","18":"shipping-taxable","19":"purchasable","20":"product-type-simple"},"wcpa_form_fields":{"rules":{"pric_overide_base_price":false,"pric_overide_base_price_if_gt_zero":false,"pric_overide_base_price_fully":false,"pric_cal_option_once":false,"pric_use_as_fee":false,"bind_quantity":false,"quantity_bind_formula":false},"fields":[{"type":"color-group","required":true,"elementId":"wcpa-color-group-69a5ab08ee12d","label":"Gr\u00f6\u00dfe","inline":true,"priceOptions":"different_for_all","pricingType":"fixed","className":"hassizechart product-shoes-size-eu product-shoes-size","name":"color-group-69a5ab08ee136","disp_type":"square","selection_type":"tick-border","disp_size":"50","show_label_inside":true,"adjust_width":true,"cart_display_type":"text","other_text":"Other","cl_rule":"show","col":6,"values":[{"label":"36","value":"EU 36","price":"","pimage":"","pimage_id":"","pthumb":"","color":"","selected":true},{"label":"37","value":"EU 37","price":"","pimage":"","pimage_id":"","pthumb":"","color":""},{"label":"37.5","value":"EU 37.5","price":"","pimage":"","pimage_id":"","pthumb":"","color":""},{"label":"38","value":"EU 38","price":"","pimage":"","pimage_id":"","pthumb":"","color":""},{"label":"38.5","value":"EU 38.5","price":"","pimage":"","pimage_id":"","pthumb":"","color":""},{"label":"39","value":"EU 39","price":"","pimage":"","pimage_id":"","pthumb":"","color":""},{"label":"39.5","value":"EU 39.5","price":"","pimage":"","pimage_id":"","pthumb":"","color":""},{"label":"40","value":"EU 40","price":"","pimage":"","pimage_id":"","pthumb":"","color":""},{"label":"40.5","value":"EU 40.5","price":"","pimage":"","pimage_id":"","pthumb":"","color":""},{"label":" 41.5","value":"EU 41.5","price":"","pimage":"","pimage_id":"","pthumb":"","color":""},{"label":"42","value":"EU 42","price":"","pimage":"","pimage_id":"","pthumb":"","color":""},{"label":"42.5","value":"EU 42.5","price":"","pimage":"","pimage_id":"","pthumb":"","color":""},{"label":"43.5","value":"EU 43.5","price":"","pimage":"","pimage_id":"","pthumb":"","color":""},{"label":"44","value":"EU 44","price":"","pimage":"","pimage_id":"","pthumb":"","color":""},{"label":"44.5","value":"EU 44.5","price":"","pimage":"","pimage_id":"","pthumb":"","color":""},{"label":"45","value":"EU 45","price":"","pimage":"","pimage_id":"","pthumb":"","color":""}],"relations":[{"operator":false,"rules":[]}],"form_id":184311,"form_rules":{"pric_cal_option_once":false,"exclude_from_discount":false,"pric_use_as_fee":false,"fee_label":"Fee","render_after_acb":false,"disp_hide_options_price":false}}]},"yoast_head":"<!-- This site is optimized with the Yoast SEO plugin v26.5 - https:\/\/yoast.com\/wordpress\/plugins\/seo\/ -->\n<title>ASICS Court FF 3 &#039;Steel Blue Lime&#039;  - Tourcruiser PTE. LTD<\/title>\n<meta name=\"robots\" content=\"index, follow, max-snippet:-1, max-image-preview:large, max-video-preview:-1\" \/>\n<link rel=\"canonical\" href=\"https:\/\/tourcruiser.com\/de\/products\/asics-court-ff-3-steel-blue-lime\/\" \/>\n<meta property=\"og:locale\" content=\"de_DE\" \/>\n<meta property=\"og:type\" content=\"article\" \/>\n<meta property=\"og:title\" content=\"ASICS Court FF 3 &#039;Steel Blue Lime&#039;  - Tourcruiser PTE. LTD\" \/>\n<meta property=\"og:description\" content=\"ASICS Court FF 3 \u201d\u201d BLUE\/WHITE\" \/>\n<meta property=\"og:url\" content=\"https:\/\/tourcruiser.com\/de\/products\/asics-court-ff-3-steel-blue-lime\/\" \/>\n<meta property=\"og:site_name\" content=\"Tourcruiser Sneaker Store\" \/>\n<meta property=\"article:modified_time\" content=\"2026-03-27T18:06:56+00:00\" \/>\n<meta name=\"twitter:card\" content=\"summary_large_image\" \/>\n<meta name=\"twitter:image\" content=\"https:\/\/images.novelship.com\/product\/asics_court_ff_3__steel_blue_lime__1041a370-400_0_34206.jpeg;https:\/\/images.novelship.com\/product\/asics_court_ff_3__steel_blue_lime__1041a370-400_1_34206.jpeg;https:\/\/images.novelship.com\/product\/asics_court_ff_3__steel_blue_lime__1041a370-400_2_34206.jpeg;https:\/\/images.novelship.com\/product\/asics_court_ff_3__steel_blue_lime__1041a370-400_3_34206.jpeg;https:\/\/images.novelship.com\/product\/asics_court_ff_3__steel_blue_lime__1041a370-400_4_34206.jpeg;https:\/\/images.novelship.com\/product\/asics_court_ff_3__steel_blue_lime__1041a370-400_5_34206.jpeg;https:\/\/images.novelship.com\/product\/asics_court_ff_3__steel_blue_lime__1041a370-400_6_34206.jpeg\" \/>\n<script type=\"application\/ld+json\" class=\"yoast-schema-graph\">{\"@context\":\"https:\/\/schema.org\",\"@graph\":[{\"@type\":\"WebPage\",\"@id\":\"https:\/\/tourcruiser.com\/de\/products\/asics-court-ff-3-steel-blue-lime\/\",\"url\":\"https:\/\/tourcruiser.com\/de\/products\/asics-court-ff-3-steel-blue-lime\/\",\"name\":\"ASICS Court FF 3 'Steel Blue Lime' - Tourcruiser PTE. LTD\",\"isPartOf\":{\"@id\":\"https:\/\/tourcruiser.com\/de\/#website\"},\"primaryImageOfPage\":{\"@id\":\"https:\/\/tourcruiser.com\/de\/products\/asics-court-ff-3-steel-blue-lime\/#primaryimage\"},\"image\":{\"@id\":\"https:\/\/tourcruiser.com\/de\/products\/asics-court-ff-3-steel-blue-lime\/#primaryimage\"},\"thumbnailUrl\":\"https:\/\/images.novelship.com\/product\/asics_court_ff_3__steel_blue_lime__1041a370-400_0_34206.jpeg;https:\/\/images.novelship.com\/product\/asics_court_ff_3__steel_blue_lime__1041a370-400_1_34206.jpeg;https:\/\/images.novelship.com\/product\/asics_court_ff_3__steel_blue_lime__1041a370-400_2_34206.jpeg;https:\/\/images.novelship.com\/product\/asics_court_ff_3__steel_blue_lime__1041a370-400_3_34206.jpeg;https:\/\/images.novelship.com\/product\/asics_court_ff_3__steel_blue_lime__1041a370-400_4_34206.jpeg;https:\/\/images.novelship.com\/product\/asics_court_ff_3__steel_blue_lime__1041a370-400_5_34206.jpeg;https:\/\/images.novelship.com\/product\/asics_court_ff_3__steel_blue_lime__1041a370-400_6_34206.jpeg\",\"datePublished\":\"2026-03-02T08:24:25+00:00\",\"dateModified\":\"2026-03-27T18:06:56+00:00\",\"breadcrumb\":{\"@id\":\"https:\/\/tourcruiser.com\/de\/products\/asics-court-ff-3-steel-blue-lime\/#breadcrumb\"},\"inLanguage\":\"de\",\"potentialAction\":[{\"@type\":\"ReadAction\",\"target\":[\"https:\/\/tourcruiser.com\/de\/products\/asics-court-ff-3-steel-blue-lime\/\"]}]},{\"@type\":\"ImageObject\",\"inLanguage\":\"de\",\"@id\":\"https:\/\/tourcruiser.com\/de\/products\/asics-court-ff-3-steel-blue-lime\/#primaryimage\",\"url\":\"https:\/\/images.novelship.com\/product\/asics_court_ff_3__steel_blue_lime__1041a370-400_0_34206.jpeg;https:\/\/images.novelship.com\/product\/asics_court_ff_3__steel_blue_lime__1041a370-400_1_34206.jpeg;https:\/\/images.novelship.com\/product\/asics_court_ff_3__steel_blue_lime__1041a370-400_2_34206.jpeg;https:\/\/images.novelship.com\/product\/asics_court_ff_3__steel_blue_lime__1041a370-400_3_34206.jpeg;https:\/\/images.novelship.com\/product\/asics_court_ff_3__steel_blue_lime__1041a370-400_4_34206.jpeg;https:\/\/images.novelship.com\/product\/asics_court_ff_3__steel_blue_lime__1041a370-400_5_34206.jpeg;https:\/\/images.novelship.com\/product\/asics_court_ff_3__steel_blue_lime__1041a370-400_6_34206.jpeg\",\"contentUrl\":\"https:\/\/images.novelship.com\/product\/asics_court_ff_3__steel_blue_lime__1041a370-400_0_34206.jpeg;https:\/\/images.novelship.com\/product\/asics_court_ff_3__steel_blue_lime__1041a370-400_1_34206.jpeg;https:\/\/images.novelship.com\/product\/asics_court_ff_3__steel_blue_lime__1041a370-400_2_34206.jpeg;https:\/\/images.novelship.com\/product\/asics_court_ff_3__steel_blue_lime__1041a370-400_3_34206.jpeg;https:\/\/images.novelship.com\/product\/asics_court_ff_3__steel_blue_lime__1041a370-400_4_34206.jpeg;https:\/\/images.novelship.com\/product\/asics_court_ff_3__steel_blue_lime__1041a370-400_5_34206.jpeg;https:\/\/images.novelship.com\/product\/asics_court_ff_3__steel_blue_lime__1041a370-400_6_34206.jpeg\"},{\"@type\":\"BreadcrumbList\",\"@id\":\"https:\/\/tourcruiser.com\/de\/products\/asics-court-ff-3-steel-blue-lime\/#breadcrumb\",\"itemListElement\":[{\"@type\":\"ListItem\",\"position\":1,\"name\":\"Home\",\"item\":\"https:\/\/tourcruiser.com\/de\/\"},{\"@type\":\"ListItem\",\"position\":2,\"name\":\"Shop\",\"item\":\"https:\/\/tourcruiser.com\/de\/shop\/\"},{\"@type\":\"ListItem\",\"position\":3,\"name\":\"ASICS Court FF 3 'Steel Blue Lime'\"}]},{\"@type\":\"WebSite\",\"@id\":\"https:\/\/tourcruiser.com\/de\/#website\",\"url\":\"https:\/\/tourcruiser.com\/de\/\",\"name\":\"Styloral Jewelry Shop\",\"description\":\"Tourcruiser Sneaker Store \u2014 der Ort, an dem das Universum deine Einzigartigkeit trifft.\",\"publisher\":{\"@id\":\"https:\/\/tourcruiser.com\/de\/#organization\"},\"potentialAction\":[{\"@type\":\"SearchAction\",\"target\":{\"@type\":\"EntryPoint\",\"urlTemplate\":\"https:\/\/tourcruiser.com\/de\/?s={search_term_string}\"},\"query-input\":{\"@type\":\"PropertyValueSpecification\",\"valueRequired\":true,\"valueName\":\"search_term_string\"}}],\"inLanguage\":\"de\"},{\"@type\":\"Organization\",\"@id\":\"https:\/\/tourcruiser.com\/de\/#organization\",\"name\":\"STYLORAL PTE. LTD\",\"url\":\"https:\/\/tourcruiser.com\/de\/\",\"logo\":{\"@type\":\"ImageObject\",\"inLanguage\":\"de\",\"@id\":\"https:\/\/tourcruiser.com\/de\/#\/schema\/logo\/image\/\",\"url\":\"https:\/\/www.tourcruiser.com\/wp-content\/uploads\/2025\/12\/logo.png\",\"contentUrl\":\"https:\/\/www.tourcruiser.com\/wp-content\/uploads\/2025\/12\/logo.png\",\"width\":200,\"height\":65,\"caption\":\"STYLORAL PTE. LTD\"},\"image\":{\"@id\":\"https:\/\/tourcruiser.com\/de\/#\/schema\/logo\/image\/\"}}]}<\/script>\n<!-- \/ Yoast SEO plugin. -->","yoast_head_json":{"title":"ASICS Court FF 3 'Steel Blue Lime'  - Tourcruiser PTE. LTD","robots":{"index":"index","follow":"follow","max-snippet":"max-snippet:-1","max-image-preview":"max-image-preview:large","max-video-preview":"max-video-preview:-1"},"canonical":"https:\/\/tourcruiser.com\/de\/products\/asics-court-ff-3-steel-blue-lime\/","og_locale":"de_DE","og_type":"article","og_title":"ASICS Court FF 3 'Steel Blue Lime'  - Tourcruiser PTE. LTD","og_description":"ASICS Court FF 3 \u201d\u201d BLUE\/WHITE","og_url":"https:\/\/tourcruiser.com\/de\/products\/asics-court-ff-3-steel-blue-lime\/","og_site_name":"Tourcruiser Sneaker Store","article_modified_time":"2026-03-27T18:06:56+00:00","twitter_card":"summary_large_image","twitter_image":"https:\/\/images.novelship.com\/product\/asics_court_ff_3__steel_blue_lime__1041a370-400_0_34206.jpeg;https:\/\/images.novelship.com\/product\/asics_court_ff_3__steel_blue_lime__1041a370-400_1_34206.jpeg;https:\/\/images.novelship.com\/product\/asics_court_ff_3__steel_blue_lime__1041a370-400_2_34206.jpeg;https:\/\/images.novelship.com\/product\/asics_court_ff_3__steel_blue_lime__1041a370-400_3_34206.jpeg;https:\/\/images.novelship.com\/product\/asics_court_ff_3__steel_blue_lime__1041a370-400_4_34206.jpeg;https:\/\/images.novelship.com\/product\/asics_court_ff_3__steel_blue_lime__1041a370-400_5_34206.jpeg;https:\/\/images.novelship.com\/product\/asics_court_ff_3__steel_blue_lime__1041a370-400_6_34206.jpeg","schema":{"@context":"https:\/\/schema.org","@graph":[{"@type":"WebPage","@id":"https:\/\/tourcruiser.com\/de\/products\/asics-court-ff-3-steel-blue-lime\/","url":"https:\/\/tourcruiser.com\/de\/products\/asics-court-ff-3-steel-blue-lime\/","name":"ASICS Court FF 3 'Steel Blue Lime' - Tourcruiser PTE. LTD","isPartOf":{"@id":"https:\/\/tourcruiser.com\/de\/#website"},"primaryImageOfPage":{"@id":"https:\/\/tourcruiser.com\/de\/products\/asics-court-ff-3-steel-blue-lime\/#primaryimage"},"image":{"@id":"https:\/\/tourcruiser.com\/de\/products\/asics-court-ff-3-steel-blue-lime\/#primaryimage"},"thumbnailUrl":"https:\/\/images.novelship.com\/product\/asics_court_ff_3__steel_blue_lime__1041a370-400_0_34206.jpeg;https:\/\/images.novelship.com\/product\/asics_court_ff_3__steel_blue_lime__1041a370-400_1_34206.jpeg;https:\/\/images.novelship.com\/product\/asics_court_ff_3__steel_blue_lime__1041a370-400_2_34206.jpeg;https:\/\/images.novelship.com\/product\/asics_court_ff_3__steel_blue_lime__1041a370-400_3_34206.jpeg;https:\/\/images.novelship.com\/product\/asics_court_ff_3__steel_blue_lime__1041a370-400_4_34206.jpeg;https:\/\/images.novelship.com\/product\/asics_court_ff_3__steel_blue_lime__1041a370-400_5_34206.jpeg;https:\/\/images.novelship.com\/product\/asics_court_ff_3__steel_blue_lime__1041a370-400_6_34206.jpeg","datePublished":"2026-03-02T08:24:25+00:00","dateModified":"2026-03-27T18:06:56+00:00","breadcrumb":{"@id":"https:\/\/tourcruiser.com\/de\/products\/asics-court-ff-3-steel-blue-lime\/#breadcrumb"},"inLanguage":"de","potentialAction":[{"@type":"ReadAction","target":["https:\/\/tourcruiser.com\/de\/products\/asics-court-ff-3-steel-blue-lime\/"]}]},{"@type":"ImageObject","inLanguage":"de","@id":"https:\/\/tourcruiser.com\/de\/products\/asics-court-ff-3-steel-blue-lime\/#primaryimage","url":"https:\/\/images.novelship.com\/product\/asics_court_ff_3__steel_blue_lime__1041a370-400_0_34206.jpeg;https:\/\/images.novelship.com\/product\/asics_court_ff_3__steel_blue_lime__1041a370-400_1_34206.jpeg;https:\/\/images.novelship.com\/product\/asics_court_ff_3__steel_blue_lime__1041a370-400_2_34206.jpeg;https:\/\/images.novelship.com\/product\/asics_court_ff_3__steel_blue_lime__1041a370-400_3_34206.jpeg;https:\/\/images.novelship.com\/product\/asics_court_ff_3__steel_blue_lime__1041a370-400_4_34206.jpeg;https:\/\/images.novelship.com\/product\/asics_court_ff_3__steel_blue_lime__1041a370-400_5_34206.jpeg;https:\/\/images.novelship.com\/product\/asics_court_ff_3__steel_blue_lime__1041a370-400_6_34206.jpeg","contentUrl":"https:\/\/images.novelship.com\/product\/asics_court_ff_3__steel_blue_lime__1041a370-400_0_34206.jpeg;https:\/\/images.novelship.com\/product\/asics_court_ff_3__steel_blue_lime__1041a370-400_1_34206.jpeg;https:\/\/images.novelship.com\/product\/asics_court_ff_3__steel_blue_lime__1041a370-400_2_34206.jpeg;https:\/\/images.novelship.com\/product\/asics_court_ff_3__steel_blue_lime__1041a370-400_3_34206.jpeg;https:\/\/images.novelship.com\/product\/asics_court_ff_3__steel_blue_lime__1041a370-400_4_34206.jpeg;https:\/\/images.novelship.com\/product\/asics_court_ff_3__steel_blue_lime__1041a370-400_5_34206.jpeg;https:\/\/images.novelship.com\/product\/asics_court_ff_3__steel_blue_lime__1041a370-400_6_34206.jpeg"},{"@type":"BreadcrumbList","@id":"https:\/\/tourcruiser.com\/de\/products\/asics-court-ff-3-steel-blue-lime\/#breadcrumb","itemListElement":[{"@type":"ListItem","position":1,"name":"Home","item":"https:\/\/tourcruiser.com\/de\/"},{"@type":"ListItem","position":2,"name":"Shop","item":"https:\/\/tourcruiser.com\/de\/shop\/"},{"@type":"ListItem","position":3,"name":"ASICS Court FF 3 'Steel Blue Lime'"}]},{"@type":"WebSite","@id":"https:\/\/tourcruiser.com\/de\/#website","url":"https:\/\/tourcruiser.com\/de\/","name":"Styloral Jewelry Shop","description":"Tourcruiser Sneaker Store \u2014 der Ort, an dem das Universum deine Einzigartigkeit trifft.","publisher":{"@id":"https:\/\/tourcruiser.com\/de\/#organization"},"potentialAction":[{"@type":"SearchAction","target":{"@type":"EntryPoint","urlTemplate":"https:\/\/tourcruiser.com\/de\/?s={search_term_string}"},"query-input":{"@type":"PropertyValueSpecification","valueRequired":true,"valueName":"search_term_string"}}],"inLanguage":"de"},{"@type":"Organization","@id":"https:\/\/tourcruiser.com\/de\/#organization","name":"STYLORAL PTE. LTD","url":"https:\/\/tourcruiser.com\/de\/","logo":{"@type":"ImageObject","inLanguage":"de","@id":"https:\/\/tourcruiser.com\/de\/#\/schema\/logo\/image\/","url":"https:\/\/www.tourcruiser.com\/wp-content\/uploads\/2025\/12\/logo.png","contentUrl":"https:\/\/www.tourcruiser.com\/wp-content\/uploads\/2025\/12\/logo.png","width":200,"height":65,"caption":"STYLORAL PTE. LTD"},"image":{"@id":"https:\/\/tourcruiser.com\/de\/#\/schema\/logo\/image\/"}}]}},"_links":{"self":[{"href":"https:\/\/tourcruiser.com\/de\/wp-json\/wp\/v2\/product\/82569","targetHints":{"allow":["GET"]}}],"collection":[{"href":"https:\/\/tourcruiser.com\/de\/wp-json\/wp\/v2\/product"}],"about":[{"href":"https:\/\/tourcruiser.com\/de\/wp-json\/wp\/v2\/types\/product"}],"replies":[{"embeddable":true,"href":"https:\/\/tourcruiser.com\/de\/wp-json\/wp\/v2\/comments?post=82569"}],"wp:featuredmedia":[{"embeddable":true,"href":"https:\/\/tourcruiser.com\/de\/wp-json\/wp\/v2\/media\/82570"}],"wp:attachment":[{"href":"https:\/\/tourcruiser.com\/de\/wp-json\/wp\/v2\/media?parent=82569"}],"wp:term":[{"taxonomy":"product_brand","embeddable":true,"href":"https:\/\/tourcruiser.com\/de\/wp-json\/wp\/v2\/product_brand?post=82569"},{"taxonomy":"product_cat","embeddable":true,"href":"https:\/\/tourcruiser.com\/de\/wp-json\/wp\/v2\/product_cat?post=82569"},{"taxonomy":"product_tag","embeddable":true,"href":"https:\/\/tourcruiser.com\/de\/wp-json\/wp\/v2\/product_tag?post=82569"}],"curies":[{"name":"wp","href":"https:\/\/api.w.org\/{rel}","templated":true}]}}