{"id":8115,"date":"2026-02-20T14:36:43","date_gmt":"2026-02-20T07:36:43","guid":{"rendered":"http:\/\/tourcruiser.com\/product\/dearica-hamby-x-wmns-air-jordan-38-low-sunshine-fv3945-700"},"modified":"2026-03-02T15:25:21","modified_gmt":"2026-03-02T08:25:21","slug":"dearica-hamby-x-wmns-air-jordan-38-low-sunshine-fv3945-700","status":"publish","type":"product","link":"https:\/\/tourcruiser.com\/de\/products\/dearica-hamby-x-wmns-air-jordan-38-low-sunshine-fv3945-700\/","title":{"rendered":"Dearica Hamby x Wmns Jordan 38 Low &#8218;Sunshine&#8216;"},"content":{"rendered":"<p>Verleihe deinem Style mit dem Dearica Hamby x Air Jordan Air 38 Low &#8218;Sunshine&#8216; (Damen) das gewisse Extra! Dieser Sneaker in limitierter Auflage vereint dynamisches Design mit leistungsstarker Technologie. Das Mesh-Obermaterial und die weiche D\u00e4mpfung sorgen f\u00fcr Atmungsaktivit\u00e4t und Komfort. Die markante Farbgebung, inspiriert von Hambys unverkennbarer Energie, setzt \u00fcberall ein Statement. Erlebe unvergleichlichen Style und Funktionalit\u00e4t mit dem Dearica Hamby x Air Jordan Air 38 Low &#8218;Sunshine&#8216;!<\/p>\n<ul>\n<li><strong>Farbgebung:<\/strong> Taxi\/Safety Orange\/Sail\/Tour Yellow<\/li>\n<li><strong>Style-Code:<\/strong> FV3945-700<\/li>\n<li><strong>Obermaterial:<\/strong> Textil<\/li>\n<li><strong>Mittelsohle:<\/strong> Zoom Air<\/li>\n<li><strong>Erscheinungsjahr:<\/strong> 2024<\/li>\n<\/ul>\n","protected":false},"excerpt":{"rendered":"<p>Jordan Air Jordan 38 Low Dearica Hamby Sunshine \u2014 Taxi\/Safety Orange\/Sail\/Tour Yellow<\/p>\n","protected":false},"featured_media":8116,"comment_status":"open","ping_status":"closed","template":"","meta":[],"product_brand":[],"product_cat":[218],"product_tag":[],"class_list":{"0":"post-8115","1":"product","2":"type-product","3":"status-publish","4":"has-post-thumbnail","6":"product_cat-air-jordan-2026","7":"wcpa_has_options","9":"first","10":"instock","11":"taxable","12":"shipping-taxable","13":"purchasable","14":"product-type-simple"},"wcpa_form_fields":{"rules":{"pric_overide_base_price":false,"pric_overide_base_price_if_gt_zero":false,"pric_overide_base_price_fully":false,"pric_cal_option_once":false,"pric_use_as_fee":false,"bind_quantity":false,"quantity_bind_formula":false},"fields":[{"type":"color-group","required":true,"elementId":"wcpa-color-group-66c4a75505e74","label":"Gr\u00f6\u00dfe - EU Gr\u00f6\u00dfe","inline":true,"priceOptions":"different_for_all","pricingType":"fixed","className":"hassizechart product-shoes-size-eu product-shoes-size","name":"color-group-66c4a75505e89","disp_type":"square","selection_type":"tick-border","disp_size":"44","show_label_inside":true,"adjust_width":true,"cart_display_type":"text","other_text":"Other","cl_rule":"show","col":6,"values":[{"label":"35.5","value":"EU 35.5","price":"","pimage":"","pimage_id":"","pthumb":"","color":""},{"label":"36","value":"EU 36","price":"","pimage":"","pimage_id":"","pthumb":"","color":"","selected":true},{"label":"36.5","value":"EU 36.5","price":"","pimage":"","pimage_id":"","pthumb":"","color":""},{"label":"37.5","value":"EU 37.5","price":"","pimage":"","pimage_id":"","pthumb":"","color":""},{"label":"38","value":"EU 38","price":"","pimage":"","pimage_id":"","pthumb":"","color":""},{"label":"38.5","value":"EU 38.5","price":"","pimage":"","pimage_id":"","pthumb":"","color":""},{"label":"39","value":"EU 39","price":"","pimage":"","pimage_id":"","pthumb":"","color":""},{"label":"40","value":"EU 40","price":"","pimage":"","pimage_id":"","pthumb":"","color":""},{"label":"40.5","value":"EU 40.5","price":"","pimage":"","pimage_id":"","pthumb":"","color":""},{"label":"41","value":"EU 41","price":"","pimage":"","pimage_id":"","pthumb":"","color":""},{"label":"42","value":"EU 42","price":"","pimage":"","pimage_id":"","pthumb":"","color":""},{"label":"42.5","value":"EU 42.5","price":"","pimage":"","pimage_id":"","pthumb":"","color":""},{"label":"43","value":"EU 43","price":"","pimage":"","pimage_id":"","pthumb":"","color":""},{"label":"44","value":"EU 44","price":"","pimage":"","pimage_id":"","pthumb":"","color":""},{"label":"44.5","value":"EU 44.5","price":"","pimage":"","pimage_id":"","pthumb":"","color":""},{"label":"45","value":"EU 45","price":"","pimage":"","pimage_id":"","pthumb":"","color":""},{"label":"45.5","value":"EU 45.5","price":"","pimage":"","pimage_id":"","pthumb":"","color":""},{"label":"46","value":"EU 46","price":"","pimage":"","pimage_id":"","pthumb":"","color":""},{"label":"47","value":"EU 47","price":"","pimage":"","pimage_id":"","pthumb":"","color":""},{"label":"47.5","value":"EU 47.5","price":"","pimage":"","pimage_id":"","pthumb":"","color":""},{"label":"48","value":"EU 48","price":"","pimage":"","pimage_id":"","pthumb":"","color":""}],"relations":[{"operator":false,"rules":[]}],"form_id":18106,"form_rules":{"pric_cal_option_once":false,"exclude_from_discount":false,"pric_use_as_fee":false,"fee_label":"Fee","render_after_acb":false,"disp_hide_options_price":false}}]},"yoast_head":"<!-- This site is optimized with the Yoast SEO plugin v26.5 - https:\/\/yoast.com\/wordpress\/plugins\/seo\/ -->\n<title>Dearica Hamby x Wmns Jordan 38 Low &#039;Sunshine&#039; - Tourcruiser PTE. LTD<\/title>\n<meta name=\"robots\" content=\"index, follow, max-snippet:-1, max-image-preview:large, max-video-preview:-1\" \/>\n<link rel=\"canonical\" href=\"https:\/\/tourcruiser.com\/de\/products\/dearica-hamby-x-wmns-air-jordan-38-low-sunshine-fv3945-700\/\" \/>\n<meta property=\"og:locale\" content=\"de_DE\" \/>\n<meta property=\"og:type\" content=\"article\" \/>\n<meta property=\"og:title\" content=\"Dearica Hamby x Wmns Jordan 38 Low &#039;Sunshine&#039; - Tourcruiser PTE. LTD\" \/>\n<meta property=\"og:description\" content=\"Jordan Air Jordan 38 Low Dearica Hamby Sunshine \u2014 Taxi\/Safety Orange\/Sail\/Tour Yellow\" \/>\n<meta property=\"og:url\" content=\"https:\/\/tourcruiser.com\/de\/products\/dearica-hamby-x-wmns-air-jordan-38-low-sunshine-fv3945-700\/\" \/>\n<meta property=\"og:site_name\" content=\"Tourcruiser Sneaker Store\" \/>\n<meta property=\"article:modified_time\" content=\"2026-03-02T08:25:21+00:00\" \/>\n<meta name=\"twitter:card\" content=\"summary_large_image\" \/>\n<meta name=\"twitter:image\" content=\"https:\/\/images.novelship.com\/product\/_women__dearica_hamby_x_air_jordan_air_38_low__sun_0_69808.jpeg\" \/>\n<script type=\"application\/ld+json\" class=\"yoast-schema-graph\">{\"@context\":\"https:\/\/schema.org\",\"@graph\":[{\"@type\":\"WebPage\",\"@id\":\"https:\/\/tourcruiser.com\/de\/products\/dearica-hamby-x-wmns-air-jordan-38-low-sunshine-fv3945-700\/\",\"url\":\"https:\/\/tourcruiser.com\/de\/products\/dearica-hamby-x-wmns-air-jordan-38-low-sunshine-fv3945-700\/\",\"name\":\"Dearica Hamby x Wmns Jordan 38 Low 'Sunshine' - Tourcruiser PTE. LTD\",\"isPartOf\":{\"@id\":\"https:\/\/tourcruiser.com\/de\/#website\"},\"primaryImageOfPage\":{\"@id\":\"https:\/\/tourcruiser.com\/de\/products\/dearica-hamby-x-wmns-air-jordan-38-low-sunshine-fv3945-700\/#primaryimage\"},\"image\":{\"@id\":\"https:\/\/tourcruiser.com\/de\/products\/dearica-hamby-x-wmns-air-jordan-38-low-sunshine-fv3945-700\/#primaryimage\"},\"thumbnailUrl\":\"https:\/\/images.novelship.com\/product\/_women__dearica_hamby_x_air_jordan_air_38_low__sun_0_69808.jpeg\",\"datePublished\":\"2026-02-20T07:36:43+00:00\",\"dateModified\":\"2026-03-02T08:25:21+00:00\",\"breadcrumb\":{\"@id\":\"https:\/\/tourcruiser.com\/de\/products\/dearica-hamby-x-wmns-air-jordan-38-low-sunshine-fv3945-700\/#breadcrumb\"},\"inLanguage\":\"de\",\"potentialAction\":[{\"@type\":\"ReadAction\",\"target\":[\"https:\/\/tourcruiser.com\/de\/products\/dearica-hamby-x-wmns-air-jordan-38-low-sunshine-fv3945-700\/\"]}]},{\"@type\":\"ImageObject\",\"inLanguage\":\"de\",\"@id\":\"https:\/\/tourcruiser.com\/de\/products\/dearica-hamby-x-wmns-air-jordan-38-low-sunshine-fv3945-700\/#primaryimage\",\"url\":\"https:\/\/images.novelship.com\/product\/_women__dearica_hamby_x_air_jordan_air_38_low__sun_0_69808.jpeg\",\"contentUrl\":\"https:\/\/images.novelship.com\/product\/_women__dearica_hamby_x_air_jordan_air_38_low__sun_0_69808.jpeg\"},{\"@type\":\"BreadcrumbList\",\"@id\":\"https:\/\/tourcruiser.com\/de\/products\/dearica-hamby-x-wmns-air-jordan-38-low-sunshine-fv3945-700\/#breadcrumb\",\"itemListElement\":[{\"@type\":\"ListItem\",\"position\":1,\"name\":\"Home\",\"item\":\"https:\/\/tourcruiser.com\/de\/\"},{\"@type\":\"ListItem\",\"position\":2,\"name\":\"Shop\",\"item\":\"https:\/\/tourcruiser.com\/de\/shop\/\"},{\"@type\":\"ListItem\",\"position\":3,\"name\":\"Dearica Hamby x Wmns Jordan 38 Low 'Sunshine'\"}]},{\"@type\":\"WebSite\",\"@id\":\"https:\/\/tourcruiser.com\/de\/#website\",\"url\":\"https:\/\/tourcruiser.com\/de\/\",\"name\":\"Styloral Jewelry Shop\",\"description\":\"Tourcruiser Sneaker Store \u2014 der Ort, an dem das Universum deine Einzigartigkeit trifft.\",\"publisher\":{\"@id\":\"https:\/\/tourcruiser.com\/de\/#organization\"},\"potentialAction\":[{\"@type\":\"SearchAction\",\"target\":{\"@type\":\"EntryPoint\",\"urlTemplate\":\"https:\/\/tourcruiser.com\/de\/?s={search_term_string}\"},\"query-input\":{\"@type\":\"PropertyValueSpecification\",\"valueRequired\":true,\"valueName\":\"search_term_string\"}}],\"inLanguage\":\"de\"},{\"@type\":\"Organization\",\"@id\":\"https:\/\/tourcruiser.com\/de\/#organization\",\"name\":\"STYLORAL PTE. LTD\",\"url\":\"https:\/\/tourcruiser.com\/de\/\",\"logo\":{\"@type\":\"ImageObject\",\"inLanguage\":\"de\",\"@id\":\"https:\/\/tourcruiser.com\/de\/#\/schema\/logo\/image\/\",\"url\":\"https:\/\/www.tourcruiser.com\/wp-content\/uploads\/2025\/12\/logo.png\",\"contentUrl\":\"https:\/\/www.tourcruiser.com\/wp-content\/uploads\/2025\/12\/logo.png\",\"width\":200,\"height\":65,\"caption\":\"STYLORAL PTE. LTD\"},\"image\":{\"@id\":\"https:\/\/tourcruiser.com\/de\/#\/schema\/logo\/image\/\"}}]}<\/script>\n<!-- \/ Yoast SEO plugin. -->","yoast_head_json":{"title":"Dearica Hamby x Wmns Jordan 38 Low 'Sunshine' - Tourcruiser PTE. LTD","robots":{"index":"index","follow":"follow","max-snippet":"max-snippet:-1","max-image-preview":"max-image-preview:large","max-video-preview":"max-video-preview:-1"},"canonical":"https:\/\/tourcruiser.com\/de\/products\/dearica-hamby-x-wmns-air-jordan-38-low-sunshine-fv3945-700\/","og_locale":"de_DE","og_type":"article","og_title":"Dearica Hamby x Wmns Jordan 38 Low 'Sunshine' - Tourcruiser PTE. LTD","og_description":"Jordan Air Jordan 38 Low Dearica Hamby Sunshine \u2014 Taxi\/Safety Orange\/Sail\/Tour Yellow","og_url":"https:\/\/tourcruiser.com\/de\/products\/dearica-hamby-x-wmns-air-jordan-38-low-sunshine-fv3945-700\/","og_site_name":"Tourcruiser Sneaker Store","article_modified_time":"2026-03-02T08:25:21+00:00","twitter_card":"summary_large_image","twitter_image":"https:\/\/images.novelship.com\/product\/_women__dearica_hamby_x_air_jordan_air_38_low__sun_0_69808.jpeg","schema":{"@context":"https:\/\/schema.org","@graph":[{"@type":"WebPage","@id":"https:\/\/tourcruiser.com\/de\/products\/dearica-hamby-x-wmns-air-jordan-38-low-sunshine-fv3945-700\/","url":"https:\/\/tourcruiser.com\/de\/products\/dearica-hamby-x-wmns-air-jordan-38-low-sunshine-fv3945-700\/","name":"Dearica Hamby x Wmns Jordan 38 Low 'Sunshine' - Tourcruiser PTE. LTD","isPartOf":{"@id":"https:\/\/tourcruiser.com\/de\/#website"},"primaryImageOfPage":{"@id":"https:\/\/tourcruiser.com\/de\/products\/dearica-hamby-x-wmns-air-jordan-38-low-sunshine-fv3945-700\/#primaryimage"},"image":{"@id":"https:\/\/tourcruiser.com\/de\/products\/dearica-hamby-x-wmns-air-jordan-38-low-sunshine-fv3945-700\/#primaryimage"},"thumbnailUrl":"https:\/\/images.novelship.com\/product\/_women__dearica_hamby_x_air_jordan_air_38_low__sun_0_69808.jpeg","datePublished":"2026-02-20T07:36:43+00:00","dateModified":"2026-03-02T08:25:21+00:00","breadcrumb":{"@id":"https:\/\/tourcruiser.com\/de\/products\/dearica-hamby-x-wmns-air-jordan-38-low-sunshine-fv3945-700\/#breadcrumb"},"inLanguage":"de","potentialAction":[{"@type":"ReadAction","target":["https:\/\/tourcruiser.com\/de\/products\/dearica-hamby-x-wmns-air-jordan-38-low-sunshine-fv3945-700\/"]}]},{"@type":"ImageObject","inLanguage":"de","@id":"https:\/\/tourcruiser.com\/de\/products\/dearica-hamby-x-wmns-air-jordan-38-low-sunshine-fv3945-700\/#primaryimage","url":"https:\/\/images.novelship.com\/product\/_women__dearica_hamby_x_air_jordan_air_38_low__sun_0_69808.jpeg","contentUrl":"https:\/\/images.novelship.com\/product\/_women__dearica_hamby_x_air_jordan_air_38_low__sun_0_69808.jpeg"},{"@type":"BreadcrumbList","@id":"https:\/\/tourcruiser.com\/de\/products\/dearica-hamby-x-wmns-air-jordan-38-low-sunshine-fv3945-700\/#breadcrumb","itemListElement":[{"@type":"ListItem","position":1,"name":"Home","item":"https:\/\/tourcruiser.com\/de\/"},{"@type":"ListItem","position":2,"name":"Shop","item":"https:\/\/tourcruiser.com\/de\/shop\/"},{"@type":"ListItem","position":3,"name":"Dearica Hamby x Wmns Jordan 38 Low 'Sunshine'"}]},{"@type":"WebSite","@id":"https:\/\/tourcruiser.com\/de\/#website","url":"https:\/\/tourcruiser.com\/de\/","name":"Styloral Jewelry Shop","description":"Tourcruiser Sneaker Store \u2014 der Ort, an dem das Universum deine Einzigartigkeit trifft.","publisher":{"@id":"https:\/\/tourcruiser.com\/de\/#organization"},"potentialAction":[{"@type":"SearchAction","target":{"@type":"EntryPoint","urlTemplate":"https:\/\/tourcruiser.com\/de\/?s={search_term_string}"},"query-input":{"@type":"PropertyValueSpecification","valueRequired":true,"valueName":"search_term_string"}}],"inLanguage":"de"},{"@type":"Organization","@id":"https:\/\/tourcruiser.com\/de\/#organization","name":"STYLORAL PTE. LTD","url":"https:\/\/tourcruiser.com\/de\/","logo":{"@type":"ImageObject","inLanguage":"de","@id":"https:\/\/tourcruiser.com\/de\/#\/schema\/logo\/image\/","url":"https:\/\/www.tourcruiser.com\/wp-content\/uploads\/2025\/12\/logo.png","contentUrl":"https:\/\/www.tourcruiser.com\/wp-content\/uploads\/2025\/12\/logo.png","width":200,"height":65,"caption":"STYLORAL PTE. LTD"},"image":{"@id":"https:\/\/tourcruiser.com\/de\/#\/schema\/logo\/image\/"}}]}},"_links":{"self":[{"href":"https:\/\/tourcruiser.com\/de\/wp-json\/wp\/v2\/product\/8115","targetHints":{"allow":["GET"]}}],"collection":[{"href":"https:\/\/tourcruiser.com\/de\/wp-json\/wp\/v2\/product"}],"about":[{"href":"https:\/\/tourcruiser.com\/de\/wp-json\/wp\/v2\/types\/product"}],"replies":[{"embeddable":true,"href":"https:\/\/tourcruiser.com\/de\/wp-json\/wp\/v2\/comments?post=8115"}],"wp:featuredmedia":[{"embeddable":true,"href":"https:\/\/tourcruiser.com\/de\/wp-json\/wp\/v2\/media\/8116"}],"wp:attachment":[{"href":"https:\/\/tourcruiser.com\/de\/wp-json\/wp\/v2\/media?parent=8115"}],"wp:term":[{"taxonomy":"product_brand","embeddable":true,"href":"https:\/\/tourcruiser.com\/de\/wp-json\/wp\/v2\/product_brand?post=8115"},{"taxonomy":"product_cat","embeddable":true,"href":"https:\/\/tourcruiser.com\/de\/wp-json\/wp\/v2\/product_cat?post=8115"},{"taxonomy":"product_tag","embeddable":true,"href":"https:\/\/tourcruiser.com\/de\/wp-json\/wp\/v2\/product_tag?post=8115"}],"curies":[{"name":"wp","href":"https:\/\/api.w.org\/{rel}","templated":true}]}}