{"id":79007,"date":"2026-03-02T15:23:41","date_gmt":"2026-03-02T08:23:41","guid":{"rendered":"http:\/\/tourcruiser.com\/product\/nike-mercurial-superfly-10-academy-magic-flamingo-total-crimson-black"},"modified":"2026-03-28T01:06:34","modified_gmt":"2026-03-27T18:06:34","slug":"nike-mercurial-superfly-10-academy-magic-flamingo-total-crimson-black","status":"publish","type":"product","link":"https:\/\/tourcruiser.com\/de\/products\/nike-mercurial-superfly-10-academy-magic-flamingo-total-crimson-black\/","title":{"rendered":"Nike Mercurial Superfly 10 Academy Magic Flamingo\/ Total Crimson\/ Black"},"content":{"rendered":"<p>Verbessere dein Spiel mit dem Nike Mercurial Superfly 10 Academy in Magic Flamingo, Total Crimson und Schwarz (FQ1456-600). Diese Fu\u00dfballschuhe wurden f\u00fcr Geschwindigkeit und Pr\u00e4zision entwickelt und verf\u00fcgen \u00fcber einen dynamischen Schaft f\u00fcr nahtlosen Halt und optimale Agilit\u00e4t. Die innovative Sohle sorgt f\u00fcr hervorragende Traktion auf verschiedenen Spielfeldern und ist damit ideal f\u00fcr Spieler, die explosive Leistungen anstreben. Der Mercurial Superfly 10 vereint elegantes Design mit modernster Technologie und ist die perfekte Wahl, um auf dem Platz zu dominieren. Verbessere deine F\u00e4higkeiten und ziehe weltweit alle Blicke auf dich.<\/p>\n<ul>\n<li><strong>Farbgebung:<\/strong> Magic Flamingo\/ Total Crimson\/ Schwarz<\/li>\n<li><strong>Artikelnummer:<\/strong> FQ1456-600<\/li>\n<li><strong>Obermaterial:<\/strong> NikeSkin<\/li>\n<li><strong>Mittelsohle:<\/strong> Zoom Air<\/li>\n<li><strong>Farbe:<\/strong> Pink<\/li>\n<\/ul>\n","protected":false},"excerpt":{"rendered":"<p>Nike Mercurial Superfly 10 Academy \u201d\u201d Magic Flamingo\/ Total Crimson\/ Black<\/p>\n","protected":false},"featured_media":79008,"comment_status":"open","ping_status":"closed","template":"","meta":[],"product_brand":[],"product_cat":[10803],"product_tag":[10799,10800,10801,10802,10986,10987,10758],"class_list":{"0":"post-79007","1":"product","2":"type-product","3":"status-publish","4":"has-post-thumbnail","6":"product_cat-nike","7":"product_tag-ankle-support-basketball-shoes","8":"product_tag-basketball-shoes","9":"product_tag-nike","10":"product_tag-performance-sport-shoes","11":"product_tag-soccer-shoes","12":"product_tag-soccer-shoes-football-cleats","13":"product_tag-under-retail","14":"wcpa_has_options","16":"first","17":"outofstock","18":"taxable","19":"shipping-taxable","20":"purchasable","21":"product-type-simple"},"wcpa_form_fields":{"rules":{"pric_overide_base_price":false,"pric_overide_base_price_if_gt_zero":false,"pric_overide_base_price_fully":false,"pric_cal_option_once":false,"pric_use_as_fee":false,"bind_quantity":false,"quantity_bind_formula":false},"fields":[{"type":"color-group","required":true,"elementId":"wcpa-color-group-66c4a75505e74","label":"Gr\u00f6\u00dfe - EU Gr\u00f6\u00dfe","inline":true,"priceOptions":"different_for_all","pricingType":"fixed","className":"hassizechart product-shoes-size-eu product-shoes-size","name":"color-group-66c4a75505e89","disp_type":"square","selection_type":"tick-border","disp_size":"44","show_label_inside":true,"adjust_width":true,"cart_display_type":"text","other_text":"Other","cl_rule":"show","col":6,"values":[{"label":"35.5","value":"EU 35.5","price":"","pimage":"","pimage_id":"","pthumb":"","color":""},{"label":"36","value":"EU 36","price":"","pimage":"","pimage_id":"","pthumb":"","color":"","selected":true},{"label":"36.5","value":"EU 36.5","price":"","pimage":"","pimage_id":"","pthumb":"","color":""},{"label":"37.5","value":"EU 37.5","price":"","pimage":"","pimage_id":"","pthumb":"","color":""},{"label":"38","value":"EU 38","price":"","pimage":"","pimage_id":"","pthumb":"","color":""},{"label":"38.5","value":"EU 38.5","price":"","pimage":"","pimage_id":"","pthumb":"","color":""},{"label":"39","value":"EU 39","price":"","pimage":"","pimage_id":"","pthumb":"","color":""},{"label":"40","value":"EU 40","price":"","pimage":"","pimage_id":"","pthumb":"","color":""},{"label":"40.5","value":"EU 40.5","price":"","pimage":"","pimage_id":"","pthumb":"","color":""},{"label":"41","value":"EU 41","price":"","pimage":"","pimage_id":"","pthumb":"","color":""},{"label":"42","value":"EU 42","price":"","pimage":"","pimage_id":"","pthumb":"","color":""},{"label":"42.5","value":"EU 42.5","price":"","pimage":"","pimage_id":"","pthumb":"","color":""},{"label":"43","value":"EU 43","price":"","pimage":"","pimage_id":"","pthumb":"","color":""},{"label":"44","value":"EU 44","price":"","pimage":"","pimage_id":"","pthumb":"","color":""},{"label":"44.5","value":"EU 44.5","price":"","pimage":"","pimage_id":"","pthumb":"","color":""},{"label":"45","value":"EU 45","price":"","pimage":"","pimage_id":"","pthumb":"","color":""},{"label":"45.5","value":"EU 45.5","price":"","pimage":"","pimage_id":"","pthumb":"","color":""},{"label":"46","value":"EU 46","price":"","pimage":"","pimage_id":"","pthumb":"","color":""},{"label":"47","value":"EU 47","price":"","pimage":"","pimage_id":"","pthumb":"","color":""},{"label":"47.5","value":"EU 47.5","price":"","pimage":"","pimage_id":"","pthumb":"","color":""},{"label":"48","value":"EU 48","price":"","pimage":"","pimage_id":"","pthumb":"","color":""}],"relations":[{"operator":false,"rules":[]}],"form_id":18106,"form_rules":{"pric_cal_option_once":false,"exclude_from_discount":false,"pric_use_as_fee":false,"fee_label":"Fee","render_after_acb":false,"disp_hide_options_price":false}}]},"yoast_head":"<!-- This site is optimized with the Yoast SEO plugin v26.5 - https:\/\/yoast.com\/wordpress\/plugins\/seo\/ -->\n<title>Nike Mercurial Superfly 10 Academy Magic Flamingo\/ Total Crimson\/ Black  - Tourcruiser PTE. LTD<\/title>\n<meta name=\"robots\" content=\"index, follow, max-snippet:-1, max-image-preview:large, max-video-preview:-1\" \/>\n<link rel=\"canonical\" href=\"https:\/\/tourcruiser.com\/\" \/>\n<meta property=\"og:locale\" content=\"de_DE\" \/>\n<meta property=\"og:type\" content=\"article\" \/>\n<meta property=\"og:title\" content=\"Nike Mercurial Superfly 10 Academy Magic Flamingo\/ Total Crimson\/ Black  - Tourcruiser PTE. LTD\" \/>\n<meta property=\"og:description\" content=\"Nike Mercurial Superfly 10 Academy \u201d\u201d Magic Flamingo\/ Total Crimson\/ Black\" \/>\n<meta property=\"og:url\" content=\"\/\" \/>\n<meta property=\"og:site_name\" content=\"Tourcruiser Sneaker Store\" \/>\n<meta property=\"article:modified_time\" content=\"2026-03-27T18:06:34+00:00\" \/>\n<meta name=\"twitter:card\" content=\"summary_large_image\" \/>\n<meta name=\"twitter:image\" content=\"https:\/\/images.novelship.com\/product\/nike_mercurial_superfly_10_academy_magic_flamingo__0_61812.png;https:\/\/images.novelship.com\/product\/nike_mercurial_superfly_10_academy_magic_flamingo__1_61812.png;https:\/\/images.novelship.com\/product\/nike_mercurial_superfly_10_academy_magic_flamingo__2_61812.png;https:\/\/images.novelship.com\/product\/nike_mercurial_superfly_10_academy_magic_flamingo__3_61812.png;https:\/\/images.novelship.com\/product\/nike_mercurial_superfly_10_academy_magic_flamingo__4_61812.png;https:\/\/images.novelship.com\/product\/nike_mercurial_superfly_10_academy_magic_flamingo__5_61812.png;https:\/\/images.novelship.com\/product\/nike_mercurial_superfly_10_academy_magic_flamingo__6_61812.png;https:\/\/images.novelship.com\/product\/nike_mercurial_superfly_10_academy_magic_flamingo__7_61812.png;https:\/\/images.novelship.com\/product\/nike_mercurial_superfly_10_academy_magic_flamingo__8_61812.png\" \/>\n<meta name=\"twitter:label1\" content=\"Gesch\u00e4tzte Lesezeit\" \/>\n\t<meta name=\"twitter:data1\" content=\"1\u00a0Minute\" \/>\n<script type=\"application\/ld+json\" class=\"yoast-schema-graph\">{\"@context\":\"https:\/\/schema.org\",\"@graph\":[{\"@type\":\"WebPage\",\"@id\":\"\/\",\"url\":\"https:\/\/tourcruiser.com\/\",\"name\":\"Nike Mercurial Superfly 10 Academy Magic Flamingo\/ Total Crimson\/ Black - Tourcruiser PTE. LTD\",\"isPartOf\":{\"@id\":\"https:\/\/tourcruiser.com\/de\/#website\"},\"primaryImageOfPage\":{\"@id\":\"https:\/\/tourcruiser.com\/#primaryimage\"},\"image\":{\"@id\":\"https:\/\/tourcruiser.com\/#primaryimage\"},\"thumbnailUrl\":\"https:\/\/images.novelship.com\/product\/nike_mercurial_superfly_10_academy_magic_flamingo__0_61812.png;https:\/\/images.novelship.com\/product\/nike_mercurial_superfly_10_academy_magic_flamingo__1_61812.png;https:\/\/images.novelship.com\/product\/nike_mercurial_superfly_10_academy_magic_flamingo__2_61812.png;https:\/\/images.novelship.com\/product\/nike_mercurial_superfly_10_academy_magic_flamingo__3_61812.png;https:\/\/images.novelship.com\/product\/nike_mercurial_superfly_10_academy_magic_flamingo__4_61812.png;https:\/\/images.novelship.com\/product\/nike_mercurial_superfly_10_academy_magic_flamingo__5_61812.png;https:\/\/images.novelship.com\/product\/nike_mercurial_superfly_10_academy_magic_flamingo__6_61812.png;https:\/\/images.novelship.com\/product\/nike_mercurial_superfly_10_academy_magic_flamingo__7_61812.png;https:\/\/images.novelship.com\/product\/nike_mercurial_superfly_10_academy_magic_flamingo__8_61812.png\",\"datePublished\":\"2026-03-02T08:23:41+00:00\",\"dateModified\":\"2026-03-27T18:06:34+00:00\",\"breadcrumb\":{\"@id\":\"https:\/\/tourcruiser.com\/#breadcrumb\"},\"inLanguage\":\"de\",\"potentialAction\":[{\"@type\":\"ReadAction\",\"target\":[\"https:\/\/tourcruiser.com\/\"]}]},{\"@type\":\"ImageObject\",\"inLanguage\":\"de\",\"@id\":\"https:\/\/tourcruiser.com\/#primaryimage\",\"url\":\"https:\/\/images.novelship.com\/product\/nike_mercurial_superfly_10_academy_magic_flamingo__0_61812.png;https:\/\/images.novelship.com\/product\/nike_mercurial_superfly_10_academy_magic_flamingo__1_61812.png;https:\/\/images.novelship.com\/product\/nike_mercurial_superfly_10_academy_magic_flamingo__2_61812.png;https:\/\/images.novelship.com\/product\/nike_mercurial_superfly_10_academy_magic_flamingo__3_61812.png;https:\/\/images.novelship.com\/product\/nike_mercurial_superfly_10_academy_magic_flamingo__4_61812.png;https:\/\/images.novelship.com\/product\/nike_mercurial_superfly_10_academy_magic_flamingo__5_61812.png;https:\/\/images.novelship.com\/product\/nike_mercurial_superfly_10_academy_magic_flamingo__6_61812.png;https:\/\/images.novelship.com\/product\/nike_mercurial_superfly_10_academy_magic_flamingo__7_61812.png;https:\/\/images.novelship.com\/product\/nike_mercurial_superfly_10_academy_magic_flamingo__8_61812.png\",\"contentUrl\":\"https:\/\/images.novelship.com\/product\/nike_mercurial_superfly_10_academy_magic_flamingo__0_61812.png;https:\/\/images.novelship.com\/product\/nike_mercurial_superfly_10_academy_magic_flamingo__1_61812.png;https:\/\/images.novelship.com\/product\/nike_mercurial_superfly_10_academy_magic_flamingo__2_61812.png;https:\/\/images.novelship.com\/product\/nike_mercurial_superfly_10_academy_magic_flamingo__3_61812.png;https:\/\/images.novelship.com\/product\/nike_mercurial_superfly_10_academy_magic_flamingo__4_61812.png;https:\/\/images.novelship.com\/product\/nike_mercurial_superfly_10_academy_magic_flamingo__5_61812.png;https:\/\/images.novelship.com\/product\/nike_mercurial_superfly_10_academy_magic_flamingo__6_61812.png;https:\/\/images.novelship.com\/product\/nike_mercurial_superfly_10_academy_magic_flamingo__7_61812.png;https:\/\/images.novelship.com\/product\/nike_mercurial_superfly_10_academy_magic_flamingo__8_61812.png\"},{\"@type\":\"BreadcrumbList\",\"@id\":\"https:\/\/tourcruiser.com\/#breadcrumb\",\"itemListElement\":[{\"@type\":\"ListItem\",\"position\":1,\"name\":\"Home\",\"item\":\"https:\/\/tourcruiser.com\/de\/\"},{\"@type\":\"ListItem\",\"position\":2,\"name\":\"Shop\",\"item\":\"https:\/\/tourcruiser.com\/de\/shop\/\"},{\"@type\":\"ListItem\",\"position\":3,\"name\":\"Nike Mercurial Superfly 10 Academy Magic Flamingo\/ Total Crimson\/ Black\"}]},{\"@type\":\"WebSite\",\"@id\":\"https:\/\/tourcruiser.com\/de\/#website\",\"url\":\"https:\/\/tourcruiser.com\/de\/\",\"name\":\"Styloral Jewelry Shop\",\"description\":\"Tourcruiser Sneaker Store \u2014 der Ort, an dem das Universum deine Einzigartigkeit trifft.\",\"publisher\":{\"@id\":\"https:\/\/tourcruiser.com\/de\/#organization\"},\"potentialAction\":[{\"@type\":\"SearchAction\",\"target\":{\"@type\":\"EntryPoint\",\"urlTemplate\":\"https:\/\/tourcruiser.com\/de\/?s={search_term_string}\"},\"query-input\":{\"@type\":\"PropertyValueSpecification\",\"valueRequired\":true,\"valueName\":\"search_term_string\"}}],\"inLanguage\":\"de\"},{\"@type\":\"Organization\",\"@id\":\"https:\/\/tourcruiser.com\/de\/#organization\",\"name\":\"STYLORAL PTE. LTD\",\"url\":\"https:\/\/tourcruiser.com\/de\/\",\"logo\":{\"@type\":\"ImageObject\",\"inLanguage\":\"de\",\"@id\":\"https:\/\/tourcruiser.com\/de\/#\/schema\/logo\/image\/\",\"url\":\"https:\/\/www.tourcruiser.com\/wp-content\/uploads\/2025\/12\/logo.png\",\"contentUrl\":\"https:\/\/www.tourcruiser.com\/wp-content\/uploads\/2025\/12\/logo.png\",\"width\":200,\"height\":65,\"caption\":\"STYLORAL PTE. LTD\"},\"image\":{\"@id\":\"https:\/\/tourcruiser.com\/de\/#\/schema\/logo\/image\/\"}}]}<\/script>\n<!-- \/ Yoast SEO plugin. -->","yoast_head_json":{"title":"Nike Mercurial Superfly 10 Academy Magic Flamingo\/ Total Crimson\/ Black  - Tourcruiser PTE. LTD","robots":{"index":"index","follow":"follow","max-snippet":"max-snippet:-1","max-image-preview":"max-image-preview:large","max-video-preview":"max-video-preview:-1"},"canonical":"https:\/\/tourcruiser.com\/","og_locale":"de_DE","og_type":"article","og_title":"Nike Mercurial Superfly 10 Academy Magic Flamingo\/ Total Crimson\/ Black  - Tourcruiser PTE. LTD","og_description":"Nike Mercurial Superfly 10 Academy \u201d\u201d Magic Flamingo\/ Total Crimson\/ Black","og_url":"\/","og_site_name":"Tourcruiser Sneaker Store","article_modified_time":"2026-03-27T18:06:34+00:00","twitter_card":"summary_large_image","twitter_image":"https:\/\/images.novelship.com\/product\/nike_mercurial_superfly_10_academy_magic_flamingo__0_61812.png;https:\/\/images.novelship.com\/product\/nike_mercurial_superfly_10_academy_magic_flamingo__1_61812.png;https:\/\/images.novelship.com\/product\/nike_mercurial_superfly_10_academy_magic_flamingo__2_61812.png;https:\/\/images.novelship.com\/product\/nike_mercurial_superfly_10_academy_magic_flamingo__3_61812.png;https:\/\/images.novelship.com\/product\/nike_mercurial_superfly_10_academy_magic_flamingo__4_61812.png;https:\/\/images.novelship.com\/product\/nike_mercurial_superfly_10_academy_magic_flamingo__5_61812.png;https:\/\/images.novelship.com\/product\/nike_mercurial_superfly_10_academy_magic_flamingo__6_61812.png;https:\/\/images.novelship.com\/product\/nike_mercurial_superfly_10_academy_magic_flamingo__7_61812.png;https:\/\/images.novelship.com\/product\/nike_mercurial_superfly_10_academy_magic_flamingo__8_61812.png","twitter_misc":{"Gesch\u00e4tzte Lesezeit":"1\u00a0Minute"},"schema":{"@context":"https:\/\/schema.org","@graph":[{"@type":"WebPage","@id":"\/","url":"https:\/\/tourcruiser.com\/","name":"Nike Mercurial Superfly 10 Academy Magic Flamingo\/ Total Crimson\/ Black - Tourcruiser PTE. LTD","isPartOf":{"@id":"https:\/\/tourcruiser.com\/de\/#website"},"primaryImageOfPage":{"@id":"https:\/\/tourcruiser.com\/#primaryimage"},"image":{"@id":"https:\/\/tourcruiser.com\/#primaryimage"},"thumbnailUrl":"https:\/\/images.novelship.com\/product\/nike_mercurial_superfly_10_academy_magic_flamingo__0_61812.png;https:\/\/images.novelship.com\/product\/nike_mercurial_superfly_10_academy_magic_flamingo__1_61812.png;https:\/\/images.novelship.com\/product\/nike_mercurial_superfly_10_academy_magic_flamingo__2_61812.png;https:\/\/images.novelship.com\/product\/nike_mercurial_superfly_10_academy_magic_flamingo__3_61812.png;https:\/\/images.novelship.com\/product\/nike_mercurial_superfly_10_academy_magic_flamingo__4_61812.png;https:\/\/images.novelship.com\/product\/nike_mercurial_superfly_10_academy_magic_flamingo__5_61812.png;https:\/\/images.novelship.com\/product\/nike_mercurial_superfly_10_academy_magic_flamingo__6_61812.png;https:\/\/images.novelship.com\/product\/nike_mercurial_superfly_10_academy_magic_flamingo__7_61812.png;https:\/\/images.novelship.com\/product\/nike_mercurial_superfly_10_academy_magic_flamingo__8_61812.png","datePublished":"2026-03-02T08:23:41+00:00","dateModified":"2026-03-27T18:06:34+00:00","breadcrumb":{"@id":"https:\/\/tourcruiser.com\/#breadcrumb"},"inLanguage":"de","potentialAction":[{"@type":"ReadAction","target":["https:\/\/tourcruiser.com\/"]}]},{"@type":"ImageObject","inLanguage":"de","@id":"https:\/\/tourcruiser.com\/#primaryimage","url":"https:\/\/images.novelship.com\/product\/nike_mercurial_superfly_10_academy_magic_flamingo__0_61812.png;https:\/\/images.novelship.com\/product\/nike_mercurial_superfly_10_academy_magic_flamingo__1_61812.png;https:\/\/images.novelship.com\/product\/nike_mercurial_superfly_10_academy_magic_flamingo__2_61812.png;https:\/\/images.novelship.com\/product\/nike_mercurial_superfly_10_academy_magic_flamingo__3_61812.png;https:\/\/images.novelship.com\/product\/nike_mercurial_superfly_10_academy_magic_flamingo__4_61812.png;https:\/\/images.novelship.com\/product\/nike_mercurial_superfly_10_academy_magic_flamingo__5_61812.png;https:\/\/images.novelship.com\/product\/nike_mercurial_superfly_10_academy_magic_flamingo__6_61812.png;https:\/\/images.novelship.com\/product\/nike_mercurial_superfly_10_academy_magic_flamingo__7_61812.png;https:\/\/images.novelship.com\/product\/nike_mercurial_superfly_10_academy_magic_flamingo__8_61812.png","contentUrl":"https:\/\/images.novelship.com\/product\/nike_mercurial_superfly_10_academy_magic_flamingo__0_61812.png;https:\/\/images.novelship.com\/product\/nike_mercurial_superfly_10_academy_magic_flamingo__1_61812.png;https:\/\/images.novelship.com\/product\/nike_mercurial_superfly_10_academy_magic_flamingo__2_61812.png;https:\/\/images.novelship.com\/product\/nike_mercurial_superfly_10_academy_magic_flamingo__3_61812.png;https:\/\/images.novelship.com\/product\/nike_mercurial_superfly_10_academy_magic_flamingo__4_61812.png;https:\/\/images.novelship.com\/product\/nike_mercurial_superfly_10_academy_magic_flamingo__5_61812.png;https:\/\/images.novelship.com\/product\/nike_mercurial_superfly_10_academy_magic_flamingo__6_61812.png;https:\/\/images.novelship.com\/product\/nike_mercurial_superfly_10_academy_magic_flamingo__7_61812.png;https:\/\/images.novelship.com\/product\/nike_mercurial_superfly_10_academy_magic_flamingo__8_61812.png"},{"@type":"BreadcrumbList","@id":"https:\/\/tourcruiser.com\/#breadcrumb","itemListElement":[{"@type":"ListItem","position":1,"name":"Home","item":"https:\/\/tourcruiser.com\/de\/"},{"@type":"ListItem","position":2,"name":"Shop","item":"https:\/\/tourcruiser.com\/de\/shop\/"},{"@type":"ListItem","position":3,"name":"Nike Mercurial Superfly 10 Academy Magic Flamingo\/ Total Crimson\/ Black"}]},{"@type":"WebSite","@id":"https:\/\/tourcruiser.com\/de\/#website","url":"https:\/\/tourcruiser.com\/de\/","name":"Styloral Jewelry Shop","description":"Tourcruiser Sneaker Store \u2014 der Ort, an dem das Universum deine Einzigartigkeit trifft.","publisher":{"@id":"https:\/\/tourcruiser.com\/de\/#organization"},"potentialAction":[{"@type":"SearchAction","target":{"@type":"EntryPoint","urlTemplate":"https:\/\/tourcruiser.com\/de\/?s={search_term_string}"},"query-input":{"@type":"PropertyValueSpecification","valueRequired":true,"valueName":"search_term_string"}}],"inLanguage":"de"},{"@type":"Organization","@id":"https:\/\/tourcruiser.com\/de\/#organization","name":"STYLORAL PTE. LTD","url":"https:\/\/tourcruiser.com\/de\/","logo":{"@type":"ImageObject","inLanguage":"de","@id":"https:\/\/tourcruiser.com\/de\/#\/schema\/logo\/image\/","url":"https:\/\/www.tourcruiser.com\/wp-content\/uploads\/2025\/12\/logo.png","contentUrl":"https:\/\/www.tourcruiser.com\/wp-content\/uploads\/2025\/12\/logo.png","width":200,"height":65,"caption":"STYLORAL PTE. LTD"},"image":{"@id":"https:\/\/tourcruiser.com\/de\/#\/schema\/logo\/image\/"}}]}},"_links":{"self":[{"href":"https:\/\/tourcruiser.com\/de\/wp-json\/wp\/v2\/product\/79007","targetHints":{"allow":["GET"]}}],"collection":[{"href":"https:\/\/tourcruiser.com\/de\/wp-json\/wp\/v2\/product"}],"about":[{"href":"https:\/\/tourcruiser.com\/de\/wp-json\/wp\/v2\/types\/product"}],"replies":[{"embeddable":true,"href":"https:\/\/tourcruiser.com\/de\/wp-json\/wp\/v2\/comments?post=79007"}],"wp:featuredmedia":[{"embeddable":true,"href":"https:\/\/tourcruiser.com\/de\/wp-json\/wp\/v2\/media\/79008"}],"wp:attachment":[{"href":"https:\/\/tourcruiser.com\/de\/wp-json\/wp\/v2\/media?parent=79007"}],"wp:term":[{"taxonomy":"product_brand","embeddable":true,"href":"https:\/\/tourcruiser.com\/de\/wp-json\/wp\/v2\/product_brand?post=79007"},{"taxonomy":"product_cat","embeddable":true,"href":"https:\/\/tourcruiser.com\/de\/wp-json\/wp\/v2\/product_cat?post=79007"},{"taxonomy":"product_tag","embeddable":true,"href":"https:\/\/tourcruiser.com\/de\/wp-json\/wp\/v2\/product_tag?post=79007"}],"curies":[{"name":"wp","href":"https:\/\/api.w.org\/{rel}","templated":true}]}}