{"id":7700,"date":"2026-02-20T14:35:33","date_gmt":"2026-02-20T07:35:33","guid":{"rendered":"http:\/\/tourcruiser.com\/product\/solefly-x-formula-1-x-wmns-jordan-stadium-90-miami-grand-prix-pack-white-aqua-fb2269-100-solefly"},"modified":"2026-03-28T00:23:36","modified_gmt":"2026-03-27T17:23:36","slug":"solefly-x-formula-1-x-wmns-jordan-stadium-90-miami-grand-prix-pack-white-aqua-fb2269-100-solefly","status":"publish","type":"product","link":"https:\/\/tourcruiser.com\/de\/products\/solefly-x-formula-1-x-wmns-jordan-stadium-90-miami-grand-prix-pack-white-aqua-fb2269-100-solefly\/","title":{"rendered":"SoleFly x Formula 1 x Wmns Jordan Stadium 90 &#8218;Miami Grand Prix Pack &#8211; White Aqua&#8216;"},"content":{"rendered":"<p>Wir pr\u00e4sentieren den Air Jordan SoleFly x Formula 1 x Stadium 90 \u201eMiami Grand Prix Pack \u2013 White Aqua\u201c f\u00fcr Damen! Dieses exklusive Pack vereint ikonische Elemente von Jordan Brand, der Formel 1 und SoleFly. Die Sneaker in strahlendem Wei\u00df und Aquamarin bestechen durch eine einzigartige, von der Formel 1 inspirierte \u00c4sthetik. Dank der hochwertigen Lederverarbeitung bieten sie Komfort und Style gleicherma\u00dfen. Erleben Sie den Nervenkitzel der Rennstrecke und die Welt von Jordan mit diesem limitierten Pack. Sichern Sie sich Ihr Paar noch heute bei SoleFly Miami!<\/p>\n<p>Style-Code: FB2269-100-SOLEFLY<br \/>\nObermaterial: Leder<br \/>\nZwischensohle: Formula 23<br \/>\nFarbe: Wei\u00df<br \/>\nErscheinungsjahr: 2024<\/p>\n","protected":false},"excerpt":{"rendered":"<p>(W) Jordan SoleFly Formula 1 Stadium 90 &#8218;Miami Grand Prix Pack &#8211; White Aqua&#8216;<\/p>\n","protected":false},"featured_media":7701,"comment_status":"open","ping_status":"closed","template":"","meta":[],"product_brand":[],"product_cat":[218],"product_tag":[],"class_list":{"0":"post-7700","1":"product","2":"type-product","3":"status-publish","4":"has-post-thumbnail","6":"product_cat-air-jordan-2026","7":"wcpa_has_options","9":"first","10":"outofstock","11":"taxable","12":"shipping-taxable","13":"purchasable","14":"product-type-simple"},"wcpa_form_fields":{"rules":{"pric_overide_base_price":false,"pric_overide_base_price_if_gt_zero":false,"pric_overide_base_price_fully":false,"pric_cal_option_once":false,"pric_use_as_fee":false,"bind_quantity":false,"quantity_bind_formula":false},"fields":[{"type":"color-group","required":true,"elementId":"wcpa-color-group-66c4a75505e74","label":"Gr\u00f6\u00dfe - EU Gr\u00f6\u00dfe","inline":true,"priceOptions":"different_for_all","pricingType":"fixed","className":"hassizechart product-shoes-size-eu product-shoes-size","name":"color-group-66c4a75505e89","disp_type":"square","selection_type":"tick-border","disp_size":"44","show_label_inside":true,"adjust_width":true,"cart_display_type":"text","other_text":"Other","cl_rule":"show","col":6,"values":[{"label":"35.5","value":"EU 35.5","price":"","pimage":"","pimage_id":"","pthumb":"","color":""},{"label":"36","value":"EU 36","price":"","pimage":"","pimage_id":"","pthumb":"","color":"","selected":true},{"label":"36.5","value":"EU 36.5","price":"","pimage":"","pimage_id":"","pthumb":"","color":""},{"label":"37.5","value":"EU 37.5","price":"","pimage":"","pimage_id":"","pthumb":"","color":""},{"label":"38","value":"EU 38","price":"","pimage":"","pimage_id":"","pthumb":"","color":""},{"label":"38.5","value":"EU 38.5","price":"","pimage":"","pimage_id":"","pthumb":"","color":""},{"label":"39","value":"EU 39","price":"","pimage":"","pimage_id":"","pthumb":"","color":""},{"label":"40","value":"EU 40","price":"","pimage":"","pimage_id":"","pthumb":"","color":""},{"label":"40.5","value":"EU 40.5","price":"","pimage":"","pimage_id":"","pthumb":"","color":""},{"label":"41","value":"EU 41","price":"","pimage":"","pimage_id":"","pthumb":"","color":""},{"label":"42","value":"EU 42","price":"","pimage":"","pimage_id":"","pthumb":"","color":""},{"label":"42.5","value":"EU 42.5","price":"","pimage":"","pimage_id":"","pthumb":"","color":""},{"label":"43","value":"EU 43","price":"","pimage":"","pimage_id":"","pthumb":"","color":""},{"label":"44","value":"EU 44","price":"","pimage":"","pimage_id":"","pthumb":"","color":""},{"label":"44.5","value":"EU 44.5","price":"","pimage":"","pimage_id":"","pthumb":"","color":""},{"label":"45","value":"EU 45","price":"","pimage":"","pimage_id":"","pthumb":"","color":""},{"label":"45.5","value":"EU 45.5","price":"","pimage":"","pimage_id":"","pthumb":"","color":""},{"label":"46","value":"EU 46","price":"","pimage":"","pimage_id":"","pthumb":"","color":""},{"label":"47","value":"EU 47","price":"","pimage":"","pimage_id":"","pthumb":"","color":""},{"label":"47.5","value":"EU 47.5","price":"","pimage":"","pimage_id":"","pthumb":"","color":""},{"label":"48","value":"EU 48","price":"","pimage":"","pimage_id":"","pthumb":"","color":""}],"relations":[{"operator":false,"rules":[]}],"form_id":18106,"form_rules":{"pric_cal_option_once":false,"exclude_from_discount":false,"pric_use_as_fee":false,"fee_label":"Fee","render_after_acb":false,"disp_hide_options_price":false}}]},"yoast_head":"<!-- This site is optimized with the Yoast SEO plugin v26.5 - https:\/\/yoast.com\/wordpress\/plugins\/seo\/ -->\n<title>SoleFly x Formula 1 x Wmns Jordan Stadium 90 &#039;Miami Grand Prix Pack - White Aqua&#039; - Tourcruiser PTE. LTD<\/title>\n<meta name=\"robots\" content=\"index, follow, max-snippet:-1, max-image-preview:large, max-video-preview:-1\" \/>\n<link rel=\"canonical\" href=\"https:\/\/tourcruiser.com\/de\/products\/solefly-x-formula-1-x-wmns-jordan-stadium-90-miami-grand-prix-pack-white-aqua-fb2269-100-solefly\/\" \/>\n<meta property=\"og:locale\" content=\"de_DE\" \/>\n<meta property=\"og:type\" content=\"article\" \/>\n<meta property=\"og:title\" content=\"SoleFly x Formula 1 x Wmns Jordan Stadium 90 &#039;Miami Grand Prix Pack - White Aqua&#039; - Tourcruiser PTE. LTD\" \/>\n<meta property=\"og:description\" content=\"(W) Jordan SoleFly Formula 1 Stadium 90 &#039;Miami Grand Prix Pack - White Aqua&#039;\" \/>\n<meta property=\"og:url\" content=\"https:\/\/tourcruiser.com\/de\/products\/solefly-x-formula-1-x-wmns-jordan-stadium-90-miami-grand-prix-pack-white-aqua-fb2269-100-solefly\/\" \/>\n<meta property=\"og:site_name\" content=\"Tourcruiser Sneaker Store\" \/>\n<meta property=\"article:modified_time\" content=\"2026-03-27T17:23:36+00:00\" \/>\n<meta name=\"twitter:card\" content=\"summary_large_image\" \/>\n<meta name=\"twitter:image\" content=\"https:\/\/images.novelship.com\/product\/_women__air_jordan_solefly_x_formula_1_x_stadium_9_0_42564.png\" \/>\n<script type=\"application\/ld+json\" class=\"yoast-schema-graph\">{\"@context\":\"https:\/\/schema.org\",\"@graph\":[{\"@type\":\"WebPage\",\"@id\":\"https:\/\/tourcruiser.com\/de\/products\/solefly-x-formula-1-x-wmns-jordan-stadium-90-miami-grand-prix-pack-white-aqua-fb2269-100-solefly\/\",\"url\":\"https:\/\/tourcruiser.com\/de\/products\/solefly-x-formula-1-x-wmns-jordan-stadium-90-miami-grand-prix-pack-white-aqua-fb2269-100-solefly\/\",\"name\":\"SoleFly x Formula 1 x Wmns Jordan Stadium 90 'Miami Grand Prix Pack - White Aqua' - Tourcruiser PTE. LTD\",\"isPartOf\":{\"@id\":\"https:\/\/tourcruiser.com\/de\/#website\"},\"primaryImageOfPage\":{\"@id\":\"https:\/\/tourcruiser.com\/de\/products\/solefly-x-formula-1-x-wmns-jordan-stadium-90-miami-grand-prix-pack-white-aqua-fb2269-100-solefly\/#primaryimage\"},\"image\":{\"@id\":\"https:\/\/tourcruiser.com\/de\/products\/solefly-x-formula-1-x-wmns-jordan-stadium-90-miami-grand-prix-pack-white-aqua-fb2269-100-solefly\/#primaryimage\"},\"thumbnailUrl\":\"https:\/\/images.novelship.com\/product\/_women__air_jordan_solefly_x_formula_1_x_stadium_9_0_42564.png\",\"datePublished\":\"2026-02-20T07:35:33+00:00\",\"dateModified\":\"2026-03-27T17:23:36+00:00\",\"breadcrumb\":{\"@id\":\"https:\/\/tourcruiser.com\/de\/products\/solefly-x-formula-1-x-wmns-jordan-stadium-90-miami-grand-prix-pack-white-aqua-fb2269-100-solefly\/#breadcrumb\"},\"inLanguage\":\"de\",\"potentialAction\":[{\"@type\":\"ReadAction\",\"target\":[\"https:\/\/tourcruiser.com\/de\/products\/solefly-x-formula-1-x-wmns-jordan-stadium-90-miami-grand-prix-pack-white-aqua-fb2269-100-solefly\/\"]}]},{\"@type\":\"ImageObject\",\"inLanguage\":\"de\",\"@id\":\"https:\/\/tourcruiser.com\/de\/products\/solefly-x-formula-1-x-wmns-jordan-stadium-90-miami-grand-prix-pack-white-aqua-fb2269-100-solefly\/#primaryimage\",\"url\":\"https:\/\/images.novelship.com\/product\/_women__air_jordan_solefly_x_formula_1_x_stadium_9_0_42564.png\",\"contentUrl\":\"https:\/\/images.novelship.com\/product\/_women__air_jordan_solefly_x_formula_1_x_stadium_9_0_42564.png\"},{\"@type\":\"BreadcrumbList\",\"@id\":\"https:\/\/tourcruiser.com\/de\/products\/solefly-x-formula-1-x-wmns-jordan-stadium-90-miami-grand-prix-pack-white-aqua-fb2269-100-solefly\/#breadcrumb\",\"itemListElement\":[{\"@type\":\"ListItem\",\"position\":1,\"name\":\"Home\",\"item\":\"https:\/\/tourcruiser.com\/de\/\"},{\"@type\":\"ListItem\",\"position\":2,\"name\":\"Shop\",\"item\":\"https:\/\/tourcruiser.com\/de\/shop\/\"},{\"@type\":\"ListItem\",\"position\":3,\"name\":\"SoleFly x Formula 1 x Wmns Jordan Stadium 90 'Miami Grand Prix Pack - White Aqua'\"}]},{\"@type\":\"WebSite\",\"@id\":\"https:\/\/tourcruiser.com\/de\/#website\",\"url\":\"https:\/\/tourcruiser.com\/de\/\",\"name\":\"Styloral Jewelry Shop\",\"description\":\"Tourcruiser Sneaker Store \u2014 der Ort, an dem das Universum deine Einzigartigkeit trifft.\",\"publisher\":{\"@id\":\"https:\/\/tourcruiser.com\/de\/#organization\"},\"potentialAction\":[{\"@type\":\"SearchAction\",\"target\":{\"@type\":\"EntryPoint\",\"urlTemplate\":\"https:\/\/tourcruiser.com\/de\/?s={search_term_string}\"},\"query-input\":{\"@type\":\"PropertyValueSpecification\",\"valueRequired\":true,\"valueName\":\"search_term_string\"}}],\"inLanguage\":\"de\"},{\"@type\":\"Organization\",\"@id\":\"https:\/\/tourcruiser.com\/de\/#organization\",\"name\":\"STYLORAL PTE. LTD\",\"url\":\"https:\/\/tourcruiser.com\/de\/\",\"logo\":{\"@type\":\"ImageObject\",\"inLanguage\":\"de\",\"@id\":\"https:\/\/tourcruiser.com\/de\/#\/schema\/logo\/image\/\",\"url\":\"https:\/\/www.tourcruiser.com\/wp-content\/uploads\/2025\/12\/logo.png\",\"contentUrl\":\"https:\/\/www.tourcruiser.com\/wp-content\/uploads\/2025\/12\/logo.png\",\"width\":200,\"height\":65,\"caption\":\"STYLORAL PTE. LTD\"},\"image\":{\"@id\":\"https:\/\/tourcruiser.com\/de\/#\/schema\/logo\/image\/\"}}]}<\/script>\n<!-- \/ Yoast SEO plugin. -->","yoast_head_json":{"title":"SoleFly x Formula 1 x Wmns Jordan Stadium 90 'Miami Grand Prix Pack - White Aqua' - Tourcruiser PTE. LTD","robots":{"index":"index","follow":"follow","max-snippet":"max-snippet:-1","max-image-preview":"max-image-preview:large","max-video-preview":"max-video-preview:-1"},"canonical":"https:\/\/tourcruiser.com\/de\/products\/solefly-x-formula-1-x-wmns-jordan-stadium-90-miami-grand-prix-pack-white-aqua-fb2269-100-solefly\/","og_locale":"de_DE","og_type":"article","og_title":"SoleFly x Formula 1 x Wmns Jordan Stadium 90 'Miami Grand Prix Pack - White Aqua' - Tourcruiser PTE. LTD","og_description":"(W) Jordan SoleFly Formula 1 Stadium 90 'Miami Grand Prix Pack - White Aqua'","og_url":"https:\/\/tourcruiser.com\/de\/products\/solefly-x-formula-1-x-wmns-jordan-stadium-90-miami-grand-prix-pack-white-aqua-fb2269-100-solefly\/","og_site_name":"Tourcruiser Sneaker Store","article_modified_time":"2026-03-27T17:23:36+00:00","twitter_card":"summary_large_image","twitter_image":"https:\/\/images.novelship.com\/product\/_women__air_jordan_solefly_x_formula_1_x_stadium_9_0_42564.png","schema":{"@context":"https:\/\/schema.org","@graph":[{"@type":"WebPage","@id":"https:\/\/tourcruiser.com\/de\/products\/solefly-x-formula-1-x-wmns-jordan-stadium-90-miami-grand-prix-pack-white-aqua-fb2269-100-solefly\/","url":"https:\/\/tourcruiser.com\/de\/products\/solefly-x-formula-1-x-wmns-jordan-stadium-90-miami-grand-prix-pack-white-aqua-fb2269-100-solefly\/","name":"SoleFly x Formula 1 x Wmns Jordan Stadium 90 'Miami Grand Prix Pack - White Aqua' - Tourcruiser PTE. LTD","isPartOf":{"@id":"https:\/\/tourcruiser.com\/de\/#website"},"primaryImageOfPage":{"@id":"https:\/\/tourcruiser.com\/de\/products\/solefly-x-formula-1-x-wmns-jordan-stadium-90-miami-grand-prix-pack-white-aqua-fb2269-100-solefly\/#primaryimage"},"image":{"@id":"https:\/\/tourcruiser.com\/de\/products\/solefly-x-formula-1-x-wmns-jordan-stadium-90-miami-grand-prix-pack-white-aqua-fb2269-100-solefly\/#primaryimage"},"thumbnailUrl":"https:\/\/images.novelship.com\/product\/_women__air_jordan_solefly_x_formula_1_x_stadium_9_0_42564.png","datePublished":"2026-02-20T07:35:33+00:00","dateModified":"2026-03-27T17:23:36+00:00","breadcrumb":{"@id":"https:\/\/tourcruiser.com\/de\/products\/solefly-x-formula-1-x-wmns-jordan-stadium-90-miami-grand-prix-pack-white-aqua-fb2269-100-solefly\/#breadcrumb"},"inLanguage":"de","potentialAction":[{"@type":"ReadAction","target":["https:\/\/tourcruiser.com\/de\/products\/solefly-x-formula-1-x-wmns-jordan-stadium-90-miami-grand-prix-pack-white-aqua-fb2269-100-solefly\/"]}]},{"@type":"ImageObject","inLanguage":"de","@id":"https:\/\/tourcruiser.com\/de\/products\/solefly-x-formula-1-x-wmns-jordan-stadium-90-miami-grand-prix-pack-white-aqua-fb2269-100-solefly\/#primaryimage","url":"https:\/\/images.novelship.com\/product\/_women__air_jordan_solefly_x_formula_1_x_stadium_9_0_42564.png","contentUrl":"https:\/\/images.novelship.com\/product\/_women__air_jordan_solefly_x_formula_1_x_stadium_9_0_42564.png"},{"@type":"BreadcrumbList","@id":"https:\/\/tourcruiser.com\/de\/products\/solefly-x-formula-1-x-wmns-jordan-stadium-90-miami-grand-prix-pack-white-aqua-fb2269-100-solefly\/#breadcrumb","itemListElement":[{"@type":"ListItem","position":1,"name":"Home","item":"https:\/\/tourcruiser.com\/de\/"},{"@type":"ListItem","position":2,"name":"Shop","item":"https:\/\/tourcruiser.com\/de\/shop\/"},{"@type":"ListItem","position":3,"name":"SoleFly x Formula 1 x Wmns Jordan Stadium 90 'Miami Grand Prix Pack - White Aqua'"}]},{"@type":"WebSite","@id":"https:\/\/tourcruiser.com\/de\/#website","url":"https:\/\/tourcruiser.com\/de\/","name":"Styloral Jewelry Shop","description":"Tourcruiser Sneaker Store \u2014 der Ort, an dem das Universum deine Einzigartigkeit trifft.","publisher":{"@id":"https:\/\/tourcruiser.com\/de\/#organization"},"potentialAction":[{"@type":"SearchAction","target":{"@type":"EntryPoint","urlTemplate":"https:\/\/tourcruiser.com\/de\/?s={search_term_string}"},"query-input":{"@type":"PropertyValueSpecification","valueRequired":true,"valueName":"search_term_string"}}],"inLanguage":"de"},{"@type":"Organization","@id":"https:\/\/tourcruiser.com\/de\/#organization","name":"STYLORAL PTE. LTD","url":"https:\/\/tourcruiser.com\/de\/","logo":{"@type":"ImageObject","inLanguage":"de","@id":"https:\/\/tourcruiser.com\/de\/#\/schema\/logo\/image\/","url":"https:\/\/www.tourcruiser.com\/wp-content\/uploads\/2025\/12\/logo.png","contentUrl":"https:\/\/www.tourcruiser.com\/wp-content\/uploads\/2025\/12\/logo.png","width":200,"height":65,"caption":"STYLORAL PTE. LTD"},"image":{"@id":"https:\/\/tourcruiser.com\/de\/#\/schema\/logo\/image\/"}}]}},"_links":{"self":[{"href":"https:\/\/tourcruiser.com\/de\/wp-json\/wp\/v2\/product\/7700","targetHints":{"allow":["GET"]}}],"collection":[{"href":"https:\/\/tourcruiser.com\/de\/wp-json\/wp\/v2\/product"}],"about":[{"href":"https:\/\/tourcruiser.com\/de\/wp-json\/wp\/v2\/types\/product"}],"replies":[{"embeddable":true,"href":"https:\/\/tourcruiser.com\/de\/wp-json\/wp\/v2\/comments?post=7700"}],"wp:featuredmedia":[{"embeddable":true,"href":"https:\/\/tourcruiser.com\/de\/wp-json\/wp\/v2\/media\/7701"}],"wp:attachment":[{"href":"https:\/\/tourcruiser.com\/de\/wp-json\/wp\/v2\/media?parent=7700"}],"wp:term":[{"taxonomy":"product_brand","embeddable":true,"href":"https:\/\/tourcruiser.com\/de\/wp-json\/wp\/v2\/product_brand?post=7700"},{"taxonomy":"product_cat","embeddable":true,"href":"https:\/\/tourcruiser.com\/de\/wp-json\/wp\/v2\/product_cat?post=7700"},{"taxonomy":"product_tag","embeddable":true,"href":"https:\/\/tourcruiser.com\/de\/wp-json\/wp\/v2\/product_tag?post=7700"}],"curies":[{"name":"wp","href":"https:\/\/api.w.org\/{rel}","templated":true}]}}