{"id":7696,"date":"2026-02-20T14:35:31","date_gmt":"2026-02-20T07:35:31","guid":{"rendered":"http:\/\/tourcruiser.com\/product\/solefly-x-formula-1-x-jordan-stadium-90-miami-grand-prix-pack-white-black-hf5258-102-solefly"},"modified":"2026-03-28T00:23:35","modified_gmt":"2026-03-27T17:23:35","slug":"solefly-x-formula-1-x-jordan-stadium-90-miami-grand-prix-pack-white-black-hf5258-102-solefly","status":"publish","type":"product","link":"https:\/\/tourcruiser.com\/de\/products\/solefly-x-formula-1-x-jordan-stadium-90-miami-grand-prix-pack-white-black-hf5258-102-solefly\/","title":{"rendered":"SoleFly x Formula 1 x Jordan Stadium 90 &#8218;Miami Grand Prix Pack &#8211; White Black&#8216;"},"content":{"rendered":"<p>Mit dem aufregenden Air Jordan SoleFly x Formula 1 x Stadium 90 \u201eMiami Grand Prix Pack \u2013 White Black\u201c erlebst du Fahrspa\u00df pur! Dieser exklusive Sneaker in limitierter Auflage vereint die ikonischen Designs zweier legend\u00e4rer Marken und bietet unvergleichlichen Style und Rennsport-Flair. Das strahlend wei\u00dfe Leder-Obermaterial und die kontrastierenden schwarzen Akzente verk\u00f6rpern Siegergeist, w\u00e4hrend das markante SoleFly-Branding und die Formel-1-Grafiken die Performance auf h\u00f6chstem Niveau w\u00fcrdigen. Erlebe ultimative Geschwindigkeit und Style mit diesem Must-have-Sammlerst\u00fcck f\u00fcr Sneakerheads und Formel-1-Fans.<\/p>\n<ul>\n<li><strong>Style-Code:<\/strong> HF5258-102-SOLEFLY<\/li>\n<li><strong>Obermaterial:<\/strong> Leder<\/li>\n<li><strong>Zwischensohle:<\/strong> Formula 23<\/li>\n<li><strong>Farbe:<\/strong> Wei\u00df<\/li>\n<li><strong>Erscheinungsjahr:<\/strong> 2024<\/li>\n<\/ul>\n","protected":false},"excerpt":{"rendered":"<p>Jordan SoleFly Formula 1 Stadium 90 &#8218;Miami Grand Prix Pack &#8211; White Black&#8216;<\/p>\n","protected":false},"featured_media":7697,"comment_status":"open","ping_status":"closed","template":"","meta":[],"product_brand":[],"product_cat":[218],"product_tag":[],"class_list":{"0":"post-7696","1":"product","2":"type-product","3":"status-publish","4":"has-post-thumbnail","6":"product_cat-air-jordan-2026","7":"wcpa_has_options","9":"first","10":"outofstock","11":"taxable","12":"shipping-taxable","13":"purchasable","14":"product-type-simple"},"wcpa_form_fields":{"rules":{"pric_overide_base_price":false,"pric_overide_base_price_if_gt_zero":false,"pric_overide_base_price_fully":false,"pric_cal_option_once":false,"pric_use_as_fee":false,"bind_quantity":false,"quantity_bind_formula":false},"fields":[{"type":"color-group","required":true,"elementId":"wcpa-color-group-66c4a75505e74","label":"Gr\u00f6\u00dfe - EU Gr\u00f6\u00dfe","inline":true,"priceOptions":"different_for_all","pricingType":"fixed","className":"hassizechart product-shoes-size-eu product-shoes-size","name":"color-group-66c4a75505e89","disp_type":"square","selection_type":"tick-border","disp_size":"44","show_label_inside":true,"adjust_width":true,"cart_display_type":"text","other_text":"Other","cl_rule":"show","col":6,"values":[{"label":"35.5","value":"EU 35.5","price":"","pimage":"","pimage_id":"","pthumb":"","color":""},{"label":"36","value":"EU 36","price":"","pimage":"","pimage_id":"","pthumb":"","color":"","selected":true},{"label":"36.5","value":"EU 36.5","price":"","pimage":"","pimage_id":"","pthumb":"","color":""},{"label":"37.5","value":"EU 37.5","price":"","pimage":"","pimage_id":"","pthumb":"","color":""},{"label":"38","value":"EU 38","price":"","pimage":"","pimage_id":"","pthumb":"","color":""},{"label":"38.5","value":"EU 38.5","price":"","pimage":"","pimage_id":"","pthumb":"","color":""},{"label":"39","value":"EU 39","price":"","pimage":"","pimage_id":"","pthumb":"","color":""},{"label":"40","value":"EU 40","price":"","pimage":"","pimage_id":"","pthumb":"","color":""},{"label":"40.5","value":"EU 40.5","price":"","pimage":"","pimage_id":"","pthumb":"","color":""},{"label":"41","value":"EU 41","price":"","pimage":"","pimage_id":"","pthumb":"","color":""},{"label":"42","value":"EU 42","price":"","pimage":"","pimage_id":"","pthumb":"","color":""},{"label":"42.5","value":"EU 42.5","price":"","pimage":"","pimage_id":"","pthumb":"","color":""},{"label":"43","value":"EU 43","price":"","pimage":"","pimage_id":"","pthumb":"","color":""},{"label":"44","value":"EU 44","price":"","pimage":"","pimage_id":"","pthumb":"","color":""},{"label":"44.5","value":"EU 44.5","price":"","pimage":"","pimage_id":"","pthumb":"","color":""},{"label":"45","value":"EU 45","price":"","pimage":"","pimage_id":"","pthumb":"","color":""},{"label":"45.5","value":"EU 45.5","price":"","pimage":"","pimage_id":"","pthumb":"","color":""},{"label":"46","value":"EU 46","price":"","pimage":"","pimage_id":"","pthumb":"","color":""},{"label":"47","value":"EU 47","price":"","pimage":"","pimage_id":"","pthumb":"","color":""},{"label":"47.5","value":"EU 47.5","price":"","pimage":"","pimage_id":"","pthumb":"","color":""},{"label":"48","value":"EU 48","price":"","pimage":"","pimage_id":"","pthumb":"","color":""}],"relations":[{"operator":false,"rules":[]}],"form_id":18106,"form_rules":{"pric_cal_option_once":false,"exclude_from_discount":false,"pric_use_as_fee":false,"fee_label":"Fee","render_after_acb":false,"disp_hide_options_price":false}}]},"yoast_head":"<!-- This site is optimized with the Yoast SEO plugin v26.5 - https:\/\/yoast.com\/wordpress\/plugins\/seo\/ -->\n<title>SoleFly x Formula 1 x Jordan Stadium 90 &#039;Miami Grand Prix Pack - White Black&#039; - Tourcruiser PTE. LTD<\/title>\n<meta name=\"robots\" content=\"index, follow, max-snippet:-1, max-image-preview:large, max-video-preview:-1\" \/>\n<link rel=\"canonical\" href=\"https:\/\/tourcruiser.com\/de\/products\/solefly-x-formula-1-x-jordan-stadium-90-miami-grand-prix-pack-white-black-hf5258-102-solefly\/\" \/>\n<meta property=\"og:locale\" content=\"de_DE\" \/>\n<meta property=\"og:type\" content=\"article\" \/>\n<meta property=\"og:title\" content=\"SoleFly x Formula 1 x Jordan Stadium 90 &#039;Miami Grand Prix Pack - White Black&#039; - Tourcruiser PTE. LTD\" \/>\n<meta property=\"og:description\" content=\"Jordan SoleFly Formula 1 Stadium 90 &#039;Miami Grand Prix Pack - White Black&#039;\" \/>\n<meta property=\"og:url\" content=\"https:\/\/tourcruiser.com\/de\/products\/solefly-x-formula-1-x-jordan-stadium-90-miami-grand-prix-pack-white-black-hf5258-102-solefly\/\" \/>\n<meta property=\"og:site_name\" content=\"Tourcruiser Sneaker Store\" \/>\n<meta property=\"article:modified_time\" content=\"2026-03-27T17:23:35+00:00\" \/>\n<meta name=\"twitter:card\" content=\"summary_large_image\" \/>\n<meta name=\"twitter:image\" content=\"https:\/\/images.novelship.com\/product\/air_jordan_solefly_x_formula_1_x_stadium_90__miami_0_16828.png\" \/>\n<script type=\"application\/ld+json\" class=\"yoast-schema-graph\">{\"@context\":\"https:\/\/schema.org\",\"@graph\":[{\"@type\":\"WebPage\",\"@id\":\"https:\/\/tourcruiser.com\/de\/products\/solefly-x-formula-1-x-jordan-stadium-90-miami-grand-prix-pack-white-black-hf5258-102-solefly\/\",\"url\":\"https:\/\/tourcruiser.com\/de\/products\/solefly-x-formula-1-x-jordan-stadium-90-miami-grand-prix-pack-white-black-hf5258-102-solefly\/\",\"name\":\"SoleFly x Formula 1 x Jordan Stadium 90 'Miami Grand Prix Pack - White Black' - Tourcruiser PTE. LTD\",\"isPartOf\":{\"@id\":\"https:\/\/tourcruiser.com\/de\/#website\"},\"primaryImageOfPage\":{\"@id\":\"https:\/\/tourcruiser.com\/de\/products\/solefly-x-formula-1-x-jordan-stadium-90-miami-grand-prix-pack-white-black-hf5258-102-solefly\/#primaryimage\"},\"image\":{\"@id\":\"https:\/\/tourcruiser.com\/de\/products\/solefly-x-formula-1-x-jordan-stadium-90-miami-grand-prix-pack-white-black-hf5258-102-solefly\/#primaryimage\"},\"thumbnailUrl\":\"https:\/\/images.novelship.com\/product\/air_jordan_solefly_x_formula_1_x_stadium_90__miami_0_16828.png\",\"datePublished\":\"2026-02-20T07:35:31+00:00\",\"dateModified\":\"2026-03-27T17:23:35+00:00\",\"breadcrumb\":{\"@id\":\"https:\/\/tourcruiser.com\/de\/products\/solefly-x-formula-1-x-jordan-stadium-90-miami-grand-prix-pack-white-black-hf5258-102-solefly\/#breadcrumb\"},\"inLanguage\":\"de\",\"potentialAction\":[{\"@type\":\"ReadAction\",\"target\":[\"https:\/\/tourcruiser.com\/de\/products\/solefly-x-formula-1-x-jordan-stadium-90-miami-grand-prix-pack-white-black-hf5258-102-solefly\/\"]}]},{\"@type\":\"ImageObject\",\"inLanguage\":\"de\",\"@id\":\"https:\/\/tourcruiser.com\/de\/products\/solefly-x-formula-1-x-jordan-stadium-90-miami-grand-prix-pack-white-black-hf5258-102-solefly\/#primaryimage\",\"url\":\"https:\/\/images.novelship.com\/product\/air_jordan_solefly_x_formula_1_x_stadium_90__miami_0_16828.png\",\"contentUrl\":\"https:\/\/images.novelship.com\/product\/air_jordan_solefly_x_formula_1_x_stadium_90__miami_0_16828.png\"},{\"@type\":\"BreadcrumbList\",\"@id\":\"https:\/\/tourcruiser.com\/de\/products\/solefly-x-formula-1-x-jordan-stadium-90-miami-grand-prix-pack-white-black-hf5258-102-solefly\/#breadcrumb\",\"itemListElement\":[{\"@type\":\"ListItem\",\"position\":1,\"name\":\"Home\",\"item\":\"https:\/\/tourcruiser.com\/de\/\"},{\"@type\":\"ListItem\",\"position\":2,\"name\":\"Shop\",\"item\":\"https:\/\/tourcruiser.com\/de\/shop\/\"},{\"@type\":\"ListItem\",\"position\":3,\"name\":\"SoleFly x Formula 1 x Jordan Stadium 90 'Miami Grand Prix Pack - White Black'\"}]},{\"@type\":\"WebSite\",\"@id\":\"https:\/\/tourcruiser.com\/de\/#website\",\"url\":\"https:\/\/tourcruiser.com\/de\/\",\"name\":\"Styloral Jewelry Shop\",\"description\":\"Tourcruiser Sneaker Store \u2014 der Ort, an dem das Universum deine Einzigartigkeit trifft.\",\"publisher\":{\"@id\":\"https:\/\/tourcruiser.com\/de\/#organization\"},\"potentialAction\":[{\"@type\":\"SearchAction\",\"target\":{\"@type\":\"EntryPoint\",\"urlTemplate\":\"https:\/\/tourcruiser.com\/de\/?s={search_term_string}\"},\"query-input\":{\"@type\":\"PropertyValueSpecification\",\"valueRequired\":true,\"valueName\":\"search_term_string\"}}],\"inLanguage\":\"de\"},{\"@type\":\"Organization\",\"@id\":\"https:\/\/tourcruiser.com\/de\/#organization\",\"name\":\"STYLORAL PTE. LTD\",\"url\":\"https:\/\/tourcruiser.com\/de\/\",\"logo\":{\"@type\":\"ImageObject\",\"inLanguage\":\"de\",\"@id\":\"https:\/\/tourcruiser.com\/de\/#\/schema\/logo\/image\/\",\"url\":\"https:\/\/www.tourcruiser.com\/wp-content\/uploads\/2025\/12\/logo.png\",\"contentUrl\":\"https:\/\/www.tourcruiser.com\/wp-content\/uploads\/2025\/12\/logo.png\",\"width\":200,\"height\":65,\"caption\":\"STYLORAL PTE. LTD\"},\"image\":{\"@id\":\"https:\/\/tourcruiser.com\/de\/#\/schema\/logo\/image\/\"}}]}<\/script>\n<!-- \/ Yoast SEO plugin. -->","yoast_head_json":{"title":"SoleFly x Formula 1 x Jordan Stadium 90 'Miami Grand Prix Pack - White Black' - Tourcruiser PTE. LTD","robots":{"index":"index","follow":"follow","max-snippet":"max-snippet:-1","max-image-preview":"max-image-preview:large","max-video-preview":"max-video-preview:-1"},"canonical":"https:\/\/tourcruiser.com\/de\/products\/solefly-x-formula-1-x-jordan-stadium-90-miami-grand-prix-pack-white-black-hf5258-102-solefly\/","og_locale":"de_DE","og_type":"article","og_title":"SoleFly x Formula 1 x Jordan Stadium 90 'Miami Grand Prix Pack - White Black' - Tourcruiser PTE. LTD","og_description":"Jordan SoleFly Formula 1 Stadium 90 'Miami Grand Prix Pack - White Black'","og_url":"https:\/\/tourcruiser.com\/de\/products\/solefly-x-formula-1-x-jordan-stadium-90-miami-grand-prix-pack-white-black-hf5258-102-solefly\/","og_site_name":"Tourcruiser Sneaker Store","article_modified_time":"2026-03-27T17:23:35+00:00","twitter_card":"summary_large_image","twitter_image":"https:\/\/images.novelship.com\/product\/air_jordan_solefly_x_formula_1_x_stadium_90__miami_0_16828.png","schema":{"@context":"https:\/\/schema.org","@graph":[{"@type":"WebPage","@id":"https:\/\/tourcruiser.com\/de\/products\/solefly-x-formula-1-x-jordan-stadium-90-miami-grand-prix-pack-white-black-hf5258-102-solefly\/","url":"https:\/\/tourcruiser.com\/de\/products\/solefly-x-formula-1-x-jordan-stadium-90-miami-grand-prix-pack-white-black-hf5258-102-solefly\/","name":"SoleFly x Formula 1 x Jordan Stadium 90 'Miami Grand Prix Pack - White Black' - Tourcruiser PTE. LTD","isPartOf":{"@id":"https:\/\/tourcruiser.com\/de\/#website"},"primaryImageOfPage":{"@id":"https:\/\/tourcruiser.com\/de\/products\/solefly-x-formula-1-x-jordan-stadium-90-miami-grand-prix-pack-white-black-hf5258-102-solefly\/#primaryimage"},"image":{"@id":"https:\/\/tourcruiser.com\/de\/products\/solefly-x-formula-1-x-jordan-stadium-90-miami-grand-prix-pack-white-black-hf5258-102-solefly\/#primaryimage"},"thumbnailUrl":"https:\/\/images.novelship.com\/product\/air_jordan_solefly_x_formula_1_x_stadium_90__miami_0_16828.png","datePublished":"2026-02-20T07:35:31+00:00","dateModified":"2026-03-27T17:23:35+00:00","breadcrumb":{"@id":"https:\/\/tourcruiser.com\/de\/products\/solefly-x-formula-1-x-jordan-stadium-90-miami-grand-prix-pack-white-black-hf5258-102-solefly\/#breadcrumb"},"inLanguage":"de","potentialAction":[{"@type":"ReadAction","target":["https:\/\/tourcruiser.com\/de\/products\/solefly-x-formula-1-x-jordan-stadium-90-miami-grand-prix-pack-white-black-hf5258-102-solefly\/"]}]},{"@type":"ImageObject","inLanguage":"de","@id":"https:\/\/tourcruiser.com\/de\/products\/solefly-x-formula-1-x-jordan-stadium-90-miami-grand-prix-pack-white-black-hf5258-102-solefly\/#primaryimage","url":"https:\/\/images.novelship.com\/product\/air_jordan_solefly_x_formula_1_x_stadium_90__miami_0_16828.png","contentUrl":"https:\/\/images.novelship.com\/product\/air_jordan_solefly_x_formula_1_x_stadium_90__miami_0_16828.png"},{"@type":"BreadcrumbList","@id":"https:\/\/tourcruiser.com\/de\/products\/solefly-x-formula-1-x-jordan-stadium-90-miami-grand-prix-pack-white-black-hf5258-102-solefly\/#breadcrumb","itemListElement":[{"@type":"ListItem","position":1,"name":"Home","item":"https:\/\/tourcruiser.com\/de\/"},{"@type":"ListItem","position":2,"name":"Shop","item":"https:\/\/tourcruiser.com\/de\/shop\/"},{"@type":"ListItem","position":3,"name":"SoleFly x Formula 1 x Jordan Stadium 90 'Miami Grand Prix Pack - White Black'"}]},{"@type":"WebSite","@id":"https:\/\/tourcruiser.com\/de\/#website","url":"https:\/\/tourcruiser.com\/de\/","name":"Styloral Jewelry Shop","description":"Tourcruiser Sneaker Store \u2014 der Ort, an dem das Universum deine Einzigartigkeit trifft.","publisher":{"@id":"https:\/\/tourcruiser.com\/de\/#organization"},"potentialAction":[{"@type":"SearchAction","target":{"@type":"EntryPoint","urlTemplate":"https:\/\/tourcruiser.com\/de\/?s={search_term_string}"},"query-input":{"@type":"PropertyValueSpecification","valueRequired":true,"valueName":"search_term_string"}}],"inLanguage":"de"},{"@type":"Organization","@id":"https:\/\/tourcruiser.com\/de\/#organization","name":"STYLORAL PTE. LTD","url":"https:\/\/tourcruiser.com\/de\/","logo":{"@type":"ImageObject","inLanguage":"de","@id":"https:\/\/tourcruiser.com\/de\/#\/schema\/logo\/image\/","url":"https:\/\/www.tourcruiser.com\/wp-content\/uploads\/2025\/12\/logo.png","contentUrl":"https:\/\/www.tourcruiser.com\/wp-content\/uploads\/2025\/12\/logo.png","width":200,"height":65,"caption":"STYLORAL PTE. LTD"},"image":{"@id":"https:\/\/tourcruiser.com\/de\/#\/schema\/logo\/image\/"}}]}},"_links":{"self":[{"href":"https:\/\/tourcruiser.com\/de\/wp-json\/wp\/v2\/product\/7696","targetHints":{"allow":["GET"]}}],"collection":[{"href":"https:\/\/tourcruiser.com\/de\/wp-json\/wp\/v2\/product"}],"about":[{"href":"https:\/\/tourcruiser.com\/de\/wp-json\/wp\/v2\/types\/product"}],"replies":[{"embeddable":true,"href":"https:\/\/tourcruiser.com\/de\/wp-json\/wp\/v2\/comments?post=7696"}],"wp:featuredmedia":[{"embeddable":true,"href":"https:\/\/tourcruiser.com\/de\/wp-json\/wp\/v2\/media\/7697"}],"wp:attachment":[{"href":"https:\/\/tourcruiser.com\/de\/wp-json\/wp\/v2\/media?parent=7696"}],"wp:term":[{"taxonomy":"product_brand","embeddable":true,"href":"https:\/\/tourcruiser.com\/de\/wp-json\/wp\/v2\/product_brand?post=7696"},{"taxonomy":"product_cat","embeddable":true,"href":"https:\/\/tourcruiser.com\/de\/wp-json\/wp\/v2\/product_cat?post=7696"},{"taxonomy":"product_tag","embeddable":true,"href":"https:\/\/tourcruiser.com\/de\/wp-json\/wp\/v2\/product_tag?post=7696"}],"curies":[{"name":"wp","href":"https:\/\/api.w.org\/{rel}","templated":true}]}}