{"id":75925,"date":"2026-03-02T15:23:03","date_gmt":"2026-03-02T08:23:03","guid":{"rendered":"http:\/\/tourcruiser.com\/product\/women-nike-air-max-90-lv8-summit-white-bust-gray-metallic-platinum"},"modified":"2026-03-28T01:06:19","modified_gmt":"2026-03-27T18:06:19","slug":"women-nike-air-max-90-lv8-summit-white-bust-gray-metallic-platinum","status":"publish","type":"product","link":"https:\/\/tourcruiser.com\/de\/products\/women-nike-air-max-90-lv8-summit-white-bust-gray-metallic-platinum\/","title":{"rendered":"(Women) Nike Air Max 90 LV8 &#8218;Summit White Bust Gray Metallic Platinum&#8216;"},"content":{"rendered":"<p>Steigere deinen Style und deinen Komfort mit dem Nike Air Max 90 LV8 IB0170-101, einem zeitlosen Sneaker speziell f\u00fcr Frauen, der ikonisches Design mit modernen Upgrades vereint. Gefertigt aus hochwertigen Materialien, bietet diese klassische Silhouette ein atmungsaktives Obermaterial f\u00fcr ganzt\u00e4gigen Tragekomfort. Die herausragende Air Max-D\u00e4mpfung in der Sohle sorgt f\u00fcr unvergleichlichen Komfort, egal ob du in der Stadt unterwegs bist oder deine t\u00e4glichen Erledigungen machst. Die vielseitige Farbgebung f\u00fcgt sich nahtlos in jede Garderobe ein und macht ihn zur perfekten Erg\u00e4nzung f\u00fcr Casual- und Athleisure-Looks. Die strukturierten Overlays verleihen Tiefe und Strapazierf\u00e4higkeit, w\u00e4hrend der gepolsterte Schaftrand den Kn\u00f6chel optimal st\u00fctzt und f\u00fcr einen sicheren Sitz sorgt. Dieser Sneaker wurde entwickelt, um Individualit\u00e4t zu feiern und Bewegungsfreiheit zu erm\u00f6glichen, und h\u00e4lt dich bei jedem Abenteuer stilvoll und komfortabel. Der Nike Air Max 90 LV8 IB0170-101 ist mehr als nur ein Schuh; Es ist ein Statement f\u00fcr zeitlose Mode und Performance.<\/p>\n<ul>\n<li><strong>Farbgebung:<\/strong> Summit White\/Bust Grey\/Metallic Platinum\/College Grey<\/li>\n<li><strong>Artikelnummer:<\/strong> IB0170-101<\/li>\n<li><strong>Obermaterial:<\/strong> Leder<\/li>\n<li><strong>Zwischensohle:<\/strong> Air<\/li>\n<li><strong>Farbe:<\/strong> Grau<\/li>\n<li><strong>Designer:<\/strong> Tinker Hatfield<\/li>\n<\/ul>\n","protected":false},"excerpt":{"rendered":"<p>Nike Air Max 90 LV8 \u201d\u201d Summit White\/Bust Grey\/Metallic Platinum\/College Grey<\/p>\n","protected":false},"featured_media":75926,"comment_status":"open","ping_status":"closed","template":"","meta":[],"product_brand":[],"product_cat":[10809],"product_tag":[10754,10765,10801,10768,10758],"class_list":{"0":"post-75925","1":"product","2":"type-product","3":"status-publish","4":"has-post-thumbnail","6":"product_cat-nike-women","7":"product_tag-lifestyle-casual-shoes","8":"product_tag-lifestyle-shoes-running-inspired","9":"product_tag-nike","10":"product_tag-retro-running-shoes","11":"product_tag-under-retail","12":"wcpa_has_options","14":"first","15":"outofstock","16":"sale","17":"taxable","18":"shipping-taxable","19":"purchasable","20":"product-type-simple"},"wcpa_form_fields":{"rules":{"pric_overide_base_price":false,"pric_overide_base_price_if_gt_zero":false,"pric_overide_base_price_fully":false,"pric_cal_option_once":false,"pric_use_as_fee":false,"bind_quantity":false,"quantity_bind_formula":false},"fields":[{"type":"color-group","required":true,"elementId":"wcpa-color-group-66c4a75505e74","label":"Gr\u00f6\u00dfe - EU Gr\u00f6\u00dfe","inline":true,"priceOptions":"different_for_all","pricingType":"fixed","className":"hassizechart product-shoes-size-eu product-shoes-size","name":"color-group-66c4a75505e89","disp_type":"square","selection_type":"tick-border","disp_size":"44","show_label_inside":true,"adjust_width":true,"cart_display_type":"text","other_text":"Other","cl_rule":"show","col":6,"values":[{"label":"35.5","value":"EU 35.5","price":"","pimage":"","pimage_id":"","pthumb":"","color":""},{"label":"36","value":"EU 36","price":"","pimage":"","pimage_id":"","pthumb":"","color":"","selected":true},{"label":"36.5","value":"EU 36.5","price":"","pimage":"","pimage_id":"","pthumb":"","color":""},{"label":"37.5","value":"EU 37.5","price":"","pimage":"","pimage_id":"","pthumb":"","color":""},{"label":"38","value":"EU 38","price":"","pimage":"","pimage_id":"","pthumb":"","color":""},{"label":"38.5","value":"EU 38.5","price":"","pimage":"","pimage_id":"","pthumb":"","color":""},{"label":"39","value":"EU 39","price":"","pimage":"","pimage_id":"","pthumb":"","color":""},{"label":"40","value":"EU 40","price":"","pimage":"","pimage_id":"","pthumb":"","color":""},{"label":"40.5","value":"EU 40.5","price":"","pimage":"","pimage_id":"","pthumb":"","color":""},{"label":"41","value":"EU 41","price":"","pimage":"","pimage_id":"","pthumb":"","color":""},{"label":"42","value":"EU 42","price":"","pimage":"","pimage_id":"","pthumb":"","color":""},{"label":"42.5","value":"EU 42.5","price":"","pimage":"","pimage_id":"","pthumb":"","color":""},{"label":"43","value":"EU 43","price":"","pimage":"","pimage_id":"","pthumb":"","color":""},{"label":"44","value":"EU 44","price":"","pimage":"","pimage_id":"","pthumb":"","color":""},{"label":"44.5","value":"EU 44.5","price":"","pimage":"","pimage_id":"","pthumb":"","color":""},{"label":"45","value":"EU 45","price":"","pimage":"","pimage_id":"","pthumb":"","color":""},{"label":"45.5","value":"EU 45.5","price":"","pimage":"","pimage_id":"","pthumb":"","color":""},{"label":"46","value":"EU 46","price":"","pimage":"","pimage_id":"","pthumb":"","color":""},{"label":"47","value":"EU 47","price":"","pimage":"","pimage_id":"","pthumb":"","color":""},{"label":"47.5","value":"EU 47.5","price":"","pimage":"","pimage_id":"","pthumb":"","color":""},{"label":"48","value":"EU 48","price":"","pimage":"","pimage_id":"","pthumb":"","color":""}],"relations":[{"operator":false,"rules":[]}],"form_id":18106,"form_rules":{"pric_cal_option_once":false,"exclude_from_discount":false,"pric_use_as_fee":false,"fee_label":"Fee","render_after_acb":false,"disp_hide_options_price":false}}]},"yoast_head":"<!-- This site is optimized with the Yoast SEO plugin v26.5 - https:\/\/yoast.com\/wordpress\/plugins\/seo\/ -->\n<title>(Women) Nike Air Max 90 LV8 &#039;Summit White Bust Gray Metallic Platinum&#039;  - Tourcruiser PTE. LTD<\/title>\n<meta name=\"robots\" content=\"index, follow, max-snippet:-1, max-image-preview:large, max-video-preview:-1\" \/>\n<link rel=\"canonical\" href=\"https:\/\/tourcruiser.com\/\" \/>\n<meta property=\"og:locale\" content=\"de_DE\" \/>\n<meta property=\"og:type\" content=\"article\" \/>\n<meta property=\"og:title\" content=\"(Women) Nike Air Max 90 LV8 &#039;Summit White Bust Gray Metallic Platinum&#039;  - Tourcruiser PTE. LTD\" \/>\n<meta property=\"og:description\" content=\"Nike Air Max 90 LV8 \u201d\u201d Summit White\/Bust Grey\/Metallic Platinum\/College Grey\" \/>\n<meta property=\"og:url\" content=\"\/\" \/>\n<meta property=\"og:site_name\" content=\"Tourcruiser Sneaker Store\" \/>\n<meta property=\"article:modified_time\" content=\"2026-03-27T18:06:19+00:00\" \/>\n<meta name=\"twitter:card\" content=\"summary_large_image\" \/>\n<meta name=\"twitter:image\" content=\"https:\/\/images.novelship.com\/product\/_women__nike_air_max_90_lv8_ib0170-101_0_88587.png;https:\/\/images.novelship.com\/product\/_women__nike_air_max_90_lv8_ib0170-101_1_88588.png;https:\/\/images.novelship.com\/product\/_women__nike_air_max_90_lv8_ib0170-101_2_88588.png;https:\/\/images.novelship.com\/product\/_women__nike_air_max_90_lv8_ib0170-101_3_88588.png;https:\/\/images.novelship.com\/product\/_women__nike_air_max_90_lv8_ib0170-101_4_88588.png;https:\/\/images.novelship.com\/product\/_women__nike_air_max_90_lv8_ib0170-101_5_88588.png;https:\/\/images.novelship.com\/product\/_women__nike_air_max_90_lv8_ib0170-101_6_88588.png;https:\/\/images.novelship.com\/product\/_women__nike_air_max_90_lv8_ib0170-101_7_88588.png\" \/>\n<meta name=\"twitter:label1\" content=\"Gesch\u00e4tzte Lesezeit\" \/>\n\t<meta name=\"twitter:data1\" content=\"1\u00a0Minute\" \/>\n<script type=\"application\/ld+json\" class=\"yoast-schema-graph\">{\"@context\":\"https:\/\/schema.org\",\"@graph\":[{\"@type\":\"WebPage\",\"@id\":\"\/\",\"url\":\"https:\/\/tourcruiser.com\/\",\"name\":\"(Women) Nike Air Max 90 LV8 'Summit White Bust Gray Metallic Platinum' - Tourcruiser PTE. LTD\",\"isPartOf\":{\"@id\":\"https:\/\/tourcruiser.com\/de\/#website\"},\"primaryImageOfPage\":{\"@id\":\"https:\/\/tourcruiser.com\/#primaryimage\"},\"image\":{\"@id\":\"https:\/\/tourcruiser.com\/#primaryimage\"},\"thumbnailUrl\":\"https:\/\/images.novelship.com\/product\/_women__nike_air_max_90_lv8_ib0170-101_0_88587.png;https:\/\/images.novelship.com\/product\/_women__nike_air_max_90_lv8_ib0170-101_1_88588.png;https:\/\/images.novelship.com\/product\/_women__nike_air_max_90_lv8_ib0170-101_2_88588.png;https:\/\/images.novelship.com\/product\/_women__nike_air_max_90_lv8_ib0170-101_3_88588.png;https:\/\/images.novelship.com\/product\/_women__nike_air_max_90_lv8_ib0170-101_4_88588.png;https:\/\/images.novelship.com\/product\/_women__nike_air_max_90_lv8_ib0170-101_5_88588.png;https:\/\/images.novelship.com\/product\/_women__nike_air_max_90_lv8_ib0170-101_6_88588.png;https:\/\/images.novelship.com\/product\/_women__nike_air_max_90_lv8_ib0170-101_7_88588.png\",\"datePublished\":\"2026-03-02T08:23:03+00:00\",\"dateModified\":\"2026-03-27T18:06:19+00:00\",\"breadcrumb\":{\"@id\":\"https:\/\/tourcruiser.com\/#breadcrumb\"},\"inLanguage\":\"de\",\"potentialAction\":[{\"@type\":\"ReadAction\",\"target\":[\"https:\/\/tourcruiser.com\/\"]}]},{\"@type\":\"ImageObject\",\"inLanguage\":\"de\",\"@id\":\"https:\/\/tourcruiser.com\/#primaryimage\",\"url\":\"https:\/\/images.novelship.com\/product\/_women__nike_air_max_90_lv8_ib0170-101_0_88587.png;https:\/\/images.novelship.com\/product\/_women__nike_air_max_90_lv8_ib0170-101_1_88588.png;https:\/\/images.novelship.com\/product\/_women__nike_air_max_90_lv8_ib0170-101_2_88588.png;https:\/\/images.novelship.com\/product\/_women__nike_air_max_90_lv8_ib0170-101_3_88588.png;https:\/\/images.novelship.com\/product\/_women__nike_air_max_90_lv8_ib0170-101_4_88588.png;https:\/\/images.novelship.com\/product\/_women__nike_air_max_90_lv8_ib0170-101_5_88588.png;https:\/\/images.novelship.com\/product\/_women__nike_air_max_90_lv8_ib0170-101_6_88588.png;https:\/\/images.novelship.com\/product\/_women__nike_air_max_90_lv8_ib0170-101_7_88588.png\",\"contentUrl\":\"https:\/\/images.novelship.com\/product\/_women__nike_air_max_90_lv8_ib0170-101_0_88587.png;https:\/\/images.novelship.com\/product\/_women__nike_air_max_90_lv8_ib0170-101_1_88588.png;https:\/\/images.novelship.com\/product\/_women__nike_air_max_90_lv8_ib0170-101_2_88588.png;https:\/\/images.novelship.com\/product\/_women__nike_air_max_90_lv8_ib0170-101_3_88588.png;https:\/\/images.novelship.com\/product\/_women__nike_air_max_90_lv8_ib0170-101_4_88588.png;https:\/\/images.novelship.com\/product\/_women__nike_air_max_90_lv8_ib0170-101_5_88588.png;https:\/\/images.novelship.com\/product\/_women__nike_air_max_90_lv8_ib0170-101_6_88588.png;https:\/\/images.novelship.com\/product\/_women__nike_air_max_90_lv8_ib0170-101_7_88588.png\"},{\"@type\":\"BreadcrumbList\",\"@id\":\"https:\/\/tourcruiser.com\/#breadcrumb\",\"itemListElement\":[{\"@type\":\"ListItem\",\"position\":1,\"name\":\"Home\",\"item\":\"https:\/\/tourcruiser.com\/de\/\"},{\"@type\":\"ListItem\",\"position\":2,\"name\":\"Shop\",\"item\":\"https:\/\/tourcruiser.com\/de\/shop\/\"},{\"@type\":\"ListItem\",\"position\":3,\"name\":\"(Women) Nike Air Max 90 LV8 &#8218;Summit White Bust Gray Metallic Platinum&#8216;\"}]},{\"@type\":\"WebSite\",\"@id\":\"https:\/\/tourcruiser.com\/de\/#website\",\"url\":\"https:\/\/tourcruiser.com\/de\/\",\"name\":\"Styloral Jewelry Shop\",\"description\":\"Tourcruiser Sneaker Store \u2014 der Ort, an dem das Universum deine Einzigartigkeit trifft.\",\"publisher\":{\"@id\":\"https:\/\/tourcruiser.com\/de\/#organization\"},\"potentialAction\":[{\"@type\":\"SearchAction\",\"target\":{\"@type\":\"EntryPoint\",\"urlTemplate\":\"https:\/\/tourcruiser.com\/de\/?s={search_term_string}\"},\"query-input\":{\"@type\":\"PropertyValueSpecification\",\"valueRequired\":true,\"valueName\":\"search_term_string\"}}],\"inLanguage\":\"de\"},{\"@type\":\"Organization\",\"@id\":\"https:\/\/tourcruiser.com\/de\/#organization\",\"name\":\"STYLORAL PTE. LTD\",\"url\":\"https:\/\/tourcruiser.com\/de\/\",\"logo\":{\"@type\":\"ImageObject\",\"inLanguage\":\"de\",\"@id\":\"https:\/\/tourcruiser.com\/de\/#\/schema\/logo\/image\/\",\"url\":\"https:\/\/www.tourcruiser.com\/wp-content\/uploads\/2025\/12\/logo.png\",\"contentUrl\":\"https:\/\/www.tourcruiser.com\/wp-content\/uploads\/2025\/12\/logo.png\",\"width\":200,\"height\":65,\"caption\":\"STYLORAL PTE. LTD\"},\"image\":{\"@id\":\"https:\/\/tourcruiser.com\/de\/#\/schema\/logo\/image\/\"}}]}<\/script>\n<!-- \/ Yoast SEO plugin. -->","yoast_head_json":{"title":"(Women) Nike Air Max 90 LV8 'Summit White Bust Gray Metallic Platinum'  - Tourcruiser PTE. LTD","robots":{"index":"index","follow":"follow","max-snippet":"max-snippet:-1","max-image-preview":"max-image-preview:large","max-video-preview":"max-video-preview:-1"},"canonical":"https:\/\/tourcruiser.com\/","og_locale":"de_DE","og_type":"article","og_title":"(Women) Nike Air Max 90 LV8 'Summit White Bust Gray Metallic Platinum'  - Tourcruiser PTE. LTD","og_description":"Nike Air Max 90 LV8 \u201d\u201d Summit White\/Bust Grey\/Metallic Platinum\/College Grey","og_url":"\/","og_site_name":"Tourcruiser Sneaker Store","article_modified_time":"2026-03-27T18:06:19+00:00","twitter_card":"summary_large_image","twitter_image":"https:\/\/images.novelship.com\/product\/_women__nike_air_max_90_lv8_ib0170-101_0_88587.png;https:\/\/images.novelship.com\/product\/_women__nike_air_max_90_lv8_ib0170-101_1_88588.png;https:\/\/images.novelship.com\/product\/_women__nike_air_max_90_lv8_ib0170-101_2_88588.png;https:\/\/images.novelship.com\/product\/_women__nike_air_max_90_lv8_ib0170-101_3_88588.png;https:\/\/images.novelship.com\/product\/_women__nike_air_max_90_lv8_ib0170-101_4_88588.png;https:\/\/images.novelship.com\/product\/_women__nike_air_max_90_lv8_ib0170-101_5_88588.png;https:\/\/images.novelship.com\/product\/_women__nike_air_max_90_lv8_ib0170-101_6_88588.png;https:\/\/images.novelship.com\/product\/_women__nike_air_max_90_lv8_ib0170-101_7_88588.png","twitter_misc":{"Gesch\u00e4tzte Lesezeit":"1\u00a0Minute"},"schema":{"@context":"https:\/\/schema.org","@graph":[{"@type":"WebPage","@id":"\/","url":"https:\/\/tourcruiser.com\/","name":"(Women) Nike Air Max 90 LV8 'Summit White Bust Gray Metallic Platinum' - Tourcruiser PTE. LTD","isPartOf":{"@id":"https:\/\/tourcruiser.com\/de\/#website"},"primaryImageOfPage":{"@id":"https:\/\/tourcruiser.com\/#primaryimage"},"image":{"@id":"https:\/\/tourcruiser.com\/#primaryimage"},"thumbnailUrl":"https:\/\/images.novelship.com\/product\/_women__nike_air_max_90_lv8_ib0170-101_0_88587.png;https:\/\/images.novelship.com\/product\/_women__nike_air_max_90_lv8_ib0170-101_1_88588.png;https:\/\/images.novelship.com\/product\/_women__nike_air_max_90_lv8_ib0170-101_2_88588.png;https:\/\/images.novelship.com\/product\/_women__nike_air_max_90_lv8_ib0170-101_3_88588.png;https:\/\/images.novelship.com\/product\/_women__nike_air_max_90_lv8_ib0170-101_4_88588.png;https:\/\/images.novelship.com\/product\/_women__nike_air_max_90_lv8_ib0170-101_5_88588.png;https:\/\/images.novelship.com\/product\/_women__nike_air_max_90_lv8_ib0170-101_6_88588.png;https:\/\/images.novelship.com\/product\/_women__nike_air_max_90_lv8_ib0170-101_7_88588.png","datePublished":"2026-03-02T08:23:03+00:00","dateModified":"2026-03-27T18:06:19+00:00","breadcrumb":{"@id":"https:\/\/tourcruiser.com\/#breadcrumb"},"inLanguage":"de","potentialAction":[{"@type":"ReadAction","target":["https:\/\/tourcruiser.com\/"]}]},{"@type":"ImageObject","inLanguage":"de","@id":"https:\/\/tourcruiser.com\/#primaryimage","url":"https:\/\/images.novelship.com\/product\/_women__nike_air_max_90_lv8_ib0170-101_0_88587.png;https:\/\/images.novelship.com\/product\/_women__nike_air_max_90_lv8_ib0170-101_1_88588.png;https:\/\/images.novelship.com\/product\/_women__nike_air_max_90_lv8_ib0170-101_2_88588.png;https:\/\/images.novelship.com\/product\/_women__nike_air_max_90_lv8_ib0170-101_3_88588.png;https:\/\/images.novelship.com\/product\/_women__nike_air_max_90_lv8_ib0170-101_4_88588.png;https:\/\/images.novelship.com\/product\/_women__nike_air_max_90_lv8_ib0170-101_5_88588.png;https:\/\/images.novelship.com\/product\/_women__nike_air_max_90_lv8_ib0170-101_6_88588.png;https:\/\/images.novelship.com\/product\/_women__nike_air_max_90_lv8_ib0170-101_7_88588.png","contentUrl":"https:\/\/images.novelship.com\/product\/_women__nike_air_max_90_lv8_ib0170-101_0_88587.png;https:\/\/images.novelship.com\/product\/_women__nike_air_max_90_lv8_ib0170-101_1_88588.png;https:\/\/images.novelship.com\/product\/_women__nike_air_max_90_lv8_ib0170-101_2_88588.png;https:\/\/images.novelship.com\/product\/_women__nike_air_max_90_lv8_ib0170-101_3_88588.png;https:\/\/images.novelship.com\/product\/_women__nike_air_max_90_lv8_ib0170-101_4_88588.png;https:\/\/images.novelship.com\/product\/_women__nike_air_max_90_lv8_ib0170-101_5_88588.png;https:\/\/images.novelship.com\/product\/_women__nike_air_max_90_lv8_ib0170-101_6_88588.png;https:\/\/images.novelship.com\/product\/_women__nike_air_max_90_lv8_ib0170-101_7_88588.png"},{"@type":"BreadcrumbList","@id":"https:\/\/tourcruiser.com\/#breadcrumb","itemListElement":[{"@type":"ListItem","position":1,"name":"Home","item":"https:\/\/tourcruiser.com\/de\/"},{"@type":"ListItem","position":2,"name":"Shop","item":"https:\/\/tourcruiser.com\/de\/shop\/"},{"@type":"ListItem","position":3,"name":"(Women) Nike Air Max 90 LV8 &#8218;Summit White Bust Gray Metallic Platinum&#8216;"}]},{"@type":"WebSite","@id":"https:\/\/tourcruiser.com\/de\/#website","url":"https:\/\/tourcruiser.com\/de\/","name":"Styloral Jewelry Shop","description":"Tourcruiser Sneaker Store \u2014 der Ort, an dem das Universum deine Einzigartigkeit trifft.","publisher":{"@id":"https:\/\/tourcruiser.com\/de\/#organization"},"potentialAction":[{"@type":"SearchAction","target":{"@type":"EntryPoint","urlTemplate":"https:\/\/tourcruiser.com\/de\/?s={search_term_string}"},"query-input":{"@type":"PropertyValueSpecification","valueRequired":true,"valueName":"search_term_string"}}],"inLanguage":"de"},{"@type":"Organization","@id":"https:\/\/tourcruiser.com\/de\/#organization","name":"STYLORAL PTE. LTD","url":"https:\/\/tourcruiser.com\/de\/","logo":{"@type":"ImageObject","inLanguage":"de","@id":"https:\/\/tourcruiser.com\/de\/#\/schema\/logo\/image\/","url":"https:\/\/www.tourcruiser.com\/wp-content\/uploads\/2025\/12\/logo.png","contentUrl":"https:\/\/www.tourcruiser.com\/wp-content\/uploads\/2025\/12\/logo.png","width":200,"height":65,"caption":"STYLORAL PTE. LTD"},"image":{"@id":"https:\/\/tourcruiser.com\/de\/#\/schema\/logo\/image\/"}}]}},"_links":{"self":[{"href":"https:\/\/tourcruiser.com\/de\/wp-json\/wp\/v2\/product\/75925","targetHints":{"allow":["GET"]}}],"collection":[{"href":"https:\/\/tourcruiser.com\/de\/wp-json\/wp\/v2\/product"}],"about":[{"href":"https:\/\/tourcruiser.com\/de\/wp-json\/wp\/v2\/types\/product"}],"replies":[{"embeddable":true,"href":"https:\/\/tourcruiser.com\/de\/wp-json\/wp\/v2\/comments?post=75925"}],"wp:featuredmedia":[{"embeddable":true,"href":"https:\/\/tourcruiser.com\/de\/wp-json\/wp\/v2\/media\/75926"}],"wp:attachment":[{"href":"https:\/\/tourcruiser.com\/de\/wp-json\/wp\/v2\/media?parent=75925"}],"wp:term":[{"taxonomy":"product_brand","embeddable":true,"href":"https:\/\/tourcruiser.com\/de\/wp-json\/wp\/v2\/product_brand?post=75925"},{"taxonomy":"product_cat","embeddable":true,"href":"https:\/\/tourcruiser.com\/de\/wp-json\/wp\/v2\/product_cat?post=75925"},{"taxonomy":"product_tag","embeddable":true,"href":"https:\/\/tourcruiser.com\/de\/wp-json\/wp\/v2\/product_tag?post=75925"}],"curies":[{"name":"wp","href":"https:\/\/api.w.org\/{rel}","templated":true}]}}