{"id":75499,"date":"2026-03-02T15:22:57","date_gmt":"2026-03-02T08:22:57","guid":{"rendered":"http:\/\/tourcruiser.com\/product\/nike-reactx-rejuvenate-dark-team-reddark-team-reddark-team-red"},"modified":"2026-03-28T01:06:16","modified_gmt":"2026-03-27T18:06:16","slug":"nike-reactx-rejuvenate-dark-team-reddark-team-reddark-team-red","status":"publish","type":"product","link":"https:\/\/tourcruiser.com\/de\/products\/nike-reactx-rejuvenate-dark-team-reddark-team-reddark-team-red\/","title":{"rendered":"Nike ReactX Rejuvenate Dark Team Red\/Dark Team Red\/Dark Team Red"},"content":{"rendered":"<p>Erlebe unvergleichlichen Komfort und Style mit dem Nike ReactX Rejuvenate in Dark Team Red. Dieser Sneaker wurde f\u00fcr ultimative Performance entwickelt und verf\u00fcgt \u00fcber die neueste React-Schaumtechnologie, die f\u00fcr unglaubliche D\u00e4mpfung und Energier\u00fcckgabe sorgt. Die monochrome Farbpalette in Dark Team Red bietet einen markanten, vielseitigen Look, der perfekt zu jeder Garderobe passt. Der ReactX Rejuvenate ist ideal zum Laufen oder f\u00fcr den Alltag und vereint Innovation mit Design, damit du in Sachen Mode und Funktionalit\u00e4t immer einen Schritt voraus bist. Hol dir mit Nike ein Upgrade f\u00fcr deinen Schuhstil weltweit.<\/p>\n<ul>\n<li><strong>Farbgebung:<\/strong> Dark Team Red\/Dark Team Red\/Dark Team Red<\/li>\n<li><strong>Style-Code:<\/strong> HV5060-602<\/li>\n<li><strong>Obermaterial:<\/strong> ReactX<\/li>\n<li><strong>Zwischensohle:<\/strong> ReactX<\/li>\n<li><strong>Farbe:<\/strong> Burgundy<\/li>\n<\/ul>\n","protected":false},"excerpt":{"rendered":"<p>Nike ReactX Rejuvenate \u201d\u201d Dark Team Red\/Dark Team Red\/Dark Team Red<\/p>\n","protected":false},"featured_media":75500,"comment_status":"open","ping_status":"closed","template":"","meta":[],"product_brand":[],"product_cat":[10803],"product_tag":[10917],"class_list":{"0":"post-75499","1":"product","2":"type-product","3":"status-publish","4":"has-post-thumbnail","6":"product_cat-nike","7":"product_tag-small-130-usd","8":"wcpa_has_options","10":"first","11":"outofstock","12":"taxable","13":"shipping-taxable","14":"purchasable","15":"product-type-simple"},"wcpa_form_fields":{"rules":{"pric_overide_base_price":false,"pric_overide_base_price_if_gt_zero":false,"pric_overide_base_price_fully":false,"pric_cal_option_once":false,"pric_use_as_fee":false,"bind_quantity":false,"quantity_bind_formula":false},"fields":[{"type":"color-group","required":true,"elementId":"wcpa-color-group-66c4a75505e74","label":"Gr\u00f6\u00dfe - EU Gr\u00f6\u00dfe","inline":true,"priceOptions":"different_for_all","pricingType":"fixed","className":"hassizechart product-shoes-size-eu product-shoes-size","name":"color-group-66c4a75505e89","disp_type":"square","selection_type":"tick-border","disp_size":"44","show_label_inside":true,"adjust_width":true,"cart_display_type":"text","other_text":"Other","cl_rule":"show","col":6,"values":[{"label":"35.5","value":"EU 35.5","price":"","pimage":"","pimage_id":"","pthumb":"","color":""},{"label":"36","value":"EU 36","price":"","pimage":"","pimage_id":"","pthumb":"","color":"","selected":true},{"label":"36.5","value":"EU 36.5","price":"","pimage":"","pimage_id":"","pthumb":"","color":""},{"label":"37.5","value":"EU 37.5","price":"","pimage":"","pimage_id":"","pthumb":"","color":""},{"label":"38","value":"EU 38","price":"","pimage":"","pimage_id":"","pthumb":"","color":""},{"label":"38.5","value":"EU 38.5","price":"","pimage":"","pimage_id":"","pthumb":"","color":""},{"label":"39","value":"EU 39","price":"","pimage":"","pimage_id":"","pthumb":"","color":""},{"label":"40","value":"EU 40","price":"","pimage":"","pimage_id":"","pthumb":"","color":""},{"label":"40.5","value":"EU 40.5","price":"","pimage":"","pimage_id":"","pthumb":"","color":""},{"label":"41","value":"EU 41","price":"","pimage":"","pimage_id":"","pthumb":"","color":""},{"label":"42","value":"EU 42","price":"","pimage":"","pimage_id":"","pthumb":"","color":""},{"label":"42.5","value":"EU 42.5","price":"","pimage":"","pimage_id":"","pthumb":"","color":""},{"label":"43","value":"EU 43","price":"","pimage":"","pimage_id":"","pthumb":"","color":""},{"label":"44","value":"EU 44","price":"","pimage":"","pimage_id":"","pthumb":"","color":""},{"label":"44.5","value":"EU 44.5","price":"","pimage":"","pimage_id":"","pthumb":"","color":""},{"label":"45","value":"EU 45","price":"","pimage":"","pimage_id":"","pthumb":"","color":""},{"label":"45.5","value":"EU 45.5","price":"","pimage":"","pimage_id":"","pthumb":"","color":""},{"label":"46","value":"EU 46","price":"","pimage":"","pimage_id":"","pthumb":"","color":""},{"label":"47","value":"EU 47","price":"","pimage":"","pimage_id":"","pthumb":"","color":""},{"label":"47.5","value":"EU 47.5","price":"","pimage":"","pimage_id":"","pthumb":"","color":""},{"label":"48","value":"EU 48","price":"","pimage":"","pimage_id":"","pthumb":"","color":""}],"relations":[{"operator":false,"rules":[]}],"form_id":18106,"form_rules":{"pric_cal_option_once":false,"exclude_from_discount":false,"pric_use_as_fee":false,"fee_label":"Fee","render_after_acb":false,"disp_hide_options_price":false}}]},"yoast_head":"<!-- This site is optimized with the Yoast SEO plugin v26.5 - https:\/\/yoast.com\/wordpress\/plugins\/seo\/ -->\n<title>Nike ReactX Rejuvenate Dark Team Red\/Dark Team Red\/Dark Team Red  - Tourcruiser PTE. LTD<\/title>\n<meta name=\"robots\" content=\"index, follow, max-snippet:-1, max-image-preview:large, max-video-preview:-1\" \/>\n<link rel=\"canonical\" href=\"https:\/\/tourcruiser.com\/de\/products\/nike-reactx-rejuvenate-dark-team-reddark-team-reddark-team-red\/\" \/>\n<meta property=\"og:locale\" content=\"de_DE\" \/>\n<meta property=\"og:type\" content=\"article\" \/>\n<meta property=\"og:title\" content=\"Nike ReactX Rejuvenate Dark Team Red\/Dark Team Red\/Dark Team Red  - Tourcruiser PTE. LTD\" \/>\n<meta property=\"og:description\" content=\"Nike ReactX Rejuvenate \u201d\u201d Dark Team Red\/Dark Team Red\/Dark Team Red\" \/>\n<meta property=\"og:url\" content=\"https:\/\/tourcruiser.com\/de\/products\/nike-reactx-rejuvenate-dark-team-reddark-team-reddark-team-red\/\" \/>\n<meta property=\"og:site_name\" content=\"Tourcruiser Sneaker Store\" \/>\n<meta property=\"article:modified_time\" content=\"2026-03-27T18:06:16+00:00\" \/>\n<meta name=\"twitter:card\" content=\"summary_large_image\" \/>\n<meta name=\"twitter:image\" content=\"https:\/\/images.novelship.com\/product\/nike_reactx_rejuvenate_dark_team_red_dark_team_red_0_10555.png;https:\/\/images.novelship.com\/product\/nike_reactx_rejuvenate_dark_team_red_dark_team_red_1_10555.png;https:\/\/images.novelship.com\/product\/nike_reactx_rejuvenate_dark_team_red_dark_team_red_2_10555.png;https:\/\/images.novelship.com\/product\/nike_reactx_rejuvenate_dark_team_red_dark_team_red_3_10555.png;https:\/\/images.novelship.com\/product\/nike_reactx_rejuvenate_dark_team_red_dark_team_red_4_10555.png;https:\/\/images.novelship.com\/product\/nike_reactx_rejuvenate_dark_team_red_dark_team_red_5_10555.png;https:\/\/images.novelship.com\/product\/nike_reactx_rejuvenate_dark_team_red_dark_team_red_6_10555.png;https:\/\/images.novelship.com\/product\/nike_reactx_rejuvenate_dark_team_red_dark_team_red_7_10555.png\" \/>\n<meta name=\"twitter:label1\" content=\"Gesch\u00e4tzte Lesezeit\" \/>\n\t<meta name=\"twitter:data1\" content=\"1\u00a0Minute\" \/>\n<script type=\"application\/ld+json\" class=\"yoast-schema-graph\">{\"@context\":\"https:\/\/schema.org\",\"@graph\":[{\"@type\":\"WebPage\",\"@id\":\"https:\/\/tourcruiser.com\/de\/products\/nike-reactx-rejuvenate-dark-team-reddark-team-reddark-team-red\/\",\"url\":\"https:\/\/tourcruiser.com\/de\/products\/nike-reactx-rejuvenate-dark-team-reddark-team-reddark-team-red\/\",\"name\":\"Nike ReactX Rejuvenate Dark Team Red\/Dark Team Red\/Dark Team Red - Tourcruiser PTE. LTD\",\"isPartOf\":{\"@id\":\"https:\/\/tourcruiser.com\/de\/#website\"},\"primaryImageOfPage\":{\"@id\":\"https:\/\/tourcruiser.com\/de\/products\/nike-reactx-rejuvenate-dark-team-reddark-team-reddark-team-red\/#primaryimage\"},\"image\":{\"@id\":\"https:\/\/tourcruiser.com\/de\/products\/nike-reactx-rejuvenate-dark-team-reddark-team-reddark-team-red\/#primaryimage\"},\"thumbnailUrl\":\"https:\/\/images.novelship.com\/product\/nike_reactx_rejuvenate_dark_team_red_dark_team_red_0_10555.png;https:\/\/images.novelship.com\/product\/nike_reactx_rejuvenate_dark_team_red_dark_team_red_1_10555.png;https:\/\/images.novelship.com\/product\/nike_reactx_rejuvenate_dark_team_red_dark_team_red_2_10555.png;https:\/\/images.novelship.com\/product\/nike_reactx_rejuvenate_dark_team_red_dark_team_red_3_10555.png;https:\/\/images.novelship.com\/product\/nike_reactx_rejuvenate_dark_team_red_dark_team_red_4_10555.png;https:\/\/images.novelship.com\/product\/nike_reactx_rejuvenate_dark_team_red_dark_team_red_5_10555.png;https:\/\/images.novelship.com\/product\/nike_reactx_rejuvenate_dark_team_red_dark_team_red_6_10555.png;https:\/\/images.novelship.com\/product\/nike_reactx_rejuvenate_dark_team_red_dark_team_red_7_10555.png\",\"datePublished\":\"2026-03-02T08:22:57+00:00\",\"dateModified\":\"2026-03-27T18:06:16+00:00\",\"breadcrumb\":{\"@id\":\"https:\/\/tourcruiser.com\/de\/products\/nike-reactx-rejuvenate-dark-team-reddark-team-reddark-team-red\/#breadcrumb\"},\"inLanguage\":\"de\",\"potentialAction\":[{\"@type\":\"ReadAction\",\"target\":[\"https:\/\/tourcruiser.com\/de\/products\/nike-reactx-rejuvenate-dark-team-reddark-team-reddark-team-red\/\"]}]},{\"@type\":\"ImageObject\",\"inLanguage\":\"de\",\"@id\":\"https:\/\/tourcruiser.com\/de\/products\/nike-reactx-rejuvenate-dark-team-reddark-team-reddark-team-red\/#primaryimage\",\"url\":\"https:\/\/images.novelship.com\/product\/nike_reactx_rejuvenate_dark_team_red_dark_team_red_0_10555.png;https:\/\/images.novelship.com\/product\/nike_reactx_rejuvenate_dark_team_red_dark_team_red_1_10555.png;https:\/\/images.novelship.com\/product\/nike_reactx_rejuvenate_dark_team_red_dark_team_red_2_10555.png;https:\/\/images.novelship.com\/product\/nike_reactx_rejuvenate_dark_team_red_dark_team_red_3_10555.png;https:\/\/images.novelship.com\/product\/nike_reactx_rejuvenate_dark_team_red_dark_team_red_4_10555.png;https:\/\/images.novelship.com\/product\/nike_reactx_rejuvenate_dark_team_red_dark_team_red_5_10555.png;https:\/\/images.novelship.com\/product\/nike_reactx_rejuvenate_dark_team_red_dark_team_red_6_10555.png;https:\/\/images.novelship.com\/product\/nike_reactx_rejuvenate_dark_team_red_dark_team_red_7_10555.png\",\"contentUrl\":\"https:\/\/images.novelship.com\/product\/nike_reactx_rejuvenate_dark_team_red_dark_team_red_0_10555.png;https:\/\/images.novelship.com\/product\/nike_reactx_rejuvenate_dark_team_red_dark_team_red_1_10555.png;https:\/\/images.novelship.com\/product\/nike_reactx_rejuvenate_dark_team_red_dark_team_red_2_10555.png;https:\/\/images.novelship.com\/product\/nike_reactx_rejuvenate_dark_team_red_dark_team_red_3_10555.png;https:\/\/images.novelship.com\/product\/nike_reactx_rejuvenate_dark_team_red_dark_team_red_4_10555.png;https:\/\/images.novelship.com\/product\/nike_reactx_rejuvenate_dark_team_red_dark_team_red_5_10555.png;https:\/\/images.novelship.com\/product\/nike_reactx_rejuvenate_dark_team_red_dark_team_red_6_10555.png;https:\/\/images.novelship.com\/product\/nike_reactx_rejuvenate_dark_team_red_dark_team_red_7_10555.png\"},{\"@type\":\"BreadcrumbList\",\"@id\":\"https:\/\/tourcruiser.com\/de\/products\/nike-reactx-rejuvenate-dark-team-reddark-team-reddark-team-red\/#breadcrumb\",\"itemListElement\":[{\"@type\":\"ListItem\",\"position\":1,\"name\":\"Home\",\"item\":\"https:\/\/tourcruiser.com\/de\/\"},{\"@type\":\"ListItem\",\"position\":2,\"name\":\"Shop\",\"item\":\"https:\/\/tourcruiser.com\/de\/shop\/\"},{\"@type\":\"ListItem\",\"position\":3,\"name\":\"Nike ReactX Rejuvenate Dark Team Red\/Dark Team Red\/Dark Team Red\"}]},{\"@type\":\"WebSite\",\"@id\":\"https:\/\/tourcruiser.com\/de\/#website\",\"url\":\"https:\/\/tourcruiser.com\/de\/\",\"name\":\"Styloral Jewelry Shop\",\"description\":\"Tourcruiser Sneaker Store \u2014 der Ort, an dem das Universum deine Einzigartigkeit trifft.\",\"publisher\":{\"@id\":\"https:\/\/tourcruiser.com\/de\/#organization\"},\"potentialAction\":[{\"@type\":\"SearchAction\",\"target\":{\"@type\":\"EntryPoint\",\"urlTemplate\":\"https:\/\/tourcruiser.com\/de\/?s={search_term_string}\"},\"query-input\":{\"@type\":\"PropertyValueSpecification\",\"valueRequired\":true,\"valueName\":\"search_term_string\"}}],\"inLanguage\":\"de\"},{\"@type\":\"Organization\",\"@id\":\"https:\/\/tourcruiser.com\/de\/#organization\",\"name\":\"STYLORAL PTE. LTD\",\"url\":\"https:\/\/tourcruiser.com\/de\/\",\"logo\":{\"@type\":\"ImageObject\",\"inLanguage\":\"de\",\"@id\":\"https:\/\/tourcruiser.com\/de\/#\/schema\/logo\/image\/\",\"url\":\"https:\/\/www.tourcruiser.com\/wp-content\/uploads\/2025\/12\/logo.png\",\"contentUrl\":\"https:\/\/www.tourcruiser.com\/wp-content\/uploads\/2025\/12\/logo.png\",\"width\":200,\"height\":65,\"caption\":\"STYLORAL PTE. LTD\"},\"image\":{\"@id\":\"https:\/\/tourcruiser.com\/de\/#\/schema\/logo\/image\/\"}}]}<\/script>\n<!-- \/ Yoast SEO plugin. -->","yoast_head_json":{"title":"Nike ReactX Rejuvenate Dark Team Red\/Dark Team Red\/Dark Team Red  - Tourcruiser PTE. LTD","robots":{"index":"index","follow":"follow","max-snippet":"max-snippet:-1","max-image-preview":"max-image-preview:large","max-video-preview":"max-video-preview:-1"},"canonical":"https:\/\/tourcruiser.com\/de\/products\/nike-reactx-rejuvenate-dark-team-reddark-team-reddark-team-red\/","og_locale":"de_DE","og_type":"article","og_title":"Nike ReactX Rejuvenate Dark Team Red\/Dark Team Red\/Dark Team Red  - Tourcruiser PTE. LTD","og_description":"Nike ReactX Rejuvenate \u201d\u201d Dark Team Red\/Dark Team Red\/Dark Team Red","og_url":"https:\/\/tourcruiser.com\/de\/products\/nike-reactx-rejuvenate-dark-team-reddark-team-reddark-team-red\/","og_site_name":"Tourcruiser Sneaker Store","article_modified_time":"2026-03-27T18:06:16+00:00","twitter_card":"summary_large_image","twitter_image":"https:\/\/images.novelship.com\/product\/nike_reactx_rejuvenate_dark_team_red_dark_team_red_0_10555.png;https:\/\/images.novelship.com\/product\/nike_reactx_rejuvenate_dark_team_red_dark_team_red_1_10555.png;https:\/\/images.novelship.com\/product\/nike_reactx_rejuvenate_dark_team_red_dark_team_red_2_10555.png;https:\/\/images.novelship.com\/product\/nike_reactx_rejuvenate_dark_team_red_dark_team_red_3_10555.png;https:\/\/images.novelship.com\/product\/nike_reactx_rejuvenate_dark_team_red_dark_team_red_4_10555.png;https:\/\/images.novelship.com\/product\/nike_reactx_rejuvenate_dark_team_red_dark_team_red_5_10555.png;https:\/\/images.novelship.com\/product\/nike_reactx_rejuvenate_dark_team_red_dark_team_red_6_10555.png;https:\/\/images.novelship.com\/product\/nike_reactx_rejuvenate_dark_team_red_dark_team_red_7_10555.png","twitter_misc":{"Gesch\u00e4tzte Lesezeit":"1\u00a0Minute"},"schema":{"@context":"https:\/\/schema.org","@graph":[{"@type":"WebPage","@id":"https:\/\/tourcruiser.com\/de\/products\/nike-reactx-rejuvenate-dark-team-reddark-team-reddark-team-red\/","url":"https:\/\/tourcruiser.com\/de\/products\/nike-reactx-rejuvenate-dark-team-reddark-team-reddark-team-red\/","name":"Nike ReactX Rejuvenate Dark Team Red\/Dark Team Red\/Dark Team Red - Tourcruiser PTE. LTD","isPartOf":{"@id":"https:\/\/tourcruiser.com\/de\/#website"},"primaryImageOfPage":{"@id":"https:\/\/tourcruiser.com\/de\/products\/nike-reactx-rejuvenate-dark-team-reddark-team-reddark-team-red\/#primaryimage"},"image":{"@id":"https:\/\/tourcruiser.com\/de\/products\/nike-reactx-rejuvenate-dark-team-reddark-team-reddark-team-red\/#primaryimage"},"thumbnailUrl":"https:\/\/images.novelship.com\/product\/nike_reactx_rejuvenate_dark_team_red_dark_team_red_0_10555.png;https:\/\/images.novelship.com\/product\/nike_reactx_rejuvenate_dark_team_red_dark_team_red_1_10555.png;https:\/\/images.novelship.com\/product\/nike_reactx_rejuvenate_dark_team_red_dark_team_red_2_10555.png;https:\/\/images.novelship.com\/product\/nike_reactx_rejuvenate_dark_team_red_dark_team_red_3_10555.png;https:\/\/images.novelship.com\/product\/nike_reactx_rejuvenate_dark_team_red_dark_team_red_4_10555.png;https:\/\/images.novelship.com\/product\/nike_reactx_rejuvenate_dark_team_red_dark_team_red_5_10555.png;https:\/\/images.novelship.com\/product\/nike_reactx_rejuvenate_dark_team_red_dark_team_red_6_10555.png;https:\/\/images.novelship.com\/product\/nike_reactx_rejuvenate_dark_team_red_dark_team_red_7_10555.png","datePublished":"2026-03-02T08:22:57+00:00","dateModified":"2026-03-27T18:06:16+00:00","breadcrumb":{"@id":"https:\/\/tourcruiser.com\/de\/products\/nike-reactx-rejuvenate-dark-team-reddark-team-reddark-team-red\/#breadcrumb"},"inLanguage":"de","potentialAction":[{"@type":"ReadAction","target":["https:\/\/tourcruiser.com\/de\/products\/nike-reactx-rejuvenate-dark-team-reddark-team-reddark-team-red\/"]}]},{"@type":"ImageObject","inLanguage":"de","@id":"https:\/\/tourcruiser.com\/de\/products\/nike-reactx-rejuvenate-dark-team-reddark-team-reddark-team-red\/#primaryimage","url":"https:\/\/images.novelship.com\/product\/nike_reactx_rejuvenate_dark_team_red_dark_team_red_0_10555.png;https:\/\/images.novelship.com\/product\/nike_reactx_rejuvenate_dark_team_red_dark_team_red_1_10555.png;https:\/\/images.novelship.com\/product\/nike_reactx_rejuvenate_dark_team_red_dark_team_red_2_10555.png;https:\/\/images.novelship.com\/product\/nike_reactx_rejuvenate_dark_team_red_dark_team_red_3_10555.png;https:\/\/images.novelship.com\/product\/nike_reactx_rejuvenate_dark_team_red_dark_team_red_4_10555.png;https:\/\/images.novelship.com\/product\/nike_reactx_rejuvenate_dark_team_red_dark_team_red_5_10555.png;https:\/\/images.novelship.com\/product\/nike_reactx_rejuvenate_dark_team_red_dark_team_red_6_10555.png;https:\/\/images.novelship.com\/product\/nike_reactx_rejuvenate_dark_team_red_dark_team_red_7_10555.png","contentUrl":"https:\/\/images.novelship.com\/product\/nike_reactx_rejuvenate_dark_team_red_dark_team_red_0_10555.png;https:\/\/images.novelship.com\/product\/nike_reactx_rejuvenate_dark_team_red_dark_team_red_1_10555.png;https:\/\/images.novelship.com\/product\/nike_reactx_rejuvenate_dark_team_red_dark_team_red_2_10555.png;https:\/\/images.novelship.com\/product\/nike_reactx_rejuvenate_dark_team_red_dark_team_red_3_10555.png;https:\/\/images.novelship.com\/product\/nike_reactx_rejuvenate_dark_team_red_dark_team_red_4_10555.png;https:\/\/images.novelship.com\/product\/nike_reactx_rejuvenate_dark_team_red_dark_team_red_5_10555.png;https:\/\/images.novelship.com\/product\/nike_reactx_rejuvenate_dark_team_red_dark_team_red_6_10555.png;https:\/\/images.novelship.com\/product\/nike_reactx_rejuvenate_dark_team_red_dark_team_red_7_10555.png"},{"@type":"BreadcrumbList","@id":"https:\/\/tourcruiser.com\/de\/products\/nike-reactx-rejuvenate-dark-team-reddark-team-reddark-team-red\/#breadcrumb","itemListElement":[{"@type":"ListItem","position":1,"name":"Home","item":"https:\/\/tourcruiser.com\/de\/"},{"@type":"ListItem","position":2,"name":"Shop","item":"https:\/\/tourcruiser.com\/de\/shop\/"},{"@type":"ListItem","position":3,"name":"Nike ReactX Rejuvenate Dark Team Red\/Dark Team Red\/Dark Team Red"}]},{"@type":"WebSite","@id":"https:\/\/tourcruiser.com\/de\/#website","url":"https:\/\/tourcruiser.com\/de\/","name":"Styloral Jewelry Shop","description":"Tourcruiser Sneaker Store \u2014 der Ort, an dem das Universum deine Einzigartigkeit trifft.","publisher":{"@id":"https:\/\/tourcruiser.com\/de\/#organization"},"potentialAction":[{"@type":"SearchAction","target":{"@type":"EntryPoint","urlTemplate":"https:\/\/tourcruiser.com\/de\/?s={search_term_string}"},"query-input":{"@type":"PropertyValueSpecification","valueRequired":true,"valueName":"search_term_string"}}],"inLanguage":"de"},{"@type":"Organization","@id":"https:\/\/tourcruiser.com\/de\/#organization","name":"STYLORAL PTE. LTD","url":"https:\/\/tourcruiser.com\/de\/","logo":{"@type":"ImageObject","inLanguage":"de","@id":"https:\/\/tourcruiser.com\/de\/#\/schema\/logo\/image\/","url":"https:\/\/www.tourcruiser.com\/wp-content\/uploads\/2025\/12\/logo.png","contentUrl":"https:\/\/www.tourcruiser.com\/wp-content\/uploads\/2025\/12\/logo.png","width":200,"height":65,"caption":"STYLORAL PTE. LTD"},"image":{"@id":"https:\/\/tourcruiser.com\/de\/#\/schema\/logo\/image\/"}}]}},"_links":{"self":[{"href":"https:\/\/tourcruiser.com\/de\/wp-json\/wp\/v2\/product\/75499","targetHints":{"allow":["GET"]}}],"collection":[{"href":"https:\/\/tourcruiser.com\/de\/wp-json\/wp\/v2\/product"}],"about":[{"href":"https:\/\/tourcruiser.com\/de\/wp-json\/wp\/v2\/types\/product"}],"replies":[{"embeddable":true,"href":"https:\/\/tourcruiser.com\/de\/wp-json\/wp\/v2\/comments?post=75499"}],"wp:featuredmedia":[{"embeddable":true,"href":"https:\/\/tourcruiser.com\/de\/wp-json\/wp\/v2\/media\/75500"}],"wp:attachment":[{"href":"https:\/\/tourcruiser.com\/de\/wp-json\/wp\/v2\/media?parent=75499"}],"wp:term":[{"taxonomy":"product_brand","embeddable":true,"href":"https:\/\/tourcruiser.com\/de\/wp-json\/wp\/v2\/product_brand?post=75499"},{"taxonomy":"product_cat","embeddable":true,"href":"https:\/\/tourcruiser.com\/de\/wp-json\/wp\/v2\/product_cat?post=75499"},{"taxonomy":"product_tag","embeddable":true,"href":"https:\/\/tourcruiser.com\/de\/wp-json\/wp\/v2\/product_tag?post=75499"}],"curies":[{"name":"wp","href":"https:\/\/api.w.org\/{rel}","templated":true}]}}