{"id":74673,"date":"2026-03-02T15:22:47","date_gmt":"2026-03-02T08:22:47","guid":{"rendered":"http:\/\/tourcruiser.com\/product\/adidas-dropset-3-white-gum"},"modified":"2026-03-28T01:06:12","modified_gmt":"2026-03-27T18:06:12","slug":"adidas-dropset-3-white-gum","status":"publish","type":"product","link":"https:\/\/tourcruiser.com\/de\/products\/adidas-dropset-3-white-gum\/","title":{"rendered":"adidas Dropset 3 &#8218;White Gum&#8216;"},"content":{"rendered":"<p>Verbessere dein Training mit dem Adidas Dropset 3 &#8218;White Gum&#8216; ID8628. Diese vielseitigen Trainingsschuhe bieten ein elegantes wei\u00dfes Design mit einer klassischen Gummisohle und vereinen Stil und Funktionalit\u00e4t. Sie wurden f\u00fcr optimale Leistung entwickelt und verf\u00fcgen \u00fcber ein atmungsaktives Obermaterial und eine reaktionsfreudige D\u00e4mpfung f\u00fcr mehr Komfort und Unterst\u00fctzung beim Training. Die strapazierf\u00e4hige Sohle sorgt f\u00fcr Grip auf jedem Untergrund und macht sie perfekt f\u00fcr Fitnessstudio und Freizeit. Werte deine Sportbekleidung mit diesen stylischen und leistungsstarken Adidas-Trainingsschuhen auf.<\/p>\n<ul>\n<li><strong>Farbgebung:<\/strong> Cloud White\/Crystal White\/Crystal White<\/li>\n<li><strong>Artikelnummer:<\/strong> ID8628<\/li>\n<li><strong>Obermaterial:<\/strong> Textil<\/li>\n<li><strong>Zwischensohle:<\/strong> EVA<\/li>\n<li><strong>Farbe:<\/strong> Wei\u00df<\/li>\n<li><strong>Erscheinungsjahr:<\/strong> 2024<\/li>\n<\/ul>\n","protected":false},"excerpt":{"rendered":"<p>adidas Dropset 3 \u201d\u201d Cloud White\/Crystal White\/Crystal White<\/p>\n","protected":false},"featured_media":74674,"comment_status":"open","ping_status":"closed","template":"","meta":[],"product_brand":[],"product_cat":[10760],"product_tag":[10759,10753,10802,10873,10758],"class_list":{"0":"post-74673","1":"product","2":"type-product","3":"status-publish","4":"has-post-thumbnail","6":"product_cat-adidas","7":"product_tag-adidas","8":"product_tag-gift-for-him","9":"product_tag-performance-sport-shoes","10":"product_tag-training-shoes","11":"product_tag-under-retail","12":"wcpa_has_options","14":"first","15":"outofstock","16":"taxable","17":"shipping-taxable","18":"purchasable","19":"product-type-simple"},"wcpa_form_fields":{"rules":{"pric_overide_base_price":false,"pric_overide_base_price_if_gt_zero":false,"pric_overide_base_price_fully":false,"pric_cal_option_once":false,"pric_use_as_fee":false,"bind_quantity":false,"quantity_bind_formula":false},"fields":[{"type":"color-group","required":true,"elementId":"wcpa-color-group-66c4a7f817afe","label":"Gr\u00f6\u00dfe","inline":true,"priceOptions":"different_for_all","pricingType":"fixed","className":"hassizechart product-shoes-size-eu product-shoes-size","name":"color-group-66c4a7f817b18","disp_type":"square","selection_type":"tick-border","disp_size":"50","show_label_inside":true,"adjust_width":true,"cart_display_type":"text","other_text":"Other","cl_rule":"show","col":6,"values":[{"label":"35","value":"EU 35","price":"","pimage":"","pimage_id":"","pthumb":"","color":""},{"label":"35.5","value":"EU 35.5","price":"","pimage":"","pimage_id":"","pthumb":"","color":""},{"label":"36","value":"EU 36","price":"","pimage":"","pimage_id":"","pthumb":"","color":"","selected":true},{"label":"36 2\/3","value":"EU 36 2\/3","price":"","pimage":"","pimage_id":"","pthumb":"","color":""},{"label":"37 1\/3","value":"EU 37 1\/3","price":"","pimage":"","pimage_id":"","pthumb":"","color":""},{"label":"38","value":"EU 38","price":"","pimage":"","pimage_id":"","pthumb":"","color":""},{"label":"38 2\/3","value":"EU 38 2\/3","price":"","pimage":"","pimage_id":"","pthumb":"","color":""},{"label":"39 1\/3","value":"EU 39 1\/3","price":"","pimage":"","pimage_id":"","pthumb":"","color":""},{"label":"40","value":"EU 40","price":"","pimage":"","pimage_id":"","pthumb":"","color":""},{"label":"40 2\/3","value":"EU 40 2\/3","price":"","pimage":"","pimage_id":"","pthumb":"","color":""},{"label":"41 1\/3","value":"EU 41 1\/3","price":"","pimage":"","pimage_id":"","pthumb":"","color":""},{"label":"42","value":"EU 42","price":"","pimage":"","pimage_id":"","pthumb":"","color":""},{"label":"42 2\/3","value":"EU 42 2\/3","price":"","pimage":"","pimage_id":"","pthumb":"","color":""},{"label":"43 1\/3","value":"EU 43 1\/3","price":"","pimage":"","pimage_id":"","pthumb":"","color":""},{"label":"44","value":"EU 44","price":"","pimage":"","pimage_id":"","pthumb":"","color":""},{"label":"44 2\/3","value":"EU 44 2\/3","price":"","pimage":"","pimage_id":"","pthumb":"","color":""},{"label":"45 1\/3","value":"EU 45 1\/3","price":"","pimage":"","pimage_id":"","pthumb":"","color":""},{"label":"46","value":"EU 46","price":"","pimage":"","pimage_id":"","pthumb":"","color":""},{"label":"46 2\/3","value":"EU 46 2\/3","price":"","pimage":"","pimage_id":"","pthumb":"","color":""},{"label":"47 1\/3","value":"EU 47 1\/3","price":"","pimage":"","pimage_id":"","pthumb":"","color":""}],"relations":[{"operator":false,"rules":[]}],"form_id":24802,"form_rules":{"pric_cal_option_once":false,"exclude_from_discount":false,"pric_use_as_fee":false,"fee_label":"Fee","render_after_acb":false,"disp_hide_options_price":false}}]},"yoast_head":"<!-- This site is optimized with the Yoast SEO plugin v26.5 - https:\/\/yoast.com\/wordpress\/plugins\/seo\/ -->\n<title>adidas Dropset 3 &#039;White Gum&#039;  - Tourcruiser PTE. LTD<\/title>\n<meta name=\"robots\" content=\"index, follow, max-snippet:-1, max-image-preview:large, max-video-preview:-1\" \/>\n<link rel=\"canonical\" href=\"https:\/\/tourcruiser.com\/de\/products\/adidas-dropset-3-white-gum\/\" \/>\n<meta property=\"og:locale\" content=\"de_DE\" \/>\n<meta property=\"og:type\" content=\"article\" \/>\n<meta property=\"og:title\" content=\"adidas Dropset 3 &#039;White Gum&#039;  - Tourcruiser PTE. LTD\" \/>\n<meta property=\"og:description\" content=\"adidas Dropset 3 \u201d\u201d Cloud White\/Crystal White\/Crystal White\" \/>\n<meta property=\"og:url\" content=\"https:\/\/tourcruiser.com\/de\/products\/adidas-dropset-3-white-gum\/\" \/>\n<meta property=\"og:site_name\" content=\"Tourcruiser Sneaker Store\" \/>\n<meta property=\"article:modified_time\" content=\"2026-03-27T18:06:12+00:00\" \/>\n<meta name=\"twitter:card\" content=\"summary_large_image\" \/>\n<meta name=\"twitter:image\" content=\"https:\/\/images.novelship.com\/product\/adidas_dropset_3__white_gum__id8628_0_81957.jpeg;https:\/\/images.novelship.com\/product\/adidas_dropset_3__white_gum__id8628_1_81957.jpeg;https:\/\/images.novelship.com\/product\/adidas_dropset_3__white_gum__id8628_2_81957.jpeg;https:\/\/images.novelship.com\/product\/adidas_dropset_3__white_gum__id8628_3_81957.jpeg;https:\/\/images.novelship.com\/product\/adidas_dropset_3__white_gum__id8628_4_81957.jpeg\" \/>\n<meta name=\"twitter:label1\" content=\"Gesch\u00e4tzte Lesezeit\" \/>\n\t<meta name=\"twitter:data1\" content=\"1\u00a0Minute\" \/>\n<script type=\"application\/ld+json\" class=\"yoast-schema-graph\">{\"@context\":\"https:\/\/schema.org\",\"@graph\":[{\"@type\":\"WebPage\",\"@id\":\"https:\/\/tourcruiser.com\/de\/products\/adidas-dropset-3-white-gum\/\",\"url\":\"https:\/\/tourcruiser.com\/de\/products\/adidas-dropset-3-white-gum\/\",\"name\":\"adidas Dropset 3 'White Gum' - Tourcruiser PTE. LTD\",\"isPartOf\":{\"@id\":\"https:\/\/tourcruiser.com\/de\/#website\"},\"primaryImageOfPage\":{\"@id\":\"https:\/\/tourcruiser.com\/de\/products\/adidas-dropset-3-white-gum\/#primaryimage\"},\"image\":{\"@id\":\"https:\/\/tourcruiser.com\/de\/products\/adidas-dropset-3-white-gum\/#primaryimage\"},\"thumbnailUrl\":\"https:\/\/images.novelship.com\/product\/adidas_dropset_3__white_gum__id8628_0_81957.jpeg;https:\/\/images.novelship.com\/product\/adidas_dropset_3__white_gum__id8628_1_81957.jpeg;https:\/\/images.novelship.com\/product\/adidas_dropset_3__white_gum__id8628_2_81957.jpeg;https:\/\/images.novelship.com\/product\/adidas_dropset_3__white_gum__id8628_3_81957.jpeg;https:\/\/images.novelship.com\/product\/adidas_dropset_3__white_gum__id8628_4_81957.jpeg\",\"datePublished\":\"2026-03-02T08:22:47+00:00\",\"dateModified\":\"2026-03-27T18:06:12+00:00\",\"breadcrumb\":{\"@id\":\"https:\/\/tourcruiser.com\/de\/products\/adidas-dropset-3-white-gum\/#breadcrumb\"},\"inLanguage\":\"de\",\"potentialAction\":[{\"@type\":\"ReadAction\",\"target\":[\"https:\/\/tourcruiser.com\/de\/products\/adidas-dropset-3-white-gum\/\"]}]},{\"@type\":\"ImageObject\",\"inLanguage\":\"de\",\"@id\":\"https:\/\/tourcruiser.com\/de\/products\/adidas-dropset-3-white-gum\/#primaryimage\",\"url\":\"https:\/\/images.novelship.com\/product\/adidas_dropset_3__white_gum__id8628_0_81957.jpeg;https:\/\/images.novelship.com\/product\/adidas_dropset_3__white_gum__id8628_1_81957.jpeg;https:\/\/images.novelship.com\/product\/adidas_dropset_3__white_gum__id8628_2_81957.jpeg;https:\/\/images.novelship.com\/product\/adidas_dropset_3__white_gum__id8628_3_81957.jpeg;https:\/\/images.novelship.com\/product\/adidas_dropset_3__white_gum__id8628_4_81957.jpeg\",\"contentUrl\":\"https:\/\/images.novelship.com\/product\/adidas_dropset_3__white_gum__id8628_0_81957.jpeg;https:\/\/images.novelship.com\/product\/adidas_dropset_3__white_gum__id8628_1_81957.jpeg;https:\/\/images.novelship.com\/product\/adidas_dropset_3__white_gum__id8628_2_81957.jpeg;https:\/\/images.novelship.com\/product\/adidas_dropset_3__white_gum__id8628_3_81957.jpeg;https:\/\/images.novelship.com\/product\/adidas_dropset_3__white_gum__id8628_4_81957.jpeg\"},{\"@type\":\"BreadcrumbList\",\"@id\":\"https:\/\/tourcruiser.com\/de\/products\/adidas-dropset-3-white-gum\/#breadcrumb\",\"itemListElement\":[{\"@type\":\"ListItem\",\"position\":1,\"name\":\"Home\",\"item\":\"https:\/\/tourcruiser.com\/de\/\"},{\"@type\":\"ListItem\",\"position\":2,\"name\":\"Shop\",\"item\":\"https:\/\/tourcruiser.com\/de\/shop\/\"},{\"@type\":\"ListItem\",\"position\":3,\"name\":\"adidas Dropset 3 'White Gum'\"}]},{\"@type\":\"WebSite\",\"@id\":\"https:\/\/tourcruiser.com\/de\/#website\",\"url\":\"https:\/\/tourcruiser.com\/de\/\",\"name\":\"Styloral Jewelry Shop\",\"description\":\"Tourcruiser Sneaker Store \u2014 der Ort, an dem das Universum deine Einzigartigkeit trifft.\",\"publisher\":{\"@id\":\"https:\/\/tourcruiser.com\/de\/#organization\"},\"potentialAction\":[{\"@type\":\"SearchAction\",\"target\":{\"@type\":\"EntryPoint\",\"urlTemplate\":\"https:\/\/tourcruiser.com\/de\/?s={search_term_string}\"},\"query-input\":{\"@type\":\"PropertyValueSpecification\",\"valueRequired\":true,\"valueName\":\"search_term_string\"}}],\"inLanguage\":\"de\"},{\"@type\":\"Organization\",\"@id\":\"https:\/\/tourcruiser.com\/de\/#organization\",\"name\":\"STYLORAL PTE. LTD\",\"url\":\"https:\/\/tourcruiser.com\/de\/\",\"logo\":{\"@type\":\"ImageObject\",\"inLanguage\":\"de\",\"@id\":\"https:\/\/tourcruiser.com\/de\/#\/schema\/logo\/image\/\",\"url\":\"https:\/\/www.tourcruiser.com\/wp-content\/uploads\/2025\/12\/logo.png\",\"contentUrl\":\"https:\/\/www.tourcruiser.com\/wp-content\/uploads\/2025\/12\/logo.png\",\"width\":200,\"height\":65,\"caption\":\"STYLORAL PTE. LTD\"},\"image\":{\"@id\":\"https:\/\/tourcruiser.com\/de\/#\/schema\/logo\/image\/\"}}]}<\/script>\n<!-- \/ Yoast SEO plugin. -->","yoast_head_json":{"title":"adidas Dropset 3 'White Gum'  - Tourcruiser PTE. LTD","robots":{"index":"index","follow":"follow","max-snippet":"max-snippet:-1","max-image-preview":"max-image-preview:large","max-video-preview":"max-video-preview:-1"},"canonical":"https:\/\/tourcruiser.com\/de\/products\/adidas-dropset-3-white-gum\/","og_locale":"de_DE","og_type":"article","og_title":"adidas Dropset 3 'White Gum'  - Tourcruiser PTE. LTD","og_description":"adidas Dropset 3 \u201d\u201d Cloud White\/Crystal White\/Crystal White","og_url":"https:\/\/tourcruiser.com\/de\/products\/adidas-dropset-3-white-gum\/","og_site_name":"Tourcruiser Sneaker Store","article_modified_time":"2026-03-27T18:06:12+00:00","twitter_card":"summary_large_image","twitter_image":"https:\/\/images.novelship.com\/product\/adidas_dropset_3__white_gum__id8628_0_81957.jpeg;https:\/\/images.novelship.com\/product\/adidas_dropset_3__white_gum__id8628_1_81957.jpeg;https:\/\/images.novelship.com\/product\/adidas_dropset_3__white_gum__id8628_2_81957.jpeg;https:\/\/images.novelship.com\/product\/adidas_dropset_3__white_gum__id8628_3_81957.jpeg;https:\/\/images.novelship.com\/product\/adidas_dropset_3__white_gum__id8628_4_81957.jpeg","twitter_misc":{"Gesch\u00e4tzte Lesezeit":"1\u00a0Minute"},"schema":{"@context":"https:\/\/schema.org","@graph":[{"@type":"WebPage","@id":"https:\/\/tourcruiser.com\/de\/products\/adidas-dropset-3-white-gum\/","url":"https:\/\/tourcruiser.com\/de\/products\/adidas-dropset-3-white-gum\/","name":"adidas Dropset 3 'White Gum' - Tourcruiser PTE. LTD","isPartOf":{"@id":"https:\/\/tourcruiser.com\/de\/#website"},"primaryImageOfPage":{"@id":"https:\/\/tourcruiser.com\/de\/products\/adidas-dropset-3-white-gum\/#primaryimage"},"image":{"@id":"https:\/\/tourcruiser.com\/de\/products\/adidas-dropset-3-white-gum\/#primaryimage"},"thumbnailUrl":"https:\/\/images.novelship.com\/product\/adidas_dropset_3__white_gum__id8628_0_81957.jpeg;https:\/\/images.novelship.com\/product\/adidas_dropset_3__white_gum__id8628_1_81957.jpeg;https:\/\/images.novelship.com\/product\/adidas_dropset_3__white_gum__id8628_2_81957.jpeg;https:\/\/images.novelship.com\/product\/adidas_dropset_3__white_gum__id8628_3_81957.jpeg;https:\/\/images.novelship.com\/product\/adidas_dropset_3__white_gum__id8628_4_81957.jpeg","datePublished":"2026-03-02T08:22:47+00:00","dateModified":"2026-03-27T18:06:12+00:00","breadcrumb":{"@id":"https:\/\/tourcruiser.com\/de\/products\/adidas-dropset-3-white-gum\/#breadcrumb"},"inLanguage":"de","potentialAction":[{"@type":"ReadAction","target":["https:\/\/tourcruiser.com\/de\/products\/adidas-dropset-3-white-gum\/"]}]},{"@type":"ImageObject","inLanguage":"de","@id":"https:\/\/tourcruiser.com\/de\/products\/adidas-dropset-3-white-gum\/#primaryimage","url":"https:\/\/images.novelship.com\/product\/adidas_dropset_3__white_gum__id8628_0_81957.jpeg;https:\/\/images.novelship.com\/product\/adidas_dropset_3__white_gum__id8628_1_81957.jpeg;https:\/\/images.novelship.com\/product\/adidas_dropset_3__white_gum__id8628_2_81957.jpeg;https:\/\/images.novelship.com\/product\/adidas_dropset_3__white_gum__id8628_3_81957.jpeg;https:\/\/images.novelship.com\/product\/adidas_dropset_3__white_gum__id8628_4_81957.jpeg","contentUrl":"https:\/\/images.novelship.com\/product\/adidas_dropset_3__white_gum__id8628_0_81957.jpeg;https:\/\/images.novelship.com\/product\/adidas_dropset_3__white_gum__id8628_1_81957.jpeg;https:\/\/images.novelship.com\/product\/adidas_dropset_3__white_gum__id8628_2_81957.jpeg;https:\/\/images.novelship.com\/product\/adidas_dropset_3__white_gum__id8628_3_81957.jpeg;https:\/\/images.novelship.com\/product\/adidas_dropset_3__white_gum__id8628_4_81957.jpeg"},{"@type":"BreadcrumbList","@id":"https:\/\/tourcruiser.com\/de\/products\/adidas-dropset-3-white-gum\/#breadcrumb","itemListElement":[{"@type":"ListItem","position":1,"name":"Home","item":"https:\/\/tourcruiser.com\/de\/"},{"@type":"ListItem","position":2,"name":"Shop","item":"https:\/\/tourcruiser.com\/de\/shop\/"},{"@type":"ListItem","position":3,"name":"adidas Dropset 3 'White Gum'"}]},{"@type":"WebSite","@id":"https:\/\/tourcruiser.com\/de\/#website","url":"https:\/\/tourcruiser.com\/de\/","name":"Styloral Jewelry Shop","description":"Tourcruiser Sneaker Store \u2014 der Ort, an dem das Universum deine Einzigartigkeit trifft.","publisher":{"@id":"https:\/\/tourcruiser.com\/de\/#organization"},"potentialAction":[{"@type":"SearchAction","target":{"@type":"EntryPoint","urlTemplate":"https:\/\/tourcruiser.com\/de\/?s={search_term_string}"},"query-input":{"@type":"PropertyValueSpecification","valueRequired":true,"valueName":"search_term_string"}}],"inLanguage":"de"},{"@type":"Organization","@id":"https:\/\/tourcruiser.com\/de\/#organization","name":"STYLORAL PTE. LTD","url":"https:\/\/tourcruiser.com\/de\/","logo":{"@type":"ImageObject","inLanguage":"de","@id":"https:\/\/tourcruiser.com\/de\/#\/schema\/logo\/image\/","url":"https:\/\/www.tourcruiser.com\/wp-content\/uploads\/2025\/12\/logo.png","contentUrl":"https:\/\/www.tourcruiser.com\/wp-content\/uploads\/2025\/12\/logo.png","width":200,"height":65,"caption":"STYLORAL PTE. LTD"},"image":{"@id":"https:\/\/tourcruiser.com\/de\/#\/schema\/logo\/image\/"}}]}},"_links":{"self":[{"href":"https:\/\/tourcruiser.com\/de\/wp-json\/wp\/v2\/product\/74673","targetHints":{"allow":["GET"]}}],"collection":[{"href":"https:\/\/tourcruiser.com\/de\/wp-json\/wp\/v2\/product"}],"about":[{"href":"https:\/\/tourcruiser.com\/de\/wp-json\/wp\/v2\/types\/product"}],"replies":[{"embeddable":true,"href":"https:\/\/tourcruiser.com\/de\/wp-json\/wp\/v2\/comments?post=74673"}],"wp:featuredmedia":[{"embeddable":true,"href":"https:\/\/tourcruiser.com\/de\/wp-json\/wp\/v2\/media\/74674"}],"wp:attachment":[{"href":"https:\/\/tourcruiser.com\/de\/wp-json\/wp\/v2\/media?parent=74673"}],"wp:term":[{"taxonomy":"product_brand","embeddable":true,"href":"https:\/\/tourcruiser.com\/de\/wp-json\/wp\/v2\/product_brand?post=74673"},{"taxonomy":"product_cat","embeddable":true,"href":"https:\/\/tourcruiser.com\/de\/wp-json\/wp\/v2\/product_cat?post=74673"},{"taxonomy":"product_tag","embeddable":true,"href":"https:\/\/tourcruiser.com\/de\/wp-json\/wp\/v2\/product_tag?post=74673"}],"curies":[{"name":"wp","href":"https:\/\/api.w.org\/{rel}","templated":true}]}}