{"id":73098,"date":"2026-03-02T15:22:27","date_gmt":"2026-03-02T08:22:27","guid":{"rendered":"http:\/\/tourcruiser.com\/product\/song-for-the-mute-x-adidas-adistar-cushion-branch-shadow-green"},"modified":"2026-03-28T01:06:00","modified_gmt":"2026-03-27T18:06:00","slug":"song-for-the-mute-x-adidas-adistar-cushion-branch-shadow-green","status":"publish","type":"product","link":"https:\/\/tourcruiser.com\/de\/products\/song-for-the-mute-x-adidas-adistar-cushion-branch-shadow-green\/","title":{"rendered":"Song for the Mute x adidas Adistar Cushion &#8218;Branch Shadow Green&#8216;"},"content":{"rendered":"<p>Erleben Sie unvergleichlichen Komfort mit dem adidas Adistar Cushion Song for the Mute Branch Shadow Green JR8045. Dieser innovative Schuh wurde f\u00fcr Weltenbummler entwickelt und vereint modernste D\u00e4mpfungstechnologie mit einem eleganten, dunkelgr\u00fcnen Farbton f\u00fcr zeitlosen Stil. Er ist perfekt f\u00fcr ambitionierte L\u00e4ufer und alle, die gerne Freizeitschuhe tragen, und bietet reaktionsfreudige Unterst\u00fctzung f\u00fcr maximale Performance bei minimaler Belastung. Bereichern Sie Ihre Sportgarderobe und laufen Sie selbstbewusst in einem Schuh, der Funktionalit\u00e4t und Style perfekt vereint. Mach jeden Kilometer unvergesslich mit adidas.<\/p>\n<ul>\n<li><strong>Farbgebung:<\/strong> Branch\/Shadow Green\/Night Cargo<\/li>\n<li><strong>Style-Code:<\/strong> JR8045<\/li>\n<li><strong>Obermaterial:<\/strong> Mesh<\/li>\n<li><strong>Zwischensohle:<\/strong> Adiprene<\/li>\n<li><strong>Farbe:<\/strong> Gr\u00fcn<\/li>\n<li><strong>Erscheinungsjahr:<\/strong> 2025<\/li>\n<\/ul>\n","protected":false},"excerpt":{"rendered":"<p>adidas Adistar Cushion \u201d\u201d Branch\/Shadow Green\/Night Cargo<\/p>\n","protected":false},"featured_media":73099,"comment_status":"open","ping_status":"closed","template":"","meta":[],"product_brand":[],"product_cat":[10760],"product_tag":[10759,10750,10754,10765,10768,10758],"class_list":{"0":"post-73098","1":"product","2":"type-product","3":"status-publish","4":"has-post-thumbnail","6":"product_cat-adidas","7":"product_tag-adidas","8":"product_tag-athleisure-shoes","9":"product_tag-lifestyle-casual-shoes","10":"product_tag-lifestyle-shoes-running-inspired","11":"product_tag-retro-running-shoes","12":"product_tag-under-retail","13":"wcpa_has_options","15":"first","16":"outofstock","17":"sale","18":"taxable","19":"shipping-taxable","20":"purchasable","21":"product-type-simple"},"wcpa_form_fields":{"rules":{"pric_overide_base_price":false,"pric_overide_base_price_if_gt_zero":false,"pric_overide_base_price_fully":false,"pric_cal_option_once":false,"pric_use_as_fee":false,"bind_quantity":false,"quantity_bind_formula":false},"fields":[{"type":"color-group","required":true,"elementId":"wcpa-color-group-66c4a7f817afe","label":"Gr\u00f6\u00dfe","inline":true,"priceOptions":"different_for_all","pricingType":"fixed","className":"hassizechart product-shoes-size-eu product-shoes-size","name":"color-group-66c4a7f817b18","disp_type":"square","selection_type":"tick-border","disp_size":"50","show_label_inside":true,"adjust_width":true,"cart_display_type":"text","other_text":"Other","cl_rule":"show","col":6,"values":[{"label":"35","value":"EU 35","price":"","pimage":"","pimage_id":"","pthumb":"","color":""},{"label":"35.5","value":"EU 35.5","price":"","pimage":"","pimage_id":"","pthumb":"","color":""},{"label":"36","value":"EU 36","price":"","pimage":"","pimage_id":"","pthumb":"","color":"","selected":true},{"label":"36 2\/3","value":"EU 36 2\/3","price":"","pimage":"","pimage_id":"","pthumb":"","color":""},{"label":"37 1\/3","value":"EU 37 1\/3","price":"","pimage":"","pimage_id":"","pthumb":"","color":""},{"label":"38","value":"EU 38","price":"","pimage":"","pimage_id":"","pthumb":"","color":""},{"label":"38 2\/3","value":"EU 38 2\/3","price":"","pimage":"","pimage_id":"","pthumb":"","color":""},{"label":"39 1\/3","value":"EU 39 1\/3","price":"","pimage":"","pimage_id":"","pthumb":"","color":""},{"label":"40","value":"EU 40","price":"","pimage":"","pimage_id":"","pthumb":"","color":""},{"label":"40 2\/3","value":"EU 40 2\/3","price":"","pimage":"","pimage_id":"","pthumb":"","color":""},{"label":"41 1\/3","value":"EU 41 1\/3","price":"","pimage":"","pimage_id":"","pthumb":"","color":""},{"label":"42","value":"EU 42","price":"","pimage":"","pimage_id":"","pthumb":"","color":""},{"label":"42 2\/3","value":"EU 42 2\/3","price":"","pimage":"","pimage_id":"","pthumb":"","color":""},{"label":"43 1\/3","value":"EU 43 1\/3","price":"","pimage":"","pimage_id":"","pthumb":"","color":""},{"label":"44","value":"EU 44","price":"","pimage":"","pimage_id":"","pthumb":"","color":""},{"label":"44 2\/3","value":"EU 44 2\/3","price":"","pimage":"","pimage_id":"","pthumb":"","color":""},{"label":"45 1\/3","value":"EU 45 1\/3","price":"","pimage":"","pimage_id":"","pthumb":"","color":""},{"label":"46","value":"EU 46","price":"","pimage":"","pimage_id":"","pthumb":"","color":""},{"label":"46 2\/3","value":"EU 46 2\/3","price":"","pimage":"","pimage_id":"","pthumb":"","color":""},{"label":"47 1\/3","value":"EU 47 1\/3","price":"","pimage":"","pimage_id":"","pthumb":"","color":""}],"relations":[{"operator":false,"rules":[]}],"form_id":24802,"form_rules":{"pric_cal_option_once":false,"exclude_from_discount":false,"pric_use_as_fee":false,"fee_label":"Fee","render_after_acb":false,"disp_hide_options_price":false}}]},"yoast_head":"<!-- This site is optimized with the Yoast SEO plugin v26.5 - https:\/\/yoast.com\/wordpress\/plugins\/seo\/ -->\n<title>Song for the Mute x adidas Adistar Cushion &#039;Branch Shadow Green&#039;  - Tourcruiser PTE. LTD<\/title>\n<meta name=\"robots\" content=\"index, follow, max-snippet:-1, max-image-preview:large, max-video-preview:-1\" \/>\n<link rel=\"canonical\" href=\"https:\/\/tourcruiser.com\/de\/products\/song-for-the-mute-x-adidas-adistar-cushion-branch-shadow-green\/\" \/>\n<meta property=\"og:locale\" content=\"de_DE\" \/>\n<meta property=\"og:type\" content=\"article\" \/>\n<meta property=\"og:title\" content=\"Song for the Mute x adidas Adistar Cushion &#039;Branch Shadow Green&#039;  - Tourcruiser PTE. LTD\" \/>\n<meta property=\"og:description\" content=\"adidas Adistar Cushion \u201d\u201d Branch\/Shadow Green\/Night Cargo\" \/>\n<meta property=\"og:url\" content=\"https:\/\/tourcruiser.com\/de\/products\/song-for-the-mute-x-adidas-adistar-cushion-branch-shadow-green\/\" \/>\n<meta property=\"og:site_name\" content=\"Tourcruiser Sneaker Store\" \/>\n<meta property=\"article:modified_time\" content=\"2026-03-27T18:06:00+00:00\" \/>\n<meta name=\"twitter:card\" content=\"summary_large_image\" \/>\n<meta name=\"twitter:image\" content=\"https:\/\/images.novelship.com\/product\/song_for_the_mute_x_adidas_adistar_cushion__branch_0_27412.jpeg;https:\/\/images.novelship.com\/product\/song_for_the_mute_x_adidas_adistar_cushion__branch_1_27412.jpeg;https:\/\/images.novelship.com\/product\/song_for_the_mute_x_adidas_adistar_cushion__branch_2_27412.jpeg;https:\/\/images.novelship.com\/product\/song_for_the_mute_x_adidas_adistar_cushion__branch_3_27412.jpeg;https:\/\/images.novelship.com\/product\/song_for_the_mute_x_adidas_adistar_cushion__branch_4_27412.jpeg;https:\/\/images.novelship.com\/product\/song_for_the_mute_x_adidas_adistar_cushion__branch_5_27412.jpeg\" \/>\n<meta name=\"twitter:label1\" content=\"Gesch\u00e4tzte Lesezeit\" \/>\n\t<meta name=\"twitter:data1\" content=\"1\u00a0Minute\" \/>\n<script type=\"application\/ld+json\" class=\"yoast-schema-graph\">{\"@context\":\"https:\/\/schema.org\",\"@graph\":[{\"@type\":\"WebPage\",\"@id\":\"https:\/\/tourcruiser.com\/de\/products\/song-for-the-mute-x-adidas-adistar-cushion-branch-shadow-green\/\",\"url\":\"https:\/\/tourcruiser.com\/de\/products\/song-for-the-mute-x-adidas-adistar-cushion-branch-shadow-green\/\",\"name\":\"Song for the Mute x adidas Adistar Cushion 'Branch Shadow Green' - Tourcruiser PTE. LTD\",\"isPartOf\":{\"@id\":\"https:\/\/tourcruiser.com\/de\/#website\"},\"primaryImageOfPage\":{\"@id\":\"https:\/\/tourcruiser.com\/de\/products\/song-for-the-mute-x-adidas-adistar-cushion-branch-shadow-green\/#primaryimage\"},\"image\":{\"@id\":\"https:\/\/tourcruiser.com\/de\/products\/song-for-the-mute-x-adidas-adistar-cushion-branch-shadow-green\/#primaryimage\"},\"thumbnailUrl\":\"https:\/\/images.novelship.com\/product\/song_for_the_mute_x_adidas_adistar_cushion__branch_0_27412.jpeg;https:\/\/images.novelship.com\/product\/song_for_the_mute_x_adidas_adistar_cushion__branch_1_27412.jpeg;https:\/\/images.novelship.com\/product\/song_for_the_mute_x_adidas_adistar_cushion__branch_2_27412.jpeg;https:\/\/images.novelship.com\/product\/song_for_the_mute_x_adidas_adistar_cushion__branch_3_27412.jpeg;https:\/\/images.novelship.com\/product\/song_for_the_mute_x_adidas_adistar_cushion__branch_4_27412.jpeg;https:\/\/images.novelship.com\/product\/song_for_the_mute_x_adidas_adistar_cushion__branch_5_27412.jpeg\",\"datePublished\":\"2026-03-02T08:22:27+00:00\",\"dateModified\":\"2026-03-27T18:06:00+00:00\",\"breadcrumb\":{\"@id\":\"https:\/\/tourcruiser.com\/de\/products\/song-for-the-mute-x-adidas-adistar-cushion-branch-shadow-green\/#breadcrumb\"},\"inLanguage\":\"de\",\"potentialAction\":[{\"@type\":\"ReadAction\",\"target\":[\"https:\/\/tourcruiser.com\/de\/products\/song-for-the-mute-x-adidas-adistar-cushion-branch-shadow-green\/\"]}]},{\"@type\":\"ImageObject\",\"inLanguage\":\"de\",\"@id\":\"https:\/\/tourcruiser.com\/de\/products\/song-for-the-mute-x-adidas-adistar-cushion-branch-shadow-green\/#primaryimage\",\"url\":\"https:\/\/images.novelship.com\/product\/song_for_the_mute_x_adidas_adistar_cushion__branch_0_27412.jpeg;https:\/\/images.novelship.com\/product\/song_for_the_mute_x_adidas_adistar_cushion__branch_1_27412.jpeg;https:\/\/images.novelship.com\/product\/song_for_the_mute_x_adidas_adistar_cushion__branch_2_27412.jpeg;https:\/\/images.novelship.com\/product\/song_for_the_mute_x_adidas_adistar_cushion__branch_3_27412.jpeg;https:\/\/images.novelship.com\/product\/song_for_the_mute_x_adidas_adistar_cushion__branch_4_27412.jpeg;https:\/\/images.novelship.com\/product\/song_for_the_mute_x_adidas_adistar_cushion__branch_5_27412.jpeg\",\"contentUrl\":\"https:\/\/images.novelship.com\/product\/song_for_the_mute_x_adidas_adistar_cushion__branch_0_27412.jpeg;https:\/\/images.novelship.com\/product\/song_for_the_mute_x_adidas_adistar_cushion__branch_1_27412.jpeg;https:\/\/images.novelship.com\/product\/song_for_the_mute_x_adidas_adistar_cushion__branch_2_27412.jpeg;https:\/\/images.novelship.com\/product\/song_for_the_mute_x_adidas_adistar_cushion__branch_3_27412.jpeg;https:\/\/images.novelship.com\/product\/song_for_the_mute_x_adidas_adistar_cushion__branch_4_27412.jpeg;https:\/\/images.novelship.com\/product\/song_for_the_mute_x_adidas_adistar_cushion__branch_5_27412.jpeg\"},{\"@type\":\"BreadcrumbList\",\"@id\":\"https:\/\/tourcruiser.com\/de\/products\/song-for-the-mute-x-adidas-adistar-cushion-branch-shadow-green\/#breadcrumb\",\"itemListElement\":[{\"@type\":\"ListItem\",\"position\":1,\"name\":\"Home\",\"item\":\"https:\/\/tourcruiser.com\/de\/\"},{\"@type\":\"ListItem\",\"position\":2,\"name\":\"Shop\",\"item\":\"https:\/\/tourcruiser.com\/de\/shop\/\"},{\"@type\":\"ListItem\",\"position\":3,\"name\":\"Song for the Mute x adidas Adistar Cushion 'Branch Shadow Green'\"}]},{\"@type\":\"WebSite\",\"@id\":\"https:\/\/tourcruiser.com\/de\/#website\",\"url\":\"https:\/\/tourcruiser.com\/de\/\",\"name\":\"Styloral Jewelry Shop\",\"description\":\"Tourcruiser Sneaker Store \u2014 der Ort, an dem das Universum deine Einzigartigkeit trifft.\",\"publisher\":{\"@id\":\"https:\/\/tourcruiser.com\/de\/#organization\"},\"potentialAction\":[{\"@type\":\"SearchAction\",\"target\":{\"@type\":\"EntryPoint\",\"urlTemplate\":\"https:\/\/tourcruiser.com\/de\/?s={search_term_string}\"},\"query-input\":{\"@type\":\"PropertyValueSpecification\",\"valueRequired\":true,\"valueName\":\"search_term_string\"}}],\"inLanguage\":\"de\"},{\"@type\":\"Organization\",\"@id\":\"https:\/\/tourcruiser.com\/de\/#organization\",\"name\":\"STYLORAL PTE. LTD\",\"url\":\"https:\/\/tourcruiser.com\/de\/\",\"logo\":{\"@type\":\"ImageObject\",\"inLanguage\":\"de\",\"@id\":\"https:\/\/tourcruiser.com\/de\/#\/schema\/logo\/image\/\",\"url\":\"https:\/\/www.tourcruiser.com\/wp-content\/uploads\/2025\/12\/logo.png\",\"contentUrl\":\"https:\/\/www.tourcruiser.com\/wp-content\/uploads\/2025\/12\/logo.png\",\"width\":200,\"height\":65,\"caption\":\"STYLORAL PTE. LTD\"},\"image\":{\"@id\":\"https:\/\/tourcruiser.com\/de\/#\/schema\/logo\/image\/\"}}]}<\/script>\n<!-- \/ Yoast SEO plugin. -->","yoast_head_json":{"title":"Song for the Mute x adidas Adistar Cushion 'Branch Shadow Green'  - Tourcruiser PTE. LTD","robots":{"index":"index","follow":"follow","max-snippet":"max-snippet:-1","max-image-preview":"max-image-preview:large","max-video-preview":"max-video-preview:-1"},"canonical":"https:\/\/tourcruiser.com\/de\/products\/song-for-the-mute-x-adidas-adistar-cushion-branch-shadow-green\/","og_locale":"de_DE","og_type":"article","og_title":"Song for the Mute x adidas Adistar Cushion 'Branch Shadow Green'  - Tourcruiser PTE. LTD","og_description":"adidas Adistar Cushion \u201d\u201d Branch\/Shadow Green\/Night Cargo","og_url":"https:\/\/tourcruiser.com\/de\/products\/song-for-the-mute-x-adidas-adistar-cushion-branch-shadow-green\/","og_site_name":"Tourcruiser Sneaker Store","article_modified_time":"2026-03-27T18:06:00+00:00","twitter_card":"summary_large_image","twitter_image":"https:\/\/images.novelship.com\/product\/song_for_the_mute_x_adidas_adistar_cushion__branch_0_27412.jpeg;https:\/\/images.novelship.com\/product\/song_for_the_mute_x_adidas_adistar_cushion__branch_1_27412.jpeg;https:\/\/images.novelship.com\/product\/song_for_the_mute_x_adidas_adistar_cushion__branch_2_27412.jpeg;https:\/\/images.novelship.com\/product\/song_for_the_mute_x_adidas_adistar_cushion__branch_3_27412.jpeg;https:\/\/images.novelship.com\/product\/song_for_the_mute_x_adidas_adistar_cushion__branch_4_27412.jpeg;https:\/\/images.novelship.com\/product\/song_for_the_mute_x_adidas_adistar_cushion__branch_5_27412.jpeg","twitter_misc":{"Gesch\u00e4tzte Lesezeit":"1\u00a0Minute"},"schema":{"@context":"https:\/\/schema.org","@graph":[{"@type":"WebPage","@id":"https:\/\/tourcruiser.com\/de\/products\/song-for-the-mute-x-adidas-adistar-cushion-branch-shadow-green\/","url":"https:\/\/tourcruiser.com\/de\/products\/song-for-the-mute-x-adidas-adistar-cushion-branch-shadow-green\/","name":"Song for the Mute x adidas Adistar Cushion 'Branch Shadow Green' - Tourcruiser PTE. LTD","isPartOf":{"@id":"https:\/\/tourcruiser.com\/de\/#website"},"primaryImageOfPage":{"@id":"https:\/\/tourcruiser.com\/de\/products\/song-for-the-mute-x-adidas-adistar-cushion-branch-shadow-green\/#primaryimage"},"image":{"@id":"https:\/\/tourcruiser.com\/de\/products\/song-for-the-mute-x-adidas-adistar-cushion-branch-shadow-green\/#primaryimage"},"thumbnailUrl":"https:\/\/images.novelship.com\/product\/song_for_the_mute_x_adidas_adistar_cushion__branch_0_27412.jpeg;https:\/\/images.novelship.com\/product\/song_for_the_mute_x_adidas_adistar_cushion__branch_1_27412.jpeg;https:\/\/images.novelship.com\/product\/song_for_the_mute_x_adidas_adistar_cushion__branch_2_27412.jpeg;https:\/\/images.novelship.com\/product\/song_for_the_mute_x_adidas_adistar_cushion__branch_3_27412.jpeg;https:\/\/images.novelship.com\/product\/song_for_the_mute_x_adidas_adistar_cushion__branch_4_27412.jpeg;https:\/\/images.novelship.com\/product\/song_for_the_mute_x_adidas_adistar_cushion__branch_5_27412.jpeg","datePublished":"2026-03-02T08:22:27+00:00","dateModified":"2026-03-27T18:06:00+00:00","breadcrumb":{"@id":"https:\/\/tourcruiser.com\/de\/products\/song-for-the-mute-x-adidas-adistar-cushion-branch-shadow-green\/#breadcrumb"},"inLanguage":"de","potentialAction":[{"@type":"ReadAction","target":["https:\/\/tourcruiser.com\/de\/products\/song-for-the-mute-x-adidas-adistar-cushion-branch-shadow-green\/"]}]},{"@type":"ImageObject","inLanguage":"de","@id":"https:\/\/tourcruiser.com\/de\/products\/song-for-the-mute-x-adidas-adistar-cushion-branch-shadow-green\/#primaryimage","url":"https:\/\/images.novelship.com\/product\/song_for_the_mute_x_adidas_adistar_cushion__branch_0_27412.jpeg;https:\/\/images.novelship.com\/product\/song_for_the_mute_x_adidas_adistar_cushion__branch_1_27412.jpeg;https:\/\/images.novelship.com\/product\/song_for_the_mute_x_adidas_adistar_cushion__branch_2_27412.jpeg;https:\/\/images.novelship.com\/product\/song_for_the_mute_x_adidas_adistar_cushion__branch_3_27412.jpeg;https:\/\/images.novelship.com\/product\/song_for_the_mute_x_adidas_adistar_cushion__branch_4_27412.jpeg;https:\/\/images.novelship.com\/product\/song_for_the_mute_x_adidas_adistar_cushion__branch_5_27412.jpeg","contentUrl":"https:\/\/images.novelship.com\/product\/song_for_the_mute_x_adidas_adistar_cushion__branch_0_27412.jpeg;https:\/\/images.novelship.com\/product\/song_for_the_mute_x_adidas_adistar_cushion__branch_1_27412.jpeg;https:\/\/images.novelship.com\/product\/song_for_the_mute_x_adidas_adistar_cushion__branch_2_27412.jpeg;https:\/\/images.novelship.com\/product\/song_for_the_mute_x_adidas_adistar_cushion__branch_3_27412.jpeg;https:\/\/images.novelship.com\/product\/song_for_the_mute_x_adidas_adistar_cushion__branch_4_27412.jpeg;https:\/\/images.novelship.com\/product\/song_for_the_mute_x_adidas_adistar_cushion__branch_5_27412.jpeg"},{"@type":"BreadcrumbList","@id":"https:\/\/tourcruiser.com\/de\/products\/song-for-the-mute-x-adidas-adistar-cushion-branch-shadow-green\/#breadcrumb","itemListElement":[{"@type":"ListItem","position":1,"name":"Home","item":"https:\/\/tourcruiser.com\/de\/"},{"@type":"ListItem","position":2,"name":"Shop","item":"https:\/\/tourcruiser.com\/de\/shop\/"},{"@type":"ListItem","position":3,"name":"Song for the Mute x adidas Adistar Cushion 'Branch Shadow Green'"}]},{"@type":"WebSite","@id":"https:\/\/tourcruiser.com\/de\/#website","url":"https:\/\/tourcruiser.com\/de\/","name":"Styloral Jewelry Shop","description":"Tourcruiser Sneaker Store \u2014 der Ort, an dem das Universum deine Einzigartigkeit trifft.","publisher":{"@id":"https:\/\/tourcruiser.com\/de\/#organization"},"potentialAction":[{"@type":"SearchAction","target":{"@type":"EntryPoint","urlTemplate":"https:\/\/tourcruiser.com\/de\/?s={search_term_string}"},"query-input":{"@type":"PropertyValueSpecification","valueRequired":true,"valueName":"search_term_string"}}],"inLanguage":"de"},{"@type":"Organization","@id":"https:\/\/tourcruiser.com\/de\/#organization","name":"STYLORAL PTE. LTD","url":"https:\/\/tourcruiser.com\/de\/","logo":{"@type":"ImageObject","inLanguage":"de","@id":"https:\/\/tourcruiser.com\/de\/#\/schema\/logo\/image\/","url":"https:\/\/www.tourcruiser.com\/wp-content\/uploads\/2025\/12\/logo.png","contentUrl":"https:\/\/www.tourcruiser.com\/wp-content\/uploads\/2025\/12\/logo.png","width":200,"height":65,"caption":"STYLORAL PTE. LTD"},"image":{"@id":"https:\/\/tourcruiser.com\/de\/#\/schema\/logo\/image\/"}}]}},"_links":{"self":[{"href":"https:\/\/tourcruiser.com\/de\/wp-json\/wp\/v2\/product\/73098","targetHints":{"allow":["GET"]}}],"collection":[{"href":"https:\/\/tourcruiser.com\/de\/wp-json\/wp\/v2\/product"}],"about":[{"href":"https:\/\/tourcruiser.com\/de\/wp-json\/wp\/v2\/types\/product"}],"replies":[{"embeddable":true,"href":"https:\/\/tourcruiser.com\/de\/wp-json\/wp\/v2\/comments?post=73098"}],"wp:featuredmedia":[{"embeddable":true,"href":"https:\/\/tourcruiser.com\/de\/wp-json\/wp\/v2\/media\/73099"}],"wp:attachment":[{"href":"https:\/\/tourcruiser.com\/de\/wp-json\/wp\/v2\/media?parent=73098"}],"wp:term":[{"taxonomy":"product_brand","embeddable":true,"href":"https:\/\/tourcruiser.com\/de\/wp-json\/wp\/v2\/product_brand?post=73098"},{"taxonomy":"product_cat","embeddable":true,"href":"https:\/\/tourcruiser.com\/de\/wp-json\/wp\/v2\/product_cat?post=73098"},{"taxonomy":"product_tag","embeddable":true,"href":"https:\/\/tourcruiser.com\/de\/wp-json\/wp\/v2\/product_tag?post=73098"}],"curies":[{"name":"wp","href":"https:\/\/api.w.org\/{rel}","templated":true}]}}