{"id":72729,"date":"2026-03-02T15:22:23","date_gmt":"2026-03-02T08:22:23","guid":{"rendered":"http:\/\/tourcruiser.com\/product\/asics-ds-light-advance-wide"},"modified":"2026-03-28T01:05:59","modified_gmt":"2026-03-27T18:05:59","slug":"asics-ds-light-advance-wide","status":"publish","type":"product","link":"https:\/\/tourcruiser.com\/de\/products\/asics-ds-light-advance-wide\/","title":{"rendered":"ASICS DS LIGHT ADVANCE WIDE"},"content":{"rendered":"<p>Erlebe \u00fcberragende Leistung auf dem Spielfeld mit dem ASICS DS LIGHT ADVANCE WIDE 1103A098-750, einem Premium-Fu\u00dfballschuh f\u00fcr Spieler mit breiten F\u00fc\u00dfen, die Komfort, Pr\u00e4zision und Schnelligkeit suchen. Das leichte und dennoch strapazierf\u00e4hige Synthetik-Obermaterial sorgt f\u00fcr au\u00dfergew\u00f6hnliche Ballkontrolle und hervorragende Atmungsaktivit\u00e4t auch bei intensiven Spielen. Das fortschrittliche Wide-Fit-Design bietet Platz f\u00fcr breitere F\u00fc\u00dfe, ohne die Stabilit\u00e4t einzuschr\u00e4nken, und garantiert so einen sicheren und individuellen Sitz f\u00fcr optimale Bewegungsfreiheit. Die reaktionsfreudige Sohle mit strategisch platzierten Stollen verbessert Grip und Agilit\u00e4t auf Naturrasen und erm\u00f6glicht schnelle Richtungswechsel mit Selbstvertrauen. Der auff\u00e4llige gelbe Schuh verleiht deinem Spiel eine dynamische Note und wurde f\u00fcr Athleten entwickelt, die Wert auf Stil und H\u00f6chstleistung legen. Der ASICS DS LIGHT ADVANCE WIDE 1103A098-750 ist perfekt f\u00fcr Amateur- und Profispieler gleicherma\u00dfen und vereint Innovation und Komfort, um dein Spiel zu verbessern und dir einen Vorsprung vor der Konkurrenz zu verschaffen.<\/p>\n<ul>\n<li><strong>Farbgebung:<\/strong> Sicherheitsgelb\/Schwarz<\/li>\n<li><strong>Artikelnummer:<\/strong> 1103A098-750<\/li>\n<li><strong>Farbe:<\/strong> Gelb<\/li>\n<\/ul>\n","protected":false},"excerpt":{"rendered":"<p>ASICS DS LIGHT ADVANCE WIDE \u201d\u201d Safety Yellow\/Black<\/p>\n","protected":false},"featured_media":72730,"comment_status":"open","ping_status":"closed","template":"","meta":[],"product_brand":[],"product_cat":[10792],"product_tag":[10791,11087,10802,10986,10987,10758,12626],"class_list":{"0":"post-72729","1":"product","2":"type-product","3":"status-publish","4":"has-post-thumbnail","6":"product_cat-asics","7":"product_tag-asics","8":"product_tag-firm-ground-fg-football-boots","9":"product_tag-performance-sport-shoes","10":"product_tag-soccer-shoes","11":"product_tag-soccer-shoes-football-cleats","12":"product_tag-under-retail","13":"product_tag-wide-football-boots","14":"wcpa_has_options","16":"first","17":"outofstock","18":"taxable","19":"shipping-taxable","20":"purchasable","21":"product-type-simple"},"wcpa_form_fields":{"rules":{"pric_overide_base_price":false,"pric_overide_base_price_if_gt_zero":false,"pric_overide_base_price_fully":false,"pric_cal_option_once":false,"pric_use_as_fee":false,"bind_quantity":false,"quantity_bind_formula":false},"fields":[{"type":"color-group","required":true,"elementId":"wcpa-color-group-69a5ab08ee12d","label":"Gr\u00f6\u00dfe","inline":true,"priceOptions":"different_for_all","pricingType":"fixed","className":"hassizechart product-shoes-size-eu product-shoes-size","name":"color-group-69a5ab08ee136","disp_type":"square","selection_type":"tick-border","disp_size":"50","show_label_inside":true,"adjust_width":true,"cart_display_type":"text","other_text":"Other","cl_rule":"show","col":6,"values":[{"label":"36","value":"EU 36","price":"","pimage":"","pimage_id":"","pthumb":"","color":"","selected":true},{"label":"37","value":"EU 37","price":"","pimage":"","pimage_id":"","pthumb":"","color":""},{"label":"37.5","value":"EU 37.5","price":"","pimage":"","pimage_id":"","pthumb":"","color":""},{"label":"38","value":"EU 38","price":"","pimage":"","pimage_id":"","pthumb":"","color":""},{"label":"38.5","value":"EU 38.5","price":"","pimage":"","pimage_id":"","pthumb":"","color":""},{"label":"39","value":"EU 39","price":"","pimage":"","pimage_id":"","pthumb":"","color":""},{"label":"39.5","value":"EU 39.5","price":"","pimage":"","pimage_id":"","pthumb":"","color":""},{"label":"40","value":"EU 40","price":"","pimage":"","pimage_id":"","pthumb":"","color":""},{"label":"40.5","value":"EU 40.5","price":"","pimage":"","pimage_id":"","pthumb":"","color":""},{"label":" 41.5","value":"EU 41.5","price":"","pimage":"","pimage_id":"","pthumb":"","color":""},{"label":"42","value":"EU 42","price":"","pimage":"","pimage_id":"","pthumb":"","color":""},{"label":"42.5","value":"EU 42.5","price":"","pimage":"","pimage_id":"","pthumb":"","color":""},{"label":"43.5","value":"EU 43.5","price":"","pimage":"","pimage_id":"","pthumb":"","color":""},{"label":"44","value":"EU 44","price":"","pimage":"","pimage_id":"","pthumb":"","color":""},{"label":"44.5","value":"EU 44.5","price":"","pimage":"","pimage_id":"","pthumb":"","color":""},{"label":"45","value":"EU 45","price":"","pimage":"","pimage_id":"","pthumb":"","color":""}],"relations":[{"operator":false,"rules":[]}],"form_id":184311,"form_rules":{"pric_cal_option_once":false,"exclude_from_discount":false,"pric_use_as_fee":false,"fee_label":"Fee","render_after_acb":false,"disp_hide_options_price":false}}]},"yoast_head":"<!-- This site is optimized with the Yoast SEO plugin v26.5 - https:\/\/yoast.com\/wordpress\/plugins\/seo\/ -->\n<title>ASICS DS LIGHT ADVANCE WIDE  - Tourcruiser PTE. LTD<\/title>\n<meta name=\"robots\" content=\"index, follow, max-snippet:-1, max-image-preview:large, max-video-preview:-1\" \/>\n<link rel=\"canonical\" href=\"https:\/\/tourcruiser.com\/\" \/>\n<meta property=\"og:locale\" content=\"de_DE\" \/>\n<meta property=\"og:type\" content=\"article\" \/>\n<meta property=\"og:title\" content=\"ASICS DS LIGHT ADVANCE WIDE  - Tourcruiser PTE. LTD\" \/>\n<meta property=\"og:description\" content=\"ASICS DS LIGHT ADVANCE WIDE \u201d\u201d Safety Yellow\/Black\" \/>\n<meta property=\"og:url\" content=\"\/\" \/>\n<meta property=\"og:site_name\" content=\"Tourcruiser Sneaker Store\" \/>\n<meta property=\"article:modified_time\" content=\"2026-03-27T18:05:59+00:00\" \/>\n<meta name=\"twitter:card\" content=\"summary_large_image\" \/>\n<meta name=\"twitter:image\" content=\"https:\/\/images.novelship.com\/product\/asics_ds_light_advance_wide_1103a098-750_0_27415.jpeg;https:\/\/images.novelship.com\/product\/asics_ds_light_advance_wide_1103a098-750_1_27415.jpeg;https:\/\/images.novelship.com\/product\/asics_ds_light_advance_wide_1103a098-750_2_27415.jpeg;https:\/\/images.novelship.com\/product\/asics_ds_light_advance_wide_1103a098-750_3_27416.jpeg;https:\/\/images.novelship.com\/product\/asics_ds_light_advance_wide_1103a098-750_4_27416.jpeg;https:\/\/images.novelship.com\/product\/asics_ds_light_advance_wide_1103a098-750_5_27416.jpeg;https:\/\/images.novelship.com\/product\/asics_ds_light_advance_wide_1103a098-750_6_27416.jpeg;https:\/\/images.novelship.com\/product\/asics_ds_light_advance_wide_1103a098-750_7_27416.jpeg;https:\/\/images.novelship.com\/product\/asics_ds_light_advance_wide_1103a098-750_8_27416.jpeg;https:\/\/images.novelship.com\/product\/asics_ds_light_advance_wide_1103a098-750_9_27416.jpeg;https:\/\/images.novelship.com\/product\/asics_ds_light_advance_wide_1103a098-750_10_27416.jpeg;https:\/\/images.novelship.com\/product\/asics_ds_light_advance_wide_1103a098-750_11_27416.jpeg;https:\/\/images.novelship.com\/product\/asics_ds_light_advance_wide_1103a098-750_12_27416.jpeg;https:\/\/images.novelship.com\/product\/asics_ds_light_advance_wide_1103a098-750_13_27416.jpeg;https:\/\/images.novelship.com\/product\/asics_ds_light_advance_wide_1103a098-750_14_27416.jpeg;https:\/\/images.novelship.com\/product\/asics_ds_light_advance_wide_1103a098-750_15_27416.jpeg\" \/>\n<meta name=\"twitter:label1\" content=\"Gesch\u00e4tzte Lesezeit\" \/>\n\t<meta name=\"twitter:data1\" content=\"1\u00a0Minute\" \/>\n<script type=\"application\/ld+json\" class=\"yoast-schema-graph\">{\"@context\":\"https:\/\/schema.org\",\"@graph\":[{\"@type\":\"WebPage\",\"@id\":\"\/\",\"url\":\"https:\/\/tourcruiser.com\/\",\"name\":\"ASICS DS LIGHT ADVANCE WIDE - Tourcruiser PTE. LTD\",\"isPartOf\":{\"@id\":\"https:\/\/tourcruiser.com\/de\/#website\"},\"primaryImageOfPage\":{\"@id\":\"https:\/\/tourcruiser.com\/#primaryimage\"},\"image\":{\"@id\":\"https:\/\/tourcruiser.com\/#primaryimage\"},\"thumbnailUrl\":\"https:\/\/images.novelship.com\/product\/asics_ds_light_advance_wide_1103a098-750_0_27415.jpeg;https:\/\/images.novelship.com\/product\/asics_ds_light_advance_wide_1103a098-750_1_27415.jpeg;https:\/\/images.novelship.com\/product\/asics_ds_light_advance_wide_1103a098-750_2_27415.jpeg;https:\/\/images.novelship.com\/product\/asics_ds_light_advance_wide_1103a098-750_3_27416.jpeg;https:\/\/images.novelship.com\/product\/asics_ds_light_advance_wide_1103a098-750_4_27416.jpeg;https:\/\/images.novelship.com\/product\/asics_ds_light_advance_wide_1103a098-750_5_27416.jpeg;https:\/\/images.novelship.com\/product\/asics_ds_light_advance_wide_1103a098-750_6_27416.jpeg;https:\/\/images.novelship.com\/product\/asics_ds_light_advance_wide_1103a098-750_7_27416.jpeg;https:\/\/images.novelship.com\/product\/asics_ds_light_advance_wide_1103a098-750_8_27416.jpeg;https:\/\/images.novelship.com\/product\/asics_ds_light_advance_wide_1103a098-750_9_27416.jpeg;https:\/\/images.novelship.com\/product\/asics_ds_light_advance_wide_1103a098-750_10_27416.jpeg;https:\/\/images.novelship.com\/product\/asics_ds_light_advance_wide_1103a098-750_11_27416.jpeg;https:\/\/images.novelship.com\/product\/asics_ds_light_advance_wide_1103a098-750_12_27416.jpeg;https:\/\/images.novelship.com\/product\/asics_ds_light_advance_wide_1103a098-750_13_27416.jpeg;https:\/\/images.novelship.com\/product\/asics_ds_light_advance_wide_1103a098-750_14_27416.jpeg;https:\/\/images.novelship.com\/product\/asics_ds_light_advance_wide_1103a098-750_15_27416.jpeg\",\"datePublished\":\"2026-03-02T08:22:23+00:00\",\"dateModified\":\"2026-03-27T18:05:59+00:00\",\"breadcrumb\":{\"@id\":\"https:\/\/tourcruiser.com\/#breadcrumb\"},\"inLanguage\":\"de\",\"potentialAction\":[{\"@type\":\"ReadAction\",\"target\":[\"https:\/\/tourcruiser.com\/\"]}]},{\"@type\":\"ImageObject\",\"inLanguage\":\"de\",\"@id\":\"https:\/\/tourcruiser.com\/#primaryimage\",\"url\":\"https:\/\/images.novelship.com\/product\/asics_ds_light_advance_wide_1103a098-750_0_27415.jpeg;https:\/\/images.novelship.com\/product\/asics_ds_light_advance_wide_1103a098-750_1_27415.jpeg;https:\/\/images.novelship.com\/product\/asics_ds_light_advance_wide_1103a098-750_2_27415.jpeg;https:\/\/images.novelship.com\/product\/asics_ds_light_advance_wide_1103a098-750_3_27416.jpeg;https:\/\/images.novelship.com\/product\/asics_ds_light_advance_wide_1103a098-750_4_27416.jpeg;https:\/\/images.novelship.com\/product\/asics_ds_light_advance_wide_1103a098-750_5_27416.jpeg;https:\/\/images.novelship.com\/product\/asics_ds_light_advance_wide_1103a098-750_6_27416.jpeg;https:\/\/images.novelship.com\/product\/asics_ds_light_advance_wide_1103a098-750_7_27416.jpeg;https:\/\/images.novelship.com\/product\/asics_ds_light_advance_wide_1103a098-750_8_27416.jpeg;https:\/\/images.novelship.com\/product\/asics_ds_light_advance_wide_1103a098-750_9_27416.jpeg;https:\/\/images.novelship.com\/product\/asics_ds_light_advance_wide_1103a098-750_10_27416.jpeg;https:\/\/images.novelship.com\/product\/asics_ds_light_advance_wide_1103a098-750_11_27416.jpeg;https:\/\/images.novelship.com\/product\/asics_ds_light_advance_wide_1103a098-750_12_27416.jpeg;https:\/\/images.novelship.com\/product\/asics_ds_light_advance_wide_1103a098-750_13_27416.jpeg;https:\/\/images.novelship.com\/product\/asics_ds_light_advance_wide_1103a098-750_14_27416.jpeg;https:\/\/images.novelship.com\/product\/asics_ds_light_advance_wide_1103a098-750_15_27416.jpeg\",\"contentUrl\":\"https:\/\/images.novelship.com\/product\/asics_ds_light_advance_wide_1103a098-750_0_27415.jpeg;https:\/\/images.novelship.com\/product\/asics_ds_light_advance_wide_1103a098-750_1_27415.jpeg;https:\/\/images.novelship.com\/product\/asics_ds_light_advance_wide_1103a098-750_2_27415.jpeg;https:\/\/images.novelship.com\/product\/asics_ds_light_advance_wide_1103a098-750_3_27416.jpeg;https:\/\/images.novelship.com\/product\/asics_ds_light_advance_wide_1103a098-750_4_27416.jpeg;https:\/\/images.novelship.com\/product\/asics_ds_light_advance_wide_1103a098-750_5_27416.jpeg;https:\/\/images.novelship.com\/product\/asics_ds_light_advance_wide_1103a098-750_6_27416.jpeg;https:\/\/images.novelship.com\/product\/asics_ds_light_advance_wide_1103a098-750_7_27416.jpeg;https:\/\/images.novelship.com\/product\/asics_ds_light_advance_wide_1103a098-750_8_27416.jpeg;https:\/\/images.novelship.com\/product\/asics_ds_light_advance_wide_1103a098-750_9_27416.jpeg;https:\/\/images.novelship.com\/product\/asics_ds_light_advance_wide_1103a098-750_10_27416.jpeg;https:\/\/images.novelship.com\/product\/asics_ds_light_advance_wide_1103a098-750_11_27416.jpeg;https:\/\/images.novelship.com\/product\/asics_ds_light_advance_wide_1103a098-750_12_27416.jpeg;https:\/\/images.novelship.com\/product\/asics_ds_light_advance_wide_1103a098-750_13_27416.jpeg;https:\/\/images.novelship.com\/product\/asics_ds_light_advance_wide_1103a098-750_14_27416.jpeg;https:\/\/images.novelship.com\/product\/asics_ds_light_advance_wide_1103a098-750_15_27416.jpeg\"},{\"@type\":\"BreadcrumbList\",\"@id\":\"https:\/\/tourcruiser.com\/#breadcrumb\",\"itemListElement\":[{\"@type\":\"ListItem\",\"position\":1,\"name\":\"Home\",\"item\":\"https:\/\/tourcruiser.com\/de\/\"},{\"@type\":\"ListItem\",\"position\":2,\"name\":\"Shop\",\"item\":\"https:\/\/tourcruiser.com\/de\/shop\/\"},{\"@type\":\"ListItem\",\"position\":3,\"name\":\"ASICS DS LIGHT ADVANCE WIDE\"}]},{\"@type\":\"WebSite\",\"@id\":\"https:\/\/tourcruiser.com\/de\/#website\",\"url\":\"https:\/\/tourcruiser.com\/de\/\",\"name\":\"Styloral Jewelry Shop\",\"description\":\"Tourcruiser Sneaker Store \u2014 der Ort, an dem das Universum deine Einzigartigkeit trifft.\",\"publisher\":{\"@id\":\"https:\/\/tourcruiser.com\/de\/#organization\"},\"potentialAction\":[{\"@type\":\"SearchAction\",\"target\":{\"@type\":\"EntryPoint\",\"urlTemplate\":\"https:\/\/tourcruiser.com\/de\/?s={search_term_string}\"},\"query-input\":{\"@type\":\"PropertyValueSpecification\",\"valueRequired\":true,\"valueName\":\"search_term_string\"}}],\"inLanguage\":\"de\"},{\"@type\":\"Organization\",\"@id\":\"https:\/\/tourcruiser.com\/de\/#organization\",\"name\":\"STYLORAL PTE. LTD\",\"url\":\"https:\/\/tourcruiser.com\/de\/\",\"logo\":{\"@type\":\"ImageObject\",\"inLanguage\":\"de\",\"@id\":\"https:\/\/tourcruiser.com\/de\/#\/schema\/logo\/image\/\",\"url\":\"https:\/\/www.tourcruiser.com\/wp-content\/uploads\/2025\/12\/logo.png\",\"contentUrl\":\"https:\/\/www.tourcruiser.com\/wp-content\/uploads\/2025\/12\/logo.png\",\"width\":200,\"height\":65,\"caption\":\"STYLORAL PTE. LTD\"},\"image\":{\"@id\":\"https:\/\/tourcruiser.com\/de\/#\/schema\/logo\/image\/\"}}]}<\/script>\n<!-- \/ Yoast SEO plugin. -->","yoast_head_json":{"title":"ASICS DS LIGHT ADVANCE WIDE  - Tourcruiser PTE. LTD","robots":{"index":"index","follow":"follow","max-snippet":"max-snippet:-1","max-image-preview":"max-image-preview:large","max-video-preview":"max-video-preview:-1"},"canonical":"https:\/\/tourcruiser.com\/","og_locale":"de_DE","og_type":"article","og_title":"ASICS DS LIGHT ADVANCE WIDE  - Tourcruiser PTE. LTD","og_description":"ASICS DS LIGHT ADVANCE WIDE \u201d\u201d Safety Yellow\/Black","og_url":"\/","og_site_name":"Tourcruiser Sneaker Store","article_modified_time":"2026-03-27T18:05:59+00:00","twitter_card":"summary_large_image","twitter_image":"https:\/\/images.novelship.com\/product\/asics_ds_light_advance_wide_1103a098-750_0_27415.jpeg;https:\/\/images.novelship.com\/product\/asics_ds_light_advance_wide_1103a098-750_1_27415.jpeg;https:\/\/images.novelship.com\/product\/asics_ds_light_advance_wide_1103a098-750_2_27415.jpeg;https:\/\/images.novelship.com\/product\/asics_ds_light_advance_wide_1103a098-750_3_27416.jpeg;https:\/\/images.novelship.com\/product\/asics_ds_light_advance_wide_1103a098-750_4_27416.jpeg;https:\/\/images.novelship.com\/product\/asics_ds_light_advance_wide_1103a098-750_5_27416.jpeg;https:\/\/images.novelship.com\/product\/asics_ds_light_advance_wide_1103a098-750_6_27416.jpeg;https:\/\/images.novelship.com\/product\/asics_ds_light_advance_wide_1103a098-750_7_27416.jpeg;https:\/\/images.novelship.com\/product\/asics_ds_light_advance_wide_1103a098-750_8_27416.jpeg;https:\/\/images.novelship.com\/product\/asics_ds_light_advance_wide_1103a098-750_9_27416.jpeg;https:\/\/images.novelship.com\/product\/asics_ds_light_advance_wide_1103a098-750_10_27416.jpeg;https:\/\/images.novelship.com\/product\/asics_ds_light_advance_wide_1103a098-750_11_27416.jpeg;https:\/\/images.novelship.com\/product\/asics_ds_light_advance_wide_1103a098-750_12_27416.jpeg;https:\/\/images.novelship.com\/product\/asics_ds_light_advance_wide_1103a098-750_13_27416.jpeg;https:\/\/images.novelship.com\/product\/asics_ds_light_advance_wide_1103a098-750_14_27416.jpeg;https:\/\/images.novelship.com\/product\/asics_ds_light_advance_wide_1103a098-750_15_27416.jpeg","twitter_misc":{"Gesch\u00e4tzte Lesezeit":"1\u00a0Minute"},"schema":{"@context":"https:\/\/schema.org","@graph":[{"@type":"WebPage","@id":"\/","url":"https:\/\/tourcruiser.com\/","name":"ASICS DS LIGHT ADVANCE WIDE - Tourcruiser PTE. LTD","isPartOf":{"@id":"https:\/\/tourcruiser.com\/de\/#website"},"primaryImageOfPage":{"@id":"https:\/\/tourcruiser.com\/#primaryimage"},"image":{"@id":"https:\/\/tourcruiser.com\/#primaryimage"},"thumbnailUrl":"https:\/\/images.novelship.com\/product\/asics_ds_light_advance_wide_1103a098-750_0_27415.jpeg;https:\/\/images.novelship.com\/product\/asics_ds_light_advance_wide_1103a098-750_1_27415.jpeg;https:\/\/images.novelship.com\/product\/asics_ds_light_advance_wide_1103a098-750_2_27415.jpeg;https:\/\/images.novelship.com\/product\/asics_ds_light_advance_wide_1103a098-750_3_27416.jpeg;https:\/\/images.novelship.com\/product\/asics_ds_light_advance_wide_1103a098-750_4_27416.jpeg;https:\/\/images.novelship.com\/product\/asics_ds_light_advance_wide_1103a098-750_5_27416.jpeg;https:\/\/images.novelship.com\/product\/asics_ds_light_advance_wide_1103a098-750_6_27416.jpeg;https:\/\/images.novelship.com\/product\/asics_ds_light_advance_wide_1103a098-750_7_27416.jpeg;https:\/\/images.novelship.com\/product\/asics_ds_light_advance_wide_1103a098-750_8_27416.jpeg;https:\/\/images.novelship.com\/product\/asics_ds_light_advance_wide_1103a098-750_9_27416.jpeg;https:\/\/images.novelship.com\/product\/asics_ds_light_advance_wide_1103a098-750_10_27416.jpeg;https:\/\/images.novelship.com\/product\/asics_ds_light_advance_wide_1103a098-750_11_27416.jpeg;https:\/\/images.novelship.com\/product\/asics_ds_light_advance_wide_1103a098-750_12_27416.jpeg;https:\/\/images.novelship.com\/product\/asics_ds_light_advance_wide_1103a098-750_13_27416.jpeg;https:\/\/images.novelship.com\/product\/asics_ds_light_advance_wide_1103a098-750_14_27416.jpeg;https:\/\/images.novelship.com\/product\/asics_ds_light_advance_wide_1103a098-750_15_27416.jpeg","datePublished":"2026-03-02T08:22:23+00:00","dateModified":"2026-03-27T18:05:59+00:00","breadcrumb":{"@id":"https:\/\/tourcruiser.com\/#breadcrumb"},"inLanguage":"de","potentialAction":[{"@type":"ReadAction","target":["https:\/\/tourcruiser.com\/"]}]},{"@type":"ImageObject","inLanguage":"de","@id":"https:\/\/tourcruiser.com\/#primaryimage","url":"https:\/\/images.novelship.com\/product\/asics_ds_light_advance_wide_1103a098-750_0_27415.jpeg;https:\/\/images.novelship.com\/product\/asics_ds_light_advance_wide_1103a098-750_1_27415.jpeg;https:\/\/images.novelship.com\/product\/asics_ds_light_advance_wide_1103a098-750_2_27415.jpeg;https:\/\/images.novelship.com\/product\/asics_ds_light_advance_wide_1103a098-750_3_27416.jpeg;https:\/\/images.novelship.com\/product\/asics_ds_light_advance_wide_1103a098-750_4_27416.jpeg;https:\/\/images.novelship.com\/product\/asics_ds_light_advance_wide_1103a098-750_5_27416.jpeg;https:\/\/images.novelship.com\/product\/asics_ds_light_advance_wide_1103a098-750_6_27416.jpeg;https:\/\/images.novelship.com\/product\/asics_ds_light_advance_wide_1103a098-750_7_27416.jpeg;https:\/\/images.novelship.com\/product\/asics_ds_light_advance_wide_1103a098-750_8_27416.jpeg;https:\/\/images.novelship.com\/product\/asics_ds_light_advance_wide_1103a098-750_9_27416.jpeg;https:\/\/images.novelship.com\/product\/asics_ds_light_advance_wide_1103a098-750_10_27416.jpeg;https:\/\/images.novelship.com\/product\/asics_ds_light_advance_wide_1103a098-750_11_27416.jpeg;https:\/\/images.novelship.com\/product\/asics_ds_light_advance_wide_1103a098-750_12_27416.jpeg;https:\/\/images.novelship.com\/product\/asics_ds_light_advance_wide_1103a098-750_13_27416.jpeg;https:\/\/images.novelship.com\/product\/asics_ds_light_advance_wide_1103a098-750_14_27416.jpeg;https:\/\/images.novelship.com\/product\/asics_ds_light_advance_wide_1103a098-750_15_27416.jpeg","contentUrl":"https:\/\/images.novelship.com\/product\/asics_ds_light_advance_wide_1103a098-750_0_27415.jpeg;https:\/\/images.novelship.com\/product\/asics_ds_light_advance_wide_1103a098-750_1_27415.jpeg;https:\/\/images.novelship.com\/product\/asics_ds_light_advance_wide_1103a098-750_2_27415.jpeg;https:\/\/images.novelship.com\/product\/asics_ds_light_advance_wide_1103a098-750_3_27416.jpeg;https:\/\/images.novelship.com\/product\/asics_ds_light_advance_wide_1103a098-750_4_27416.jpeg;https:\/\/images.novelship.com\/product\/asics_ds_light_advance_wide_1103a098-750_5_27416.jpeg;https:\/\/images.novelship.com\/product\/asics_ds_light_advance_wide_1103a098-750_6_27416.jpeg;https:\/\/images.novelship.com\/product\/asics_ds_light_advance_wide_1103a098-750_7_27416.jpeg;https:\/\/images.novelship.com\/product\/asics_ds_light_advance_wide_1103a098-750_8_27416.jpeg;https:\/\/images.novelship.com\/product\/asics_ds_light_advance_wide_1103a098-750_9_27416.jpeg;https:\/\/images.novelship.com\/product\/asics_ds_light_advance_wide_1103a098-750_10_27416.jpeg;https:\/\/images.novelship.com\/product\/asics_ds_light_advance_wide_1103a098-750_11_27416.jpeg;https:\/\/images.novelship.com\/product\/asics_ds_light_advance_wide_1103a098-750_12_27416.jpeg;https:\/\/images.novelship.com\/product\/asics_ds_light_advance_wide_1103a098-750_13_27416.jpeg;https:\/\/images.novelship.com\/product\/asics_ds_light_advance_wide_1103a098-750_14_27416.jpeg;https:\/\/images.novelship.com\/product\/asics_ds_light_advance_wide_1103a098-750_15_27416.jpeg"},{"@type":"BreadcrumbList","@id":"https:\/\/tourcruiser.com\/#breadcrumb","itemListElement":[{"@type":"ListItem","position":1,"name":"Home","item":"https:\/\/tourcruiser.com\/de\/"},{"@type":"ListItem","position":2,"name":"Shop","item":"https:\/\/tourcruiser.com\/de\/shop\/"},{"@type":"ListItem","position":3,"name":"ASICS DS LIGHT ADVANCE WIDE"}]},{"@type":"WebSite","@id":"https:\/\/tourcruiser.com\/de\/#website","url":"https:\/\/tourcruiser.com\/de\/","name":"Styloral Jewelry Shop","description":"Tourcruiser Sneaker Store \u2014 der Ort, an dem das Universum deine Einzigartigkeit trifft.","publisher":{"@id":"https:\/\/tourcruiser.com\/de\/#organization"},"potentialAction":[{"@type":"SearchAction","target":{"@type":"EntryPoint","urlTemplate":"https:\/\/tourcruiser.com\/de\/?s={search_term_string}"},"query-input":{"@type":"PropertyValueSpecification","valueRequired":true,"valueName":"search_term_string"}}],"inLanguage":"de"},{"@type":"Organization","@id":"https:\/\/tourcruiser.com\/de\/#organization","name":"STYLORAL PTE. LTD","url":"https:\/\/tourcruiser.com\/de\/","logo":{"@type":"ImageObject","inLanguage":"de","@id":"https:\/\/tourcruiser.com\/de\/#\/schema\/logo\/image\/","url":"https:\/\/www.tourcruiser.com\/wp-content\/uploads\/2025\/12\/logo.png","contentUrl":"https:\/\/www.tourcruiser.com\/wp-content\/uploads\/2025\/12\/logo.png","width":200,"height":65,"caption":"STYLORAL PTE. LTD"},"image":{"@id":"https:\/\/tourcruiser.com\/de\/#\/schema\/logo\/image\/"}}]}},"_links":{"self":[{"href":"https:\/\/tourcruiser.com\/de\/wp-json\/wp\/v2\/product\/72729","targetHints":{"allow":["GET"]}}],"collection":[{"href":"https:\/\/tourcruiser.com\/de\/wp-json\/wp\/v2\/product"}],"about":[{"href":"https:\/\/tourcruiser.com\/de\/wp-json\/wp\/v2\/types\/product"}],"replies":[{"embeddable":true,"href":"https:\/\/tourcruiser.com\/de\/wp-json\/wp\/v2\/comments?post=72729"}],"wp:featuredmedia":[{"embeddable":true,"href":"https:\/\/tourcruiser.com\/de\/wp-json\/wp\/v2\/media\/72730"}],"wp:attachment":[{"href":"https:\/\/tourcruiser.com\/de\/wp-json\/wp\/v2\/media?parent=72729"}],"wp:term":[{"taxonomy":"product_brand","embeddable":true,"href":"https:\/\/tourcruiser.com\/de\/wp-json\/wp\/v2\/product_brand?post=72729"},{"taxonomy":"product_cat","embeddable":true,"href":"https:\/\/tourcruiser.com\/de\/wp-json\/wp\/v2\/product_cat?post=72729"},{"taxonomy":"product_tag","embeddable":true,"href":"https:\/\/tourcruiser.com\/de\/wp-json\/wp\/v2\/product_tag?post=72729"}],"curies":[{"name":"wp","href":"https:\/\/api.w.org\/{rel}","templated":true}]}}