{"id":71378,"date":"2026-03-02T15:22:04","date_gmt":"2026-03-02T08:22:04","guid":{"rendered":"http:\/\/tourcruiser.com\/product\/asics-gt-2000-13-white-orange-lime"},"modified":"2026-03-28T01:05:54","modified_gmt":"2026-03-27T18:05:54","slug":"asics-gt-2000-13-white-orange-lime","status":"publish","type":"product","link":"https:\/\/tourcruiser.com\/de\/products\/asics-gt-2000-13-white-orange-lime\/","title":{"rendered":"ASICS GT 2000 13 &#8218;White Orange Lime&#8216;"},"content":{"rendered":"<p>Entdecken Sie den ASICS GT 2000 13 \u201eWhite Orange Lime\u201c 1011B861-100 \u201d\u201c ein Laufschuh, der f\u00fcr optimale Leistung und Komfort entwickelt wurde. Sein markantes Design mit der dynamischen Farbkombination aus Wei\u00df, Orange und Limette sorgt f\u00fcr einen unverwechselbaren Auftritt auf der Laufbahn. Dank fortschrittlicher D\u00e4mpfungstechnologien bietet dieser Schuh au\u00dfergew\u00f6hnliche Unterst\u00fctzung und Stabilit\u00e4t f\u00fcr alle Distanzen. Das atmungsaktive Mesh-Obermaterial f\u00f6rdert die Luftzirkulation, w\u00e4hrend die strapazierf\u00e4hige Au\u00dfensohle zuverl\u00e4ssige Traktion garantiert. Steigere dein Lauferlebnis mit dieser perfekten Balance aus Stil und Funktionalit\u00e4t.<\/p>\n<ul>\n<li><strong>Farbgebung:<\/strong> Wei\u00df\/Wei\u00df<\/li>\n<li><strong>Artikelnummer:<\/strong> 1011B861-100<\/li>\n<li><strong>Obermaterial:<\/strong> Mesh<\/li>\n<li><strong>Zwischensohle:<\/strong> PureGEL<\/li>\n<li><strong>Farbe:<\/strong> Wei\u00df<\/li>\n<li><strong>Saison:<\/strong> Herbst<\/li>\n<li><strong>Erscheinungsjahr:<\/strong> 2024<\/li>\n<\/ul>\n","protected":false},"excerpt":{"rendered":"<p>ASICS GT 2000 13 \u201d\u201d White\/White<\/p>\n","protected":false},"featured_media":71379,"comment_status":"open","ping_status":"closed","template":"","meta":[],"product_brand":[],"product_cat":[10792],"product_tag":[10791,10753,10839,10802,10840,12149,10758],"class_list":{"0":"post-71378","1":"product","2":"type-product","3":"status-publish","4":"has-post-thumbnail","6":"product_cat-asics","7":"product_tag-asics","8":"product_tag-gift-for-him","9":"product_tag-performance-running-shoes","10":"product_tag-performance-sport-shoes","11":"product_tag-running-shoes","12":"product_tag-stability-overpronation-running-shoes","13":"product_tag-under-retail","14":"wcpa_has_options","16":"first","17":"outofstock","18":"sale","19":"taxable","20":"shipping-taxable","21":"purchasable","22":"product-type-simple"},"wcpa_form_fields":{"rules":{"pric_overide_base_price":false,"pric_overide_base_price_if_gt_zero":false,"pric_overide_base_price_fully":false,"pric_cal_option_once":false,"pric_use_as_fee":false,"bind_quantity":false,"quantity_bind_formula":false},"fields":[{"type":"color-group","required":true,"elementId":"wcpa-color-group-69a5ab08ee12d","label":"Gr\u00f6\u00dfe","inline":true,"priceOptions":"different_for_all","pricingType":"fixed","className":"hassizechart product-shoes-size-eu product-shoes-size","name":"color-group-69a5ab08ee136","disp_type":"square","selection_type":"tick-border","disp_size":"50","show_label_inside":true,"adjust_width":true,"cart_display_type":"text","other_text":"Other","cl_rule":"show","col":6,"values":[{"label":"36","value":"EU 36","price":"","pimage":"","pimage_id":"","pthumb":"","color":"","selected":true},{"label":"37","value":"EU 37","price":"","pimage":"","pimage_id":"","pthumb":"","color":""},{"label":"37.5","value":"EU 37.5","price":"","pimage":"","pimage_id":"","pthumb":"","color":""},{"label":"38","value":"EU 38","price":"","pimage":"","pimage_id":"","pthumb":"","color":""},{"label":"38.5","value":"EU 38.5","price":"","pimage":"","pimage_id":"","pthumb":"","color":""},{"label":"39","value":"EU 39","price":"","pimage":"","pimage_id":"","pthumb":"","color":""},{"label":"39.5","value":"EU 39.5","price":"","pimage":"","pimage_id":"","pthumb":"","color":""},{"label":"40","value":"EU 40","price":"","pimage":"","pimage_id":"","pthumb":"","color":""},{"label":"40.5","value":"EU 40.5","price":"","pimage":"","pimage_id":"","pthumb":"","color":""},{"label":" 41.5","value":"EU 41.5","price":"","pimage":"","pimage_id":"","pthumb":"","color":""},{"label":"42","value":"EU 42","price":"","pimage":"","pimage_id":"","pthumb":"","color":""},{"label":"42.5","value":"EU 42.5","price":"","pimage":"","pimage_id":"","pthumb":"","color":""},{"label":"43.5","value":"EU 43.5","price":"","pimage":"","pimage_id":"","pthumb":"","color":""},{"label":"44","value":"EU 44","price":"","pimage":"","pimage_id":"","pthumb":"","color":""},{"label":"44.5","value":"EU 44.5","price":"","pimage":"","pimage_id":"","pthumb":"","color":""},{"label":"45","value":"EU 45","price":"","pimage":"","pimage_id":"","pthumb":"","color":""}],"relations":[{"operator":false,"rules":[]}],"form_id":184311,"form_rules":{"pric_cal_option_once":false,"exclude_from_discount":false,"pric_use_as_fee":false,"fee_label":"Fee","render_after_acb":false,"disp_hide_options_price":false}}]},"yoast_head":"<!-- This site is optimized with the Yoast SEO plugin v26.5 - https:\/\/yoast.com\/wordpress\/plugins\/seo\/ -->\n<title>ASICS GT 2000 13 &#039;White Orange Lime&#039;  - Tourcruiser PTE. LTD<\/title>\n<meta name=\"robots\" content=\"index, follow, max-snippet:-1, max-image-preview:large, max-video-preview:-1\" \/>\n<link rel=\"canonical\" href=\"https:\/\/tourcruiser.com\/de\/products\/asics-gt-2000-13-white-orange-lime\/\" \/>\n<meta property=\"og:locale\" content=\"de_DE\" \/>\n<meta property=\"og:type\" content=\"article\" \/>\n<meta property=\"og:title\" content=\"ASICS GT 2000 13 &#039;White Orange Lime&#039;  - Tourcruiser PTE. LTD\" \/>\n<meta property=\"og:description\" content=\"ASICS GT 2000 13 \u201d\u201d White\/White\" \/>\n<meta property=\"og:url\" content=\"https:\/\/tourcruiser.com\/de\/products\/asics-gt-2000-13-white-orange-lime\/\" \/>\n<meta property=\"og:site_name\" content=\"Tourcruiser Sneaker Store\" \/>\n<meta property=\"article:modified_time\" content=\"2026-03-27T18:05:54+00:00\" \/>\n<meta name=\"twitter:card\" content=\"summary_large_image\" \/>\n<meta name=\"twitter:image\" content=\"https:\/\/images.novelship.com\/product\/asics_gt_2000_13__white_orange_lime__1011b861-100_0_26579.jpeg;https:\/\/images.novelship.com\/product\/asics_gt_2000_13__white_orange_lime__1011b861-100_1_26579.jpeg;https:\/\/images.novelship.com\/product\/asics_gt_2000_13__white_orange_lime__1011b861-100_2_26579.jpeg;https:\/\/images.novelship.com\/product\/asics_gt_2000_13__white_orange_lime__1011b861-100_3_26579.jpeg\" \/>\n<meta name=\"twitter:label1\" content=\"Gesch\u00e4tzte Lesezeit\" \/>\n\t<meta name=\"twitter:data1\" content=\"1\u00a0Minute\" \/>\n<script type=\"application\/ld+json\" class=\"yoast-schema-graph\">{\"@context\":\"https:\/\/schema.org\",\"@graph\":[{\"@type\":\"WebPage\",\"@id\":\"https:\/\/tourcruiser.com\/de\/products\/asics-gt-2000-13-white-orange-lime\/\",\"url\":\"https:\/\/tourcruiser.com\/de\/products\/asics-gt-2000-13-white-orange-lime\/\",\"name\":\"ASICS GT 2000 13 'White Orange Lime' - Tourcruiser PTE. LTD\",\"isPartOf\":{\"@id\":\"https:\/\/tourcruiser.com\/de\/#website\"},\"primaryImageOfPage\":{\"@id\":\"https:\/\/tourcruiser.com\/de\/products\/asics-gt-2000-13-white-orange-lime\/#primaryimage\"},\"image\":{\"@id\":\"https:\/\/tourcruiser.com\/de\/products\/asics-gt-2000-13-white-orange-lime\/#primaryimage\"},\"thumbnailUrl\":\"https:\/\/images.novelship.com\/product\/asics_gt_2000_13__white_orange_lime__1011b861-100_0_26579.jpeg;https:\/\/images.novelship.com\/product\/asics_gt_2000_13__white_orange_lime__1011b861-100_1_26579.jpeg;https:\/\/images.novelship.com\/product\/asics_gt_2000_13__white_orange_lime__1011b861-100_2_26579.jpeg;https:\/\/images.novelship.com\/product\/asics_gt_2000_13__white_orange_lime__1011b861-100_3_26579.jpeg\",\"datePublished\":\"2026-03-02T08:22:04+00:00\",\"dateModified\":\"2026-03-27T18:05:54+00:00\",\"breadcrumb\":{\"@id\":\"https:\/\/tourcruiser.com\/de\/products\/asics-gt-2000-13-white-orange-lime\/#breadcrumb\"},\"inLanguage\":\"de\",\"potentialAction\":[{\"@type\":\"ReadAction\",\"target\":[\"https:\/\/tourcruiser.com\/de\/products\/asics-gt-2000-13-white-orange-lime\/\"]}]},{\"@type\":\"ImageObject\",\"inLanguage\":\"de\",\"@id\":\"https:\/\/tourcruiser.com\/de\/products\/asics-gt-2000-13-white-orange-lime\/#primaryimage\",\"url\":\"https:\/\/images.novelship.com\/product\/asics_gt_2000_13__white_orange_lime__1011b861-100_0_26579.jpeg;https:\/\/images.novelship.com\/product\/asics_gt_2000_13__white_orange_lime__1011b861-100_1_26579.jpeg;https:\/\/images.novelship.com\/product\/asics_gt_2000_13__white_orange_lime__1011b861-100_2_26579.jpeg;https:\/\/images.novelship.com\/product\/asics_gt_2000_13__white_orange_lime__1011b861-100_3_26579.jpeg\",\"contentUrl\":\"https:\/\/images.novelship.com\/product\/asics_gt_2000_13__white_orange_lime__1011b861-100_0_26579.jpeg;https:\/\/images.novelship.com\/product\/asics_gt_2000_13__white_orange_lime__1011b861-100_1_26579.jpeg;https:\/\/images.novelship.com\/product\/asics_gt_2000_13__white_orange_lime__1011b861-100_2_26579.jpeg;https:\/\/images.novelship.com\/product\/asics_gt_2000_13__white_orange_lime__1011b861-100_3_26579.jpeg\"},{\"@type\":\"BreadcrumbList\",\"@id\":\"https:\/\/tourcruiser.com\/de\/products\/asics-gt-2000-13-white-orange-lime\/#breadcrumb\",\"itemListElement\":[{\"@type\":\"ListItem\",\"position\":1,\"name\":\"Home\",\"item\":\"https:\/\/tourcruiser.com\/de\/\"},{\"@type\":\"ListItem\",\"position\":2,\"name\":\"Shop\",\"item\":\"https:\/\/tourcruiser.com\/de\/shop\/\"},{\"@type\":\"ListItem\",\"position\":3,\"name\":\"ASICS GT 2000 13 'White Orange Lime'\"}]},{\"@type\":\"WebSite\",\"@id\":\"https:\/\/tourcruiser.com\/de\/#website\",\"url\":\"https:\/\/tourcruiser.com\/de\/\",\"name\":\"Styloral Jewelry Shop\",\"description\":\"Tourcruiser Sneaker Store \u2014 der Ort, an dem das Universum deine Einzigartigkeit trifft.\",\"publisher\":{\"@id\":\"https:\/\/tourcruiser.com\/de\/#organization\"},\"potentialAction\":[{\"@type\":\"SearchAction\",\"target\":{\"@type\":\"EntryPoint\",\"urlTemplate\":\"https:\/\/tourcruiser.com\/de\/?s={search_term_string}\"},\"query-input\":{\"@type\":\"PropertyValueSpecification\",\"valueRequired\":true,\"valueName\":\"search_term_string\"}}],\"inLanguage\":\"de\"},{\"@type\":\"Organization\",\"@id\":\"https:\/\/tourcruiser.com\/de\/#organization\",\"name\":\"STYLORAL PTE. LTD\",\"url\":\"https:\/\/tourcruiser.com\/de\/\",\"logo\":{\"@type\":\"ImageObject\",\"inLanguage\":\"de\",\"@id\":\"https:\/\/tourcruiser.com\/de\/#\/schema\/logo\/image\/\",\"url\":\"https:\/\/www.tourcruiser.com\/wp-content\/uploads\/2025\/12\/logo.png\",\"contentUrl\":\"https:\/\/www.tourcruiser.com\/wp-content\/uploads\/2025\/12\/logo.png\",\"width\":200,\"height\":65,\"caption\":\"STYLORAL PTE. LTD\"},\"image\":{\"@id\":\"https:\/\/tourcruiser.com\/de\/#\/schema\/logo\/image\/\"}}]}<\/script>\n<!-- \/ Yoast SEO plugin. -->","yoast_head_json":{"title":"ASICS GT 2000 13 'White Orange Lime'  - Tourcruiser PTE. LTD","robots":{"index":"index","follow":"follow","max-snippet":"max-snippet:-1","max-image-preview":"max-image-preview:large","max-video-preview":"max-video-preview:-1"},"canonical":"https:\/\/tourcruiser.com\/de\/products\/asics-gt-2000-13-white-orange-lime\/","og_locale":"de_DE","og_type":"article","og_title":"ASICS GT 2000 13 'White Orange Lime'  - Tourcruiser PTE. LTD","og_description":"ASICS GT 2000 13 \u201d\u201d White\/White","og_url":"https:\/\/tourcruiser.com\/de\/products\/asics-gt-2000-13-white-orange-lime\/","og_site_name":"Tourcruiser Sneaker Store","article_modified_time":"2026-03-27T18:05:54+00:00","twitter_card":"summary_large_image","twitter_image":"https:\/\/images.novelship.com\/product\/asics_gt_2000_13__white_orange_lime__1011b861-100_0_26579.jpeg;https:\/\/images.novelship.com\/product\/asics_gt_2000_13__white_orange_lime__1011b861-100_1_26579.jpeg;https:\/\/images.novelship.com\/product\/asics_gt_2000_13__white_orange_lime__1011b861-100_2_26579.jpeg;https:\/\/images.novelship.com\/product\/asics_gt_2000_13__white_orange_lime__1011b861-100_3_26579.jpeg","twitter_misc":{"Gesch\u00e4tzte Lesezeit":"1\u00a0Minute"},"schema":{"@context":"https:\/\/schema.org","@graph":[{"@type":"WebPage","@id":"https:\/\/tourcruiser.com\/de\/products\/asics-gt-2000-13-white-orange-lime\/","url":"https:\/\/tourcruiser.com\/de\/products\/asics-gt-2000-13-white-orange-lime\/","name":"ASICS GT 2000 13 'White Orange Lime' - Tourcruiser PTE. LTD","isPartOf":{"@id":"https:\/\/tourcruiser.com\/de\/#website"},"primaryImageOfPage":{"@id":"https:\/\/tourcruiser.com\/de\/products\/asics-gt-2000-13-white-orange-lime\/#primaryimage"},"image":{"@id":"https:\/\/tourcruiser.com\/de\/products\/asics-gt-2000-13-white-orange-lime\/#primaryimage"},"thumbnailUrl":"https:\/\/images.novelship.com\/product\/asics_gt_2000_13__white_orange_lime__1011b861-100_0_26579.jpeg;https:\/\/images.novelship.com\/product\/asics_gt_2000_13__white_orange_lime__1011b861-100_1_26579.jpeg;https:\/\/images.novelship.com\/product\/asics_gt_2000_13__white_orange_lime__1011b861-100_2_26579.jpeg;https:\/\/images.novelship.com\/product\/asics_gt_2000_13__white_orange_lime__1011b861-100_3_26579.jpeg","datePublished":"2026-03-02T08:22:04+00:00","dateModified":"2026-03-27T18:05:54+00:00","breadcrumb":{"@id":"https:\/\/tourcruiser.com\/de\/products\/asics-gt-2000-13-white-orange-lime\/#breadcrumb"},"inLanguage":"de","potentialAction":[{"@type":"ReadAction","target":["https:\/\/tourcruiser.com\/de\/products\/asics-gt-2000-13-white-orange-lime\/"]}]},{"@type":"ImageObject","inLanguage":"de","@id":"https:\/\/tourcruiser.com\/de\/products\/asics-gt-2000-13-white-orange-lime\/#primaryimage","url":"https:\/\/images.novelship.com\/product\/asics_gt_2000_13__white_orange_lime__1011b861-100_0_26579.jpeg;https:\/\/images.novelship.com\/product\/asics_gt_2000_13__white_orange_lime__1011b861-100_1_26579.jpeg;https:\/\/images.novelship.com\/product\/asics_gt_2000_13__white_orange_lime__1011b861-100_2_26579.jpeg;https:\/\/images.novelship.com\/product\/asics_gt_2000_13__white_orange_lime__1011b861-100_3_26579.jpeg","contentUrl":"https:\/\/images.novelship.com\/product\/asics_gt_2000_13__white_orange_lime__1011b861-100_0_26579.jpeg;https:\/\/images.novelship.com\/product\/asics_gt_2000_13__white_orange_lime__1011b861-100_1_26579.jpeg;https:\/\/images.novelship.com\/product\/asics_gt_2000_13__white_orange_lime__1011b861-100_2_26579.jpeg;https:\/\/images.novelship.com\/product\/asics_gt_2000_13__white_orange_lime__1011b861-100_3_26579.jpeg"},{"@type":"BreadcrumbList","@id":"https:\/\/tourcruiser.com\/de\/products\/asics-gt-2000-13-white-orange-lime\/#breadcrumb","itemListElement":[{"@type":"ListItem","position":1,"name":"Home","item":"https:\/\/tourcruiser.com\/de\/"},{"@type":"ListItem","position":2,"name":"Shop","item":"https:\/\/tourcruiser.com\/de\/shop\/"},{"@type":"ListItem","position":3,"name":"ASICS GT 2000 13 'White Orange Lime'"}]},{"@type":"WebSite","@id":"https:\/\/tourcruiser.com\/de\/#website","url":"https:\/\/tourcruiser.com\/de\/","name":"Styloral Jewelry Shop","description":"Tourcruiser Sneaker Store \u2014 der Ort, an dem das Universum deine Einzigartigkeit trifft.","publisher":{"@id":"https:\/\/tourcruiser.com\/de\/#organization"},"potentialAction":[{"@type":"SearchAction","target":{"@type":"EntryPoint","urlTemplate":"https:\/\/tourcruiser.com\/de\/?s={search_term_string}"},"query-input":{"@type":"PropertyValueSpecification","valueRequired":true,"valueName":"search_term_string"}}],"inLanguage":"de"},{"@type":"Organization","@id":"https:\/\/tourcruiser.com\/de\/#organization","name":"STYLORAL PTE. LTD","url":"https:\/\/tourcruiser.com\/de\/","logo":{"@type":"ImageObject","inLanguage":"de","@id":"https:\/\/tourcruiser.com\/de\/#\/schema\/logo\/image\/","url":"https:\/\/www.tourcruiser.com\/wp-content\/uploads\/2025\/12\/logo.png","contentUrl":"https:\/\/www.tourcruiser.com\/wp-content\/uploads\/2025\/12\/logo.png","width":200,"height":65,"caption":"STYLORAL PTE. LTD"},"image":{"@id":"https:\/\/tourcruiser.com\/de\/#\/schema\/logo\/image\/"}}]}},"_links":{"self":[{"href":"https:\/\/tourcruiser.com\/de\/wp-json\/wp\/v2\/product\/71378","targetHints":{"allow":["GET"]}}],"collection":[{"href":"https:\/\/tourcruiser.com\/de\/wp-json\/wp\/v2\/product"}],"about":[{"href":"https:\/\/tourcruiser.com\/de\/wp-json\/wp\/v2\/types\/product"}],"replies":[{"embeddable":true,"href":"https:\/\/tourcruiser.com\/de\/wp-json\/wp\/v2\/comments?post=71378"}],"wp:featuredmedia":[{"embeddable":true,"href":"https:\/\/tourcruiser.com\/de\/wp-json\/wp\/v2\/media\/71379"}],"wp:attachment":[{"href":"https:\/\/tourcruiser.com\/de\/wp-json\/wp\/v2\/media?parent=71378"}],"wp:term":[{"taxonomy":"product_brand","embeddable":true,"href":"https:\/\/tourcruiser.com\/de\/wp-json\/wp\/v2\/product_brand?post=71378"},{"taxonomy":"product_cat","embeddable":true,"href":"https:\/\/tourcruiser.com\/de\/wp-json\/wp\/v2\/product_cat?post=71378"},{"taxonomy":"product_tag","embeddable":true,"href":"https:\/\/tourcruiser.com\/de\/wp-json\/wp\/v2\/product_tag?post=71378"}],"curies":[{"name":"wp","href":"https:\/\/api.w.org\/{rel}","templated":true}]}}