{"id":71060,"date":"2026-03-02T15:22:00","date_gmt":"2026-03-02T08:22:00","guid":{"rendered":"http:\/\/tourcruiser.com\/product\/women-nike-oneonta-sandal-black-cocao-wow"},"modified":"2026-03-28T01:05:49","modified_gmt":"2026-03-27T18:05:49","slug":"women-nike-oneonta-sandal-black-cocao-wow","status":"publish","type":"product","link":"https:\/\/tourcruiser.com\/de\/products\/women-nike-oneonta-sandal-black-cocao-wow\/","title":{"rendered":"(Women) Nike Oneonta Sandal &#8218;Black Cocao Wow&#8216;"},"content":{"rendered":"<p>Mit der Nike Oneonta Sandale in Schwarz\/Kakao Wow f\u00fcr Damen setzen Sie ein modisches Statement. Diese eleganten schwarzen Sandalen von Nike vereinen Komfort und Eleganz. Die schwarze Farbe verleiht Ihrem Outfit einen Hauch von Raffinesse, w\u00e4hrend die Wow- und mittelbraunen Details f\u00fcr einen einzigartigen Look sorgen. Ob f\u00fcr die Freizeit oder einen Tag am Strand \u201d\u201c diese Sandalen sind ein Must-have f\u00fcr jede modebewusste Frau.<\/p>\n<ul>\n<li><strong>Farbgebung:<\/strong> Schwarz\/Kakao Wow\/Mittelbraun<\/li>\n<li><strong>Artikelnummer:<\/strong> DJ6601-002<\/li>\n<li><strong>Obermaterial:<\/strong> Synthetik<\/li>\n<li><strong>Farbe:<\/strong> Braun<\/li>\n<li><strong>Saison:<\/strong> Ganzj\u00e4hrig<\/li>\n<\/ul>\n","protected":false},"excerpt":{"rendered":"<p>Nike Oneonta Sandal \u201d\u201d Black\/Cocao Wow\/Gum Medium Brown<\/p>\n","protected":false},"featured_media":71061,"comment_status":"open","ping_status":"closed","template":"","meta":[],"product_brand":[],"product_cat":[10809],"product_tag":[10864,10926,10754,10801,13289,10758],"class_list":{"0":"post-71060","1":"product","2":"type-product","3":"status-publish","4":"has-post-thumbnail","6":"product_cat-nike-women","7":"product_tag-casual-sandals","8":"product_tag-gift-for-her","9":"product_tag-lifestyle-casual-shoes","10":"product_tag-nike","11":"product_tag-sports-sandals","12":"product_tag-under-retail","13":"wcpa_has_options","15":"first","16":"outofstock","17":"taxable","18":"shipping-taxable","19":"purchasable","20":"product-type-simple"},"wcpa_form_fields":{"rules":{"pric_overide_base_price":false,"pric_overide_base_price_if_gt_zero":false,"pric_overide_base_price_fully":false,"pric_cal_option_once":false,"pric_use_as_fee":false,"bind_quantity":false,"quantity_bind_formula":false},"fields":[{"type":"color-group","required":true,"elementId":"wcpa-color-group-66c4a75505e74","label":"Gr\u00f6\u00dfe - EU Gr\u00f6\u00dfe","inline":true,"priceOptions":"different_for_all","pricingType":"fixed","className":"hassizechart product-shoes-size-eu product-shoes-size","name":"color-group-66c4a75505e89","disp_type":"square","selection_type":"tick-border","disp_size":"44","show_label_inside":true,"adjust_width":true,"cart_display_type":"text","other_text":"Other","cl_rule":"show","col":6,"values":[{"label":"35.5","value":"EU 35.5","price":"","pimage":"","pimage_id":"","pthumb":"","color":""},{"label":"36","value":"EU 36","price":"","pimage":"","pimage_id":"","pthumb":"","color":"","selected":true},{"label":"36.5","value":"EU 36.5","price":"","pimage":"","pimage_id":"","pthumb":"","color":""},{"label":"37.5","value":"EU 37.5","price":"","pimage":"","pimage_id":"","pthumb":"","color":""},{"label":"38","value":"EU 38","price":"","pimage":"","pimage_id":"","pthumb":"","color":""},{"label":"38.5","value":"EU 38.5","price":"","pimage":"","pimage_id":"","pthumb":"","color":""},{"label":"39","value":"EU 39","price":"","pimage":"","pimage_id":"","pthumb":"","color":""},{"label":"40","value":"EU 40","price":"","pimage":"","pimage_id":"","pthumb":"","color":""},{"label":"40.5","value":"EU 40.5","price":"","pimage":"","pimage_id":"","pthumb":"","color":""},{"label":"41","value":"EU 41","price":"","pimage":"","pimage_id":"","pthumb":"","color":""},{"label":"42","value":"EU 42","price":"","pimage":"","pimage_id":"","pthumb":"","color":""},{"label":"42.5","value":"EU 42.5","price":"","pimage":"","pimage_id":"","pthumb":"","color":""},{"label":"43","value":"EU 43","price":"","pimage":"","pimage_id":"","pthumb":"","color":""},{"label":"44","value":"EU 44","price":"","pimage":"","pimage_id":"","pthumb":"","color":""},{"label":"44.5","value":"EU 44.5","price":"","pimage":"","pimage_id":"","pthumb":"","color":""},{"label":"45","value":"EU 45","price":"","pimage":"","pimage_id":"","pthumb":"","color":""},{"label":"45.5","value":"EU 45.5","price":"","pimage":"","pimage_id":"","pthumb":"","color":""},{"label":"46","value":"EU 46","price":"","pimage":"","pimage_id":"","pthumb":"","color":""},{"label":"47","value":"EU 47","price":"","pimage":"","pimage_id":"","pthumb":"","color":""},{"label":"47.5","value":"EU 47.5","price":"","pimage":"","pimage_id":"","pthumb":"","color":""},{"label":"48","value":"EU 48","price":"","pimage":"","pimage_id":"","pthumb":"","color":""}],"relations":[{"operator":false,"rules":[]}],"form_id":18106,"form_rules":{"pric_cal_option_once":false,"exclude_from_discount":false,"pric_use_as_fee":false,"fee_label":"Fee","render_after_acb":false,"disp_hide_options_price":false}}]},"yoast_head":"<!-- This site is optimized with the Yoast SEO plugin v26.5 - https:\/\/yoast.com\/wordpress\/plugins\/seo\/ -->\n<title>(Women) Nike Oneonta Sandal &#039;Black Cocao Wow&#039;  - Tourcruiser PTE. LTD<\/title>\n<meta name=\"robots\" content=\"index, follow, max-snippet:-1, max-image-preview:large, max-video-preview:-1\" \/>\n<link rel=\"canonical\" href=\"https:\/\/tourcruiser.com\/\" \/>\n<meta property=\"og:locale\" content=\"de_DE\" \/>\n<meta property=\"og:type\" content=\"article\" \/>\n<meta property=\"og:title\" content=\"(Women) Nike Oneonta Sandal &#039;Black Cocao Wow&#039;  - Tourcruiser PTE. LTD\" \/>\n<meta property=\"og:description\" content=\"Nike Oneonta Sandal \u201d\u201d Black\/Cocao Wow\/Gum Medium Brown\" \/>\n<meta property=\"og:url\" content=\"\/\" \/>\n<meta property=\"og:site_name\" content=\"Tourcruiser Sneaker Store\" \/>\n<meta property=\"article:modified_time\" content=\"2026-03-27T18:05:49+00:00\" \/>\n<meta name=\"twitter:card\" content=\"summary_large_image\" \/>\n<meta name=\"twitter:image\" content=\"https:\/\/images.novelship.com\/product\/_women__nike_oneonta_sandal__black_cocao_wow__dj66_0_11717.jpeg;https:\/\/images.novelship.com\/product\/_women__nike_oneonta_sandal__black_cocao_wow__dj66_1_11717.jpeg;https:\/\/images.novelship.com\/product\/_women__nike_oneonta_sandal__black_cocao_wow__dj66_2_11717.jpeg;https:\/\/images.novelship.com\/product\/_women__nike_oneonta_sandal__black_cocao_wow__dj66_3_11717.jpeg\" \/>\n<script type=\"application\/ld+json\" class=\"yoast-schema-graph\">{\"@context\":\"https:\/\/schema.org\",\"@graph\":[{\"@type\":\"WebPage\",\"@id\":\"\/\",\"url\":\"https:\/\/tourcruiser.com\/\",\"name\":\"(Women) Nike Oneonta Sandal 'Black Cocao Wow' - Tourcruiser PTE. LTD\",\"isPartOf\":{\"@id\":\"\/#website\"},\"primaryImageOfPage\":{\"@id\":\"https:\/\/tourcruiser.com\/#primaryimage\"},\"image\":{\"@id\":\"https:\/\/tourcruiser.com\/#primaryimage\"},\"thumbnailUrl\":\"https:\/\/images.novelship.com\/product\/_women__nike_oneonta_sandal__black_cocao_wow__dj66_0_11717.jpeg;https:\/\/images.novelship.com\/product\/_women__nike_oneonta_sandal__black_cocao_wow__dj66_1_11717.jpeg;https:\/\/images.novelship.com\/product\/_women__nike_oneonta_sandal__black_cocao_wow__dj66_2_11717.jpeg;https:\/\/images.novelship.com\/product\/_women__nike_oneonta_sandal__black_cocao_wow__dj66_3_11717.jpeg\",\"datePublished\":\"2026-03-02T08:22:00+00:00\",\"dateModified\":\"2026-03-27T18:05:49+00:00\",\"breadcrumb\":{\"@id\":\"https:\/\/tourcruiser.com\/#breadcrumb\"},\"inLanguage\":\"de\",\"potentialAction\":[{\"@type\":\"ReadAction\",\"target\":[\"https:\/\/tourcruiser.com\/\"]}]},{\"@type\":\"ImageObject\",\"inLanguage\":\"de\",\"@id\":\"https:\/\/tourcruiser.com\/#primaryimage\",\"url\":\"https:\/\/images.novelship.com\/product\/_women__nike_oneonta_sandal__black_cocao_wow__dj66_0_11717.jpeg;https:\/\/images.novelship.com\/product\/_women__nike_oneonta_sandal__black_cocao_wow__dj66_1_11717.jpeg;https:\/\/images.novelship.com\/product\/_women__nike_oneonta_sandal__black_cocao_wow__dj66_2_11717.jpeg;https:\/\/images.novelship.com\/product\/_women__nike_oneonta_sandal__black_cocao_wow__dj66_3_11717.jpeg\",\"contentUrl\":\"https:\/\/images.novelship.com\/product\/_women__nike_oneonta_sandal__black_cocao_wow__dj66_0_11717.jpeg;https:\/\/images.novelship.com\/product\/_women__nike_oneonta_sandal__black_cocao_wow__dj66_1_11717.jpeg;https:\/\/images.novelship.com\/product\/_women__nike_oneonta_sandal__black_cocao_wow__dj66_2_11717.jpeg;https:\/\/images.novelship.com\/product\/_women__nike_oneonta_sandal__black_cocao_wow__dj66_3_11717.jpeg\"},{\"@type\":\"BreadcrumbList\",\"@id\":\"https:\/\/tourcruiser.com\/#breadcrumb\",\"itemListElement\":[{\"@type\":\"ListItem\",\"position\":1,\"name\":\"Home\",\"item\":\"https:\/\/tourcruiser.com\/de\/\"},{\"@type\":\"ListItem\",\"position\":2,\"name\":\"Shop\",\"item\":\"https:\/\/tourcruiser.com\/de\/shop\/\"},{\"@type\":\"ListItem\",\"position\":3,\"name\":\"(Women) Nike Oneonta Sandal &#8218;Black Cocao Wow&#8216;\"}]},{\"@type\":\"WebSite\",\"@id\":\"\/#website\",\"url\":\"\/\",\"name\":\"Styloral Jewelry Shop\",\"description\":\"Tourcruiser Sneaker Store \u2014 der Ort, an dem das Universum deine Einzigartigkeit trifft.\",\"publisher\":{\"@id\":\"\/#organization\"},\"potentialAction\":[{\"@type\":\"SearchAction\",\"target\":{\"@type\":\"EntryPoint\",\"urlTemplate\":\"\/?s={search_term_string}\"},\"query-input\":{\"@type\":\"PropertyValueSpecification\",\"valueRequired\":true,\"valueName\":\"search_term_string\"}}],\"inLanguage\":\"de\"},{\"@type\":\"Organization\",\"@id\":\"\/#organization\",\"name\":\"STYLORAL PTE. LTD\",\"url\":\"\/\",\"logo\":{\"@type\":\"ImageObject\",\"inLanguage\":\"de\",\"@id\":\"\/#\/schema\/logo\/image\/\",\"url\":\"https:\/\/www.tourcruiser.com\/wp-content\/uploads\/2025\/12\/logo.png\",\"contentUrl\":\"https:\/\/www.tourcruiser.com\/wp-content\/uploads\/2025\/12\/logo.png\",\"width\":200,\"height\":65,\"caption\":\"STYLORAL PTE. LTD\"},\"image\":{\"@id\":\"\/#\/schema\/logo\/image\/\"}}]}<\/script>\n<!-- \/ Yoast SEO plugin. -->","yoast_head_json":{"title":"(Women) Nike Oneonta Sandal 'Black Cocao Wow'  - Tourcruiser PTE. LTD","robots":{"index":"index","follow":"follow","max-snippet":"max-snippet:-1","max-image-preview":"max-image-preview:large","max-video-preview":"max-video-preview:-1"},"canonical":"https:\/\/tourcruiser.com\/","og_locale":"de_DE","og_type":"article","og_title":"(Women) Nike Oneonta Sandal 'Black Cocao Wow'  - Tourcruiser PTE. LTD","og_description":"Nike Oneonta Sandal \u201d\u201d Black\/Cocao Wow\/Gum Medium Brown","og_url":"\/","og_site_name":"Tourcruiser Sneaker Store","article_modified_time":"2026-03-27T18:05:49+00:00","twitter_card":"summary_large_image","twitter_image":"https:\/\/images.novelship.com\/product\/_women__nike_oneonta_sandal__black_cocao_wow__dj66_0_11717.jpeg;https:\/\/images.novelship.com\/product\/_women__nike_oneonta_sandal__black_cocao_wow__dj66_1_11717.jpeg;https:\/\/images.novelship.com\/product\/_women__nike_oneonta_sandal__black_cocao_wow__dj66_2_11717.jpeg;https:\/\/images.novelship.com\/product\/_women__nike_oneonta_sandal__black_cocao_wow__dj66_3_11717.jpeg","schema":{"@context":"https:\/\/schema.org","@graph":[{"@type":"WebPage","@id":"\/","url":"https:\/\/tourcruiser.com\/","name":"(Women) Nike Oneonta Sandal 'Black Cocao Wow' - Tourcruiser PTE. LTD","isPartOf":{"@id":"\/#website"},"primaryImageOfPage":{"@id":"https:\/\/tourcruiser.com\/#primaryimage"},"image":{"@id":"https:\/\/tourcruiser.com\/#primaryimage"},"thumbnailUrl":"https:\/\/images.novelship.com\/product\/_women__nike_oneonta_sandal__black_cocao_wow__dj66_0_11717.jpeg;https:\/\/images.novelship.com\/product\/_women__nike_oneonta_sandal__black_cocao_wow__dj66_1_11717.jpeg;https:\/\/images.novelship.com\/product\/_women__nike_oneonta_sandal__black_cocao_wow__dj66_2_11717.jpeg;https:\/\/images.novelship.com\/product\/_women__nike_oneonta_sandal__black_cocao_wow__dj66_3_11717.jpeg","datePublished":"2026-03-02T08:22:00+00:00","dateModified":"2026-03-27T18:05:49+00:00","breadcrumb":{"@id":"https:\/\/tourcruiser.com\/#breadcrumb"},"inLanguage":"de","potentialAction":[{"@type":"ReadAction","target":["https:\/\/tourcruiser.com\/"]}]},{"@type":"ImageObject","inLanguage":"de","@id":"https:\/\/tourcruiser.com\/#primaryimage","url":"https:\/\/images.novelship.com\/product\/_women__nike_oneonta_sandal__black_cocao_wow__dj66_0_11717.jpeg;https:\/\/images.novelship.com\/product\/_women__nike_oneonta_sandal__black_cocao_wow__dj66_1_11717.jpeg;https:\/\/images.novelship.com\/product\/_women__nike_oneonta_sandal__black_cocao_wow__dj66_2_11717.jpeg;https:\/\/images.novelship.com\/product\/_women__nike_oneonta_sandal__black_cocao_wow__dj66_3_11717.jpeg","contentUrl":"https:\/\/images.novelship.com\/product\/_women__nike_oneonta_sandal__black_cocao_wow__dj66_0_11717.jpeg;https:\/\/images.novelship.com\/product\/_women__nike_oneonta_sandal__black_cocao_wow__dj66_1_11717.jpeg;https:\/\/images.novelship.com\/product\/_women__nike_oneonta_sandal__black_cocao_wow__dj66_2_11717.jpeg;https:\/\/images.novelship.com\/product\/_women__nike_oneonta_sandal__black_cocao_wow__dj66_3_11717.jpeg"},{"@type":"BreadcrumbList","@id":"https:\/\/tourcruiser.com\/#breadcrumb","itemListElement":[{"@type":"ListItem","position":1,"name":"Home","item":"https:\/\/tourcruiser.com\/de\/"},{"@type":"ListItem","position":2,"name":"Shop","item":"https:\/\/tourcruiser.com\/de\/shop\/"},{"@type":"ListItem","position":3,"name":"(Women) Nike Oneonta Sandal &#8218;Black Cocao Wow&#8216;"}]},{"@type":"WebSite","@id":"\/#website","url":"\/","name":"Styloral Jewelry Shop","description":"Tourcruiser Sneaker Store \u2014 der Ort, an dem das Universum deine Einzigartigkeit trifft.","publisher":{"@id":"\/#organization"},"potentialAction":[{"@type":"SearchAction","target":{"@type":"EntryPoint","urlTemplate":"\/?s={search_term_string}"},"query-input":{"@type":"PropertyValueSpecification","valueRequired":true,"valueName":"search_term_string"}}],"inLanguage":"de"},{"@type":"Organization","@id":"\/#organization","name":"STYLORAL PTE. LTD","url":"\/","logo":{"@type":"ImageObject","inLanguage":"de","@id":"\/#\/schema\/logo\/image\/","url":"https:\/\/www.tourcruiser.com\/wp-content\/uploads\/2025\/12\/logo.png","contentUrl":"https:\/\/www.tourcruiser.com\/wp-content\/uploads\/2025\/12\/logo.png","width":200,"height":65,"caption":"STYLORAL PTE. LTD"},"image":{"@id":"\/#\/schema\/logo\/image\/"}}]}},"_links":{"self":[{"href":"https:\/\/tourcruiser.com\/de\/wp-json\/wp\/v2\/product\/71060","targetHints":{"allow":["GET"]}}],"collection":[{"href":"https:\/\/tourcruiser.com\/de\/wp-json\/wp\/v2\/product"}],"about":[{"href":"https:\/\/tourcruiser.com\/de\/wp-json\/wp\/v2\/types\/product"}],"replies":[{"embeddable":true,"href":"https:\/\/tourcruiser.com\/de\/wp-json\/wp\/v2\/comments?post=71060"}],"wp:featuredmedia":[{"embeddable":true,"href":"https:\/\/tourcruiser.com\/de\/wp-json\/wp\/v2\/media\/71061"}],"wp:attachment":[{"href":"https:\/\/tourcruiser.com\/de\/wp-json\/wp\/v2\/media?parent=71060"}],"wp:term":[{"taxonomy":"product_brand","embeddable":true,"href":"https:\/\/tourcruiser.com\/de\/wp-json\/wp\/v2\/product_brand?post=71060"},{"taxonomy":"product_cat","embeddable":true,"href":"https:\/\/tourcruiser.com\/de\/wp-json\/wp\/v2\/product_cat?post=71060"},{"taxonomy":"product_tag","embeddable":true,"href":"https:\/\/tourcruiser.com\/de\/wp-json\/wp\/v2\/product_tag?post=71060"}],"curies":[{"name":"wp","href":"https:\/\/api.w.org\/{rel}","templated":true}]}}