{"id":70877,"date":"2026-03-02T15:21:57","date_gmt":"2026-03-02T08:21:57","guid":{"rendered":"http:\/\/tourcruiser.com\/product\/nike-air-zoom-pegasus-41-sp-college-grey-anthracite"},"modified":"2026-03-28T01:05:43","modified_gmt":"2026-03-27T18:05:43","slug":"nike-air-zoom-pegasus-41-sp-college-grey-anthracite","status":"publish","type":"product","link":"https:\/\/tourcruiser.com\/de\/products\/nike-air-zoom-pegasus-41-sp-college-grey-anthracite\/","title":{"rendered":"Nike Air Zoom Pegasus 41 SP &#8218;College Grey Anthracite&#8216;"},"content":{"rendered":"<p>Erleben Sie unvergleichlichen Komfort und Style mit dem Nike Air Zoom Pegasus 41 SP \u201eCollege Grey Anthracite\u201c, einem vielseitigen Laufschuh, der Ihre Performance und Ihren Alltag perfekt erg\u00e4nzt. Der aktualisierte Klassiker in elegantem College Grey und Anthrazit vereint moderne \u00c4sthetik mit fortschrittlicher Funktionalit\u00e4t. Die innovative Zoom Air-Technologie in der Mittelsohle sorgt f\u00fcr reaktionsfreudige D\u00e4mpfung und Energier\u00fcckgabe und macht jeden Schritt geschmeidig und effizient. Das verbesserte Mesh-Obermaterial gew\u00e4hrleistet Atmungsaktivit\u00e4t und gleichzeitig eine optimale Passform \u201d\u201c perfekt f\u00fcr lange L\u00e4ufe oder den ganzen Tag. Die strapazierf\u00e4hige Gummiau\u00dfensohle bietet hervorragende Traktion auf verschiedenen Untergr\u00fcnden, w\u00e4hrend das leichte Design maximale Agilit\u00e4t erm\u00f6glicht. Egal ob du pers\u00f6nliche Bestleistungen jagst oder einfach nur viel unterwegs bist, der Pegasus 41 SP bietet eine zuverl\u00e4ssige Kombination aus Leistung, Stil und Komfort.<\/p>\n<ul>\n<li><strong>Farbgebung:<\/strong> College Grey\/Anthrazit<\/li>\n<li><strong>Artikelnummer:<\/strong> HQ6025-001<\/li>\n<li><strong>Obermaterial:<\/strong> Mesh<\/li>\n<li><strong>Zwischensohle:<\/strong> ReactX<\/li>\n<li><strong>Farbe:<\/strong> Grau<\/li>\n<li><strong>Erscheinungsjahr:<\/strong> 2024<\/li>\n<\/ul>\n","protected":false},"excerpt":{"rendered":"<p>Nike Air Zoom Pegasus 41 SP \u201d\u201d College Grey\/Anthracite<\/p>\n","protected":false},"featured_media":70878,"comment_status":"open","ping_status":"closed","template":"","meta":[],"product_brand":[],"product_cat":[10803],"product_tag":[10799,10800,10801,10802,10840,10758],"class_list":{"0":"post-70877","1":"product","2":"type-product","3":"status-publish","4":"has-post-thumbnail","6":"product_cat-nike","7":"product_tag-ankle-support-basketball-shoes","8":"product_tag-basketball-shoes","9":"product_tag-nike","10":"product_tag-performance-sport-shoes","11":"product_tag-running-shoes","12":"product_tag-under-retail","13":"wcpa_has_options","15":"first","16":"outofstock","17":"sale","18":"taxable","19":"shipping-taxable","20":"purchasable","21":"product-type-simple"},"wcpa_form_fields":{"rules":{"pric_overide_base_price":false,"pric_overide_base_price_if_gt_zero":false,"pric_overide_base_price_fully":false,"pric_cal_option_once":false,"pric_use_as_fee":false,"bind_quantity":false,"quantity_bind_formula":false},"fields":[{"type":"color-group","required":true,"elementId":"wcpa-color-group-66c4a75505e74","label":"Gr\u00f6\u00dfe - EU Gr\u00f6\u00dfe","inline":true,"priceOptions":"different_for_all","pricingType":"fixed","className":"hassizechart product-shoes-size-eu product-shoes-size","name":"color-group-66c4a75505e89","disp_type":"square","selection_type":"tick-border","disp_size":"44","show_label_inside":true,"adjust_width":true,"cart_display_type":"text","other_text":"Other","cl_rule":"show","col":6,"values":[{"label":"35.5","value":"EU 35.5","price":"","pimage":"","pimage_id":"","pthumb":"","color":""},{"label":"36","value":"EU 36","price":"","pimage":"","pimage_id":"","pthumb":"","color":"","selected":true},{"label":"36.5","value":"EU 36.5","price":"","pimage":"","pimage_id":"","pthumb":"","color":""},{"label":"37.5","value":"EU 37.5","price":"","pimage":"","pimage_id":"","pthumb":"","color":""},{"label":"38","value":"EU 38","price":"","pimage":"","pimage_id":"","pthumb":"","color":""},{"label":"38.5","value":"EU 38.5","price":"","pimage":"","pimage_id":"","pthumb":"","color":""},{"label":"39","value":"EU 39","price":"","pimage":"","pimage_id":"","pthumb":"","color":""},{"label":"40","value":"EU 40","price":"","pimage":"","pimage_id":"","pthumb":"","color":""},{"label":"40.5","value":"EU 40.5","price":"","pimage":"","pimage_id":"","pthumb":"","color":""},{"label":"41","value":"EU 41","price":"","pimage":"","pimage_id":"","pthumb":"","color":""},{"label":"42","value":"EU 42","price":"","pimage":"","pimage_id":"","pthumb":"","color":""},{"label":"42.5","value":"EU 42.5","price":"","pimage":"","pimage_id":"","pthumb":"","color":""},{"label":"43","value":"EU 43","price":"","pimage":"","pimage_id":"","pthumb":"","color":""},{"label":"44","value":"EU 44","price":"","pimage":"","pimage_id":"","pthumb":"","color":""},{"label":"44.5","value":"EU 44.5","price":"","pimage":"","pimage_id":"","pthumb":"","color":""},{"label":"45","value":"EU 45","price":"","pimage":"","pimage_id":"","pthumb":"","color":""},{"label":"45.5","value":"EU 45.5","price":"","pimage":"","pimage_id":"","pthumb":"","color":""},{"label":"46","value":"EU 46","price":"","pimage":"","pimage_id":"","pthumb":"","color":""},{"label":"47","value":"EU 47","price":"","pimage":"","pimage_id":"","pthumb":"","color":""},{"label":"47.5","value":"EU 47.5","price":"","pimage":"","pimage_id":"","pthumb":"","color":""},{"label":"48","value":"EU 48","price":"","pimage":"","pimage_id":"","pthumb":"","color":""}],"relations":[{"operator":false,"rules":[]}],"form_id":18106,"form_rules":{"pric_cal_option_once":false,"exclude_from_discount":false,"pric_use_as_fee":false,"fee_label":"Fee","render_after_acb":false,"disp_hide_options_price":false}}]},"yoast_head":"<!-- This site is optimized with the Yoast SEO plugin v26.5 - https:\/\/yoast.com\/wordpress\/plugins\/seo\/ -->\n<title>Nike Air Zoom Pegasus 41 SP &#039;College Grey Anthracite&#039;  - Tourcruiser PTE. LTD<\/title>\n<meta name=\"robots\" content=\"index, follow, max-snippet:-1, max-image-preview:large, max-video-preview:-1\" \/>\n<link rel=\"canonical\" href=\"https:\/\/tourcruiser.com\/de\/products\/nike-air-zoom-pegasus-41-sp-college-grey-anthracite\/\" \/>\n<meta property=\"og:locale\" content=\"de_DE\" \/>\n<meta property=\"og:type\" content=\"article\" \/>\n<meta property=\"og:title\" content=\"Nike Air Zoom Pegasus 41 SP &#039;College Grey Anthracite&#039;  - Tourcruiser PTE. LTD\" \/>\n<meta property=\"og:description\" content=\"Nike Air Zoom Pegasus 41 SP \u201d\u201d College Grey\/Anthracite\" \/>\n<meta property=\"og:url\" content=\"https:\/\/tourcruiser.com\/de\/products\/nike-air-zoom-pegasus-41-sp-college-grey-anthracite\/\" \/>\n<meta property=\"og:site_name\" content=\"Tourcruiser Sneaker Store\" \/>\n<meta property=\"article:modified_time\" content=\"2026-03-27T18:05:43+00:00\" \/>\n<meta name=\"twitter:card\" content=\"summary_large_image\" \/>\n<meta name=\"twitter:image\" content=\"https:\/\/images.novelship.com\/product\/nike_air_zoom_pegasus_41_sp__college_grey_anthraci_0_11277.jpeg;https:\/\/images.novelship.com\/product\/nike_air_zoom_pegasus_41_sp__college_grey_anthraci_1_11277.jpeg;https:\/\/images.novelship.com\/product\/nike_air_zoom_pegasus_41_sp__college_grey_anthraci_2_11277.jpeg;https:\/\/images.novelship.com\/product\/nike_air_zoom_pegasus_41_sp__college_grey_anthraci_3_11277.jpeg;https:\/\/images.novelship.com\/product\/nike_air_zoom_pegasus_41_sp__college_grey_anthraci_4_11277.jpeg;https:\/\/images.novelship.com\/product\/nike_air_zoom_pegasus_41_sp__college_grey_anthraci_5_11277.jpeg;https:\/\/images.novelship.com\/product\/nike_air_zoom_pegasus_41_sp__college_grey_anthraci_6_11277.jpeg;https:\/\/images.novelship.com\/product\/nike_air_zoom_pegasus_41_sp__college_grey_anthraci_7_11277.jpeg\" \/>\n<meta name=\"twitter:label1\" content=\"Gesch\u00e4tzte Lesezeit\" \/>\n\t<meta name=\"twitter:data1\" content=\"1\u00a0Minute\" \/>\n<script type=\"application\/ld+json\" class=\"yoast-schema-graph\">{\"@context\":\"https:\/\/schema.org\",\"@graph\":[{\"@type\":\"WebPage\",\"@id\":\"https:\/\/tourcruiser.com\/de\/products\/nike-air-zoom-pegasus-41-sp-college-grey-anthracite\/\",\"url\":\"https:\/\/tourcruiser.com\/de\/products\/nike-air-zoom-pegasus-41-sp-college-grey-anthracite\/\",\"name\":\"Nike Air Zoom Pegasus 41 SP 'College Grey Anthracite' - Tourcruiser PTE. LTD\",\"isPartOf\":{\"@id\":\"https:\/\/tourcruiser.com\/de\/#website\"},\"primaryImageOfPage\":{\"@id\":\"https:\/\/tourcruiser.com\/de\/products\/nike-air-zoom-pegasus-41-sp-college-grey-anthracite\/#primaryimage\"},\"image\":{\"@id\":\"https:\/\/tourcruiser.com\/de\/products\/nike-air-zoom-pegasus-41-sp-college-grey-anthracite\/#primaryimage\"},\"thumbnailUrl\":\"https:\/\/images.novelship.com\/product\/nike_air_zoom_pegasus_41_sp__college_grey_anthraci_0_11277.jpeg;https:\/\/images.novelship.com\/product\/nike_air_zoom_pegasus_41_sp__college_grey_anthraci_1_11277.jpeg;https:\/\/images.novelship.com\/product\/nike_air_zoom_pegasus_41_sp__college_grey_anthraci_2_11277.jpeg;https:\/\/images.novelship.com\/product\/nike_air_zoom_pegasus_41_sp__college_grey_anthraci_3_11277.jpeg;https:\/\/images.novelship.com\/product\/nike_air_zoom_pegasus_41_sp__college_grey_anthraci_4_11277.jpeg;https:\/\/images.novelship.com\/product\/nike_air_zoom_pegasus_41_sp__college_grey_anthraci_5_11277.jpeg;https:\/\/images.novelship.com\/product\/nike_air_zoom_pegasus_41_sp__college_grey_anthraci_6_11277.jpeg;https:\/\/images.novelship.com\/product\/nike_air_zoom_pegasus_41_sp__college_grey_anthraci_7_11277.jpeg\",\"datePublished\":\"2026-03-02T08:21:57+00:00\",\"dateModified\":\"2026-03-27T18:05:43+00:00\",\"breadcrumb\":{\"@id\":\"https:\/\/tourcruiser.com\/de\/products\/nike-air-zoom-pegasus-41-sp-college-grey-anthracite\/#breadcrumb\"},\"inLanguage\":\"de\",\"potentialAction\":[{\"@type\":\"ReadAction\",\"target\":[\"https:\/\/tourcruiser.com\/de\/products\/nike-air-zoom-pegasus-41-sp-college-grey-anthracite\/\"]}]},{\"@type\":\"ImageObject\",\"inLanguage\":\"de\",\"@id\":\"https:\/\/tourcruiser.com\/de\/products\/nike-air-zoom-pegasus-41-sp-college-grey-anthracite\/#primaryimage\",\"url\":\"https:\/\/images.novelship.com\/product\/nike_air_zoom_pegasus_41_sp__college_grey_anthraci_0_11277.jpeg;https:\/\/images.novelship.com\/product\/nike_air_zoom_pegasus_41_sp__college_grey_anthraci_1_11277.jpeg;https:\/\/images.novelship.com\/product\/nike_air_zoom_pegasus_41_sp__college_grey_anthraci_2_11277.jpeg;https:\/\/images.novelship.com\/product\/nike_air_zoom_pegasus_41_sp__college_grey_anthraci_3_11277.jpeg;https:\/\/images.novelship.com\/product\/nike_air_zoom_pegasus_41_sp__college_grey_anthraci_4_11277.jpeg;https:\/\/images.novelship.com\/product\/nike_air_zoom_pegasus_41_sp__college_grey_anthraci_5_11277.jpeg;https:\/\/images.novelship.com\/product\/nike_air_zoom_pegasus_41_sp__college_grey_anthraci_6_11277.jpeg;https:\/\/images.novelship.com\/product\/nike_air_zoom_pegasus_41_sp__college_grey_anthraci_7_11277.jpeg\",\"contentUrl\":\"https:\/\/images.novelship.com\/product\/nike_air_zoom_pegasus_41_sp__college_grey_anthraci_0_11277.jpeg;https:\/\/images.novelship.com\/product\/nike_air_zoom_pegasus_41_sp__college_grey_anthraci_1_11277.jpeg;https:\/\/images.novelship.com\/product\/nike_air_zoom_pegasus_41_sp__college_grey_anthraci_2_11277.jpeg;https:\/\/images.novelship.com\/product\/nike_air_zoom_pegasus_41_sp__college_grey_anthraci_3_11277.jpeg;https:\/\/images.novelship.com\/product\/nike_air_zoom_pegasus_41_sp__college_grey_anthraci_4_11277.jpeg;https:\/\/images.novelship.com\/product\/nike_air_zoom_pegasus_41_sp__college_grey_anthraci_5_11277.jpeg;https:\/\/images.novelship.com\/product\/nike_air_zoom_pegasus_41_sp__college_grey_anthraci_6_11277.jpeg;https:\/\/images.novelship.com\/product\/nike_air_zoom_pegasus_41_sp__college_grey_anthraci_7_11277.jpeg\"},{\"@type\":\"BreadcrumbList\",\"@id\":\"https:\/\/tourcruiser.com\/de\/products\/nike-air-zoom-pegasus-41-sp-college-grey-anthracite\/#breadcrumb\",\"itemListElement\":[{\"@type\":\"ListItem\",\"position\":1,\"name\":\"Home\",\"item\":\"https:\/\/tourcruiser.com\/de\/\"},{\"@type\":\"ListItem\",\"position\":2,\"name\":\"Shop\",\"item\":\"https:\/\/tourcruiser.com\/de\/shop\/\"},{\"@type\":\"ListItem\",\"position\":3,\"name\":\"Nike Air Zoom Pegasus 41 SP 'College Grey Anthracite'\"}]},{\"@type\":\"WebSite\",\"@id\":\"https:\/\/tourcruiser.com\/de\/#website\",\"url\":\"https:\/\/tourcruiser.com\/de\/\",\"name\":\"Styloral Jewelry Shop\",\"description\":\"Tourcruiser Sneaker Store \u2014 der Ort, an dem das Universum deine Einzigartigkeit trifft.\",\"publisher\":{\"@id\":\"https:\/\/tourcruiser.com\/de\/#organization\"},\"potentialAction\":[{\"@type\":\"SearchAction\",\"target\":{\"@type\":\"EntryPoint\",\"urlTemplate\":\"https:\/\/tourcruiser.com\/de\/?s={search_term_string}\"},\"query-input\":{\"@type\":\"PropertyValueSpecification\",\"valueRequired\":true,\"valueName\":\"search_term_string\"}}],\"inLanguage\":\"de\"},{\"@type\":\"Organization\",\"@id\":\"https:\/\/tourcruiser.com\/de\/#organization\",\"name\":\"STYLORAL PTE. LTD\",\"url\":\"https:\/\/tourcruiser.com\/de\/\",\"logo\":{\"@type\":\"ImageObject\",\"inLanguage\":\"de\",\"@id\":\"https:\/\/tourcruiser.com\/de\/#\/schema\/logo\/image\/\",\"url\":\"https:\/\/www.tourcruiser.com\/wp-content\/uploads\/2025\/12\/logo.png\",\"contentUrl\":\"https:\/\/www.tourcruiser.com\/wp-content\/uploads\/2025\/12\/logo.png\",\"width\":200,\"height\":65,\"caption\":\"STYLORAL PTE. LTD\"},\"image\":{\"@id\":\"https:\/\/tourcruiser.com\/de\/#\/schema\/logo\/image\/\"}}]}<\/script>\n<!-- \/ Yoast SEO plugin. -->","yoast_head_json":{"title":"Nike Air Zoom Pegasus 41 SP 'College Grey Anthracite'  - Tourcruiser PTE. LTD","robots":{"index":"index","follow":"follow","max-snippet":"max-snippet:-1","max-image-preview":"max-image-preview:large","max-video-preview":"max-video-preview:-1"},"canonical":"https:\/\/tourcruiser.com\/de\/products\/nike-air-zoom-pegasus-41-sp-college-grey-anthracite\/","og_locale":"de_DE","og_type":"article","og_title":"Nike Air Zoom Pegasus 41 SP 'College Grey Anthracite'  - Tourcruiser PTE. LTD","og_description":"Nike Air Zoom Pegasus 41 SP \u201d\u201d College Grey\/Anthracite","og_url":"https:\/\/tourcruiser.com\/de\/products\/nike-air-zoom-pegasus-41-sp-college-grey-anthracite\/","og_site_name":"Tourcruiser Sneaker Store","article_modified_time":"2026-03-27T18:05:43+00:00","twitter_card":"summary_large_image","twitter_image":"https:\/\/images.novelship.com\/product\/nike_air_zoom_pegasus_41_sp__college_grey_anthraci_0_11277.jpeg;https:\/\/images.novelship.com\/product\/nike_air_zoom_pegasus_41_sp__college_grey_anthraci_1_11277.jpeg;https:\/\/images.novelship.com\/product\/nike_air_zoom_pegasus_41_sp__college_grey_anthraci_2_11277.jpeg;https:\/\/images.novelship.com\/product\/nike_air_zoom_pegasus_41_sp__college_grey_anthraci_3_11277.jpeg;https:\/\/images.novelship.com\/product\/nike_air_zoom_pegasus_41_sp__college_grey_anthraci_4_11277.jpeg;https:\/\/images.novelship.com\/product\/nike_air_zoom_pegasus_41_sp__college_grey_anthraci_5_11277.jpeg;https:\/\/images.novelship.com\/product\/nike_air_zoom_pegasus_41_sp__college_grey_anthraci_6_11277.jpeg;https:\/\/images.novelship.com\/product\/nike_air_zoom_pegasus_41_sp__college_grey_anthraci_7_11277.jpeg","twitter_misc":{"Gesch\u00e4tzte Lesezeit":"1\u00a0Minute"},"schema":{"@context":"https:\/\/schema.org","@graph":[{"@type":"WebPage","@id":"https:\/\/tourcruiser.com\/de\/products\/nike-air-zoom-pegasus-41-sp-college-grey-anthracite\/","url":"https:\/\/tourcruiser.com\/de\/products\/nike-air-zoom-pegasus-41-sp-college-grey-anthracite\/","name":"Nike Air Zoom Pegasus 41 SP 'College Grey Anthracite' - Tourcruiser PTE. LTD","isPartOf":{"@id":"https:\/\/tourcruiser.com\/de\/#website"},"primaryImageOfPage":{"@id":"https:\/\/tourcruiser.com\/de\/products\/nike-air-zoom-pegasus-41-sp-college-grey-anthracite\/#primaryimage"},"image":{"@id":"https:\/\/tourcruiser.com\/de\/products\/nike-air-zoom-pegasus-41-sp-college-grey-anthracite\/#primaryimage"},"thumbnailUrl":"https:\/\/images.novelship.com\/product\/nike_air_zoom_pegasus_41_sp__college_grey_anthraci_0_11277.jpeg;https:\/\/images.novelship.com\/product\/nike_air_zoom_pegasus_41_sp__college_grey_anthraci_1_11277.jpeg;https:\/\/images.novelship.com\/product\/nike_air_zoom_pegasus_41_sp__college_grey_anthraci_2_11277.jpeg;https:\/\/images.novelship.com\/product\/nike_air_zoom_pegasus_41_sp__college_grey_anthraci_3_11277.jpeg;https:\/\/images.novelship.com\/product\/nike_air_zoom_pegasus_41_sp__college_grey_anthraci_4_11277.jpeg;https:\/\/images.novelship.com\/product\/nike_air_zoom_pegasus_41_sp__college_grey_anthraci_5_11277.jpeg;https:\/\/images.novelship.com\/product\/nike_air_zoom_pegasus_41_sp__college_grey_anthraci_6_11277.jpeg;https:\/\/images.novelship.com\/product\/nike_air_zoom_pegasus_41_sp__college_grey_anthraci_7_11277.jpeg","datePublished":"2026-03-02T08:21:57+00:00","dateModified":"2026-03-27T18:05:43+00:00","breadcrumb":{"@id":"https:\/\/tourcruiser.com\/de\/products\/nike-air-zoom-pegasus-41-sp-college-grey-anthracite\/#breadcrumb"},"inLanguage":"de","potentialAction":[{"@type":"ReadAction","target":["https:\/\/tourcruiser.com\/de\/products\/nike-air-zoom-pegasus-41-sp-college-grey-anthracite\/"]}]},{"@type":"ImageObject","inLanguage":"de","@id":"https:\/\/tourcruiser.com\/de\/products\/nike-air-zoom-pegasus-41-sp-college-grey-anthracite\/#primaryimage","url":"https:\/\/images.novelship.com\/product\/nike_air_zoom_pegasus_41_sp__college_grey_anthraci_0_11277.jpeg;https:\/\/images.novelship.com\/product\/nike_air_zoom_pegasus_41_sp__college_grey_anthraci_1_11277.jpeg;https:\/\/images.novelship.com\/product\/nike_air_zoom_pegasus_41_sp__college_grey_anthraci_2_11277.jpeg;https:\/\/images.novelship.com\/product\/nike_air_zoom_pegasus_41_sp__college_grey_anthraci_3_11277.jpeg;https:\/\/images.novelship.com\/product\/nike_air_zoom_pegasus_41_sp__college_grey_anthraci_4_11277.jpeg;https:\/\/images.novelship.com\/product\/nike_air_zoom_pegasus_41_sp__college_grey_anthraci_5_11277.jpeg;https:\/\/images.novelship.com\/product\/nike_air_zoom_pegasus_41_sp__college_grey_anthraci_6_11277.jpeg;https:\/\/images.novelship.com\/product\/nike_air_zoom_pegasus_41_sp__college_grey_anthraci_7_11277.jpeg","contentUrl":"https:\/\/images.novelship.com\/product\/nike_air_zoom_pegasus_41_sp__college_grey_anthraci_0_11277.jpeg;https:\/\/images.novelship.com\/product\/nike_air_zoom_pegasus_41_sp__college_grey_anthraci_1_11277.jpeg;https:\/\/images.novelship.com\/product\/nike_air_zoom_pegasus_41_sp__college_grey_anthraci_2_11277.jpeg;https:\/\/images.novelship.com\/product\/nike_air_zoom_pegasus_41_sp__college_grey_anthraci_3_11277.jpeg;https:\/\/images.novelship.com\/product\/nike_air_zoom_pegasus_41_sp__college_grey_anthraci_4_11277.jpeg;https:\/\/images.novelship.com\/product\/nike_air_zoom_pegasus_41_sp__college_grey_anthraci_5_11277.jpeg;https:\/\/images.novelship.com\/product\/nike_air_zoom_pegasus_41_sp__college_grey_anthraci_6_11277.jpeg;https:\/\/images.novelship.com\/product\/nike_air_zoom_pegasus_41_sp__college_grey_anthraci_7_11277.jpeg"},{"@type":"BreadcrumbList","@id":"https:\/\/tourcruiser.com\/de\/products\/nike-air-zoom-pegasus-41-sp-college-grey-anthracite\/#breadcrumb","itemListElement":[{"@type":"ListItem","position":1,"name":"Home","item":"https:\/\/tourcruiser.com\/de\/"},{"@type":"ListItem","position":2,"name":"Shop","item":"https:\/\/tourcruiser.com\/de\/shop\/"},{"@type":"ListItem","position":3,"name":"Nike Air Zoom Pegasus 41 SP 'College Grey Anthracite'"}]},{"@type":"WebSite","@id":"https:\/\/tourcruiser.com\/de\/#website","url":"https:\/\/tourcruiser.com\/de\/","name":"Styloral Jewelry Shop","description":"Tourcruiser Sneaker Store \u2014 der Ort, an dem das Universum deine Einzigartigkeit trifft.","publisher":{"@id":"https:\/\/tourcruiser.com\/de\/#organization"},"potentialAction":[{"@type":"SearchAction","target":{"@type":"EntryPoint","urlTemplate":"https:\/\/tourcruiser.com\/de\/?s={search_term_string}"},"query-input":{"@type":"PropertyValueSpecification","valueRequired":true,"valueName":"search_term_string"}}],"inLanguage":"de"},{"@type":"Organization","@id":"https:\/\/tourcruiser.com\/de\/#organization","name":"STYLORAL PTE. LTD","url":"https:\/\/tourcruiser.com\/de\/","logo":{"@type":"ImageObject","inLanguage":"de","@id":"https:\/\/tourcruiser.com\/de\/#\/schema\/logo\/image\/","url":"https:\/\/www.tourcruiser.com\/wp-content\/uploads\/2025\/12\/logo.png","contentUrl":"https:\/\/www.tourcruiser.com\/wp-content\/uploads\/2025\/12\/logo.png","width":200,"height":65,"caption":"STYLORAL PTE. LTD"},"image":{"@id":"https:\/\/tourcruiser.com\/de\/#\/schema\/logo\/image\/"}}]}},"_links":{"self":[{"href":"https:\/\/tourcruiser.com\/de\/wp-json\/wp\/v2\/product\/70877","targetHints":{"allow":["GET"]}}],"collection":[{"href":"https:\/\/tourcruiser.com\/de\/wp-json\/wp\/v2\/product"}],"about":[{"href":"https:\/\/tourcruiser.com\/de\/wp-json\/wp\/v2\/types\/product"}],"replies":[{"embeddable":true,"href":"https:\/\/tourcruiser.com\/de\/wp-json\/wp\/v2\/comments?post=70877"}],"wp:featuredmedia":[{"embeddable":true,"href":"https:\/\/tourcruiser.com\/de\/wp-json\/wp\/v2\/media\/70878"}],"wp:attachment":[{"href":"https:\/\/tourcruiser.com\/de\/wp-json\/wp\/v2\/media?parent=70877"}],"wp:term":[{"taxonomy":"product_brand","embeddable":true,"href":"https:\/\/tourcruiser.com\/de\/wp-json\/wp\/v2\/product_brand?post=70877"},{"taxonomy":"product_cat","embeddable":true,"href":"https:\/\/tourcruiser.com\/de\/wp-json\/wp\/v2\/product_cat?post=70877"},{"taxonomy":"product_tag","embeddable":true,"href":"https:\/\/tourcruiser.com\/de\/wp-json\/wp\/v2\/product_tag?post=70877"}],"curies":[{"name":"wp","href":"https:\/\/api.w.org\/{rel}","templated":true}]}}