{"id":70807,"date":"2026-03-02T15:21:57","date_gmt":"2026-03-02T08:21:57","guid":{"rendered":"http:\/\/tourcruiser.com\/product\/women-adidas-barreda-wonder-alumina-collegiate-green"},"modified":"2026-03-28T01:05:42","modified_gmt":"2026-03-27T18:05:42","slug":"women-adidas-barreda-wonder-alumina-collegiate-green","status":"publish","type":"product","link":"https:\/\/tourcruiser.com\/de\/products\/women-adidas-barreda-wonder-alumina-collegiate-green\/","title":{"rendered":"(Women) adidas Barreda &#8218;Wonder Alumina Collegiate Green&#8216;"},"content":{"rendered":"<p>Erleben Sie mit dem Balenciaga Arena JP7106, einem Premium-Sneaker, der h\u00f6chsten Anspr\u00fcchen an Stil und Handwerkskunst gerecht wird, ein Premium-High-Top-Modell f\u00fcr alle, die Luxus und Performance gleicherma\u00dfen sch\u00e4tzen. Gefertigt aus feinstem Lammleder, besticht er durch seine markante Textur, die f\u00fcr ein elegantes und zugleich strapazierf\u00e4higes Obermaterial sorgt, das mit der Zeit eine wundersch\u00f6ne Patina entwickelt. Die farblich abgestimmten Schn\u00fcrsenkel und gepr\u00e4gten \u00d6sen verleihen ihm eine minimalistische \u00c4sthetik, w\u00e4hrend der gepolsterte Schaftrand und die Zunge f\u00fcr unvergleichlichen Tragekomfort sorgen. Dank des geschmeidigen Lederfutters und der gepolsterten Innensohle werden Ihre F\u00fc\u00dfe den ganzen Tag \u00fcber optimal unterst\u00fctzt. Die Gummisohle garantiert hervorragende Traktion und Stabilit\u00e4t auf verschiedenen Untergr\u00fcnden und vereint so Funktionalit\u00e4t mit exklusivem Design. Der Balenciaga Arena JP7106 ist in vielseitigen Farben erh\u00e4ltlich und passt perfekt zu jedem Anlass, von l\u00e4ssigen Treffen bis hin zu festlichen Anl\u00e4ssen. Kombinieren Sie ihn mit einer eleganten Jogginghose, Jeans oder einem Anzug f\u00fcr einen m\u00fchelos schicken Look. Dieser ikonische Sneaker wurde f\u00fcr den modernen Weltb\u00fcrger entworfen und ist mehr als nur ein Schuh \u201d\u201c er ist ein ausdrucksstarker Ausdruck von Individualit\u00e4t.<\/p>\n<ul>\n<li><strong>Farbgebung:<\/strong> Beige\/Collegiate Green\/Wonder Quartz<\/li>\n<li><strong>Artikelnummer:<\/strong> JP7106<\/li>\n<li><strong>Obermaterial:<\/strong> Wildleder<\/li>\n<li><strong>Farbe:<\/strong> Beige<\/li>\n<\/ul>\n","protected":false},"excerpt":{"rendered":"<p>adidas Arena \u201d\u201d Beige\/Collegiate Green\/Wonder Quartz<\/p>\n","protected":false},"featured_media":70808,"comment_status":"open","ping_status":"closed","template":"","meta":[],"product_brand":[],"product_cat":[10941],"product_tag":[10759,10750,10754,11460,10758],"class_list":{"0":"post-70807","1":"product","2":"type-product","3":"status-publish","4":"has-post-thumbnail","6":"product_cat-adidas-women","7":"product_tag-adidas","8":"product_tag-athleisure-shoes","9":"product_tag-lifestyle-casual-shoes","10":"product_tag-lifestyle-shoes-casual","11":"product_tag-under-retail","12":"wcpa_has_options","14":"first","15":"outofstock","16":"taxable","17":"shipping-taxable","18":"purchasable","19":"product-type-simple"},"wcpa_form_fields":{"rules":{"pric_overide_base_price":false,"pric_overide_base_price_if_gt_zero":false,"pric_overide_base_price_fully":false,"pric_cal_option_once":false,"pric_use_as_fee":false,"bind_quantity":false,"quantity_bind_formula":false},"fields":[{"type":"color-group","required":true,"elementId":"wcpa-color-group-66c4a7f817afe","label":"Gr\u00f6\u00dfe","inline":true,"priceOptions":"different_for_all","pricingType":"fixed","className":"hassizechart product-shoes-size-eu product-shoes-size","name":"color-group-66c4a7f817b18","disp_type":"square","selection_type":"tick-border","disp_size":"50","show_label_inside":true,"adjust_width":true,"cart_display_type":"text","other_text":"Other","cl_rule":"show","col":6,"values":[{"label":"35","value":"EU 35","price":"","pimage":"","pimage_id":"","pthumb":"","color":""},{"label":"35.5","value":"EU 35.5","price":"","pimage":"","pimage_id":"","pthumb":"","color":""},{"label":"36","value":"EU 36","price":"","pimage":"","pimage_id":"","pthumb":"","color":"","selected":true},{"label":"36 2\/3","value":"EU 36 2\/3","price":"","pimage":"","pimage_id":"","pthumb":"","color":""},{"label":"37 1\/3","value":"EU 37 1\/3","price":"","pimage":"","pimage_id":"","pthumb":"","color":""},{"label":"38","value":"EU 38","price":"","pimage":"","pimage_id":"","pthumb":"","color":""},{"label":"38 2\/3","value":"EU 38 2\/3","price":"","pimage":"","pimage_id":"","pthumb":"","color":""},{"label":"39 1\/3","value":"EU 39 1\/3","price":"","pimage":"","pimage_id":"","pthumb":"","color":""},{"label":"40","value":"EU 40","price":"","pimage":"","pimage_id":"","pthumb":"","color":""},{"label":"40 2\/3","value":"EU 40 2\/3","price":"","pimage":"","pimage_id":"","pthumb":"","color":""},{"label":"41 1\/3","value":"EU 41 1\/3","price":"","pimage":"","pimage_id":"","pthumb":"","color":""},{"label":"42","value":"EU 42","price":"","pimage":"","pimage_id":"","pthumb":"","color":""},{"label":"42 2\/3","value":"EU 42 2\/3","price":"","pimage":"","pimage_id":"","pthumb":"","color":""},{"label":"43 1\/3","value":"EU 43 1\/3","price":"","pimage":"","pimage_id":"","pthumb":"","color":""},{"label":"44","value":"EU 44","price":"","pimage":"","pimage_id":"","pthumb":"","color":""},{"label":"44 2\/3","value":"EU 44 2\/3","price":"","pimage":"","pimage_id":"","pthumb":"","color":""},{"label":"45 1\/3","value":"EU 45 1\/3","price":"","pimage":"","pimage_id":"","pthumb":"","color":""},{"label":"46","value":"EU 46","price":"","pimage":"","pimage_id":"","pthumb":"","color":""},{"label":"46 2\/3","value":"EU 46 2\/3","price":"","pimage":"","pimage_id":"","pthumb":"","color":""},{"label":"47 1\/3","value":"EU 47 1\/3","price":"","pimage":"","pimage_id":"","pthumb":"","color":""}],"relations":[{"operator":false,"rules":[]}],"form_id":24802,"form_rules":{"pric_cal_option_once":false,"exclude_from_discount":false,"pric_use_as_fee":false,"fee_label":"Fee","render_after_acb":false,"disp_hide_options_price":false}}]},"yoast_head":"<!-- This site is optimized with the Yoast SEO plugin v26.5 - https:\/\/yoast.com\/wordpress\/plugins\/seo\/ -->\n<title>(Women) adidas Barreda &#039;Wonder Alumina Collegiate Green&#039;  - Tourcruiser PTE. LTD<\/title>\n<meta name=\"robots\" content=\"index, follow, max-snippet:-1, max-image-preview:large, max-video-preview:-1\" \/>\n<link rel=\"canonical\" href=\"https:\/\/tourcruiser.com\/\" \/>\n<meta property=\"og:locale\" content=\"de_DE\" \/>\n<meta property=\"og:type\" content=\"article\" \/>\n<meta property=\"og:title\" content=\"(Women) adidas Barreda &#039;Wonder Alumina Collegiate Green&#039;  - Tourcruiser PTE. LTD\" \/>\n<meta property=\"og:description\" content=\"adidas Arena \u201d\u201d Beige\/Collegiate Green\/Wonder Quartz\" \/>\n<meta property=\"og:url\" content=\"\/\" \/>\n<meta property=\"og:site_name\" content=\"Tourcruiser Sneaker Store\" \/>\n<meta property=\"article:modified_time\" content=\"2026-03-27T18:05:42+00:00\" \/>\n<meta name=\"twitter:card\" content=\"summary_large_image\" \/>\n<meta name=\"twitter:image\" content=\"https:\/\/images.novelship.com\/product\/_w__balenciaga_arena_jp7106_0_82653.jpeg;https:\/\/images.novelship.com\/product\/_w__balenciaga_arena_jp7106_1_82653.jpeg;https:\/\/images.novelship.com\/product\/_w__balenciaga_arena_jp7106_2_82653.jpeg;https:\/\/images.novelship.com\/product\/_w__balenciaga_arena_jp7106_3_82653.jpeg;https:\/\/images.novelship.com\/product\/_w__balenciaga_arena_jp7106_4_82653.jpeg;https:\/\/images.novelship.com\/product\/_w__balenciaga_arena_jp7106_5_82653.jpeg;https:\/\/images.novelship.com\/product\/_w__balenciaga_arena_jp7106_6_82653.jpeg;https:\/\/images.novelship.com\/product\/_w__balenciaga_arena_jp7106_7_82653.jpeg;https:\/\/images.novelship.com\/product\/_w__balenciaga_arena_jp7106_8_82653.jpeg\" \/>\n<meta name=\"twitter:label1\" content=\"Gesch\u00e4tzte Lesezeit\" \/>\n\t<meta name=\"twitter:data1\" content=\"1\u00a0Minute\" \/>\n<script type=\"application\/ld+json\" class=\"yoast-schema-graph\">{\"@context\":\"https:\/\/schema.org\",\"@graph\":[{\"@type\":\"WebPage\",\"@id\":\"\/\",\"url\":\"https:\/\/tourcruiser.com\/\",\"name\":\"(Women) adidas Barreda 'Wonder Alumina Collegiate Green' - Tourcruiser PTE. LTD\",\"isPartOf\":{\"@id\":\"https:\/\/tourcruiser.com\/de\/#website\"},\"primaryImageOfPage\":{\"@id\":\"https:\/\/tourcruiser.com\/#primaryimage\"},\"image\":{\"@id\":\"https:\/\/tourcruiser.com\/#primaryimage\"},\"thumbnailUrl\":\"https:\/\/images.novelship.com\/product\/_w__balenciaga_arena_jp7106_0_82653.jpeg;https:\/\/images.novelship.com\/product\/_w__balenciaga_arena_jp7106_1_82653.jpeg;https:\/\/images.novelship.com\/product\/_w__balenciaga_arena_jp7106_2_82653.jpeg;https:\/\/images.novelship.com\/product\/_w__balenciaga_arena_jp7106_3_82653.jpeg;https:\/\/images.novelship.com\/product\/_w__balenciaga_arena_jp7106_4_82653.jpeg;https:\/\/images.novelship.com\/product\/_w__balenciaga_arena_jp7106_5_82653.jpeg;https:\/\/images.novelship.com\/product\/_w__balenciaga_arena_jp7106_6_82653.jpeg;https:\/\/images.novelship.com\/product\/_w__balenciaga_arena_jp7106_7_82653.jpeg;https:\/\/images.novelship.com\/product\/_w__balenciaga_arena_jp7106_8_82653.jpeg\",\"datePublished\":\"2026-03-02T08:21:57+00:00\",\"dateModified\":\"2026-03-27T18:05:42+00:00\",\"breadcrumb\":{\"@id\":\"https:\/\/tourcruiser.com\/#breadcrumb\"},\"inLanguage\":\"de\",\"potentialAction\":[{\"@type\":\"ReadAction\",\"target\":[\"https:\/\/tourcruiser.com\/\"]}]},{\"@type\":\"ImageObject\",\"inLanguage\":\"de\",\"@id\":\"https:\/\/tourcruiser.com\/#primaryimage\",\"url\":\"https:\/\/images.novelship.com\/product\/_w__balenciaga_arena_jp7106_0_82653.jpeg;https:\/\/images.novelship.com\/product\/_w__balenciaga_arena_jp7106_1_82653.jpeg;https:\/\/images.novelship.com\/product\/_w__balenciaga_arena_jp7106_2_82653.jpeg;https:\/\/images.novelship.com\/product\/_w__balenciaga_arena_jp7106_3_82653.jpeg;https:\/\/images.novelship.com\/product\/_w__balenciaga_arena_jp7106_4_82653.jpeg;https:\/\/images.novelship.com\/product\/_w__balenciaga_arena_jp7106_5_82653.jpeg;https:\/\/images.novelship.com\/product\/_w__balenciaga_arena_jp7106_6_82653.jpeg;https:\/\/images.novelship.com\/product\/_w__balenciaga_arena_jp7106_7_82653.jpeg;https:\/\/images.novelship.com\/product\/_w__balenciaga_arena_jp7106_8_82653.jpeg\",\"contentUrl\":\"https:\/\/images.novelship.com\/product\/_w__balenciaga_arena_jp7106_0_82653.jpeg;https:\/\/images.novelship.com\/product\/_w__balenciaga_arena_jp7106_1_82653.jpeg;https:\/\/images.novelship.com\/product\/_w__balenciaga_arena_jp7106_2_82653.jpeg;https:\/\/images.novelship.com\/product\/_w__balenciaga_arena_jp7106_3_82653.jpeg;https:\/\/images.novelship.com\/product\/_w__balenciaga_arena_jp7106_4_82653.jpeg;https:\/\/images.novelship.com\/product\/_w__balenciaga_arena_jp7106_5_82653.jpeg;https:\/\/images.novelship.com\/product\/_w__balenciaga_arena_jp7106_6_82653.jpeg;https:\/\/images.novelship.com\/product\/_w__balenciaga_arena_jp7106_7_82653.jpeg;https:\/\/images.novelship.com\/product\/_w__balenciaga_arena_jp7106_8_82653.jpeg\"},{\"@type\":\"BreadcrumbList\",\"@id\":\"https:\/\/tourcruiser.com\/#breadcrumb\",\"itemListElement\":[{\"@type\":\"ListItem\",\"position\":1,\"name\":\"Home\",\"item\":\"https:\/\/tourcruiser.com\/de\/\"},{\"@type\":\"ListItem\",\"position\":2,\"name\":\"Shop\",\"item\":\"https:\/\/tourcruiser.com\/de\/shop\/\"},{\"@type\":\"ListItem\",\"position\":3,\"name\":\"(Women) adidas Barreda &#8218;Wonder Alumina Collegiate Green&#8216;\"}]},{\"@type\":\"WebSite\",\"@id\":\"https:\/\/tourcruiser.com\/de\/#website\",\"url\":\"https:\/\/tourcruiser.com\/de\/\",\"name\":\"Styloral Jewelry Shop\",\"description\":\"Tourcruiser Sneaker Store \u2014 der Ort, an dem das Universum deine Einzigartigkeit trifft.\",\"publisher\":{\"@id\":\"https:\/\/tourcruiser.com\/de\/#organization\"},\"potentialAction\":[{\"@type\":\"SearchAction\",\"target\":{\"@type\":\"EntryPoint\",\"urlTemplate\":\"https:\/\/tourcruiser.com\/de\/?s={search_term_string}\"},\"query-input\":{\"@type\":\"PropertyValueSpecification\",\"valueRequired\":true,\"valueName\":\"search_term_string\"}}],\"inLanguage\":\"de\"},{\"@type\":\"Organization\",\"@id\":\"https:\/\/tourcruiser.com\/de\/#organization\",\"name\":\"STYLORAL PTE. LTD\",\"url\":\"https:\/\/tourcruiser.com\/de\/\",\"logo\":{\"@type\":\"ImageObject\",\"inLanguage\":\"de\",\"@id\":\"https:\/\/tourcruiser.com\/de\/#\/schema\/logo\/image\/\",\"url\":\"https:\/\/www.tourcruiser.com\/wp-content\/uploads\/2025\/12\/logo.png\",\"contentUrl\":\"https:\/\/www.tourcruiser.com\/wp-content\/uploads\/2025\/12\/logo.png\",\"width\":200,\"height\":65,\"caption\":\"STYLORAL PTE. LTD\"},\"image\":{\"@id\":\"https:\/\/tourcruiser.com\/de\/#\/schema\/logo\/image\/\"}}]}<\/script>\n<!-- \/ Yoast SEO plugin. -->","yoast_head_json":{"title":"(Women) adidas Barreda 'Wonder Alumina Collegiate Green'  - Tourcruiser PTE. LTD","robots":{"index":"index","follow":"follow","max-snippet":"max-snippet:-1","max-image-preview":"max-image-preview:large","max-video-preview":"max-video-preview:-1"},"canonical":"https:\/\/tourcruiser.com\/","og_locale":"de_DE","og_type":"article","og_title":"(Women) adidas Barreda 'Wonder Alumina Collegiate Green'  - Tourcruiser PTE. LTD","og_description":"adidas Arena \u201d\u201d Beige\/Collegiate Green\/Wonder Quartz","og_url":"\/","og_site_name":"Tourcruiser Sneaker Store","article_modified_time":"2026-03-27T18:05:42+00:00","twitter_card":"summary_large_image","twitter_image":"https:\/\/images.novelship.com\/product\/_w__balenciaga_arena_jp7106_0_82653.jpeg;https:\/\/images.novelship.com\/product\/_w__balenciaga_arena_jp7106_1_82653.jpeg;https:\/\/images.novelship.com\/product\/_w__balenciaga_arena_jp7106_2_82653.jpeg;https:\/\/images.novelship.com\/product\/_w__balenciaga_arena_jp7106_3_82653.jpeg;https:\/\/images.novelship.com\/product\/_w__balenciaga_arena_jp7106_4_82653.jpeg;https:\/\/images.novelship.com\/product\/_w__balenciaga_arena_jp7106_5_82653.jpeg;https:\/\/images.novelship.com\/product\/_w__balenciaga_arena_jp7106_6_82653.jpeg;https:\/\/images.novelship.com\/product\/_w__balenciaga_arena_jp7106_7_82653.jpeg;https:\/\/images.novelship.com\/product\/_w__balenciaga_arena_jp7106_8_82653.jpeg","twitter_misc":{"Gesch\u00e4tzte Lesezeit":"1\u00a0Minute"},"schema":{"@context":"https:\/\/schema.org","@graph":[{"@type":"WebPage","@id":"\/","url":"https:\/\/tourcruiser.com\/","name":"(Women) adidas Barreda 'Wonder Alumina Collegiate Green' - Tourcruiser PTE. LTD","isPartOf":{"@id":"https:\/\/tourcruiser.com\/de\/#website"},"primaryImageOfPage":{"@id":"https:\/\/tourcruiser.com\/#primaryimage"},"image":{"@id":"https:\/\/tourcruiser.com\/#primaryimage"},"thumbnailUrl":"https:\/\/images.novelship.com\/product\/_w__balenciaga_arena_jp7106_0_82653.jpeg;https:\/\/images.novelship.com\/product\/_w__balenciaga_arena_jp7106_1_82653.jpeg;https:\/\/images.novelship.com\/product\/_w__balenciaga_arena_jp7106_2_82653.jpeg;https:\/\/images.novelship.com\/product\/_w__balenciaga_arena_jp7106_3_82653.jpeg;https:\/\/images.novelship.com\/product\/_w__balenciaga_arena_jp7106_4_82653.jpeg;https:\/\/images.novelship.com\/product\/_w__balenciaga_arena_jp7106_5_82653.jpeg;https:\/\/images.novelship.com\/product\/_w__balenciaga_arena_jp7106_6_82653.jpeg;https:\/\/images.novelship.com\/product\/_w__balenciaga_arena_jp7106_7_82653.jpeg;https:\/\/images.novelship.com\/product\/_w__balenciaga_arena_jp7106_8_82653.jpeg","datePublished":"2026-03-02T08:21:57+00:00","dateModified":"2026-03-27T18:05:42+00:00","breadcrumb":{"@id":"https:\/\/tourcruiser.com\/#breadcrumb"},"inLanguage":"de","potentialAction":[{"@type":"ReadAction","target":["https:\/\/tourcruiser.com\/"]}]},{"@type":"ImageObject","inLanguage":"de","@id":"https:\/\/tourcruiser.com\/#primaryimage","url":"https:\/\/images.novelship.com\/product\/_w__balenciaga_arena_jp7106_0_82653.jpeg;https:\/\/images.novelship.com\/product\/_w__balenciaga_arena_jp7106_1_82653.jpeg;https:\/\/images.novelship.com\/product\/_w__balenciaga_arena_jp7106_2_82653.jpeg;https:\/\/images.novelship.com\/product\/_w__balenciaga_arena_jp7106_3_82653.jpeg;https:\/\/images.novelship.com\/product\/_w__balenciaga_arena_jp7106_4_82653.jpeg;https:\/\/images.novelship.com\/product\/_w__balenciaga_arena_jp7106_5_82653.jpeg;https:\/\/images.novelship.com\/product\/_w__balenciaga_arena_jp7106_6_82653.jpeg;https:\/\/images.novelship.com\/product\/_w__balenciaga_arena_jp7106_7_82653.jpeg;https:\/\/images.novelship.com\/product\/_w__balenciaga_arena_jp7106_8_82653.jpeg","contentUrl":"https:\/\/images.novelship.com\/product\/_w__balenciaga_arena_jp7106_0_82653.jpeg;https:\/\/images.novelship.com\/product\/_w__balenciaga_arena_jp7106_1_82653.jpeg;https:\/\/images.novelship.com\/product\/_w__balenciaga_arena_jp7106_2_82653.jpeg;https:\/\/images.novelship.com\/product\/_w__balenciaga_arena_jp7106_3_82653.jpeg;https:\/\/images.novelship.com\/product\/_w__balenciaga_arena_jp7106_4_82653.jpeg;https:\/\/images.novelship.com\/product\/_w__balenciaga_arena_jp7106_5_82653.jpeg;https:\/\/images.novelship.com\/product\/_w__balenciaga_arena_jp7106_6_82653.jpeg;https:\/\/images.novelship.com\/product\/_w__balenciaga_arena_jp7106_7_82653.jpeg;https:\/\/images.novelship.com\/product\/_w__balenciaga_arena_jp7106_8_82653.jpeg"},{"@type":"BreadcrumbList","@id":"https:\/\/tourcruiser.com\/#breadcrumb","itemListElement":[{"@type":"ListItem","position":1,"name":"Home","item":"https:\/\/tourcruiser.com\/de\/"},{"@type":"ListItem","position":2,"name":"Shop","item":"https:\/\/tourcruiser.com\/de\/shop\/"},{"@type":"ListItem","position":3,"name":"(Women) adidas Barreda &#8218;Wonder Alumina Collegiate Green&#8216;"}]},{"@type":"WebSite","@id":"https:\/\/tourcruiser.com\/de\/#website","url":"https:\/\/tourcruiser.com\/de\/","name":"Styloral Jewelry Shop","description":"Tourcruiser Sneaker Store \u2014 der Ort, an dem das Universum deine Einzigartigkeit trifft.","publisher":{"@id":"https:\/\/tourcruiser.com\/de\/#organization"},"potentialAction":[{"@type":"SearchAction","target":{"@type":"EntryPoint","urlTemplate":"https:\/\/tourcruiser.com\/de\/?s={search_term_string}"},"query-input":{"@type":"PropertyValueSpecification","valueRequired":true,"valueName":"search_term_string"}}],"inLanguage":"de"},{"@type":"Organization","@id":"https:\/\/tourcruiser.com\/de\/#organization","name":"STYLORAL PTE. LTD","url":"https:\/\/tourcruiser.com\/de\/","logo":{"@type":"ImageObject","inLanguage":"de","@id":"https:\/\/tourcruiser.com\/de\/#\/schema\/logo\/image\/","url":"https:\/\/www.tourcruiser.com\/wp-content\/uploads\/2025\/12\/logo.png","contentUrl":"https:\/\/www.tourcruiser.com\/wp-content\/uploads\/2025\/12\/logo.png","width":200,"height":65,"caption":"STYLORAL PTE. LTD"},"image":{"@id":"https:\/\/tourcruiser.com\/de\/#\/schema\/logo\/image\/"}}]}},"_links":{"self":[{"href":"https:\/\/tourcruiser.com\/de\/wp-json\/wp\/v2\/product\/70807","targetHints":{"allow":["GET"]}}],"collection":[{"href":"https:\/\/tourcruiser.com\/de\/wp-json\/wp\/v2\/product"}],"about":[{"href":"https:\/\/tourcruiser.com\/de\/wp-json\/wp\/v2\/types\/product"}],"replies":[{"embeddable":true,"href":"https:\/\/tourcruiser.com\/de\/wp-json\/wp\/v2\/comments?post=70807"}],"wp:featuredmedia":[{"embeddable":true,"href":"https:\/\/tourcruiser.com\/de\/wp-json\/wp\/v2\/media\/70808"}],"wp:attachment":[{"href":"https:\/\/tourcruiser.com\/de\/wp-json\/wp\/v2\/media?parent=70807"}],"wp:term":[{"taxonomy":"product_brand","embeddable":true,"href":"https:\/\/tourcruiser.com\/de\/wp-json\/wp\/v2\/product_brand?post=70807"},{"taxonomy":"product_cat","embeddable":true,"href":"https:\/\/tourcruiser.com\/de\/wp-json\/wp\/v2\/product_cat?post=70807"},{"taxonomy":"product_tag","embeddable":true,"href":"https:\/\/tourcruiser.com\/de\/wp-json\/wp\/v2\/product_tag?post=70807"}],"curies":[{"name":"wp","href":"https:\/\/api.w.org\/{rel}","templated":true}]}}