{"id":69867,"date":"2026-03-02T15:21:45","date_gmt":"2026-03-02T08:21:45","guid":{"rendered":"http:\/\/tourcruiser.com\/product\/nike-cortez-txt-monarch-muslin-sail"},"modified":"2026-03-28T01:05:24","modified_gmt":"2026-03-27T18:05:24","slug":"nike-cortez-txt-monarch-muslin-sail","status":"publish","type":"product","link":"https:\/\/tourcruiser.com\/de\/products\/nike-cortez-txt-monarch-muslin-sail\/","title":{"rendered":"Nike Cortez TXT &#8218;Monarch Muslin Sail&#8216;"},"content":{"rendered":"<p>Der Nike Cortez Textile HF0263-800 interpretiert die klassische Silhouette mit einem dynamischen Update neu und vereint Retro-\u00c4sthetik mit modernem Stil. Dank des strapazierf\u00e4higen Textil-Obermaterials bietet dieses Modell ein leichtes und atmungsaktives Tragegef\u00fchl f\u00fcr ganzt\u00e4gigen Komfort. Die auff\u00e4llige Farbgebung verleiht ihm einen markanten Look und macht ihn zum perfekten Sneaker f\u00fcr alle, die in der Menge auffallen wollen.<\/p>\n<p>Sein stromlinienf\u00f6rmiges Design bleibt der urspr\u00fcnglichen Cortez-DNA treu und verf\u00fcgt \u00fcber das ikonische Swoosh-Logo sowie das Fischgr\u00e4tenprofil der Au\u00dfensohle f\u00fcr optimale Traktion und Langlebigkeit. Die weiche Mittelsohlend\u00e4mpfung sorgt f\u00fcr hervorragende Sto\u00dfd\u00e4mpfung, w\u00e4hrend der flache Schnitt uneingeschr\u00e4nkte Bewegungsfreiheit und zeitlose Vielseitigkeit erm\u00f6glicht.<\/p>\n<p>Ob du deinen Streetwear-Look aufwerten, ein l\u00e4ssiges Outfit erg\u00e4nzen oder deiner Garderobe einfach einen Statement-Sneaker hinzuf\u00fcgen m\u00f6chtest \u201d\u201c der Nike Cortez Textile HF0263-800 bietet au\u00dfergew\u00f6hnlichen Style ohne Kompromisse bei der Funktionalit\u00e4t. Dieser weltweit beliebte Sneaker ist sowohl f\u00fcr Sneaker-Fans als auch f\u00fcr alle anderen Sneaker-Fans gleicherma\u00dfen geeignet und begeistert Generationen von Sneaker-Liebhabern.<\/p>\n<p>Der Nike Cortez Textile HF0263-800 vereint Tradition und Innovation und ist ein Must-have f\u00fcr alle, die Komfort, Performance und ein markantes Design perfekt kombinieren m\u00f6chten.<\/p>\n<p>Farbgebung: Monarch\/Muslin\/Sail<\/p>\n<p>Artikelnummer: HF0263-800<\/p>\n<p>Obermaterial: Nylon<\/p>\n<p>Farbe: Orange<\/p>\n<p>Designer: Bill Bowerman<\/p>\n<p>Farbe: Orange<\/p>\n","protected":false},"excerpt":{"rendered":"<p>Nike Cortez Textile \u201d\u201d Monarch\/Muslin\/Sail<\/p>\n","protected":false},"featured_media":69868,"comment_status":"open","ping_status":"closed","template":"","meta":[],"product_brand":[],"product_cat":[10803],"product_tag":[10750,10754,10765,10801,10768,10758],"class_list":{"0":"post-69867","1":"product","2":"type-product","3":"status-publish","4":"has-post-thumbnail","6":"product_cat-nike","7":"product_tag-athleisure-shoes","8":"product_tag-lifestyle-casual-shoes","9":"product_tag-lifestyle-shoes-running-inspired","10":"product_tag-nike","11":"product_tag-retro-running-shoes","12":"product_tag-under-retail","13":"wcpa_has_options","15":"first","16":"outofstock","17":"taxable","18":"shipping-taxable","19":"purchasable","20":"product-type-simple"},"wcpa_form_fields":{"rules":{"pric_overide_base_price":false,"pric_overide_base_price_if_gt_zero":false,"pric_overide_base_price_fully":false,"pric_cal_option_once":false,"pric_use_as_fee":false,"bind_quantity":false,"quantity_bind_formula":false},"fields":[{"type":"color-group","required":true,"elementId":"wcpa-color-group-66c4a75505e74","label":"Gr\u00f6\u00dfe - EU Gr\u00f6\u00dfe","inline":true,"priceOptions":"different_for_all","pricingType":"fixed","className":"hassizechart product-shoes-size-eu product-shoes-size","name":"color-group-66c4a75505e89","disp_type":"square","selection_type":"tick-border","disp_size":"44","show_label_inside":true,"adjust_width":true,"cart_display_type":"text","other_text":"Other","cl_rule":"show","col":6,"values":[{"label":"35.5","value":"EU 35.5","price":"","pimage":"","pimage_id":"","pthumb":"","color":""},{"label":"36","value":"EU 36","price":"","pimage":"","pimage_id":"","pthumb":"","color":"","selected":true},{"label":"36.5","value":"EU 36.5","price":"","pimage":"","pimage_id":"","pthumb":"","color":""},{"label":"37.5","value":"EU 37.5","price":"","pimage":"","pimage_id":"","pthumb":"","color":""},{"label":"38","value":"EU 38","price":"","pimage":"","pimage_id":"","pthumb":"","color":""},{"label":"38.5","value":"EU 38.5","price":"","pimage":"","pimage_id":"","pthumb":"","color":""},{"label":"39","value":"EU 39","price":"","pimage":"","pimage_id":"","pthumb":"","color":""},{"label":"40","value":"EU 40","price":"","pimage":"","pimage_id":"","pthumb":"","color":""},{"label":"40.5","value":"EU 40.5","price":"","pimage":"","pimage_id":"","pthumb":"","color":""},{"label":"41","value":"EU 41","price":"","pimage":"","pimage_id":"","pthumb":"","color":""},{"label":"42","value":"EU 42","price":"","pimage":"","pimage_id":"","pthumb":"","color":""},{"label":"42.5","value":"EU 42.5","price":"","pimage":"","pimage_id":"","pthumb":"","color":""},{"label":"43","value":"EU 43","price":"","pimage":"","pimage_id":"","pthumb":"","color":""},{"label":"44","value":"EU 44","price":"","pimage":"","pimage_id":"","pthumb":"","color":""},{"label":"44.5","value":"EU 44.5","price":"","pimage":"","pimage_id":"","pthumb":"","color":""},{"label":"45","value":"EU 45","price":"","pimage":"","pimage_id":"","pthumb":"","color":""},{"label":"45.5","value":"EU 45.5","price":"","pimage":"","pimage_id":"","pthumb":"","color":""},{"label":"46","value":"EU 46","price":"","pimage":"","pimage_id":"","pthumb":"","color":""},{"label":"47","value":"EU 47","price":"","pimage":"","pimage_id":"","pthumb":"","color":""},{"label":"47.5","value":"EU 47.5","price":"","pimage":"","pimage_id":"","pthumb":"","color":""},{"label":"48","value":"EU 48","price":"","pimage":"","pimage_id":"","pthumb":"","color":""}],"relations":[{"operator":false,"rules":[]}],"form_id":18106,"form_rules":{"pric_cal_option_once":false,"exclude_from_discount":false,"pric_use_as_fee":false,"fee_label":"Fee","render_after_acb":false,"disp_hide_options_price":false}}]},"yoast_head":"<!-- This site is optimized with the Yoast SEO plugin v26.5 - https:\/\/yoast.com\/wordpress\/plugins\/seo\/ -->\n<title>Nike Cortez TXT &#039;Monarch Muslin Sail&#039;  - Tourcruiser PTE. LTD<\/title>\n<meta name=\"robots\" content=\"index, follow, max-snippet:-1, max-image-preview:large, max-video-preview:-1\" \/>\n<link rel=\"canonical\" href=\"https:\/\/tourcruiser.com\/\" \/>\n<meta property=\"og:locale\" content=\"de_DE\" \/>\n<meta property=\"og:type\" content=\"article\" \/>\n<meta property=\"og:title\" content=\"Nike Cortez TXT &#039;Monarch Muslin Sail&#039;  - Tourcruiser PTE. LTD\" \/>\n<meta property=\"og:description\" content=\"Nike Cortez Textile \u201d\u201d Monarch\/Muslin\/Sail\" \/>\n<meta property=\"og:url\" content=\"\/\" \/>\n<meta property=\"og:site_name\" content=\"Tourcruiser Sneaker Store\" \/>\n<meta property=\"article:modified_time\" content=\"2026-03-27T18:05:24+00:00\" \/>\n<meta name=\"twitter:card\" content=\"summary_large_image\" \/>\n<meta name=\"twitter:image\" content=\"https:\/\/images.novelship.com\/product\/nike_cortez_textile_hf0263-800_0_93129.png;https:\/\/images.novelship.com\/product\/nike_cortez_textile_hf0263-800_1_93130.png;https:\/\/images.novelship.com\/product\/nike_cortez_textile_hf0263-800_2_93130.png;https:\/\/images.novelship.com\/product\/nike_cortez_textile_hf0263-800_3_93130.png;https:\/\/images.novelship.com\/product\/nike_cortez_textile_hf0263-800_4_93130.png;https:\/\/images.novelship.com\/product\/nike_cortez_textile_hf0263-800_5_93130.png;https:\/\/images.novelship.com\/product\/nike_cortez_textile_hf0263-800_6_93130.png;https:\/\/images.novelship.com\/product\/nike_cortez_textile_hf0263-800_7_93130.png;https:\/\/images.novelship.com\/product\/nike_cortez_textile_hf0263-800_8_93130.png\" \/>\n<meta name=\"twitter:label1\" content=\"Gesch\u00e4tzte Lesezeit\" \/>\n\t<meta name=\"twitter:data1\" content=\"1\u00a0Minute\" \/>\n<script type=\"application\/ld+json\" class=\"yoast-schema-graph\">{\"@context\":\"https:\/\/schema.org\",\"@graph\":[{\"@type\":\"WebPage\",\"@id\":\"\/\",\"url\":\"https:\/\/tourcruiser.com\/\",\"name\":\"Nike Cortez TXT 'Monarch Muslin Sail' - Tourcruiser PTE. LTD\",\"isPartOf\":{\"@id\":\"https:\/\/tourcruiser.com\/de\/#website\"},\"primaryImageOfPage\":{\"@id\":\"https:\/\/tourcruiser.com\/#primaryimage\"},\"image\":{\"@id\":\"https:\/\/tourcruiser.com\/#primaryimage\"},\"thumbnailUrl\":\"https:\/\/images.novelship.com\/product\/nike_cortez_textile_hf0263-800_0_93129.png;https:\/\/images.novelship.com\/product\/nike_cortez_textile_hf0263-800_1_93130.png;https:\/\/images.novelship.com\/product\/nike_cortez_textile_hf0263-800_2_93130.png;https:\/\/images.novelship.com\/product\/nike_cortez_textile_hf0263-800_3_93130.png;https:\/\/images.novelship.com\/product\/nike_cortez_textile_hf0263-800_4_93130.png;https:\/\/images.novelship.com\/product\/nike_cortez_textile_hf0263-800_5_93130.png;https:\/\/images.novelship.com\/product\/nike_cortez_textile_hf0263-800_6_93130.png;https:\/\/images.novelship.com\/product\/nike_cortez_textile_hf0263-800_7_93130.png;https:\/\/images.novelship.com\/product\/nike_cortez_textile_hf0263-800_8_93130.png\",\"datePublished\":\"2026-03-02T08:21:45+00:00\",\"dateModified\":\"2026-03-27T18:05:24+00:00\",\"breadcrumb\":{\"@id\":\"https:\/\/tourcruiser.com\/#breadcrumb\"},\"inLanguage\":\"de\",\"potentialAction\":[{\"@type\":\"ReadAction\",\"target\":[\"https:\/\/tourcruiser.com\/\"]}]},{\"@type\":\"ImageObject\",\"inLanguage\":\"de\",\"@id\":\"https:\/\/tourcruiser.com\/#primaryimage\",\"url\":\"https:\/\/images.novelship.com\/product\/nike_cortez_textile_hf0263-800_0_93129.png;https:\/\/images.novelship.com\/product\/nike_cortez_textile_hf0263-800_1_93130.png;https:\/\/images.novelship.com\/product\/nike_cortez_textile_hf0263-800_2_93130.png;https:\/\/images.novelship.com\/product\/nike_cortez_textile_hf0263-800_3_93130.png;https:\/\/images.novelship.com\/product\/nike_cortez_textile_hf0263-800_4_93130.png;https:\/\/images.novelship.com\/product\/nike_cortez_textile_hf0263-800_5_93130.png;https:\/\/images.novelship.com\/product\/nike_cortez_textile_hf0263-800_6_93130.png;https:\/\/images.novelship.com\/product\/nike_cortez_textile_hf0263-800_7_93130.png;https:\/\/images.novelship.com\/product\/nike_cortez_textile_hf0263-800_8_93130.png\",\"contentUrl\":\"https:\/\/images.novelship.com\/product\/nike_cortez_textile_hf0263-800_0_93129.png;https:\/\/images.novelship.com\/product\/nike_cortez_textile_hf0263-800_1_93130.png;https:\/\/images.novelship.com\/product\/nike_cortez_textile_hf0263-800_2_93130.png;https:\/\/images.novelship.com\/product\/nike_cortez_textile_hf0263-800_3_93130.png;https:\/\/images.novelship.com\/product\/nike_cortez_textile_hf0263-800_4_93130.png;https:\/\/images.novelship.com\/product\/nike_cortez_textile_hf0263-800_5_93130.png;https:\/\/images.novelship.com\/product\/nike_cortez_textile_hf0263-800_6_93130.png;https:\/\/images.novelship.com\/product\/nike_cortez_textile_hf0263-800_7_93130.png;https:\/\/images.novelship.com\/product\/nike_cortez_textile_hf0263-800_8_93130.png\"},{\"@type\":\"BreadcrumbList\",\"@id\":\"https:\/\/tourcruiser.com\/#breadcrumb\",\"itemListElement\":[{\"@type\":\"ListItem\",\"position\":1,\"name\":\"Home\",\"item\":\"https:\/\/tourcruiser.com\/de\/\"},{\"@type\":\"ListItem\",\"position\":2,\"name\":\"Shop\",\"item\":\"https:\/\/tourcruiser.com\/de\/shop\/\"},{\"@type\":\"ListItem\",\"position\":3,\"name\":\"Nike Cortez TXT &#8218;Monarch Muslin Sail&#8216;\"}]},{\"@type\":\"WebSite\",\"@id\":\"https:\/\/tourcruiser.com\/de\/#website\",\"url\":\"https:\/\/tourcruiser.com\/de\/\",\"name\":\"Styloral Jewelry Shop\",\"description\":\"Tourcruiser Sneaker Store \u2014 der Ort, an dem das Universum deine Einzigartigkeit trifft.\",\"publisher\":{\"@id\":\"https:\/\/tourcruiser.com\/de\/#organization\"},\"potentialAction\":[{\"@type\":\"SearchAction\",\"target\":{\"@type\":\"EntryPoint\",\"urlTemplate\":\"https:\/\/tourcruiser.com\/de\/?s={search_term_string}\"},\"query-input\":{\"@type\":\"PropertyValueSpecification\",\"valueRequired\":true,\"valueName\":\"search_term_string\"}}],\"inLanguage\":\"de\"},{\"@type\":\"Organization\",\"@id\":\"https:\/\/tourcruiser.com\/de\/#organization\",\"name\":\"STYLORAL PTE. LTD\",\"url\":\"https:\/\/tourcruiser.com\/de\/\",\"logo\":{\"@type\":\"ImageObject\",\"inLanguage\":\"de\",\"@id\":\"https:\/\/tourcruiser.com\/de\/#\/schema\/logo\/image\/\",\"url\":\"https:\/\/www.tourcruiser.com\/wp-content\/uploads\/2025\/12\/logo.png\",\"contentUrl\":\"https:\/\/www.tourcruiser.com\/wp-content\/uploads\/2025\/12\/logo.png\",\"width\":200,\"height\":65,\"caption\":\"STYLORAL PTE. LTD\"},\"image\":{\"@id\":\"https:\/\/tourcruiser.com\/de\/#\/schema\/logo\/image\/\"}}]}<\/script>\n<!-- \/ Yoast SEO plugin. -->","yoast_head_json":{"title":"Nike Cortez TXT 'Monarch Muslin Sail'  - Tourcruiser PTE. LTD","robots":{"index":"index","follow":"follow","max-snippet":"max-snippet:-1","max-image-preview":"max-image-preview:large","max-video-preview":"max-video-preview:-1"},"canonical":"https:\/\/tourcruiser.com\/","og_locale":"de_DE","og_type":"article","og_title":"Nike Cortez TXT 'Monarch Muslin Sail'  - Tourcruiser PTE. LTD","og_description":"Nike Cortez Textile \u201d\u201d Monarch\/Muslin\/Sail","og_url":"\/","og_site_name":"Tourcruiser Sneaker Store","article_modified_time":"2026-03-27T18:05:24+00:00","twitter_card":"summary_large_image","twitter_image":"https:\/\/images.novelship.com\/product\/nike_cortez_textile_hf0263-800_0_93129.png;https:\/\/images.novelship.com\/product\/nike_cortez_textile_hf0263-800_1_93130.png;https:\/\/images.novelship.com\/product\/nike_cortez_textile_hf0263-800_2_93130.png;https:\/\/images.novelship.com\/product\/nike_cortez_textile_hf0263-800_3_93130.png;https:\/\/images.novelship.com\/product\/nike_cortez_textile_hf0263-800_4_93130.png;https:\/\/images.novelship.com\/product\/nike_cortez_textile_hf0263-800_5_93130.png;https:\/\/images.novelship.com\/product\/nike_cortez_textile_hf0263-800_6_93130.png;https:\/\/images.novelship.com\/product\/nike_cortez_textile_hf0263-800_7_93130.png;https:\/\/images.novelship.com\/product\/nike_cortez_textile_hf0263-800_8_93130.png","twitter_misc":{"Gesch\u00e4tzte Lesezeit":"1\u00a0Minute"},"schema":{"@context":"https:\/\/schema.org","@graph":[{"@type":"WebPage","@id":"\/","url":"https:\/\/tourcruiser.com\/","name":"Nike Cortez TXT 'Monarch Muslin Sail' - Tourcruiser PTE. LTD","isPartOf":{"@id":"https:\/\/tourcruiser.com\/de\/#website"},"primaryImageOfPage":{"@id":"https:\/\/tourcruiser.com\/#primaryimage"},"image":{"@id":"https:\/\/tourcruiser.com\/#primaryimage"},"thumbnailUrl":"https:\/\/images.novelship.com\/product\/nike_cortez_textile_hf0263-800_0_93129.png;https:\/\/images.novelship.com\/product\/nike_cortez_textile_hf0263-800_1_93130.png;https:\/\/images.novelship.com\/product\/nike_cortez_textile_hf0263-800_2_93130.png;https:\/\/images.novelship.com\/product\/nike_cortez_textile_hf0263-800_3_93130.png;https:\/\/images.novelship.com\/product\/nike_cortez_textile_hf0263-800_4_93130.png;https:\/\/images.novelship.com\/product\/nike_cortez_textile_hf0263-800_5_93130.png;https:\/\/images.novelship.com\/product\/nike_cortez_textile_hf0263-800_6_93130.png;https:\/\/images.novelship.com\/product\/nike_cortez_textile_hf0263-800_7_93130.png;https:\/\/images.novelship.com\/product\/nike_cortez_textile_hf0263-800_8_93130.png","datePublished":"2026-03-02T08:21:45+00:00","dateModified":"2026-03-27T18:05:24+00:00","breadcrumb":{"@id":"https:\/\/tourcruiser.com\/#breadcrumb"},"inLanguage":"de","potentialAction":[{"@type":"ReadAction","target":["https:\/\/tourcruiser.com\/"]}]},{"@type":"ImageObject","inLanguage":"de","@id":"https:\/\/tourcruiser.com\/#primaryimage","url":"https:\/\/images.novelship.com\/product\/nike_cortez_textile_hf0263-800_0_93129.png;https:\/\/images.novelship.com\/product\/nike_cortez_textile_hf0263-800_1_93130.png;https:\/\/images.novelship.com\/product\/nike_cortez_textile_hf0263-800_2_93130.png;https:\/\/images.novelship.com\/product\/nike_cortez_textile_hf0263-800_3_93130.png;https:\/\/images.novelship.com\/product\/nike_cortez_textile_hf0263-800_4_93130.png;https:\/\/images.novelship.com\/product\/nike_cortez_textile_hf0263-800_5_93130.png;https:\/\/images.novelship.com\/product\/nike_cortez_textile_hf0263-800_6_93130.png;https:\/\/images.novelship.com\/product\/nike_cortez_textile_hf0263-800_7_93130.png;https:\/\/images.novelship.com\/product\/nike_cortez_textile_hf0263-800_8_93130.png","contentUrl":"https:\/\/images.novelship.com\/product\/nike_cortez_textile_hf0263-800_0_93129.png;https:\/\/images.novelship.com\/product\/nike_cortez_textile_hf0263-800_1_93130.png;https:\/\/images.novelship.com\/product\/nike_cortez_textile_hf0263-800_2_93130.png;https:\/\/images.novelship.com\/product\/nike_cortez_textile_hf0263-800_3_93130.png;https:\/\/images.novelship.com\/product\/nike_cortez_textile_hf0263-800_4_93130.png;https:\/\/images.novelship.com\/product\/nike_cortez_textile_hf0263-800_5_93130.png;https:\/\/images.novelship.com\/product\/nike_cortez_textile_hf0263-800_6_93130.png;https:\/\/images.novelship.com\/product\/nike_cortez_textile_hf0263-800_7_93130.png;https:\/\/images.novelship.com\/product\/nike_cortez_textile_hf0263-800_8_93130.png"},{"@type":"BreadcrumbList","@id":"https:\/\/tourcruiser.com\/#breadcrumb","itemListElement":[{"@type":"ListItem","position":1,"name":"Home","item":"https:\/\/tourcruiser.com\/de\/"},{"@type":"ListItem","position":2,"name":"Shop","item":"https:\/\/tourcruiser.com\/de\/shop\/"},{"@type":"ListItem","position":3,"name":"Nike Cortez TXT &#8218;Monarch Muslin Sail&#8216;"}]},{"@type":"WebSite","@id":"https:\/\/tourcruiser.com\/de\/#website","url":"https:\/\/tourcruiser.com\/de\/","name":"Styloral Jewelry Shop","description":"Tourcruiser Sneaker Store \u2014 der Ort, an dem das Universum deine Einzigartigkeit trifft.","publisher":{"@id":"https:\/\/tourcruiser.com\/de\/#organization"},"potentialAction":[{"@type":"SearchAction","target":{"@type":"EntryPoint","urlTemplate":"https:\/\/tourcruiser.com\/de\/?s={search_term_string}"},"query-input":{"@type":"PropertyValueSpecification","valueRequired":true,"valueName":"search_term_string"}}],"inLanguage":"de"},{"@type":"Organization","@id":"https:\/\/tourcruiser.com\/de\/#organization","name":"STYLORAL PTE. LTD","url":"https:\/\/tourcruiser.com\/de\/","logo":{"@type":"ImageObject","inLanguage":"de","@id":"https:\/\/tourcruiser.com\/de\/#\/schema\/logo\/image\/","url":"https:\/\/www.tourcruiser.com\/wp-content\/uploads\/2025\/12\/logo.png","contentUrl":"https:\/\/www.tourcruiser.com\/wp-content\/uploads\/2025\/12\/logo.png","width":200,"height":65,"caption":"STYLORAL PTE. LTD"},"image":{"@id":"https:\/\/tourcruiser.com\/de\/#\/schema\/logo\/image\/"}}]}},"_links":{"self":[{"href":"https:\/\/tourcruiser.com\/de\/wp-json\/wp\/v2\/product\/69867","targetHints":{"allow":["GET"]}}],"collection":[{"href":"https:\/\/tourcruiser.com\/de\/wp-json\/wp\/v2\/product"}],"about":[{"href":"https:\/\/tourcruiser.com\/de\/wp-json\/wp\/v2\/types\/product"}],"replies":[{"embeddable":true,"href":"https:\/\/tourcruiser.com\/de\/wp-json\/wp\/v2\/comments?post=69867"}],"wp:featuredmedia":[{"embeddable":true,"href":"https:\/\/tourcruiser.com\/de\/wp-json\/wp\/v2\/media\/69868"}],"wp:attachment":[{"href":"https:\/\/tourcruiser.com\/de\/wp-json\/wp\/v2\/media?parent=69867"}],"wp:term":[{"taxonomy":"product_brand","embeddable":true,"href":"https:\/\/tourcruiser.com\/de\/wp-json\/wp\/v2\/product_brand?post=69867"},{"taxonomy":"product_cat","embeddable":true,"href":"https:\/\/tourcruiser.com\/de\/wp-json\/wp\/v2\/product_cat?post=69867"},{"taxonomy":"product_tag","embeddable":true,"href":"https:\/\/tourcruiser.com\/de\/wp-json\/wp\/v2\/product_tag?post=69867"}],"curies":[{"name":"wp","href":"https:\/\/api.w.org\/{rel}","templated":true}]}}