{"id":67224,"date":"2026-03-02T15:21:11","date_gmt":"2026-03-02T08:21:11","guid":{"rendered":"http:\/\/tourcruiser.com\/product\/new-balance-9060-rich-oak-timberwolf"},"modified":"2026-03-02T15:21:11","modified_gmt":"2026-03-02T08:21:11","slug":"new-balance-9060-rich-oak-timberwolf","status":"publish","type":"product","link":"https:\/\/tourcruiser.com\/de\/products\/new-balance-9060-rich-oak-timberwolf\/","title":{"rendered":"New Balance 9060 &#8218;Rich Oak Timberwolf&#8216;"},"content":{"rendered":"<p>Der New Balance 9060 \u201eRich Oak Timberwolf\u201c U9060CCC vereint auf wundersch\u00f6ne Weise Stil, Komfort und Performance \u201d\u201c perfekt f\u00fcr einen modernen, vielseitigen Lifestyle. Das hochwertige Obermaterial aus Wildleder und Mesh in sanften Erdt\u00f6nen von Eiche und neutralen Nuancen verleiht diesen Sneakern eine elegante und gleichzeitig l\u00e4ssige \u00c4sthetik. Die vom klassischen Stil inspirierte Silhouette wird durch innovative Designdetails und das ikonische \u201eN\u201c-Branding an den Seiten betont und sorgt so f\u00fcr einen m\u00fchelos coolen Look, der zu jedem Outfit passt. Ausgestattet mit der charakteristischen ABZORB-Mittelsohlend\u00e4mpfung von New Balance in Kombination mit der Dual-Density-CR-Technologie bieten diese Sneaker unvergleichlichen Komfort und Halt f\u00fcr den ganzen Tag. Die robuste Gummisohle garantiert optimale Traktion und Langlebigkeit und macht sie ideal f\u00fcr urbane Abenteuer. Ob kombiniert mit sportlicher Freizeitkleidung oder elegantem Streetstyle \u201d\u201c die \u201eRich Oak Timberwolf\u201c-Edition bietet Vielseitigkeit und zeitloses Design. Perfekt f\u00fcr alle, die Wert auf hochwertige Schuhe legen: Dieses einzigartige Design vereint klassische \u00c4sthetik mit modernster Innovation. Erweitere deine Sneaker-Sammlung mit dem New Balance 9060 \u201eRich Oak Timberwolf\u201c \u201d\u201c die perfekte Wahl f\u00fcr alle, die Funktionalit\u00e4t und makellosen Stil vereinen m\u00f6chten. Erlebe die Tradition und Exzellenz von New Balance mit diesem eleganten und bequemen Schuh, der m\u00fchelose Mode verk\u00f6rpert.<\/p>\n<ul>\n<li><strong>Farbgebung:<\/strong> Rich Oak<\/li>\n<li><strong>Style-Code:<\/strong> U9060CCC<\/li>\n<li><strong>Obermaterial:<\/strong> Wildleder<\/li>\n<li><strong>Zwischensohle:<\/strong> ABZORB<\/li>\n<li><strong>Farbe:<\/strong> Braun<\/li>\n<li><strong>Erscheinungsjahr:<\/strong> 2025<\/li>\n<\/ul>\n","protected":false},"excerpt":{"rendered":"<p>New Balance 9060 \u201d\u201d Rich Oak<\/p>\n","protected":false},"featured_media":67225,"comment_status":"open","ping_status":"closed","template":"","meta":[],"product_brand":[],"product_cat":[10771],"product_tag":[10750,10754,10765,10766,10768,10758],"class_list":{"0":"post-67224","1":"product","2":"type-product","3":"status-publish","4":"has-post-thumbnail","6":"product_cat-new-balance","7":"product_tag-athleisure-shoes","8":"product_tag-lifestyle-casual-shoes","9":"product_tag-lifestyle-shoes-running-inspired","10":"product_tag-new-balance","11":"product_tag-retro-running-shoes","12":"product_tag-under-retail","13":"wcpa_has_options","15":"first","16":"instock","17":"taxable","18":"shipping-taxable","19":"purchasable","20":"product-type-simple"},"wcpa_form_fields":{"rules":{"pric_overide_base_price":false,"pric_overide_base_price_if_gt_zero":false,"pric_overide_base_price_fully":false,"pric_cal_option_once":false,"pric_use_as_fee":false,"bind_quantity":false,"quantity_bind_formula":false},"fields":[{"type":"color-group","required":true,"elementId":"wcpa-color-group-66c4a928225d2","label":"Gr\u00f6\u00dfe","inline":true,"priceOptions":"different_for_all","pricingType":"fixed","className":"hassizechart product-shoes-size-eu product-shoes-size","name":"color-group-66c4a928225e2","disp_type":"square","selection_type":"tick-border","disp_size":"50","show_label_inside":true,"adjust_width":true,"cart_display_type":"text","other_text":"Other","cl_rule":"show","col":6,"values":[{"label":"35","value":"EU 35","price":"","pimage":"","pimage_id":"","pthumb":"","color":""},{"label":"36","value":"EU 36","price":"","pimage":"","pimage_id":"","pthumb":"","color":"","selected":true},{"label":"37","value":"EU 37","price":"","pimage":"","pimage_id":"","pthumb":"","color":""},{"label":"37.5","value":"EU 37.5","price":"","pimage":"","pimage_id":"","pthumb":"","color":""},{"label":"38","value":"EU 38","price":"","pimage":"","pimage_id":"","pthumb":"","color":""},{"label":"38.5","value":"EU 38.5","price":"","pimage":"","pimage_id":"","pthumb":"","color":""},{"label":"39","value":"EU 39","price":"","pimage":"","pimage_id":"","pthumb":"","color":""},{"label":"39.5","value":"EU 39.5","price":"","pimage":"","pimage_id":"","pthumb":"","color":""},{"label":"40","value":"EU 40","price":"","pimage":"","pimage_id":"","pthumb":"","color":""},{"label":"40.5","value":"EU 40.5","price":"","pimage":"","pimage_id":"","pthumb":"","color":""},{"label":" 41.5","value":"EU 41.5","price":"","pimage":"","pimage_id":"","pthumb":"","color":""},{"label":"42","value":"EU 42","price":"","pimage":"","pimage_id":"","pthumb":"","color":""},{"label":"42.5","value":"EU 42.5","price":"","pimage":"","pimage_id":"","pthumb":"","color":""},{"label":"43","value":"EU 43","price":"","pimage":"","pimage_id":"","pthumb":"","color":""},{"label":"44","value":"EU 44","price":"","pimage":"","pimage_id":"","pthumb":"","color":""},{"label":"44.5","value":"EU 44.5","price":"","pimage":"","pimage_id":"","pthumb":"","color":""},{"label":"45","value":"EU 45","price":"","pimage":"","pimage_id":"","pthumb":"","color":""},{"label":"45.5","value":"EU 45.5","price":"","pimage":"","pimage_id":"","pthumb":"","color":""},{"label":"46","value":"EU 46","price":"","pimage":"","pimage_id":"","pthumb":"","color":""}],"relations":[{"operator":false,"rules":[]}],"form_id":24803,"form_rules":{"pric_cal_option_once":false,"exclude_from_discount":false,"pric_use_as_fee":false,"fee_label":"Fee","render_after_acb":false,"disp_hide_options_price":false}}]},"yoast_head":"<!-- This site is optimized with the Yoast SEO plugin v26.5 - https:\/\/yoast.com\/wordpress\/plugins\/seo\/ -->\n<title>New Balance 9060 &#039;Rich Oak Timberwolf&#039;  - Tourcruiser PTE. LTD<\/title>\n<meta name=\"robots\" content=\"index, follow, max-snippet:-1, max-image-preview:large, max-video-preview:-1\" \/>\n<link rel=\"canonical\" href=\"https:\/\/tourcruiser.com\/de\/products\/new-balance-9060-rich-oak-timberwolf\/\" \/>\n<meta property=\"og:locale\" content=\"de_DE\" \/>\n<meta property=\"og:type\" content=\"article\" \/>\n<meta property=\"og:title\" content=\"New Balance 9060 &#039;Rich Oak Timberwolf&#039;  - Tourcruiser PTE. LTD\" \/>\n<meta property=\"og:description\" content=\"New Balance 9060 \u201d\u201d Rich Oak\" \/>\n<meta property=\"og:url\" content=\"https:\/\/tourcruiser.com\/de\/products\/new-balance-9060-rich-oak-timberwolf\/\" \/>\n<meta property=\"og:site_name\" content=\"Tourcruiser Sneaker Store\" \/>\n<meta name=\"twitter:card\" content=\"summary_large_image\" \/>\n<meta name=\"twitter:image\" content=\"https:\/\/images.novelship.com\/product\/new_balance_9060__rich_oak_timberwolf__u9060ccc_0_25413.jpeg\" \/>\n<meta name=\"twitter:label1\" content=\"Gesch\u00e4tzte Lesezeit\" \/>\n\t<meta name=\"twitter:data1\" content=\"1\u00a0Minute\" \/>\n<script type=\"application\/ld+json\" class=\"yoast-schema-graph\">{\"@context\":\"https:\/\/schema.org\",\"@graph\":[{\"@type\":\"WebPage\",\"@id\":\"https:\/\/tourcruiser.com\/de\/products\/new-balance-9060-rich-oak-timberwolf\/\",\"url\":\"https:\/\/tourcruiser.com\/de\/products\/new-balance-9060-rich-oak-timberwolf\/\",\"name\":\"New Balance 9060 'Rich Oak Timberwolf' - Tourcruiser PTE. LTD\",\"isPartOf\":{\"@id\":\"https:\/\/tourcruiser.com\/de\/#website\"},\"primaryImageOfPage\":{\"@id\":\"https:\/\/tourcruiser.com\/de\/products\/new-balance-9060-rich-oak-timberwolf\/#primaryimage\"},\"image\":{\"@id\":\"https:\/\/tourcruiser.com\/de\/products\/new-balance-9060-rich-oak-timberwolf\/#primaryimage\"},\"thumbnailUrl\":\"https:\/\/images.novelship.com\/product\/new_balance_9060__rich_oak_timberwolf__u9060ccc_0_25413.jpeg\",\"datePublished\":\"2026-03-02T08:21:11+00:00\",\"breadcrumb\":{\"@id\":\"https:\/\/tourcruiser.com\/de\/products\/new-balance-9060-rich-oak-timberwolf\/#breadcrumb\"},\"inLanguage\":\"de\",\"potentialAction\":[{\"@type\":\"ReadAction\",\"target\":[\"https:\/\/tourcruiser.com\/de\/products\/new-balance-9060-rich-oak-timberwolf\/\"]}]},{\"@type\":\"ImageObject\",\"inLanguage\":\"de\",\"@id\":\"https:\/\/tourcruiser.com\/de\/products\/new-balance-9060-rich-oak-timberwolf\/#primaryimage\",\"url\":\"https:\/\/images.novelship.com\/product\/new_balance_9060__rich_oak_timberwolf__u9060ccc_0_25413.jpeg\",\"contentUrl\":\"https:\/\/images.novelship.com\/product\/new_balance_9060__rich_oak_timberwolf__u9060ccc_0_25413.jpeg\"},{\"@type\":\"BreadcrumbList\",\"@id\":\"https:\/\/tourcruiser.com\/de\/products\/new-balance-9060-rich-oak-timberwolf\/#breadcrumb\",\"itemListElement\":[{\"@type\":\"ListItem\",\"position\":1,\"name\":\"Home\",\"item\":\"https:\/\/tourcruiser.com\/de\/\"},{\"@type\":\"ListItem\",\"position\":2,\"name\":\"Shop\",\"item\":\"https:\/\/tourcruiser.com\/de\/shop\/\"},{\"@type\":\"ListItem\",\"position\":3,\"name\":\"New Balance 9060 'Rich Oak Timberwolf'\"}]},{\"@type\":\"WebSite\",\"@id\":\"https:\/\/tourcruiser.com\/de\/#website\",\"url\":\"https:\/\/tourcruiser.com\/de\/\",\"name\":\"Styloral Jewelry Shop\",\"description\":\"Tourcruiser Sneaker Store \u2014 der Ort, an dem das Universum deine Einzigartigkeit trifft.\",\"publisher\":{\"@id\":\"https:\/\/tourcruiser.com\/de\/#organization\"},\"potentialAction\":[{\"@type\":\"SearchAction\",\"target\":{\"@type\":\"EntryPoint\",\"urlTemplate\":\"https:\/\/tourcruiser.com\/de\/?s={search_term_string}\"},\"query-input\":{\"@type\":\"PropertyValueSpecification\",\"valueRequired\":true,\"valueName\":\"search_term_string\"}}],\"inLanguage\":\"de\"},{\"@type\":\"Organization\",\"@id\":\"https:\/\/tourcruiser.com\/de\/#organization\",\"name\":\"STYLORAL PTE. LTD\",\"url\":\"https:\/\/tourcruiser.com\/de\/\",\"logo\":{\"@type\":\"ImageObject\",\"inLanguage\":\"de\",\"@id\":\"https:\/\/tourcruiser.com\/de\/#\/schema\/logo\/image\/\",\"url\":\"https:\/\/www.tourcruiser.com\/wp-content\/uploads\/2025\/12\/logo.png\",\"contentUrl\":\"https:\/\/www.tourcruiser.com\/wp-content\/uploads\/2025\/12\/logo.png\",\"width\":200,\"height\":65,\"caption\":\"STYLORAL PTE. LTD\"},\"image\":{\"@id\":\"https:\/\/tourcruiser.com\/de\/#\/schema\/logo\/image\/\"}}]}<\/script>\n<!-- \/ Yoast SEO plugin. -->","yoast_head_json":{"title":"New Balance 9060 'Rich Oak Timberwolf'  - Tourcruiser PTE. LTD","robots":{"index":"index","follow":"follow","max-snippet":"max-snippet:-1","max-image-preview":"max-image-preview:large","max-video-preview":"max-video-preview:-1"},"canonical":"https:\/\/tourcruiser.com\/de\/products\/new-balance-9060-rich-oak-timberwolf\/","og_locale":"de_DE","og_type":"article","og_title":"New Balance 9060 'Rich Oak Timberwolf'  - Tourcruiser PTE. LTD","og_description":"New Balance 9060 \u201d\u201d Rich Oak","og_url":"https:\/\/tourcruiser.com\/de\/products\/new-balance-9060-rich-oak-timberwolf\/","og_site_name":"Tourcruiser Sneaker Store","twitter_card":"summary_large_image","twitter_image":"https:\/\/images.novelship.com\/product\/new_balance_9060__rich_oak_timberwolf__u9060ccc_0_25413.jpeg","twitter_misc":{"Gesch\u00e4tzte Lesezeit":"1\u00a0Minute"},"schema":{"@context":"https:\/\/schema.org","@graph":[{"@type":"WebPage","@id":"https:\/\/tourcruiser.com\/de\/products\/new-balance-9060-rich-oak-timberwolf\/","url":"https:\/\/tourcruiser.com\/de\/products\/new-balance-9060-rich-oak-timberwolf\/","name":"New Balance 9060 'Rich Oak Timberwolf' - Tourcruiser PTE. LTD","isPartOf":{"@id":"https:\/\/tourcruiser.com\/de\/#website"},"primaryImageOfPage":{"@id":"https:\/\/tourcruiser.com\/de\/products\/new-balance-9060-rich-oak-timberwolf\/#primaryimage"},"image":{"@id":"https:\/\/tourcruiser.com\/de\/products\/new-balance-9060-rich-oak-timberwolf\/#primaryimage"},"thumbnailUrl":"https:\/\/images.novelship.com\/product\/new_balance_9060__rich_oak_timberwolf__u9060ccc_0_25413.jpeg","datePublished":"2026-03-02T08:21:11+00:00","breadcrumb":{"@id":"https:\/\/tourcruiser.com\/de\/products\/new-balance-9060-rich-oak-timberwolf\/#breadcrumb"},"inLanguage":"de","potentialAction":[{"@type":"ReadAction","target":["https:\/\/tourcruiser.com\/de\/products\/new-balance-9060-rich-oak-timberwolf\/"]}]},{"@type":"ImageObject","inLanguage":"de","@id":"https:\/\/tourcruiser.com\/de\/products\/new-balance-9060-rich-oak-timberwolf\/#primaryimage","url":"https:\/\/images.novelship.com\/product\/new_balance_9060__rich_oak_timberwolf__u9060ccc_0_25413.jpeg","contentUrl":"https:\/\/images.novelship.com\/product\/new_balance_9060__rich_oak_timberwolf__u9060ccc_0_25413.jpeg"},{"@type":"BreadcrumbList","@id":"https:\/\/tourcruiser.com\/de\/products\/new-balance-9060-rich-oak-timberwolf\/#breadcrumb","itemListElement":[{"@type":"ListItem","position":1,"name":"Home","item":"https:\/\/tourcruiser.com\/de\/"},{"@type":"ListItem","position":2,"name":"Shop","item":"https:\/\/tourcruiser.com\/de\/shop\/"},{"@type":"ListItem","position":3,"name":"New Balance 9060 'Rich Oak Timberwolf'"}]},{"@type":"WebSite","@id":"https:\/\/tourcruiser.com\/de\/#website","url":"https:\/\/tourcruiser.com\/de\/","name":"Styloral Jewelry Shop","description":"Tourcruiser Sneaker Store \u2014 der Ort, an dem das Universum deine Einzigartigkeit trifft.","publisher":{"@id":"https:\/\/tourcruiser.com\/de\/#organization"},"potentialAction":[{"@type":"SearchAction","target":{"@type":"EntryPoint","urlTemplate":"https:\/\/tourcruiser.com\/de\/?s={search_term_string}"},"query-input":{"@type":"PropertyValueSpecification","valueRequired":true,"valueName":"search_term_string"}}],"inLanguage":"de"},{"@type":"Organization","@id":"https:\/\/tourcruiser.com\/de\/#organization","name":"STYLORAL PTE. LTD","url":"https:\/\/tourcruiser.com\/de\/","logo":{"@type":"ImageObject","inLanguage":"de","@id":"https:\/\/tourcruiser.com\/de\/#\/schema\/logo\/image\/","url":"https:\/\/www.tourcruiser.com\/wp-content\/uploads\/2025\/12\/logo.png","contentUrl":"https:\/\/www.tourcruiser.com\/wp-content\/uploads\/2025\/12\/logo.png","width":200,"height":65,"caption":"STYLORAL PTE. LTD"},"image":{"@id":"https:\/\/tourcruiser.com\/de\/#\/schema\/logo\/image\/"}}]}},"_links":{"self":[{"href":"https:\/\/tourcruiser.com\/de\/wp-json\/wp\/v2\/product\/67224","targetHints":{"allow":["GET"]}}],"collection":[{"href":"https:\/\/tourcruiser.com\/de\/wp-json\/wp\/v2\/product"}],"about":[{"href":"https:\/\/tourcruiser.com\/de\/wp-json\/wp\/v2\/types\/product"}],"replies":[{"embeddable":true,"href":"https:\/\/tourcruiser.com\/de\/wp-json\/wp\/v2\/comments?post=67224"}],"wp:featuredmedia":[{"embeddable":true,"href":"https:\/\/tourcruiser.com\/de\/wp-json\/wp\/v2\/media\/67225"}],"wp:attachment":[{"href":"https:\/\/tourcruiser.com\/de\/wp-json\/wp\/v2\/media?parent=67224"}],"wp:term":[{"taxonomy":"product_brand","embeddable":true,"href":"https:\/\/tourcruiser.com\/de\/wp-json\/wp\/v2\/product_brand?post=67224"},{"taxonomy":"product_cat","embeddable":true,"href":"https:\/\/tourcruiser.com\/de\/wp-json\/wp\/v2\/product_cat?post=67224"},{"taxonomy":"product_tag","embeddable":true,"href":"https:\/\/tourcruiser.com\/de\/wp-json\/wp\/v2\/product_tag?post=67224"}],"curies":[{"name":"wp","href":"https:\/\/api.w.org\/{rel}","templated":true}]}}