{"id":66083,"date":"2026-03-02T15:20:54","date_gmt":"2026-03-02T08:20:54","guid":{"rendered":"http:\/\/tourcruiser.com\/product\/adidas-sprintstar-pulse-mint-lucid-fuchsia"},"modified":"2026-03-28T01:05:04","modified_gmt":"2026-03-27T18:05:04","slug":"adidas-sprintstar-pulse-mint-lucid-fuchsia","status":"publish","type":"product","link":"https:\/\/tourcruiser.com\/de\/products\/adidas-sprintstar-pulse-mint-lucid-fuchsia\/","title":{"rendered":"adidas Sprintstar &#8218;Pulse Mint Lucid Fuchsia&#8216;"},"content":{"rendered":"<p>Erlebe blitzschnelle Schritte mit den adidas Adizero Sprintstar Laufschuhen in leuchtendem T\u00fcrkis (GV9067). Diese Schuhe wurden f\u00fcr maximale Geschwindigkeit auf der Laufbahn und dem Feld entwickelt und bestechen durch ihr schlankes und aerodynamisches Design mit atmungsaktivem Mesh-Obermaterial. Die reaktionsfreudige Boost-D\u00e4mpfung bietet unvergleichliche Energier\u00fcckgabe und treibt dich bei jedem Schritt voran. Die leichte Konstruktion und die griffige Au\u00dfensohle garantieren optimalen Komfort und Traktion. Damit ist der Adizero Sprintstar die perfekte Wahl f\u00fcr Sprinter und Leichtathleten, die nach H\u00f6chstleistungen streben.<\/p>\n<p>Farbgebung: Pulse Mint \/ Lucid Blue \/ Lucid Fuchsia<\/p>\n<p>Artikelnummer: GV9067<\/p>\n<p>Obermaterial: Textil<\/p>\n<p>Farbe: Gr\u00fcn<\/p>\n<p>Farbe:<\/p>\n","protected":false},"excerpt":{"rendered":"<p>adidas Adizero Sprintstar \u201d\u201d Pulse Mint \/ Lucid Blue \/ Lucid Fuchsia<\/p>\n","protected":false},"featured_media":66084,"comment_status":"open","ping_status":"closed","template":"","meta":[],"product_brand":[],"product_cat":[10760],"product_tag":[10759,11010,10847,10753,10839,10802,10840,20985,10785,10786,10758],"class_list":{"0":"post-66083","1":"product","2":"type-product","3":"status-publish","4":"has-post-thumbnail","6":"product_cat-adidas","7":"product_tag-adidas","8":"product_tag-adidas-running-shoes","9":"product_tag-best-finds-under-100","10":"product_tag-gift-for-him","11":"product_tag-performance-running-shoes","12":"product_tag-performance-sport-shoes","13":"product_tag-running-shoes","14":"product_tag-track-spikes","15":"product_tag-trending-deals","16":"product_tag-trending-deals-under-150","17":"product_tag-under-retail","18":"wcpa_has_options","20":"first","21":"outofstock","22":"taxable","23":"shipping-taxable","24":"purchasable","25":"product-type-simple"},"wcpa_form_fields":{"rules":{"pric_overide_base_price":false,"pric_overide_base_price_if_gt_zero":false,"pric_overide_base_price_fully":false,"pric_cal_option_once":false,"pric_use_as_fee":false,"bind_quantity":false,"quantity_bind_formula":false},"fields":[{"type":"color-group","required":true,"elementId":"wcpa-color-group-66c4a7f817afe","label":"Gr\u00f6\u00dfe","inline":true,"priceOptions":"different_for_all","pricingType":"fixed","className":"hassizechart product-shoes-size-eu product-shoes-size","name":"color-group-66c4a7f817b18","disp_type":"square","selection_type":"tick-border","disp_size":"50","show_label_inside":true,"adjust_width":true,"cart_display_type":"text","other_text":"Other","cl_rule":"show","col":6,"values":[{"label":"35","value":"EU 35","price":"","pimage":"","pimage_id":"","pthumb":"","color":""},{"label":"35.5","value":"EU 35.5","price":"","pimage":"","pimage_id":"","pthumb":"","color":""},{"label":"36","value":"EU 36","price":"","pimage":"","pimage_id":"","pthumb":"","color":"","selected":true},{"label":"36 2\/3","value":"EU 36 2\/3","price":"","pimage":"","pimage_id":"","pthumb":"","color":""},{"label":"37 1\/3","value":"EU 37 1\/3","price":"","pimage":"","pimage_id":"","pthumb":"","color":""},{"label":"38","value":"EU 38","price":"","pimage":"","pimage_id":"","pthumb":"","color":""},{"label":"38 2\/3","value":"EU 38 2\/3","price":"","pimage":"","pimage_id":"","pthumb":"","color":""},{"label":"39 1\/3","value":"EU 39 1\/3","price":"","pimage":"","pimage_id":"","pthumb":"","color":""},{"label":"40","value":"EU 40","price":"","pimage":"","pimage_id":"","pthumb":"","color":""},{"label":"40 2\/3","value":"EU 40 2\/3","price":"","pimage":"","pimage_id":"","pthumb":"","color":""},{"label":"41 1\/3","value":"EU 41 1\/3","price":"","pimage":"","pimage_id":"","pthumb":"","color":""},{"label":"42","value":"EU 42","price":"","pimage":"","pimage_id":"","pthumb":"","color":""},{"label":"42 2\/3","value":"EU 42 2\/3","price":"","pimage":"","pimage_id":"","pthumb":"","color":""},{"label":"43 1\/3","value":"EU 43 1\/3","price":"","pimage":"","pimage_id":"","pthumb":"","color":""},{"label":"44","value":"EU 44","price":"","pimage":"","pimage_id":"","pthumb":"","color":""},{"label":"44 2\/3","value":"EU 44 2\/3","price":"","pimage":"","pimage_id":"","pthumb":"","color":""},{"label":"45 1\/3","value":"EU 45 1\/3","price":"","pimage":"","pimage_id":"","pthumb":"","color":""},{"label":"46","value":"EU 46","price":"","pimage":"","pimage_id":"","pthumb":"","color":""},{"label":"46 2\/3","value":"EU 46 2\/3","price":"","pimage":"","pimage_id":"","pthumb":"","color":""},{"label":"47 1\/3","value":"EU 47 1\/3","price":"","pimage":"","pimage_id":"","pthumb":"","color":""}],"relations":[{"operator":false,"rules":[]}],"form_id":24802,"form_rules":{"pric_cal_option_once":false,"exclude_from_discount":false,"pric_use_as_fee":false,"fee_label":"Fee","render_after_acb":false,"disp_hide_options_price":false}}]},"yoast_head":"<!-- This site is optimized with the Yoast SEO plugin v26.5 - https:\/\/yoast.com\/wordpress\/plugins\/seo\/ -->\n<title>adidas Sprintstar &#039;Pulse Mint Lucid Fuchsia&#039;  - Tourcruiser PTE. LTD<\/title>\n<meta name=\"robots\" content=\"index, follow, max-snippet:-1, max-image-preview:large, max-video-preview:-1\" \/>\n<link rel=\"canonical\" href=\"https:\/\/tourcruiser.com\/de\/products\/adidas-sprintstar-pulse-mint-lucid-fuchsia\/\" \/>\n<meta property=\"og:locale\" content=\"de_DE\" \/>\n<meta property=\"og:type\" content=\"article\" \/>\n<meta property=\"og:title\" content=\"adidas Sprintstar &#039;Pulse Mint Lucid Fuchsia&#039;  - Tourcruiser PTE. LTD\" \/>\n<meta property=\"og:description\" content=\"adidas Adizero Sprintstar \u201d\u201d Pulse Mint \/ Lucid Blue \/ Lucid Fuchsia\" \/>\n<meta property=\"og:url\" content=\"https:\/\/tourcruiser.com\/de\/products\/adidas-sprintstar-pulse-mint-lucid-fuchsia\/\" \/>\n<meta property=\"og:site_name\" content=\"Tourcruiser Sneaker Store\" \/>\n<meta property=\"article:modified_time\" content=\"2026-03-27T18:05:04+00:00\" \/>\n<meta name=\"twitter:card\" content=\"summary_large_image\" \/>\n<meta name=\"twitter:image\" content=\"https:\/\/images.novelship.com\/product\/adidas_sprintstar_low__mint_green__gv9067_0_56618.jpeg;https:\/\/images.novelship.com\/product\/adidas_sprintstar_low__mint_green__gv9067_1_56618.jpeg;https:\/\/images.novelship.com\/product\/adidas_sprintstar_low__mint_green__gv9067_2_56618.jpeg;https:\/\/images.novelship.com\/product\/adidas_sprintstar_low__mint_green__gv9067_3_56619.jpeg;https:\/\/images.novelship.com\/product\/adidas_sprintstar_low__mint_green__gv9067_4_56619.jpeg;https:\/\/images.novelship.com\/product\/adidas_sprintstar_low__mint_green__gv9067_5_56619.jpeg\" \/>\n<meta name=\"twitter:label1\" content=\"Gesch\u00e4tzte Lesezeit\" \/>\n\t<meta name=\"twitter:data1\" content=\"1\u00a0Minute\" \/>\n<script type=\"application\/ld+json\" class=\"yoast-schema-graph\">{\"@context\":\"https:\/\/schema.org\",\"@graph\":[{\"@type\":\"WebPage\",\"@id\":\"https:\/\/tourcruiser.com\/de\/products\/adidas-sprintstar-pulse-mint-lucid-fuchsia\/\",\"url\":\"https:\/\/tourcruiser.com\/de\/products\/adidas-sprintstar-pulse-mint-lucid-fuchsia\/\",\"name\":\"adidas Sprintstar 'Pulse Mint Lucid Fuchsia' - Tourcruiser PTE. LTD\",\"isPartOf\":{\"@id\":\"https:\/\/tourcruiser.com\/de\/#website\"},\"primaryImageOfPage\":{\"@id\":\"https:\/\/tourcruiser.com\/de\/products\/adidas-sprintstar-pulse-mint-lucid-fuchsia\/#primaryimage\"},\"image\":{\"@id\":\"https:\/\/tourcruiser.com\/de\/products\/adidas-sprintstar-pulse-mint-lucid-fuchsia\/#primaryimage\"},\"thumbnailUrl\":\"https:\/\/images.novelship.com\/product\/adidas_sprintstar_low__mint_green__gv9067_0_56618.jpeg;https:\/\/images.novelship.com\/product\/adidas_sprintstar_low__mint_green__gv9067_1_56618.jpeg;https:\/\/images.novelship.com\/product\/adidas_sprintstar_low__mint_green__gv9067_2_56618.jpeg;https:\/\/images.novelship.com\/product\/adidas_sprintstar_low__mint_green__gv9067_3_56619.jpeg;https:\/\/images.novelship.com\/product\/adidas_sprintstar_low__mint_green__gv9067_4_56619.jpeg;https:\/\/images.novelship.com\/product\/adidas_sprintstar_low__mint_green__gv9067_5_56619.jpeg\",\"datePublished\":\"2026-03-02T08:20:54+00:00\",\"dateModified\":\"2026-03-27T18:05:04+00:00\",\"breadcrumb\":{\"@id\":\"https:\/\/tourcruiser.com\/de\/products\/adidas-sprintstar-pulse-mint-lucid-fuchsia\/#breadcrumb\"},\"inLanguage\":\"de\",\"potentialAction\":[{\"@type\":\"ReadAction\",\"target\":[\"https:\/\/tourcruiser.com\/de\/products\/adidas-sprintstar-pulse-mint-lucid-fuchsia\/\"]}]},{\"@type\":\"ImageObject\",\"inLanguage\":\"de\",\"@id\":\"https:\/\/tourcruiser.com\/de\/products\/adidas-sprintstar-pulse-mint-lucid-fuchsia\/#primaryimage\",\"url\":\"https:\/\/images.novelship.com\/product\/adidas_sprintstar_low__mint_green__gv9067_0_56618.jpeg;https:\/\/images.novelship.com\/product\/adidas_sprintstar_low__mint_green__gv9067_1_56618.jpeg;https:\/\/images.novelship.com\/product\/adidas_sprintstar_low__mint_green__gv9067_2_56618.jpeg;https:\/\/images.novelship.com\/product\/adidas_sprintstar_low__mint_green__gv9067_3_56619.jpeg;https:\/\/images.novelship.com\/product\/adidas_sprintstar_low__mint_green__gv9067_4_56619.jpeg;https:\/\/images.novelship.com\/product\/adidas_sprintstar_low__mint_green__gv9067_5_56619.jpeg\",\"contentUrl\":\"https:\/\/images.novelship.com\/product\/adidas_sprintstar_low__mint_green__gv9067_0_56618.jpeg;https:\/\/images.novelship.com\/product\/adidas_sprintstar_low__mint_green__gv9067_1_56618.jpeg;https:\/\/images.novelship.com\/product\/adidas_sprintstar_low__mint_green__gv9067_2_56618.jpeg;https:\/\/images.novelship.com\/product\/adidas_sprintstar_low__mint_green__gv9067_3_56619.jpeg;https:\/\/images.novelship.com\/product\/adidas_sprintstar_low__mint_green__gv9067_4_56619.jpeg;https:\/\/images.novelship.com\/product\/adidas_sprintstar_low__mint_green__gv9067_5_56619.jpeg\"},{\"@type\":\"BreadcrumbList\",\"@id\":\"https:\/\/tourcruiser.com\/de\/products\/adidas-sprintstar-pulse-mint-lucid-fuchsia\/#breadcrumb\",\"itemListElement\":[{\"@type\":\"ListItem\",\"position\":1,\"name\":\"Home\",\"item\":\"https:\/\/tourcruiser.com\/de\/\"},{\"@type\":\"ListItem\",\"position\":2,\"name\":\"Shop\",\"item\":\"https:\/\/tourcruiser.com\/de\/shop\/\"},{\"@type\":\"ListItem\",\"position\":3,\"name\":\"adidas Sprintstar 'Pulse Mint Lucid Fuchsia'\"}]},{\"@type\":\"WebSite\",\"@id\":\"https:\/\/tourcruiser.com\/de\/#website\",\"url\":\"https:\/\/tourcruiser.com\/de\/\",\"name\":\"Styloral Jewelry Shop\",\"description\":\"Tourcruiser Sneaker Store \u2014 der Ort, an dem das Universum deine Einzigartigkeit trifft.\",\"publisher\":{\"@id\":\"https:\/\/tourcruiser.com\/de\/#organization\"},\"potentialAction\":[{\"@type\":\"SearchAction\",\"target\":{\"@type\":\"EntryPoint\",\"urlTemplate\":\"https:\/\/tourcruiser.com\/de\/?s={search_term_string}\"},\"query-input\":{\"@type\":\"PropertyValueSpecification\",\"valueRequired\":true,\"valueName\":\"search_term_string\"}}],\"inLanguage\":\"de\"},{\"@type\":\"Organization\",\"@id\":\"https:\/\/tourcruiser.com\/de\/#organization\",\"name\":\"STYLORAL PTE. LTD\",\"url\":\"https:\/\/tourcruiser.com\/de\/\",\"logo\":{\"@type\":\"ImageObject\",\"inLanguage\":\"de\",\"@id\":\"https:\/\/tourcruiser.com\/de\/#\/schema\/logo\/image\/\",\"url\":\"https:\/\/www.tourcruiser.com\/wp-content\/uploads\/2025\/12\/logo.png\",\"contentUrl\":\"https:\/\/www.tourcruiser.com\/wp-content\/uploads\/2025\/12\/logo.png\",\"width\":200,\"height\":65,\"caption\":\"STYLORAL PTE. LTD\"},\"image\":{\"@id\":\"https:\/\/tourcruiser.com\/de\/#\/schema\/logo\/image\/\"}}]}<\/script>\n<!-- \/ Yoast SEO plugin. -->","yoast_head_json":{"title":"adidas Sprintstar 'Pulse Mint Lucid Fuchsia'  - Tourcruiser PTE. LTD","robots":{"index":"index","follow":"follow","max-snippet":"max-snippet:-1","max-image-preview":"max-image-preview:large","max-video-preview":"max-video-preview:-1"},"canonical":"https:\/\/tourcruiser.com\/de\/products\/adidas-sprintstar-pulse-mint-lucid-fuchsia\/","og_locale":"de_DE","og_type":"article","og_title":"adidas Sprintstar 'Pulse Mint Lucid Fuchsia'  - Tourcruiser PTE. LTD","og_description":"adidas Adizero Sprintstar \u201d\u201d Pulse Mint \/ Lucid Blue \/ Lucid Fuchsia","og_url":"https:\/\/tourcruiser.com\/de\/products\/adidas-sprintstar-pulse-mint-lucid-fuchsia\/","og_site_name":"Tourcruiser Sneaker Store","article_modified_time":"2026-03-27T18:05:04+00:00","twitter_card":"summary_large_image","twitter_image":"https:\/\/images.novelship.com\/product\/adidas_sprintstar_low__mint_green__gv9067_0_56618.jpeg;https:\/\/images.novelship.com\/product\/adidas_sprintstar_low__mint_green__gv9067_1_56618.jpeg;https:\/\/images.novelship.com\/product\/adidas_sprintstar_low__mint_green__gv9067_2_56618.jpeg;https:\/\/images.novelship.com\/product\/adidas_sprintstar_low__mint_green__gv9067_3_56619.jpeg;https:\/\/images.novelship.com\/product\/adidas_sprintstar_low__mint_green__gv9067_4_56619.jpeg;https:\/\/images.novelship.com\/product\/adidas_sprintstar_low__mint_green__gv9067_5_56619.jpeg","twitter_misc":{"Gesch\u00e4tzte Lesezeit":"1\u00a0Minute"},"schema":{"@context":"https:\/\/schema.org","@graph":[{"@type":"WebPage","@id":"https:\/\/tourcruiser.com\/de\/products\/adidas-sprintstar-pulse-mint-lucid-fuchsia\/","url":"https:\/\/tourcruiser.com\/de\/products\/adidas-sprintstar-pulse-mint-lucid-fuchsia\/","name":"adidas Sprintstar 'Pulse Mint Lucid Fuchsia' - Tourcruiser PTE. LTD","isPartOf":{"@id":"https:\/\/tourcruiser.com\/de\/#website"},"primaryImageOfPage":{"@id":"https:\/\/tourcruiser.com\/de\/products\/adidas-sprintstar-pulse-mint-lucid-fuchsia\/#primaryimage"},"image":{"@id":"https:\/\/tourcruiser.com\/de\/products\/adidas-sprintstar-pulse-mint-lucid-fuchsia\/#primaryimage"},"thumbnailUrl":"https:\/\/images.novelship.com\/product\/adidas_sprintstar_low__mint_green__gv9067_0_56618.jpeg;https:\/\/images.novelship.com\/product\/adidas_sprintstar_low__mint_green__gv9067_1_56618.jpeg;https:\/\/images.novelship.com\/product\/adidas_sprintstar_low__mint_green__gv9067_2_56618.jpeg;https:\/\/images.novelship.com\/product\/adidas_sprintstar_low__mint_green__gv9067_3_56619.jpeg;https:\/\/images.novelship.com\/product\/adidas_sprintstar_low__mint_green__gv9067_4_56619.jpeg;https:\/\/images.novelship.com\/product\/adidas_sprintstar_low__mint_green__gv9067_5_56619.jpeg","datePublished":"2026-03-02T08:20:54+00:00","dateModified":"2026-03-27T18:05:04+00:00","breadcrumb":{"@id":"https:\/\/tourcruiser.com\/de\/products\/adidas-sprintstar-pulse-mint-lucid-fuchsia\/#breadcrumb"},"inLanguage":"de","potentialAction":[{"@type":"ReadAction","target":["https:\/\/tourcruiser.com\/de\/products\/adidas-sprintstar-pulse-mint-lucid-fuchsia\/"]}]},{"@type":"ImageObject","inLanguage":"de","@id":"https:\/\/tourcruiser.com\/de\/products\/adidas-sprintstar-pulse-mint-lucid-fuchsia\/#primaryimage","url":"https:\/\/images.novelship.com\/product\/adidas_sprintstar_low__mint_green__gv9067_0_56618.jpeg;https:\/\/images.novelship.com\/product\/adidas_sprintstar_low__mint_green__gv9067_1_56618.jpeg;https:\/\/images.novelship.com\/product\/adidas_sprintstar_low__mint_green__gv9067_2_56618.jpeg;https:\/\/images.novelship.com\/product\/adidas_sprintstar_low__mint_green__gv9067_3_56619.jpeg;https:\/\/images.novelship.com\/product\/adidas_sprintstar_low__mint_green__gv9067_4_56619.jpeg;https:\/\/images.novelship.com\/product\/adidas_sprintstar_low__mint_green__gv9067_5_56619.jpeg","contentUrl":"https:\/\/images.novelship.com\/product\/adidas_sprintstar_low__mint_green__gv9067_0_56618.jpeg;https:\/\/images.novelship.com\/product\/adidas_sprintstar_low__mint_green__gv9067_1_56618.jpeg;https:\/\/images.novelship.com\/product\/adidas_sprintstar_low__mint_green__gv9067_2_56618.jpeg;https:\/\/images.novelship.com\/product\/adidas_sprintstar_low__mint_green__gv9067_3_56619.jpeg;https:\/\/images.novelship.com\/product\/adidas_sprintstar_low__mint_green__gv9067_4_56619.jpeg;https:\/\/images.novelship.com\/product\/adidas_sprintstar_low__mint_green__gv9067_5_56619.jpeg"},{"@type":"BreadcrumbList","@id":"https:\/\/tourcruiser.com\/de\/products\/adidas-sprintstar-pulse-mint-lucid-fuchsia\/#breadcrumb","itemListElement":[{"@type":"ListItem","position":1,"name":"Home","item":"https:\/\/tourcruiser.com\/de\/"},{"@type":"ListItem","position":2,"name":"Shop","item":"https:\/\/tourcruiser.com\/de\/shop\/"},{"@type":"ListItem","position":3,"name":"adidas Sprintstar 'Pulse Mint Lucid Fuchsia'"}]},{"@type":"WebSite","@id":"https:\/\/tourcruiser.com\/de\/#website","url":"https:\/\/tourcruiser.com\/de\/","name":"Styloral Jewelry Shop","description":"Tourcruiser Sneaker Store \u2014 der Ort, an dem das Universum deine Einzigartigkeit trifft.","publisher":{"@id":"https:\/\/tourcruiser.com\/de\/#organization"},"potentialAction":[{"@type":"SearchAction","target":{"@type":"EntryPoint","urlTemplate":"https:\/\/tourcruiser.com\/de\/?s={search_term_string}"},"query-input":{"@type":"PropertyValueSpecification","valueRequired":true,"valueName":"search_term_string"}}],"inLanguage":"de"},{"@type":"Organization","@id":"https:\/\/tourcruiser.com\/de\/#organization","name":"STYLORAL PTE. LTD","url":"https:\/\/tourcruiser.com\/de\/","logo":{"@type":"ImageObject","inLanguage":"de","@id":"https:\/\/tourcruiser.com\/de\/#\/schema\/logo\/image\/","url":"https:\/\/www.tourcruiser.com\/wp-content\/uploads\/2025\/12\/logo.png","contentUrl":"https:\/\/www.tourcruiser.com\/wp-content\/uploads\/2025\/12\/logo.png","width":200,"height":65,"caption":"STYLORAL PTE. LTD"},"image":{"@id":"https:\/\/tourcruiser.com\/de\/#\/schema\/logo\/image\/"}}]}},"_links":{"self":[{"href":"https:\/\/tourcruiser.com\/de\/wp-json\/wp\/v2\/product\/66083","targetHints":{"allow":["GET"]}}],"collection":[{"href":"https:\/\/tourcruiser.com\/de\/wp-json\/wp\/v2\/product"}],"about":[{"href":"https:\/\/tourcruiser.com\/de\/wp-json\/wp\/v2\/types\/product"}],"replies":[{"embeddable":true,"href":"https:\/\/tourcruiser.com\/de\/wp-json\/wp\/v2\/comments?post=66083"}],"wp:featuredmedia":[{"embeddable":true,"href":"https:\/\/tourcruiser.com\/de\/wp-json\/wp\/v2\/media\/66084"}],"wp:attachment":[{"href":"https:\/\/tourcruiser.com\/de\/wp-json\/wp\/v2\/media?parent=66083"}],"wp:term":[{"taxonomy":"product_brand","embeddable":true,"href":"https:\/\/tourcruiser.com\/de\/wp-json\/wp\/v2\/product_brand?post=66083"},{"taxonomy":"product_cat","embeddable":true,"href":"https:\/\/tourcruiser.com\/de\/wp-json\/wp\/v2\/product_cat?post=66083"},{"taxonomy":"product_tag","embeddable":true,"href":"https:\/\/tourcruiser.com\/de\/wp-json\/wp\/v2\/product_tag?post=66083"}],"curies":[{"name":"wp","href":"https:\/\/api.w.org\/{rel}","templated":true}]}}