{"id":65173,"date":"2026-03-02T15:20:43","date_gmt":"2026-03-02T08:20:43","guid":{"rendered":"http:\/\/tourcruiser.com\/product\/nike-pegasus-trail-5-gore-tex-cement-gray-jade"},"modified":"2026-03-28T01:04:57","modified_gmt":"2026-03-27T18:04:57","slug":"nike-pegasus-trail-5-gore-tex-cement-gray-jade","status":"publish","type":"product","link":"https:\/\/tourcruiser.com\/de\/products\/nike-pegasus-trail-5-gore-tex-cement-gray-jade\/","title":{"rendered":"Nike Pegasus Trail 5 GORE-TEX &#8218;Cement Gray Jade&#8216;"},"content":{"rendered":"<p>Der Nike Pegasus Trail 5 GORE-TEX \u201eCement Gray Jade\u201c ist ein vielseitiger Trailrunningschuh, der f\u00fcr anspruchsvolles Gel\u00e4nde entwickelt wurde und dabei unvergleichlichen Komfort und Langlebigkeit bietet. Seine wasserdichte GORE-TEX-Membran sch\u00fctzt vor jedem Wetter und h\u00e4lt deine F\u00fc\u00dfe bei Regen, Schlamm und N\u00e4sse trocken und komfortabel. Das Obermaterial in Zementgrau wird durch elegante Jade-Akzente erg\u00e4nzt und verleiht dem Schuh eine moderne Optik, die Performance und Style perfekt vereint \u201d\u201c ideal f\u00fcr Stadterkunder und Offroad-Abenteurer.<\/p>\n<p>Dank des Nike React-Schaums bietet dieser Schuh au\u00dfergew\u00f6hnliche D\u00e4mpfung und Energier\u00fcckgabe f\u00fcr ein geschmeidiges und reaktionsfreudiges Laufgef\u00fchl auf jedem Untergrund. Die robuste Gummiau\u00dfensohle mit ihrem griffigen Profil sorgt f\u00fcr hervorragenden Halt und Stabilit\u00e4t auf unebenen Trails oder glattem Asphalt. Durchdachte Details wie die leichte Konstruktion, die verst\u00e4rkten Overlays und der sichere Sitz machen ihn zum idealen Begleiter f\u00fcr L\u00e4ufer, Wanderer und alle, die einen zuverl\u00e4ssigen Allrounder suchen.<\/p>\n<p>Ob du nun Bergpfade bezwingst oder durch die Stra\u00dfen der Stadt l\u00e4ufst \u201d\u201c der Nike Pegasus Trail 5 GORE-TEX \u201eCement Gray Jade\u201c vereint innovative Technologie mit elegantem Design und sorgt daf\u00fcr, dass du in jedem Terrain Bestleistungen erbringst. Er ist die perfekte Mischung aus Funktionalit\u00e4t und Style und wurde entwickelt, um den Anforderungen deines abenteuerlustigen Lebensstils gerecht zu werden.<\/p>\n<ul>\n<li><strong>Farbgebung:<\/strong> Cement Grey\/Jade Horizon\/Burgundy Crush\/Midnight Navy<\/li>\n<li><strong>Style-Code:<\/strong> FQ0908-006<\/li>\n<li><strong>Obermaterial:<\/strong> GORE-TEX<\/li>\n<li><strong>Zwischensohle:<\/strong> ReactX<\/li>\n<li><strong>Farbe:<\/strong> Grau<\/li>\n<\/ul>\n","protected":false},"excerpt":{"rendered":"<p>Nike Pegasus Trail 5 GORE-TEX \u201d\u201d Cement Grey\/Jade Horizon\/Burgundy Crush\/Midnight Navy<\/p>\n","protected":false},"featured_media":65174,"comment_status":"open","ping_status":"closed","template":"","meta":[],"product_brand":[],"product_cat":[10803],"product_tag":[10799,10800,10753,10801,10802,10840,11006,10758],"class_list":{"0":"post-65173","1":"product","2":"type-product","3":"status-publish","4":"has-post-thumbnail","6":"product_cat-nike","7":"product_tag-ankle-support-basketball-shoes","8":"product_tag-basketball-shoes","9":"product_tag-gift-for-him","10":"product_tag-nike","11":"product_tag-performance-sport-shoes","12":"product_tag-running-shoes","13":"product_tag-trail-running-shoes","14":"product_tag-under-retail","15":"wcpa_has_options","17":"first","18":"outofstock","19":"taxable","20":"shipping-taxable","21":"purchasable","22":"product-type-simple"},"wcpa_form_fields":{"rules":{"pric_overide_base_price":false,"pric_overide_base_price_if_gt_zero":false,"pric_overide_base_price_fully":false,"pric_cal_option_once":false,"pric_use_as_fee":false,"bind_quantity":false,"quantity_bind_formula":false},"fields":[{"type":"color-group","required":true,"elementId":"wcpa-color-group-66c4a75505e74","label":"Gr\u00f6\u00dfe - EU Gr\u00f6\u00dfe","inline":true,"priceOptions":"different_for_all","pricingType":"fixed","className":"hassizechart product-shoes-size-eu product-shoes-size","name":"color-group-66c4a75505e89","disp_type":"square","selection_type":"tick-border","disp_size":"44","show_label_inside":true,"adjust_width":true,"cart_display_type":"text","other_text":"Other","cl_rule":"show","col":6,"values":[{"label":"35.5","value":"EU 35.5","price":"","pimage":"","pimage_id":"","pthumb":"","color":""},{"label":"36","value":"EU 36","price":"","pimage":"","pimage_id":"","pthumb":"","color":"","selected":true},{"label":"36.5","value":"EU 36.5","price":"","pimage":"","pimage_id":"","pthumb":"","color":""},{"label":"37.5","value":"EU 37.5","price":"","pimage":"","pimage_id":"","pthumb":"","color":""},{"label":"38","value":"EU 38","price":"","pimage":"","pimage_id":"","pthumb":"","color":""},{"label":"38.5","value":"EU 38.5","price":"","pimage":"","pimage_id":"","pthumb":"","color":""},{"label":"39","value":"EU 39","price":"","pimage":"","pimage_id":"","pthumb":"","color":""},{"label":"40","value":"EU 40","price":"","pimage":"","pimage_id":"","pthumb":"","color":""},{"label":"40.5","value":"EU 40.5","price":"","pimage":"","pimage_id":"","pthumb":"","color":""},{"label":"41","value":"EU 41","price":"","pimage":"","pimage_id":"","pthumb":"","color":""},{"label":"42","value":"EU 42","price":"","pimage":"","pimage_id":"","pthumb":"","color":""},{"label":"42.5","value":"EU 42.5","price":"","pimage":"","pimage_id":"","pthumb":"","color":""},{"label":"43","value":"EU 43","price":"","pimage":"","pimage_id":"","pthumb":"","color":""},{"label":"44","value":"EU 44","price":"","pimage":"","pimage_id":"","pthumb":"","color":""},{"label":"44.5","value":"EU 44.5","price":"","pimage":"","pimage_id":"","pthumb":"","color":""},{"label":"45","value":"EU 45","price":"","pimage":"","pimage_id":"","pthumb":"","color":""},{"label":"45.5","value":"EU 45.5","price":"","pimage":"","pimage_id":"","pthumb":"","color":""},{"label":"46","value":"EU 46","price":"","pimage":"","pimage_id":"","pthumb":"","color":""},{"label":"47","value":"EU 47","price":"","pimage":"","pimage_id":"","pthumb":"","color":""},{"label":"47.5","value":"EU 47.5","price":"","pimage":"","pimage_id":"","pthumb":"","color":""},{"label":"48","value":"EU 48","price":"","pimage":"","pimage_id":"","pthumb":"","color":""}],"relations":[{"operator":false,"rules":[]}],"form_id":18106,"form_rules":{"pric_cal_option_once":false,"exclude_from_discount":false,"pric_use_as_fee":false,"fee_label":"Fee","render_after_acb":false,"disp_hide_options_price":false}}]},"yoast_head":"<!-- This site is optimized with the Yoast SEO plugin v26.5 - https:\/\/yoast.com\/wordpress\/plugins\/seo\/ -->\n<title>Nike Pegasus Trail 5 GORE-TEX &#039;Cement Gray Jade&#039;  - Tourcruiser PTE. LTD<\/title>\n<meta name=\"robots\" content=\"index, follow, max-snippet:-1, max-image-preview:large, max-video-preview:-1\" \/>\n<link rel=\"canonical\" href=\"https:\/\/tourcruiser.com\/de\/products\/nike-pegasus-trail-5-gore-tex-cement-gray-jade\/\" \/>\n<meta property=\"og:locale\" content=\"de_DE\" \/>\n<meta property=\"og:type\" content=\"article\" \/>\n<meta property=\"og:title\" content=\"Nike Pegasus Trail 5 GORE-TEX &#039;Cement Gray Jade&#039;  - Tourcruiser PTE. LTD\" \/>\n<meta property=\"og:description\" content=\"Nike Pegasus Trail 5 GORE-TEX \u201d\u201d Cement Grey\/Jade Horizon\/Burgundy Crush\/Midnight Navy\" \/>\n<meta property=\"og:url\" content=\"https:\/\/tourcruiser.com\/de\/products\/nike-pegasus-trail-5-gore-tex-cement-gray-jade\/\" \/>\n<meta property=\"og:site_name\" content=\"Tourcruiser Sneaker Store\" \/>\n<meta property=\"article:modified_time\" content=\"2026-03-27T18:04:57+00:00\" \/>\n<meta name=\"twitter:card\" content=\"summary_large_image\" \/>\n<meta name=\"twitter:image\" content=\"https:\/\/images.novelship.com\/product\/nike_pegasus_trail_5_gore-tex__cement_gray_jade__f_0_32471.jpeg;https:\/\/images.novelship.com\/product\/nike_pegasus_trail_5_gore-tex__cement_gray_jade__f_1_32471.jpeg;https:\/\/images.novelship.com\/product\/nike_pegasus_trail_5_gore-tex__cement_gray_jade__f_2_32471.jpeg;https:\/\/images.novelship.com\/product\/nike_pegasus_trail_5_gore-tex__cement_gray_jade__f_3_32471.jpeg;https:\/\/images.novelship.com\/product\/nike_pegasus_trail_5_gore-tex__cement_gray_jade__f_4_32471.jpeg;https:\/\/images.novelship.com\/product\/nike_pegasus_trail_5_gore-tex__cement_gray_jade__f_5_32471.jpeg;https:\/\/images.novelship.com\/product\/nike_pegasus_trail_5_gore-tex__cement_gray_jade__f_6_32471.jpeg;https:\/\/images.novelship.com\/product\/nike_pegasus_trail_5_gore-tex__cement_gray_jade__f_7_32472.jpeg;https:\/\/images.novelship.com\/product\/nike_pegasus_trail_5_gore-tex__cement_gray_jade__f_8_32472.jpeg;https:\/\/images.novelship.com\/product\/nike_pegasus_trail_5_gore-tex__cement_gray_jade__f_9_32472.jpeg;https:\/\/images.novelship.com\/product\/nike_pegasus_trail_5_gore-tex__cement_gray_jade__f_10_32472.jpeg;https:\/\/images.novelship.com\/product\/nike_pegasus_trail_5_gore-tex__cement_gray_jade__f_11_32472.jpeg\" \/>\n<meta name=\"twitter:label1\" content=\"Gesch\u00e4tzte Lesezeit\" \/>\n\t<meta name=\"twitter:data1\" content=\"1\u00a0Minute\" \/>\n<script type=\"application\/ld+json\" class=\"yoast-schema-graph\">{\"@context\":\"https:\/\/schema.org\",\"@graph\":[{\"@type\":\"WebPage\",\"@id\":\"https:\/\/tourcruiser.com\/de\/products\/nike-pegasus-trail-5-gore-tex-cement-gray-jade\/\",\"url\":\"https:\/\/tourcruiser.com\/de\/products\/nike-pegasus-trail-5-gore-tex-cement-gray-jade\/\",\"name\":\"Nike Pegasus Trail 5 GORE-TEX 'Cement Gray Jade' - Tourcruiser PTE. LTD\",\"isPartOf\":{\"@id\":\"https:\/\/tourcruiser.com\/de\/#website\"},\"primaryImageOfPage\":{\"@id\":\"https:\/\/tourcruiser.com\/de\/products\/nike-pegasus-trail-5-gore-tex-cement-gray-jade\/#primaryimage\"},\"image\":{\"@id\":\"https:\/\/tourcruiser.com\/de\/products\/nike-pegasus-trail-5-gore-tex-cement-gray-jade\/#primaryimage\"},\"thumbnailUrl\":\"https:\/\/images.novelship.com\/product\/nike_pegasus_trail_5_gore-tex__cement_gray_jade__f_0_32471.jpeg;https:\/\/images.novelship.com\/product\/nike_pegasus_trail_5_gore-tex__cement_gray_jade__f_1_32471.jpeg;https:\/\/images.novelship.com\/product\/nike_pegasus_trail_5_gore-tex__cement_gray_jade__f_2_32471.jpeg;https:\/\/images.novelship.com\/product\/nike_pegasus_trail_5_gore-tex__cement_gray_jade__f_3_32471.jpeg;https:\/\/images.novelship.com\/product\/nike_pegasus_trail_5_gore-tex__cement_gray_jade__f_4_32471.jpeg;https:\/\/images.novelship.com\/product\/nike_pegasus_trail_5_gore-tex__cement_gray_jade__f_5_32471.jpeg;https:\/\/images.novelship.com\/product\/nike_pegasus_trail_5_gore-tex__cement_gray_jade__f_6_32471.jpeg;https:\/\/images.novelship.com\/product\/nike_pegasus_trail_5_gore-tex__cement_gray_jade__f_7_32472.jpeg;https:\/\/images.novelship.com\/product\/nike_pegasus_trail_5_gore-tex__cement_gray_jade__f_8_32472.jpeg;https:\/\/images.novelship.com\/product\/nike_pegasus_trail_5_gore-tex__cement_gray_jade__f_9_32472.jpeg;https:\/\/images.novelship.com\/product\/nike_pegasus_trail_5_gore-tex__cement_gray_jade__f_10_32472.jpeg;https:\/\/images.novelship.com\/product\/nike_pegasus_trail_5_gore-tex__cement_gray_jade__f_11_32472.jpeg\",\"datePublished\":\"2026-03-02T08:20:43+00:00\",\"dateModified\":\"2026-03-27T18:04:57+00:00\",\"breadcrumb\":{\"@id\":\"https:\/\/tourcruiser.com\/de\/products\/nike-pegasus-trail-5-gore-tex-cement-gray-jade\/#breadcrumb\"},\"inLanguage\":\"de\",\"potentialAction\":[{\"@type\":\"ReadAction\",\"target\":[\"https:\/\/tourcruiser.com\/de\/products\/nike-pegasus-trail-5-gore-tex-cement-gray-jade\/\"]}]},{\"@type\":\"ImageObject\",\"inLanguage\":\"de\",\"@id\":\"https:\/\/tourcruiser.com\/de\/products\/nike-pegasus-trail-5-gore-tex-cement-gray-jade\/#primaryimage\",\"url\":\"https:\/\/images.novelship.com\/product\/nike_pegasus_trail_5_gore-tex__cement_gray_jade__f_0_32471.jpeg;https:\/\/images.novelship.com\/product\/nike_pegasus_trail_5_gore-tex__cement_gray_jade__f_1_32471.jpeg;https:\/\/images.novelship.com\/product\/nike_pegasus_trail_5_gore-tex__cement_gray_jade__f_2_32471.jpeg;https:\/\/images.novelship.com\/product\/nike_pegasus_trail_5_gore-tex__cement_gray_jade__f_3_32471.jpeg;https:\/\/images.novelship.com\/product\/nike_pegasus_trail_5_gore-tex__cement_gray_jade__f_4_32471.jpeg;https:\/\/images.novelship.com\/product\/nike_pegasus_trail_5_gore-tex__cement_gray_jade__f_5_32471.jpeg;https:\/\/images.novelship.com\/product\/nike_pegasus_trail_5_gore-tex__cement_gray_jade__f_6_32471.jpeg;https:\/\/images.novelship.com\/product\/nike_pegasus_trail_5_gore-tex__cement_gray_jade__f_7_32472.jpeg;https:\/\/images.novelship.com\/product\/nike_pegasus_trail_5_gore-tex__cement_gray_jade__f_8_32472.jpeg;https:\/\/images.novelship.com\/product\/nike_pegasus_trail_5_gore-tex__cement_gray_jade__f_9_32472.jpeg;https:\/\/images.novelship.com\/product\/nike_pegasus_trail_5_gore-tex__cement_gray_jade__f_10_32472.jpeg;https:\/\/images.novelship.com\/product\/nike_pegasus_trail_5_gore-tex__cement_gray_jade__f_11_32472.jpeg\",\"contentUrl\":\"https:\/\/images.novelship.com\/product\/nike_pegasus_trail_5_gore-tex__cement_gray_jade__f_0_32471.jpeg;https:\/\/images.novelship.com\/product\/nike_pegasus_trail_5_gore-tex__cement_gray_jade__f_1_32471.jpeg;https:\/\/images.novelship.com\/product\/nike_pegasus_trail_5_gore-tex__cement_gray_jade__f_2_32471.jpeg;https:\/\/images.novelship.com\/product\/nike_pegasus_trail_5_gore-tex__cement_gray_jade__f_3_32471.jpeg;https:\/\/images.novelship.com\/product\/nike_pegasus_trail_5_gore-tex__cement_gray_jade__f_4_32471.jpeg;https:\/\/images.novelship.com\/product\/nike_pegasus_trail_5_gore-tex__cement_gray_jade__f_5_32471.jpeg;https:\/\/images.novelship.com\/product\/nike_pegasus_trail_5_gore-tex__cement_gray_jade__f_6_32471.jpeg;https:\/\/images.novelship.com\/product\/nike_pegasus_trail_5_gore-tex__cement_gray_jade__f_7_32472.jpeg;https:\/\/images.novelship.com\/product\/nike_pegasus_trail_5_gore-tex__cement_gray_jade__f_8_32472.jpeg;https:\/\/images.novelship.com\/product\/nike_pegasus_trail_5_gore-tex__cement_gray_jade__f_9_32472.jpeg;https:\/\/images.novelship.com\/product\/nike_pegasus_trail_5_gore-tex__cement_gray_jade__f_10_32472.jpeg;https:\/\/images.novelship.com\/product\/nike_pegasus_trail_5_gore-tex__cement_gray_jade__f_11_32472.jpeg\"},{\"@type\":\"BreadcrumbList\",\"@id\":\"https:\/\/tourcruiser.com\/de\/products\/nike-pegasus-trail-5-gore-tex-cement-gray-jade\/#breadcrumb\",\"itemListElement\":[{\"@type\":\"ListItem\",\"position\":1,\"name\":\"Home\",\"item\":\"https:\/\/tourcruiser.com\/de\/\"},{\"@type\":\"ListItem\",\"position\":2,\"name\":\"Shop\",\"item\":\"https:\/\/tourcruiser.com\/de\/shop\/\"},{\"@type\":\"ListItem\",\"position\":3,\"name\":\"Nike Pegasus Trail 5 GORE-TEX 'Cement Gray Jade'\"}]},{\"@type\":\"WebSite\",\"@id\":\"https:\/\/tourcruiser.com\/de\/#website\",\"url\":\"https:\/\/tourcruiser.com\/de\/\",\"name\":\"Styloral Jewelry Shop\",\"description\":\"Tourcruiser Sneaker Store \u2014 der Ort, an dem das Universum deine Einzigartigkeit trifft.\",\"publisher\":{\"@id\":\"https:\/\/tourcruiser.com\/de\/#organization\"},\"potentialAction\":[{\"@type\":\"SearchAction\",\"target\":{\"@type\":\"EntryPoint\",\"urlTemplate\":\"https:\/\/tourcruiser.com\/de\/?s={search_term_string}\"},\"query-input\":{\"@type\":\"PropertyValueSpecification\",\"valueRequired\":true,\"valueName\":\"search_term_string\"}}],\"inLanguage\":\"de\"},{\"@type\":\"Organization\",\"@id\":\"https:\/\/tourcruiser.com\/de\/#organization\",\"name\":\"STYLORAL PTE. LTD\",\"url\":\"https:\/\/tourcruiser.com\/de\/\",\"logo\":{\"@type\":\"ImageObject\",\"inLanguage\":\"de\",\"@id\":\"https:\/\/tourcruiser.com\/de\/#\/schema\/logo\/image\/\",\"url\":\"https:\/\/www.tourcruiser.com\/wp-content\/uploads\/2025\/12\/logo.png\",\"contentUrl\":\"https:\/\/www.tourcruiser.com\/wp-content\/uploads\/2025\/12\/logo.png\",\"width\":200,\"height\":65,\"caption\":\"STYLORAL PTE. LTD\"},\"image\":{\"@id\":\"https:\/\/tourcruiser.com\/de\/#\/schema\/logo\/image\/\"}}]}<\/script>\n<!-- \/ Yoast SEO plugin. -->","yoast_head_json":{"title":"Nike Pegasus Trail 5 GORE-TEX 'Cement Gray Jade'  - Tourcruiser PTE. LTD","robots":{"index":"index","follow":"follow","max-snippet":"max-snippet:-1","max-image-preview":"max-image-preview:large","max-video-preview":"max-video-preview:-1"},"canonical":"https:\/\/tourcruiser.com\/de\/products\/nike-pegasus-trail-5-gore-tex-cement-gray-jade\/","og_locale":"de_DE","og_type":"article","og_title":"Nike Pegasus Trail 5 GORE-TEX 'Cement Gray Jade'  - Tourcruiser PTE. LTD","og_description":"Nike Pegasus Trail 5 GORE-TEX \u201d\u201d Cement Grey\/Jade Horizon\/Burgundy Crush\/Midnight Navy","og_url":"https:\/\/tourcruiser.com\/de\/products\/nike-pegasus-trail-5-gore-tex-cement-gray-jade\/","og_site_name":"Tourcruiser Sneaker Store","article_modified_time":"2026-03-27T18:04:57+00:00","twitter_card":"summary_large_image","twitter_image":"https:\/\/images.novelship.com\/product\/nike_pegasus_trail_5_gore-tex__cement_gray_jade__f_0_32471.jpeg;https:\/\/images.novelship.com\/product\/nike_pegasus_trail_5_gore-tex__cement_gray_jade__f_1_32471.jpeg;https:\/\/images.novelship.com\/product\/nike_pegasus_trail_5_gore-tex__cement_gray_jade__f_2_32471.jpeg;https:\/\/images.novelship.com\/product\/nike_pegasus_trail_5_gore-tex__cement_gray_jade__f_3_32471.jpeg;https:\/\/images.novelship.com\/product\/nike_pegasus_trail_5_gore-tex__cement_gray_jade__f_4_32471.jpeg;https:\/\/images.novelship.com\/product\/nike_pegasus_trail_5_gore-tex__cement_gray_jade__f_5_32471.jpeg;https:\/\/images.novelship.com\/product\/nike_pegasus_trail_5_gore-tex__cement_gray_jade__f_6_32471.jpeg;https:\/\/images.novelship.com\/product\/nike_pegasus_trail_5_gore-tex__cement_gray_jade__f_7_32472.jpeg;https:\/\/images.novelship.com\/product\/nike_pegasus_trail_5_gore-tex__cement_gray_jade__f_8_32472.jpeg;https:\/\/images.novelship.com\/product\/nike_pegasus_trail_5_gore-tex__cement_gray_jade__f_9_32472.jpeg;https:\/\/images.novelship.com\/product\/nike_pegasus_trail_5_gore-tex__cement_gray_jade__f_10_32472.jpeg;https:\/\/images.novelship.com\/product\/nike_pegasus_trail_5_gore-tex__cement_gray_jade__f_11_32472.jpeg","twitter_misc":{"Gesch\u00e4tzte Lesezeit":"1\u00a0Minute"},"schema":{"@context":"https:\/\/schema.org","@graph":[{"@type":"WebPage","@id":"https:\/\/tourcruiser.com\/de\/products\/nike-pegasus-trail-5-gore-tex-cement-gray-jade\/","url":"https:\/\/tourcruiser.com\/de\/products\/nike-pegasus-trail-5-gore-tex-cement-gray-jade\/","name":"Nike Pegasus Trail 5 GORE-TEX 'Cement Gray Jade' - Tourcruiser PTE. LTD","isPartOf":{"@id":"https:\/\/tourcruiser.com\/de\/#website"},"primaryImageOfPage":{"@id":"https:\/\/tourcruiser.com\/de\/products\/nike-pegasus-trail-5-gore-tex-cement-gray-jade\/#primaryimage"},"image":{"@id":"https:\/\/tourcruiser.com\/de\/products\/nike-pegasus-trail-5-gore-tex-cement-gray-jade\/#primaryimage"},"thumbnailUrl":"https:\/\/images.novelship.com\/product\/nike_pegasus_trail_5_gore-tex__cement_gray_jade__f_0_32471.jpeg;https:\/\/images.novelship.com\/product\/nike_pegasus_trail_5_gore-tex__cement_gray_jade__f_1_32471.jpeg;https:\/\/images.novelship.com\/product\/nike_pegasus_trail_5_gore-tex__cement_gray_jade__f_2_32471.jpeg;https:\/\/images.novelship.com\/product\/nike_pegasus_trail_5_gore-tex__cement_gray_jade__f_3_32471.jpeg;https:\/\/images.novelship.com\/product\/nike_pegasus_trail_5_gore-tex__cement_gray_jade__f_4_32471.jpeg;https:\/\/images.novelship.com\/product\/nike_pegasus_trail_5_gore-tex__cement_gray_jade__f_5_32471.jpeg;https:\/\/images.novelship.com\/product\/nike_pegasus_trail_5_gore-tex__cement_gray_jade__f_6_32471.jpeg;https:\/\/images.novelship.com\/product\/nike_pegasus_trail_5_gore-tex__cement_gray_jade__f_7_32472.jpeg;https:\/\/images.novelship.com\/product\/nike_pegasus_trail_5_gore-tex__cement_gray_jade__f_8_32472.jpeg;https:\/\/images.novelship.com\/product\/nike_pegasus_trail_5_gore-tex__cement_gray_jade__f_9_32472.jpeg;https:\/\/images.novelship.com\/product\/nike_pegasus_trail_5_gore-tex__cement_gray_jade__f_10_32472.jpeg;https:\/\/images.novelship.com\/product\/nike_pegasus_trail_5_gore-tex__cement_gray_jade__f_11_32472.jpeg","datePublished":"2026-03-02T08:20:43+00:00","dateModified":"2026-03-27T18:04:57+00:00","breadcrumb":{"@id":"https:\/\/tourcruiser.com\/de\/products\/nike-pegasus-trail-5-gore-tex-cement-gray-jade\/#breadcrumb"},"inLanguage":"de","potentialAction":[{"@type":"ReadAction","target":["https:\/\/tourcruiser.com\/de\/products\/nike-pegasus-trail-5-gore-tex-cement-gray-jade\/"]}]},{"@type":"ImageObject","inLanguage":"de","@id":"https:\/\/tourcruiser.com\/de\/products\/nike-pegasus-trail-5-gore-tex-cement-gray-jade\/#primaryimage","url":"https:\/\/images.novelship.com\/product\/nike_pegasus_trail_5_gore-tex__cement_gray_jade__f_0_32471.jpeg;https:\/\/images.novelship.com\/product\/nike_pegasus_trail_5_gore-tex__cement_gray_jade__f_1_32471.jpeg;https:\/\/images.novelship.com\/product\/nike_pegasus_trail_5_gore-tex__cement_gray_jade__f_2_32471.jpeg;https:\/\/images.novelship.com\/product\/nike_pegasus_trail_5_gore-tex__cement_gray_jade__f_3_32471.jpeg;https:\/\/images.novelship.com\/product\/nike_pegasus_trail_5_gore-tex__cement_gray_jade__f_4_32471.jpeg;https:\/\/images.novelship.com\/product\/nike_pegasus_trail_5_gore-tex__cement_gray_jade__f_5_32471.jpeg;https:\/\/images.novelship.com\/product\/nike_pegasus_trail_5_gore-tex__cement_gray_jade__f_6_32471.jpeg;https:\/\/images.novelship.com\/product\/nike_pegasus_trail_5_gore-tex__cement_gray_jade__f_7_32472.jpeg;https:\/\/images.novelship.com\/product\/nike_pegasus_trail_5_gore-tex__cement_gray_jade__f_8_32472.jpeg;https:\/\/images.novelship.com\/product\/nike_pegasus_trail_5_gore-tex__cement_gray_jade__f_9_32472.jpeg;https:\/\/images.novelship.com\/product\/nike_pegasus_trail_5_gore-tex__cement_gray_jade__f_10_32472.jpeg;https:\/\/images.novelship.com\/product\/nike_pegasus_trail_5_gore-tex__cement_gray_jade__f_11_32472.jpeg","contentUrl":"https:\/\/images.novelship.com\/product\/nike_pegasus_trail_5_gore-tex__cement_gray_jade__f_0_32471.jpeg;https:\/\/images.novelship.com\/product\/nike_pegasus_trail_5_gore-tex__cement_gray_jade__f_1_32471.jpeg;https:\/\/images.novelship.com\/product\/nike_pegasus_trail_5_gore-tex__cement_gray_jade__f_2_32471.jpeg;https:\/\/images.novelship.com\/product\/nike_pegasus_trail_5_gore-tex__cement_gray_jade__f_3_32471.jpeg;https:\/\/images.novelship.com\/product\/nike_pegasus_trail_5_gore-tex__cement_gray_jade__f_4_32471.jpeg;https:\/\/images.novelship.com\/product\/nike_pegasus_trail_5_gore-tex__cement_gray_jade__f_5_32471.jpeg;https:\/\/images.novelship.com\/product\/nike_pegasus_trail_5_gore-tex__cement_gray_jade__f_6_32471.jpeg;https:\/\/images.novelship.com\/product\/nike_pegasus_trail_5_gore-tex__cement_gray_jade__f_7_32472.jpeg;https:\/\/images.novelship.com\/product\/nike_pegasus_trail_5_gore-tex__cement_gray_jade__f_8_32472.jpeg;https:\/\/images.novelship.com\/product\/nike_pegasus_trail_5_gore-tex__cement_gray_jade__f_9_32472.jpeg;https:\/\/images.novelship.com\/product\/nike_pegasus_trail_5_gore-tex__cement_gray_jade__f_10_32472.jpeg;https:\/\/images.novelship.com\/product\/nike_pegasus_trail_5_gore-tex__cement_gray_jade__f_11_32472.jpeg"},{"@type":"BreadcrumbList","@id":"https:\/\/tourcruiser.com\/de\/products\/nike-pegasus-trail-5-gore-tex-cement-gray-jade\/#breadcrumb","itemListElement":[{"@type":"ListItem","position":1,"name":"Home","item":"https:\/\/tourcruiser.com\/de\/"},{"@type":"ListItem","position":2,"name":"Shop","item":"https:\/\/tourcruiser.com\/de\/shop\/"},{"@type":"ListItem","position":3,"name":"Nike Pegasus Trail 5 GORE-TEX 'Cement Gray Jade'"}]},{"@type":"WebSite","@id":"https:\/\/tourcruiser.com\/de\/#website","url":"https:\/\/tourcruiser.com\/de\/","name":"Styloral Jewelry Shop","description":"Tourcruiser Sneaker Store \u2014 der Ort, an dem das Universum deine Einzigartigkeit trifft.","publisher":{"@id":"https:\/\/tourcruiser.com\/de\/#organization"},"potentialAction":[{"@type":"SearchAction","target":{"@type":"EntryPoint","urlTemplate":"https:\/\/tourcruiser.com\/de\/?s={search_term_string}"},"query-input":{"@type":"PropertyValueSpecification","valueRequired":true,"valueName":"search_term_string"}}],"inLanguage":"de"},{"@type":"Organization","@id":"https:\/\/tourcruiser.com\/de\/#organization","name":"STYLORAL PTE. LTD","url":"https:\/\/tourcruiser.com\/de\/","logo":{"@type":"ImageObject","inLanguage":"de","@id":"https:\/\/tourcruiser.com\/de\/#\/schema\/logo\/image\/","url":"https:\/\/www.tourcruiser.com\/wp-content\/uploads\/2025\/12\/logo.png","contentUrl":"https:\/\/www.tourcruiser.com\/wp-content\/uploads\/2025\/12\/logo.png","width":200,"height":65,"caption":"STYLORAL PTE. LTD"},"image":{"@id":"https:\/\/tourcruiser.com\/de\/#\/schema\/logo\/image\/"}}]}},"_links":{"self":[{"href":"https:\/\/tourcruiser.com\/de\/wp-json\/wp\/v2\/product\/65173","targetHints":{"allow":["GET"]}}],"collection":[{"href":"https:\/\/tourcruiser.com\/de\/wp-json\/wp\/v2\/product"}],"about":[{"href":"https:\/\/tourcruiser.com\/de\/wp-json\/wp\/v2\/types\/product"}],"replies":[{"embeddable":true,"href":"https:\/\/tourcruiser.com\/de\/wp-json\/wp\/v2\/comments?post=65173"}],"wp:featuredmedia":[{"embeddable":true,"href":"https:\/\/tourcruiser.com\/de\/wp-json\/wp\/v2\/media\/65174"}],"wp:attachment":[{"href":"https:\/\/tourcruiser.com\/de\/wp-json\/wp\/v2\/media?parent=65173"}],"wp:term":[{"taxonomy":"product_brand","embeddable":true,"href":"https:\/\/tourcruiser.com\/de\/wp-json\/wp\/v2\/product_brand?post=65173"},{"taxonomy":"product_cat","embeddable":true,"href":"https:\/\/tourcruiser.com\/de\/wp-json\/wp\/v2\/product_cat?post=65173"},{"taxonomy":"product_tag","embeddable":true,"href":"https:\/\/tourcruiser.com\/de\/wp-json\/wp\/v2\/product_tag?post=65173"}],"curies":[{"name":"wp","href":"https:\/\/api.w.org\/{rel}","templated":true}]}}