{"id":64705,"date":"2026-03-02T15:20:37","date_gmt":"2026-03-02T08:20:37","guid":{"rendered":"http:\/\/tourcruiser.com\/product\/adidas-stan-smith-freizeit"},"modified":"2026-03-28T01:04:54","modified_gmt":"2026-03-27T18:04:54","slug":"adidas-stan-smith-freizeit","status":"publish","type":"product","link":"https:\/\/tourcruiser.com\/de\/products\/adidas-stan-smith-freizeit\/","title":{"rendered":"adidas Stan Smith Freizeit"},"content":{"rendered":"<p>Erleben Sie zeitlosen Stil und Komfort mit dem adidas Stan Smith Freizeit JH7411, einem legend\u00e4ren Sneaker, der klassisches Design mit moderner Vielseitigkeit vereint. Das elegante wei\u00dfe Synthetik-Obermaterial und die dezenten, aber raffinierten Details machen diesen Schuh perfekt, um l\u00e4ssige Looks aufzuwerten oder Alltagsoutfits m\u00fchelos zu bereichern. Die charakteristischen perforierten 3-Streifen sorgen f\u00fcr optimale Atmungsaktivit\u00e4t, w\u00e4hrend das weiche Textilfutter ganzt\u00e4gigen Tragekomfort garantiert. Die strapazierf\u00e4hige Gummisohle bietet zuverl\u00e4ssigen Grip und lange Haltbarkeit und macht den Schuh so funktional wie modisch.<\/p>\n<p>Der Stan Smith Freizeit JH7411 ist leicht und daher ideal f\u00fcr den ganzen Tag. Seine schlanke Silhouette verk\u00f6rpert dezente Eleganz mit einem modernen Touch. Perfekt f\u00fcr alle, die Wert auf Qualit\u00e4t und Design legen: Dieser Sneaker ist der perfekte Begleiter f\u00fcr Freizeitaktivit\u00e4ten und gesellschaftliche Anl\u00e4sse. Bekannt f\u00fcr seinen zeitlosen Charme und seine Vielseitigkeit, ist er ein Must-have f\u00fcr jede Garderobe.<\/p>\n<p>Ob zu Jeans, Anzughosen oder sportlicher Kleidung \u201d\u201c der adidas Stan Smith Freizeit JH7411 sorgt f\u00fcr einen cleanen, eleganten Look, der nie aus der Mode kommt. Mit dieser weltweit gefeierten Ikone, die neu interpretiert wurde, um den Anforderungen des modernen Lebens gerecht zu werden und gleichzeitig ihrer unvergleichlichen Tradition treu zu bleiben, verleihst du deinem Schuhstil das gewisse Etwas.<\/p>\n<ul>\n<li><strong>Farbgebung:<\/strong> Wonder White\/Wonder White\/Gum<\/li>\n<li><strong>Style-Code:<\/strong> JH7411<\/li>\n<li><strong>Farbe:<\/strong> Beige<\/li>\n<\/ul>\n","protected":false},"excerpt":{"rendered":"<p>adidas Stan Smith Freizeit \u201d\u201d Wonder White\/Wonder White\/Gum<\/p>\n","protected":false},"featured_media":64706,"comment_status":"open","ping_status":"closed","template":"","meta":[],"product_brand":[],"product_cat":[10760],"product_tag":[10759,10750,10813,10754,10824,10758],"class_list":{"0":"post-64705","1":"product","2":"type-product","3":"status-publish","4":"has-post-thumbnail","6":"product_cat-adidas","7":"product_tag-adidas","8":"product_tag-athleisure-shoes","9":"product_tag-court-classic-shoes","10":"product_tag-lifestyle-casual-shoes","11":"product_tag-lifestyle-shoes-tennis-inspired","12":"product_tag-under-retail","13":"wcpa_has_options","15":"first","16":"outofstock","17":"taxable","18":"shipping-taxable","19":"purchasable","20":"product-type-simple"},"wcpa_form_fields":{"rules":{"pric_overide_base_price":false,"pric_overide_base_price_if_gt_zero":false,"pric_overide_base_price_fully":false,"pric_cal_option_once":false,"pric_use_as_fee":false,"bind_quantity":false,"quantity_bind_formula":false},"fields":[{"type":"color-group","required":true,"elementId":"wcpa-color-group-66c4a7f817afe","label":"Gr\u00f6\u00dfe","inline":true,"priceOptions":"different_for_all","pricingType":"fixed","className":"hassizechart product-shoes-size-eu product-shoes-size","name":"color-group-66c4a7f817b18","disp_type":"square","selection_type":"tick-border","disp_size":"50","show_label_inside":true,"adjust_width":true,"cart_display_type":"text","other_text":"Other","cl_rule":"show","col":6,"values":[{"label":"35","value":"EU 35","price":"","pimage":"","pimage_id":"","pthumb":"","color":""},{"label":"35.5","value":"EU 35.5","price":"","pimage":"","pimage_id":"","pthumb":"","color":""},{"label":"36","value":"EU 36","price":"","pimage":"","pimage_id":"","pthumb":"","color":"","selected":true},{"label":"36 2\/3","value":"EU 36 2\/3","price":"","pimage":"","pimage_id":"","pthumb":"","color":""},{"label":"37 1\/3","value":"EU 37 1\/3","price":"","pimage":"","pimage_id":"","pthumb":"","color":""},{"label":"38","value":"EU 38","price":"","pimage":"","pimage_id":"","pthumb":"","color":""},{"label":"38 2\/3","value":"EU 38 2\/3","price":"","pimage":"","pimage_id":"","pthumb":"","color":""},{"label":"39 1\/3","value":"EU 39 1\/3","price":"","pimage":"","pimage_id":"","pthumb":"","color":""},{"label":"40","value":"EU 40","price":"","pimage":"","pimage_id":"","pthumb":"","color":""},{"label":"40 2\/3","value":"EU 40 2\/3","price":"","pimage":"","pimage_id":"","pthumb":"","color":""},{"label":"41 1\/3","value":"EU 41 1\/3","price":"","pimage":"","pimage_id":"","pthumb":"","color":""},{"label":"42","value":"EU 42","price":"","pimage":"","pimage_id":"","pthumb":"","color":""},{"label":"42 2\/3","value":"EU 42 2\/3","price":"","pimage":"","pimage_id":"","pthumb":"","color":""},{"label":"43 1\/3","value":"EU 43 1\/3","price":"","pimage":"","pimage_id":"","pthumb":"","color":""},{"label":"44","value":"EU 44","price":"","pimage":"","pimage_id":"","pthumb":"","color":""},{"label":"44 2\/3","value":"EU 44 2\/3","price":"","pimage":"","pimage_id":"","pthumb":"","color":""},{"label":"45 1\/3","value":"EU 45 1\/3","price":"","pimage":"","pimage_id":"","pthumb":"","color":""},{"label":"46","value":"EU 46","price":"","pimage":"","pimage_id":"","pthumb":"","color":""},{"label":"46 2\/3","value":"EU 46 2\/3","price":"","pimage":"","pimage_id":"","pthumb":"","color":""},{"label":"47 1\/3","value":"EU 47 1\/3","price":"","pimage":"","pimage_id":"","pthumb":"","color":""}],"relations":[{"operator":false,"rules":[]}],"form_id":24802,"form_rules":{"pric_cal_option_once":false,"exclude_from_discount":false,"pric_use_as_fee":false,"fee_label":"Fee","render_after_acb":false,"disp_hide_options_price":false}}]},"yoast_head":"<!-- This site is optimized with the Yoast SEO plugin v26.5 - https:\/\/yoast.com\/wordpress\/plugins\/seo\/ -->\n<title>adidas Stan Smith Freizeit  - Tourcruiser PTE. LTD<\/title>\n<meta name=\"robots\" content=\"index, follow, max-snippet:-1, max-image-preview:large, max-video-preview:-1\" \/>\n<link rel=\"canonical\" href=\"https:\/\/tourcruiser.com\/\" \/>\n<meta property=\"og:locale\" content=\"de_DE\" \/>\n<meta property=\"og:type\" content=\"article\" \/>\n<meta property=\"og:title\" content=\"adidas Stan Smith Freizeit  - Tourcruiser PTE. LTD\" \/>\n<meta property=\"og:description\" content=\"adidas Stan Smith Freizeit \u201d\u201d Wonder White\/Wonder White\/Gum\" \/>\n<meta property=\"og:url\" content=\"\/\" \/>\n<meta property=\"og:site_name\" content=\"Tourcruiser Sneaker Store\" \/>\n<meta property=\"article:modified_time\" content=\"2026-03-27T18:04:54+00:00\" \/>\n<meta name=\"twitter:card\" content=\"summary_large_image\" \/>\n<meta name=\"twitter:image\" content=\"https:\/\/images.novelship.com\/product\/adidas_stan_smith_freizeit_jh7411_0_98233.jpeg;https:\/\/images.novelship.com\/product\/adidas_stan_smith_freizeit_jh7411_1_98233.jpeg;https:\/\/images.novelship.com\/product\/adidas_stan_smith_freizeit_jh7411_2_98233.jpeg;https:\/\/images.novelship.com\/product\/adidas_stan_smith_freizeit_jh7411_3_98233.jpeg;https:\/\/images.novelship.com\/product\/adidas_stan_smith_freizeit_jh7411_4_98233.jpeg;https:\/\/images.novelship.com\/product\/adidas_stan_smith_freizeit_jh7411_5_98233.jpeg;https:\/\/images.novelship.com\/product\/adidas_stan_smith_freizeit_jh7411_6_98233.jpeg;https:\/\/images.novelship.com\/product\/adidas_stan_smith_freizeit_jh7411_7_98233.jpeg;https:\/\/images.novelship.com\/product\/adidas_stan_smith_freizeit_jh7411_8_98233.jpeg\" \/>\n<meta name=\"twitter:label1\" content=\"Gesch\u00e4tzte Lesezeit\" \/>\n\t<meta name=\"twitter:data1\" content=\"1\u00a0Minute\" \/>\n<script type=\"application\/ld+json\" class=\"yoast-schema-graph\">{\"@context\":\"https:\/\/schema.org\",\"@graph\":[{\"@type\":\"WebPage\",\"@id\":\"\/\",\"url\":\"https:\/\/tourcruiser.com\/\",\"name\":\"adidas Stan Smith Freizeit - Tourcruiser PTE. LTD\",\"isPartOf\":{\"@id\":\"https:\/\/tourcruiser.com\/de\/#website\"},\"primaryImageOfPage\":{\"@id\":\"https:\/\/tourcruiser.com\/#primaryimage\"},\"image\":{\"@id\":\"https:\/\/tourcruiser.com\/#primaryimage\"},\"thumbnailUrl\":\"https:\/\/images.novelship.com\/product\/adidas_stan_smith_freizeit_jh7411_0_98233.jpeg;https:\/\/images.novelship.com\/product\/adidas_stan_smith_freizeit_jh7411_1_98233.jpeg;https:\/\/images.novelship.com\/product\/adidas_stan_smith_freizeit_jh7411_2_98233.jpeg;https:\/\/images.novelship.com\/product\/adidas_stan_smith_freizeit_jh7411_3_98233.jpeg;https:\/\/images.novelship.com\/product\/adidas_stan_smith_freizeit_jh7411_4_98233.jpeg;https:\/\/images.novelship.com\/product\/adidas_stan_smith_freizeit_jh7411_5_98233.jpeg;https:\/\/images.novelship.com\/product\/adidas_stan_smith_freizeit_jh7411_6_98233.jpeg;https:\/\/images.novelship.com\/product\/adidas_stan_smith_freizeit_jh7411_7_98233.jpeg;https:\/\/images.novelship.com\/product\/adidas_stan_smith_freizeit_jh7411_8_98233.jpeg\",\"datePublished\":\"2026-03-02T08:20:37+00:00\",\"dateModified\":\"2026-03-27T18:04:54+00:00\",\"breadcrumb\":{\"@id\":\"https:\/\/tourcruiser.com\/#breadcrumb\"},\"inLanguage\":\"de\",\"potentialAction\":[{\"@type\":\"ReadAction\",\"target\":[\"https:\/\/tourcruiser.com\/\"]}]},{\"@type\":\"ImageObject\",\"inLanguage\":\"de\",\"@id\":\"https:\/\/tourcruiser.com\/#primaryimage\",\"url\":\"https:\/\/images.novelship.com\/product\/adidas_stan_smith_freizeit_jh7411_0_98233.jpeg;https:\/\/images.novelship.com\/product\/adidas_stan_smith_freizeit_jh7411_1_98233.jpeg;https:\/\/images.novelship.com\/product\/adidas_stan_smith_freizeit_jh7411_2_98233.jpeg;https:\/\/images.novelship.com\/product\/adidas_stan_smith_freizeit_jh7411_3_98233.jpeg;https:\/\/images.novelship.com\/product\/adidas_stan_smith_freizeit_jh7411_4_98233.jpeg;https:\/\/images.novelship.com\/product\/adidas_stan_smith_freizeit_jh7411_5_98233.jpeg;https:\/\/images.novelship.com\/product\/adidas_stan_smith_freizeit_jh7411_6_98233.jpeg;https:\/\/images.novelship.com\/product\/adidas_stan_smith_freizeit_jh7411_7_98233.jpeg;https:\/\/images.novelship.com\/product\/adidas_stan_smith_freizeit_jh7411_8_98233.jpeg\",\"contentUrl\":\"https:\/\/images.novelship.com\/product\/adidas_stan_smith_freizeit_jh7411_0_98233.jpeg;https:\/\/images.novelship.com\/product\/adidas_stan_smith_freizeit_jh7411_1_98233.jpeg;https:\/\/images.novelship.com\/product\/adidas_stan_smith_freizeit_jh7411_2_98233.jpeg;https:\/\/images.novelship.com\/product\/adidas_stan_smith_freizeit_jh7411_3_98233.jpeg;https:\/\/images.novelship.com\/product\/adidas_stan_smith_freizeit_jh7411_4_98233.jpeg;https:\/\/images.novelship.com\/product\/adidas_stan_smith_freizeit_jh7411_5_98233.jpeg;https:\/\/images.novelship.com\/product\/adidas_stan_smith_freizeit_jh7411_6_98233.jpeg;https:\/\/images.novelship.com\/product\/adidas_stan_smith_freizeit_jh7411_7_98233.jpeg;https:\/\/images.novelship.com\/product\/adidas_stan_smith_freizeit_jh7411_8_98233.jpeg\"},{\"@type\":\"BreadcrumbList\",\"@id\":\"https:\/\/tourcruiser.com\/#breadcrumb\",\"itemListElement\":[{\"@type\":\"ListItem\",\"position\":1,\"name\":\"Home\",\"item\":\"https:\/\/tourcruiser.com\/de\/\"},{\"@type\":\"ListItem\",\"position\":2,\"name\":\"Shop\",\"item\":\"https:\/\/tourcruiser.com\/de\/shop\/\"},{\"@type\":\"ListItem\",\"position\":3,\"name\":\"adidas Stan Smith Freizeit\"}]},{\"@type\":\"WebSite\",\"@id\":\"https:\/\/tourcruiser.com\/de\/#website\",\"url\":\"https:\/\/tourcruiser.com\/de\/\",\"name\":\"Styloral Jewelry Shop\",\"description\":\"Tourcruiser Sneaker Store \u2014 der Ort, an dem das Universum deine Einzigartigkeit trifft.\",\"publisher\":{\"@id\":\"https:\/\/tourcruiser.com\/de\/#organization\"},\"potentialAction\":[{\"@type\":\"SearchAction\",\"target\":{\"@type\":\"EntryPoint\",\"urlTemplate\":\"https:\/\/tourcruiser.com\/de\/?s={search_term_string}\"},\"query-input\":{\"@type\":\"PropertyValueSpecification\",\"valueRequired\":true,\"valueName\":\"search_term_string\"}}],\"inLanguage\":\"de\"},{\"@type\":\"Organization\",\"@id\":\"https:\/\/tourcruiser.com\/de\/#organization\",\"name\":\"STYLORAL PTE. LTD\",\"url\":\"https:\/\/tourcruiser.com\/de\/\",\"logo\":{\"@type\":\"ImageObject\",\"inLanguage\":\"de\",\"@id\":\"https:\/\/tourcruiser.com\/de\/#\/schema\/logo\/image\/\",\"url\":\"https:\/\/www.tourcruiser.com\/wp-content\/uploads\/2025\/12\/logo.png\",\"contentUrl\":\"https:\/\/www.tourcruiser.com\/wp-content\/uploads\/2025\/12\/logo.png\",\"width\":200,\"height\":65,\"caption\":\"STYLORAL PTE. LTD\"},\"image\":{\"@id\":\"https:\/\/tourcruiser.com\/de\/#\/schema\/logo\/image\/\"}}]}<\/script>\n<!-- \/ Yoast SEO plugin. -->","yoast_head_json":{"title":"adidas Stan Smith Freizeit  - Tourcruiser PTE. LTD","robots":{"index":"index","follow":"follow","max-snippet":"max-snippet:-1","max-image-preview":"max-image-preview:large","max-video-preview":"max-video-preview:-1"},"canonical":"https:\/\/tourcruiser.com\/","og_locale":"de_DE","og_type":"article","og_title":"adidas Stan Smith Freizeit  - Tourcruiser PTE. LTD","og_description":"adidas Stan Smith Freizeit \u201d\u201d Wonder White\/Wonder White\/Gum","og_url":"\/","og_site_name":"Tourcruiser Sneaker Store","article_modified_time":"2026-03-27T18:04:54+00:00","twitter_card":"summary_large_image","twitter_image":"https:\/\/images.novelship.com\/product\/adidas_stan_smith_freizeit_jh7411_0_98233.jpeg;https:\/\/images.novelship.com\/product\/adidas_stan_smith_freizeit_jh7411_1_98233.jpeg;https:\/\/images.novelship.com\/product\/adidas_stan_smith_freizeit_jh7411_2_98233.jpeg;https:\/\/images.novelship.com\/product\/adidas_stan_smith_freizeit_jh7411_3_98233.jpeg;https:\/\/images.novelship.com\/product\/adidas_stan_smith_freizeit_jh7411_4_98233.jpeg;https:\/\/images.novelship.com\/product\/adidas_stan_smith_freizeit_jh7411_5_98233.jpeg;https:\/\/images.novelship.com\/product\/adidas_stan_smith_freizeit_jh7411_6_98233.jpeg;https:\/\/images.novelship.com\/product\/adidas_stan_smith_freizeit_jh7411_7_98233.jpeg;https:\/\/images.novelship.com\/product\/adidas_stan_smith_freizeit_jh7411_8_98233.jpeg","twitter_misc":{"Gesch\u00e4tzte Lesezeit":"1\u00a0Minute"},"schema":{"@context":"https:\/\/schema.org","@graph":[{"@type":"WebPage","@id":"\/","url":"https:\/\/tourcruiser.com\/","name":"adidas Stan Smith Freizeit - Tourcruiser PTE. LTD","isPartOf":{"@id":"https:\/\/tourcruiser.com\/de\/#website"},"primaryImageOfPage":{"@id":"https:\/\/tourcruiser.com\/#primaryimage"},"image":{"@id":"https:\/\/tourcruiser.com\/#primaryimage"},"thumbnailUrl":"https:\/\/images.novelship.com\/product\/adidas_stan_smith_freizeit_jh7411_0_98233.jpeg;https:\/\/images.novelship.com\/product\/adidas_stan_smith_freizeit_jh7411_1_98233.jpeg;https:\/\/images.novelship.com\/product\/adidas_stan_smith_freizeit_jh7411_2_98233.jpeg;https:\/\/images.novelship.com\/product\/adidas_stan_smith_freizeit_jh7411_3_98233.jpeg;https:\/\/images.novelship.com\/product\/adidas_stan_smith_freizeit_jh7411_4_98233.jpeg;https:\/\/images.novelship.com\/product\/adidas_stan_smith_freizeit_jh7411_5_98233.jpeg;https:\/\/images.novelship.com\/product\/adidas_stan_smith_freizeit_jh7411_6_98233.jpeg;https:\/\/images.novelship.com\/product\/adidas_stan_smith_freizeit_jh7411_7_98233.jpeg;https:\/\/images.novelship.com\/product\/adidas_stan_smith_freizeit_jh7411_8_98233.jpeg","datePublished":"2026-03-02T08:20:37+00:00","dateModified":"2026-03-27T18:04:54+00:00","breadcrumb":{"@id":"https:\/\/tourcruiser.com\/#breadcrumb"},"inLanguage":"de","potentialAction":[{"@type":"ReadAction","target":["https:\/\/tourcruiser.com\/"]}]},{"@type":"ImageObject","inLanguage":"de","@id":"https:\/\/tourcruiser.com\/#primaryimage","url":"https:\/\/images.novelship.com\/product\/adidas_stan_smith_freizeit_jh7411_0_98233.jpeg;https:\/\/images.novelship.com\/product\/adidas_stan_smith_freizeit_jh7411_1_98233.jpeg;https:\/\/images.novelship.com\/product\/adidas_stan_smith_freizeit_jh7411_2_98233.jpeg;https:\/\/images.novelship.com\/product\/adidas_stan_smith_freizeit_jh7411_3_98233.jpeg;https:\/\/images.novelship.com\/product\/adidas_stan_smith_freizeit_jh7411_4_98233.jpeg;https:\/\/images.novelship.com\/product\/adidas_stan_smith_freizeit_jh7411_5_98233.jpeg;https:\/\/images.novelship.com\/product\/adidas_stan_smith_freizeit_jh7411_6_98233.jpeg;https:\/\/images.novelship.com\/product\/adidas_stan_smith_freizeit_jh7411_7_98233.jpeg;https:\/\/images.novelship.com\/product\/adidas_stan_smith_freizeit_jh7411_8_98233.jpeg","contentUrl":"https:\/\/images.novelship.com\/product\/adidas_stan_smith_freizeit_jh7411_0_98233.jpeg;https:\/\/images.novelship.com\/product\/adidas_stan_smith_freizeit_jh7411_1_98233.jpeg;https:\/\/images.novelship.com\/product\/adidas_stan_smith_freizeit_jh7411_2_98233.jpeg;https:\/\/images.novelship.com\/product\/adidas_stan_smith_freizeit_jh7411_3_98233.jpeg;https:\/\/images.novelship.com\/product\/adidas_stan_smith_freizeit_jh7411_4_98233.jpeg;https:\/\/images.novelship.com\/product\/adidas_stan_smith_freizeit_jh7411_5_98233.jpeg;https:\/\/images.novelship.com\/product\/adidas_stan_smith_freizeit_jh7411_6_98233.jpeg;https:\/\/images.novelship.com\/product\/adidas_stan_smith_freizeit_jh7411_7_98233.jpeg;https:\/\/images.novelship.com\/product\/adidas_stan_smith_freizeit_jh7411_8_98233.jpeg"},{"@type":"BreadcrumbList","@id":"https:\/\/tourcruiser.com\/#breadcrumb","itemListElement":[{"@type":"ListItem","position":1,"name":"Home","item":"https:\/\/tourcruiser.com\/de\/"},{"@type":"ListItem","position":2,"name":"Shop","item":"https:\/\/tourcruiser.com\/de\/shop\/"},{"@type":"ListItem","position":3,"name":"adidas Stan Smith Freizeit"}]},{"@type":"WebSite","@id":"https:\/\/tourcruiser.com\/de\/#website","url":"https:\/\/tourcruiser.com\/de\/","name":"Styloral Jewelry Shop","description":"Tourcruiser Sneaker Store \u2014 der Ort, an dem das Universum deine Einzigartigkeit trifft.","publisher":{"@id":"https:\/\/tourcruiser.com\/de\/#organization"},"potentialAction":[{"@type":"SearchAction","target":{"@type":"EntryPoint","urlTemplate":"https:\/\/tourcruiser.com\/de\/?s={search_term_string}"},"query-input":{"@type":"PropertyValueSpecification","valueRequired":true,"valueName":"search_term_string"}}],"inLanguage":"de"},{"@type":"Organization","@id":"https:\/\/tourcruiser.com\/de\/#organization","name":"STYLORAL PTE. LTD","url":"https:\/\/tourcruiser.com\/de\/","logo":{"@type":"ImageObject","inLanguage":"de","@id":"https:\/\/tourcruiser.com\/de\/#\/schema\/logo\/image\/","url":"https:\/\/www.tourcruiser.com\/wp-content\/uploads\/2025\/12\/logo.png","contentUrl":"https:\/\/www.tourcruiser.com\/wp-content\/uploads\/2025\/12\/logo.png","width":200,"height":65,"caption":"STYLORAL PTE. LTD"},"image":{"@id":"https:\/\/tourcruiser.com\/de\/#\/schema\/logo\/image\/"}}]}},"_links":{"self":[{"href":"https:\/\/tourcruiser.com\/de\/wp-json\/wp\/v2\/product\/64705","targetHints":{"allow":["GET"]}}],"collection":[{"href":"https:\/\/tourcruiser.com\/de\/wp-json\/wp\/v2\/product"}],"about":[{"href":"https:\/\/tourcruiser.com\/de\/wp-json\/wp\/v2\/types\/product"}],"replies":[{"embeddable":true,"href":"https:\/\/tourcruiser.com\/de\/wp-json\/wp\/v2\/comments?post=64705"}],"wp:featuredmedia":[{"embeddable":true,"href":"https:\/\/tourcruiser.com\/de\/wp-json\/wp\/v2\/media\/64706"}],"wp:attachment":[{"href":"https:\/\/tourcruiser.com\/de\/wp-json\/wp\/v2\/media?parent=64705"}],"wp:term":[{"taxonomy":"product_brand","embeddable":true,"href":"https:\/\/tourcruiser.com\/de\/wp-json\/wp\/v2\/product_brand?post=64705"},{"taxonomy":"product_cat","embeddable":true,"href":"https:\/\/tourcruiser.com\/de\/wp-json\/wp\/v2\/product_cat?post=64705"},{"taxonomy":"product_tag","embeddable":true,"href":"https:\/\/tourcruiser.com\/de\/wp-json\/wp\/v2\/product_tag?post=64705"}],"curies":[{"name":"wp","href":"https:\/\/api.w.org\/{rel}","templated":true}]}}