{"id":64113,"date":"2026-03-02T15:20:30","date_gmt":"2026-03-02T08:20:30","guid":{"rendered":"http:\/\/tourcruiser.com\/product\/asics-gel-nyc-cream-irvine"},"modified":"2026-03-28T01:04:50","modified_gmt":"2026-03-27T18:04:50","slug":"asics-gel-nyc-cream-irvine","status":"publish","type":"product","link":"https:\/\/tourcruiser.com\/de\/products\/asics-gel-nyc-cream-irvine\/","title":{"rendered":"ASICS Gel NYC &#8218;Cream Irvine&#8216;"},"content":{"rendered":"<p>Erleben Sie unvergleichlichen Komfort und urbanen Style mit dem ASICS Gel NYC \u201eCream Irvine\u201c 1203A383-108, einem Premium-Sneaker, der Performance und Eleganz vereint. Dieses Modell ist f\u00fcr den ganzen Tag konzipiert und kombiniert klassische \u00c4sthetik mit moderner Innovation. Die bew\u00e4hrte GEL-D\u00e4mpfungstechnologie sorgt f\u00fcr hervorragende Sto\u00dfd\u00e4mpfung und m\u00fchelose Unterst\u00fctzung beim Gehen. Der Sneaker besticht durch ein elegantes, cremefarbenes Obermaterial mit atmungsaktivem Mesh, strapazierf\u00e4higen Overlays und dezenten Irvine-Akzenten. So entsteht eine vielseitige Farbpalette, die sich m\u00fchelos in jedes Outfit integrieren l\u00e4sst. Die leichte und dennoch robuste Konstruktion garantiert Langlebigkeit ohne Kompromisse bei der Beweglichkeit und macht den Schuh ideal f\u00fcr entspannte Spazierg\u00e4nge und urbane Abenteuer. Der ASICS Gel NYC \u201eCream Irvine\u201c vereint klassisches Design mit moderner Funktionalit\u00e4t und definiert urbanen Schuh neu \u201d\u201c mit einem raffinierten Komfort- und Stilkonzept.<\/p>\n<ul>\n<li><strong>Farbgebung:<\/strong> Creme\/Irvine<\/li>\n<li><strong>Artikelnummer:<\/strong> 1203A383-108<\/li>\n<li><strong>Obermaterial:<\/strong> Wildleder<\/li>\n<li><strong>Zwischensohle:<\/strong> Gel<\/li>\n<li><strong>Farbe:<\/strong> Gr\u00fcn<\/li>\n<li><strong>Erscheinungsjahr:<\/strong> 2025<\/li>\n<\/ul>\n","protected":false},"excerpt":{"rendered":"<p>ASICS Gel NYC \u201d\u201d Cream\/Irvine<\/p>\n","protected":false},"featured_media":64114,"comment_status":"open","ping_status":"closed","template":"","meta":[],"product_brand":[],"product_cat":[10792],"product_tag":[10791,10750,10754,10765,10768,10758],"class_list":{"0":"post-64113","1":"product","2":"type-product","3":"status-publish","4":"has-post-thumbnail","6":"product_cat-asics","7":"product_tag-asics","8":"product_tag-athleisure-shoes","9":"product_tag-lifestyle-casual-shoes","10":"product_tag-lifestyle-shoes-running-inspired","11":"product_tag-retro-running-shoes","12":"product_tag-under-retail","13":"wcpa_has_options","15":"first","16":"outofstock","17":"taxable","18":"shipping-taxable","19":"purchasable","20":"product-type-simple"},"wcpa_form_fields":{"rules":{"pric_overide_base_price":false,"pric_overide_base_price_if_gt_zero":false,"pric_overide_base_price_fully":false,"pric_cal_option_once":false,"pric_use_as_fee":false,"bind_quantity":false,"quantity_bind_formula":false},"fields":[{"type":"color-group","required":true,"elementId":"wcpa-color-group-69a5ab08ee12d","label":"Gr\u00f6\u00dfe","inline":true,"priceOptions":"different_for_all","pricingType":"fixed","className":"hassizechart product-shoes-size-eu product-shoes-size","name":"color-group-69a5ab08ee136","disp_type":"square","selection_type":"tick-border","disp_size":"50","show_label_inside":true,"adjust_width":true,"cart_display_type":"text","other_text":"Other","cl_rule":"show","col":6,"values":[{"label":"36","value":"EU 36","price":"","pimage":"","pimage_id":"","pthumb":"","color":"","selected":true},{"label":"37","value":"EU 37","price":"","pimage":"","pimage_id":"","pthumb":"","color":""},{"label":"37.5","value":"EU 37.5","price":"","pimage":"","pimage_id":"","pthumb":"","color":""},{"label":"38","value":"EU 38","price":"","pimage":"","pimage_id":"","pthumb":"","color":""},{"label":"38.5","value":"EU 38.5","price":"","pimage":"","pimage_id":"","pthumb":"","color":""},{"label":"39","value":"EU 39","price":"","pimage":"","pimage_id":"","pthumb":"","color":""},{"label":"39.5","value":"EU 39.5","price":"","pimage":"","pimage_id":"","pthumb":"","color":""},{"label":"40","value":"EU 40","price":"","pimage":"","pimage_id":"","pthumb":"","color":""},{"label":"40.5","value":"EU 40.5","price":"","pimage":"","pimage_id":"","pthumb":"","color":""},{"label":" 41.5","value":"EU 41.5","price":"","pimage":"","pimage_id":"","pthumb":"","color":""},{"label":"42","value":"EU 42","price":"","pimage":"","pimage_id":"","pthumb":"","color":""},{"label":"42.5","value":"EU 42.5","price":"","pimage":"","pimage_id":"","pthumb":"","color":""},{"label":"43.5","value":"EU 43.5","price":"","pimage":"","pimage_id":"","pthumb":"","color":""},{"label":"44","value":"EU 44","price":"","pimage":"","pimage_id":"","pthumb":"","color":""},{"label":"44.5","value":"EU 44.5","price":"","pimage":"","pimage_id":"","pthumb":"","color":""},{"label":"45","value":"EU 45","price":"","pimage":"","pimage_id":"","pthumb":"","color":""}],"relations":[{"operator":false,"rules":[]}],"form_id":184311,"form_rules":{"pric_cal_option_once":false,"exclude_from_discount":false,"pric_use_as_fee":false,"fee_label":"Fee","render_after_acb":false,"disp_hide_options_price":false}}]},"yoast_head":"<!-- This site is optimized with the Yoast SEO plugin v26.5 - https:\/\/yoast.com\/wordpress\/plugins\/seo\/ -->\n<title>ASICS Gel NYC &#039;Cream Irvine&#039;  - Tourcruiser PTE. LTD<\/title>\n<meta name=\"robots\" content=\"index, follow, max-snippet:-1, max-image-preview:large, max-video-preview:-1\" \/>\n<link rel=\"canonical\" href=\"https:\/\/tourcruiser.com\/de\/products\/asics-gel-nyc-cream-irvine\/\" \/>\n<meta property=\"og:locale\" content=\"de_DE\" \/>\n<meta property=\"og:type\" content=\"article\" \/>\n<meta property=\"og:title\" content=\"ASICS Gel NYC &#039;Cream Irvine&#039;  - Tourcruiser PTE. LTD\" \/>\n<meta property=\"og:description\" content=\"ASICS Gel NYC \u201d\u201d Cream\/Irvine\" \/>\n<meta property=\"og:url\" content=\"https:\/\/tourcruiser.com\/de\/products\/asics-gel-nyc-cream-irvine\/\" \/>\n<meta property=\"og:site_name\" content=\"Tourcruiser Sneaker Store\" \/>\n<meta property=\"article:modified_time\" content=\"2026-03-27T18:04:50+00:00\" \/>\n<meta name=\"twitter:card\" content=\"summary_large_image\" \/>\n<meta name=\"twitter:image\" content=\"https:\/\/images.novelship.com\/product\/asics_gel_nyc__cream_irvine__1203a383-108_0_99175.jpeg;https:\/\/images.novelship.com\/product\/asics_gel_nyc__cream_irvine__1203a383-108_1_99175.jpeg;https:\/\/images.novelship.com\/product\/asics_gel_nyc__cream_irvine__1203a383-108_2_99175.jpeg;https:\/\/images.novelship.com\/product\/asics_gel_nyc__cream_irvine__1203a383-108_3_99175.jpeg;https:\/\/images.novelship.com\/product\/asics_gel_nyc__cream_irvine__1203a383-108_4_99175.jpeg;https:\/\/images.novelship.com\/product\/asics_gel_nyc__cream_irvine__1203a383-108_5_99175.jpeg;https:\/\/images.novelship.com\/product\/asics_gel_nyc__cream_irvine__1203a383-108_6_99175.jpeg\" \/>\n<meta name=\"twitter:label1\" content=\"Gesch\u00e4tzte Lesezeit\" \/>\n\t<meta name=\"twitter:data1\" content=\"1\u00a0Minute\" \/>\n<script type=\"application\/ld+json\" class=\"yoast-schema-graph\">{\"@context\":\"https:\/\/schema.org\",\"@graph\":[{\"@type\":\"WebPage\",\"@id\":\"https:\/\/tourcruiser.com\/de\/products\/asics-gel-nyc-cream-irvine\/\",\"url\":\"https:\/\/tourcruiser.com\/de\/products\/asics-gel-nyc-cream-irvine\/\",\"name\":\"ASICS Gel NYC 'Cream Irvine' - Tourcruiser PTE. LTD\",\"isPartOf\":{\"@id\":\"https:\/\/tourcruiser.com\/de\/#website\"},\"primaryImageOfPage\":{\"@id\":\"https:\/\/tourcruiser.com\/de\/products\/asics-gel-nyc-cream-irvine\/#primaryimage\"},\"image\":{\"@id\":\"https:\/\/tourcruiser.com\/de\/products\/asics-gel-nyc-cream-irvine\/#primaryimage\"},\"thumbnailUrl\":\"https:\/\/images.novelship.com\/product\/asics_gel_nyc__cream_irvine__1203a383-108_0_99175.jpeg;https:\/\/images.novelship.com\/product\/asics_gel_nyc__cream_irvine__1203a383-108_1_99175.jpeg;https:\/\/images.novelship.com\/product\/asics_gel_nyc__cream_irvine__1203a383-108_2_99175.jpeg;https:\/\/images.novelship.com\/product\/asics_gel_nyc__cream_irvine__1203a383-108_3_99175.jpeg;https:\/\/images.novelship.com\/product\/asics_gel_nyc__cream_irvine__1203a383-108_4_99175.jpeg;https:\/\/images.novelship.com\/product\/asics_gel_nyc__cream_irvine__1203a383-108_5_99175.jpeg;https:\/\/images.novelship.com\/product\/asics_gel_nyc__cream_irvine__1203a383-108_6_99175.jpeg\",\"datePublished\":\"2026-03-02T08:20:30+00:00\",\"dateModified\":\"2026-03-27T18:04:50+00:00\",\"breadcrumb\":{\"@id\":\"https:\/\/tourcruiser.com\/de\/products\/asics-gel-nyc-cream-irvine\/#breadcrumb\"},\"inLanguage\":\"de\",\"potentialAction\":[{\"@type\":\"ReadAction\",\"target\":[\"https:\/\/tourcruiser.com\/de\/products\/asics-gel-nyc-cream-irvine\/\"]}]},{\"@type\":\"ImageObject\",\"inLanguage\":\"de\",\"@id\":\"https:\/\/tourcruiser.com\/de\/products\/asics-gel-nyc-cream-irvine\/#primaryimage\",\"url\":\"https:\/\/images.novelship.com\/product\/asics_gel_nyc__cream_irvine__1203a383-108_0_99175.jpeg;https:\/\/images.novelship.com\/product\/asics_gel_nyc__cream_irvine__1203a383-108_1_99175.jpeg;https:\/\/images.novelship.com\/product\/asics_gel_nyc__cream_irvine__1203a383-108_2_99175.jpeg;https:\/\/images.novelship.com\/product\/asics_gel_nyc__cream_irvine__1203a383-108_3_99175.jpeg;https:\/\/images.novelship.com\/product\/asics_gel_nyc__cream_irvine__1203a383-108_4_99175.jpeg;https:\/\/images.novelship.com\/product\/asics_gel_nyc__cream_irvine__1203a383-108_5_99175.jpeg;https:\/\/images.novelship.com\/product\/asics_gel_nyc__cream_irvine__1203a383-108_6_99175.jpeg\",\"contentUrl\":\"https:\/\/images.novelship.com\/product\/asics_gel_nyc__cream_irvine__1203a383-108_0_99175.jpeg;https:\/\/images.novelship.com\/product\/asics_gel_nyc__cream_irvine__1203a383-108_1_99175.jpeg;https:\/\/images.novelship.com\/product\/asics_gel_nyc__cream_irvine__1203a383-108_2_99175.jpeg;https:\/\/images.novelship.com\/product\/asics_gel_nyc__cream_irvine__1203a383-108_3_99175.jpeg;https:\/\/images.novelship.com\/product\/asics_gel_nyc__cream_irvine__1203a383-108_4_99175.jpeg;https:\/\/images.novelship.com\/product\/asics_gel_nyc__cream_irvine__1203a383-108_5_99175.jpeg;https:\/\/images.novelship.com\/product\/asics_gel_nyc__cream_irvine__1203a383-108_6_99175.jpeg\"},{\"@type\":\"BreadcrumbList\",\"@id\":\"https:\/\/tourcruiser.com\/de\/products\/asics-gel-nyc-cream-irvine\/#breadcrumb\",\"itemListElement\":[{\"@type\":\"ListItem\",\"position\":1,\"name\":\"Home\",\"item\":\"https:\/\/tourcruiser.com\/de\/\"},{\"@type\":\"ListItem\",\"position\":2,\"name\":\"Shop\",\"item\":\"https:\/\/tourcruiser.com\/de\/shop\/\"},{\"@type\":\"ListItem\",\"position\":3,\"name\":\"ASICS Gel NYC 'Cream Irvine'\"}]},{\"@type\":\"WebSite\",\"@id\":\"https:\/\/tourcruiser.com\/de\/#website\",\"url\":\"https:\/\/tourcruiser.com\/de\/\",\"name\":\"Styloral Jewelry Shop\",\"description\":\"Tourcruiser Sneaker Store \u2014 der Ort, an dem das Universum deine Einzigartigkeit trifft.\",\"publisher\":{\"@id\":\"https:\/\/tourcruiser.com\/de\/#organization\"},\"potentialAction\":[{\"@type\":\"SearchAction\",\"target\":{\"@type\":\"EntryPoint\",\"urlTemplate\":\"https:\/\/tourcruiser.com\/de\/?s={search_term_string}\"},\"query-input\":{\"@type\":\"PropertyValueSpecification\",\"valueRequired\":true,\"valueName\":\"search_term_string\"}}],\"inLanguage\":\"de\"},{\"@type\":\"Organization\",\"@id\":\"https:\/\/tourcruiser.com\/de\/#organization\",\"name\":\"STYLORAL PTE. LTD\",\"url\":\"https:\/\/tourcruiser.com\/de\/\",\"logo\":{\"@type\":\"ImageObject\",\"inLanguage\":\"de\",\"@id\":\"https:\/\/tourcruiser.com\/de\/#\/schema\/logo\/image\/\",\"url\":\"https:\/\/www.tourcruiser.com\/wp-content\/uploads\/2025\/12\/logo.png\",\"contentUrl\":\"https:\/\/www.tourcruiser.com\/wp-content\/uploads\/2025\/12\/logo.png\",\"width\":200,\"height\":65,\"caption\":\"STYLORAL PTE. LTD\"},\"image\":{\"@id\":\"https:\/\/tourcruiser.com\/de\/#\/schema\/logo\/image\/\"}}]}<\/script>\n<!-- \/ Yoast SEO plugin. -->","yoast_head_json":{"title":"ASICS Gel NYC 'Cream Irvine'  - Tourcruiser PTE. LTD","robots":{"index":"index","follow":"follow","max-snippet":"max-snippet:-1","max-image-preview":"max-image-preview:large","max-video-preview":"max-video-preview:-1"},"canonical":"https:\/\/tourcruiser.com\/de\/products\/asics-gel-nyc-cream-irvine\/","og_locale":"de_DE","og_type":"article","og_title":"ASICS Gel NYC 'Cream Irvine'  - Tourcruiser PTE. LTD","og_description":"ASICS Gel NYC \u201d\u201d Cream\/Irvine","og_url":"https:\/\/tourcruiser.com\/de\/products\/asics-gel-nyc-cream-irvine\/","og_site_name":"Tourcruiser Sneaker Store","article_modified_time":"2026-03-27T18:04:50+00:00","twitter_card":"summary_large_image","twitter_image":"https:\/\/images.novelship.com\/product\/asics_gel_nyc__cream_irvine__1203a383-108_0_99175.jpeg;https:\/\/images.novelship.com\/product\/asics_gel_nyc__cream_irvine__1203a383-108_1_99175.jpeg;https:\/\/images.novelship.com\/product\/asics_gel_nyc__cream_irvine__1203a383-108_2_99175.jpeg;https:\/\/images.novelship.com\/product\/asics_gel_nyc__cream_irvine__1203a383-108_3_99175.jpeg;https:\/\/images.novelship.com\/product\/asics_gel_nyc__cream_irvine__1203a383-108_4_99175.jpeg;https:\/\/images.novelship.com\/product\/asics_gel_nyc__cream_irvine__1203a383-108_5_99175.jpeg;https:\/\/images.novelship.com\/product\/asics_gel_nyc__cream_irvine__1203a383-108_6_99175.jpeg","twitter_misc":{"Gesch\u00e4tzte Lesezeit":"1\u00a0Minute"},"schema":{"@context":"https:\/\/schema.org","@graph":[{"@type":"WebPage","@id":"https:\/\/tourcruiser.com\/de\/products\/asics-gel-nyc-cream-irvine\/","url":"https:\/\/tourcruiser.com\/de\/products\/asics-gel-nyc-cream-irvine\/","name":"ASICS Gel NYC 'Cream Irvine' - Tourcruiser PTE. LTD","isPartOf":{"@id":"https:\/\/tourcruiser.com\/de\/#website"},"primaryImageOfPage":{"@id":"https:\/\/tourcruiser.com\/de\/products\/asics-gel-nyc-cream-irvine\/#primaryimage"},"image":{"@id":"https:\/\/tourcruiser.com\/de\/products\/asics-gel-nyc-cream-irvine\/#primaryimage"},"thumbnailUrl":"https:\/\/images.novelship.com\/product\/asics_gel_nyc__cream_irvine__1203a383-108_0_99175.jpeg;https:\/\/images.novelship.com\/product\/asics_gel_nyc__cream_irvine__1203a383-108_1_99175.jpeg;https:\/\/images.novelship.com\/product\/asics_gel_nyc__cream_irvine__1203a383-108_2_99175.jpeg;https:\/\/images.novelship.com\/product\/asics_gel_nyc__cream_irvine__1203a383-108_3_99175.jpeg;https:\/\/images.novelship.com\/product\/asics_gel_nyc__cream_irvine__1203a383-108_4_99175.jpeg;https:\/\/images.novelship.com\/product\/asics_gel_nyc__cream_irvine__1203a383-108_5_99175.jpeg;https:\/\/images.novelship.com\/product\/asics_gel_nyc__cream_irvine__1203a383-108_6_99175.jpeg","datePublished":"2026-03-02T08:20:30+00:00","dateModified":"2026-03-27T18:04:50+00:00","breadcrumb":{"@id":"https:\/\/tourcruiser.com\/de\/products\/asics-gel-nyc-cream-irvine\/#breadcrumb"},"inLanguage":"de","potentialAction":[{"@type":"ReadAction","target":["https:\/\/tourcruiser.com\/de\/products\/asics-gel-nyc-cream-irvine\/"]}]},{"@type":"ImageObject","inLanguage":"de","@id":"https:\/\/tourcruiser.com\/de\/products\/asics-gel-nyc-cream-irvine\/#primaryimage","url":"https:\/\/images.novelship.com\/product\/asics_gel_nyc__cream_irvine__1203a383-108_0_99175.jpeg;https:\/\/images.novelship.com\/product\/asics_gel_nyc__cream_irvine__1203a383-108_1_99175.jpeg;https:\/\/images.novelship.com\/product\/asics_gel_nyc__cream_irvine__1203a383-108_2_99175.jpeg;https:\/\/images.novelship.com\/product\/asics_gel_nyc__cream_irvine__1203a383-108_3_99175.jpeg;https:\/\/images.novelship.com\/product\/asics_gel_nyc__cream_irvine__1203a383-108_4_99175.jpeg;https:\/\/images.novelship.com\/product\/asics_gel_nyc__cream_irvine__1203a383-108_5_99175.jpeg;https:\/\/images.novelship.com\/product\/asics_gel_nyc__cream_irvine__1203a383-108_6_99175.jpeg","contentUrl":"https:\/\/images.novelship.com\/product\/asics_gel_nyc__cream_irvine__1203a383-108_0_99175.jpeg;https:\/\/images.novelship.com\/product\/asics_gel_nyc__cream_irvine__1203a383-108_1_99175.jpeg;https:\/\/images.novelship.com\/product\/asics_gel_nyc__cream_irvine__1203a383-108_2_99175.jpeg;https:\/\/images.novelship.com\/product\/asics_gel_nyc__cream_irvine__1203a383-108_3_99175.jpeg;https:\/\/images.novelship.com\/product\/asics_gel_nyc__cream_irvine__1203a383-108_4_99175.jpeg;https:\/\/images.novelship.com\/product\/asics_gel_nyc__cream_irvine__1203a383-108_5_99175.jpeg;https:\/\/images.novelship.com\/product\/asics_gel_nyc__cream_irvine__1203a383-108_6_99175.jpeg"},{"@type":"BreadcrumbList","@id":"https:\/\/tourcruiser.com\/de\/products\/asics-gel-nyc-cream-irvine\/#breadcrumb","itemListElement":[{"@type":"ListItem","position":1,"name":"Home","item":"https:\/\/tourcruiser.com\/de\/"},{"@type":"ListItem","position":2,"name":"Shop","item":"https:\/\/tourcruiser.com\/de\/shop\/"},{"@type":"ListItem","position":3,"name":"ASICS Gel NYC 'Cream Irvine'"}]},{"@type":"WebSite","@id":"https:\/\/tourcruiser.com\/de\/#website","url":"https:\/\/tourcruiser.com\/de\/","name":"Styloral Jewelry Shop","description":"Tourcruiser Sneaker Store \u2014 der Ort, an dem das Universum deine Einzigartigkeit trifft.","publisher":{"@id":"https:\/\/tourcruiser.com\/de\/#organization"},"potentialAction":[{"@type":"SearchAction","target":{"@type":"EntryPoint","urlTemplate":"https:\/\/tourcruiser.com\/de\/?s={search_term_string}"},"query-input":{"@type":"PropertyValueSpecification","valueRequired":true,"valueName":"search_term_string"}}],"inLanguage":"de"},{"@type":"Organization","@id":"https:\/\/tourcruiser.com\/de\/#organization","name":"STYLORAL PTE. LTD","url":"https:\/\/tourcruiser.com\/de\/","logo":{"@type":"ImageObject","inLanguage":"de","@id":"https:\/\/tourcruiser.com\/de\/#\/schema\/logo\/image\/","url":"https:\/\/www.tourcruiser.com\/wp-content\/uploads\/2025\/12\/logo.png","contentUrl":"https:\/\/www.tourcruiser.com\/wp-content\/uploads\/2025\/12\/logo.png","width":200,"height":65,"caption":"STYLORAL PTE. LTD"},"image":{"@id":"https:\/\/tourcruiser.com\/de\/#\/schema\/logo\/image\/"}}]}},"_links":{"self":[{"href":"https:\/\/tourcruiser.com\/de\/wp-json\/wp\/v2\/product\/64113","targetHints":{"allow":["GET"]}}],"collection":[{"href":"https:\/\/tourcruiser.com\/de\/wp-json\/wp\/v2\/product"}],"about":[{"href":"https:\/\/tourcruiser.com\/de\/wp-json\/wp\/v2\/types\/product"}],"replies":[{"embeddable":true,"href":"https:\/\/tourcruiser.com\/de\/wp-json\/wp\/v2\/comments?post=64113"}],"wp:featuredmedia":[{"embeddable":true,"href":"https:\/\/tourcruiser.com\/de\/wp-json\/wp\/v2\/media\/64114"}],"wp:attachment":[{"href":"https:\/\/tourcruiser.com\/de\/wp-json\/wp\/v2\/media?parent=64113"}],"wp:term":[{"taxonomy":"product_brand","embeddable":true,"href":"https:\/\/tourcruiser.com\/de\/wp-json\/wp\/v2\/product_brand?post=64113"},{"taxonomy":"product_cat","embeddable":true,"href":"https:\/\/tourcruiser.com\/de\/wp-json\/wp\/v2\/product_cat?post=64113"},{"taxonomy":"product_tag","embeddable":true,"href":"https:\/\/tourcruiser.com\/de\/wp-json\/wp\/v2\/product_tag?post=64113"}],"curies":[{"name":"wp","href":"https:\/\/api.w.org\/{rel}","templated":true}]}}