{"id":62725,"date":"2026-03-02T15:20:09","date_gmt":"2026-03-02T08:20:09","guid":{"rendered":"http:\/\/tourcruiser.com\/product\/women-hoka-arahi-8-wide-triple-black"},"modified":"2026-03-28T01:04:46","modified_gmt":"2026-03-27T18:04:46","slug":"women-hoka-arahi-8-wide-triple-black","status":"publish","type":"product","link":"https:\/\/tourcruiser.com\/de\/products\/women-hoka-arahi-8-wide-triple-black\/","title":{"rendered":"(Women) HOKA Arahi 8 Wide &#8218;Triple Black&#8216;"},"content":{"rendered":"<p>Erleben Sie ultimativen Komfort und Stabilit\u00e4t mit dem HOKA Arahi 8 Wide &#8218;Triple Black&#8216;, einem leistungsstarken Laufschuh f\u00fcr Frauen, die Wert auf Stil und Unterst\u00fctzung legen. Das elegante, komplett schwarze Design vereint eine schlanke \u00c4sthetik mit HOKAs bew\u00e4hrter Technologie f\u00fcr ein unvergleichliches Laufgef\u00fchl. Die innovative J-Frame\u00e2\u201e\u00a2-Mittelsohle bietet dynamische Stabilit\u00e4t ohne Kompromisse bei der D\u00e4mpfung und ist somit ideal f\u00fcr \u00dcberproniererinnen und alle, die sich beim Laufen oder im Alltag konstante Unterst\u00fctzung w\u00fcnschen.<\/p>\n<p>Das leichte, atmungsaktive Engineered-Mesh-Obermaterial des Arahi 8 sorgt f\u00fcr optimalen Tragekomfort und eine bequeme Passform. Die breite Passform bietet zus\u00e4tzlichen Platz f\u00fcr mehr Komfort und Vielseitigkeit und passt sich verschiedenen Fu\u00dfformen an. Mit dem Meta-Rocker f\u00fcr sanfte \u00dcberg\u00e4nge und der robusten Gummiau\u00dfensohle f\u00fcr zuverl\u00e4ssigen Grip auf unterschiedlichen Untergr\u00fcnden unterst\u00fctzt dieser Schuh jeden Schritt.<\/p>\n<p>Ob Training, Wettkampf oder entspannter Spaziergang \u201d\u201c der HOKA Arahi 8 Wide &#8218;Triple Black&#8216; vereint modernes Design mit fortschrittlichen Leistungsmerkmalen und bietet so die perfekte Kombination aus Funktionalit\u00e4t und Stil f\u00fcr ein weltweites Publikum. Steigern Sie Ihr Lauferlebnis mit einem Schuh, der mit Ihrem Tempo mith\u00e4lt und Ihren Lifestyle perfekt erg\u00e4nzt.<\/p>\n<ul>\n<li><strong>Artikelnummer:<\/strong> 1168711-BBLC<\/li>\n<li><strong>Obermaterial:<\/strong> Jacquard<\/li>\n<li><strong>Zwischensohle:<\/strong> CMEVA<\/li>\n<li><strong>Farbe:<\/strong> Schwarz<\/li>\n<\/ul>\n","protected":false},"excerpt":{"rendered":"<p>(W) HOKA Arahi 8 Wide &#8218;Triple Black&#8216;<\/p>\n","protected":false},"featured_media":62726,"comment_status":"open","ping_status":"closed","template":"","meta":[],"product_brand":[],"product_cat":[12226],"product_tag":[10752,11494,10802,10840,12149,10758,11692],"class_list":{"0":"post-62725","1":"product","2":"type-product","3":"status-publish","4":"has-post-thumbnail","6":"product_cat-hoka-women","7":"product_tag-gallery-look","8":"product_tag-hoka","9":"product_tag-performance-sport-shoes","10":"product_tag-running-shoes","11":"product_tag-stability-overpronation-running-shoes","12":"product_tag-under-retail","13":"product_tag-wide-running-shoes","14":"wcpa_has_options","16":"first","17":"outofstock","18":"sale","19":"taxable","20":"shipping-taxable","21":"purchasable","22":"product-type-simple"},"wcpa_form_fields":{"rules":{"pric_overide_base_price":false,"pric_overide_base_price_if_gt_zero":false,"pric_overide_base_price_fully":false,"pric_cal_option_once":false,"pric_use_as_fee":false,"bind_quantity":false,"quantity_bind_formula":false},"fields":[{"type":"color-group","required":true,"elementId":"wcpa-color-group-69a5afd8a7cca","label":"Gr\u00f6\u00dfe","inline":true,"priceOptions":"different_for_all","pricingType":"fixed","className":"hassizechart product-shoes-size-eu product-shoes-size","name":"color-group-69a5afd8a7cd3","disp_type":"square","selection_type":"tick-border","disp_size":"50","show_label_inside":true,"adjust_width":true,"cart_display_type":"text","other_text":"Other","cl_rule":"show","col":6,"values":[{"label":"35 1\/3","value":"EU 35 1\/3","price":"","pimage":"","pimage_id":"","pthumb":"","color":""},{"label":"36","value":"EU 36","price":"","pimage":"","pimage_id":"","pthumb":"","color":""},{"label":"36 2\/3","value":"EU 36 2\/3","price":"","pimage":"","pimage_id":"","pthumb":"","color":""},{"label":"37 1\/3","value":"EU 37 1\/3","price":"","pimage":"","pimage_id":"","pthumb":"","color":"","selected":true},{"label":"38","value":"EU 38","price":"","pimage":"","pimage_id":"","pthumb":"","color":""},{"label":"38 2\/3","value":"EU 38 2\/3","price":"","pimage":"","pimage_id":"","pthumb":"","color":""},{"label":"39 1\/3","value":"EU 39 1\/3","price":"","pimage":"","pimage_id":"","pthumb":"","color":""},{"label":"39.5","value":"EU 39.5","price":"","pimage":"","pimage_id":"","pthumb":"","color":""},{"label":"40","value":"EU 40","price":"","pimage":"","pimage_id":"","pthumb":"","color":""},{"label":"40 2\/3","value":"EU 40  2\/3","price":"","pimage":"","pimage_id":"","pthumb":"","color":""},{"label":" 41 1\/3","value":"EU 41.5","price":"","pimage":"","pimage_id":"","pthumb":"","color":""},{"label":"42","value":"EU 42","price":"","pimage":"","pimage_id":"","pthumb":"","color":""},{"label":"42 2\/3","value":"EU 42 2\/3","price":"","pimage":"","pimage_id":"","pthumb":"","color":""},{"label":"43 1\/3","value":"EU 43 1\/3","price":"","pimage":"","pimage_id":"","pthumb":"","color":""},{"label":"44","value":"EU 44","price":"","pimage":"","pimage_id":"","pthumb":"","color":""},{"label":"44 2\/3","value":"EU 44 2\/3","price":"","pimage":"","pimage_id":"","pthumb":"","color":""},{"label":"45 1\/3","value":"EU 45 1\/3","price":"","pimage":"","pimage_id":"","pthumb":"","color":""}],"relations":[{"operator":false,"rules":[]}],"form_id":184317,"form_rules":{"pric_cal_option_once":false,"exclude_from_discount":false,"pric_use_as_fee":false,"fee_label":"Fee","render_after_acb":false,"disp_hide_options_price":false}}]},"yoast_head":"<!-- This site is optimized with the Yoast SEO plugin v26.5 - https:\/\/yoast.com\/wordpress\/plugins\/seo\/ -->\n<title>(Women) HOKA Arahi 8 Wide &#039;Triple Black&#039;  - Tourcruiser PTE. LTD<\/title>\n<meta name=\"robots\" content=\"index, follow, max-snippet:-1, max-image-preview:large, max-video-preview:-1\" \/>\n<link rel=\"canonical\" href=\"https:\/\/tourcruiser.com\/de\/products\/women-hoka-arahi-8-wide-triple-black\/\" \/>\n<meta property=\"og:locale\" content=\"de_DE\" \/>\n<meta property=\"og:type\" content=\"article\" \/>\n<meta property=\"og:title\" content=\"(Women) HOKA Arahi 8 Wide &#039;Triple Black&#039;  - Tourcruiser PTE. LTD\" \/>\n<meta property=\"og:description\" content=\"(W) HOKA Arahi 8 Wide &#039;Triple Black&#039;\" \/>\n<meta property=\"og:url\" content=\"https:\/\/tourcruiser.com\/de\/products\/women-hoka-arahi-8-wide-triple-black\/\" \/>\n<meta property=\"og:site_name\" content=\"Tourcruiser Sneaker Store\" \/>\n<meta property=\"article:modified_time\" content=\"2026-03-27T18:04:46+00:00\" \/>\n<meta name=\"twitter:card\" content=\"summary_large_image\" \/>\n<meta name=\"twitter:image\" content=\"https:\/\/images.novelship.com\/product\/_women__hoka_arahi_8_wide__triple_black__1168711-b_0_42842.png;https:\/\/images.novelship.com\/product\/_women__hoka_arahi_8_wide__triple_black__1168711-b_1_42843.png;https:\/\/images.novelship.com\/product\/_women__hoka_arahi_8_wide__triple_black__1168711-b_2_42843.png\" \/>\n<meta name=\"twitter:label1\" content=\"Gesch\u00e4tzte Lesezeit\" \/>\n\t<meta name=\"twitter:data1\" content=\"1\u00a0Minute\" \/>\n<script type=\"application\/ld+json\" class=\"yoast-schema-graph\">{\"@context\":\"https:\/\/schema.org\",\"@graph\":[{\"@type\":\"WebPage\",\"@id\":\"https:\/\/tourcruiser.com\/de\/products\/women-hoka-arahi-8-wide-triple-black\/\",\"url\":\"https:\/\/tourcruiser.com\/de\/products\/women-hoka-arahi-8-wide-triple-black\/\",\"name\":\"(Women) HOKA Arahi 8 Wide 'Triple Black' - Tourcruiser PTE. LTD\",\"isPartOf\":{\"@id\":\"https:\/\/tourcruiser.com\/de\/#website\"},\"primaryImageOfPage\":{\"@id\":\"https:\/\/tourcruiser.com\/de\/products\/women-hoka-arahi-8-wide-triple-black\/#primaryimage\"},\"image\":{\"@id\":\"https:\/\/tourcruiser.com\/de\/products\/women-hoka-arahi-8-wide-triple-black\/#primaryimage\"},\"thumbnailUrl\":\"https:\/\/images.novelship.com\/product\/_women__hoka_arahi_8_wide__triple_black__1168711-b_0_42842.png;https:\/\/images.novelship.com\/product\/_women__hoka_arahi_8_wide__triple_black__1168711-b_1_42843.png;https:\/\/images.novelship.com\/product\/_women__hoka_arahi_8_wide__triple_black__1168711-b_2_42843.png\",\"datePublished\":\"2026-03-02T08:20:09+00:00\",\"dateModified\":\"2026-03-27T18:04:46+00:00\",\"breadcrumb\":{\"@id\":\"https:\/\/tourcruiser.com\/de\/products\/women-hoka-arahi-8-wide-triple-black\/#breadcrumb\"},\"inLanguage\":\"de\",\"potentialAction\":[{\"@type\":\"ReadAction\",\"target\":[\"https:\/\/tourcruiser.com\/de\/products\/women-hoka-arahi-8-wide-triple-black\/\"]}]},{\"@type\":\"ImageObject\",\"inLanguage\":\"de\",\"@id\":\"https:\/\/tourcruiser.com\/de\/products\/women-hoka-arahi-8-wide-triple-black\/#primaryimage\",\"url\":\"https:\/\/images.novelship.com\/product\/_women__hoka_arahi_8_wide__triple_black__1168711-b_0_42842.png;https:\/\/images.novelship.com\/product\/_women__hoka_arahi_8_wide__triple_black__1168711-b_1_42843.png;https:\/\/images.novelship.com\/product\/_women__hoka_arahi_8_wide__triple_black__1168711-b_2_42843.png\",\"contentUrl\":\"https:\/\/images.novelship.com\/product\/_women__hoka_arahi_8_wide__triple_black__1168711-b_0_42842.png;https:\/\/images.novelship.com\/product\/_women__hoka_arahi_8_wide__triple_black__1168711-b_1_42843.png;https:\/\/images.novelship.com\/product\/_women__hoka_arahi_8_wide__triple_black__1168711-b_2_42843.png\"},{\"@type\":\"BreadcrumbList\",\"@id\":\"https:\/\/tourcruiser.com\/de\/products\/women-hoka-arahi-8-wide-triple-black\/#breadcrumb\",\"itemListElement\":[{\"@type\":\"ListItem\",\"position\":1,\"name\":\"Home\",\"item\":\"https:\/\/tourcruiser.com\/de\/\"},{\"@type\":\"ListItem\",\"position\":2,\"name\":\"Shop\",\"item\":\"https:\/\/tourcruiser.com\/de\/shop\/\"},{\"@type\":\"ListItem\",\"position\":3,\"name\":\"(Women) HOKA Arahi 8 Wide 'Triple Black'\"}]},{\"@type\":\"WebSite\",\"@id\":\"https:\/\/tourcruiser.com\/de\/#website\",\"url\":\"https:\/\/tourcruiser.com\/de\/\",\"name\":\"Styloral Jewelry Shop\",\"description\":\"Tourcruiser Sneaker Store \u2014 der Ort, an dem das Universum deine Einzigartigkeit trifft.\",\"publisher\":{\"@id\":\"https:\/\/tourcruiser.com\/de\/#organization\"},\"potentialAction\":[{\"@type\":\"SearchAction\",\"target\":{\"@type\":\"EntryPoint\",\"urlTemplate\":\"https:\/\/tourcruiser.com\/de\/?s={search_term_string}\"},\"query-input\":{\"@type\":\"PropertyValueSpecification\",\"valueRequired\":true,\"valueName\":\"search_term_string\"}}],\"inLanguage\":\"de\"},{\"@type\":\"Organization\",\"@id\":\"https:\/\/tourcruiser.com\/de\/#organization\",\"name\":\"STYLORAL PTE. LTD\",\"url\":\"https:\/\/tourcruiser.com\/de\/\",\"logo\":{\"@type\":\"ImageObject\",\"inLanguage\":\"de\",\"@id\":\"https:\/\/tourcruiser.com\/de\/#\/schema\/logo\/image\/\",\"url\":\"https:\/\/www.tourcruiser.com\/wp-content\/uploads\/2025\/12\/logo.png\",\"contentUrl\":\"https:\/\/www.tourcruiser.com\/wp-content\/uploads\/2025\/12\/logo.png\",\"width\":200,\"height\":65,\"caption\":\"STYLORAL PTE. LTD\"},\"image\":{\"@id\":\"https:\/\/tourcruiser.com\/de\/#\/schema\/logo\/image\/\"}}]}<\/script>\n<!-- \/ Yoast SEO plugin. -->","yoast_head_json":{"title":"(Women) HOKA Arahi 8 Wide 'Triple Black'  - Tourcruiser PTE. LTD","robots":{"index":"index","follow":"follow","max-snippet":"max-snippet:-1","max-image-preview":"max-image-preview:large","max-video-preview":"max-video-preview:-1"},"canonical":"https:\/\/tourcruiser.com\/de\/products\/women-hoka-arahi-8-wide-triple-black\/","og_locale":"de_DE","og_type":"article","og_title":"(Women) HOKA Arahi 8 Wide 'Triple Black'  - Tourcruiser PTE. LTD","og_description":"(W) HOKA Arahi 8 Wide 'Triple Black'","og_url":"https:\/\/tourcruiser.com\/de\/products\/women-hoka-arahi-8-wide-triple-black\/","og_site_name":"Tourcruiser Sneaker Store","article_modified_time":"2026-03-27T18:04:46+00:00","twitter_card":"summary_large_image","twitter_image":"https:\/\/images.novelship.com\/product\/_women__hoka_arahi_8_wide__triple_black__1168711-b_0_42842.png;https:\/\/images.novelship.com\/product\/_women__hoka_arahi_8_wide__triple_black__1168711-b_1_42843.png;https:\/\/images.novelship.com\/product\/_women__hoka_arahi_8_wide__triple_black__1168711-b_2_42843.png","twitter_misc":{"Gesch\u00e4tzte Lesezeit":"1\u00a0Minute"},"schema":{"@context":"https:\/\/schema.org","@graph":[{"@type":"WebPage","@id":"https:\/\/tourcruiser.com\/de\/products\/women-hoka-arahi-8-wide-triple-black\/","url":"https:\/\/tourcruiser.com\/de\/products\/women-hoka-arahi-8-wide-triple-black\/","name":"(Women) HOKA Arahi 8 Wide 'Triple Black' - Tourcruiser PTE. LTD","isPartOf":{"@id":"https:\/\/tourcruiser.com\/de\/#website"},"primaryImageOfPage":{"@id":"https:\/\/tourcruiser.com\/de\/products\/women-hoka-arahi-8-wide-triple-black\/#primaryimage"},"image":{"@id":"https:\/\/tourcruiser.com\/de\/products\/women-hoka-arahi-8-wide-triple-black\/#primaryimage"},"thumbnailUrl":"https:\/\/images.novelship.com\/product\/_women__hoka_arahi_8_wide__triple_black__1168711-b_0_42842.png;https:\/\/images.novelship.com\/product\/_women__hoka_arahi_8_wide__triple_black__1168711-b_1_42843.png;https:\/\/images.novelship.com\/product\/_women__hoka_arahi_8_wide__triple_black__1168711-b_2_42843.png","datePublished":"2026-03-02T08:20:09+00:00","dateModified":"2026-03-27T18:04:46+00:00","breadcrumb":{"@id":"https:\/\/tourcruiser.com\/de\/products\/women-hoka-arahi-8-wide-triple-black\/#breadcrumb"},"inLanguage":"de","potentialAction":[{"@type":"ReadAction","target":["https:\/\/tourcruiser.com\/de\/products\/women-hoka-arahi-8-wide-triple-black\/"]}]},{"@type":"ImageObject","inLanguage":"de","@id":"https:\/\/tourcruiser.com\/de\/products\/women-hoka-arahi-8-wide-triple-black\/#primaryimage","url":"https:\/\/images.novelship.com\/product\/_women__hoka_arahi_8_wide__triple_black__1168711-b_0_42842.png;https:\/\/images.novelship.com\/product\/_women__hoka_arahi_8_wide__triple_black__1168711-b_1_42843.png;https:\/\/images.novelship.com\/product\/_women__hoka_arahi_8_wide__triple_black__1168711-b_2_42843.png","contentUrl":"https:\/\/images.novelship.com\/product\/_women__hoka_arahi_8_wide__triple_black__1168711-b_0_42842.png;https:\/\/images.novelship.com\/product\/_women__hoka_arahi_8_wide__triple_black__1168711-b_1_42843.png;https:\/\/images.novelship.com\/product\/_women__hoka_arahi_8_wide__triple_black__1168711-b_2_42843.png"},{"@type":"BreadcrumbList","@id":"https:\/\/tourcruiser.com\/de\/products\/women-hoka-arahi-8-wide-triple-black\/#breadcrumb","itemListElement":[{"@type":"ListItem","position":1,"name":"Home","item":"https:\/\/tourcruiser.com\/de\/"},{"@type":"ListItem","position":2,"name":"Shop","item":"https:\/\/tourcruiser.com\/de\/shop\/"},{"@type":"ListItem","position":3,"name":"(Women) HOKA Arahi 8 Wide 'Triple Black'"}]},{"@type":"WebSite","@id":"https:\/\/tourcruiser.com\/de\/#website","url":"https:\/\/tourcruiser.com\/de\/","name":"Styloral Jewelry Shop","description":"Tourcruiser Sneaker Store \u2014 der Ort, an dem das Universum deine Einzigartigkeit trifft.","publisher":{"@id":"https:\/\/tourcruiser.com\/de\/#organization"},"potentialAction":[{"@type":"SearchAction","target":{"@type":"EntryPoint","urlTemplate":"https:\/\/tourcruiser.com\/de\/?s={search_term_string}"},"query-input":{"@type":"PropertyValueSpecification","valueRequired":true,"valueName":"search_term_string"}}],"inLanguage":"de"},{"@type":"Organization","@id":"https:\/\/tourcruiser.com\/de\/#organization","name":"STYLORAL PTE. LTD","url":"https:\/\/tourcruiser.com\/de\/","logo":{"@type":"ImageObject","inLanguage":"de","@id":"https:\/\/tourcruiser.com\/de\/#\/schema\/logo\/image\/","url":"https:\/\/www.tourcruiser.com\/wp-content\/uploads\/2025\/12\/logo.png","contentUrl":"https:\/\/www.tourcruiser.com\/wp-content\/uploads\/2025\/12\/logo.png","width":200,"height":65,"caption":"STYLORAL PTE. LTD"},"image":{"@id":"https:\/\/tourcruiser.com\/de\/#\/schema\/logo\/image\/"}}]}},"_links":{"self":[{"href":"https:\/\/tourcruiser.com\/de\/wp-json\/wp\/v2\/product\/62725","targetHints":{"allow":["GET"]}}],"collection":[{"href":"https:\/\/tourcruiser.com\/de\/wp-json\/wp\/v2\/product"}],"about":[{"href":"https:\/\/tourcruiser.com\/de\/wp-json\/wp\/v2\/types\/product"}],"replies":[{"embeddable":true,"href":"https:\/\/tourcruiser.com\/de\/wp-json\/wp\/v2\/comments?post=62725"}],"wp:featuredmedia":[{"embeddable":true,"href":"https:\/\/tourcruiser.com\/de\/wp-json\/wp\/v2\/media\/62726"}],"wp:attachment":[{"href":"https:\/\/tourcruiser.com\/de\/wp-json\/wp\/v2\/media?parent=62725"}],"wp:term":[{"taxonomy":"product_brand","embeddable":true,"href":"https:\/\/tourcruiser.com\/de\/wp-json\/wp\/v2\/product_brand?post=62725"},{"taxonomy":"product_cat","embeddable":true,"href":"https:\/\/tourcruiser.com\/de\/wp-json\/wp\/v2\/product_cat?post=62725"},{"taxonomy":"product_tag","embeddable":true,"href":"https:\/\/tourcruiser.com\/de\/wp-json\/wp\/v2\/product_tag?post=62725"}],"curies":[{"name":"wp","href":"https:\/\/api.w.org\/{rel}","templated":true}]}}