{"id":60320,"date":"2026-03-02T15:19:40","date_gmt":"2026-03-02T08:19:40","guid":{"rendered":"http:\/\/tourcruiser.com\/product\/women-adidas-handball-spezial-sandy-pink"},"modified":"2026-03-02T15:19:40","modified_gmt":"2026-03-02T08:19:40","slug":"women-adidas-handball-spezial-sandy-pink","status":"publish","type":"product","link":"https:\/\/tourcruiser.com\/de\/products\/women-adidas-handball-spezial-sandy-pink\/","title":{"rendered":"(Women) adidas Handball Spezial &#8218;Sandy Pink&#8216;"},"content":{"rendered":"<p>Mit dem adidas Handball Spezial &#8218;Sandy Pink&#8216; IG1977, einer zeitlosen Kombination aus traditionellem Design und moderner Vielseitigkeit, verleihst du deinem Casual-Style das gewisse Etwas. Urspr\u00fcnglich f\u00fcr Handballprofis der Spitzenklasse entwickelt, pr\u00e4sentiert sich dieser Kult-Sneaker jetzt in einem modernen Gewand: Das weiche, sandrosafarbene Wildleder-Obermaterial verspr\u00fcht m\u00fchelosen Charme und feminine Eleganz. Die klassische Gummisohle sorgt f\u00fcr hervorragende Traktion und verleiht dem Schuh einen Hauch von Vintage-Charme \u201d\u201c perfekt f\u00fcr jeden Tag. Mit den charakteristischen drei Streifen von adidas in einem dezenten, kontrastierenden Farbton und erstklassiger Verarbeitung vereint der Handball Spezial &#8218;Sandy Pink&#8216; Komfort, Strapazierf\u00e4higkeit und Raffinesse in einem eleganten Design. Dieser Schuh wurde f\u00fcr Frauen entworfen, die Wert auf Funktionalit\u00e4t legen, ohne dabei auf Stil zu verzichten. Er ist der ideale Begleiter f\u00fcr sportliche Aktivit\u00e4ten und l\u00e4ssige Momente unterwegs. Ob zu Jeans, Leggings oder einem legeren Kleid \u201d\u201c dieser vielseitige Sneaker bereichert deine Garderobe und ist gleichzeitig eine Hommage an die traditionsreiche Sportgeschichte von adidas. Dank der gepolsterten Innensohle und der pr\u00e4zisen Passform genie\u00dft du unvergleichlichen Tragekomfort \u201d\u201c den ganzen Tag lang, egal ob in der Stadt oder beim entspannten Treffen. Der adidas Handball Spezial &#8218;Sandy Pink&#8216; IG1977 ist mehr als nur ein Schuh \u201d\u201c er ist ein modisches Statement, das in der Geschichte legend\u00e4rer Sportbekleidung verwurzelt ist. Definiere deinen Sneaker-Style neu mit dieser perfekten Kombination aus Charme, Komfort und legend\u00e4rem Stil.<\/p>\n<ul>\n<li><strong>Farbgebung:<\/strong> Sandy Pink\/Off White<\/li>\n<li><strong>Style-Code:<\/strong> IG1977<\/li>\n<li><strong>Obermaterial:<\/strong> Cord<\/li>\n<li><strong>Farbe:<\/strong> Pink<\/li>\n<\/ul>\n","protected":false},"excerpt":{"rendered":"<p>adidas Handball Spezial \u201d\u201d Sandy Pink\/Off White<\/p>\n","protected":false},"featured_media":60321,"comment_status":"open","ping_status":"closed","template":"","meta":[],"product_brand":[],"product_cat":[10941],"product_tag":[10759,10750,10926,10754,10949,10756,10758],"class_list":{"0":"post-60320","1":"product","2":"type-product","3":"status-publish","4":"has-post-thumbnail","6":"product_cat-adidas-women","7":"product_tag-adidas","8":"product_tag-athleisure-shoes","9":"product_tag-gift-for-her","10":"product_tag-lifestyle-casual-shoes","11":"product_tag-lifestyle-shoes-handball-inspired","12":"product_tag-retro-casual-shoes","13":"product_tag-under-retail","14":"wcpa_has_options","16":"first","17":"instock","18":"taxable","19":"shipping-taxable","20":"purchasable","21":"product-type-simple"},"wcpa_form_fields":{"rules":{"pric_overide_base_price":false,"pric_overide_base_price_if_gt_zero":false,"pric_overide_base_price_fully":false,"pric_cal_option_once":false,"pric_use_as_fee":false,"bind_quantity":false,"quantity_bind_formula":false},"fields":[{"type":"color-group","required":true,"elementId":"wcpa-color-group-66c4a7f817afe","label":"Gr\u00f6\u00dfe","inline":true,"priceOptions":"different_for_all","pricingType":"fixed","className":"hassizechart product-shoes-size-eu product-shoes-size","name":"color-group-66c4a7f817b18","disp_type":"square","selection_type":"tick-border","disp_size":"50","show_label_inside":true,"adjust_width":true,"cart_display_type":"text","other_text":"Other","cl_rule":"show","col":6,"values":[{"label":"35","value":"EU 35","price":"","pimage":"","pimage_id":"","pthumb":"","color":""},{"label":"35.5","value":"EU 35.5","price":"","pimage":"","pimage_id":"","pthumb":"","color":""},{"label":"36","value":"EU 36","price":"","pimage":"","pimage_id":"","pthumb":"","color":"","selected":true},{"label":"36 2\/3","value":"EU 36 2\/3","price":"","pimage":"","pimage_id":"","pthumb":"","color":""},{"label":"37 1\/3","value":"EU 37 1\/3","price":"","pimage":"","pimage_id":"","pthumb":"","color":""},{"label":"38","value":"EU 38","price":"","pimage":"","pimage_id":"","pthumb":"","color":""},{"label":"38 2\/3","value":"EU 38 2\/3","price":"","pimage":"","pimage_id":"","pthumb":"","color":""},{"label":"39 1\/3","value":"EU 39 1\/3","price":"","pimage":"","pimage_id":"","pthumb":"","color":""},{"label":"40","value":"EU 40","price":"","pimage":"","pimage_id":"","pthumb":"","color":""},{"label":"40 2\/3","value":"EU 40 2\/3","price":"","pimage":"","pimage_id":"","pthumb":"","color":""},{"label":"41 1\/3","value":"EU 41 1\/3","price":"","pimage":"","pimage_id":"","pthumb":"","color":""},{"label":"42","value":"EU 42","price":"","pimage":"","pimage_id":"","pthumb":"","color":""},{"label":"42 2\/3","value":"EU 42 2\/3","price":"","pimage":"","pimage_id":"","pthumb":"","color":""},{"label":"43 1\/3","value":"EU 43 1\/3","price":"","pimage":"","pimage_id":"","pthumb":"","color":""},{"label":"44","value":"EU 44","price":"","pimage":"","pimage_id":"","pthumb":"","color":""},{"label":"44 2\/3","value":"EU 44 2\/3","price":"","pimage":"","pimage_id":"","pthumb":"","color":""},{"label":"45 1\/3","value":"EU 45 1\/3","price":"","pimage":"","pimage_id":"","pthumb":"","color":""},{"label":"46","value":"EU 46","price":"","pimage":"","pimage_id":"","pthumb":"","color":""},{"label":"46 2\/3","value":"EU 46 2\/3","price":"","pimage":"","pimage_id":"","pthumb":"","color":""},{"label":"47 1\/3","value":"EU 47 1\/3","price":"","pimage":"","pimage_id":"","pthumb":"","color":""}],"relations":[{"operator":false,"rules":[]}],"form_id":24802,"form_rules":{"pric_cal_option_once":false,"exclude_from_discount":false,"pric_use_as_fee":false,"fee_label":"Fee","render_after_acb":false,"disp_hide_options_price":false}}]},"yoast_head":"<!-- This site is optimized with the Yoast SEO plugin v26.5 - https:\/\/yoast.com\/wordpress\/plugins\/seo\/ -->\n<title>(Women) adidas Handball Spezial &#039;Sandy Pink&#039;  - Tourcruiser PTE. LTD<\/title>\n<meta name=\"robots\" content=\"index, follow, max-snippet:-1, max-image-preview:large, max-video-preview:-1\" \/>\n<link rel=\"canonical\" href=\"https:\/\/tourcruiser.com\/de\/products\/women-adidas-handball-spezial-sandy-pink\/\" \/>\n<meta property=\"og:locale\" content=\"de_DE\" \/>\n<meta property=\"og:type\" content=\"article\" \/>\n<meta property=\"og:title\" content=\"(Women) adidas Handball Spezial &#039;Sandy Pink&#039;  - Tourcruiser PTE. LTD\" \/>\n<meta property=\"og:description\" content=\"adidas Handball Spezial \u201d\u201d Sandy Pink\/Off White\" \/>\n<meta property=\"og:url\" content=\"https:\/\/tourcruiser.com\/de\/products\/women-adidas-handball-spezial-sandy-pink\/\" \/>\n<meta property=\"og:site_name\" content=\"Tourcruiser Sneaker Store\" \/>\n<meta name=\"twitter:card\" content=\"summary_large_image\" \/>\n<meta name=\"twitter:image\" content=\"https:\/\/images.novelship.com\/product\/_women__adidas_handball_spezial__sandy_pink__ig197_0_10316.jpeg\" \/>\n<meta name=\"twitter:label1\" content=\"Gesch\u00e4tzte Lesezeit\" \/>\n\t<meta name=\"twitter:data1\" content=\"1\u00a0Minute\" \/>\n<script type=\"application\/ld+json\" class=\"yoast-schema-graph\">{\"@context\":\"https:\/\/schema.org\",\"@graph\":[{\"@type\":\"WebPage\",\"@id\":\"https:\/\/tourcruiser.com\/de\/products\/women-adidas-handball-spezial-sandy-pink\/\",\"url\":\"https:\/\/tourcruiser.com\/de\/products\/women-adidas-handball-spezial-sandy-pink\/\",\"name\":\"(Women) adidas Handball Spezial 'Sandy Pink' - Tourcruiser PTE. LTD\",\"isPartOf\":{\"@id\":\"https:\/\/tourcruiser.com\/de\/#website\"},\"primaryImageOfPage\":{\"@id\":\"https:\/\/tourcruiser.com\/de\/products\/women-adidas-handball-spezial-sandy-pink\/#primaryimage\"},\"image\":{\"@id\":\"https:\/\/tourcruiser.com\/de\/products\/women-adidas-handball-spezial-sandy-pink\/#primaryimage\"},\"thumbnailUrl\":\"https:\/\/images.novelship.com\/product\/_women__adidas_handball_spezial__sandy_pink__ig197_0_10316.jpeg\",\"datePublished\":\"2026-03-02T08:19:40+00:00\",\"breadcrumb\":{\"@id\":\"https:\/\/tourcruiser.com\/de\/products\/women-adidas-handball-spezial-sandy-pink\/#breadcrumb\"},\"inLanguage\":\"de\",\"potentialAction\":[{\"@type\":\"ReadAction\",\"target\":[\"https:\/\/tourcruiser.com\/de\/products\/women-adidas-handball-spezial-sandy-pink\/\"]}]},{\"@type\":\"ImageObject\",\"inLanguage\":\"de\",\"@id\":\"https:\/\/tourcruiser.com\/de\/products\/women-adidas-handball-spezial-sandy-pink\/#primaryimage\",\"url\":\"https:\/\/images.novelship.com\/product\/_women__adidas_handball_spezial__sandy_pink__ig197_0_10316.jpeg\",\"contentUrl\":\"https:\/\/images.novelship.com\/product\/_women__adidas_handball_spezial__sandy_pink__ig197_0_10316.jpeg\"},{\"@type\":\"BreadcrumbList\",\"@id\":\"https:\/\/tourcruiser.com\/de\/products\/women-adidas-handball-spezial-sandy-pink\/#breadcrumb\",\"itemListElement\":[{\"@type\":\"ListItem\",\"position\":1,\"name\":\"Home\",\"item\":\"https:\/\/tourcruiser.com\/de\/\"},{\"@type\":\"ListItem\",\"position\":2,\"name\":\"Shop\",\"item\":\"https:\/\/tourcruiser.com\/de\/shop\/\"},{\"@type\":\"ListItem\",\"position\":3,\"name\":\"(Women) adidas Handball Spezial 'Sandy Pink'\"}]},{\"@type\":\"WebSite\",\"@id\":\"https:\/\/tourcruiser.com\/de\/#website\",\"url\":\"https:\/\/tourcruiser.com\/de\/\",\"name\":\"Styloral Jewelry Shop\",\"description\":\"Tourcruiser Sneaker Store \u2014 der Ort, an dem das Universum deine Einzigartigkeit trifft.\",\"publisher\":{\"@id\":\"https:\/\/tourcruiser.com\/de\/#organization\"},\"potentialAction\":[{\"@type\":\"SearchAction\",\"target\":{\"@type\":\"EntryPoint\",\"urlTemplate\":\"https:\/\/tourcruiser.com\/de\/?s={search_term_string}\"},\"query-input\":{\"@type\":\"PropertyValueSpecification\",\"valueRequired\":true,\"valueName\":\"search_term_string\"}}],\"inLanguage\":\"de\"},{\"@type\":\"Organization\",\"@id\":\"https:\/\/tourcruiser.com\/de\/#organization\",\"name\":\"STYLORAL PTE. LTD\",\"url\":\"https:\/\/tourcruiser.com\/de\/\",\"logo\":{\"@type\":\"ImageObject\",\"inLanguage\":\"de\",\"@id\":\"https:\/\/tourcruiser.com\/de\/#\/schema\/logo\/image\/\",\"url\":\"https:\/\/www.tourcruiser.com\/wp-content\/uploads\/2025\/12\/logo.png\",\"contentUrl\":\"https:\/\/www.tourcruiser.com\/wp-content\/uploads\/2025\/12\/logo.png\",\"width\":200,\"height\":65,\"caption\":\"STYLORAL PTE. LTD\"},\"image\":{\"@id\":\"https:\/\/tourcruiser.com\/de\/#\/schema\/logo\/image\/\"}}]}<\/script>\n<!-- \/ Yoast SEO plugin. -->","yoast_head_json":{"title":"(Women) adidas Handball Spezial 'Sandy Pink'  - Tourcruiser PTE. LTD","robots":{"index":"index","follow":"follow","max-snippet":"max-snippet:-1","max-image-preview":"max-image-preview:large","max-video-preview":"max-video-preview:-1"},"canonical":"https:\/\/tourcruiser.com\/de\/products\/women-adidas-handball-spezial-sandy-pink\/","og_locale":"de_DE","og_type":"article","og_title":"(Women) adidas Handball Spezial 'Sandy Pink'  - Tourcruiser PTE. LTD","og_description":"adidas Handball Spezial \u201d\u201d Sandy Pink\/Off White","og_url":"https:\/\/tourcruiser.com\/de\/products\/women-adidas-handball-spezial-sandy-pink\/","og_site_name":"Tourcruiser Sneaker Store","twitter_card":"summary_large_image","twitter_image":"https:\/\/images.novelship.com\/product\/_women__adidas_handball_spezial__sandy_pink__ig197_0_10316.jpeg","twitter_misc":{"Gesch\u00e4tzte Lesezeit":"1\u00a0Minute"},"schema":{"@context":"https:\/\/schema.org","@graph":[{"@type":"WebPage","@id":"https:\/\/tourcruiser.com\/de\/products\/women-adidas-handball-spezial-sandy-pink\/","url":"https:\/\/tourcruiser.com\/de\/products\/women-adidas-handball-spezial-sandy-pink\/","name":"(Women) adidas Handball Spezial 'Sandy Pink' - Tourcruiser PTE. LTD","isPartOf":{"@id":"https:\/\/tourcruiser.com\/de\/#website"},"primaryImageOfPage":{"@id":"https:\/\/tourcruiser.com\/de\/products\/women-adidas-handball-spezial-sandy-pink\/#primaryimage"},"image":{"@id":"https:\/\/tourcruiser.com\/de\/products\/women-adidas-handball-spezial-sandy-pink\/#primaryimage"},"thumbnailUrl":"https:\/\/images.novelship.com\/product\/_women__adidas_handball_spezial__sandy_pink__ig197_0_10316.jpeg","datePublished":"2026-03-02T08:19:40+00:00","breadcrumb":{"@id":"https:\/\/tourcruiser.com\/de\/products\/women-adidas-handball-spezial-sandy-pink\/#breadcrumb"},"inLanguage":"de","potentialAction":[{"@type":"ReadAction","target":["https:\/\/tourcruiser.com\/de\/products\/women-adidas-handball-spezial-sandy-pink\/"]}]},{"@type":"ImageObject","inLanguage":"de","@id":"https:\/\/tourcruiser.com\/de\/products\/women-adidas-handball-spezial-sandy-pink\/#primaryimage","url":"https:\/\/images.novelship.com\/product\/_women__adidas_handball_spezial__sandy_pink__ig197_0_10316.jpeg","contentUrl":"https:\/\/images.novelship.com\/product\/_women__adidas_handball_spezial__sandy_pink__ig197_0_10316.jpeg"},{"@type":"BreadcrumbList","@id":"https:\/\/tourcruiser.com\/de\/products\/women-adidas-handball-spezial-sandy-pink\/#breadcrumb","itemListElement":[{"@type":"ListItem","position":1,"name":"Home","item":"https:\/\/tourcruiser.com\/de\/"},{"@type":"ListItem","position":2,"name":"Shop","item":"https:\/\/tourcruiser.com\/de\/shop\/"},{"@type":"ListItem","position":3,"name":"(Women) adidas Handball Spezial 'Sandy Pink'"}]},{"@type":"WebSite","@id":"https:\/\/tourcruiser.com\/de\/#website","url":"https:\/\/tourcruiser.com\/de\/","name":"Styloral Jewelry Shop","description":"Tourcruiser Sneaker Store \u2014 der Ort, an dem das Universum deine Einzigartigkeit trifft.","publisher":{"@id":"https:\/\/tourcruiser.com\/de\/#organization"},"potentialAction":[{"@type":"SearchAction","target":{"@type":"EntryPoint","urlTemplate":"https:\/\/tourcruiser.com\/de\/?s={search_term_string}"},"query-input":{"@type":"PropertyValueSpecification","valueRequired":true,"valueName":"search_term_string"}}],"inLanguage":"de"},{"@type":"Organization","@id":"https:\/\/tourcruiser.com\/de\/#organization","name":"STYLORAL PTE. LTD","url":"https:\/\/tourcruiser.com\/de\/","logo":{"@type":"ImageObject","inLanguage":"de","@id":"https:\/\/tourcruiser.com\/de\/#\/schema\/logo\/image\/","url":"https:\/\/www.tourcruiser.com\/wp-content\/uploads\/2025\/12\/logo.png","contentUrl":"https:\/\/www.tourcruiser.com\/wp-content\/uploads\/2025\/12\/logo.png","width":200,"height":65,"caption":"STYLORAL PTE. LTD"},"image":{"@id":"https:\/\/tourcruiser.com\/de\/#\/schema\/logo\/image\/"}}]}},"_links":{"self":[{"href":"https:\/\/tourcruiser.com\/de\/wp-json\/wp\/v2\/product\/60320","targetHints":{"allow":["GET"]}}],"collection":[{"href":"https:\/\/tourcruiser.com\/de\/wp-json\/wp\/v2\/product"}],"about":[{"href":"https:\/\/tourcruiser.com\/de\/wp-json\/wp\/v2\/types\/product"}],"replies":[{"embeddable":true,"href":"https:\/\/tourcruiser.com\/de\/wp-json\/wp\/v2\/comments?post=60320"}],"wp:featuredmedia":[{"embeddable":true,"href":"https:\/\/tourcruiser.com\/de\/wp-json\/wp\/v2\/media\/60321"}],"wp:attachment":[{"href":"https:\/\/tourcruiser.com\/de\/wp-json\/wp\/v2\/media?parent=60320"}],"wp:term":[{"taxonomy":"product_brand","embeddable":true,"href":"https:\/\/tourcruiser.com\/de\/wp-json\/wp\/v2\/product_brand?post=60320"},{"taxonomy":"product_cat","embeddable":true,"href":"https:\/\/tourcruiser.com\/de\/wp-json\/wp\/v2\/product_cat?post=60320"},{"taxonomy":"product_tag","embeddable":true,"href":"https:\/\/tourcruiser.com\/de\/wp-json\/wp\/v2\/product_tag?post=60320"}],"curies":[{"name":"wp","href":"https:\/\/api.w.org\/{rel}","templated":true}]}}