{"id":57411,"date":"2026-03-02T15:18:45","date_gmt":"2026-03-02T08:18:45","guid":{"rendered":"http:\/\/tourcruiser.com\/product\/nike-phantom-luna-2-elite-metallic-silver-volt"},"modified":"2026-03-28T01:04:07","modified_gmt":"2026-03-27T18:04:07","slug":"nike-phantom-luna-2-elite-metallic-silver-volt","status":"publish","type":"product","link":"https:\/\/tourcruiser.com\/de\/products\/nike-phantom-luna-2-elite-metallic-silver-volt\/","title":{"rendered":"Nike Phantom Luna 2 Elite &#8218;Metallic Silver Volt&#8216;"},"content":{"rendered":"<p>Entfessle dein Spiel mit dem Nike Phantom Luna 2 Elite \u201eMetallic Silver Volt\u201c, einem hochmodernen Fu\u00dfballschuh, der f\u00fcr Pr\u00e4zision, Agilit\u00e4t und Ballkontrolle entwickelt wurde. Das unglaublich leichte Obermaterial in elegantem Metallic-Silber sorgt f\u00fcr eine optimale Passform, die sich der nat\u00fcrlichen Form deines Fu\u00dfes anpasst. Die markanten Volt-Akzente verleihen dem Schuh einen unverwechselbaren Look und unterstreichen sein modernes, leistungsstarkes Design.<\/p>\n<p>Die All Conditions Control (ACC)-Technologie bietet zuverl\u00e4ssiges Ballgef\u00fchl und Kontrolle bei jedem Wetter, sodass jeder Pass und jeder Schuss z\u00e4hlt. Ausgestattet mit einer bahnbrechenden Sohlenkonfiguration verbessert dieser Schuh multidirektionale Traktion und Reaktionsf\u00e4higkeit und verschafft dir so in jedem Spielzug einen entscheidenden Vorteil. Der Flyknit-Kragen bietet dynamischen Halt und ein Tragegef\u00fchl wie eine zweite Haut, was uneingeschr\u00e4nkte Bewegungsfreiheit und volle Konzentration auf dein Spiel erm\u00f6glicht.<\/p>\n<p>Der Nike Phantom Luna 2 Elite ist perfekt f\u00fcr Profis und ambitionierte Nachwuchsspieler gleicherma\u00dfen und vereint Style, Komfort und zukunftsweisende Technologie, um auf dem Platz zu dominieren. Ideal f\u00fcr kreative Mittelfeldspieler, St\u00fcrmer und alle, die Wert auf Leistung legen: Dieser Schuh ist die ultimative Wahl, um dein Spiel auf das n\u00e4chste Level zu heben. Egal ob schnelle Richtungswechsel, pr\u00e4zise Angriffe oder die Kontrolle des Spieltempos \u201d\u201c dieser Schuh ist dein perfekter Partner auf dem Platz.<\/p>\n<ul>\n<li><strong>Farbgebung:<\/strong> Metallic-Silber\/Volt\/Schwarz<\/li>\n<li><strong>Artikelnummer:<\/strong> FJ2572-003<\/li>\n<li><strong>Obermaterial:<\/strong> Gripknit<\/li>\n<li><strong>Farbe:<\/strong> Wei\u00df<\/li>\n<\/ul>\n","protected":false},"excerpt":{"rendered":"<p>Nike Phantom Luna 2 Elite \u201d\u201d Metallic Silver\/Volt\/Black<\/p>\n","protected":false},"featured_media":57412,"comment_status":"open","ping_status":"closed","template":"","meta":[],"product_brand":[],"product_cat":[10803],"product_tag":[10799,10800,10801,10802,10986,10987,10758],"class_list":{"0":"post-57411","1":"product","2":"type-product","3":"status-publish","4":"has-post-thumbnail","6":"product_cat-nike","7":"product_tag-ankle-support-basketball-shoes","8":"product_tag-basketball-shoes","9":"product_tag-nike","10":"product_tag-performance-sport-shoes","11":"product_tag-soccer-shoes","12":"product_tag-soccer-shoes-football-cleats","13":"product_tag-under-retail","14":"wcpa_has_options","16":"first","17":"outofstock","18":"sale","19":"taxable","20":"shipping-taxable","21":"purchasable","22":"product-type-simple"},"wcpa_form_fields":{"rules":{"pric_overide_base_price":false,"pric_overide_base_price_if_gt_zero":false,"pric_overide_base_price_fully":false,"pric_cal_option_once":false,"pric_use_as_fee":false,"bind_quantity":false,"quantity_bind_formula":false},"fields":[{"type":"color-group","required":true,"elementId":"wcpa-color-group-66c4a75505e74","label":"Gr\u00f6\u00dfe - EU Gr\u00f6\u00dfe","inline":true,"priceOptions":"different_for_all","pricingType":"fixed","className":"hassizechart product-shoes-size-eu product-shoes-size","name":"color-group-66c4a75505e89","disp_type":"square","selection_type":"tick-border","disp_size":"44","show_label_inside":true,"adjust_width":true,"cart_display_type":"text","other_text":"Other","cl_rule":"show","col":6,"values":[{"label":"35.5","value":"EU 35.5","price":"","pimage":"","pimage_id":"","pthumb":"","color":""},{"label":"36","value":"EU 36","price":"","pimage":"","pimage_id":"","pthumb":"","color":"","selected":true},{"label":"36.5","value":"EU 36.5","price":"","pimage":"","pimage_id":"","pthumb":"","color":""},{"label":"37.5","value":"EU 37.5","price":"","pimage":"","pimage_id":"","pthumb":"","color":""},{"label":"38","value":"EU 38","price":"","pimage":"","pimage_id":"","pthumb":"","color":""},{"label":"38.5","value":"EU 38.5","price":"","pimage":"","pimage_id":"","pthumb":"","color":""},{"label":"39","value":"EU 39","price":"","pimage":"","pimage_id":"","pthumb":"","color":""},{"label":"40","value":"EU 40","price":"","pimage":"","pimage_id":"","pthumb":"","color":""},{"label":"40.5","value":"EU 40.5","price":"","pimage":"","pimage_id":"","pthumb":"","color":""},{"label":"41","value":"EU 41","price":"","pimage":"","pimage_id":"","pthumb":"","color":""},{"label":"42","value":"EU 42","price":"","pimage":"","pimage_id":"","pthumb":"","color":""},{"label":"42.5","value":"EU 42.5","price":"","pimage":"","pimage_id":"","pthumb":"","color":""},{"label":"43","value":"EU 43","price":"","pimage":"","pimage_id":"","pthumb":"","color":""},{"label":"44","value":"EU 44","price":"","pimage":"","pimage_id":"","pthumb":"","color":""},{"label":"44.5","value":"EU 44.5","price":"","pimage":"","pimage_id":"","pthumb":"","color":""},{"label":"45","value":"EU 45","price":"","pimage":"","pimage_id":"","pthumb":"","color":""},{"label":"45.5","value":"EU 45.5","price":"","pimage":"","pimage_id":"","pthumb":"","color":""},{"label":"46","value":"EU 46","price":"","pimage":"","pimage_id":"","pthumb":"","color":""},{"label":"47","value":"EU 47","price":"","pimage":"","pimage_id":"","pthumb":"","color":""},{"label":"47.5","value":"EU 47.5","price":"","pimage":"","pimage_id":"","pthumb":"","color":""},{"label":"48","value":"EU 48","price":"","pimage":"","pimage_id":"","pthumb":"","color":""}],"relations":[{"operator":false,"rules":[]}],"form_id":18106,"form_rules":{"pric_cal_option_once":false,"exclude_from_discount":false,"pric_use_as_fee":false,"fee_label":"Fee","render_after_acb":false,"disp_hide_options_price":false}}]},"yoast_head":"<!-- This site is optimized with the Yoast SEO plugin v26.5 - https:\/\/yoast.com\/wordpress\/plugins\/seo\/ -->\n<title>Nike Phantom Luna 2 Elite &#039;Metallic Silver Volt&#039;  - Tourcruiser PTE. LTD<\/title>\n<meta name=\"robots\" content=\"index, follow, max-snippet:-1, max-image-preview:large, max-video-preview:-1\" \/>\n<link rel=\"canonical\" href=\"https:\/\/tourcruiser.com\/de\/products\/nike-phantom-luna-2-elite-metallic-silver-volt\/\" \/>\n<meta property=\"og:locale\" content=\"de_DE\" \/>\n<meta property=\"og:type\" content=\"article\" \/>\n<meta property=\"og:title\" content=\"Nike Phantom Luna 2 Elite &#039;Metallic Silver Volt&#039;  - Tourcruiser PTE. LTD\" \/>\n<meta property=\"og:description\" content=\"Nike Phantom Luna 2 Elite \u201d\u201d Metallic Silver\/Volt\/Black\" \/>\n<meta property=\"og:url\" content=\"https:\/\/tourcruiser.com\/de\/products\/nike-phantom-luna-2-elite-metallic-silver-volt\/\" \/>\n<meta property=\"og:site_name\" content=\"Tourcruiser Sneaker Store\" \/>\n<meta property=\"article:modified_time\" content=\"2026-03-27T18:04:07+00:00\" \/>\n<meta name=\"twitter:card\" content=\"summary_large_image\" \/>\n<meta name=\"twitter:image\" content=\"https:\/\/images.novelship.com\/product\/nike_phantom_luna_2_elite__metallic_silver_volt__f_0_45093.jpeg;https:\/\/images.novelship.com\/product\/nike_phantom_luna_2_elite__metallic_silver_volt__f_1_45093.jpeg;https:\/\/images.novelship.com\/product\/nike_phantom_luna_2_elite__metallic_silver_volt__f_2_45093.jpeg;https:\/\/images.novelship.com\/product\/nike_phantom_luna_2_elite__metallic_silver_volt__f_3_45093.jpeg;https:\/\/images.novelship.com\/product\/nike_phantom_luna_2_elite__metallic_silver_volt__f_4_45093.jpeg;https:\/\/images.novelship.com\/product\/nike_phantom_luna_2_elite__metallic_silver_volt__f_5_45093.jpeg;https:\/\/images.novelship.com\/product\/nike_phantom_luna_2_elite__metallic_silver_volt__f_6_45093.jpeg;https:\/\/images.novelship.com\/product\/nike_phantom_luna_2_elite__metallic_silver_volt__f_7_45093.jpeg;https:\/\/images.novelship.com\/product\/nike_phantom_luna_2_elite__metallic_silver_volt__f_8_45093.jpeg;https:\/\/images.novelship.com\/product\/nike_phantom_luna_2_elite__metallic_silver_volt__f_9_45093.jpeg\" \/>\n<meta name=\"twitter:label1\" content=\"Gesch\u00e4tzte Lesezeit\" \/>\n\t<meta name=\"twitter:data1\" content=\"1\u00a0Minute\" \/>\n<script type=\"application\/ld+json\" class=\"yoast-schema-graph\">{\"@context\":\"https:\/\/schema.org\",\"@graph\":[{\"@type\":\"WebPage\",\"@id\":\"https:\/\/tourcruiser.com\/de\/products\/nike-phantom-luna-2-elite-metallic-silver-volt\/\",\"url\":\"https:\/\/tourcruiser.com\/de\/products\/nike-phantom-luna-2-elite-metallic-silver-volt\/\",\"name\":\"Nike Phantom Luna 2 Elite 'Metallic Silver Volt' - Tourcruiser PTE. LTD\",\"isPartOf\":{\"@id\":\"https:\/\/tourcruiser.com\/de\/#website\"},\"primaryImageOfPage\":{\"@id\":\"https:\/\/tourcruiser.com\/de\/products\/nike-phantom-luna-2-elite-metallic-silver-volt\/#primaryimage\"},\"image\":{\"@id\":\"https:\/\/tourcruiser.com\/de\/products\/nike-phantom-luna-2-elite-metallic-silver-volt\/#primaryimage\"},\"thumbnailUrl\":\"https:\/\/images.novelship.com\/product\/nike_phantom_luna_2_elite__metallic_silver_volt__f_0_45093.jpeg;https:\/\/images.novelship.com\/product\/nike_phantom_luna_2_elite__metallic_silver_volt__f_1_45093.jpeg;https:\/\/images.novelship.com\/product\/nike_phantom_luna_2_elite__metallic_silver_volt__f_2_45093.jpeg;https:\/\/images.novelship.com\/product\/nike_phantom_luna_2_elite__metallic_silver_volt__f_3_45093.jpeg;https:\/\/images.novelship.com\/product\/nike_phantom_luna_2_elite__metallic_silver_volt__f_4_45093.jpeg;https:\/\/images.novelship.com\/product\/nike_phantom_luna_2_elite__metallic_silver_volt__f_5_45093.jpeg;https:\/\/images.novelship.com\/product\/nike_phantom_luna_2_elite__metallic_silver_volt__f_6_45093.jpeg;https:\/\/images.novelship.com\/product\/nike_phantom_luna_2_elite__metallic_silver_volt__f_7_45093.jpeg;https:\/\/images.novelship.com\/product\/nike_phantom_luna_2_elite__metallic_silver_volt__f_8_45093.jpeg;https:\/\/images.novelship.com\/product\/nike_phantom_luna_2_elite__metallic_silver_volt__f_9_45093.jpeg\",\"datePublished\":\"2026-03-02T08:18:45+00:00\",\"dateModified\":\"2026-03-27T18:04:07+00:00\",\"breadcrumb\":{\"@id\":\"https:\/\/tourcruiser.com\/de\/products\/nike-phantom-luna-2-elite-metallic-silver-volt\/#breadcrumb\"},\"inLanguage\":\"de\",\"potentialAction\":[{\"@type\":\"ReadAction\",\"target\":[\"https:\/\/tourcruiser.com\/de\/products\/nike-phantom-luna-2-elite-metallic-silver-volt\/\"]}]},{\"@type\":\"ImageObject\",\"inLanguage\":\"de\",\"@id\":\"https:\/\/tourcruiser.com\/de\/products\/nike-phantom-luna-2-elite-metallic-silver-volt\/#primaryimage\",\"url\":\"https:\/\/images.novelship.com\/product\/nike_phantom_luna_2_elite__metallic_silver_volt__f_0_45093.jpeg;https:\/\/images.novelship.com\/product\/nike_phantom_luna_2_elite__metallic_silver_volt__f_1_45093.jpeg;https:\/\/images.novelship.com\/product\/nike_phantom_luna_2_elite__metallic_silver_volt__f_2_45093.jpeg;https:\/\/images.novelship.com\/product\/nike_phantom_luna_2_elite__metallic_silver_volt__f_3_45093.jpeg;https:\/\/images.novelship.com\/product\/nike_phantom_luna_2_elite__metallic_silver_volt__f_4_45093.jpeg;https:\/\/images.novelship.com\/product\/nike_phantom_luna_2_elite__metallic_silver_volt__f_5_45093.jpeg;https:\/\/images.novelship.com\/product\/nike_phantom_luna_2_elite__metallic_silver_volt__f_6_45093.jpeg;https:\/\/images.novelship.com\/product\/nike_phantom_luna_2_elite__metallic_silver_volt__f_7_45093.jpeg;https:\/\/images.novelship.com\/product\/nike_phantom_luna_2_elite__metallic_silver_volt__f_8_45093.jpeg;https:\/\/images.novelship.com\/product\/nike_phantom_luna_2_elite__metallic_silver_volt__f_9_45093.jpeg\",\"contentUrl\":\"https:\/\/images.novelship.com\/product\/nike_phantom_luna_2_elite__metallic_silver_volt__f_0_45093.jpeg;https:\/\/images.novelship.com\/product\/nike_phantom_luna_2_elite__metallic_silver_volt__f_1_45093.jpeg;https:\/\/images.novelship.com\/product\/nike_phantom_luna_2_elite__metallic_silver_volt__f_2_45093.jpeg;https:\/\/images.novelship.com\/product\/nike_phantom_luna_2_elite__metallic_silver_volt__f_3_45093.jpeg;https:\/\/images.novelship.com\/product\/nike_phantom_luna_2_elite__metallic_silver_volt__f_4_45093.jpeg;https:\/\/images.novelship.com\/product\/nike_phantom_luna_2_elite__metallic_silver_volt__f_5_45093.jpeg;https:\/\/images.novelship.com\/product\/nike_phantom_luna_2_elite__metallic_silver_volt__f_6_45093.jpeg;https:\/\/images.novelship.com\/product\/nike_phantom_luna_2_elite__metallic_silver_volt__f_7_45093.jpeg;https:\/\/images.novelship.com\/product\/nike_phantom_luna_2_elite__metallic_silver_volt__f_8_45093.jpeg;https:\/\/images.novelship.com\/product\/nike_phantom_luna_2_elite__metallic_silver_volt__f_9_45093.jpeg\"},{\"@type\":\"BreadcrumbList\",\"@id\":\"https:\/\/tourcruiser.com\/de\/products\/nike-phantom-luna-2-elite-metallic-silver-volt\/#breadcrumb\",\"itemListElement\":[{\"@type\":\"ListItem\",\"position\":1,\"name\":\"Home\",\"item\":\"https:\/\/tourcruiser.com\/de\/\"},{\"@type\":\"ListItem\",\"position\":2,\"name\":\"Shop\",\"item\":\"https:\/\/tourcruiser.com\/de\/shop\/\"},{\"@type\":\"ListItem\",\"position\":3,\"name\":\"Nike Phantom Luna 2 Elite 'Metallic Silver Volt'\"}]},{\"@type\":\"WebSite\",\"@id\":\"https:\/\/tourcruiser.com\/de\/#website\",\"url\":\"https:\/\/tourcruiser.com\/de\/\",\"name\":\"Styloral Jewelry Shop\",\"description\":\"Tourcruiser Sneaker Store \u2014 der Ort, an dem das Universum deine Einzigartigkeit trifft.\",\"publisher\":{\"@id\":\"https:\/\/tourcruiser.com\/de\/#organization\"},\"potentialAction\":[{\"@type\":\"SearchAction\",\"target\":{\"@type\":\"EntryPoint\",\"urlTemplate\":\"https:\/\/tourcruiser.com\/de\/?s={search_term_string}\"},\"query-input\":{\"@type\":\"PropertyValueSpecification\",\"valueRequired\":true,\"valueName\":\"search_term_string\"}}],\"inLanguage\":\"de\"},{\"@type\":\"Organization\",\"@id\":\"https:\/\/tourcruiser.com\/de\/#organization\",\"name\":\"STYLORAL PTE. LTD\",\"url\":\"https:\/\/tourcruiser.com\/de\/\",\"logo\":{\"@type\":\"ImageObject\",\"inLanguage\":\"de\",\"@id\":\"https:\/\/tourcruiser.com\/de\/#\/schema\/logo\/image\/\",\"url\":\"https:\/\/www.tourcruiser.com\/wp-content\/uploads\/2025\/12\/logo.png\",\"contentUrl\":\"https:\/\/www.tourcruiser.com\/wp-content\/uploads\/2025\/12\/logo.png\",\"width\":200,\"height\":65,\"caption\":\"STYLORAL PTE. LTD\"},\"image\":{\"@id\":\"https:\/\/tourcruiser.com\/de\/#\/schema\/logo\/image\/\"}}]}<\/script>\n<!-- \/ Yoast SEO plugin. -->","yoast_head_json":{"title":"Nike Phantom Luna 2 Elite 'Metallic Silver Volt'  - Tourcruiser PTE. LTD","robots":{"index":"index","follow":"follow","max-snippet":"max-snippet:-1","max-image-preview":"max-image-preview:large","max-video-preview":"max-video-preview:-1"},"canonical":"https:\/\/tourcruiser.com\/de\/products\/nike-phantom-luna-2-elite-metallic-silver-volt\/","og_locale":"de_DE","og_type":"article","og_title":"Nike Phantom Luna 2 Elite 'Metallic Silver Volt'  - Tourcruiser PTE. LTD","og_description":"Nike Phantom Luna 2 Elite \u201d\u201d Metallic Silver\/Volt\/Black","og_url":"https:\/\/tourcruiser.com\/de\/products\/nike-phantom-luna-2-elite-metallic-silver-volt\/","og_site_name":"Tourcruiser Sneaker Store","article_modified_time":"2026-03-27T18:04:07+00:00","twitter_card":"summary_large_image","twitter_image":"https:\/\/images.novelship.com\/product\/nike_phantom_luna_2_elite__metallic_silver_volt__f_0_45093.jpeg;https:\/\/images.novelship.com\/product\/nike_phantom_luna_2_elite__metallic_silver_volt__f_1_45093.jpeg;https:\/\/images.novelship.com\/product\/nike_phantom_luna_2_elite__metallic_silver_volt__f_2_45093.jpeg;https:\/\/images.novelship.com\/product\/nike_phantom_luna_2_elite__metallic_silver_volt__f_3_45093.jpeg;https:\/\/images.novelship.com\/product\/nike_phantom_luna_2_elite__metallic_silver_volt__f_4_45093.jpeg;https:\/\/images.novelship.com\/product\/nike_phantom_luna_2_elite__metallic_silver_volt__f_5_45093.jpeg;https:\/\/images.novelship.com\/product\/nike_phantom_luna_2_elite__metallic_silver_volt__f_6_45093.jpeg;https:\/\/images.novelship.com\/product\/nike_phantom_luna_2_elite__metallic_silver_volt__f_7_45093.jpeg;https:\/\/images.novelship.com\/product\/nike_phantom_luna_2_elite__metallic_silver_volt__f_8_45093.jpeg;https:\/\/images.novelship.com\/product\/nike_phantom_luna_2_elite__metallic_silver_volt__f_9_45093.jpeg","twitter_misc":{"Gesch\u00e4tzte Lesezeit":"1\u00a0Minute"},"schema":{"@context":"https:\/\/schema.org","@graph":[{"@type":"WebPage","@id":"https:\/\/tourcruiser.com\/de\/products\/nike-phantom-luna-2-elite-metallic-silver-volt\/","url":"https:\/\/tourcruiser.com\/de\/products\/nike-phantom-luna-2-elite-metallic-silver-volt\/","name":"Nike Phantom Luna 2 Elite 'Metallic Silver Volt' - Tourcruiser PTE. LTD","isPartOf":{"@id":"https:\/\/tourcruiser.com\/de\/#website"},"primaryImageOfPage":{"@id":"https:\/\/tourcruiser.com\/de\/products\/nike-phantom-luna-2-elite-metallic-silver-volt\/#primaryimage"},"image":{"@id":"https:\/\/tourcruiser.com\/de\/products\/nike-phantom-luna-2-elite-metallic-silver-volt\/#primaryimage"},"thumbnailUrl":"https:\/\/images.novelship.com\/product\/nike_phantom_luna_2_elite__metallic_silver_volt__f_0_45093.jpeg;https:\/\/images.novelship.com\/product\/nike_phantom_luna_2_elite__metallic_silver_volt__f_1_45093.jpeg;https:\/\/images.novelship.com\/product\/nike_phantom_luna_2_elite__metallic_silver_volt__f_2_45093.jpeg;https:\/\/images.novelship.com\/product\/nike_phantom_luna_2_elite__metallic_silver_volt__f_3_45093.jpeg;https:\/\/images.novelship.com\/product\/nike_phantom_luna_2_elite__metallic_silver_volt__f_4_45093.jpeg;https:\/\/images.novelship.com\/product\/nike_phantom_luna_2_elite__metallic_silver_volt__f_5_45093.jpeg;https:\/\/images.novelship.com\/product\/nike_phantom_luna_2_elite__metallic_silver_volt__f_6_45093.jpeg;https:\/\/images.novelship.com\/product\/nike_phantom_luna_2_elite__metallic_silver_volt__f_7_45093.jpeg;https:\/\/images.novelship.com\/product\/nike_phantom_luna_2_elite__metallic_silver_volt__f_8_45093.jpeg;https:\/\/images.novelship.com\/product\/nike_phantom_luna_2_elite__metallic_silver_volt__f_9_45093.jpeg","datePublished":"2026-03-02T08:18:45+00:00","dateModified":"2026-03-27T18:04:07+00:00","breadcrumb":{"@id":"https:\/\/tourcruiser.com\/de\/products\/nike-phantom-luna-2-elite-metallic-silver-volt\/#breadcrumb"},"inLanguage":"de","potentialAction":[{"@type":"ReadAction","target":["https:\/\/tourcruiser.com\/de\/products\/nike-phantom-luna-2-elite-metallic-silver-volt\/"]}]},{"@type":"ImageObject","inLanguage":"de","@id":"https:\/\/tourcruiser.com\/de\/products\/nike-phantom-luna-2-elite-metallic-silver-volt\/#primaryimage","url":"https:\/\/images.novelship.com\/product\/nike_phantom_luna_2_elite__metallic_silver_volt__f_0_45093.jpeg;https:\/\/images.novelship.com\/product\/nike_phantom_luna_2_elite__metallic_silver_volt__f_1_45093.jpeg;https:\/\/images.novelship.com\/product\/nike_phantom_luna_2_elite__metallic_silver_volt__f_2_45093.jpeg;https:\/\/images.novelship.com\/product\/nike_phantom_luna_2_elite__metallic_silver_volt__f_3_45093.jpeg;https:\/\/images.novelship.com\/product\/nike_phantom_luna_2_elite__metallic_silver_volt__f_4_45093.jpeg;https:\/\/images.novelship.com\/product\/nike_phantom_luna_2_elite__metallic_silver_volt__f_5_45093.jpeg;https:\/\/images.novelship.com\/product\/nike_phantom_luna_2_elite__metallic_silver_volt__f_6_45093.jpeg;https:\/\/images.novelship.com\/product\/nike_phantom_luna_2_elite__metallic_silver_volt__f_7_45093.jpeg;https:\/\/images.novelship.com\/product\/nike_phantom_luna_2_elite__metallic_silver_volt__f_8_45093.jpeg;https:\/\/images.novelship.com\/product\/nike_phantom_luna_2_elite__metallic_silver_volt__f_9_45093.jpeg","contentUrl":"https:\/\/images.novelship.com\/product\/nike_phantom_luna_2_elite__metallic_silver_volt__f_0_45093.jpeg;https:\/\/images.novelship.com\/product\/nike_phantom_luna_2_elite__metallic_silver_volt__f_1_45093.jpeg;https:\/\/images.novelship.com\/product\/nike_phantom_luna_2_elite__metallic_silver_volt__f_2_45093.jpeg;https:\/\/images.novelship.com\/product\/nike_phantom_luna_2_elite__metallic_silver_volt__f_3_45093.jpeg;https:\/\/images.novelship.com\/product\/nike_phantom_luna_2_elite__metallic_silver_volt__f_4_45093.jpeg;https:\/\/images.novelship.com\/product\/nike_phantom_luna_2_elite__metallic_silver_volt__f_5_45093.jpeg;https:\/\/images.novelship.com\/product\/nike_phantom_luna_2_elite__metallic_silver_volt__f_6_45093.jpeg;https:\/\/images.novelship.com\/product\/nike_phantom_luna_2_elite__metallic_silver_volt__f_7_45093.jpeg;https:\/\/images.novelship.com\/product\/nike_phantom_luna_2_elite__metallic_silver_volt__f_8_45093.jpeg;https:\/\/images.novelship.com\/product\/nike_phantom_luna_2_elite__metallic_silver_volt__f_9_45093.jpeg"},{"@type":"BreadcrumbList","@id":"https:\/\/tourcruiser.com\/de\/products\/nike-phantom-luna-2-elite-metallic-silver-volt\/#breadcrumb","itemListElement":[{"@type":"ListItem","position":1,"name":"Home","item":"https:\/\/tourcruiser.com\/de\/"},{"@type":"ListItem","position":2,"name":"Shop","item":"https:\/\/tourcruiser.com\/de\/shop\/"},{"@type":"ListItem","position":3,"name":"Nike Phantom Luna 2 Elite 'Metallic Silver Volt'"}]},{"@type":"WebSite","@id":"https:\/\/tourcruiser.com\/de\/#website","url":"https:\/\/tourcruiser.com\/de\/","name":"Styloral Jewelry Shop","description":"Tourcruiser Sneaker Store \u2014 der Ort, an dem das Universum deine Einzigartigkeit trifft.","publisher":{"@id":"https:\/\/tourcruiser.com\/de\/#organization"},"potentialAction":[{"@type":"SearchAction","target":{"@type":"EntryPoint","urlTemplate":"https:\/\/tourcruiser.com\/de\/?s={search_term_string}"},"query-input":{"@type":"PropertyValueSpecification","valueRequired":true,"valueName":"search_term_string"}}],"inLanguage":"de"},{"@type":"Organization","@id":"https:\/\/tourcruiser.com\/de\/#organization","name":"STYLORAL PTE. LTD","url":"https:\/\/tourcruiser.com\/de\/","logo":{"@type":"ImageObject","inLanguage":"de","@id":"https:\/\/tourcruiser.com\/de\/#\/schema\/logo\/image\/","url":"https:\/\/www.tourcruiser.com\/wp-content\/uploads\/2025\/12\/logo.png","contentUrl":"https:\/\/www.tourcruiser.com\/wp-content\/uploads\/2025\/12\/logo.png","width":200,"height":65,"caption":"STYLORAL PTE. LTD"},"image":{"@id":"https:\/\/tourcruiser.com\/de\/#\/schema\/logo\/image\/"}}]}},"_links":{"self":[{"href":"https:\/\/tourcruiser.com\/de\/wp-json\/wp\/v2\/product\/57411","targetHints":{"allow":["GET"]}}],"collection":[{"href":"https:\/\/tourcruiser.com\/de\/wp-json\/wp\/v2\/product"}],"about":[{"href":"https:\/\/tourcruiser.com\/de\/wp-json\/wp\/v2\/types\/product"}],"replies":[{"embeddable":true,"href":"https:\/\/tourcruiser.com\/de\/wp-json\/wp\/v2\/comments?post=57411"}],"wp:featuredmedia":[{"embeddable":true,"href":"https:\/\/tourcruiser.com\/de\/wp-json\/wp\/v2\/media\/57412"}],"wp:attachment":[{"href":"https:\/\/tourcruiser.com\/de\/wp-json\/wp\/v2\/media?parent=57411"}],"wp:term":[{"taxonomy":"product_brand","embeddable":true,"href":"https:\/\/tourcruiser.com\/de\/wp-json\/wp\/v2\/product_brand?post=57411"},{"taxonomy":"product_cat","embeddable":true,"href":"https:\/\/tourcruiser.com\/de\/wp-json\/wp\/v2\/product_cat?post=57411"},{"taxonomy":"product_tag","embeddable":true,"href":"https:\/\/tourcruiser.com\/de\/wp-json\/wp\/v2\/product_tag?post=57411"}],"curies":[{"name":"wp","href":"https:\/\/api.w.org\/{rel}","templated":true}]}}