{"id":57106,"date":"2026-03-02T15:18:20","date_gmt":"2026-03-02T08:18:20","guid":{"rendered":"http:\/\/tourcruiser.com\/product\/hoka-arahi-7-2e-wide-blanc-de-blanc-steel-wool"},"modified":"2026-03-28T01:03:49","modified_gmt":"2026-03-27T18:03:49","slug":"hoka-arahi-7-2e-wide-blanc-de-blanc-steel-wool","status":"publish","type":"product","link":"https:\/\/tourcruiser.com\/de\/products\/hoka-arahi-7-2e-wide-blanc-de-blanc-steel-wool\/","title":{"rendered":"HOKA Arahi 7 2E Wide &#8218;Blanc De Blanc Steel Wool&#8216;"},"content":{"rendered":"<p>Erleben Sie unvergleichlichen Komfort und Stabilit\u00e4t mit dem HOKA Arahi 7 2E Wide \u201eBlanc De Blanc Steel Wool\u201c. Dieser Laufschuh wurde f\u00fcr L\u00e4ufer entwickelt, die einen st\u00fctzenden und gleichzeitig leichten Schuh suchen. Sein breiteres Design bietet Platz f\u00fcr breitere F\u00fc\u00dfe, w\u00e4hrend die J-Frame-Mittelsohle den Mittelfu\u00dfbereich st\u00fctzt und \u00dcberpronation reduziert. Die weiche Schaumstoffd\u00e4mpfung und das atmungsaktive Mesh-Obermaterial sorgen f\u00fcr ein komfortables und reaktionsfreudiges Laufgef\u00fchl. Damit ist dieser Schuh perfekt f\u00fcr lange L\u00e4ufe und den Alltag.<\/p>\n<p>Style-Code: 1147870-BDBSW<\/p>\n<p>Obermaterial: Strick<\/p>\n<p>Mittelsohle: EVA<\/p>\n<p>Erscheinungsjahr: 2023<\/p>\n","protected":false},"excerpt":{"rendered":"<p>HOKA Arahi 7 2E Wide &#8218;Blanc De Blanc Steel Wool&#8216;<\/p>\n","protected":false},"featured_media":57107,"comment_status":"open","ping_status":"closed","template":"","meta":[],"product_brand":[],"product_cat":[11495],"product_tag":[10753,11494,10802,10840,12149,10758,11692],"class_list":{"0":"post-57106","1":"product","2":"type-product","3":"status-publish","4":"has-post-thumbnail","6":"product_cat-hoka","7":"product_tag-gift-for-him","8":"product_tag-hoka","9":"product_tag-performance-sport-shoes","10":"product_tag-running-shoes","11":"product_tag-stability-overpronation-running-shoes","12":"product_tag-under-retail","13":"product_tag-wide-running-shoes","14":"wcpa_has_options","16":"first","17":"outofstock","18":"sale","19":"taxable","20":"shipping-taxable","21":"purchasable","22":"product-type-simple"},"wcpa_form_fields":{"rules":{"pric_overide_base_price":false,"pric_overide_base_price_if_gt_zero":false,"pric_overide_base_price_fully":false,"pric_cal_option_once":false,"pric_use_as_fee":false,"bind_quantity":false,"quantity_bind_formula":false},"fields":[{"type":"color-group","required":true,"elementId":"wcpa-color-group-69a5afd8a7cca","label":"Gr\u00f6\u00dfe","inline":true,"priceOptions":"different_for_all","pricingType":"fixed","className":"hassizechart product-shoes-size-eu product-shoes-size","name":"color-group-69a5afd8a7cd3","disp_type":"square","selection_type":"tick-border","disp_size":"50","show_label_inside":true,"adjust_width":true,"cart_display_type":"text","other_text":"Other","cl_rule":"show","col":6,"values":[{"label":"35 1\/3","value":"EU 35 1\/3","price":"","pimage":"","pimage_id":"","pthumb":"","color":""},{"label":"36","value":"EU 36","price":"","pimage":"","pimage_id":"","pthumb":"","color":""},{"label":"36 2\/3","value":"EU 36 2\/3","price":"","pimage":"","pimage_id":"","pthumb":"","color":""},{"label":"37 1\/3","value":"EU 37 1\/3","price":"","pimage":"","pimage_id":"","pthumb":"","color":"","selected":true},{"label":"38","value":"EU 38","price":"","pimage":"","pimage_id":"","pthumb":"","color":""},{"label":"38 2\/3","value":"EU 38 2\/3","price":"","pimage":"","pimage_id":"","pthumb":"","color":""},{"label":"39 1\/3","value":"EU 39 1\/3","price":"","pimage":"","pimage_id":"","pthumb":"","color":""},{"label":"39.5","value":"EU 39.5","price":"","pimage":"","pimage_id":"","pthumb":"","color":""},{"label":"40","value":"EU 40","price":"","pimage":"","pimage_id":"","pthumb":"","color":""},{"label":"40 2\/3","value":"EU 40  2\/3","price":"","pimage":"","pimage_id":"","pthumb":"","color":""},{"label":" 41 1\/3","value":"EU 41.5","price":"","pimage":"","pimage_id":"","pthumb":"","color":""},{"label":"42","value":"EU 42","price":"","pimage":"","pimage_id":"","pthumb":"","color":""},{"label":"42 2\/3","value":"EU 42 2\/3","price":"","pimage":"","pimage_id":"","pthumb":"","color":""},{"label":"43 1\/3","value":"EU 43 1\/3","price":"","pimage":"","pimage_id":"","pthumb":"","color":""},{"label":"44","value":"EU 44","price":"","pimage":"","pimage_id":"","pthumb":"","color":""},{"label":"44 2\/3","value":"EU 44 2\/3","price":"","pimage":"","pimage_id":"","pthumb":"","color":""},{"label":"45 1\/3","value":"EU 45 1\/3","price":"","pimage":"","pimage_id":"","pthumb":"","color":""}],"relations":[{"operator":false,"rules":[]}],"form_id":184317,"form_rules":{"pric_cal_option_once":false,"exclude_from_discount":false,"pric_use_as_fee":false,"fee_label":"Fee","render_after_acb":false,"disp_hide_options_price":false}}]},"yoast_head":"<!-- This site is optimized with the Yoast SEO plugin v26.5 - https:\/\/yoast.com\/wordpress\/plugins\/seo\/ -->\n<title>HOKA Arahi 7 2E Wide &#039;Blanc De Blanc Steel Wool&#039;  - Tourcruiser PTE. LTD<\/title>\n<meta name=\"robots\" content=\"index, follow, max-snippet:-1, max-image-preview:large, max-video-preview:-1\" \/>\n<link rel=\"canonical\" href=\"https:\/\/tourcruiser.com\/\" \/>\n<meta property=\"og:locale\" content=\"de_DE\" \/>\n<meta property=\"og:type\" content=\"article\" \/>\n<meta property=\"og:title\" content=\"HOKA Arahi 7 2E Wide &#039;Blanc De Blanc Steel Wool&#039;  - Tourcruiser PTE. LTD\" \/>\n<meta property=\"og:description\" content=\"HOKA Arahi 7 2E Wide &#039;Blanc De Blanc Steel Wool&#039;\" \/>\n<meta property=\"og:url\" content=\"\/\" \/>\n<meta property=\"og:site_name\" content=\"Tourcruiser Sneaker Store\" \/>\n<meta property=\"article:modified_time\" content=\"2026-03-27T18:03:49+00:00\" \/>\n<meta name=\"twitter:card\" content=\"summary_large_image\" \/>\n<meta name=\"twitter:image\" content=\"https:\/\/images.novelship.com\/product\/hoka_arahi_7_2e_wide__blanc_de_blanc_steel_wool__1_0_76411.jpeg;https:\/\/images.novelship.com\/product\/hoka_arahi_7_2e_wide__blanc_de_blanc_steel_wool__1_1_76411.jpeg;https:\/\/images.novelship.com\/product\/hoka_arahi_7_2e_wide__blanc_de_blanc_steel_wool__1_2_76412.jpeg;https:\/\/images.novelship.com\/product\/hoka_arahi_7_2e_wide__blanc_de_blanc_steel_wool__1_3_76412.jpeg;https:\/\/images.novelship.com\/product\/hoka_arahi_7_2e_wide__blanc_de_blanc_steel_wool__1_4_76412.jpeg\" \/>\n<script type=\"application\/ld+json\" class=\"yoast-schema-graph\">{\"@context\":\"https:\/\/schema.org\",\"@graph\":[{\"@type\":\"WebPage\",\"@id\":\"\/\",\"url\":\"https:\/\/tourcruiser.com\/\",\"name\":\"HOKA Arahi 7 2E Wide 'Blanc De Blanc Steel Wool' - Tourcruiser PTE. LTD\",\"isPartOf\":{\"@id\":\"https:\/\/tourcruiser.com\/de\/#website\"},\"primaryImageOfPage\":{\"@id\":\"https:\/\/tourcruiser.com\/#primaryimage\"},\"image\":{\"@id\":\"https:\/\/tourcruiser.com\/#primaryimage\"},\"thumbnailUrl\":\"https:\/\/images.novelship.com\/product\/hoka_arahi_7_2e_wide__blanc_de_blanc_steel_wool__1_0_76411.jpeg;https:\/\/images.novelship.com\/product\/hoka_arahi_7_2e_wide__blanc_de_blanc_steel_wool__1_1_76411.jpeg;https:\/\/images.novelship.com\/product\/hoka_arahi_7_2e_wide__blanc_de_blanc_steel_wool__1_2_76412.jpeg;https:\/\/images.novelship.com\/product\/hoka_arahi_7_2e_wide__blanc_de_blanc_steel_wool__1_3_76412.jpeg;https:\/\/images.novelship.com\/product\/hoka_arahi_7_2e_wide__blanc_de_blanc_steel_wool__1_4_76412.jpeg\",\"datePublished\":\"2026-03-02T08:18:20+00:00\",\"dateModified\":\"2026-03-27T18:03:49+00:00\",\"breadcrumb\":{\"@id\":\"https:\/\/tourcruiser.com\/#breadcrumb\"},\"inLanguage\":\"de\",\"potentialAction\":[{\"@type\":\"ReadAction\",\"target\":[\"https:\/\/tourcruiser.com\/\"]}]},{\"@type\":\"ImageObject\",\"inLanguage\":\"de\",\"@id\":\"https:\/\/tourcruiser.com\/#primaryimage\",\"url\":\"https:\/\/images.novelship.com\/product\/hoka_arahi_7_2e_wide__blanc_de_blanc_steel_wool__1_0_76411.jpeg;https:\/\/images.novelship.com\/product\/hoka_arahi_7_2e_wide__blanc_de_blanc_steel_wool__1_1_76411.jpeg;https:\/\/images.novelship.com\/product\/hoka_arahi_7_2e_wide__blanc_de_blanc_steel_wool__1_2_76412.jpeg;https:\/\/images.novelship.com\/product\/hoka_arahi_7_2e_wide__blanc_de_blanc_steel_wool__1_3_76412.jpeg;https:\/\/images.novelship.com\/product\/hoka_arahi_7_2e_wide__blanc_de_blanc_steel_wool__1_4_76412.jpeg\",\"contentUrl\":\"https:\/\/images.novelship.com\/product\/hoka_arahi_7_2e_wide__blanc_de_blanc_steel_wool__1_0_76411.jpeg;https:\/\/images.novelship.com\/product\/hoka_arahi_7_2e_wide__blanc_de_blanc_steel_wool__1_1_76411.jpeg;https:\/\/images.novelship.com\/product\/hoka_arahi_7_2e_wide__blanc_de_blanc_steel_wool__1_2_76412.jpeg;https:\/\/images.novelship.com\/product\/hoka_arahi_7_2e_wide__blanc_de_blanc_steel_wool__1_3_76412.jpeg;https:\/\/images.novelship.com\/product\/hoka_arahi_7_2e_wide__blanc_de_blanc_steel_wool__1_4_76412.jpeg\"},{\"@type\":\"BreadcrumbList\",\"@id\":\"https:\/\/tourcruiser.com\/#breadcrumb\",\"itemListElement\":[{\"@type\":\"ListItem\",\"position\":1,\"name\":\"Home\",\"item\":\"https:\/\/tourcruiser.com\/de\/\"},{\"@type\":\"ListItem\",\"position\":2,\"name\":\"Shop\",\"item\":\"https:\/\/tourcruiser.com\/de\/shop\/\"},{\"@type\":\"ListItem\",\"position\":3,\"name\":\"HOKA Arahi 7 2E Wide &#8218;Blanc De Blanc Steel Wool&#8216;\"}]},{\"@type\":\"WebSite\",\"@id\":\"https:\/\/tourcruiser.com\/de\/#website\",\"url\":\"https:\/\/tourcruiser.com\/de\/\",\"name\":\"Styloral Jewelry Shop\",\"description\":\"Tourcruiser Sneaker Store \u2014 der Ort, an dem das Universum deine Einzigartigkeit trifft.\",\"publisher\":{\"@id\":\"https:\/\/tourcruiser.com\/de\/#organization\"},\"potentialAction\":[{\"@type\":\"SearchAction\",\"target\":{\"@type\":\"EntryPoint\",\"urlTemplate\":\"https:\/\/tourcruiser.com\/de\/?s={search_term_string}\"},\"query-input\":{\"@type\":\"PropertyValueSpecification\",\"valueRequired\":true,\"valueName\":\"search_term_string\"}}],\"inLanguage\":\"de\"},{\"@type\":\"Organization\",\"@id\":\"https:\/\/tourcruiser.com\/de\/#organization\",\"name\":\"STYLORAL PTE. LTD\",\"url\":\"https:\/\/tourcruiser.com\/de\/\",\"logo\":{\"@type\":\"ImageObject\",\"inLanguage\":\"de\",\"@id\":\"https:\/\/tourcruiser.com\/de\/#\/schema\/logo\/image\/\",\"url\":\"https:\/\/www.tourcruiser.com\/wp-content\/uploads\/2025\/12\/logo.png\",\"contentUrl\":\"https:\/\/www.tourcruiser.com\/wp-content\/uploads\/2025\/12\/logo.png\",\"width\":200,\"height\":65,\"caption\":\"STYLORAL PTE. LTD\"},\"image\":{\"@id\":\"https:\/\/tourcruiser.com\/de\/#\/schema\/logo\/image\/\"}}]}<\/script>\n<!-- \/ Yoast SEO plugin. -->","yoast_head_json":{"title":"HOKA Arahi 7 2E Wide 'Blanc De Blanc Steel Wool'  - Tourcruiser PTE. LTD","robots":{"index":"index","follow":"follow","max-snippet":"max-snippet:-1","max-image-preview":"max-image-preview:large","max-video-preview":"max-video-preview:-1"},"canonical":"https:\/\/tourcruiser.com\/","og_locale":"de_DE","og_type":"article","og_title":"HOKA Arahi 7 2E Wide 'Blanc De Blanc Steel Wool'  - Tourcruiser PTE. LTD","og_description":"HOKA Arahi 7 2E Wide 'Blanc De Blanc Steel Wool'","og_url":"\/","og_site_name":"Tourcruiser Sneaker Store","article_modified_time":"2026-03-27T18:03:49+00:00","twitter_card":"summary_large_image","twitter_image":"https:\/\/images.novelship.com\/product\/hoka_arahi_7_2e_wide__blanc_de_blanc_steel_wool__1_0_76411.jpeg;https:\/\/images.novelship.com\/product\/hoka_arahi_7_2e_wide__blanc_de_blanc_steel_wool__1_1_76411.jpeg;https:\/\/images.novelship.com\/product\/hoka_arahi_7_2e_wide__blanc_de_blanc_steel_wool__1_2_76412.jpeg;https:\/\/images.novelship.com\/product\/hoka_arahi_7_2e_wide__blanc_de_blanc_steel_wool__1_3_76412.jpeg;https:\/\/images.novelship.com\/product\/hoka_arahi_7_2e_wide__blanc_de_blanc_steel_wool__1_4_76412.jpeg","schema":{"@context":"https:\/\/schema.org","@graph":[{"@type":"WebPage","@id":"\/","url":"https:\/\/tourcruiser.com\/","name":"HOKA Arahi 7 2E Wide 'Blanc De Blanc Steel Wool' - Tourcruiser PTE. LTD","isPartOf":{"@id":"https:\/\/tourcruiser.com\/de\/#website"},"primaryImageOfPage":{"@id":"https:\/\/tourcruiser.com\/#primaryimage"},"image":{"@id":"https:\/\/tourcruiser.com\/#primaryimage"},"thumbnailUrl":"https:\/\/images.novelship.com\/product\/hoka_arahi_7_2e_wide__blanc_de_blanc_steel_wool__1_0_76411.jpeg;https:\/\/images.novelship.com\/product\/hoka_arahi_7_2e_wide__blanc_de_blanc_steel_wool__1_1_76411.jpeg;https:\/\/images.novelship.com\/product\/hoka_arahi_7_2e_wide__blanc_de_blanc_steel_wool__1_2_76412.jpeg;https:\/\/images.novelship.com\/product\/hoka_arahi_7_2e_wide__blanc_de_blanc_steel_wool__1_3_76412.jpeg;https:\/\/images.novelship.com\/product\/hoka_arahi_7_2e_wide__blanc_de_blanc_steel_wool__1_4_76412.jpeg","datePublished":"2026-03-02T08:18:20+00:00","dateModified":"2026-03-27T18:03:49+00:00","breadcrumb":{"@id":"https:\/\/tourcruiser.com\/#breadcrumb"},"inLanguage":"de","potentialAction":[{"@type":"ReadAction","target":["https:\/\/tourcruiser.com\/"]}]},{"@type":"ImageObject","inLanguage":"de","@id":"https:\/\/tourcruiser.com\/#primaryimage","url":"https:\/\/images.novelship.com\/product\/hoka_arahi_7_2e_wide__blanc_de_blanc_steel_wool__1_0_76411.jpeg;https:\/\/images.novelship.com\/product\/hoka_arahi_7_2e_wide__blanc_de_blanc_steel_wool__1_1_76411.jpeg;https:\/\/images.novelship.com\/product\/hoka_arahi_7_2e_wide__blanc_de_blanc_steel_wool__1_2_76412.jpeg;https:\/\/images.novelship.com\/product\/hoka_arahi_7_2e_wide__blanc_de_blanc_steel_wool__1_3_76412.jpeg;https:\/\/images.novelship.com\/product\/hoka_arahi_7_2e_wide__blanc_de_blanc_steel_wool__1_4_76412.jpeg","contentUrl":"https:\/\/images.novelship.com\/product\/hoka_arahi_7_2e_wide__blanc_de_blanc_steel_wool__1_0_76411.jpeg;https:\/\/images.novelship.com\/product\/hoka_arahi_7_2e_wide__blanc_de_blanc_steel_wool__1_1_76411.jpeg;https:\/\/images.novelship.com\/product\/hoka_arahi_7_2e_wide__blanc_de_blanc_steel_wool__1_2_76412.jpeg;https:\/\/images.novelship.com\/product\/hoka_arahi_7_2e_wide__blanc_de_blanc_steel_wool__1_3_76412.jpeg;https:\/\/images.novelship.com\/product\/hoka_arahi_7_2e_wide__blanc_de_blanc_steel_wool__1_4_76412.jpeg"},{"@type":"BreadcrumbList","@id":"https:\/\/tourcruiser.com\/#breadcrumb","itemListElement":[{"@type":"ListItem","position":1,"name":"Home","item":"https:\/\/tourcruiser.com\/de\/"},{"@type":"ListItem","position":2,"name":"Shop","item":"https:\/\/tourcruiser.com\/de\/shop\/"},{"@type":"ListItem","position":3,"name":"HOKA Arahi 7 2E Wide &#8218;Blanc De Blanc Steel Wool&#8216;"}]},{"@type":"WebSite","@id":"https:\/\/tourcruiser.com\/de\/#website","url":"https:\/\/tourcruiser.com\/de\/","name":"Styloral Jewelry Shop","description":"Tourcruiser Sneaker Store \u2014 der Ort, an dem das Universum deine Einzigartigkeit trifft.","publisher":{"@id":"https:\/\/tourcruiser.com\/de\/#organization"},"potentialAction":[{"@type":"SearchAction","target":{"@type":"EntryPoint","urlTemplate":"https:\/\/tourcruiser.com\/de\/?s={search_term_string}"},"query-input":{"@type":"PropertyValueSpecification","valueRequired":true,"valueName":"search_term_string"}}],"inLanguage":"de"},{"@type":"Organization","@id":"https:\/\/tourcruiser.com\/de\/#organization","name":"STYLORAL PTE. LTD","url":"https:\/\/tourcruiser.com\/de\/","logo":{"@type":"ImageObject","inLanguage":"de","@id":"https:\/\/tourcruiser.com\/de\/#\/schema\/logo\/image\/","url":"https:\/\/www.tourcruiser.com\/wp-content\/uploads\/2025\/12\/logo.png","contentUrl":"https:\/\/www.tourcruiser.com\/wp-content\/uploads\/2025\/12\/logo.png","width":200,"height":65,"caption":"STYLORAL PTE. LTD"},"image":{"@id":"https:\/\/tourcruiser.com\/de\/#\/schema\/logo\/image\/"}}]}},"_links":{"self":[{"href":"https:\/\/tourcruiser.com\/de\/wp-json\/wp\/v2\/product\/57106","targetHints":{"allow":["GET"]}}],"collection":[{"href":"https:\/\/tourcruiser.com\/de\/wp-json\/wp\/v2\/product"}],"about":[{"href":"https:\/\/tourcruiser.com\/de\/wp-json\/wp\/v2\/types\/product"}],"replies":[{"embeddable":true,"href":"https:\/\/tourcruiser.com\/de\/wp-json\/wp\/v2\/comments?post=57106"}],"wp:featuredmedia":[{"embeddable":true,"href":"https:\/\/tourcruiser.com\/de\/wp-json\/wp\/v2\/media\/57107"}],"wp:attachment":[{"href":"https:\/\/tourcruiser.com\/de\/wp-json\/wp\/v2\/media?parent=57106"}],"wp:term":[{"taxonomy":"product_brand","embeddable":true,"href":"https:\/\/tourcruiser.com\/de\/wp-json\/wp\/v2\/product_brand?post=57106"},{"taxonomy":"product_cat","embeddable":true,"href":"https:\/\/tourcruiser.com\/de\/wp-json\/wp\/v2\/product_cat?post=57106"},{"taxonomy":"product_tag","embeddable":true,"href":"https:\/\/tourcruiser.com\/de\/wp-json\/wp\/v2\/product_tag?post=57106"}],"curies":[{"name":"wp","href":"https:\/\/api.w.org\/{rel}","templated":true}]}}