{"id":56884,"date":"2026-03-02T15:17:59","date_gmt":"2026-03-02T08:17:59","guid":{"rendered":"http:\/\/tourcruiser.com\/product\/nike-air-max-excee-dark-smoke-grey-black-racer-blue"},"modified":"2026-03-28T01:03:37","modified_gmt":"2026-03-27T18:03:37","slug":"nike-air-max-excee-dark-smoke-grey-black-racer-blue","status":"publish","type":"product","link":"https:\/\/tourcruiser.com\/de\/products\/nike-air-max-excee-dark-smoke-grey-black-racer-blue\/","title":{"rendered":"Nike Air Max Excee &#8218;Dark Smoke Grey Black Racer Blue&#8216;"},"content":{"rendered":"<p>Mit dem Nike Air Max Excee FZ5486-001, einer modernen Hommage an den legend\u00e4ren Air Max 90, die Retro-Design mit innovativer Technologie vereint, verleihst du deinem Style und Komfort ein Upgrade. Dank seiner eleganten Farbpalette in Schwarz und neutralen T\u00f6nen ist dieser Sneaker so vielseitig, dass er zu jedem Outfit passt und sich perfekt f\u00fcr Freizeit, Workouts oder Streetwear-Looks eignet.<\/p>\n<p>Das Obermaterial aus hochwertigen Materialien kombiniert atmungsaktives Mesh, strapazierf\u00e4hige Synthetik-Overlays und weiche Wildlederelemente und garantiert so Langlebigkeit und eine erstklassige Optik. Das sichtbare Max Air-Element in der Ferse ist ein besonderes Highlight des Schuhs und sorgt f\u00fcr au\u00dfergew\u00f6hnliche D\u00e4mpfung und leichten Halt f\u00fcr ganzt\u00e4gigen Tragekomfort. Die Schaumstoff-Mittelsohle arbeitet mit der Air Max-Technologie zusammen und erm\u00f6glicht ein geschmeidiges und reaktionsfreudiges Laufgef\u00fchl.<\/p>\n<p>Ein einzigartiger Mix aus Texturen und verl\u00e4ngerten Designlinien verleiht der klassischen Silhouette einen modernen Touch, w\u00e4hrend die Gummiau\u00dfensohle f\u00fcr optimale Traktion und Strapazierf\u00e4higkeit auf verschiedenen Untergr\u00fcnden sorgt. Egal ob Sportler, Sneaker-Fan oder jemand, der Wert auf Stil und Funktion legt: Der Nike Air Max Excee FZ5486-001 ist die perfekte Wahl f\u00fcr alle, die unterwegs auffallen und gleichzeitig bequem unterwegs sein wollen. Erfinde deine Alltagsschuhe neu mit diesem zeitlosen und innovativen Design.<\/p>\n<ul>\n<li><strong>Farbgebung:<\/strong> Dunkelgrau\/Schwarz\/Rennblau\/Wei\u00df<\/li>\n<li><strong>Style-Code:<\/strong> FZ5486-001<\/li>\n<li><strong>Obermaterial:<\/strong> Mesh<\/li>\n<li><strong>Mittelsohle:<\/strong> Air<\/li>\n<li><strong>Farbe:<\/strong> Schwarz<\/li>\n<\/ul>\n","protected":false},"excerpt":{"rendered":"<p>Nike Air Max Excee \u201d\u201d Dark Smoke Grey\/Black\/Racer Blue\/Summit White<\/p>\n","protected":false},"featured_media":56885,"comment_status":"open","ping_status":"closed","template":"","meta":[],"product_brand":[],"product_cat":[10803],"product_tag":[10750,10754,10765,10801,10768,10758],"class_list":{"0":"post-56884","1":"product","2":"type-product","3":"status-publish","4":"has-post-thumbnail","6":"product_cat-nike","7":"product_tag-athleisure-shoes","8":"product_tag-lifestyle-casual-shoes","9":"product_tag-lifestyle-shoes-running-inspired","10":"product_tag-nike","11":"product_tag-retro-running-shoes","12":"product_tag-under-retail","13":"wcpa_has_options","15":"first","16":"outofstock","17":"taxable","18":"shipping-taxable","19":"purchasable","20":"product-type-simple"},"wcpa_form_fields":{"rules":{"pric_overide_base_price":false,"pric_overide_base_price_if_gt_zero":false,"pric_overide_base_price_fully":false,"pric_cal_option_once":false,"pric_use_as_fee":false,"bind_quantity":false,"quantity_bind_formula":false},"fields":[{"type":"color-group","required":true,"elementId":"wcpa-color-group-66c4a75505e74","label":"Gr\u00f6\u00dfe - EU Gr\u00f6\u00dfe","inline":true,"priceOptions":"different_for_all","pricingType":"fixed","className":"hassizechart product-shoes-size-eu product-shoes-size","name":"color-group-66c4a75505e89","disp_type":"square","selection_type":"tick-border","disp_size":"44","show_label_inside":true,"adjust_width":true,"cart_display_type":"text","other_text":"Other","cl_rule":"show","col":6,"values":[{"label":"35.5","value":"EU 35.5","price":"","pimage":"","pimage_id":"","pthumb":"","color":""},{"label":"36","value":"EU 36","price":"","pimage":"","pimage_id":"","pthumb":"","color":"","selected":true},{"label":"36.5","value":"EU 36.5","price":"","pimage":"","pimage_id":"","pthumb":"","color":""},{"label":"37.5","value":"EU 37.5","price":"","pimage":"","pimage_id":"","pthumb":"","color":""},{"label":"38","value":"EU 38","price":"","pimage":"","pimage_id":"","pthumb":"","color":""},{"label":"38.5","value":"EU 38.5","price":"","pimage":"","pimage_id":"","pthumb":"","color":""},{"label":"39","value":"EU 39","price":"","pimage":"","pimage_id":"","pthumb":"","color":""},{"label":"40","value":"EU 40","price":"","pimage":"","pimage_id":"","pthumb":"","color":""},{"label":"40.5","value":"EU 40.5","price":"","pimage":"","pimage_id":"","pthumb":"","color":""},{"label":"41","value":"EU 41","price":"","pimage":"","pimage_id":"","pthumb":"","color":""},{"label":"42","value":"EU 42","price":"","pimage":"","pimage_id":"","pthumb":"","color":""},{"label":"42.5","value":"EU 42.5","price":"","pimage":"","pimage_id":"","pthumb":"","color":""},{"label":"43","value":"EU 43","price":"","pimage":"","pimage_id":"","pthumb":"","color":""},{"label":"44","value":"EU 44","price":"","pimage":"","pimage_id":"","pthumb":"","color":""},{"label":"44.5","value":"EU 44.5","price":"","pimage":"","pimage_id":"","pthumb":"","color":""},{"label":"45","value":"EU 45","price":"","pimage":"","pimage_id":"","pthumb":"","color":""},{"label":"45.5","value":"EU 45.5","price":"","pimage":"","pimage_id":"","pthumb":"","color":""},{"label":"46","value":"EU 46","price":"","pimage":"","pimage_id":"","pthumb":"","color":""},{"label":"47","value":"EU 47","price":"","pimage":"","pimage_id":"","pthumb":"","color":""},{"label":"47.5","value":"EU 47.5","price":"","pimage":"","pimage_id":"","pthumb":"","color":""},{"label":"48","value":"EU 48","price":"","pimage":"","pimage_id":"","pthumb":"","color":""}],"relations":[{"operator":false,"rules":[]}],"form_id":18106,"form_rules":{"pric_cal_option_once":false,"exclude_from_discount":false,"pric_use_as_fee":false,"fee_label":"Fee","render_after_acb":false,"disp_hide_options_price":false}}]},"yoast_head":"<!-- This site is optimized with the Yoast SEO plugin v26.5 - https:\/\/yoast.com\/wordpress\/plugins\/seo\/ -->\n<title>Nike Air Max Excee &#039;Dark Smoke Grey Black Racer Blue&#039;  - Tourcruiser PTE. LTD<\/title>\n<meta name=\"robots\" content=\"index, follow, max-snippet:-1, max-image-preview:large, max-video-preview:-1\" \/>\n<link rel=\"canonical\" href=\"https:\/\/tourcruiser.com\/\" \/>\n<meta property=\"og:locale\" content=\"de_DE\" \/>\n<meta property=\"og:type\" content=\"article\" \/>\n<meta property=\"og:title\" content=\"Nike Air Max Excee &#039;Dark Smoke Grey Black Racer Blue&#039;  - Tourcruiser PTE. LTD\" \/>\n<meta property=\"og:description\" content=\"Nike Air Max Excee \u201d\u201d Dark Smoke Grey\/Black\/Racer Blue\/Summit White\" \/>\n<meta property=\"og:url\" content=\"\/\" \/>\n<meta property=\"og:site_name\" content=\"Tourcruiser Sneaker Store\" \/>\n<meta property=\"article:modified_time\" content=\"2026-03-27T18:03:37+00:00\" \/>\n<meta name=\"twitter:card\" content=\"summary_large_image\" \/>\n<meta name=\"twitter:image\" content=\"https:\/\/images.novelship.com\/product\/nike_air_max_excee_fz5486-001_0_37747.jpeg;https:\/\/images.novelship.com\/product\/nike_air_max_excee_fz5486-001_1_37747.jpeg;https:\/\/images.novelship.com\/product\/nike_air_max_excee_fz5486-001_2_37747.jpeg;https:\/\/images.novelship.com\/product\/nike_air_max_excee_fz5486-001_3_37748.jpeg;https:\/\/images.novelship.com\/product\/nike_air_max_excee_fz5486-001_4_37748.jpeg;https:\/\/images.novelship.com\/product\/nike_air_max_excee_fz5486-001_5_37748.jpeg;https:\/\/images.novelship.com\/product\/nike_air_max_excee_fz5486-001_6_37748.jpeg;https:\/\/images.novelship.com\/product\/nike_air_max_excee_fz5486-001_7_37748.jpeg\" \/>\n<meta name=\"twitter:label1\" content=\"Gesch\u00e4tzte Lesezeit\" \/>\n\t<meta name=\"twitter:data1\" content=\"1\u00a0Minute\" \/>\n<script type=\"application\/ld+json\" class=\"yoast-schema-graph\">{\"@context\":\"https:\/\/schema.org\",\"@graph\":[{\"@type\":\"WebPage\",\"@id\":\"\/\",\"url\":\"https:\/\/tourcruiser.com\/\",\"name\":\"Nike Air Max Excee 'Dark Smoke Grey Black Racer Blue' - Tourcruiser PTE. LTD\",\"isPartOf\":{\"@id\":\"https:\/\/tourcruiser.com\/de\/#website\"},\"primaryImageOfPage\":{\"@id\":\"https:\/\/tourcruiser.com\/#primaryimage\"},\"image\":{\"@id\":\"https:\/\/tourcruiser.com\/#primaryimage\"},\"thumbnailUrl\":\"https:\/\/images.novelship.com\/product\/nike_air_max_excee_fz5486-001_0_37747.jpeg;https:\/\/images.novelship.com\/product\/nike_air_max_excee_fz5486-001_1_37747.jpeg;https:\/\/images.novelship.com\/product\/nike_air_max_excee_fz5486-001_2_37747.jpeg;https:\/\/images.novelship.com\/product\/nike_air_max_excee_fz5486-001_3_37748.jpeg;https:\/\/images.novelship.com\/product\/nike_air_max_excee_fz5486-001_4_37748.jpeg;https:\/\/images.novelship.com\/product\/nike_air_max_excee_fz5486-001_5_37748.jpeg;https:\/\/images.novelship.com\/product\/nike_air_max_excee_fz5486-001_6_37748.jpeg;https:\/\/images.novelship.com\/product\/nike_air_max_excee_fz5486-001_7_37748.jpeg\",\"datePublished\":\"2026-03-02T08:17:59+00:00\",\"dateModified\":\"2026-03-27T18:03:37+00:00\",\"breadcrumb\":{\"@id\":\"https:\/\/tourcruiser.com\/#breadcrumb\"},\"inLanguage\":\"de\",\"potentialAction\":[{\"@type\":\"ReadAction\",\"target\":[\"https:\/\/tourcruiser.com\/\"]}]},{\"@type\":\"ImageObject\",\"inLanguage\":\"de\",\"@id\":\"https:\/\/tourcruiser.com\/#primaryimage\",\"url\":\"https:\/\/images.novelship.com\/product\/nike_air_max_excee_fz5486-001_0_37747.jpeg;https:\/\/images.novelship.com\/product\/nike_air_max_excee_fz5486-001_1_37747.jpeg;https:\/\/images.novelship.com\/product\/nike_air_max_excee_fz5486-001_2_37747.jpeg;https:\/\/images.novelship.com\/product\/nike_air_max_excee_fz5486-001_3_37748.jpeg;https:\/\/images.novelship.com\/product\/nike_air_max_excee_fz5486-001_4_37748.jpeg;https:\/\/images.novelship.com\/product\/nike_air_max_excee_fz5486-001_5_37748.jpeg;https:\/\/images.novelship.com\/product\/nike_air_max_excee_fz5486-001_6_37748.jpeg;https:\/\/images.novelship.com\/product\/nike_air_max_excee_fz5486-001_7_37748.jpeg\",\"contentUrl\":\"https:\/\/images.novelship.com\/product\/nike_air_max_excee_fz5486-001_0_37747.jpeg;https:\/\/images.novelship.com\/product\/nike_air_max_excee_fz5486-001_1_37747.jpeg;https:\/\/images.novelship.com\/product\/nike_air_max_excee_fz5486-001_2_37747.jpeg;https:\/\/images.novelship.com\/product\/nike_air_max_excee_fz5486-001_3_37748.jpeg;https:\/\/images.novelship.com\/product\/nike_air_max_excee_fz5486-001_4_37748.jpeg;https:\/\/images.novelship.com\/product\/nike_air_max_excee_fz5486-001_5_37748.jpeg;https:\/\/images.novelship.com\/product\/nike_air_max_excee_fz5486-001_6_37748.jpeg;https:\/\/images.novelship.com\/product\/nike_air_max_excee_fz5486-001_7_37748.jpeg\"},{\"@type\":\"BreadcrumbList\",\"@id\":\"https:\/\/tourcruiser.com\/#breadcrumb\",\"itemListElement\":[{\"@type\":\"ListItem\",\"position\":1,\"name\":\"Home\",\"item\":\"https:\/\/tourcruiser.com\/de\/\"},{\"@type\":\"ListItem\",\"position\":2,\"name\":\"Shop\",\"item\":\"https:\/\/tourcruiser.com\/de\/shop\/\"},{\"@type\":\"ListItem\",\"position\":3,\"name\":\"Nike Air Max Excee &#8218;Dark Smoke Grey Black Racer Blue&#8216;\"}]},{\"@type\":\"WebSite\",\"@id\":\"https:\/\/tourcruiser.com\/de\/#website\",\"url\":\"https:\/\/tourcruiser.com\/de\/\",\"name\":\"Styloral Jewelry Shop\",\"description\":\"Tourcruiser Sneaker Store \u2014 der Ort, an dem das Universum deine Einzigartigkeit trifft.\",\"publisher\":{\"@id\":\"https:\/\/tourcruiser.com\/de\/#organization\"},\"potentialAction\":[{\"@type\":\"SearchAction\",\"target\":{\"@type\":\"EntryPoint\",\"urlTemplate\":\"https:\/\/tourcruiser.com\/de\/?s={search_term_string}\"},\"query-input\":{\"@type\":\"PropertyValueSpecification\",\"valueRequired\":true,\"valueName\":\"search_term_string\"}}],\"inLanguage\":\"de\"},{\"@type\":\"Organization\",\"@id\":\"https:\/\/tourcruiser.com\/de\/#organization\",\"name\":\"STYLORAL PTE. LTD\",\"url\":\"https:\/\/tourcruiser.com\/de\/\",\"logo\":{\"@type\":\"ImageObject\",\"inLanguage\":\"de\",\"@id\":\"https:\/\/tourcruiser.com\/de\/#\/schema\/logo\/image\/\",\"url\":\"https:\/\/www.tourcruiser.com\/wp-content\/uploads\/2025\/12\/logo.png\",\"contentUrl\":\"https:\/\/www.tourcruiser.com\/wp-content\/uploads\/2025\/12\/logo.png\",\"width\":200,\"height\":65,\"caption\":\"STYLORAL PTE. LTD\"},\"image\":{\"@id\":\"https:\/\/tourcruiser.com\/de\/#\/schema\/logo\/image\/\"}}]}<\/script>\n<!-- \/ Yoast SEO plugin. -->","yoast_head_json":{"title":"Nike Air Max Excee 'Dark Smoke Grey Black Racer Blue'  - Tourcruiser PTE. LTD","robots":{"index":"index","follow":"follow","max-snippet":"max-snippet:-1","max-image-preview":"max-image-preview:large","max-video-preview":"max-video-preview:-1"},"canonical":"https:\/\/tourcruiser.com\/","og_locale":"de_DE","og_type":"article","og_title":"Nike Air Max Excee 'Dark Smoke Grey Black Racer Blue'  - Tourcruiser PTE. LTD","og_description":"Nike Air Max Excee \u201d\u201d Dark Smoke Grey\/Black\/Racer Blue\/Summit White","og_url":"\/","og_site_name":"Tourcruiser Sneaker Store","article_modified_time":"2026-03-27T18:03:37+00:00","twitter_card":"summary_large_image","twitter_image":"https:\/\/images.novelship.com\/product\/nike_air_max_excee_fz5486-001_0_37747.jpeg;https:\/\/images.novelship.com\/product\/nike_air_max_excee_fz5486-001_1_37747.jpeg;https:\/\/images.novelship.com\/product\/nike_air_max_excee_fz5486-001_2_37747.jpeg;https:\/\/images.novelship.com\/product\/nike_air_max_excee_fz5486-001_3_37748.jpeg;https:\/\/images.novelship.com\/product\/nike_air_max_excee_fz5486-001_4_37748.jpeg;https:\/\/images.novelship.com\/product\/nike_air_max_excee_fz5486-001_5_37748.jpeg;https:\/\/images.novelship.com\/product\/nike_air_max_excee_fz5486-001_6_37748.jpeg;https:\/\/images.novelship.com\/product\/nike_air_max_excee_fz5486-001_7_37748.jpeg","twitter_misc":{"Gesch\u00e4tzte Lesezeit":"1\u00a0Minute"},"schema":{"@context":"https:\/\/schema.org","@graph":[{"@type":"WebPage","@id":"\/","url":"https:\/\/tourcruiser.com\/","name":"Nike Air Max Excee 'Dark Smoke Grey Black Racer Blue' - Tourcruiser PTE. LTD","isPartOf":{"@id":"https:\/\/tourcruiser.com\/de\/#website"},"primaryImageOfPage":{"@id":"https:\/\/tourcruiser.com\/#primaryimage"},"image":{"@id":"https:\/\/tourcruiser.com\/#primaryimage"},"thumbnailUrl":"https:\/\/images.novelship.com\/product\/nike_air_max_excee_fz5486-001_0_37747.jpeg;https:\/\/images.novelship.com\/product\/nike_air_max_excee_fz5486-001_1_37747.jpeg;https:\/\/images.novelship.com\/product\/nike_air_max_excee_fz5486-001_2_37747.jpeg;https:\/\/images.novelship.com\/product\/nike_air_max_excee_fz5486-001_3_37748.jpeg;https:\/\/images.novelship.com\/product\/nike_air_max_excee_fz5486-001_4_37748.jpeg;https:\/\/images.novelship.com\/product\/nike_air_max_excee_fz5486-001_5_37748.jpeg;https:\/\/images.novelship.com\/product\/nike_air_max_excee_fz5486-001_6_37748.jpeg;https:\/\/images.novelship.com\/product\/nike_air_max_excee_fz5486-001_7_37748.jpeg","datePublished":"2026-03-02T08:17:59+00:00","dateModified":"2026-03-27T18:03:37+00:00","breadcrumb":{"@id":"https:\/\/tourcruiser.com\/#breadcrumb"},"inLanguage":"de","potentialAction":[{"@type":"ReadAction","target":["https:\/\/tourcruiser.com\/"]}]},{"@type":"ImageObject","inLanguage":"de","@id":"https:\/\/tourcruiser.com\/#primaryimage","url":"https:\/\/images.novelship.com\/product\/nike_air_max_excee_fz5486-001_0_37747.jpeg;https:\/\/images.novelship.com\/product\/nike_air_max_excee_fz5486-001_1_37747.jpeg;https:\/\/images.novelship.com\/product\/nike_air_max_excee_fz5486-001_2_37747.jpeg;https:\/\/images.novelship.com\/product\/nike_air_max_excee_fz5486-001_3_37748.jpeg;https:\/\/images.novelship.com\/product\/nike_air_max_excee_fz5486-001_4_37748.jpeg;https:\/\/images.novelship.com\/product\/nike_air_max_excee_fz5486-001_5_37748.jpeg;https:\/\/images.novelship.com\/product\/nike_air_max_excee_fz5486-001_6_37748.jpeg;https:\/\/images.novelship.com\/product\/nike_air_max_excee_fz5486-001_7_37748.jpeg","contentUrl":"https:\/\/images.novelship.com\/product\/nike_air_max_excee_fz5486-001_0_37747.jpeg;https:\/\/images.novelship.com\/product\/nike_air_max_excee_fz5486-001_1_37747.jpeg;https:\/\/images.novelship.com\/product\/nike_air_max_excee_fz5486-001_2_37747.jpeg;https:\/\/images.novelship.com\/product\/nike_air_max_excee_fz5486-001_3_37748.jpeg;https:\/\/images.novelship.com\/product\/nike_air_max_excee_fz5486-001_4_37748.jpeg;https:\/\/images.novelship.com\/product\/nike_air_max_excee_fz5486-001_5_37748.jpeg;https:\/\/images.novelship.com\/product\/nike_air_max_excee_fz5486-001_6_37748.jpeg;https:\/\/images.novelship.com\/product\/nike_air_max_excee_fz5486-001_7_37748.jpeg"},{"@type":"BreadcrumbList","@id":"https:\/\/tourcruiser.com\/#breadcrumb","itemListElement":[{"@type":"ListItem","position":1,"name":"Home","item":"https:\/\/tourcruiser.com\/de\/"},{"@type":"ListItem","position":2,"name":"Shop","item":"https:\/\/tourcruiser.com\/de\/shop\/"},{"@type":"ListItem","position":3,"name":"Nike Air Max Excee &#8218;Dark Smoke Grey Black Racer Blue&#8216;"}]},{"@type":"WebSite","@id":"https:\/\/tourcruiser.com\/de\/#website","url":"https:\/\/tourcruiser.com\/de\/","name":"Styloral Jewelry Shop","description":"Tourcruiser Sneaker Store \u2014 der Ort, an dem das Universum deine Einzigartigkeit trifft.","publisher":{"@id":"https:\/\/tourcruiser.com\/de\/#organization"},"potentialAction":[{"@type":"SearchAction","target":{"@type":"EntryPoint","urlTemplate":"https:\/\/tourcruiser.com\/de\/?s={search_term_string}"},"query-input":{"@type":"PropertyValueSpecification","valueRequired":true,"valueName":"search_term_string"}}],"inLanguage":"de"},{"@type":"Organization","@id":"https:\/\/tourcruiser.com\/de\/#organization","name":"STYLORAL PTE. LTD","url":"https:\/\/tourcruiser.com\/de\/","logo":{"@type":"ImageObject","inLanguage":"de","@id":"https:\/\/tourcruiser.com\/de\/#\/schema\/logo\/image\/","url":"https:\/\/www.tourcruiser.com\/wp-content\/uploads\/2025\/12\/logo.png","contentUrl":"https:\/\/www.tourcruiser.com\/wp-content\/uploads\/2025\/12\/logo.png","width":200,"height":65,"caption":"STYLORAL PTE. LTD"},"image":{"@id":"https:\/\/tourcruiser.com\/de\/#\/schema\/logo\/image\/"}}]}},"_links":{"self":[{"href":"https:\/\/tourcruiser.com\/de\/wp-json\/wp\/v2\/product\/56884","targetHints":{"allow":["GET"]}}],"collection":[{"href":"https:\/\/tourcruiser.com\/de\/wp-json\/wp\/v2\/product"}],"about":[{"href":"https:\/\/tourcruiser.com\/de\/wp-json\/wp\/v2\/types\/product"}],"replies":[{"embeddable":true,"href":"https:\/\/tourcruiser.com\/de\/wp-json\/wp\/v2\/comments?post=56884"}],"wp:featuredmedia":[{"embeddable":true,"href":"https:\/\/tourcruiser.com\/de\/wp-json\/wp\/v2\/media\/56885"}],"wp:attachment":[{"href":"https:\/\/tourcruiser.com\/de\/wp-json\/wp\/v2\/media?parent=56884"}],"wp:term":[{"taxonomy":"product_brand","embeddable":true,"href":"https:\/\/tourcruiser.com\/de\/wp-json\/wp\/v2\/product_brand?post=56884"},{"taxonomy":"product_cat","embeddable":true,"href":"https:\/\/tourcruiser.com\/de\/wp-json\/wp\/v2\/product_cat?post=56884"},{"taxonomy":"product_tag","embeddable":true,"href":"https:\/\/tourcruiser.com\/de\/wp-json\/wp\/v2\/product_tag?post=56884"}],"curies":[{"name":"wp","href":"https:\/\/api.w.org\/{rel}","templated":true}]}}