{"id":56766,"date":"2026-03-02T15:17:49","date_gmt":"2026-03-02T08:17:49","guid":{"rendered":"http:\/\/tourcruiser.com\/product\/new-balance-1500-made-in-england-35th-anniversary"},"modified":"2026-03-28T01:52:07","modified_gmt":"2026-03-27T18:52:07","slug":"new-balance-1500-made-in-england-35th-anniversary","status":"publish","type":"product","link":"https:\/\/tourcruiser.com\/de\/products\/new-balance-1500-made-in-england-35th-anniversary\/","title":{"rendered":"New Balance 1500 Made in England &#8217;35th Anniversary&#8216;"},"content":{"rendered":"<p>Feiern Sie 35 Jahre legend\u00e4ren Stil mit dem New Balance 1500 Made in England \u201e35th Anniversary\u201c. Diese in Gro\u00dfbritannien handgefertigten Sneaker bestechen durch hochwertiges Wildleder und Mesh-Obermaterial und sind eine Hommage an das Original von 1989. Die ENCAP-Mittelsohlend\u00e4mpfung und die Vibram-Au\u00dfensohle garantieren unvergleichlichen Komfort und Langlebigkeit. Details der Limited Edition, wie eine Jubil\u00e4ums-Innensohle und eine exklusive Verpackung, machen diesen Schuh zum Traum eines jeden Sammlers. Tauche ein in die Geschichte und setze mit dem New Balance 1500 Made in England \u201e35th Anniversary\u201c neue Ma\u00dfst\u00e4be in Sachen Schuhe.<\/p>\n<ul>\n<li><strong>Farbgebung:<\/strong> Dunkelgrau\/K\u00fchlgrau\/Taubengrau<\/li>\n<li><strong>Artikelnummer:<\/strong> U1500ANI<\/li>\n<li><strong>Obermaterial:<\/strong> Wildleder<\/li>\n<li><strong>Zwischensohle:<\/strong> ENCAP<\/li>\n<li><strong>Farbe:<\/strong> Grau<\/li>\n<li><strong>Erscheinungsjahr:<\/strong> 2024<\/li>\n<\/ul>\n","protected":false},"excerpt":{"rendered":"<p>New Balance 1500 35th Anniversary \u201d\u201d Dark Gull Grey\/Cool Grey\/Dove<\/p>\n","protected":false},"featured_media":56767,"comment_status":"open","ping_status":"closed","template":"","meta":[],"product_brand":[],"product_cat":[10771],"product_tag":[10750,10753,10754,10765,10766,10768,10758],"class_list":{"0":"post-56766","1":"product","2":"type-product","3":"status-publish","4":"has-post-thumbnail","6":"product_cat-new-balance","7":"product_tag-athleisure-shoes","8":"product_tag-gift-for-him","9":"product_tag-lifestyle-casual-shoes","10":"product_tag-lifestyle-shoes-running-inspired","11":"product_tag-new-balance","12":"product_tag-retro-running-shoes","13":"product_tag-under-retail","14":"wcpa_has_options","16":"first","17":"outofstock","18":"sale","19":"taxable","20":"shipping-taxable","21":"purchasable","22":"product-type-simple"},"wcpa_form_fields":{"rules":{"pric_overide_base_price":false,"pric_overide_base_price_if_gt_zero":false,"pric_overide_base_price_fully":false,"pric_cal_option_once":false,"pric_use_as_fee":false,"bind_quantity":false,"quantity_bind_formula":false},"fields":[{"type":"color-group","required":true,"elementId":"wcpa-color-group-66c4a928225d2","label":"Gr\u00f6\u00dfe","inline":true,"priceOptions":"different_for_all","pricingType":"fixed","className":"hassizechart product-shoes-size-eu product-shoes-size","name":"color-group-66c4a928225e2","disp_type":"square","selection_type":"tick-border","disp_size":"50","show_label_inside":true,"adjust_width":true,"cart_display_type":"text","other_text":"Other","cl_rule":"show","col":6,"values":[{"label":"35","value":"EU 35","price":"","pimage":"","pimage_id":"","pthumb":"","color":""},{"label":"36","value":"EU 36","price":"","pimage":"","pimage_id":"","pthumb":"","color":"","selected":true},{"label":"37","value":"EU 37","price":"","pimage":"","pimage_id":"","pthumb":"","color":""},{"label":"37.5","value":"EU 37.5","price":"","pimage":"","pimage_id":"","pthumb":"","color":""},{"label":"38","value":"EU 38","price":"","pimage":"","pimage_id":"","pthumb":"","color":""},{"label":"38.5","value":"EU 38.5","price":"","pimage":"","pimage_id":"","pthumb":"","color":""},{"label":"39","value":"EU 39","price":"","pimage":"","pimage_id":"","pthumb":"","color":""},{"label":"39.5","value":"EU 39.5","price":"","pimage":"","pimage_id":"","pthumb":"","color":""},{"label":"40","value":"EU 40","price":"","pimage":"","pimage_id":"","pthumb":"","color":""},{"label":"40.5","value":"EU 40.5","price":"","pimage":"","pimage_id":"","pthumb":"","color":""},{"label":" 41.5","value":"EU 41.5","price":"","pimage":"","pimage_id":"","pthumb":"","color":""},{"label":"42","value":"EU 42","price":"","pimage":"","pimage_id":"","pthumb":"","color":""},{"label":"42.5","value":"EU 42.5","price":"","pimage":"","pimage_id":"","pthumb":"","color":""},{"label":"43","value":"EU 43","price":"","pimage":"","pimage_id":"","pthumb":"","color":""},{"label":"44","value":"EU 44","price":"","pimage":"","pimage_id":"","pthumb":"","color":""},{"label":"44.5","value":"EU 44.5","price":"","pimage":"","pimage_id":"","pthumb":"","color":""},{"label":"45","value":"EU 45","price":"","pimage":"","pimage_id":"","pthumb":"","color":""},{"label":"45.5","value":"EU 45.5","price":"","pimage":"","pimage_id":"","pthumb":"","color":""},{"label":"46","value":"EU 46","price":"","pimage":"","pimage_id":"","pthumb":"","color":""}],"relations":[{"operator":false,"rules":[]}],"form_id":24803,"form_rules":{"pric_cal_option_once":false,"exclude_from_discount":false,"pric_use_as_fee":false,"fee_label":"Fee","render_after_acb":false,"disp_hide_options_price":false}}]},"yoast_head":"<!-- This site is optimized with the Yoast SEO plugin v26.5 - https:\/\/yoast.com\/wordpress\/plugins\/seo\/ -->\n<title>New Balance 1500 Made in England &#039;35th Anniversary&#039;  - Tourcruiser PTE. LTD<\/title>\n<meta name=\"robots\" content=\"index, follow, max-snippet:-1, max-image-preview:large, max-video-preview:-1\" \/>\n<link rel=\"canonical\" href=\"https:\/\/tourcruiser.com\/de\/products\/new-balance-1500-made-in-england-35th-anniversary\/\" \/>\n<meta property=\"og:locale\" content=\"de_DE\" \/>\n<meta property=\"og:type\" content=\"article\" \/>\n<meta property=\"og:title\" content=\"New Balance 1500 Made in England &#039;35th Anniversary&#039;  - Tourcruiser PTE. LTD\" \/>\n<meta property=\"og:description\" content=\"New Balance 1500 35th Anniversary \u201d\u201d Dark Gull Grey\/Cool Grey\/Dove\" \/>\n<meta property=\"og:url\" content=\"https:\/\/tourcruiser.com\/de\/products\/new-balance-1500-made-in-england-35th-anniversary\/\" \/>\n<meta property=\"og:site_name\" content=\"Tourcruiser Sneaker Store\" \/>\n<meta property=\"article:modified_time\" content=\"2026-03-27T18:52:07+00:00\" \/>\n<meta name=\"twitter:card\" content=\"summary_large_image\" \/>\n<meta name=\"twitter:image\" content=\"https:\/\/images.novelship.com\/product\/new_balance_1500_made_in_england__35th_anniversary_0_66615.jpeg;https:\/\/images.novelship.com\/product\/new_balance_1500_made_in_england__35th_anniversary_1_66615.jpeg;https:\/\/images.novelship.com\/product\/new_balance_1500_made_in_england__35th_anniversary_2_66615.jpeg;https:\/\/images.novelship.com\/product\/new_balance_1500_made_in_england__35th_anniversary_3_66615.jpeg;https:\/\/images.novelship.com\/product\/new_balance_1500_made_in_england__35th_anniversary_4_66615.jpeg;https:\/\/images.novelship.com\/product\/new_balance_1500_made_in_england__35th_anniversary_5_66615.jpeg\" \/>\n<meta name=\"twitter:label1\" content=\"Gesch\u00e4tzte Lesezeit\" \/>\n\t<meta name=\"twitter:data1\" content=\"1\u00a0Minute\" \/>\n<script type=\"application\/ld+json\" class=\"yoast-schema-graph\">{\"@context\":\"https:\/\/schema.org\",\"@graph\":[{\"@type\":\"WebPage\",\"@id\":\"https:\/\/tourcruiser.com\/de\/products\/new-balance-1500-made-in-england-35th-anniversary\/\",\"url\":\"https:\/\/tourcruiser.com\/de\/products\/new-balance-1500-made-in-england-35th-anniversary\/\",\"name\":\"New Balance 1500 Made in England '35th Anniversary' - Tourcruiser PTE. LTD\",\"isPartOf\":{\"@id\":\"https:\/\/tourcruiser.com\/de\/#website\"},\"primaryImageOfPage\":{\"@id\":\"https:\/\/tourcruiser.com\/de\/products\/new-balance-1500-made-in-england-35th-anniversary\/#primaryimage\"},\"image\":{\"@id\":\"https:\/\/tourcruiser.com\/de\/products\/new-balance-1500-made-in-england-35th-anniversary\/#primaryimage\"},\"thumbnailUrl\":\"https:\/\/images.novelship.com\/product\/new_balance_1500_made_in_england__35th_anniversary_0_66615.jpeg;https:\/\/images.novelship.com\/product\/new_balance_1500_made_in_england__35th_anniversary_1_66615.jpeg;https:\/\/images.novelship.com\/product\/new_balance_1500_made_in_england__35th_anniversary_2_66615.jpeg;https:\/\/images.novelship.com\/product\/new_balance_1500_made_in_england__35th_anniversary_3_66615.jpeg;https:\/\/images.novelship.com\/product\/new_balance_1500_made_in_england__35th_anniversary_4_66615.jpeg;https:\/\/images.novelship.com\/product\/new_balance_1500_made_in_england__35th_anniversary_5_66615.jpeg\",\"datePublished\":\"2026-03-02T08:17:49+00:00\",\"dateModified\":\"2026-03-27T18:52:07+00:00\",\"breadcrumb\":{\"@id\":\"https:\/\/tourcruiser.com\/de\/products\/new-balance-1500-made-in-england-35th-anniversary\/#breadcrumb\"},\"inLanguage\":\"de\",\"potentialAction\":[{\"@type\":\"ReadAction\",\"target\":[\"https:\/\/tourcruiser.com\/de\/products\/new-balance-1500-made-in-england-35th-anniversary\/\"]}]},{\"@type\":\"ImageObject\",\"inLanguage\":\"de\",\"@id\":\"https:\/\/tourcruiser.com\/de\/products\/new-balance-1500-made-in-england-35th-anniversary\/#primaryimage\",\"url\":\"https:\/\/images.novelship.com\/product\/new_balance_1500_made_in_england__35th_anniversary_0_66615.jpeg;https:\/\/images.novelship.com\/product\/new_balance_1500_made_in_england__35th_anniversary_1_66615.jpeg;https:\/\/images.novelship.com\/product\/new_balance_1500_made_in_england__35th_anniversary_2_66615.jpeg;https:\/\/images.novelship.com\/product\/new_balance_1500_made_in_england__35th_anniversary_3_66615.jpeg;https:\/\/images.novelship.com\/product\/new_balance_1500_made_in_england__35th_anniversary_4_66615.jpeg;https:\/\/images.novelship.com\/product\/new_balance_1500_made_in_england__35th_anniversary_5_66615.jpeg\",\"contentUrl\":\"https:\/\/images.novelship.com\/product\/new_balance_1500_made_in_england__35th_anniversary_0_66615.jpeg;https:\/\/images.novelship.com\/product\/new_balance_1500_made_in_england__35th_anniversary_1_66615.jpeg;https:\/\/images.novelship.com\/product\/new_balance_1500_made_in_england__35th_anniversary_2_66615.jpeg;https:\/\/images.novelship.com\/product\/new_balance_1500_made_in_england__35th_anniversary_3_66615.jpeg;https:\/\/images.novelship.com\/product\/new_balance_1500_made_in_england__35th_anniversary_4_66615.jpeg;https:\/\/images.novelship.com\/product\/new_balance_1500_made_in_england__35th_anniversary_5_66615.jpeg\"},{\"@type\":\"BreadcrumbList\",\"@id\":\"https:\/\/tourcruiser.com\/de\/products\/new-balance-1500-made-in-england-35th-anniversary\/#breadcrumb\",\"itemListElement\":[{\"@type\":\"ListItem\",\"position\":1,\"name\":\"Home\",\"item\":\"https:\/\/tourcruiser.com\/de\/\"},{\"@type\":\"ListItem\",\"position\":2,\"name\":\"Shop\",\"item\":\"https:\/\/tourcruiser.com\/de\/shop\/\"},{\"@type\":\"ListItem\",\"position\":3,\"name\":\"New Balance 1500 Made in England '35th Anniversary'\"}]},{\"@type\":\"WebSite\",\"@id\":\"https:\/\/tourcruiser.com\/de\/#website\",\"url\":\"https:\/\/tourcruiser.com\/de\/\",\"name\":\"Styloral Jewelry Shop\",\"description\":\"Tourcruiser Sneaker Store \u2014 der Ort, an dem das Universum deine Einzigartigkeit trifft.\",\"publisher\":{\"@id\":\"https:\/\/tourcruiser.com\/de\/#organization\"},\"potentialAction\":[{\"@type\":\"SearchAction\",\"target\":{\"@type\":\"EntryPoint\",\"urlTemplate\":\"https:\/\/tourcruiser.com\/de\/?s={search_term_string}\"},\"query-input\":{\"@type\":\"PropertyValueSpecification\",\"valueRequired\":true,\"valueName\":\"search_term_string\"}}],\"inLanguage\":\"de\"},{\"@type\":\"Organization\",\"@id\":\"https:\/\/tourcruiser.com\/de\/#organization\",\"name\":\"STYLORAL PTE. LTD\",\"url\":\"https:\/\/tourcruiser.com\/de\/\",\"logo\":{\"@type\":\"ImageObject\",\"inLanguage\":\"de\",\"@id\":\"https:\/\/tourcruiser.com\/de\/#\/schema\/logo\/image\/\",\"url\":\"https:\/\/www.tourcruiser.com\/wp-content\/uploads\/2025\/12\/logo.png\",\"contentUrl\":\"https:\/\/www.tourcruiser.com\/wp-content\/uploads\/2025\/12\/logo.png\",\"width\":200,\"height\":65,\"caption\":\"STYLORAL PTE. LTD\"},\"image\":{\"@id\":\"https:\/\/tourcruiser.com\/de\/#\/schema\/logo\/image\/\"}}]}<\/script>\n<!-- \/ Yoast SEO plugin. -->","yoast_head_json":{"title":"New Balance 1500 Made in England '35th Anniversary'  - Tourcruiser PTE. LTD","robots":{"index":"index","follow":"follow","max-snippet":"max-snippet:-1","max-image-preview":"max-image-preview:large","max-video-preview":"max-video-preview:-1"},"canonical":"https:\/\/tourcruiser.com\/de\/products\/new-balance-1500-made-in-england-35th-anniversary\/","og_locale":"de_DE","og_type":"article","og_title":"New Balance 1500 Made in England '35th Anniversary'  - Tourcruiser PTE. LTD","og_description":"New Balance 1500 35th Anniversary \u201d\u201d Dark Gull Grey\/Cool Grey\/Dove","og_url":"https:\/\/tourcruiser.com\/de\/products\/new-balance-1500-made-in-england-35th-anniversary\/","og_site_name":"Tourcruiser Sneaker Store","article_modified_time":"2026-03-27T18:52:07+00:00","twitter_card":"summary_large_image","twitter_image":"https:\/\/images.novelship.com\/product\/new_balance_1500_made_in_england__35th_anniversary_0_66615.jpeg;https:\/\/images.novelship.com\/product\/new_balance_1500_made_in_england__35th_anniversary_1_66615.jpeg;https:\/\/images.novelship.com\/product\/new_balance_1500_made_in_england__35th_anniversary_2_66615.jpeg;https:\/\/images.novelship.com\/product\/new_balance_1500_made_in_england__35th_anniversary_3_66615.jpeg;https:\/\/images.novelship.com\/product\/new_balance_1500_made_in_england__35th_anniversary_4_66615.jpeg;https:\/\/images.novelship.com\/product\/new_balance_1500_made_in_england__35th_anniversary_5_66615.jpeg","twitter_misc":{"Gesch\u00e4tzte Lesezeit":"1\u00a0Minute"},"schema":{"@context":"https:\/\/schema.org","@graph":[{"@type":"WebPage","@id":"https:\/\/tourcruiser.com\/de\/products\/new-balance-1500-made-in-england-35th-anniversary\/","url":"https:\/\/tourcruiser.com\/de\/products\/new-balance-1500-made-in-england-35th-anniversary\/","name":"New Balance 1500 Made in England '35th Anniversary' - Tourcruiser PTE. LTD","isPartOf":{"@id":"https:\/\/tourcruiser.com\/de\/#website"},"primaryImageOfPage":{"@id":"https:\/\/tourcruiser.com\/de\/products\/new-balance-1500-made-in-england-35th-anniversary\/#primaryimage"},"image":{"@id":"https:\/\/tourcruiser.com\/de\/products\/new-balance-1500-made-in-england-35th-anniversary\/#primaryimage"},"thumbnailUrl":"https:\/\/images.novelship.com\/product\/new_balance_1500_made_in_england__35th_anniversary_0_66615.jpeg;https:\/\/images.novelship.com\/product\/new_balance_1500_made_in_england__35th_anniversary_1_66615.jpeg;https:\/\/images.novelship.com\/product\/new_balance_1500_made_in_england__35th_anniversary_2_66615.jpeg;https:\/\/images.novelship.com\/product\/new_balance_1500_made_in_england__35th_anniversary_3_66615.jpeg;https:\/\/images.novelship.com\/product\/new_balance_1500_made_in_england__35th_anniversary_4_66615.jpeg;https:\/\/images.novelship.com\/product\/new_balance_1500_made_in_england__35th_anniversary_5_66615.jpeg","datePublished":"2026-03-02T08:17:49+00:00","dateModified":"2026-03-27T18:52:07+00:00","breadcrumb":{"@id":"https:\/\/tourcruiser.com\/de\/products\/new-balance-1500-made-in-england-35th-anniversary\/#breadcrumb"},"inLanguage":"de","potentialAction":[{"@type":"ReadAction","target":["https:\/\/tourcruiser.com\/de\/products\/new-balance-1500-made-in-england-35th-anniversary\/"]}]},{"@type":"ImageObject","inLanguage":"de","@id":"https:\/\/tourcruiser.com\/de\/products\/new-balance-1500-made-in-england-35th-anniversary\/#primaryimage","url":"https:\/\/images.novelship.com\/product\/new_balance_1500_made_in_england__35th_anniversary_0_66615.jpeg;https:\/\/images.novelship.com\/product\/new_balance_1500_made_in_england__35th_anniversary_1_66615.jpeg;https:\/\/images.novelship.com\/product\/new_balance_1500_made_in_england__35th_anniversary_2_66615.jpeg;https:\/\/images.novelship.com\/product\/new_balance_1500_made_in_england__35th_anniversary_3_66615.jpeg;https:\/\/images.novelship.com\/product\/new_balance_1500_made_in_england__35th_anniversary_4_66615.jpeg;https:\/\/images.novelship.com\/product\/new_balance_1500_made_in_england__35th_anniversary_5_66615.jpeg","contentUrl":"https:\/\/images.novelship.com\/product\/new_balance_1500_made_in_england__35th_anniversary_0_66615.jpeg;https:\/\/images.novelship.com\/product\/new_balance_1500_made_in_england__35th_anniversary_1_66615.jpeg;https:\/\/images.novelship.com\/product\/new_balance_1500_made_in_england__35th_anniversary_2_66615.jpeg;https:\/\/images.novelship.com\/product\/new_balance_1500_made_in_england__35th_anniversary_3_66615.jpeg;https:\/\/images.novelship.com\/product\/new_balance_1500_made_in_england__35th_anniversary_4_66615.jpeg;https:\/\/images.novelship.com\/product\/new_balance_1500_made_in_england__35th_anniversary_5_66615.jpeg"},{"@type":"BreadcrumbList","@id":"https:\/\/tourcruiser.com\/de\/products\/new-balance-1500-made-in-england-35th-anniversary\/#breadcrumb","itemListElement":[{"@type":"ListItem","position":1,"name":"Home","item":"https:\/\/tourcruiser.com\/de\/"},{"@type":"ListItem","position":2,"name":"Shop","item":"https:\/\/tourcruiser.com\/de\/shop\/"},{"@type":"ListItem","position":3,"name":"New Balance 1500 Made in England '35th Anniversary'"}]},{"@type":"WebSite","@id":"https:\/\/tourcruiser.com\/de\/#website","url":"https:\/\/tourcruiser.com\/de\/","name":"Styloral Jewelry Shop","description":"Tourcruiser Sneaker Store \u2014 der Ort, an dem das Universum deine Einzigartigkeit trifft.","publisher":{"@id":"https:\/\/tourcruiser.com\/de\/#organization"},"potentialAction":[{"@type":"SearchAction","target":{"@type":"EntryPoint","urlTemplate":"https:\/\/tourcruiser.com\/de\/?s={search_term_string}"},"query-input":{"@type":"PropertyValueSpecification","valueRequired":true,"valueName":"search_term_string"}}],"inLanguage":"de"},{"@type":"Organization","@id":"https:\/\/tourcruiser.com\/de\/#organization","name":"STYLORAL PTE. LTD","url":"https:\/\/tourcruiser.com\/de\/","logo":{"@type":"ImageObject","inLanguage":"de","@id":"https:\/\/tourcruiser.com\/de\/#\/schema\/logo\/image\/","url":"https:\/\/www.tourcruiser.com\/wp-content\/uploads\/2025\/12\/logo.png","contentUrl":"https:\/\/www.tourcruiser.com\/wp-content\/uploads\/2025\/12\/logo.png","width":200,"height":65,"caption":"STYLORAL PTE. LTD"},"image":{"@id":"https:\/\/tourcruiser.com\/de\/#\/schema\/logo\/image\/"}}]}},"_links":{"self":[{"href":"https:\/\/tourcruiser.com\/de\/wp-json\/wp\/v2\/product\/56766","targetHints":{"allow":["GET"]}}],"collection":[{"href":"https:\/\/tourcruiser.com\/de\/wp-json\/wp\/v2\/product"}],"about":[{"href":"https:\/\/tourcruiser.com\/de\/wp-json\/wp\/v2\/types\/product"}],"replies":[{"embeddable":true,"href":"https:\/\/tourcruiser.com\/de\/wp-json\/wp\/v2\/comments?post=56766"}],"wp:featuredmedia":[{"embeddable":true,"href":"https:\/\/tourcruiser.com\/de\/wp-json\/wp\/v2\/media\/56767"}],"wp:attachment":[{"href":"https:\/\/tourcruiser.com\/de\/wp-json\/wp\/v2\/media?parent=56766"}],"wp:term":[{"taxonomy":"product_brand","embeddable":true,"href":"https:\/\/tourcruiser.com\/de\/wp-json\/wp\/v2\/product_brand?post=56766"},{"taxonomy":"product_cat","embeddable":true,"href":"https:\/\/tourcruiser.com\/de\/wp-json\/wp\/v2\/product_cat?post=56766"},{"taxonomy":"product_tag","embeddable":true,"href":"https:\/\/tourcruiser.com\/de\/wp-json\/wp\/v2\/product_tag?post=56766"}],"curies":[{"name":"wp","href":"https:\/\/api.w.org\/{rel}","templated":true}]}}