{"id":56403,"date":"2026-03-02T15:17:16","date_gmt":"2026-03-02T08:17:16","guid":{"rendered":"http:\/\/tourcruiser.com\/product\/adidas-predator-pro-turf-soccer-shoes-fold-over-tongue-training-sneakers-iron-metalliczero-metaliclucid-red"},"modified":"2026-03-28T01:03:16","modified_gmt":"2026-03-27T18:03:16","slug":"adidas-predator-pro-turf-soccer-shoes-fold-over-tongue-training-sneakers-iron-metalliczero-metaliclucid-red","status":"publish","type":"product","link":"https:\/\/tourcruiser.com\/de\/products\/adidas-predator-pro-turf-soccer-shoes-fold-over-tongue-training-sneakers-iron-metalliczero-metaliclucid-red\/","title":{"rendered":"Adidas PREDATOR PRO Turf Soccer Shoes Fold-Over Tongue Training Sneakers Iron Metallic\/Zero Metalic\/Lucid Red"},"content":{"rendered":"<p>Verbessere dein Spiel mit den Adidas PREDATOR PRO Turf-Fu\u00dfballschuhen, die f\u00fcr un\u00fcbertroffene Pr\u00e4zision und Kontrolle entwickelt wurden. Mit ihrer umklappbaren Zunge f\u00fcr sicheren und bequemen Sitz sind diese Schuhe in den auff\u00e4lligen Farben Iron Metallic, Zero Metallic und Lucid Red erh\u00e4ltlich. Ideal f\u00fcr Kunstrasenpl\u00e4tze: Das ergonomische Design und der hervorragende Grip sorgen f\u00fcr optimale Agilit\u00e4t auch bei intensivem Spiel. Ob Training oder Wettkampf \u201d\u201c steigere deine Leistung mit der perfekten Kombination aus Stil und Funktionalit\u00e4t. Verbessere deine F\u00e4higkeiten mit Selbstvertrauen bei jedem Schritt.<\/p>\n<ul>\n<li><strong>Farbgebung:<\/strong> Iron Metallic\/Zero Metallic\/Lucid Red<\/li>\n<li><strong>Artikelnummer:<\/strong> JR7864<\/li>\n<li><strong>Farbe:<\/strong> Grau<\/li>\n<\/ul>\n","protected":false},"excerpt":{"rendered":"<p>adidas PREDATOR PRO \u201d\u201d Iron Metallic\/Zero Metalic\/Lucid Red<\/p>\n","protected":false},"featured_media":56404,"comment_status":"open","ping_status":"closed","template":"","meta":[],"product_brand":[],"product_cat":[10760],"product_tag":[10759,10802,10987,19470,10758],"class_list":{"0":"post-56403","1":"product","2":"type-product","3":"status-publish","4":"has-post-thumbnail","6":"product_cat-adidas","7":"product_tag-adidas","8":"product_tag-performance-sport-shoes","9":"product_tag-soccer-shoes-football-cleats","10":"product_tag-turf-tf-football-boots","11":"product_tag-under-retail","12":"wcpa_has_options","14":"first","15":"outofstock","16":"taxable","17":"shipping-taxable","18":"purchasable","19":"product-type-simple"},"wcpa_form_fields":{"rules":{"pric_overide_base_price":false,"pric_overide_base_price_if_gt_zero":false,"pric_overide_base_price_fully":false,"pric_cal_option_once":false,"pric_use_as_fee":false,"bind_quantity":false,"quantity_bind_formula":false},"fields":[{"type":"color-group","required":true,"elementId":"wcpa-color-group-66c4a7f817afe","label":"Gr\u00f6\u00dfe","inline":true,"priceOptions":"different_for_all","pricingType":"fixed","className":"hassizechart product-shoes-size-eu product-shoes-size","name":"color-group-66c4a7f817b18","disp_type":"square","selection_type":"tick-border","disp_size":"50","show_label_inside":true,"adjust_width":true,"cart_display_type":"text","other_text":"Other","cl_rule":"show","col":6,"values":[{"label":"35","value":"EU 35","price":"","pimage":"","pimage_id":"","pthumb":"","color":""},{"label":"35.5","value":"EU 35.5","price":"","pimage":"","pimage_id":"","pthumb":"","color":""},{"label":"36","value":"EU 36","price":"","pimage":"","pimage_id":"","pthumb":"","color":"","selected":true},{"label":"36 2\/3","value":"EU 36 2\/3","price":"","pimage":"","pimage_id":"","pthumb":"","color":""},{"label":"37 1\/3","value":"EU 37 1\/3","price":"","pimage":"","pimage_id":"","pthumb":"","color":""},{"label":"38","value":"EU 38","price":"","pimage":"","pimage_id":"","pthumb":"","color":""},{"label":"38 2\/3","value":"EU 38 2\/3","price":"","pimage":"","pimage_id":"","pthumb":"","color":""},{"label":"39 1\/3","value":"EU 39 1\/3","price":"","pimage":"","pimage_id":"","pthumb":"","color":""},{"label":"40","value":"EU 40","price":"","pimage":"","pimage_id":"","pthumb":"","color":""},{"label":"40 2\/3","value":"EU 40 2\/3","price":"","pimage":"","pimage_id":"","pthumb":"","color":""},{"label":"41 1\/3","value":"EU 41 1\/3","price":"","pimage":"","pimage_id":"","pthumb":"","color":""},{"label":"42","value":"EU 42","price":"","pimage":"","pimage_id":"","pthumb":"","color":""},{"label":"42 2\/3","value":"EU 42 2\/3","price":"","pimage":"","pimage_id":"","pthumb":"","color":""},{"label":"43 1\/3","value":"EU 43 1\/3","price":"","pimage":"","pimage_id":"","pthumb":"","color":""},{"label":"44","value":"EU 44","price":"","pimage":"","pimage_id":"","pthumb":"","color":""},{"label":"44 2\/3","value":"EU 44 2\/3","price":"","pimage":"","pimage_id":"","pthumb":"","color":""},{"label":"45 1\/3","value":"EU 45 1\/3","price":"","pimage":"","pimage_id":"","pthumb":"","color":""},{"label":"46","value":"EU 46","price":"","pimage":"","pimage_id":"","pthumb":"","color":""},{"label":"46 2\/3","value":"EU 46 2\/3","price":"","pimage":"","pimage_id":"","pthumb":"","color":""},{"label":"47 1\/3","value":"EU 47 1\/3","price":"","pimage":"","pimage_id":"","pthumb":"","color":""}],"relations":[{"operator":false,"rules":[]}],"form_id":24802,"form_rules":{"pric_cal_option_once":false,"exclude_from_discount":false,"pric_use_as_fee":false,"fee_label":"Fee","render_after_acb":false,"disp_hide_options_price":false}}]},"yoast_head":"<!-- This site is optimized with the Yoast SEO plugin v26.5 - https:\/\/yoast.com\/wordpress\/plugins\/seo\/ -->\n<title>Adidas PREDATOR PRO Turf Soccer Shoes Fold-Over Tongue Training Sneakers Iron Metallic\/Zero Metalic\/Lucid Red  - Tourcruiser PTE. LTD<\/title>\n<meta name=\"robots\" content=\"index, follow, max-snippet:-1, max-image-preview:large, max-video-preview:-1\" \/>\n<link rel=\"canonical\" href=\"https:\/\/tourcruiser.com\/\" \/>\n<meta property=\"og:locale\" content=\"de_DE\" \/>\n<meta property=\"og:type\" content=\"article\" \/>\n<meta property=\"og:title\" content=\"Adidas PREDATOR PRO Turf Soccer Shoes Fold-Over Tongue Training Sneakers Iron Metallic\/Zero Metalic\/Lucid Red  - Tourcruiser PTE. LTD\" \/>\n<meta property=\"og:description\" content=\"adidas PREDATOR PRO \u201d\u201d Iron Metallic\/Zero Metalic\/Lucid Red\" \/>\n<meta property=\"og:url\" content=\"\/\" \/>\n<meta property=\"og:site_name\" content=\"Tourcruiser Sneaker Store\" \/>\n<meta property=\"article:modified_time\" content=\"2026-03-27T18:03:16+00:00\" \/>\n<meta name=\"twitter:card\" content=\"summary_large_image\" \/>\n<meta name=\"twitter:image\" content=\"https:\/\/images.novelship.com\/product\/adidas_predator_pro_turf_soccer_shoes_fold-over_to_0_28121.jpeg;https:\/\/images.novelship.com\/product\/adidas_predator_pro_turf_soccer_shoes_fold-over_to_1_28121.jpeg;https:\/\/images.novelship.com\/product\/adidas_predator_pro_turf_soccer_shoes_fold-over_to_2_28121.jpeg;https:\/\/images.novelship.com\/product\/adidas_predator_pro_turf_soccer_shoes_fold-over_to_3_28121.jpeg;https:\/\/images.novelship.com\/product\/adidas_predator_pro_turf_soccer_shoes_fold-over_to_4_28121.jpeg;https:\/\/images.novelship.com\/product\/adidas_predator_pro_turf_soccer_shoes_fold-over_to_5_28121.jpeg;https:\/\/images.novelship.com\/product\/adidas_predator_pro_turf_soccer_shoes_fold-over_to_6_28121.jpeg;https:\/\/images.novelship.com\/product\/adidas_predator_pro_turf_soccer_shoes_fold-over_to_7_28121.jpeg;https:\/\/images.novelship.com\/product\/adidas_predator_pro_turf_soccer_shoes_fold-over_to_8_28121.jpeg\" \/>\n<meta name=\"twitter:label1\" content=\"Gesch\u00e4tzte Lesezeit\" \/>\n\t<meta name=\"twitter:data1\" content=\"1\u00a0Minute\" \/>\n<script type=\"application\/ld+json\" class=\"yoast-schema-graph\">{\"@context\":\"https:\/\/schema.org\",\"@graph\":[{\"@type\":\"WebPage\",\"@id\":\"\/\",\"url\":\"https:\/\/tourcruiser.com\/\",\"name\":\"Adidas PREDATOR PRO Turf Soccer Shoes Fold-Over Tongue Training Sneakers Iron Metallic\/Zero Metalic\/Lucid Red - Tourcruiser PTE. LTD\",\"isPartOf\":{\"@id\":\"https:\/\/tourcruiser.com\/de\/#website\"},\"primaryImageOfPage\":{\"@id\":\"https:\/\/tourcruiser.com\/#primaryimage\"},\"image\":{\"@id\":\"https:\/\/tourcruiser.com\/#primaryimage\"},\"thumbnailUrl\":\"https:\/\/images.novelship.com\/product\/adidas_predator_pro_turf_soccer_shoes_fold-over_to_0_28121.jpeg;https:\/\/images.novelship.com\/product\/adidas_predator_pro_turf_soccer_shoes_fold-over_to_1_28121.jpeg;https:\/\/images.novelship.com\/product\/adidas_predator_pro_turf_soccer_shoes_fold-over_to_2_28121.jpeg;https:\/\/images.novelship.com\/product\/adidas_predator_pro_turf_soccer_shoes_fold-over_to_3_28121.jpeg;https:\/\/images.novelship.com\/product\/adidas_predator_pro_turf_soccer_shoes_fold-over_to_4_28121.jpeg;https:\/\/images.novelship.com\/product\/adidas_predator_pro_turf_soccer_shoes_fold-over_to_5_28121.jpeg;https:\/\/images.novelship.com\/product\/adidas_predator_pro_turf_soccer_shoes_fold-over_to_6_28121.jpeg;https:\/\/images.novelship.com\/product\/adidas_predator_pro_turf_soccer_shoes_fold-over_to_7_28121.jpeg;https:\/\/images.novelship.com\/product\/adidas_predator_pro_turf_soccer_shoes_fold-over_to_8_28121.jpeg\",\"datePublished\":\"2026-03-02T08:17:16+00:00\",\"dateModified\":\"2026-03-27T18:03:16+00:00\",\"breadcrumb\":{\"@id\":\"https:\/\/tourcruiser.com\/#breadcrumb\"},\"inLanguage\":\"de\",\"potentialAction\":[{\"@type\":\"ReadAction\",\"target\":[\"https:\/\/tourcruiser.com\/\"]}]},{\"@type\":\"ImageObject\",\"inLanguage\":\"de\",\"@id\":\"https:\/\/tourcruiser.com\/#primaryimage\",\"url\":\"https:\/\/images.novelship.com\/product\/adidas_predator_pro_turf_soccer_shoes_fold-over_to_0_28121.jpeg;https:\/\/images.novelship.com\/product\/adidas_predator_pro_turf_soccer_shoes_fold-over_to_1_28121.jpeg;https:\/\/images.novelship.com\/product\/adidas_predator_pro_turf_soccer_shoes_fold-over_to_2_28121.jpeg;https:\/\/images.novelship.com\/product\/adidas_predator_pro_turf_soccer_shoes_fold-over_to_3_28121.jpeg;https:\/\/images.novelship.com\/product\/adidas_predator_pro_turf_soccer_shoes_fold-over_to_4_28121.jpeg;https:\/\/images.novelship.com\/product\/adidas_predator_pro_turf_soccer_shoes_fold-over_to_5_28121.jpeg;https:\/\/images.novelship.com\/product\/adidas_predator_pro_turf_soccer_shoes_fold-over_to_6_28121.jpeg;https:\/\/images.novelship.com\/product\/adidas_predator_pro_turf_soccer_shoes_fold-over_to_7_28121.jpeg;https:\/\/images.novelship.com\/product\/adidas_predator_pro_turf_soccer_shoes_fold-over_to_8_28121.jpeg\",\"contentUrl\":\"https:\/\/images.novelship.com\/product\/adidas_predator_pro_turf_soccer_shoes_fold-over_to_0_28121.jpeg;https:\/\/images.novelship.com\/product\/adidas_predator_pro_turf_soccer_shoes_fold-over_to_1_28121.jpeg;https:\/\/images.novelship.com\/product\/adidas_predator_pro_turf_soccer_shoes_fold-over_to_2_28121.jpeg;https:\/\/images.novelship.com\/product\/adidas_predator_pro_turf_soccer_shoes_fold-over_to_3_28121.jpeg;https:\/\/images.novelship.com\/product\/adidas_predator_pro_turf_soccer_shoes_fold-over_to_4_28121.jpeg;https:\/\/images.novelship.com\/product\/adidas_predator_pro_turf_soccer_shoes_fold-over_to_5_28121.jpeg;https:\/\/images.novelship.com\/product\/adidas_predator_pro_turf_soccer_shoes_fold-over_to_6_28121.jpeg;https:\/\/images.novelship.com\/product\/adidas_predator_pro_turf_soccer_shoes_fold-over_to_7_28121.jpeg;https:\/\/images.novelship.com\/product\/adidas_predator_pro_turf_soccer_shoes_fold-over_to_8_28121.jpeg\"},{\"@type\":\"BreadcrumbList\",\"@id\":\"https:\/\/tourcruiser.com\/#breadcrumb\",\"itemListElement\":[{\"@type\":\"ListItem\",\"position\":1,\"name\":\"Home\",\"item\":\"https:\/\/tourcruiser.com\/de\/\"},{\"@type\":\"ListItem\",\"position\":2,\"name\":\"Shop\",\"item\":\"https:\/\/tourcruiser.com\/de\/shop\/\"},{\"@type\":\"ListItem\",\"position\":3,\"name\":\"Adidas PREDATOR PRO Turf Soccer Shoes Fold-Over Tongue Training Sneakers Iron Metallic\/Zero Metalic\/Lucid Red\"}]},{\"@type\":\"WebSite\",\"@id\":\"https:\/\/tourcruiser.com\/de\/#website\",\"url\":\"https:\/\/tourcruiser.com\/de\/\",\"name\":\"Styloral Jewelry Shop\",\"description\":\"Tourcruiser Sneaker Store \u2014 der Ort, an dem das Universum deine Einzigartigkeit trifft.\",\"publisher\":{\"@id\":\"https:\/\/tourcruiser.com\/de\/#organization\"},\"potentialAction\":[{\"@type\":\"SearchAction\",\"target\":{\"@type\":\"EntryPoint\",\"urlTemplate\":\"https:\/\/tourcruiser.com\/de\/?s={search_term_string}\"},\"query-input\":{\"@type\":\"PropertyValueSpecification\",\"valueRequired\":true,\"valueName\":\"search_term_string\"}}],\"inLanguage\":\"de\"},{\"@type\":\"Organization\",\"@id\":\"https:\/\/tourcruiser.com\/de\/#organization\",\"name\":\"STYLORAL PTE. LTD\",\"url\":\"https:\/\/tourcruiser.com\/de\/\",\"logo\":{\"@type\":\"ImageObject\",\"inLanguage\":\"de\",\"@id\":\"https:\/\/tourcruiser.com\/de\/#\/schema\/logo\/image\/\",\"url\":\"https:\/\/www.tourcruiser.com\/wp-content\/uploads\/2025\/12\/logo.png\",\"contentUrl\":\"https:\/\/www.tourcruiser.com\/wp-content\/uploads\/2025\/12\/logo.png\",\"width\":200,\"height\":65,\"caption\":\"STYLORAL PTE. LTD\"},\"image\":{\"@id\":\"https:\/\/tourcruiser.com\/de\/#\/schema\/logo\/image\/\"}}]}<\/script>\n<!-- \/ Yoast SEO plugin. -->","yoast_head_json":{"title":"Adidas PREDATOR PRO Turf Soccer Shoes Fold-Over Tongue Training Sneakers Iron Metallic\/Zero Metalic\/Lucid Red  - Tourcruiser PTE. LTD","robots":{"index":"index","follow":"follow","max-snippet":"max-snippet:-1","max-image-preview":"max-image-preview:large","max-video-preview":"max-video-preview:-1"},"canonical":"https:\/\/tourcruiser.com\/","og_locale":"de_DE","og_type":"article","og_title":"Adidas PREDATOR PRO Turf Soccer Shoes Fold-Over Tongue Training Sneakers Iron Metallic\/Zero Metalic\/Lucid Red  - Tourcruiser PTE. LTD","og_description":"adidas PREDATOR PRO \u201d\u201d Iron Metallic\/Zero Metalic\/Lucid Red","og_url":"\/","og_site_name":"Tourcruiser Sneaker Store","article_modified_time":"2026-03-27T18:03:16+00:00","twitter_card":"summary_large_image","twitter_image":"https:\/\/images.novelship.com\/product\/adidas_predator_pro_turf_soccer_shoes_fold-over_to_0_28121.jpeg;https:\/\/images.novelship.com\/product\/adidas_predator_pro_turf_soccer_shoes_fold-over_to_1_28121.jpeg;https:\/\/images.novelship.com\/product\/adidas_predator_pro_turf_soccer_shoes_fold-over_to_2_28121.jpeg;https:\/\/images.novelship.com\/product\/adidas_predator_pro_turf_soccer_shoes_fold-over_to_3_28121.jpeg;https:\/\/images.novelship.com\/product\/adidas_predator_pro_turf_soccer_shoes_fold-over_to_4_28121.jpeg;https:\/\/images.novelship.com\/product\/adidas_predator_pro_turf_soccer_shoes_fold-over_to_5_28121.jpeg;https:\/\/images.novelship.com\/product\/adidas_predator_pro_turf_soccer_shoes_fold-over_to_6_28121.jpeg;https:\/\/images.novelship.com\/product\/adidas_predator_pro_turf_soccer_shoes_fold-over_to_7_28121.jpeg;https:\/\/images.novelship.com\/product\/adidas_predator_pro_turf_soccer_shoes_fold-over_to_8_28121.jpeg","twitter_misc":{"Gesch\u00e4tzte Lesezeit":"1\u00a0Minute"},"schema":{"@context":"https:\/\/schema.org","@graph":[{"@type":"WebPage","@id":"\/","url":"https:\/\/tourcruiser.com\/","name":"Adidas PREDATOR PRO Turf Soccer Shoes Fold-Over Tongue Training Sneakers Iron Metallic\/Zero Metalic\/Lucid Red - Tourcruiser PTE. LTD","isPartOf":{"@id":"https:\/\/tourcruiser.com\/de\/#website"},"primaryImageOfPage":{"@id":"https:\/\/tourcruiser.com\/#primaryimage"},"image":{"@id":"https:\/\/tourcruiser.com\/#primaryimage"},"thumbnailUrl":"https:\/\/images.novelship.com\/product\/adidas_predator_pro_turf_soccer_shoes_fold-over_to_0_28121.jpeg;https:\/\/images.novelship.com\/product\/adidas_predator_pro_turf_soccer_shoes_fold-over_to_1_28121.jpeg;https:\/\/images.novelship.com\/product\/adidas_predator_pro_turf_soccer_shoes_fold-over_to_2_28121.jpeg;https:\/\/images.novelship.com\/product\/adidas_predator_pro_turf_soccer_shoes_fold-over_to_3_28121.jpeg;https:\/\/images.novelship.com\/product\/adidas_predator_pro_turf_soccer_shoes_fold-over_to_4_28121.jpeg;https:\/\/images.novelship.com\/product\/adidas_predator_pro_turf_soccer_shoes_fold-over_to_5_28121.jpeg;https:\/\/images.novelship.com\/product\/adidas_predator_pro_turf_soccer_shoes_fold-over_to_6_28121.jpeg;https:\/\/images.novelship.com\/product\/adidas_predator_pro_turf_soccer_shoes_fold-over_to_7_28121.jpeg;https:\/\/images.novelship.com\/product\/adidas_predator_pro_turf_soccer_shoes_fold-over_to_8_28121.jpeg","datePublished":"2026-03-02T08:17:16+00:00","dateModified":"2026-03-27T18:03:16+00:00","breadcrumb":{"@id":"https:\/\/tourcruiser.com\/#breadcrumb"},"inLanguage":"de","potentialAction":[{"@type":"ReadAction","target":["https:\/\/tourcruiser.com\/"]}]},{"@type":"ImageObject","inLanguage":"de","@id":"https:\/\/tourcruiser.com\/#primaryimage","url":"https:\/\/images.novelship.com\/product\/adidas_predator_pro_turf_soccer_shoes_fold-over_to_0_28121.jpeg;https:\/\/images.novelship.com\/product\/adidas_predator_pro_turf_soccer_shoes_fold-over_to_1_28121.jpeg;https:\/\/images.novelship.com\/product\/adidas_predator_pro_turf_soccer_shoes_fold-over_to_2_28121.jpeg;https:\/\/images.novelship.com\/product\/adidas_predator_pro_turf_soccer_shoes_fold-over_to_3_28121.jpeg;https:\/\/images.novelship.com\/product\/adidas_predator_pro_turf_soccer_shoes_fold-over_to_4_28121.jpeg;https:\/\/images.novelship.com\/product\/adidas_predator_pro_turf_soccer_shoes_fold-over_to_5_28121.jpeg;https:\/\/images.novelship.com\/product\/adidas_predator_pro_turf_soccer_shoes_fold-over_to_6_28121.jpeg;https:\/\/images.novelship.com\/product\/adidas_predator_pro_turf_soccer_shoes_fold-over_to_7_28121.jpeg;https:\/\/images.novelship.com\/product\/adidas_predator_pro_turf_soccer_shoes_fold-over_to_8_28121.jpeg","contentUrl":"https:\/\/images.novelship.com\/product\/adidas_predator_pro_turf_soccer_shoes_fold-over_to_0_28121.jpeg;https:\/\/images.novelship.com\/product\/adidas_predator_pro_turf_soccer_shoes_fold-over_to_1_28121.jpeg;https:\/\/images.novelship.com\/product\/adidas_predator_pro_turf_soccer_shoes_fold-over_to_2_28121.jpeg;https:\/\/images.novelship.com\/product\/adidas_predator_pro_turf_soccer_shoes_fold-over_to_3_28121.jpeg;https:\/\/images.novelship.com\/product\/adidas_predator_pro_turf_soccer_shoes_fold-over_to_4_28121.jpeg;https:\/\/images.novelship.com\/product\/adidas_predator_pro_turf_soccer_shoes_fold-over_to_5_28121.jpeg;https:\/\/images.novelship.com\/product\/adidas_predator_pro_turf_soccer_shoes_fold-over_to_6_28121.jpeg;https:\/\/images.novelship.com\/product\/adidas_predator_pro_turf_soccer_shoes_fold-over_to_7_28121.jpeg;https:\/\/images.novelship.com\/product\/adidas_predator_pro_turf_soccer_shoes_fold-over_to_8_28121.jpeg"},{"@type":"BreadcrumbList","@id":"https:\/\/tourcruiser.com\/#breadcrumb","itemListElement":[{"@type":"ListItem","position":1,"name":"Home","item":"https:\/\/tourcruiser.com\/de\/"},{"@type":"ListItem","position":2,"name":"Shop","item":"https:\/\/tourcruiser.com\/de\/shop\/"},{"@type":"ListItem","position":3,"name":"Adidas PREDATOR PRO Turf Soccer Shoes Fold-Over Tongue Training Sneakers Iron Metallic\/Zero Metalic\/Lucid Red"}]},{"@type":"WebSite","@id":"https:\/\/tourcruiser.com\/de\/#website","url":"https:\/\/tourcruiser.com\/de\/","name":"Styloral Jewelry Shop","description":"Tourcruiser Sneaker Store \u2014 der Ort, an dem das Universum deine Einzigartigkeit trifft.","publisher":{"@id":"https:\/\/tourcruiser.com\/de\/#organization"},"potentialAction":[{"@type":"SearchAction","target":{"@type":"EntryPoint","urlTemplate":"https:\/\/tourcruiser.com\/de\/?s={search_term_string}"},"query-input":{"@type":"PropertyValueSpecification","valueRequired":true,"valueName":"search_term_string"}}],"inLanguage":"de"},{"@type":"Organization","@id":"https:\/\/tourcruiser.com\/de\/#organization","name":"STYLORAL PTE. LTD","url":"https:\/\/tourcruiser.com\/de\/","logo":{"@type":"ImageObject","inLanguage":"de","@id":"https:\/\/tourcruiser.com\/de\/#\/schema\/logo\/image\/","url":"https:\/\/www.tourcruiser.com\/wp-content\/uploads\/2025\/12\/logo.png","contentUrl":"https:\/\/www.tourcruiser.com\/wp-content\/uploads\/2025\/12\/logo.png","width":200,"height":65,"caption":"STYLORAL PTE. LTD"},"image":{"@id":"https:\/\/tourcruiser.com\/de\/#\/schema\/logo\/image\/"}}]}},"_links":{"self":[{"href":"https:\/\/tourcruiser.com\/de\/wp-json\/wp\/v2\/product\/56403","targetHints":{"allow":["GET"]}}],"collection":[{"href":"https:\/\/tourcruiser.com\/de\/wp-json\/wp\/v2\/product"}],"about":[{"href":"https:\/\/tourcruiser.com\/de\/wp-json\/wp\/v2\/types\/product"}],"replies":[{"embeddable":true,"href":"https:\/\/tourcruiser.com\/de\/wp-json\/wp\/v2\/comments?post=56403"}],"wp:featuredmedia":[{"embeddable":true,"href":"https:\/\/tourcruiser.com\/de\/wp-json\/wp\/v2\/media\/56404"}],"wp:attachment":[{"href":"https:\/\/tourcruiser.com\/de\/wp-json\/wp\/v2\/media?parent=56403"}],"wp:term":[{"taxonomy":"product_brand","embeddable":true,"href":"https:\/\/tourcruiser.com\/de\/wp-json\/wp\/v2\/product_brand?post=56403"},{"taxonomy":"product_cat","embeddable":true,"href":"https:\/\/tourcruiser.com\/de\/wp-json\/wp\/v2\/product_cat?post=56403"},{"taxonomy":"product_tag","embeddable":true,"href":"https:\/\/tourcruiser.com\/de\/wp-json\/wp\/v2\/product_tag?post=56403"}],"curies":[{"name":"wp","href":"https:\/\/api.w.org\/{rel}","templated":true}]}}