{"id":56259,"date":"2026-03-02T15:17:04","date_gmt":"2026-03-02T08:17:04","guid":{"rendered":"http:\/\/tourcruiser.com\/product\/adidas-supernova-rise-gtx-running-shoes-beigesilver-metallicwonder-silver"},"modified":"2026-03-28T01:03:12","modified_gmt":"2026-03-27T18:03:12","slug":"adidas-supernova-rise-gtx-running-shoes-beigesilver-metallicwonder-silver","status":"publish","type":"product","link":"https:\/\/tourcruiser.com\/de\/products\/adidas-supernova-rise-gtx-running-shoes-beigesilver-metallicwonder-silver\/","title":{"rendered":"Adidas Supernova Rise GTX  Running Shoes Beige\/Silver Metallic\/Wonder Silver"},"content":{"rendered":"<p>Verbessere dein Lauferlebnis mit den Adidas Supernova Rise GTX Laufschuhen. Diese Schuhe sind f\u00fcr jedes Terrain und jedes Wetter geeignet und verf\u00fcgen \u00fcber die fortschrittliche GORE-TEX-Technologie, die deine F\u00fc\u00dfe trocken und komfortabel h\u00e4lt. Die elegante Farbkombination Beige\/Silber Metallic\/Wonder Silver sorgt f\u00fcr einen stylischen Look, w\u00e4hrend die reaktionsfreudige D\u00e4mpfung deine Performance verbessert und St\u00f6\u00dfe reduziert. Dieses Modell JP8762 ist perfekt f\u00fcr ambitionierte Athleten weltweit und vereint Innovation mit Style. So kannst du jede Distanz mit Selbstvertrauen und unvergleichlicher Unterst\u00fctzung meistern. Hol dir noch heute ein Upgrade f\u00fcr deine Sportgarderobe!<\/p>\n<ul>\n<li><strong>Farbkombination:<\/strong> Beige\/Silber Metallic\/Wonder Silver<\/li>\n<li><strong>Artikelnummer:<\/strong> JP8762<\/li>\n<li><strong>Farbe:<\/strong> Beige<\/li>\n<\/ul>\n","protected":false},"excerpt":{"rendered":"<p>adidas Supernova Rise \u201d\u201d Beige\/Silver Metallic\/Wonder Silver<\/p>\n","protected":false},"featured_media":56260,"comment_status":"open","ping_status":"closed","template":"","meta":[],"product_brand":[],"product_cat":[10760],"product_tag":[10759,11053,10839,10802,10840,10758],"class_list":{"0":"post-56259","1":"product","2":"type-product","3":"status-publish","4":"has-post-thumbnail","6":"product_cat-adidas","7":"product_tag-adidas","8":"product_tag-lightweight-running-shoes","9":"product_tag-performance-running-shoes","10":"product_tag-performance-sport-shoes","11":"product_tag-running-shoes","12":"product_tag-under-retail","13":"wcpa_has_options","15":"first","16":"outofstock","17":"taxable","18":"shipping-taxable","19":"purchasable","20":"product-type-simple"},"wcpa_form_fields":{"rules":{"pric_overide_base_price":false,"pric_overide_base_price_if_gt_zero":false,"pric_overide_base_price_fully":false,"pric_cal_option_once":false,"pric_use_as_fee":false,"bind_quantity":false,"quantity_bind_formula":false},"fields":[{"type":"color-group","required":true,"elementId":"wcpa-color-group-66c4a7f817afe","label":"Gr\u00f6\u00dfe","inline":true,"priceOptions":"different_for_all","pricingType":"fixed","className":"hassizechart product-shoes-size-eu product-shoes-size","name":"color-group-66c4a7f817b18","disp_type":"square","selection_type":"tick-border","disp_size":"50","show_label_inside":true,"adjust_width":true,"cart_display_type":"text","other_text":"Other","cl_rule":"show","col":6,"values":[{"label":"35","value":"EU 35","price":"","pimage":"","pimage_id":"","pthumb":"","color":""},{"label":"35.5","value":"EU 35.5","price":"","pimage":"","pimage_id":"","pthumb":"","color":""},{"label":"36","value":"EU 36","price":"","pimage":"","pimage_id":"","pthumb":"","color":"","selected":true},{"label":"36 2\/3","value":"EU 36 2\/3","price":"","pimage":"","pimage_id":"","pthumb":"","color":""},{"label":"37 1\/3","value":"EU 37 1\/3","price":"","pimage":"","pimage_id":"","pthumb":"","color":""},{"label":"38","value":"EU 38","price":"","pimage":"","pimage_id":"","pthumb":"","color":""},{"label":"38 2\/3","value":"EU 38 2\/3","price":"","pimage":"","pimage_id":"","pthumb":"","color":""},{"label":"39 1\/3","value":"EU 39 1\/3","price":"","pimage":"","pimage_id":"","pthumb":"","color":""},{"label":"40","value":"EU 40","price":"","pimage":"","pimage_id":"","pthumb":"","color":""},{"label":"40 2\/3","value":"EU 40 2\/3","price":"","pimage":"","pimage_id":"","pthumb":"","color":""},{"label":"41 1\/3","value":"EU 41 1\/3","price":"","pimage":"","pimage_id":"","pthumb":"","color":""},{"label":"42","value":"EU 42","price":"","pimage":"","pimage_id":"","pthumb":"","color":""},{"label":"42 2\/3","value":"EU 42 2\/3","price":"","pimage":"","pimage_id":"","pthumb":"","color":""},{"label":"43 1\/3","value":"EU 43 1\/3","price":"","pimage":"","pimage_id":"","pthumb":"","color":""},{"label":"44","value":"EU 44","price":"","pimage":"","pimage_id":"","pthumb":"","color":""},{"label":"44 2\/3","value":"EU 44 2\/3","price":"","pimage":"","pimage_id":"","pthumb":"","color":""},{"label":"45 1\/3","value":"EU 45 1\/3","price":"","pimage":"","pimage_id":"","pthumb":"","color":""},{"label":"46","value":"EU 46","price":"","pimage":"","pimage_id":"","pthumb":"","color":""},{"label":"46 2\/3","value":"EU 46 2\/3","price":"","pimage":"","pimage_id":"","pthumb":"","color":""},{"label":"47 1\/3","value":"EU 47 1\/3","price":"","pimage":"","pimage_id":"","pthumb":"","color":""}],"relations":[{"operator":false,"rules":[]}],"form_id":24802,"form_rules":{"pric_cal_option_once":false,"exclude_from_discount":false,"pric_use_as_fee":false,"fee_label":"Fee","render_after_acb":false,"disp_hide_options_price":false}}]},"yoast_head":"<!-- This site is optimized with the Yoast SEO plugin v26.5 - https:\/\/yoast.com\/wordpress\/plugins\/seo\/ -->\n<title>Adidas Supernova Rise GTX Running Shoes Beige\/Silver Metallic\/Wonder Silver  - Tourcruiser PTE. LTD<\/title>\n<meta name=\"robots\" content=\"index, follow, max-snippet:-1, max-image-preview:large, max-video-preview:-1\" \/>\n<link rel=\"canonical\" href=\"https:\/\/tourcruiser.com\/\" \/>\n<meta property=\"og:locale\" content=\"de_DE\" \/>\n<meta property=\"og:type\" content=\"article\" \/>\n<meta property=\"og:title\" content=\"Adidas Supernova Rise GTX Running Shoes Beige\/Silver Metallic\/Wonder Silver  - Tourcruiser PTE. LTD\" \/>\n<meta property=\"og:description\" content=\"adidas Supernova Rise \u201d\u201d Beige\/Silver Metallic\/Wonder Silver\" \/>\n<meta property=\"og:url\" content=\"\/\" \/>\n<meta property=\"og:site_name\" content=\"Tourcruiser Sneaker Store\" \/>\n<meta property=\"article:modified_time\" content=\"2026-03-27T18:03:12+00:00\" \/>\n<meta name=\"twitter:card\" content=\"summary_large_image\" \/>\n<meta name=\"twitter:image\" content=\"https:\/\/images.novelship.com\/product\/adidas_supernova_rise_gtx__running_shoes_beige_sil_0_6366.jpeg;https:\/\/images.novelship.com\/product\/adidas_supernova_rise_gtx__running_shoes_beige_sil_1_6366.jpeg;https:\/\/images.novelship.com\/product\/adidas_supernova_rise_gtx__running_shoes_beige_sil_2_6366.jpeg;https:\/\/images.novelship.com\/product\/adidas_supernova_rise_gtx__running_shoes_beige_sil_3_6366.jpeg;https:\/\/images.novelship.com\/product\/adidas_supernova_rise_gtx__running_shoes_beige_sil_4_6366.jpeg;https:\/\/images.novelship.com\/product\/adidas_supernova_rise_gtx__running_shoes_beige_sil_5_6366.jpeg;https:\/\/images.novelship.com\/product\/adidas_supernova_rise_gtx__running_shoes_beige_sil_6_6366.jpeg;https:\/\/images.novelship.com\/product\/adidas_supernova_rise_gtx__running_shoes_beige_sil_7_6366.jpeg;https:\/\/images.novelship.com\/product\/adidas_supernova_rise_gtx__running_shoes_beige_sil_8_6366.jpeg;https:\/\/images.novelship.com\/product\/adidas_supernova_rise_gtx__running_shoes_beige_sil_9_6366.jpeg\" \/>\n<meta name=\"twitter:label1\" content=\"Gesch\u00e4tzte Lesezeit\" \/>\n\t<meta name=\"twitter:data1\" content=\"1\u00a0Minute\" \/>\n<script type=\"application\/ld+json\" class=\"yoast-schema-graph\">{\"@context\":\"https:\/\/schema.org\",\"@graph\":[{\"@type\":\"WebPage\",\"@id\":\"\/\",\"url\":\"https:\/\/tourcruiser.com\/\",\"name\":\"Adidas Supernova Rise GTX Running Shoes Beige\/Silver Metallic\/Wonder Silver - Tourcruiser PTE. LTD\",\"isPartOf\":{\"@id\":\"https:\/\/tourcruiser.com\/de\/#website\"},\"primaryImageOfPage\":{\"@id\":\"https:\/\/tourcruiser.com\/#primaryimage\"},\"image\":{\"@id\":\"https:\/\/tourcruiser.com\/#primaryimage\"},\"thumbnailUrl\":\"https:\/\/images.novelship.com\/product\/adidas_supernova_rise_gtx__running_shoes_beige_sil_0_6366.jpeg;https:\/\/images.novelship.com\/product\/adidas_supernova_rise_gtx__running_shoes_beige_sil_1_6366.jpeg;https:\/\/images.novelship.com\/product\/adidas_supernova_rise_gtx__running_shoes_beige_sil_2_6366.jpeg;https:\/\/images.novelship.com\/product\/adidas_supernova_rise_gtx__running_shoes_beige_sil_3_6366.jpeg;https:\/\/images.novelship.com\/product\/adidas_supernova_rise_gtx__running_shoes_beige_sil_4_6366.jpeg;https:\/\/images.novelship.com\/product\/adidas_supernova_rise_gtx__running_shoes_beige_sil_5_6366.jpeg;https:\/\/images.novelship.com\/product\/adidas_supernova_rise_gtx__running_shoes_beige_sil_6_6366.jpeg;https:\/\/images.novelship.com\/product\/adidas_supernova_rise_gtx__running_shoes_beige_sil_7_6366.jpeg;https:\/\/images.novelship.com\/product\/adidas_supernova_rise_gtx__running_shoes_beige_sil_8_6366.jpeg;https:\/\/images.novelship.com\/product\/adidas_supernova_rise_gtx__running_shoes_beige_sil_9_6366.jpeg\",\"datePublished\":\"2026-03-02T08:17:04+00:00\",\"dateModified\":\"2026-03-27T18:03:12+00:00\",\"breadcrumb\":{\"@id\":\"https:\/\/tourcruiser.com\/#breadcrumb\"},\"inLanguage\":\"de\",\"potentialAction\":[{\"@type\":\"ReadAction\",\"target\":[\"https:\/\/tourcruiser.com\/\"]}]},{\"@type\":\"ImageObject\",\"inLanguage\":\"de\",\"@id\":\"https:\/\/tourcruiser.com\/#primaryimage\",\"url\":\"https:\/\/images.novelship.com\/product\/adidas_supernova_rise_gtx__running_shoes_beige_sil_0_6366.jpeg;https:\/\/images.novelship.com\/product\/adidas_supernova_rise_gtx__running_shoes_beige_sil_1_6366.jpeg;https:\/\/images.novelship.com\/product\/adidas_supernova_rise_gtx__running_shoes_beige_sil_2_6366.jpeg;https:\/\/images.novelship.com\/product\/adidas_supernova_rise_gtx__running_shoes_beige_sil_3_6366.jpeg;https:\/\/images.novelship.com\/product\/adidas_supernova_rise_gtx__running_shoes_beige_sil_4_6366.jpeg;https:\/\/images.novelship.com\/product\/adidas_supernova_rise_gtx__running_shoes_beige_sil_5_6366.jpeg;https:\/\/images.novelship.com\/product\/adidas_supernova_rise_gtx__running_shoes_beige_sil_6_6366.jpeg;https:\/\/images.novelship.com\/product\/adidas_supernova_rise_gtx__running_shoes_beige_sil_7_6366.jpeg;https:\/\/images.novelship.com\/product\/adidas_supernova_rise_gtx__running_shoes_beige_sil_8_6366.jpeg;https:\/\/images.novelship.com\/product\/adidas_supernova_rise_gtx__running_shoes_beige_sil_9_6366.jpeg\",\"contentUrl\":\"https:\/\/images.novelship.com\/product\/adidas_supernova_rise_gtx__running_shoes_beige_sil_0_6366.jpeg;https:\/\/images.novelship.com\/product\/adidas_supernova_rise_gtx__running_shoes_beige_sil_1_6366.jpeg;https:\/\/images.novelship.com\/product\/adidas_supernova_rise_gtx__running_shoes_beige_sil_2_6366.jpeg;https:\/\/images.novelship.com\/product\/adidas_supernova_rise_gtx__running_shoes_beige_sil_3_6366.jpeg;https:\/\/images.novelship.com\/product\/adidas_supernova_rise_gtx__running_shoes_beige_sil_4_6366.jpeg;https:\/\/images.novelship.com\/product\/adidas_supernova_rise_gtx__running_shoes_beige_sil_5_6366.jpeg;https:\/\/images.novelship.com\/product\/adidas_supernova_rise_gtx__running_shoes_beige_sil_6_6366.jpeg;https:\/\/images.novelship.com\/product\/adidas_supernova_rise_gtx__running_shoes_beige_sil_7_6366.jpeg;https:\/\/images.novelship.com\/product\/adidas_supernova_rise_gtx__running_shoes_beige_sil_8_6366.jpeg;https:\/\/images.novelship.com\/product\/adidas_supernova_rise_gtx__running_shoes_beige_sil_9_6366.jpeg\"},{\"@type\":\"BreadcrumbList\",\"@id\":\"https:\/\/tourcruiser.com\/#breadcrumb\",\"itemListElement\":[{\"@type\":\"ListItem\",\"position\":1,\"name\":\"Home\",\"item\":\"https:\/\/tourcruiser.com\/de\/\"},{\"@type\":\"ListItem\",\"position\":2,\"name\":\"Shop\",\"item\":\"https:\/\/tourcruiser.com\/de\/shop\/\"},{\"@type\":\"ListItem\",\"position\":3,\"name\":\"Adidas Supernova Rise GTX Running Shoes Beige\/Silver Metallic\/Wonder Silver\"}]},{\"@type\":\"WebSite\",\"@id\":\"https:\/\/tourcruiser.com\/de\/#website\",\"url\":\"https:\/\/tourcruiser.com\/de\/\",\"name\":\"Styloral Jewelry Shop\",\"description\":\"Tourcruiser Sneaker Store \u2014 der Ort, an dem das Universum deine Einzigartigkeit trifft.\",\"publisher\":{\"@id\":\"https:\/\/tourcruiser.com\/de\/#organization\"},\"potentialAction\":[{\"@type\":\"SearchAction\",\"target\":{\"@type\":\"EntryPoint\",\"urlTemplate\":\"https:\/\/tourcruiser.com\/de\/?s={search_term_string}\"},\"query-input\":{\"@type\":\"PropertyValueSpecification\",\"valueRequired\":true,\"valueName\":\"search_term_string\"}}],\"inLanguage\":\"de\"},{\"@type\":\"Organization\",\"@id\":\"https:\/\/tourcruiser.com\/de\/#organization\",\"name\":\"STYLORAL PTE. LTD\",\"url\":\"https:\/\/tourcruiser.com\/de\/\",\"logo\":{\"@type\":\"ImageObject\",\"inLanguage\":\"de\",\"@id\":\"https:\/\/tourcruiser.com\/de\/#\/schema\/logo\/image\/\",\"url\":\"https:\/\/www.tourcruiser.com\/wp-content\/uploads\/2025\/12\/logo.png\",\"contentUrl\":\"https:\/\/www.tourcruiser.com\/wp-content\/uploads\/2025\/12\/logo.png\",\"width\":200,\"height\":65,\"caption\":\"STYLORAL PTE. LTD\"},\"image\":{\"@id\":\"https:\/\/tourcruiser.com\/de\/#\/schema\/logo\/image\/\"}}]}<\/script>\n<!-- \/ Yoast SEO plugin. -->","yoast_head_json":{"title":"Adidas Supernova Rise GTX Running Shoes Beige\/Silver Metallic\/Wonder Silver  - Tourcruiser PTE. LTD","robots":{"index":"index","follow":"follow","max-snippet":"max-snippet:-1","max-image-preview":"max-image-preview:large","max-video-preview":"max-video-preview:-1"},"canonical":"https:\/\/tourcruiser.com\/","og_locale":"de_DE","og_type":"article","og_title":"Adidas Supernova Rise GTX Running Shoes Beige\/Silver Metallic\/Wonder Silver  - Tourcruiser PTE. LTD","og_description":"adidas Supernova Rise \u201d\u201d Beige\/Silver Metallic\/Wonder Silver","og_url":"\/","og_site_name":"Tourcruiser Sneaker Store","article_modified_time":"2026-03-27T18:03:12+00:00","twitter_card":"summary_large_image","twitter_image":"https:\/\/images.novelship.com\/product\/adidas_supernova_rise_gtx__running_shoes_beige_sil_0_6366.jpeg;https:\/\/images.novelship.com\/product\/adidas_supernova_rise_gtx__running_shoes_beige_sil_1_6366.jpeg;https:\/\/images.novelship.com\/product\/adidas_supernova_rise_gtx__running_shoes_beige_sil_2_6366.jpeg;https:\/\/images.novelship.com\/product\/adidas_supernova_rise_gtx__running_shoes_beige_sil_3_6366.jpeg;https:\/\/images.novelship.com\/product\/adidas_supernova_rise_gtx__running_shoes_beige_sil_4_6366.jpeg;https:\/\/images.novelship.com\/product\/adidas_supernova_rise_gtx__running_shoes_beige_sil_5_6366.jpeg;https:\/\/images.novelship.com\/product\/adidas_supernova_rise_gtx__running_shoes_beige_sil_6_6366.jpeg;https:\/\/images.novelship.com\/product\/adidas_supernova_rise_gtx__running_shoes_beige_sil_7_6366.jpeg;https:\/\/images.novelship.com\/product\/adidas_supernova_rise_gtx__running_shoes_beige_sil_8_6366.jpeg;https:\/\/images.novelship.com\/product\/adidas_supernova_rise_gtx__running_shoes_beige_sil_9_6366.jpeg","twitter_misc":{"Gesch\u00e4tzte Lesezeit":"1\u00a0Minute"},"schema":{"@context":"https:\/\/schema.org","@graph":[{"@type":"WebPage","@id":"\/","url":"https:\/\/tourcruiser.com\/","name":"Adidas Supernova Rise GTX Running Shoes Beige\/Silver Metallic\/Wonder Silver - Tourcruiser PTE. LTD","isPartOf":{"@id":"https:\/\/tourcruiser.com\/de\/#website"},"primaryImageOfPage":{"@id":"https:\/\/tourcruiser.com\/#primaryimage"},"image":{"@id":"https:\/\/tourcruiser.com\/#primaryimage"},"thumbnailUrl":"https:\/\/images.novelship.com\/product\/adidas_supernova_rise_gtx__running_shoes_beige_sil_0_6366.jpeg;https:\/\/images.novelship.com\/product\/adidas_supernova_rise_gtx__running_shoes_beige_sil_1_6366.jpeg;https:\/\/images.novelship.com\/product\/adidas_supernova_rise_gtx__running_shoes_beige_sil_2_6366.jpeg;https:\/\/images.novelship.com\/product\/adidas_supernova_rise_gtx__running_shoes_beige_sil_3_6366.jpeg;https:\/\/images.novelship.com\/product\/adidas_supernova_rise_gtx__running_shoes_beige_sil_4_6366.jpeg;https:\/\/images.novelship.com\/product\/adidas_supernova_rise_gtx__running_shoes_beige_sil_5_6366.jpeg;https:\/\/images.novelship.com\/product\/adidas_supernova_rise_gtx__running_shoes_beige_sil_6_6366.jpeg;https:\/\/images.novelship.com\/product\/adidas_supernova_rise_gtx__running_shoes_beige_sil_7_6366.jpeg;https:\/\/images.novelship.com\/product\/adidas_supernova_rise_gtx__running_shoes_beige_sil_8_6366.jpeg;https:\/\/images.novelship.com\/product\/adidas_supernova_rise_gtx__running_shoes_beige_sil_9_6366.jpeg","datePublished":"2026-03-02T08:17:04+00:00","dateModified":"2026-03-27T18:03:12+00:00","breadcrumb":{"@id":"https:\/\/tourcruiser.com\/#breadcrumb"},"inLanguage":"de","potentialAction":[{"@type":"ReadAction","target":["https:\/\/tourcruiser.com\/"]}]},{"@type":"ImageObject","inLanguage":"de","@id":"https:\/\/tourcruiser.com\/#primaryimage","url":"https:\/\/images.novelship.com\/product\/adidas_supernova_rise_gtx__running_shoes_beige_sil_0_6366.jpeg;https:\/\/images.novelship.com\/product\/adidas_supernova_rise_gtx__running_shoes_beige_sil_1_6366.jpeg;https:\/\/images.novelship.com\/product\/adidas_supernova_rise_gtx__running_shoes_beige_sil_2_6366.jpeg;https:\/\/images.novelship.com\/product\/adidas_supernova_rise_gtx__running_shoes_beige_sil_3_6366.jpeg;https:\/\/images.novelship.com\/product\/adidas_supernova_rise_gtx__running_shoes_beige_sil_4_6366.jpeg;https:\/\/images.novelship.com\/product\/adidas_supernova_rise_gtx__running_shoes_beige_sil_5_6366.jpeg;https:\/\/images.novelship.com\/product\/adidas_supernova_rise_gtx__running_shoes_beige_sil_6_6366.jpeg;https:\/\/images.novelship.com\/product\/adidas_supernova_rise_gtx__running_shoes_beige_sil_7_6366.jpeg;https:\/\/images.novelship.com\/product\/adidas_supernova_rise_gtx__running_shoes_beige_sil_8_6366.jpeg;https:\/\/images.novelship.com\/product\/adidas_supernova_rise_gtx__running_shoes_beige_sil_9_6366.jpeg","contentUrl":"https:\/\/images.novelship.com\/product\/adidas_supernova_rise_gtx__running_shoes_beige_sil_0_6366.jpeg;https:\/\/images.novelship.com\/product\/adidas_supernova_rise_gtx__running_shoes_beige_sil_1_6366.jpeg;https:\/\/images.novelship.com\/product\/adidas_supernova_rise_gtx__running_shoes_beige_sil_2_6366.jpeg;https:\/\/images.novelship.com\/product\/adidas_supernova_rise_gtx__running_shoes_beige_sil_3_6366.jpeg;https:\/\/images.novelship.com\/product\/adidas_supernova_rise_gtx__running_shoes_beige_sil_4_6366.jpeg;https:\/\/images.novelship.com\/product\/adidas_supernova_rise_gtx__running_shoes_beige_sil_5_6366.jpeg;https:\/\/images.novelship.com\/product\/adidas_supernova_rise_gtx__running_shoes_beige_sil_6_6366.jpeg;https:\/\/images.novelship.com\/product\/adidas_supernova_rise_gtx__running_shoes_beige_sil_7_6366.jpeg;https:\/\/images.novelship.com\/product\/adidas_supernova_rise_gtx__running_shoes_beige_sil_8_6366.jpeg;https:\/\/images.novelship.com\/product\/adidas_supernova_rise_gtx__running_shoes_beige_sil_9_6366.jpeg"},{"@type":"BreadcrumbList","@id":"https:\/\/tourcruiser.com\/#breadcrumb","itemListElement":[{"@type":"ListItem","position":1,"name":"Home","item":"https:\/\/tourcruiser.com\/de\/"},{"@type":"ListItem","position":2,"name":"Shop","item":"https:\/\/tourcruiser.com\/de\/shop\/"},{"@type":"ListItem","position":3,"name":"Adidas Supernova Rise GTX Running Shoes Beige\/Silver Metallic\/Wonder Silver"}]},{"@type":"WebSite","@id":"https:\/\/tourcruiser.com\/de\/#website","url":"https:\/\/tourcruiser.com\/de\/","name":"Styloral Jewelry Shop","description":"Tourcruiser Sneaker Store \u2014 der Ort, an dem das Universum deine Einzigartigkeit trifft.","publisher":{"@id":"https:\/\/tourcruiser.com\/de\/#organization"},"potentialAction":[{"@type":"SearchAction","target":{"@type":"EntryPoint","urlTemplate":"https:\/\/tourcruiser.com\/de\/?s={search_term_string}"},"query-input":{"@type":"PropertyValueSpecification","valueRequired":true,"valueName":"search_term_string"}}],"inLanguage":"de"},{"@type":"Organization","@id":"https:\/\/tourcruiser.com\/de\/#organization","name":"STYLORAL PTE. LTD","url":"https:\/\/tourcruiser.com\/de\/","logo":{"@type":"ImageObject","inLanguage":"de","@id":"https:\/\/tourcruiser.com\/de\/#\/schema\/logo\/image\/","url":"https:\/\/www.tourcruiser.com\/wp-content\/uploads\/2025\/12\/logo.png","contentUrl":"https:\/\/www.tourcruiser.com\/wp-content\/uploads\/2025\/12\/logo.png","width":200,"height":65,"caption":"STYLORAL PTE. LTD"},"image":{"@id":"https:\/\/tourcruiser.com\/de\/#\/schema\/logo\/image\/"}}]}},"_links":{"self":[{"href":"https:\/\/tourcruiser.com\/de\/wp-json\/wp\/v2\/product\/56259","targetHints":{"allow":["GET"]}}],"collection":[{"href":"https:\/\/tourcruiser.com\/de\/wp-json\/wp\/v2\/product"}],"about":[{"href":"https:\/\/tourcruiser.com\/de\/wp-json\/wp\/v2\/types\/product"}],"replies":[{"embeddable":true,"href":"https:\/\/tourcruiser.com\/de\/wp-json\/wp\/v2\/comments?post=56259"}],"wp:featuredmedia":[{"embeddable":true,"href":"https:\/\/tourcruiser.com\/de\/wp-json\/wp\/v2\/media\/56260"}],"wp:attachment":[{"href":"https:\/\/tourcruiser.com\/de\/wp-json\/wp\/v2\/media?parent=56259"}],"wp:term":[{"taxonomy":"product_brand","embeddable":true,"href":"https:\/\/tourcruiser.com\/de\/wp-json\/wp\/v2\/product_brand?post=56259"},{"taxonomy":"product_cat","embeddable":true,"href":"https:\/\/tourcruiser.com\/de\/wp-json\/wp\/v2\/product_cat?post=56259"},{"taxonomy":"product_tag","embeddable":true,"href":"https:\/\/tourcruiser.com\/de\/wp-json\/wp\/v2\/product_tag?post=56259"}],"curies":[{"name":"wp","href":"https:\/\/api.w.org\/{rel}","templated":true}]}}