{"id":56135,"date":"2026-03-02T15:16:50","date_gmt":"2026-03-02T08:16:50","guid":{"rendered":"http:\/\/tourcruiser.com\/product\/nike-tiempo-legend-10-pro-soar-white-"},"modified":"2026-03-28T01:03:02","modified_gmt":"2026-03-27T18:03:02","slug":"nike-tiempo-legend-10-pro-soar-white","status":"publish","type":"product","link":"https:\/\/tourcruiser.com\/de\/products\/nike-tiempo-legend-10-pro-soar-white\/","title":{"rendered":"Nike Tiempo Legend 10 Pro &#8218;Soar white &#8218;"},"content":{"rendered":"<p>Erlebe unvergleichlichen Komfort und Pr\u00e4zision auf dem Platz mit dem Nike Tiempo Legend 10 Pro \u201eSoar White\u201c DV4336-400 \u201d\u201c entwickelt f\u00fcr Spieler, die Leistung und Style fordern. Gefertigt aus hochwertigen Synthetikmaterialien und mit einem leichten FlyTouch-Obermaterial ausgestattet, bietet dieser Schuh verbesserte Ballkontrolle, ein \u00fcberragendes Ballgef\u00fchl und eine nat\u00fcrliche Passform, die sich deinem Spielstil anpasst. Das elegante \u201eSoar White\u201c-Design mit leuchtend blauen Akzenten verleiht ihm eine moderne und zugleich raffinierte Optik, mit der du auf dem Spielfeld auff\u00e4llst. Ausgestattet mit einer gepolsterten Innensohle und einer reaktionsfreudigen Sohle bietet er au\u00dfergew\u00f6hnlichen Halt und Agilit\u00e4t f\u00fcr schnelle Richtungswechsel und explosive Bewegungen. Die strapazierf\u00e4hige Multi-Ground-Au\u00dfensohle sorgt f\u00fcr vielseitige Traktion und Stabilit\u00e4t auf unterschiedlichen Untergr\u00fcnden und ist somit ideal f\u00fcr festen Rasen und Kunstrasen. Egal, ob du auf h\u00f6chstem Niveau spielst oder dein Training auf das n\u00e4chste Level bringst \u201d\u201c der Tiempo Legend 10 Pro ist f\u00fcr H\u00f6chstleistungen und maximalen Komfort konzipiert. Verbessere dein Spiel mit dieser Fusion aus zeitloser Handwerkskunst und modernster Innovation, die die Standards f\u00fcr Fu\u00dfballschuhe neu definiert.<\/p>\n<ul>\n<li><strong>Farbgebung:<\/strong> Soar\/Wei\u00df<\/li>\n<li><strong>Artikelnummer:<\/strong> DV4336-400<\/li>\n<li><strong>Obermaterial:<\/strong> FlyTouch Pro<\/li>\n<li><strong>Farbe:<\/strong> Blau<\/li>\n<\/ul>\n","protected":false},"excerpt":{"rendered":"<p>Nike Tiempo Legend 10 Pro \u201d\u201d Soar\/White<\/p>\n","protected":false},"featured_media":56136,"comment_status":"open","ping_status":"closed","template":"","meta":[],"product_brand":[],"product_cat":[10803],"product_tag":[10799,10800,10801,10802,10986,10987,10758],"class_list":{"0":"post-56135","1":"product","2":"type-product","3":"status-publish","4":"has-post-thumbnail","6":"product_cat-nike","7":"product_tag-ankle-support-basketball-shoes","8":"product_tag-basketball-shoes","9":"product_tag-nike","10":"product_tag-performance-sport-shoes","11":"product_tag-soccer-shoes","12":"product_tag-soccer-shoes-football-cleats","13":"product_tag-under-retail","14":"wcpa_has_options","16":"first","17":"outofstock","18":"taxable","19":"shipping-taxable","20":"purchasable","21":"product-type-simple"},"wcpa_form_fields":{"rules":{"pric_overide_base_price":false,"pric_overide_base_price_if_gt_zero":false,"pric_overide_base_price_fully":false,"pric_cal_option_once":false,"pric_use_as_fee":false,"bind_quantity":false,"quantity_bind_formula":false},"fields":[{"type":"color-group","required":true,"elementId":"wcpa-color-group-66c4a75505e74","label":"Gr\u00f6\u00dfe - EU Gr\u00f6\u00dfe","inline":true,"priceOptions":"different_for_all","pricingType":"fixed","className":"hassizechart product-shoes-size-eu product-shoes-size","name":"color-group-66c4a75505e89","disp_type":"square","selection_type":"tick-border","disp_size":"44","show_label_inside":true,"adjust_width":true,"cart_display_type":"text","other_text":"Other","cl_rule":"show","col":6,"values":[{"label":"35.5","value":"EU 35.5","price":"","pimage":"","pimage_id":"","pthumb":"","color":""},{"label":"36","value":"EU 36","price":"","pimage":"","pimage_id":"","pthumb":"","color":"","selected":true},{"label":"36.5","value":"EU 36.5","price":"","pimage":"","pimage_id":"","pthumb":"","color":""},{"label":"37.5","value":"EU 37.5","price":"","pimage":"","pimage_id":"","pthumb":"","color":""},{"label":"38","value":"EU 38","price":"","pimage":"","pimage_id":"","pthumb":"","color":""},{"label":"38.5","value":"EU 38.5","price":"","pimage":"","pimage_id":"","pthumb":"","color":""},{"label":"39","value":"EU 39","price":"","pimage":"","pimage_id":"","pthumb":"","color":""},{"label":"40","value":"EU 40","price":"","pimage":"","pimage_id":"","pthumb":"","color":""},{"label":"40.5","value":"EU 40.5","price":"","pimage":"","pimage_id":"","pthumb":"","color":""},{"label":"41","value":"EU 41","price":"","pimage":"","pimage_id":"","pthumb":"","color":""},{"label":"42","value":"EU 42","price":"","pimage":"","pimage_id":"","pthumb":"","color":""},{"label":"42.5","value":"EU 42.5","price":"","pimage":"","pimage_id":"","pthumb":"","color":""},{"label":"43","value":"EU 43","price":"","pimage":"","pimage_id":"","pthumb":"","color":""},{"label":"44","value":"EU 44","price":"","pimage":"","pimage_id":"","pthumb":"","color":""},{"label":"44.5","value":"EU 44.5","price":"","pimage":"","pimage_id":"","pthumb":"","color":""},{"label":"45","value":"EU 45","price":"","pimage":"","pimage_id":"","pthumb":"","color":""},{"label":"45.5","value":"EU 45.5","price":"","pimage":"","pimage_id":"","pthumb":"","color":""},{"label":"46","value":"EU 46","price":"","pimage":"","pimage_id":"","pthumb":"","color":""},{"label":"47","value":"EU 47","price":"","pimage":"","pimage_id":"","pthumb":"","color":""},{"label":"47.5","value":"EU 47.5","price":"","pimage":"","pimage_id":"","pthumb":"","color":""},{"label":"48","value":"EU 48","price":"","pimage":"","pimage_id":"","pthumb":"","color":""}],"relations":[{"operator":false,"rules":[]}],"form_id":18106,"form_rules":{"pric_cal_option_once":false,"exclude_from_discount":false,"pric_use_as_fee":false,"fee_label":"Fee","render_after_acb":false,"disp_hide_options_price":false}}]},"yoast_head":"<!-- This site is optimized with the Yoast SEO plugin v26.5 - https:\/\/yoast.com\/wordpress\/plugins\/seo\/ -->\n<title>Nike Tiempo Legend 10 Pro &#039;Soar white &#039; - Tourcruiser PTE. LTD<\/title>\n<meta name=\"robots\" content=\"index, follow, max-snippet:-1, max-image-preview:large, max-video-preview:-1\" \/>\n<link rel=\"canonical\" href=\"https:\/\/tourcruiser.com\/de\/products\/nike-tiempo-legend-10-pro-soar-white\/\" \/>\n<meta property=\"og:locale\" content=\"de_DE\" \/>\n<meta property=\"og:type\" content=\"article\" \/>\n<meta property=\"og:title\" content=\"Nike Tiempo Legend 10 Pro &#039;Soar white &#039; - Tourcruiser PTE. LTD\" \/>\n<meta property=\"og:description\" content=\"Nike Tiempo Legend 10 Pro \u201d\u201d Soar\/White\" \/>\n<meta property=\"og:url\" content=\"https:\/\/tourcruiser.com\/de\/products\/nike-tiempo-legend-10-pro-soar-white\/\" \/>\n<meta property=\"og:site_name\" content=\"Tourcruiser Sneaker Store\" \/>\n<meta property=\"article:modified_time\" content=\"2026-03-27T18:03:02+00:00\" \/>\n<meta name=\"twitter:card\" content=\"summary_large_image\" \/>\n<meta name=\"twitter:image\" content=\"https:\/\/images.novelship.com\/product\/nike_tiempo_legend_10_pro__soar_white___dv4336-400_0_70925.jpeg;https:\/\/images.novelship.com\/product\/nike_tiempo_legend_10_pro__soar_white___dv4336-400_1_70926.jpeg;https:\/\/images.novelship.com\/product\/nike_tiempo_legend_10_pro__soar_white___dv4336-400_2_70926.jpeg;https:\/\/images.novelship.com\/product\/nike_tiempo_legend_10_pro__soar_white___dv4336-400_3_70926.jpeg;https:\/\/images.novelship.com\/product\/nike_tiempo_legend_10_pro__soar_white___dv4336-400_4_70926.jpeg;https:\/\/images.novelship.com\/product\/nike_tiempo_legend_10_pro__soar_white___dv4336-400_5_70926.jpeg;https:\/\/images.novelship.com\/product\/nike_tiempo_legend_10_pro__soar_white___dv4336-400_6_70926.jpeg;https:\/\/images.novelship.com\/product\/nike_tiempo_legend_10_pro__soar_white___dv4336-400_7_70926.jpeg\" \/>\n<meta name=\"twitter:label1\" content=\"Gesch\u00e4tzte Lesezeit\" \/>\n\t<meta name=\"twitter:data1\" content=\"1\u00a0Minute\" \/>\n<script type=\"application\/ld+json\" class=\"yoast-schema-graph\">{\"@context\":\"https:\/\/schema.org\",\"@graph\":[{\"@type\":\"WebPage\",\"@id\":\"https:\/\/tourcruiser.com\/de\/products\/nike-tiempo-legend-10-pro-soar-white\/\",\"url\":\"https:\/\/tourcruiser.com\/de\/products\/nike-tiempo-legend-10-pro-soar-white\/\",\"name\":\"Nike Tiempo Legend 10 Pro 'Soar white ' - Tourcruiser PTE. LTD\",\"isPartOf\":{\"@id\":\"https:\/\/tourcruiser.com\/de\/#website\"},\"primaryImageOfPage\":{\"@id\":\"https:\/\/tourcruiser.com\/de\/products\/nike-tiempo-legend-10-pro-soar-white\/#primaryimage\"},\"image\":{\"@id\":\"https:\/\/tourcruiser.com\/de\/products\/nike-tiempo-legend-10-pro-soar-white\/#primaryimage\"},\"thumbnailUrl\":\"https:\/\/images.novelship.com\/product\/nike_tiempo_legend_10_pro__soar_white___dv4336-400_0_70925.jpeg;https:\/\/images.novelship.com\/product\/nike_tiempo_legend_10_pro__soar_white___dv4336-400_1_70926.jpeg;https:\/\/images.novelship.com\/product\/nike_tiempo_legend_10_pro__soar_white___dv4336-400_2_70926.jpeg;https:\/\/images.novelship.com\/product\/nike_tiempo_legend_10_pro__soar_white___dv4336-400_3_70926.jpeg;https:\/\/images.novelship.com\/product\/nike_tiempo_legend_10_pro__soar_white___dv4336-400_4_70926.jpeg;https:\/\/images.novelship.com\/product\/nike_tiempo_legend_10_pro__soar_white___dv4336-400_5_70926.jpeg;https:\/\/images.novelship.com\/product\/nike_tiempo_legend_10_pro__soar_white___dv4336-400_6_70926.jpeg;https:\/\/images.novelship.com\/product\/nike_tiempo_legend_10_pro__soar_white___dv4336-400_7_70926.jpeg\",\"datePublished\":\"2026-03-02T08:16:50+00:00\",\"dateModified\":\"2026-03-27T18:03:02+00:00\",\"breadcrumb\":{\"@id\":\"https:\/\/tourcruiser.com\/de\/products\/nike-tiempo-legend-10-pro-soar-white\/#breadcrumb\"},\"inLanguage\":\"de\",\"potentialAction\":[{\"@type\":\"ReadAction\",\"target\":[\"https:\/\/tourcruiser.com\/de\/products\/nike-tiempo-legend-10-pro-soar-white\/\"]}]},{\"@type\":\"ImageObject\",\"inLanguage\":\"de\",\"@id\":\"https:\/\/tourcruiser.com\/de\/products\/nike-tiempo-legend-10-pro-soar-white\/#primaryimage\",\"url\":\"https:\/\/images.novelship.com\/product\/nike_tiempo_legend_10_pro__soar_white___dv4336-400_0_70925.jpeg;https:\/\/images.novelship.com\/product\/nike_tiempo_legend_10_pro__soar_white___dv4336-400_1_70926.jpeg;https:\/\/images.novelship.com\/product\/nike_tiempo_legend_10_pro__soar_white___dv4336-400_2_70926.jpeg;https:\/\/images.novelship.com\/product\/nike_tiempo_legend_10_pro__soar_white___dv4336-400_3_70926.jpeg;https:\/\/images.novelship.com\/product\/nike_tiempo_legend_10_pro__soar_white___dv4336-400_4_70926.jpeg;https:\/\/images.novelship.com\/product\/nike_tiempo_legend_10_pro__soar_white___dv4336-400_5_70926.jpeg;https:\/\/images.novelship.com\/product\/nike_tiempo_legend_10_pro__soar_white___dv4336-400_6_70926.jpeg;https:\/\/images.novelship.com\/product\/nike_tiempo_legend_10_pro__soar_white___dv4336-400_7_70926.jpeg\",\"contentUrl\":\"https:\/\/images.novelship.com\/product\/nike_tiempo_legend_10_pro__soar_white___dv4336-400_0_70925.jpeg;https:\/\/images.novelship.com\/product\/nike_tiempo_legend_10_pro__soar_white___dv4336-400_1_70926.jpeg;https:\/\/images.novelship.com\/product\/nike_tiempo_legend_10_pro__soar_white___dv4336-400_2_70926.jpeg;https:\/\/images.novelship.com\/product\/nike_tiempo_legend_10_pro__soar_white___dv4336-400_3_70926.jpeg;https:\/\/images.novelship.com\/product\/nike_tiempo_legend_10_pro__soar_white___dv4336-400_4_70926.jpeg;https:\/\/images.novelship.com\/product\/nike_tiempo_legend_10_pro__soar_white___dv4336-400_5_70926.jpeg;https:\/\/images.novelship.com\/product\/nike_tiempo_legend_10_pro__soar_white___dv4336-400_6_70926.jpeg;https:\/\/images.novelship.com\/product\/nike_tiempo_legend_10_pro__soar_white___dv4336-400_7_70926.jpeg\"},{\"@type\":\"BreadcrumbList\",\"@id\":\"https:\/\/tourcruiser.com\/de\/products\/nike-tiempo-legend-10-pro-soar-white\/#breadcrumb\",\"itemListElement\":[{\"@type\":\"ListItem\",\"position\":1,\"name\":\"Home\",\"item\":\"https:\/\/tourcruiser.com\/de\/\"},{\"@type\":\"ListItem\",\"position\":2,\"name\":\"Shop\",\"item\":\"https:\/\/tourcruiser.com\/de\/shop\/\"},{\"@type\":\"ListItem\",\"position\":3,\"name\":\"Nike Tiempo Legend 10 Pro 'Soar white '\"}]},{\"@type\":\"WebSite\",\"@id\":\"https:\/\/tourcruiser.com\/de\/#website\",\"url\":\"https:\/\/tourcruiser.com\/de\/\",\"name\":\"Styloral Jewelry Shop\",\"description\":\"Tourcruiser Sneaker Store \u2014 der Ort, an dem das Universum deine Einzigartigkeit trifft.\",\"publisher\":{\"@id\":\"https:\/\/tourcruiser.com\/de\/#organization\"},\"potentialAction\":[{\"@type\":\"SearchAction\",\"target\":{\"@type\":\"EntryPoint\",\"urlTemplate\":\"https:\/\/tourcruiser.com\/de\/?s={search_term_string}\"},\"query-input\":{\"@type\":\"PropertyValueSpecification\",\"valueRequired\":true,\"valueName\":\"search_term_string\"}}],\"inLanguage\":\"de\"},{\"@type\":\"Organization\",\"@id\":\"https:\/\/tourcruiser.com\/de\/#organization\",\"name\":\"STYLORAL PTE. LTD\",\"url\":\"https:\/\/tourcruiser.com\/de\/\",\"logo\":{\"@type\":\"ImageObject\",\"inLanguage\":\"de\",\"@id\":\"https:\/\/tourcruiser.com\/de\/#\/schema\/logo\/image\/\",\"url\":\"https:\/\/www.tourcruiser.com\/wp-content\/uploads\/2025\/12\/logo.png\",\"contentUrl\":\"https:\/\/www.tourcruiser.com\/wp-content\/uploads\/2025\/12\/logo.png\",\"width\":200,\"height\":65,\"caption\":\"STYLORAL PTE. LTD\"},\"image\":{\"@id\":\"https:\/\/tourcruiser.com\/de\/#\/schema\/logo\/image\/\"}}]}<\/script>\n<!-- \/ Yoast SEO plugin. -->","yoast_head_json":{"title":"Nike Tiempo Legend 10 Pro 'Soar white ' - Tourcruiser PTE. LTD","robots":{"index":"index","follow":"follow","max-snippet":"max-snippet:-1","max-image-preview":"max-image-preview:large","max-video-preview":"max-video-preview:-1"},"canonical":"https:\/\/tourcruiser.com\/de\/products\/nike-tiempo-legend-10-pro-soar-white\/","og_locale":"de_DE","og_type":"article","og_title":"Nike Tiempo Legend 10 Pro 'Soar white ' - Tourcruiser PTE. LTD","og_description":"Nike Tiempo Legend 10 Pro \u201d\u201d Soar\/White","og_url":"https:\/\/tourcruiser.com\/de\/products\/nike-tiempo-legend-10-pro-soar-white\/","og_site_name":"Tourcruiser Sneaker Store","article_modified_time":"2026-03-27T18:03:02+00:00","twitter_card":"summary_large_image","twitter_image":"https:\/\/images.novelship.com\/product\/nike_tiempo_legend_10_pro__soar_white___dv4336-400_0_70925.jpeg;https:\/\/images.novelship.com\/product\/nike_tiempo_legend_10_pro__soar_white___dv4336-400_1_70926.jpeg;https:\/\/images.novelship.com\/product\/nike_tiempo_legend_10_pro__soar_white___dv4336-400_2_70926.jpeg;https:\/\/images.novelship.com\/product\/nike_tiempo_legend_10_pro__soar_white___dv4336-400_3_70926.jpeg;https:\/\/images.novelship.com\/product\/nike_tiempo_legend_10_pro__soar_white___dv4336-400_4_70926.jpeg;https:\/\/images.novelship.com\/product\/nike_tiempo_legend_10_pro__soar_white___dv4336-400_5_70926.jpeg;https:\/\/images.novelship.com\/product\/nike_tiempo_legend_10_pro__soar_white___dv4336-400_6_70926.jpeg;https:\/\/images.novelship.com\/product\/nike_tiempo_legend_10_pro__soar_white___dv4336-400_7_70926.jpeg","twitter_misc":{"Gesch\u00e4tzte Lesezeit":"1\u00a0Minute"},"schema":{"@context":"https:\/\/schema.org","@graph":[{"@type":"WebPage","@id":"https:\/\/tourcruiser.com\/de\/products\/nike-tiempo-legend-10-pro-soar-white\/","url":"https:\/\/tourcruiser.com\/de\/products\/nike-tiempo-legend-10-pro-soar-white\/","name":"Nike Tiempo Legend 10 Pro 'Soar white ' - Tourcruiser PTE. LTD","isPartOf":{"@id":"https:\/\/tourcruiser.com\/de\/#website"},"primaryImageOfPage":{"@id":"https:\/\/tourcruiser.com\/de\/products\/nike-tiempo-legend-10-pro-soar-white\/#primaryimage"},"image":{"@id":"https:\/\/tourcruiser.com\/de\/products\/nike-tiempo-legend-10-pro-soar-white\/#primaryimage"},"thumbnailUrl":"https:\/\/images.novelship.com\/product\/nike_tiempo_legend_10_pro__soar_white___dv4336-400_0_70925.jpeg;https:\/\/images.novelship.com\/product\/nike_tiempo_legend_10_pro__soar_white___dv4336-400_1_70926.jpeg;https:\/\/images.novelship.com\/product\/nike_tiempo_legend_10_pro__soar_white___dv4336-400_2_70926.jpeg;https:\/\/images.novelship.com\/product\/nike_tiempo_legend_10_pro__soar_white___dv4336-400_3_70926.jpeg;https:\/\/images.novelship.com\/product\/nike_tiempo_legend_10_pro__soar_white___dv4336-400_4_70926.jpeg;https:\/\/images.novelship.com\/product\/nike_tiempo_legend_10_pro__soar_white___dv4336-400_5_70926.jpeg;https:\/\/images.novelship.com\/product\/nike_tiempo_legend_10_pro__soar_white___dv4336-400_6_70926.jpeg;https:\/\/images.novelship.com\/product\/nike_tiempo_legend_10_pro__soar_white___dv4336-400_7_70926.jpeg","datePublished":"2026-03-02T08:16:50+00:00","dateModified":"2026-03-27T18:03:02+00:00","breadcrumb":{"@id":"https:\/\/tourcruiser.com\/de\/products\/nike-tiempo-legend-10-pro-soar-white\/#breadcrumb"},"inLanguage":"de","potentialAction":[{"@type":"ReadAction","target":["https:\/\/tourcruiser.com\/de\/products\/nike-tiempo-legend-10-pro-soar-white\/"]}]},{"@type":"ImageObject","inLanguage":"de","@id":"https:\/\/tourcruiser.com\/de\/products\/nike-tiempo-legend-10-pro-soar-white\/#primaryimage","url":"https:\/\/images.novelship.com\/product\/nike_tiempo_legend_10_pro__soar_white___dv4336-400_0_70925.jpeg;https:\/\/images.novelship.com\/product\/nike_tiempo_legend_10_pro__soar_white___dv4336-400_1_70926.jpeg;https:\/\/images.novelship.com\/product\/nike_tiempo_legend_10_pro__soar_white___dv4336-400_2_70926.jpeg;https:\/\/images.novelship.com\/product\/nike_tiempo_legend_10_pro__soar_white___dv4336-400_3_70926.jpeg;https:\/\/images.novelship.com\/product\/nike_tiempo_legend_10_pro__soar_white___dv4336-400_4_70926.jpeg;https:\/\/images.novelship.com\/product\/nike_tiempo_legend_10_pro__soar_white___dv4336-400_5_70926.jpeg;https:\/\/images.novelship.com\/product\/nike_tiempo_legend_10_pro__soar_white___dv4336-400_6_70926.jpeg;https:\/\/images.novelship.com\/product\/nike_tiempo_legend_10_pro__soar_white___dv4336-400_7_70926.jpeg","contentUrl":"https:\/\/images.novelship.com\/product\/nike_tiempo_legend_10_pro__soar_white___dv4336-400_0_70925.jpeg;https:\/\/images.novelship.com\/product\/nike_tiempo_legend_10_pro__soar_white___dv4336-400_1_70926.jpeg;https:\/\/images.novelship.com\/product\/nike_tiempo_legend_10_pro__soar_white___dv4336-400_2_70926.jpeg;https:\/\/images.novelship.com\/product\/nike_tiempo_legend_10_pro__soar_white___dv4336-400_3_70926.jpeg;https:\/\/images.novelship.com\/product\/nike_tiempo_legend_10_pro__soar_white___dv4336-400_4_70926.jpeg;https:\/\/images.novelship.com\/product\/nike_tiempo_legend_10_pro__soar_white___dv4336-400_5_70926.jpeg;https:\/\/images.novelship.com\/product\/nike_tiempo_legend_10_pro__soar_white___dv4336-400_6_70926.jpeg;https:\/\/images.novelship.com\/product\/nike_tiempo_legend_10_pro__soar_white___dv4336-400_7_70926.jpeg"},{"@type":"BreadcrumbList","@id":"https:\/\/tourcruiser.com\/de\/products\/nike-tiempo-legend-10-pro-soar-white\/#breadcrumb","itemListElement":[{"@type":"ListItem","position":1,"name":"Home","item":"https:\/\/tourcruiser.com\/de\/"},{"@type":"ListItem","position":2,"name":"Shop","item":"https:\/\/tourcruiser.com\/de\/shop\/"},{"@type":"ListItem","position":3,"name":"Nike Tiempo Legend 10 Pro 'Soar white '"}]},{"@type":"WebSite","@id":"https:\/\/tourcruiser.com\/de\/#website","url":"https:\/\/tourcruiser.com\/de\/","name":"Styloral Jewelry Shop","description":"Tourcruiser Sneaker Store \u2014 der Ort, an dem das Universum deine Einzigartigkeit trifft.","publisher":{"@id":"https:\/\/tourcruiser.com\/de\/#organization"},"potentialAction":[{"@type":"SearchAction","target":{"@type":"EntryPoint","urlTemplate":"https:\/\/tourcruiser.com\/de\/?s={search_term_string}"},"query-input":{"@type":"PropertyValueSpecification","valueRequired":true,"valueName":"search_term_string"}}],"inLanguage":"de"},{"@type":"Organization","@id":"https:\/\/tourcruiser.com\/de\/#organization","name":"STYLORAL PTE. LTD","url":"https:\/\/tourcruiser.com\/de\/","logo":{"@type":"ImageObject","inLanguage":"de","@id":"https:\/\/tourcruiser.com\/de\/#\/schema\/logo\/image\/","url":"https:\/\/www.tourcruiser.com\/wp-content\/uploads\/2025\/12\/logo.png","contentUrl":"https:\/\/www.tourcruiser.com\/wp-content\/uploads\/2025\/12\/logo.png","width":200,"height":65,"caption":"STYLORAL PTE. LTD"},"image":{"@id":"https:\/\/tourcruiser.com\/de\/#\/schema\/logo\/image\/"}}]}},"_links":{"self":[{"href":"https:\/\/tourcruiser.com\/de\/wp-json\/wp\/v2\/product\/56135","targetHints":{"allow":["GET"]}}],"collection":[{"href":"https:\/\/tourcruiser.com\/de\/wp-json\/wp\/v2\/product"}],"about":[{"href":"https:\/\/tourcruiser.com\/de\/wp-json\/wp\/v2\/types\/product"}],"replies":[{"embeddable":true,"href":"https:\/\/tourcruiser.com\/de\/wp-json\/wp\/v2\/comments?post=56135"}],"wp:featuredmedia":[{"embeddable":true,"href":"https:\/\/tourcruiser.com\/de\/wp-json\/wp\/v2\/media\/56136"}],"wp:attachment":[{"href":"https:\/\/tourcruiser.com\/de\/wp-json\/wp\/v2\/media?parent=56135"}],"wp:term":[{"taxonomy":"product_brand","embeddable":true,"href":"https:\/\/tourcruiser.com\/de\/wp-json\/wp\/v2\/product_brand?post=56135"},{"taxonomy":"product_cat","embeddable":true,"href":"https:\/\/tourcruiser.com\/de\/wp-json\/wp\/v2\/product_cat?post=56135"},{"taxonomy":"product_tag","embeddable":true,"href":"https:\/\/tourcruiser.com\/de\/wp-json\/wp\/v2\/product_tag?post=56135"}],"curies":[{"name":"wp","href":"https:\/\/api.w.org\/{rel}","templated":true}]}}