{"id":55785,"date":"2026-03-02T15:16:22","date_gmt":"2026-03-02T08:16:22","guid":{"rendered":"http:\/\/tourcruiser.com\/product\/women-tom-sachs-x-nikecraft-general-purpose-shoe-brown"},"modified":"2026-03-28T01:02:44","modified_gmt":"2026-03-27T18:02:44","slug":"women-tom-sachs-x-nikecraft-general-purpose-shoe-brown","status":"publish","type":"product","link":"https:\/\/tourcruiser.com\/de\/products\/women-tom-sachs-x-nikecraft-general-purpose-shoe-brown\/","title":{"rendered":"(Women) Tom Sachs x NikeCraft General Purpose Shoe &#8218;Brown&#8216;"},"content":{"rendered":"<p>Wir pr\u00e4sentieren den Tom Sachs x NikeCraft General Purpose Schuh in stylischem Braun, exklusiv von Nike. Dieser Sneaker ist nicht nur optisch ein Highlight, sondern bietet auch un\u00fcbertroffenen Tragekomfort und extreme Strapazierf\u00e4higkeit. Dank der hochwertigen Materialien ist er perfekt f\u00fcr jeden Anlass geeignet \u201d\u201c ob Freizeit oder Sport. Mit dieser Nike-Kollaboration verleihst du deinem Schuh-Look das gewisse Extra und erlebst die perfekte Kombination aus Mode und Funktionalit\u00e4t.<\/p>\n<p>Farbgebung: Pekannuss\/Dunkelbraun\/Dunkelbraun<\/p>\n<p>Style-Code: DA6672-201<\/p>\n<p>Obermaterial: Strick<\/p>\n<p>Farbe: Braun<\/p>\n<p>Designer: Tom Sachs<\/p>\n<p>Saison: Winter<\/p>\n<p>Erscheinungsjahr: 2023<\/p>\n","protected":false},"excerpt":{"rendered":"<p>Nike NikeCraft General Purpose Shoe \u201d\u201d Pecan\/Dark Field Brown\/Dark Field Brown<\/p>\n","protected":false},"featured_media":55786,"comment_status":"open","ping_status":"closed","template":"","meta":[],"product_brand":[],"product_cat":[10809],"product_tag":[10750,10847,10936,10937,10938,10926,10754,11460,10801,10785,10786,10758],"class_list":{"0":"post-55785","1":"product","2":"type-product","3":"status-publish","4":"has-post-thumbnail","6":"product_cat-nike-women","7":"product_tag-athleisure-shoes","8":"product_tag-best-finds-under-100","9":"product_tag-equality-day-women-coll","10":"product_tag-equality-day-women-s-collection","11":"product_tag-equality-day-women-s-edition","12":"product_tag-gift-for-her","13":"product_tag-lifestyle-casual-shoes","14":"product_tag-lifestyle-shoes-casual","15":"product_tag-nike","16":"product_tag-trending-deals","17":"product_tag-trending-deals-under-150","18":"product_tag-under-retail","19":"wcpa_has_options","21":"first","22":"outofstock","23":"taxable","24":"shipping-taxable","25":"purchasable","26":"product-type-simple"},"wcpa_form_fields":{"rules":{"pric_overide_base_price":false,"pric_overide_base_price_if_gt_zero":false,"pric_overide_base_price_fully":false,"pric_cal_option_once":false,"pric_use_as_fee":false,"bind_quantity":false,"quantity_bind_formula":false},"fields":[{"type":"color-group","required":true,"elementId":"wcpa-color-group-66c4a75505e74","label":"Gr\u00f6\u00dfe - EU Gr\u00f6\u00dfe","inline":true,"priceOptions":"different_for_all","pricingType":"fixed","className":"hassizechart product-shoes-size-eu product-shoes-size","name":"color-group-66c4a75505e89","disp_type":"square","selection_type":"tick-border","disp_size":"44","show_label_inside":true,"adjust_width":true,"cart_display_type":"text","other_text":"Other","cl_rule":"show","col":6,"values":[{"label":"35.5","value":"EU 35.5","price":"","pimage":"","pimage_id":"","pthumb":"","color":""},{"label":"36","value":"EU 36","price":"","pimage":"","pimage_id":"","pthumb":"","color":"","selected":true},{"label":"36.5","value":"EU 36.5","price":"","pimage":"","pimage_id":"","pthumb":"","color":""},{"label":"37.5","value":"EU 37.5","price":"","pimage":"","pimage_id":"","pthumb":"","color":""},{"label":"38","value":"EU 38","price":"","pimage":"","pimage_id":"","pthumb":"","color":""},{"label":"38.5","value":"EU 38.5","price":"","pimage":"","pimage_id":"","pthumb":"","color":""},{"label":"39","value":"EU 39","price":"","pimage":"","pimage_id":"","pthumb":"","color":""},{"label":"40","value":"EU 40","price":"","pimage":"","pimage_id":"","pthumb":"","color":""},{"label":"40.5","value":"EU 40.5","price":"","pimage":"","pimage_id":"","pthumb":"","color":""},{"label":"41","value":"EU 41","price":"","pimage":"","pimage_id":"","pthumb":"","color":""},{"label":"42","value":"EU 42","price":"","pimage":"","pimage_id":"","pthumb":"","color":""},{"label":"42.5","value":"EU 42.5","price":"","pimage":"","pimage_id":"","pthumb":"","color":""},{"label":"43","value":"EU 43","price":"","pimage":"","pimage_id":"","pthumb":"","color":""},{"label":"44","value":"EU 44","price":"","pimage":"","pimage_id":"","pthumb":"","color":""},{"label":"44.5","value":"EU 44.5","price":"","pimage":"","pimage_id":"","pthumb":"","color":""},{"label":"45","value":"EU 45","price":"","pimage":"","pimage_id":"","pthumb":"","color":""},{"label":"45.5","value":"EU 45.5","price":"","pimage":"","pimage_id":"","pthumb":"","color":""},{"label":"46","value":"EU 46","price":"","pimage":"","pimage_id":"","pthumb":"","color":""},{"label":"47","value":"EU 47","price":"","pimage":"","pimage_id":"","pthumb":"","color":""},{"label":"47.5","value":"EU 47.5","price":"","pimage":"","pimage_id":"","pthumb":"","color":""},{"label":"48","value":"EU 48","price":"","pimage":"","pimage_id":"","pthumb":"","color":""}],"relations":[{"operator":false,"rules":[]}],"form_id":18106,"form_rules":{"pric_cal_option_once":false,"exclude_from_discount":false,"pric_use_as_fee":false,"fee_label":"Fee","render_after_acb":false,"disp_hide_options_price":false}}]},"yoast_head":"<!-- This site is optimized with the Yoast SEO plugin v26.5 - https:\/\/yoast.com\/wordpress\/plugins\/seo\/ -->\n<title>(Women) Tom Sachs x NikeCraft General Purpose Shoe &#039;Brown&#039;  - Tourcruiser PTE. LTD<\/title>\n<meta name=\"robots\" content=\"index, follow, max-snippet:-1, max-image-preview:large, max-video-preview:-1\" \/>\n<link rel=\"canonical\" href=\"https:\/\/tourcruiser.com\/de\/products\/women-tom-sachs-x-nikecraft-general-purpose-shoe-brown\/\" \/>\n<meta property=\"og:locale\" content=\"de_DE\" \/>\n<meta property=\"og:type\" content=\"article\" \/>\n<meta property=\"og:title\" content=\"(Women) Tom Sachs x NikeCraft General Purpose Shoe &#039;Brown&#039;  - Tourcruiser PTE. LTD\" \/>\n<meta property=\"og:description\" content=\"Nike NikeCraft General Purpose Shoe \u201d\u201d Pecan\/Dark Field Brown\/Dark Field Brown\" \/>\n<meta property=\"og:url\" content=\"https:\/\/tourcruiser.com\/de\/products\/women-tom-sachs-x-nikecraft-general-purpose-shoe-brown\/\" \/>\n<meta property=\"og:site_name\" content=\"Tourcruiser Sneaker Store\" \/>\n<meta property=\"article:modified_time\" content=\"2026-03-27T18:02:44+00:00\" \/>\n<meta name=\"twitter:card\" content=\"summary_large_image\" \/>\n<meta name=\"twitter:image\" content=\"https:\/\/images.novelship.com\/product\/_women__tom_sachs_x_nikecraft_general_purpose_shoe_0_62686.jpeg;https:\/\/images.novelship.com\/product\/_women__tom_sachs_x_nikecraft_general_purpose_shoe_1_62687.jpeg;https:\/\/images.novelship.com\/product\/_women__tom_sachs_x_nikecraft_general_purpose_shoe_2_62687.jpeg;https:\/\/images.novelship.com\/product\/_women__tom_sachs_x_nikecraft_general_purpose_shoe_3_62687.jpeg;https:\/\/images.novelship.com\/product\/_women__tom_sachs_x_nikecraft_general_purpose_shoe_4_62687.jpeg;https:\/\/images.novelship.com\/product\/_women__tom_sachs_x_nikecraft_general_purpose_shoe_5_62687.jpeg;https:\/\/images.novelship.com\/product\/_women__tom_sachs_x_nikecraft_general_purpose_shoe_6_62687.jpeg;https:\/\/images.novelship.com\/product\/_women__tom_sachs_x_nikecraft_general_purpose_shoe_7_62687.jpeg;https:\/\/images.novelship.com\/product\/_women__tom_sachs_x_nikecraft_general_purpose_shoe_8_62687.jpeg;https:\/\/images.novelship.com\/product\/_women__tom_sachs_x_nikecraft_general_purpose_shoe_9_62687.jpeg\" \/>\n<script type=\"application\/ld+json\" class=\"yoast-schema-graph\">{\"@context\":\"https:\/\/schema.org\",\"@graph\":[{\"@type\":\"WebPage\",\"@id\":\"https:\/\/tourcruiser.com\/de\/products\/women-tom-sachs-x-nikecraft-general-purpose-shoe-brown\/\",\"url\":\"https:\/\/tourcruiser.com\/de\/products\/women-tom-sachs-x-nikecraft-general-purpose-shoe-brown\/\",\"name\":\"(Women) Tom Sachs x NikeCraft General Purpose Shoe 'Brown' - Tourcruiser PTE. LTD\",\"isPartOf\":{\"@id\":\"https:\/\/tourcruiser.com\/de\/#website\"},\"primaryImageOfPage\":{\"@id\":\"https:\/\/tourcruiser.com\/de\/products\/women-tom-sachs-x-nikecraft-general-purpose-shoe-brown\/#primaryimage\"},\"image\":{\"@id\":\"https:\/\/tourcruiser.com\/de\/products\/women-tom-sachs-x-nikecraft-general-purpose-shoe-brown\/#primaryimage\"},\"thumbnailUrl\":\"https:\/\/images.novelship.com\/product\/_women__tom_sachs_x_nikecraft_general_purpose_shoe_0_62686.jpeg;https:\/\/images.novelship.com\/product\/_women__tom_sachs_x_nikecraft_general_purpose_shoe_1_62687.jpeg;https:\/\/images.novelship.com\/product\/_women__tom_sachs_x_nikecraft_general_purpose_shoe_2_62687.jpeg;https:\/\/images.novelship.com\/product\/_women__tom_sachs_x_nikecraft_general_purpose_shoe_3_62687.jpeg;https:\/\/images.novelship.com\/product\/_women__tom_sachs_x_nikecraft_general_purpose_shoe_4_62687.jpeg;https:\/\/images.novelship.com\/product\/_women__tom_sachs_x_nikecraft_general_purpose_shoe_5_62687.jpeg;https:\/\/images.novelship.com\/product\/_women__tom_sachs_x_nikecraft_general_purpose_shoe_6_62687.jpeg;https:\/\/images.novelship.com\/product\/_women__tom_sachs_x_nikecraft_general_purpose_shoe_7_62687.jpeg;https:\/\/images.novelship.com\/product\/_women__tom_sachs_x_nikecraft_general_purpose_shoe_8_62687.jpeg;https:\/\/images.novelship.com\/product\/_women__tom_sachs_x_nikecraft_general_purpose_shoe_9_62687.jpeg\",\"datePublished\":\"2026-03-02T08:16:22+00:00\",\"dateModified\":\"2026-03-27T18:02:44+00:00\",\"breadcrumb\":{\"@id\":\"https:\/\/tourcruiser.com\/de\/products\/women-tom-sachs-x-nikecraft-general-purpose-shoe-brown\/#breadcrumb\"},\"inLanguage\":\"de\",\"potentialAction\":[{\"@type\":\"ReadAction\",\"target\":[\"https:\/\/tourcruiser.com\/de\/products\/women-tom-sachs-x-nikecraft-general-purpose-shoe-brown\/\"]}]},{\"@type\":\"ImageObject\",\"inLanguage\":\"de\",\"@id\":\"https:\/\/tourcruiser.com\/de\/products\/women-tom-sachs-x-nikecraft-general-purpose-shoe-brown\/#primaryimage\",\"url\":\"https:\/\/images.novelship.com\/product\/_women__tom_sachs_x_nikecraft_general_purpose_shoe_0_62686.jpeg;https:\/\/images.novelship.com\/product\/_women__tom_sachs_x_nikecraft_general_purpose_shoe_1_62687.jpeg;https:\/\/images.novelship.com\/product\/_women__tom_sachs_x_nikecraft_general_purpose_shoe_2_62687.jpeg;https:\/\/images.novelship.com\/product\/_women__tom_sachs_x_nikecraft_general_purpose_shoe_3_62687.jpeg;https:\/\/images.novelship.com\/product\/_women__tom_sachs_x_nikecraft_general_purpose_shoe_4_62687.jpeg;https:\/\/images.novelship.com\/product\/_women__tom_sachs_x_nikecraft_general_purpose_shoe_5_62687.jpeg;https:\/\/images.novelship.com\/product\/_women__tom_sachs_x_nikecraft_general_purpose_shoe_6_62687.jpeg;https:\/\/images.novelship.com\/product\/_women__tom_sachs_x_nikecraft_general_purpose_shoe_7_62687.jpeg;https:\/\/images.novelship.com\/product\/_women__tom_sachs_x_nikecraft_general_purpose_shoe_8_62687.jpeg;https:\/\/images.novelship.com\/product\/_women__tom_sachs_x_nikecraft_general_purpose_shoe_9_62687.jpeg\",\"contentUrl\":\"https:\/\/images.novelship.com\/product\/_women__tom_sachs_x_nikecraft_general_purpose_shoe_0_62686.jpeg;https:\/\/images.novelship.com\/product\/_women__tom_sachs_x_nikecraft_general_purpose_shoe_1_62687.jpeg;https:\/\/images.novelship.com\/product\/_women__tom_sachs_x_nikecraft_general_purpose_shoe_2_62687.jpeg;https:\/\/images.novelship.com\/product\/_women__tom_sachs_x_nikecraft_general_purpose_shoe_3_62687.jpeg;https:\/\/images.novelship.com\/product\/_women__tom_sachs_x_nikecraft_general_purpose_shoe_4_62687.jpeg;https:\/\/images.novelship.com\/product\/_women__tom_sachs_x_nikecraft_general_purpose_shoe_5_62687.jpeg;https:\/\/images.novelship.com\/product\/_women__tom_sachs_x_nikecraft_general_purpose_shoe_6_62687.jpeg;https:\/\/images.novelship.com\/product\/_women__tom_sachs_x_nikecraft_general_purpose_shoe_7_62687.jpeg;https:\/\/images.novelship.com\/product\/_women__tom_sachs_x_nikecraft_general_purpose_shoe_8_62687.jpeg;https:\/\/images.novelship.com\/product\/_women__tom_sachs_x_nikecraft_general_purpose_shoe_9_62687.jpeg\"},{\"@type\":\"BreadcrumbList\",\"@id\":\"https:\/\/tourcruiser.com\/de\/products\/women-tom-sachs-x-nikecraft-general-purpose-shoe-brown\/#breadcrumb\",\"itemListElement\":[{\"@type\":\"ListItem\",\"position\":1,\"name\":\"Home\",\"item\":\"https:\/\/tourcruiser.com\/de\/\"},{\"@type\":\"ListItem\",\"position\":2,\"name\":\"Shop\",\"item\":\"https:\/\/tourcruiser.com\/de\/shop\/\"},{\"@type\":\"ListItem\",\"position\":3,\"name\":\"(Women) Tom Sachs x NikeCraft General Purpose Shoe 'Brown'\"}]},{\"@type\":\"WebSite\",\"@id\":\"https:\/\/tourcruiser.com\/de\/#website\",\"url\":\"https:\/\/tourcruiser.com\/de\/\",\"name\":\"Styloral Jewelry Shop\",\"description\":\"Tourcruiser Sneaker Store \u2014 der Ort, an dem das Universum deine Einzigartigkeit trifft.\",\"publisher\":{\"@id\":\"https:\/\/tourcruiser.com\/de\/#organization\"},\"potentialAction\":[{\"@type\":\"SearchAction\",\"target\":{\"@type\":\"EntryPoint\",\"urlTemplate\":\"https:\/\/tourcruiser.com\/de\/?s={search_term_string}\"},\"query-input\":{\"@type\":\"PropertyValueSpecification\",\"valueRequired\":true,\"valueName\":\"search_term_string\"}}],\"inLanguage\":\"de\"},{\"@type\":\"Organization\",\"@id\":\"https:\/\/tourcruiser.com\/de\/#organization\",\"name\":\"STYLORAL PTE. LTD\",\"url\":\"https:\/\/tourcruiser.com\/de\/\",\"logo\":{\"@type\":\"ImageObject\",\"inLanguage\":\"de\",\"@id\":\"https:\/\/tourcruiser.com\/de\/#\/schema\/logo\/image\/\",\"url\":\"https:\/\/www.tourcruiser.com\/wp-content\/uploads\/2025\/12\/logo.png\",\"contentUrl\":\"https:\/\/www.tourcruiser.com\/wp-content\/uploads\/2025\/12\/logo.png\",\"width\":200,\"height\":65,\"caption\":\"STYLORAL PTE. LTD\"},\"image\":{\"@id\":\"https:\/\/tourcruiser.com\/de\/#\/schema\/logo\/image\/\"}}]}<\/script>\n<!-- \/ Yoast SEO plugin. -->","yoast_head_json":{"title":"(Women) Tom Sachs x NikeCraft General Purpose Shoe 'Brown'  - Tourcruiser PTE. LTD","robots":{"index":"index","follow":"follow","max-snippet":"max-snippet:-1","max-image-preview":"max-image-preview:large","max-video-preview":"max-video-preview:-1"},"canonical":"https:\/\/tourcruiser.com\/de\/products\/women-tom-sachs-x-nikecraft-general-purpose-shoe-brown\/","og_locale":"de_DE","og_type":"article","og_title":"(Women) Tom Sachs x NikeCraft General Purpose Shoe 'Brown'  - Tourcruiser PTE. LTD","og_description":"Nike NikeCraft General Purpose Shoe \u201d\u201d Pecan\/Dark Field Brown\/Dark Field Brown","og_url":"https:\/\/tourcruiser.com\/de\/products\/women-tom-sachs-x-nikecraft-general-purpose-shoe-brown\/","og_site_name":"Tourcruiser Sneaker Store","article_modified_time":"2026-03-27T18:02:44+00:00","twitter_card":"summary_large_image","twitter_image":"https:\/\/images.novelship.com\/product\/_women__tom_sachs_x_nikecraft_general_purpose_shoe_0_62686.jpeg;https:\/\/images.novelship.com\/product\/_women__tom_sachs_x_nikecraft_general_purpose_shoe_1_62687.jpeg;https:\/\/images.novelship.com\/product\/_women__tom_sachs_x_nikecraft_general_purpose_shoe_2_62687.jpeg;https:\/\/images.novelship.com\/product\/_women__tom_sachs_x_nikecraft_general_purpose_shoe_3_62687.jpeg;https:\/\/images.novelship.com\/product\/_women__tom_sachs_x_nikecraft_general_purpose_shoe_4_62687.jpeg;https:\/\/images.novelship.com\/product\/_women__tom_sachs_x_nikecraft_general_purpose_shoe_5_62687.jpeg;https:\/\/images.novelship.com\/product\/_women__tom_sachs_x_nikecraft_general_purpose_shoe_6_62687.jpeg;https:\/\/images.novelship.com\/product\/_women__tom_sachs_x_nikecraft_general_purpose_shoe_7_62687.jpeg;https:\/\/images.novelship.com\/product\/_women__tom_sachs_x_nikecraft_general_purpose_shoe_8_62687.jpeg;https:\/\/images.novelship.com\/product\/_women__tom_sachs_x_nikecraft_general_purpose_shoe_9_62687.jpeg","schema":{"@context":"https:\/\/schema.org","@graph":[{"@type":"WebPage","@id":"https:\/\/tourcruiser.com\/de\/products\/women-tom-sachs-x-nikecraft-general-purpose-shoe-brown\/","url":"https:\/\/tourcruiser.com\/de\/products\/women-tom-sachs-x-nikecraft-general-purpose-shoe-brown\/","name":"(Women) Tom Sachs x NikeCraft General Purpose Shoe 'Brown' - Tourcruiser PTE. LTD","isPartOf":{"@id":"https:\/\/tourcruiser.com\/de\/#website"},"primaryImageOfPage":{"@id":"https:\/\/tourcruiser.com\/de\/products\/women-tom-sachs-x-nikecraft-general-purpose-shoe-brown\/#primaryimage"},"image":{"@id":"https:\/\/tourcruiser.com\/de\/products\/women-tom-sachs-x-nikecraft-general-purpose-shoe-brown\/#primaryimage"},"thumbnailUrl":"https:\/\/images.novelship.com\/product\/_women__tom_sachs_x_nikecraft_general_purpose_shoe_0_62686.jpeg;https:\/\/images.novelship.com\/product\/_women__tom_sachs_x_nikecraft_general_purpose_shoe_1_62687.jpeg;https:\/\/images.novelship.com\/product\/_women__tom_sachs_x_nikecraft_general_purpose_shoe_2_62687.jpeg;https:\/\/images.novelship.com\/product\/_women__tom_sachs_x_nikecraft_general_purpose_shoe_3_62687.jpeg;https:\/\/images.novelship.com\/product\/_women__tom_sachs_x_nikecraft_general_purpose_shoe_4_62687.jpeg;https:\/\/images.novelship.com\/product\/_women__tom_sachs_x_nikecraft_general_purpose_shoe_5_62687.jpeg;https:\/\/images.novelship.com\/product\/_women__tom_sachs_x_nikecraft_general_purpose_shoe_6_62687.jpeg;https:\/\/images.novelship.com\/product\/_women__tom_sachs_x_nikecraft_general_purpose_shoe_7_62687.jpeg;https:\/\/images.novelship.com\/product\/_women__tom_sachs_x_nikecraft_general_purpose_shoe_8_62687.jpeg;https:\/\/images.novelship.com\/product\/_women__tom_sachs_x_nikecraft_general_purpose_shoe_9_62687.jpeg","datePublished":"2026-03-02T08:16:22+00:00","dateModified":"2026-03-27T18:02:44+00:00","breadcrumb":{"@id":"https:\/\/tourcruiser.com\/de\/products\/women-tom-sachs-x-nikecraft-general-purpose-shoe-brown\/#breadcrumb"},"inLanguage":"de","potentialAction":[{"@type":"ReadAction","target":["https:\/\/tourcruiser.com\/de\/products\/women-tom-sachs-x-nikecraft-general-purpose-shoe-brown\/"]}]},{"@type":"ImageObject","inLanguage":"de","@id":"https:\/\/tourcruiser.com\/de\/products\/women-tom-sachs-x-nikecraft-general-purpose-shoe-brown\/#primaryimage","url":"https:\/\/images.novelship.com\/product\/_women__tom_sachs_x_nikecraft_general_purpose_shoe_0_62686.jpeg;https:\/\/images.novelship.com\/product\/_women__tom_sachs_x_nikecraft_general_purpose_shoe_1_62687.jpeg;https:\/\/images.novelship.com\/product\/_women__tom_sachs_x_nikecraft_general_purpose_shoe_2_62687.jpeg;https:\/\/images.novelship.com\/product\/_women__tom_sachs_x_nikecraft_general_purpose_shoe_3_62687.jpeg;https:\/\/images.novelship.com\/product\/_women__tom_sachs_x_nikecraft_general_purpose_shoe_4_62687.jpeg;https:\/\/images.novelship.com\/product\/_women__tom_sachs_x_nikecraft_general_purpose_shoe_5_62687.jpeg;https:\/\/images.novelship.com\/product\/_women__tom_sachs_x_nikecraft_general_purpose_shoe_6_62687.jpeg;https:\/\/images.novelship.com\/product\/_women__tom_sachs_x_nikecraft_general_purpose_shoe_7_62687.jpeg;https:\/\/images.novelship.com\/product\/_women__tom_sachs_x_nikecraft_general_purpose_shoe_8_62687.jpeg;https:\/\/images.novelship.com\/product\/_women__tom_sachs_x_nikecraft_general_purpose_shoe_9_62687.jpeg","contentUrl":"https:\/\/images.novelship.com\/product\/_women__tom_sachs_x_nikecraft_general_purpose_shoe_0_62686.jpeg;https:\/\/images.novelship.com\/product\/_women__tom_sachs_x_nikecraft_general_purpose_shoe_1_62687.jpeg;https:\/\/images.novelship.com\/product\/_women__tom_sachs_x_nikecraft_general_purpose_shoe_2_62687.jpeg;https:\/\/images.novelship.com\/product\/_women__tom_sachs_x_nikecraft_general_purpose_shoe_3_62687.jpeg;https:\/\/images.novelship.com\/product\/_women__tom_sachs_x_nikecraft_general_purpose_shoe_4_62687.jpeg;https:\/\/images.novelship.com\/product\/_women__tom_sachs_x_nikecraft_general_purpose_shoe_5_62687.jpeg;https:\/\/images.novelship.com\/product\/_women__tom_sachs_x_nikecraft_general_purpose_shoe_6_62687.jpeg;https:\/\/images.novelship.com\/product\/_women__tom_sachs_x_nikecraft_general_purpose_shoe_7_62687.jpeg;https:\/\/images.novelship.com\/product\/_women__tom_sachs_x_nikecraft_general_purpose_shoe_8_62687.jpeg;https:\/\/images.novelship.com\/product\/_women__tom_sachs_x_nikecraft_general_purpose_shoe_9_62687.jpeg"},{"@type":"BreadcrumbList","@id":"https:\/\/tourcruiser.com\/de\/products\/women-tom-sachs-x-nikecraft-general-purpose-shoe-brown\/#breadcrumb","itemListElement":[{"@type":"ListItem","position":1,"name":"Home","item":"https:\/\/tourcruiser.com\/de\/"},{"@type":"ListItem","position":2,"name":"Shop","item":"https:\/\/tourcruiser.com\/de\/shop\/"},{"@type":"ListItem","position":3,"name":"(Women) Tom Sachs x NikeCraft General Purpose Shoe 'Brown'"}]},{"@type":"WebSite","@id":"https:\/\/tourcruiser.com\/de\/#website","url":"https:\/\/tourcruiser.com\/de\/","name":"Styloral Jewelry Shop","description":"Tourcruiser Sneaker Store \u2014 der Ort, an dem das Universum deine Einzigartigkeit trifft.","publisher":{"@id":"https:\/\/tourcruiser.com\/de\/#organization"},"potentialAction":[{"@type":"SearchAction","target":{"@type":"EntryPoint","urlTemplate":"https:\/\/tourcruiser.com\/de\/?s={search_term_string}"},"query-input":{"@type":"PropertyValueSpecification","valueRequired":true,"valueName":"search_term_string"}}],"inLanguage":"de"},{"@type":"Organization","@id":"https:\/\/tourcruiser.com\/de\/#organization","name":"STYLORAL PTE. LTD","url":"https:\/\/tourcruiser.com\/de\/","logo":{"@type":"ImageObject","inLanguage":"de","@id":"https:\/\/tourcruiser.com\/de\/#\/schema\/logo\/image\/","url":"https:\/\/www.tourcruiser.com\/wp-content\/uploads\/2025\/12\/logo.png","contentUrl":"https:\/\/www.tourcruiser.com\/wp-content\/uploads\/2025\/12\/logo.png","width":200,"height":65,"caption":"STYLORAL PTE. LTD"},"image":{"@id":"https:\/\/tourcruiser.com\/de\/#\/schema\/logo\/image\/"}}]}},"_links":{"self":[{"href":"https:\/\/tourcruiser.com\/de\/wp-json\/wp\/v2\/product\/55785","targetHints":{"allow":["GET"]}}],"collection":[{"href":"https:\/\/tourcruiser.com\/de\/wp-json\/wp\/v2\/product"}],"about":[{"href":"https:\/\/tourcruiser.com\/de\/wp-json\/wp\/v2\/types\/product"}],"replies":[{"embeddable":true,"href":"https:\/\/tourcruiser.com\/de\/wp-json\/wp\/v2\/comments?post=55785"}],"wp:featuredmedia":[{"embeddable":true,"href":"https:\/\/tourcruiser.com\/de\/wp-json\/wp\/v2\/media\/55786"}],"wp:attachment":[{"href":"https:\/\/tourcruiser.com\/de\/wp-json\/wp\/v2\/media?parent=55785"}],"wp:term":[{"taxonomy":"product_brand","embeddable":true,"href":"https:\/\/tourcruiser.com\/de\/wp-json\/wp\/v2\/product_brand?post=55785"},{"taxonomy":"product_cat","embeddable":true,"href":"https:\/\/tourcruiser.com\/de\/wp-json\/wp\/v2\/product_cat?post=55785"},{"taxonomy":"product_tag","embeddable":true,"href":"https:\/\/tourcruiser.com\/de\/wp-json\/wp\/v2\/product_tag?post=55785"}],"curies":[{"name":"wp","href":"https:\/\/api.w.org\/{rel}","templated":true}]}}