{"id":55778,"date":"2026-03-02T15:16:21","date_gmt":"2026-03-02T08:16:21","guid":{"rendered":"http:\/\/tourcruiser.com\/product\/women-adidas-adistar-xlg-cyber-metallic-black"},"modified":"2026-03-28T01:02:43","modified_gmt":"2026-03-27T18:02:43","slug":"women-adidas-adistar-xlg-cyber-metallic-black","status":"publish","type":"product","link":"https:\/\/tourcruiser.com\/de\/products\/women-adidas-adistar-xlg-cyber-metallic-black\/","title":{"rendered":"(Women) adidas Adistar XLG &#8218;Cyber Metallic Black&#8216;"},"content":{"rendered":"<p>Erlebe ein neues Laufgef\u00fchl mit dem adidas Adistar XLG &#8218;Cyber \u201d\u2039\u201d\u2039Metallic Black&#8216; IF6936 \u201d\u201c der Laufschuh f\u00fcr Frauen, die Wert auf Stil, Komfort und Langlebigkeit legen. Dieser innovative Laufschuh besticht durch sein elegantes schwarzes Obermaterial mit auff\u00e4lligen Cyber-Metallic-Akzenten, die Performance und modernes Design perfekt vereinen. Die reaktionsfreudige D\u00e4mpfung sorgt f\u00fcr geschmeidige Schritte und langanhaltenden Komfort und macht ihn ideal f\u00fcr intensive Trainingseinheiten oder entspannte L\u00e4ufe. Das atmungsaktive Mesh-Obermaterial gew\u00e4hrleistet optimale Bel\u00fcftung, w\u00e4hrend die strapazierf\u00e4hige Gummisohle hervorragenden Grip auf verschiedenen Untergr\u00fcnden bietet. Dank seines ergonomischen Designs bietet der Adistar XLG eine st\u00fctzende Passform, die die nat\u00fcrliche Bewegung deines Fu\u00dfes unterst\u00fctzt und Erm\u00fcdung bei l\u00e4ngerem Tragen reduziert. Ob im Fitnessstudio, beim Laufen im Freien oder im sportlichen Freizeitlook \u201d\u201c dieser Schuh garantiert hohe Funktionalit\u00e4t und unvergleichlichen Style. Der adidas Adistar XLG ist der ideale Begleiter f\u00fcr ambitionierte Sportler und Fitnessbegeisterte und vereint innovative Technologie mit trendweisendem Design.<\/p>\n<ul>\n<li><strong>Style Code:<\/strong> IF6936<\/li>\n<li><strong>Obermaterial:<\/strong> Mesh<\/li>\n<li><strong>Zwischensohle:<\/strong> EVA<\/li>\n<li><strong>Farbe:<\/strong> Schwarz<\/li>\n<\/ul>\n","protected":false},"excerpt":{"rendered":"<p>(W) adidas Adistar XLG &#8218;Cyber Metallic Black&#8216;<\/p>\n","protected":false},"featured_media":55779,"comment_status":"open","ping_status":"closed","template":"","meta":[],"product_brand":[],"product_cat":[10941],"product_tag":[10759,10750,10754,10765,10768,10758],"class_list":{"0":"post-55778","1":"product","2":"type-product","3":"status-publish","4":"has-post-thumbnail","6":"product_cat-adidas-women","7":"product_tag-adidas","8":"product_tag-athleisure-shoes","9":"product_tag-lifestyle-casual-shoes","10":"product_tag-lifestyle-shoes-running-inspired","11":"product_tag-retro-running-shoes","12":"product_tag-under-retail","13":"wcpa_has_options","15":"first","16":"outofstock","17":"taxable","18":"shipping-taxable","19":"purchasable","20":"product-type-simple"},"wcpa_form_fields":{"rules":{"pric_overide_base_price":false,"pric_overide_base_price_if_gt_zero":false,"pric_overide_base_price_fully":false,"pric_cal_option_once":false,"pric_use_as_fee":false,"bind_quantity":false,"quantity_bind_formula":false},"fields":[{"type":"color-group","required":true,"elementId":"wcpa-color-group-66c4a7f817afe","label":"Gr\u00f6\u00dfe","inline":true,"priceOptions":"different_for_all","pricingType":"fixed","className":"hassizechart product-shoes-size-eu product-shoes-size","name":"color-group-66c4a7f817b18","disp_type":"square","selection_type":"tick-border","disp_size":"50","show_label_inside":true,"adjust_width":true,"cart_display_type":"text","other_text":"Other","cl_rule":"show","col":6,"values":[{"label":"35","value":"EU 35","price":"","pimage":"","pimage_id":"","pthumb":"","color":""},{"label":"35.5","value":"EU 35.5","price":"","pimage":"","pimage_id":"","pthumb":"","color":""},{"label":"36","value":"EU 36","price":"","pimage":"","pimage_id":"","pthumb":"","color":"","selected":true},{"label":"36 2\/3","value":"EU 36 2\/3","price":"","pimage":"","pimage_id":"","pthumb":"","color":""},{"label":"37 1\/3","value":"EU 37 1\/3","price":"","pimage":"","pimage_id":"","pthumb":"","color":""},{"label":"38","value":"EU 38","price":"","pimage":"","pimage_id":"","pthumb":"","color":""},{"label":"38 2\/3","value":"EU 38 2\/3","price":"","pimage":"","pimage_id":"","pthumb":"","color":""},{"label":"39 1\/3","value":"EU 39 1\/3","price":"","pimage":"","pimage_id":"","pthumb":"","color":""},{"label":"40","value":"EU 40","price":"","pimage":"","pimage_id":"","pthumb":"","color":""},{"label":"40 2\/3","value":"EU 40 2\/3","price":"","pimage":"","pimage_id":"","pthumb":"","color":""},{"label":"41 1\/3","value":"EU 41 1\/3","price":"","pimage":"","pimage_id":"","pthumb":"","color":""},{"label":"42","value":"EU 42","price":"","pimage":"","pimage_id":"","pthumb":"","color":""},{"label":"42 2\/3","value":"EU 42 2\/3","price":"","pimage":"","pimage_id":"","pthumb":"","color":""},{"label":"43 1\/3","value":"EU 43 1\/3","price":"","pimage":"","pimage_id":"","pthumb":"","color":""},{"label":"44","value":"EU 44","price":"","pimage":"","pimage_id":"","pthumb":"","color":""},{"label":"44 2\/3","value":"EU 44 2\/3","price":"","pimage":"","pimage_id":"","pthumb":"","color":""},{"label":"45 1\/3","value":"EU 45 1\/3","price":"","pimage":"","pimage_id":"","pthumb":"","color":""},{"label":"46","value":"EU 46","price":"","pimage":"","pimage_id":"","pthumb":"","color":""},{"label":"46 2\/3","value":"EU 46 2\/3","price":"","pimage":"","pimage_id":"","pthumb":"","color":""},{"label":"47 1\/3","value":"EU 47 1\/3","price":"","pimage":"","pimage_id":"","pthumb":"","color":""}],"relations":[{"operator":false,"rules":[]}],"form_id":24802,"form_rules":{"pric_cal_option_once":false,"exclude_from_discount":false,"pric_use_as_fee":false,"fee_label":"Fee","render_after_acb":false,"disp_hide_options_price":false}}]},"yoast_head":"<!-- This site is optimized with the Yoast SEO plugin v26.5 - https:\/\/yoast.com\/wordpress\/plugins\/seo\/ -->\n<title>(Women) adidas Adistar XLG &#039;Cyber Metallic Black&#039;  - Tourcruiser PTE. LTD<\/title>\n<meta name=\"robots\" content=\"index, follow, max-snippet:-1, max-image-preview:large, max-video-preview:-1\" \/>\n<link rel=\"canonical\" href=\"https:\/\/tourcruiser.com\/\" \/>\n<meta property=\"og:locale\" content=\"de_DE\" \/>\n<meta property=\"og:type\" content=\"article\" \/>\n<meta property=\"og:title\" content=\"(Women) adidas Adistar XLG &#039;Cyber Metallic Black&#039;  - Tourcruiser PTE. LTD\" \/>\n<meta property=\"og:description\" content=\"(W) adidas Adistar XLG &#039;Cyber Metallic Black&#039;\" \/>\n<meta property=\"og:url\" content=\"\/\" \/>\n<meta property=\"og:site_name\" content=\"Tourcruiser Sneaker Store\" \/>\n<meta property=\"article:modified_time\" content=\"2026-03-27T18:02:43+00:00\" \/>\n<meta name=\"twitter:card\" content=\"summary_large_image\" \/>\n<meta name=\"twitter:image\" content=\"https:\/\/images.novelship.com\/product\/_women__adidas_adistar_xlg__cyber_metallic_black___0_21433.png;https:\/\/images.novelship.com\/product\/_women__adidas_adistar_xlg__cyber_metallic_black___1_21433.png;https:\/\/images.novelship.com\/product\/_women__adidas_adistar_xlg__cyber_metallic_black___2_21433.jpeg;https:\/\/images.novelship.com\/product\/_women__adidas_adistar_xlg__cyber_metallic_black___3_21433.jpeg;https:\/\/images.novelship.com\/product\/_women__adidas_adistar_xlg__cyber_metallic_black___4_21433.jpeg;https:\/\/images.novelship.com\/product\/_women__adidas_adistar_xlg__cyber_metallic_black___5_21433.jpeg\" \/>\n<meta name=\"twitter:label1\" content=\"Gesch\u00e4tzte Lesezeit\" \/>\n\t<meta name=\"twitter:data1\" content=\"1\u00a0Minute\" \/>\n<script type=\"application\/ld+json\" class=\"yoast-schema-graph\">{\"@context\":\"https:\/\/schema.org\",\"@graph\":[{\"@type\":\"WebPage\",\"@id\":\"\/\",\"url\":\"https:\/\/tourcruiser.com\/\",\"name\":\"(Women) adidas Adistar XLG 'Cyber Metallic Black' - Tourcruiser PTE. LTD\",\"isPartOf\":{\"@id\":\"https:\/\/tourcruiser.com\/de\/#website\"},\"primaryImageOfPage\":{\"@id\":\"https:\/\/tourcruiser.com\/#primaryimage\"},\"image\":{\"@id\":\"https:\/\/tourcruiser.com\/#primaryimage\"},\"thumbnailUrl\":\"https:\/\/images.novelship.com\/product\/_women__adidas_adistar_xlg__cyber_metallic_black___0_21433.png;https:\/\/images.novelship.com\/product\/_women__adidas_adistar_xlg__cyber_metallic_black___1_21433.png;https:\/\/images.novelship.com\/product\/_women__adidas_adistar_xlg__cyber_metallic_black___2_21433.jpeg;https:\/\/images.novelship.com\/product\/_women__adidas_adistar_xlg__cyber_metallic_black___3_21433.jpeg;https:\/\/images.novelship.com\/product\/_women__adidas_adistar_xlg__cyber_metallic_black___4_21433.jpeg;https:\/\/images.novelship.com\/product\/_women__adidas_adistar_xlg__cyber_metallic_black___5_21433.jpeg\",\"datePublished\":\"2026-03-02T08:16:21+00:00\",\"dateModified\":\"2026-03-27T18:02:43+00:00\",\"breadcrumb\":{\"@id\":\"https:\/\/tourcruiser.com\/#breadcrumb\"},\"inLanguage\":\"de\",\"potentialAction\":[{\"@type\":\"ReadAction\",\"target\":[\"https:\/\/tourcruiser.com\/\"]}]},{\"@type\":\"ImageObject\",\"inLanguage\":\"de\",\"@id\":\"https:\/\/tourcruiser.com\/#primaryimage\",\"url\":\"https:\/\/images.novelship.com\/product\/_women__adidas_adistar_xlg__cyber_metallic_black___0_21433.png;https:\/\/images.novelship.com\/product\/_women__adidas_adistar_xlg__cyber_metallic_black___1_21433.png;https:\/\/images.novelship.com\/product\/_women__adidas_adistar_xlg__cyber_metallic_black___2_21433.jpeg;https:\/\/images.novelship.com\/product\/_women__adidas_adistar_xlg__cyber_metallic_black___3_21433.jpeg;https:\/\/images.novelship.com\/product\/_women__adidas_adistar_xlg__cyber_metallic_black___4_21433.jpeg;https:\/\/images.novelship.com\/product\/_women__adidas_adistar_xlg__cyber_metallic_black___5_21433.jpeg\",\"contentUrl\":\"https:\/\/images.novelship.com\/product\/_women__adidas_adistar_xlg__cyber_metallic_black___0_21433.png;https:\/\/images.novelship.com\/product\/_women__adidas_adistar_xlg__cyber_metallic_black___1_21433.png;https:\/\/images.novelship.com\/product\/_women__adidas_adistar_xlg__cyber_metallic_black___2_21433.jpeg;https:\/\/images.novelship.com\/product\/_women__adidas_adistar_xlg__cyber_metallic_black___3_21433.jpeg;https:\/\/images.novelship.com\/product\/_women__adidas_adistar_xlg__cyber_metallic_black___4_21433.jpeg;https:\/\/images.novelship.com\/product\/_women__adidas_adistar_xlg__cyber_metallic_black___5_21433.jpeg\"},{\"@type\":\"BreadcrumbList\",\"@id\":\"https:\/\/tourcruiser.com\/#breadcrumb\",\"itemListElement\":[{\"@type\":\"ListItem\",\"position\":1,\"name\":\"Home\",\"item\":\"https:\/\/tourcruiser.com\/de\/\"},{\"@type\":\"ListItem\",\"position\":2,\"name\":\"Shop\",\"item\":\"https:\/\/tourcruiser.com\/de\/shop\/\"},{\"@type\":\"ListItem\",\"position\":3,\"name\":\"(Women) adidas Adistar XLG &#8218;Cyber Metallic Black&#8216;\"}]},{\"@type\":\"WebSite\",\"@id\":\"https:\/\/tourcruiser.com\/de\/#website\",\"url\":\"https:\/\/tourcruiser.com\/de\/\",\"name\":\"Styloral Jewelry Shop\",\"description\":\"Tourcruiser Sneaker Store \u2014 der Ort, an dem das Universum deine Einzigartigkeit trifft.\",\"publisher\":{\"@id\":\"https:\/\/tourcruiser.com\/de\/#organization\"},\"potentialAction\":[{\"@type\":\"SearchAction\",\"target\":{\"@type\":\"EntryPoint\",\"urlTemplate\":\"https:\/\/tourcruiser.com\/de\/?s={search_term_string}\"},\"query-input\":{\"@type\":\"PropertyValueSpecification\",\"valueRequired\":true,\"valueName\":\"search_term_string\"}}],\"inLanguage\":\"de\"},{\"@type\":\"Organization\",\"@id\":\"https:\/\/tourcruiser.com\/de\/#organization\",\"name\":\"STYLORAL PTE. LTD\",\"url\":\"https:\/\/tourcruiser.com\/de\/\",\"logo\":{\"@type\":\"ImageObject\",\"inLanguage\":\"de\",\"@id\":\"https:\/\/tourcruiser.com\/de\/#\/schema\/logo\/image\/\",\"url\":\"https:\/\/www.tourcruiser.com\/wp-content\/uploads\/2025\/12\/logo.png\",\"contentUrl\":\"https:\/\/www.tourcruiser.com\/wp-content\/uploads\/2025\/12\/logo.png\",\"width\":200,\"height\":65,\"caption\":\"STYLORAL PTE. LTD\"},\"image\":{\"@id\":\"https:\/\/tourcruiser.com\/de\/#\/schema\/logo\/image\/\"}}]}<\/script>\n<!-- \/ Yoast SEO plugin. -->","yoast_head_json":{"title":"(Women) adidas Adistar XLG 'Cyber Metallic Black'  - Tourcruiser PTE. LTD","robots":{"index":"index","follow":"follow","max-snippet":"max-snippet:-1","max-image-preview":"max-image-preview:large","max-video-preview":"max-video-preview:-1"},"canonical":"https:\/\/tourcruiser.com\/","og_locale":"de_DE","og_type":"article","og_title":"(Women) adidas Adistar XLG 'Cyber Metallic Black'  - Tourcruiser PTE. LTD","og_description":"(W) adidas Adistar XLG 'Cyber Metallic Black'","og_url":"\/","og_site_name":"Tourcruiser Sneaker Store","article_modified_time":"2026-03-27T18:02:43+00:00","twitter_card":"summary_large_image","twitter_image":"https:\/\/images.novelship.com\/product\/_women__adidas_adistar_xlg__cyber_metallic_black___0_21433.png;https:\/\/images.novelship.com\/product\/_women__adidas_adistar_xlg__cyber_metallic_black___1_21433.png;https:\/\/images.novelship.com\/product\/_women__adidas_adistar_xlg__cyber_metallic_black___2_21433.jpeg;https:\/\/images.novelship.com\/product\/_women__adidas_adistar_xlg__cyber_metallic_black___3_21433.jpeg;https:\/\/images.novelship.com\/product\/_women__adidas_adistar_xlg__cyber_metallic_black___4_21433.jpeg;https:\/\/images.novelship.com\/product\/_women__adidas_adistar_xlg__cyber_metallic_black___5_21433.jpeg","twitter_misc":{"Gesch\u00e4tzte Lesezeit":"1\u00a0Minute"},"schema":{"@context":"https:\/\/schema.org","@graph":[{"@type":"WebPage","@id":"\/","url":"https:\/\/tourcruiser.com\/","name":"(Women) adidas Adistar XLG 'Cyber Metallic Black' - Tourcruiser PTE. LTD","isPartOf":{"@id":"https:\/\/tourcruiser.com\/de\/#website"},"primaryImageOfPage":{"@id":"https:\/\/tourcruiser.com\/#primaryimage"},"image":{"@id":"https:\/\/tourcruiser.com\/#primaryimage"},"thumbnailUrl":"https:\/\/images.novelship.com\/product\/_women__adidas_adistar_xlg__cyber_metallic_black___0_21433.png;https:\/\/images.novelship.com\/product\/_women__adidas_adistar_xlg__cyber_metallic_black___1_21433.png;https:\/\/images.novelship.com\/product\/_women__adidas_adistar_xlg__cyber_metallic_black___2_21433.jpeg;https:\/\/images.novelship.com\/product\/_women__adidas_adistar_xlg__cyber_metallic_black___3_21433.jpeg;https:\/\/images.novelship.com\/product\/_women__adidas_adistar_xlg__cyber_metallic_black___4_21433.jpeg;https:\/\/images.novelship.com\/product\/_women__adidas_adistar_xlg__cyber_metallic_black___5_21433.jpeg","datePublished":"2026-03-02T08:16:21+00:00","dateModified":"2026-03-27T18:02:43+00:00","breadcrumb":{"@id":"https:\/\/tourcruiser.com\/#breadcrumb"},"inLanguage":"de","potentialAction":[{"@type":"ReadAction","target":["https:\/\/tourcruiser.com\/"]}]},{"@type":"ImageObject","inLanguage":"de","@id":"https:\/\/tourcruiser.com\/#primaryimage","url":"https:\/\/images.novelship.com\/product\/_women__adidas_adistar_xlg__cyber_metallic_black___0_21433.png;https:\/\/images.novelship.com\/product\/_women__adidas_adistar_xlg__cyber_metallic_black___1_21433.png;https:\/\/images.novelship.com\/product\/_women__adidas_adistar_xlg__cyber_metallic_black___2_21433.jpeg;https:\/\/images.novelship.com\/product\/_women__adidas_adistar_xlg__cyber_metallic_black___3_21433.jpeg;https:\/\/images.novelship.com\/product\/_women__adidas_adistar_xlg__cyber_metallic_black___4_21433.jpeg;https:\/\/images.novelship.com\/product\/_women__adidas_adistar_xlg__cyber_metallic_black___5_21433.jpeg","contentUrl":"https:\/\/images.novelship.com\/product\/_women__adidas_adistar_xlg__cyber_metallic_black___0_21433.png;https:\/\/images.novelship.com\/product\/_women__adidas_adistar_xlg__cyber_metallic_black___1_21433.png;https:\/\/images.novelship.com\/product\/_women__adidas_adistar_xlg__cyber_metallic_black___2_21433.jpeg;https:\/\/images.novelship.com\/product\/_women__adidas_adistar_xlg__cyber_metallic_black___3_21433.jpeg;https:\/\/images.novelship.com\/product\/_women__adidas_adistar_xlg__cyber_metallic_black___4_21433.jpeg;https:\/\/images.novelship.com\/product\/_women__adidas_adistar_xlg__cyber_metallic_black___5_21433.jpeg"},{"@type":"BreadcrumbList","@id":"https:\/\/tourcruiser.com\/#breadcrumb","itemListElement":[{"@type":"ListItem","position":1,"name":"Home","item":"https:\/\/tourcruiser.com\/de\/"},{"@type":"ListItem","position":2,"name":"Shop","item":"https:\/\/tourcruiser.com\/de\/shop\/"},{"@type":"ListItem","position":3,"name":"(Women) adidas Adistar XLG &#8218;Cyber Metallic Black&#8216;"}]},{"@type":"WebSite","@id":"https:\/\/tourcruiser.com\/de\/#website","url":"https:\/\/tourcruiser.com\/de\/","name":"Styloral Jewelry Shop","description":"Tourcruiser Sneaker Store \u2014 der Ort, an dem das Universum deine Einzigartigkeit trifft.","publisher":{"@id":"https:\/\/tourcruiser.com\/de\/#organization"},"potentialAction":[{"@type":"SearchAction","target":{"@type":"EntryPoint","urlTemplate":"https:\/\/tourcruiser.com\/de\/?s={search_term_string}"},"query-input":{"@type":"PropertyValueSpecification","valueRequired":true,"valueName":"search_term_string"}}],"inLanguage":"de"},{"@type":"Organization","@id":"https:\/\/tourcruiser.com\/de\/#organization","name":"STYLORAL PTE. LTD","url":"https:\/\/tourcruiser.com\/de\/","logo":{"@type":"ImageObject","inLanguage":"de","@id":"https:\/\/tourcruiser.com\/de\/#\/schema\/logo\/image\/","url":"https:\/\/www.tourcruiser.com\/wp-content\/uploads\/2025\/12\/logo.png","contentUrl":"https:\/\/www.tourcruiser.com\/wp-content\/uploads\/2025\/12\/logo.png","width":200,"height":65,"caption":"STYLORAL PTE. LTD"},"image":{"@id":"https:\/\/tourcruiser.com\/de\/#\/schema\/logo\/image\/"}}]}},"_links":{"self":[{"href":"https:\/\/tourcruiser.com\/de\/wp-json\/wp\/v2\/product\/55778","targetHints":{"allow":["GET"]}}],"collection":[{"href":"https:\/\/tourcruiser.com\/de\/wp-json\/wp\/v2\/product"}],"about":[{"href":"https:\/\/tourcruiser.com\/de\/wp-json\/wp\/v2\/types\/product"}],"replies":[{"embeddable":true,"href":"https:\/\/tourcruiser.com\/de\/wp-json\/wp\/v2\/comments?post=55778"}],"wp:featuredmedia":[{"embeddable":true,"href":"https:\/\/tourcruiser.com\/de\/wp-json\/wp\/v2\/media\/55779"}],"wp:attachment":[{"href":"https:\/\/tourcruiser.com\/de\/wp-json\/wp\/v2\/media?parent=55778"}],"wp:term":[{"taxonomy":"product_brand","embeddable":true,"href":"https:\/\/tourcruiser.com\/de\/wp-json\/wp\/v2\/product_brand?post=55778"},{"taxonomy":"product_cat","embeddable":true,"href":"https:\/\/tourcruiser.com\/de\/wp-json\/wp\/v2\/product_cat?post=55778"},{"taxonomy":"product_tag","embeddable":true,"href":"https:\/\/tourcruiser.com\/de\/wp-json\/wp\/v2\/product_tag?post=55778"}],"curies":[{"name":"wp","href":"https:\/\/api.w.org\/{rel}","templated":true}]}}