{"id":55163,"date":"2026-03-02T15:15:32","date_gmt":"2026-03-02T08:15:32","guid":{"rendered":"http:\/\/tourcruiser.com\/product\/nike-p-6000-premium-vast-grey-fir"},"modified":"2026-03-28T01:02:19","modified_gmt":"2026-03-27T18:02:19","slug":"nike-p-6000-premium-vast-grey-fir","status":"publish","type":"product","link":"https:\/\/tourcruiser.com\/de\/products\/nike-p-6000-premium-vast-grey-fir\/","title":{"rendered":"Nike P-6000 Premium &#8218;Vast Grey Fir&#8216;"},"content":{"rendered":"<p>Erleben Sie modernen Komfort und Style mit dem Nike P-6000 Premium IF0668-001, einem vielseitigen Sneaker, der von Retro-Laufschuhdesigns inspiriert und mit hochwertigen Materialien veredelt wurde. Dieser Schuh vereint Funktionalit\u00e4t und Stil und kombiniert atmungsaktives Mesh mit Leder-Overlays. Das leichte und dennoch strapazierf\u00e4hige Obermaterial verbindet urbane \u00c4sthetik nahtlos mit sportlicher Performance. Die ged\u00e4mpfte Mittelsohle sorgt f\u00fcr ganzt\u00e4gigen Tragekomfort, egal ob Sie aktiv sind oder es ruhiger angehen lassen, w\u00e4hrend die Gummiau\u00dfensohle mit Waffelprofil zuverl\u00e4ssige Traktion auf verschiedenen Untergr\u00fcnden gew\u00e4hrleistet. Klare Linien, eine moderne Farbpalette und die Liebe zum Detail machen ihn zu einem Statement-Piece f\u00fcr Freizeit und einen aktiven Lebensstil. Der Nike P-6000 Premium IF0668-001 wurde f\u00fcr alle entworfen, die die perfekte Verschmelzung von Vergangenheit und Gegenwart sch\u00e4tzen, und ist der ideale Begleiter f\u00fcr m\u00fchelosen Tragekomfort im Alltag.<\/p>\n<p>Farbgebung: Vast Grey\/Fir\/Limelight\/Vast Grey<\/p>\n<p>Style-Code: IF0668-001<\/p>\n<p>Obermaterial: Wildleder<\/p>\n<p>Farbe: Grau<br \/>\nSaison: Fr\u00fchling<\/p>\n<p>Erscheinungsjahr: 2025<\/p>\n<p>Farbe: Grau<\/p>\n","protected":false},"excerpt":{"rendered":"<p>Nike P-6000 \u201d\u201d Vast Grey\/Fir\/Limelight\/Vast Grey<\/p>\n","protected":false},"featured_media":55164,"comment_status":"open","ping_status":"closed","template":"","meta":[],"product_brand":[],"product_cat":[10803],"product_tag":[10750,10754,10765,10801,10768,10758],"class_list":{"0":"post-55163","1":"product","2":"type-product","3":"status-publish","4":"has-post-thumbnail","6":"product_cat-nike","7":"product_tag-athleisure-shoes","8":"product_tag-lifestyle-casual-shoes","9":"product_tag-lifestyle-shoes-running-inspired","10":"product_tag-nike","11":"product_tag-retro-running-shoes","12":"product_tag-under-retail","13":"wcpa_has_options","15":"first","16":"outofstock","17":"taxable","18":"shipping-taxable","19":"purchasable","20":"product-type-simple"},"wcpa_form_fields":{"rules":{"pric_overide_base_price":false,"pric_overide_base_price_if_gt_zero":false,"pric_overide_base_price_fully":false,"pric_cal_option_once":false,"pric_use_as_fee":false,"bind_quantity":false,"quantity_bind_formula":false},"fields":[{"type":"color-group","required":true,"elementId":"wcpa-color-group-66c4a75505e74","label":"Gr\u00f6\u00dfe - EU Gr\u00f6\u00dfe","inline":true,"priceOptions":"different_for_all","pricingType":"fixed","className":"hassizechart product-shoes-size-eu product-shoes-size","name":"color-group-66c4a75505e89","disp_type":"square","selection_type":"tick-border","disp_size":"44","show_label_inside":true,"adjust_width":true,"cart_display_type":"text","other_text":"Other","cl_rule":"show","col":6,"values":[{"label":"35.5","value":"EU 35.5","price":"","pimage":"","pimage_id":"","pthumb":"","color":""},{"label":"36","value":"EU 36","price":"","pimage":"","pimage_id":"","pthumb":"","color":"","selected":true},{"label":"36.5","value":"EU 36.5","price":"","pimage":"","pimage_id":"","pthumb":"","color":""},{"label":"37.5","value":"EU 37.5","price":"","pimage":"","pimage_id":"","pthumb":"","color":""},{"label":"38","value":"EU 38","price":"","pimage":"","pimage_id":"","pthumb":"","color":""},{"label":"38.5","value":"EU 38.5","price":"","pimage":"","pimage_id":"","pthumb":"","color":""},{"label":"39","value":"EU 39","price":"","pimage":"","pimage_id":"","pthumb":"","color":""},{"label":"40","value":"EU 40","price":"","pimage":"","pimage_id":"","pthumb":"","color":""},{"label":"40.5","value":"EU 40.5","price":"","pimage":"","pimage_id":"","pthumb":"","color":""},{"label":"41","value":"EU 41","price":"","pimage":"","pimage_id":"","pthumb":"","color":""},{"label":"42","value":"EU 42","price":"","pimage":"","pimage_id":"","pthumb":"","color":""},{"label":"42.5","value":"EU 42.5","price":"","pimage":"","pimage_id":"","pthumb":"","color":""},{"label":"43","value":"EU 43","price":"","pimage":"","pimage_id":"","pthumb":"","color":""},{"label":"44","value":"EU 44","price":"","pimage":"","pimage_id":"","pthumb":"","color":""},{"label":"44.5","value":"EU 44.5","price":"","pimage":"","pimage_id":"","pthumb":"","color":""},{"label":"45","value":"EU 45","price":"","pimage":"","pimage_id":"","pthumb":"","color":""},{"label":"45.5","value":"EU 45.5","price":"","pimage":"","pimage_id":"","pthumb":"","color":""},{"label":"46","value":"EU 46","price":"","pimage":"","pimage_id":"","pthumb":"","color":""},{"label":"47","value":"EU 47","price":"","pimage":"","pimage_id":"","pthumb":"","color":""},{"label":"47.5","value":"EU 47.5","price":"","pimage":"","pimage_id":"","pthumb":"","color":""},{"label":"48","value":"EU 48","price":"","pimage":"","pimage_id":"","pthumb":"","color":""}],"relations":[{"operator":false,"rules":[]}],"form_id":18106,"form_rules":{"pric_cal_option_once":false,"exclude_from_discount":false,"pric_use_as_fee":false,"fee_label":"Fee","render_after_acb":false,"disp_hide_options_price":false}}]},"yoast_head":"<!-- This site is optimized with the Yoast SEO plugin v26.5 - https:\/\/yoast.com\/wordpress\/plugins\/seo\/ -->\n<title>Nike P-6000 Premium &#039;Vast Grey Fir&#039;  - Tourcruiser PTE. LTD<\/title>\n<meta name=\"robots\" content=\"index, follow, max-snippet:-1, max-image-preview:large, max-video-preview:-1\" \/>\n<link rel=\"canonical\" href=\"https:\/\/tourcruiser.com\/\" \/>\n<meta property=\"og:locale\" content=\"de_DE\" \/>\n<meta property=\"og:type\" content=\"article\" \/>\n<meta property=\"og:title\" content=\"Nike P-6000 Premium &#039;Vast Grey Fir&#039;  - Tourcruiser PTE. LTD\" \/>\n<meta property=\"og:description\" content=\"Nike P-6000 \u201d\u201d Vast Grey\/Fir\/Limelight\/Vast Grey\" \/>\n<meta property=\"og:url\" content=\"\/\" \/>\n<meta property=\"og:site_name\" content=\"Tourcruiser Sneaker Store\" \/>\n<meta property=\"article:modified_time\" content=\"2026-03-27T18:02:19+00:00\" \/>\n<meta name=\"twitter:card\" content=\"summary_large_image\" \/>\n<meta name=\"twitter:image\" content=\"https:\/\/images.novelship.com\/product\/nike_p-6000_premium_if0668-001_0_10210.png;https:\/\/images.novelship.com\/product\/nike_p-6000_premium_if0668-001_1_10210.png;https:\/\/images.novelship.com\/product\/nike_p-6000_premium_if0668-001_2_10210.png;https:\/\/images.novelship.com\/product\/nike_p-6000_premium_if0668-001_3_10210.png;https:\/\/images.novelship.com\/product\/nike_p-6000_premium_if0668-001_4_10210.png;https:\/\/images.novelship.com\/product\/nike_p-6000_premium_if0668-001_5_10210.png;https:\/\/images.novelship.com\/product\/nike_p-6000_premium_if0668-001_6_10210.png;https:\/\/images.novelship.com\/product\/nike_p-6000_premium_if0668-001_7_10210.png\" \/>\n<meta name=\"twitter:label1\" content=\"Gesch\u00e4tzte Lesezeit\" \/>\n\t<meta name=\"twitter:data1\" content=\"1\u00a0Minute\" \/>\n<script type=\"application\/ld+json\" class=\"yoast-schema-graph\">{\"@context\":\"https:\/\/schema.org\",\"@graph\":[{\"@type\":\"WebPage\",\"@id\":\"\/\",\"url\":\"https:\/\/tourcruiser.com\/\",\"name\":\"Nike P-6000 Premium 'Vast Grey Fir' - Tourcruiser PTE. LTD\",\"isPartOf\":{\"@id\":\"https:\/\/tourcruiser.com\/de\/#website\"},\"primaryImageOfPage\":{\"@id\":\"https:\/\/tourcruiser.com\/#primaryimage\"},\"image\":{\"@id\":\"https:\/\/tourcruiser.com\/#primaryimage\"},\"thumbnailUrl\":\"https:\/\/images.novelship.com\/product\/nike_p-6000_premium_if0668-001_0_10210.png;https:\/\/images.novelship.com\/product\/nike_p-6000_premium_if0668-001_1_10210.png;https:\/\/images.novelship.com\/product\/nike_p-6000_premium_if0668-001_2_10210.png;https:\/\/images.novelship.com\/product\/nike_p-6000_premium_if0668-001_3_10210.png;https:\/\/images.novelship.com\/product\/nike_p-6000_premium_if0668-001_4_10210.png;https:\/\/images.novelship.com\/product\/nike_p-6000_premium_if0668-001_5_10210.png;https:\/\/images.novelship.com\/product\/nike_p-6000_premium_if0668-001_6_10210.png;https:\/\/images.novelship.com\/product\/nike_p-6000_premium_if0668-001_7_10210.png\",\"datePublished\":\"2026-03-02T08:15:32+00:00\",\"dateModified\":\"2026-03-27T18:02:19+00:00\",\"breadcrumb\":{\"@id\":\"https:\/\/tourcruiser.com\/#breadcrumb\"},\"inLanguage\":\"de\",\"potentialAction\":[{\"@type\":\"ReadAction\",\"target\":[\"https:\/\/tourcruiser.com\/\"]}]},{\"@type\":\"ImageObject\",\"inLanguage\":\"de\",\"@id\":\"https:\/\/tourcruiser.com\/#primaryimage\",\"url\":\"https:\/\/images.novelship.com\/product\/nike_p-6000_premium_if0668-001_0_10210.png;https:\/\/images.novelship.com\/product\/nike_p-6000_premium_if0668-001_1_10210.png;https:\/\/images.novelship.com\/product\/nike_p-6000_premium_if0668-001_2_10210.png;https:\/\/images.novelship.com\/product\/nike_p-6000_premium_if0668-001_3_10210.png;https:\/\/images.novelship.com\/product\/nike_p-6000_premium_if0668-001_4_10210.png;https:\/\/images.novelship.com\/product\/nike_p-6000_premium_if0668-001_5_10210.png;https:\/\/images.novelship.com\/product\/nike_p-6000_premium_if0668-001_6_10210.png;https:\/\/images.novelship.com\/product\/nike_p-6000_premium_if0668-001_7_10210.png\",\"contentUrl\":\"https:\/\/images.novelship.com\/product\/nike_p-6000_premium_if0668-001_0_10210.png;https:\/\/images.novelship.com\/product\/nike_p-6000_premium_if0668-001_1_10210.png;https:\/\/images.novelship.com\/product\/nike_p-6000_premium_if0668-001_2_10210.png;https:\/\/images.novelship.com\/product\/nike_p-6000_premium_if0668-001_3_10210.png;https:\/\/images.novelship.com\/product\/nike_p-6000_premium_if0668-001_4_10210.png;https:\/\/images.novelship.com\/product\/nike_p-6000_premium_if0668-001_5_10210.png;https:\/\/images.novelship.com\/product\/nike_p-6000_premium_if0668-001_6_10210.png;https:\/\/images.novelship.com\/product\/nike_p-6000_premium_if0668-001_7_10210.png\"},{\"@type\":\"BreadcrumbList\",\"@id\":\"https:\/\/tourcruiser.com\/#breadcrumb\",\"itemListElement\":[{\"@type\":\"ListItem\",\"position\":1,\"name\":\"Home\",\"item\":\"https:\/\/tourcruiser.com\/de\/\"},{\"@type\":\"ListItem\",\"position\":2,\"name\":\"Shop\",\"item\":\"https:\/\/tourcruiser.com\/de\/shop\/\"},{\"@type\":\"ListItem\",\"position\":3,\"name\":\"Nike P-6000 Premium &#8218;Vast Grey Fir&#8216;\"}]},{\"@type\":\"WebSite\",\"@id\":\"https:\/\/tourcruiser.com\/de\/#website\",\"url\":\"https:\/\/tourcruiser.com\/de\/\",\"name\":\"Styloral Jewelry Shop\",\"description\":\"Tourcruiser Sneaker Store \u2014 der Ort, an dem das Universum deine Einzigartigkeit trifft.\",\"publisher\":{\"@id\":\"https:\/\/tourcruiser.com\/de\/#organization\"},\"potentialAction\":[{\"@type\":\"SearchAction\",\"target\":{\"@type\":\"EntryPoint\",\"urlTemplate\":\"https:\/\/tourcruiser.com\/de\/?s={search_term_string}\"},\"query-input\":{\"@type\":\"PropertyValueSpecification\",\"valueRequired\":true,\"valueName\":\"search_term_string\"}}],\"inLanguage\":\"de\"},{\"@type\":\"Organization\",\"@id\":\"https:\/\/tourcruiser.com\/de\/#organization\",\"name\":\"STYLORAL PTE. LTD\",\"url\":\"https:\/\/tourcruiser.com\/de\/\",\"logo\":{\"@type\":\"ImageObject\",\"inLanguage\":\"de\",\"@id\":\"https:\/\/tourcruiser.com\/de\/#\/schema\/logo\/image\/\",\"url\":\"https:\/\/www.tourcruiser.com\/wp-content\/uploads\/2025\/12\/logo.png\",\"contentUrl\":\"https:\/\/www.tourcruiser.com\/wp-content\/uploads\/2025\/12\/logo.png\",\"width\":200,\"height\":65,\"caption\":\"STYLORAL PTE. LTD\"},\"image\":{\"@id\":\"https:\/\/tourcruiser.com\/de\/#\/schema\/logo\/image\/\"}}]}<\/script>\n<!-- \/ Yoast SEO plugin. -->","yoast_head_json":{"title":"Nike P-6000 Premium 'Vast Grey Fir'  - Tourcruiser PTE. LTD","robots":{"index":"index","follow":"follow","max-snippet":"max-snippet:-1","max-image-preview":"max-image-preview:large","max-video-preview":"max-video-preview:-1"},"canonical":"https:\/\/tourcruiser.com\/","og_locale":"de_DE","og_type":"article","og_title":"Nike P-6000 Premium 'Vast Grey Fir'  - Tourcruiser PTE. LTD","og_description":"Nike P-6000 \u201d\u201d Vast Grey\/Fir\/Limelight\/Vast Grey","og_url":"\/","og_site_name":"Tourcruiser Sneaker Store","article_modified_time":"2026-03-27T18:02:19+00:00","twitter_card":"summary_large_image","twitter_image":"https:\/\/images.novelship.com\/product\/nike_p-6000_premium_if0668-001_0_10210.png;https:\/\/images.novelship.com\/product\/nike_p-6000_premium_if0668-001_1_10210.png;https:\/\/images.novelship.com\/product\/nike_p-6000_premium_if0668-001_2_10210.png;https:\/\/images.novelship.com\/product\/nike_p-6000_premium_if0668-001_3_10210.png;https:\/\/images.novelship.com\/product\/nike_p-6000_premium_if0668-001_4_10210.png;https:\/\/images.novelship.com\/product\/nike_p-6000_premium_if0668-001_5_10210.png;https:\/\/images.novelship.com\/product\/nike_p-6000_premium_if0668-001_6_10210.png;https:\/\/images.novelship.com\/product\/nike_p-6000_premium_if0668-001_7_10210.png","twitter_misc":{"Gesch\u00e4tzte Lesezeit":"1\u00a0Minute"},"schema":{"@context":"https:\/\/schema.org","@graph":[{"@type":"WebPage","@id":"\/","url":"https:\/\/tourcruiser.com\/","name":"Nike P-6000 Premium 'Vast Grey Fir' - Tourcruiser PTE. LTD","isPartOf":{"@id":"https:\/\/tourcruiser.com\/de\/#website"},"primaryImageOfPage":{"@id":"https:\/\/tourcruiser.com\/#primaryimage"},"image":{"@id":"https:\/\/tourcruiser.com\/#primaryimage"},"thumbnailUrl":"https:\/\/images.novelship.com\/product\/nike_p-6000_premium_if0668-001_0_10210.png;https:\/\/images.novelship.com\/product\/nike_p-6000_premium_if0668-001_1_10210.png;https:\/\/images.novelship.com\/product\/nike_p-6000_premium_if0668-001_2_10210.png;https:\/\/images.novelship.com\/product\/nike_p-6000_premium_if0668-001_3_10210.png;https:\/\/images.novelship.com\/product\/nike_p-6000_premium_if0668-001_4_10210.png;https:\/\/images.novelship.com\/product\/nike_p-6000_premium_if0668-001_5_10210.png;https:\/\/images.novelship.com\/product\/nike_p-6000_premium_if0668-001_6_10210.png;https:\/\/images.novelship.com\/product\/nike_p-6000_premium_if0668-001_7_10210.png","datePublished":"2026-03-02T08:15:32+00:00","dateModified":"2026-03-27T18:02:19+00:00","breadcrumb":{"@id":"https:\/\/tourcruiser.com\/#breadcrumb"},"inLanguage":"de","potentialAction":[{"@type":"ReadAction","target":["https:\/\/tourcruiser.com\/"]}]},{"@type":"ImageObject","inLanguage":"de","@id":"https:\/\/tourcruiser.com\/#primaryimage","url":"https:\/\/images.novelship.com\/product\/nike_p-6000_premium_if0668-001_0_10210.png;https:\/\/images.novelship.com\/product\/nike_p-6000_premium_if0668-001_1_10210.png;https:\/\/images.novelship.com\/product\/nike_p-6000_premium_if0668-001_2_10210.png;https:\/\/images.novelship.com\/product\/nike_p-6000_premium_if0668-001_3_10210.png;https:\/\/images.novelship.com\/product\/nike_p-6000_premium_if0668-001_4_10210.png;https:\/\/images.novelship.com\/product\/nike_p-6000_premium_if0668-001_5_10210.png;https:\/\/images.novelship.com\/product\/nike_p-6000_premium_if0668-001_6_10210.png;https:\/\/images.novelship.com\/product\/nike_p-6000_premium_if0668-001_7_10210.png","contentUrl":"https:\/\/images.novelship.com\/product\/nike_p-6000_premium_if0668-001_0_10210.png;https:\/\/images.novelship.com\/product\/nike_p-6000_premium_if0668-001_1_10210.png;https:\/\/images.novelship.com\/product\/nike_p-6000_premium_if0668-001_2_10210.png;https:\/\/images.novelship.com\/product\/nike_p-6000_premium_if0668-001_3_10210.png;https:\/\/images.novelship.com\/product\/nike_p-6000_premium_if0668-001_4_10210.png;https:\/\/images.novelship.com\/product\/nike_p-6000_premium_if0668-001_5_10210.png;https:\/\/images.novelship.com\/product\/nike_p-6000_premium_if0668-001_6_10210.png;https:\/\/images.novelship.com\/product\/nike_p-6000_premium_if0668-001_7_10210.png"},{"@type":"BreadcrumbList","@id":"https:\/\/tourcruiser.com\/#breadcrumb","itemListElement":[{"@type":"ListItem","position":1,"name":"Home","item":"https:\/\/tourcruiser.com\/de\/"},{"@type":"ListItem","position":2,"name":"Shop","item":"https:\/\/tourcruiser.com\/de\/shop\/"},{"@type":"ListItem","position":3,"name":"Nike P-6000 Premium &#8218;Vast Grey Fir&#8216;"}]},{"@type":"WebSite","@id":"https:\/\/tourcruiser.com\/de\/#website","url":"https:\/\/tourcruiser.com\/de\/","name":"Styloral Jewelry Shop","description":"Tourcruiser Sneaker Store \u2014 der Ort, an dem das Universum deine Einzigartigkeit trifft.","publisher":{"@id":"https:\/\/tourcruiser.com\/de\/#organization"},"potentialAction":[{"@type":"SearchAction","target":{"@type":"EntryPoint","urlTemplate":"https:\/\/tourcruiser.com\/de\/?s={search_term_string}"},"query-input":{"@type":"PropertyValueSpecification","valueRequired":true,"valueName":"search_term_string"}}],"inLanguage":"de"},{"@type":"Organization","@id":"https:\/\/tourcruiser.com\/de\/#organization","name":"STYLORAL PTE. LTD","url":"https:\/\/tourcruiser.com\/de\/","logo":{"@type":"ImageObject","inLanguage":"de","@id":"https:\/\/tourcruiser.com\/de\/#\/schema\/logo\/image\/","url":"https:\/\/www.tourcruiser.com\/wp-content\/uploads\/2025\/12\/logo.png","contentUrl":"https:\/\/www.tourcruiser.com\/wp-content\/uploads\/2025\/12\/logo.png","width":200,"height":65,"caption":"STYLORAL PTE. LTD"},"image":{"@id":"https:\/\/tourcruiser.com\/de\/#\/schema\/logo\/image\/"}}]}},"_links":{"self":[{"href":"https:\/\/tourcruiser.com\/de\/wp-json\/wp\/v2\/product\/55163","targetHints":{"allow":["GET"]}}],"collection":[{"href":"https:\/\/tourcruiser.com\/de\/wp-json\/wp\/v2\/product"}],"about":[{"href":"https:\/\/tourcruiser.com\/de\/wp-json\/wp\/v2\/types\/product"}],"replies":[{"embeddable":true,"href":"https:\/\/tourcruiser.com\/de\/wp-json\/wp\/v2\/comments?post=55163"}],"wp:featuredmedia":[{"embeddable":true,"href":"https:\/\/tourcruiser.com\/de\/wp-json\/wp\/v2\/media\/55164"}],"wp:attachment":[{"href":"https:\/\/tourcruiser.com\/de\/wp-json\/wp\/v2\/media?parent=55163"}],"wp:term":[{"taxonomy":"product_brand","embeddable":true,"href":"https:\/\/tourcruiser.com\/de\/wp-json\/wp\/v2\/product_brand?post=55163"},{"taxonomy":"product_cat","embeddable":true,"href":"https:\/\/tourcruiser.com\/de\/wp-json\/wp\/v2\/product_cat?post=55163"},{"taxonomy":"product_tag","embeddable":true,"href":"https:\/\/tourcruiser.com\/de\/wp-json\/wp\/v2\/product_tag?post=55163"}],"curies":[{"name":"wp","href":"https:\/\/api.w.org\/{rel}","templated":true}]}}