{"id":54522,"date":"2026-03-02T15:14:35","date_gmt":"2026-03-02T08:14:35","guid":{"rendered":"http:\/\/tourcruiser.com\/product\/women-nike-nikecourt-air-zoom-vapor-12-premium-hc-high-voltage"},"modified":"2026-03-28T01:01:49","modified_gmt":"2026-03-27T18:01:49","slug":"women-nike-nikecourt-air-zoom-vapor-12-premium-hc-high-voltage","status":"publish","type":"product","link":"https:\/\/tourcruiser.com\/de\/products\/women-nike-nikecourt-air-zoom-vapor-12-premium-hc-high-voltage\/","title":{"rendered":"(Women) Nike NikeCourt Air Zoom Vapor 12 Premium HC &#8218;High Voltage&#8216;"},"content":{"rendered":"<p>Verbessere dein Spiel mit dem Nike Vapor 12 Premium HF7834-300, einem High-Performance-Fu\u00dfballschuh, der f\u00fcr Pr\u00e4zision, Geschwindigkeit und Style entwickelt wurde. Dank seiner leichten Konstruktion, die deine Agilit\u00e4t steigert, bietet dieser Schuh eine unvergleichliche Passform. Das eng anliegende, einteilige Obermaterial schmiegt sich wie eine zweite Haut an deinen Fu\u00df. Das Premium-Material sorgt f\u00fcr optimale Ballkontrolle, w\u00e4hrend die strategisch platzierten Stollen f\u00fcr beste Traktion auf Natur- und Kunstrasen garantieren.<\/p>\n<p>Mit seinem markanten Design und der lebendigen Farbgebung l\u00e4sst dich der Vapor 12 Premium HF7834-300 nicht nur deine Bestleistung abrufen, sondern l\u00e4sst dich auch auf dem Spielfeld auffallen. Egal, ob du an Verteidigern vorbeisprintest oder ein kraftvolles Tor erzielst, dieser Schuh garantiert Stabilit\u00e4t und Reaktionsf\u00e4higkeit bei jeder Bewegung. Er wurde f\u00fcr Spitzensportler und ambitionierte Fu\u00dfballer gleicherma\u00dfen entwickelt und bietet eine Strapazierf\u00e4higkeit, die selbst h\u00e4rtesten Bedingungen standh\u00e4lt.<\/p>\n<p>Erlebe einen Schuh, der Exzellenz auf dem Spielfeld neu definiert und warum Spieler weltweit auf Nike vertrauen. Der Vapor 12 Premium HF7834-300 ist der perfekte Schuh f\u00fcr alle, die Geschwindigkeit, Komfort und Innovation vereinen wollen \u201d\u201c dein idealer Begleiter auf dem Spielfeld.<\/p>\n<ul>\n<li><strong>Farbgebung:<\/strong> Leuchtendes Gr\u00fcn\/Hochspannung\/Wei\u00df\/Mineralgr\u00fcn<\/li>\n<li><strong>Artikelnummer:<\/strong> HF7834-300<\/li>\n<li><strong>Obermaterial:<\/strong> Mesh<\/li>\n<li><strong>Zwischensohle:<\/strong> Zoom Air<\/li>\n<li><strong>Farbe:<\/strong> Gelb<\/li>\n<\/ul>\n","protected":false},"excerpt":{"rendered":"<p>Nike Vapor 12 Premium \u201d\u201d Luminous Green\/High Voltage\/White\/Mineral Teal<\/p>\n","protected":false},"featured_media":54523,"comment_status":"open","ping_status":"closed","template":"","meta":[],"product_brand":[],"product_cat":[10809],"product_tag":[11087,10801,10802,10986,11082,10758],"class_list":{"0":"post-54522","1":"product","2":"type-product","3":"status-publish","4":"has-post-thumbnail","6":"product_cat-nike-women","7":"product_tag-firm-ground-fg-football-boots","8":"product_tag-nike","9":"product_tag-performance-sport-shoes","10":"product_tag-soccer-shoes","11":"product_tag-tennis-shoes","12":"product_tag-under-retail","13":"wcpa_has_options","15":"first","16":"outofstock","17":"sale","18":"taxable","19":"shipping-taxable","20":"purchasable","21":"product-type-simple"},"wcpa_form_fields":{"rules":{"pric_overide_base_price":false,"pric_overide_base_price_if_gt_zero":false,"pric_overide_base_price_fully":false,"pric_cal_option_once":false,"pric_use_as_fee":false,"bind_quantity":false,"quantity_bind_formula":false},"fields":[{"type":"color-group","required":true,"elementId":"wcpa-color-group-66c4a75505e74","label":"Gr\u00f6\u00dfe - EU Gr\u00f6\u00dfe","inline":true,"priceOptions":"different_for_all","pricingType":"fixed","className":"hassizechart product-shoes-size-eu product-shoes-size","name":"color-group-66c4a75505e89","disp_type":"square","selection_type":"tick-border","disp_size":"44","show_label_inside":true,"adjust_width":true,"cart_display_type":"text","other_text":"Other","cl_rule":"show","col":6,"values":[{"label":"35.5","value":"EU 35.5","price":"","pimage":"","pimage_id":"","pthumb":"","color":""},{"label":"36","value":"EU 36","price":"","pimage":"","pimage_id":"","pthumb":"","color":"","selected":true},{"label":"36.5","value":"EU 36.5","price":"","pimage":"","pimage_id":"","pthumb":"","color":""},{"label":"37.5","value":"EU 37.5","price":"","pimage":"","pimage_id":"","pthumb":"","color":""},{"label":"38","value":"EU 38","price":"","pimage":"","pimage_id":"","pthumb":"","color":""},{"label":"38.5","value":"EU 38.5","price":"","pimage":"","pimage_id":"","pthumb":"","color":""},{"label":"39","value":"EU 39","price":"","pimage":"","pimage_id":"","pthumb":"","color":""},{"label":"40","value":"EU 40","price":"","pimage":"","pimage_id":"","pthumb":"","color":""},{"label":"40.5","value":"EU 40.5","price":"","pimage":"","pimage_id":"","pthumb":"","color":""},{"label":"41","value":"EU 41","price":"","pimage":"","pimage_id":"","pthumb":"","color":""},{"label":"42","value":"EU 42","price":"","pimage":"","pimage_id":"","pthumb":"","color":""},{"label":"42.5","value":"EU 42.5","price":"","pimage":"","pimage_id":"","pthumb":"","color":""},{"label":"43","value":"EU 43","price":"","pimage":"","pimage_id":"","pthumb":"","color":""},{"label":"44","value":"EU 44","price":"","pimage":"","pimage_id":"","pthumb":"","color":""},{"label":"44.5","value":"EU 44.5","price":"","pimage":"","pimage_id":"","pthumb":"","color":""},{"label":"45","value":"EU 45","price":"","pimage":"","pimage_id":"","pthumb":"","color":""},{"label":"45.5","value":"EU 45.5","price":"","pimage":"","pimage_id":"","pthumb":"","color":""},{"label":"46","value":"EU 46","price":"","pimage":"","pimage_id":"","pthumb":"","color":""},{"label":"47","value":"EU 47","price":"","pimage":"","pimage_id":"","pthumb":"","color":""},{"label":"47.5","value":"EU 47.5","price":"","pimage":"","pimage_id":"","pthumb":"","color":""},{"label":"48","value":"EU 48","price":"","pimage":"","pimage_id":"","pthumb":"","color":""}],"relations":[{"operator":false,"rules":[]}],"form_id":18106,"form_rules":{"pric_cal_option_once":false,"exclude_from_discount":false,"pric_use_as_fee":false,"fee_label":"Fee","render_after_acb":false,"disp_hide_options_price":false}}]},"yoast_head":"<!-- This site is optimized with the Yoast SEO plugin v26.5 - https:\/\/yoast.com\/wordpress\/plugins\/seo\/ -->\n<title>(Women) Nike NikeCourt Air Zoom Vapor 12 Premium HC &#039;High Voltage&#039;  - Tourcruiser PTE. LTD<\/title>\n<meta name=\"robots\" content=\"index, follow, max-snippet:-1, max-image-preview:large, max-video-preview:-1\" \/>\n<link rel=\"canonical\" href=\"https:\/\/tourcruiser.com\/\" \/>\n<meta property=\"og:locale\" content=\"de_DE\" \/>\n<meta property=\"og:type\" content=\"article\" \/>\n<meta property=\"og:title\" content=\"(Women) Nike NikeCourt Air Zoom Vapor 12 Premium HC &#039;High Voltage&#039;  - Tourcruiser PTE. LTD\" \/>\n<meta property=\"og:description\" content=\"Nike Vapor 12 Premium \u201d\u201d Luminous Green\/High Voltage\/White\/Mineral Teal\" \/>\n<meta property=\"og:url\" content=\"\/\" \/>\n<meta property=\"og:site_name\" content=\"Tourcruiser Sneaker Store\" \/>\n<meta property=\"article:modified_time\" content=\"2026-03-27T18:01:49+00:00\" \/>\n<meta name=\"twitter:card\" content=\"summary_large_image\" \/>\n<meta name=\"twitter:image\" content=\"https:\/\/images.novelship.com\/product\/_w__nike_vapor_12_premium_hf7834-300_0_71408.png;https:\/\/images.novelship.com\/product\/_w__nike_vapor_12_premium_hf7834-300_1_71408.png;https:\/\/images.novelship.com\/product\/_w__nike_vapor_12_premium_hf7834-300_2_71408.png;https:\/\/images.novelship.com\/product\/_w__nike_vapor_12_premium_hf7834-300_3_71408.png;https:\/\/images.novelship.com\/product\/_w__nike_vapor_12_premium_hf7834-300_4_71408.png;https:\/\/images.novelship.com\/product\/_w__nike_vapor_12_premium_hf7834-300_5_71408.png;https:\/\/images.novelship.com\/product\/_w__nike_vapor_12_premium_hf7834-300_6_71408.png;https:\/\/images.novelship.com\/product\/_w__nike_vapor_12_premium_hf7834-300_7_71408.png;https:\/\/images.novelship.com\/product\/_w__nike_vapor_12_premium_hf7834-300_8_71408.png\" \/>\n<meta name=\"twitter:label1\" content=\"Gesch\u00e4tzte Lesezeit\" \/>\n\t<meta name=\"twitter:data1\" content=\"1\u00a0Minute\" \/>\n<script type=\"application\/ld+json\" class=\"yoast-schema-graph\">{\"@context\":\"https:\/\/schema.org\",\"@graph\":[{\"@type\":\"WebPage\",\"@id\":\"\/\",\"url\":\"https:\/\/tourcruiser.com\/\",\"name\":\"(Women) Nike NikeCourt Air Zoom Vapor 12 Premium HC 'High Voltage' - Tourcruiser PTE. LTD\",\"isPartOf\":{\"@id\":\"https:\/\/tourcruiser.com\/de\/#website\"},\"primaryImageOfPage\":{\"@id\":\"https:\/\/tourcruiser.com\/#primaryimage\"},\"image\":{\"@id\":\"https:\/\/tourcruiser.com\/#primaryimage\"},\"thumbnailUrl\":\"https:\/\/images.novelship.com\/product\/_w__nike_vapor_12_premium_hf7834-300_0_71408.png;https:\/\/images.novelship.com\/product\/_w__nike_vapor_12_premium_hf7834-300_1_71408.png;https:\/\/images.novelship.com\/product\/_w__nike_vapor_12_premium_hf7834-300_2_71408.png;https:\/\/images.novelship.com\/product\/_w__nike_vapor_12_premium_hf7834-300_3_71408.png;https:\/\/images.novelship.com\/product\/_w__nike_vapor_12_premium_hf7834-300_4_71408.png;https:\/\/images.novelship.com\/product\/_w__nike_vapor_12_premium_hf7834-300_5_71408.png;https:\/\/images.novelship.com\/product\/_w__nike_vapor_12_premium_hf7834-300_6_71408.png;https:\/\/images.novelship.com\/product\/_w__nike_vapor_12_premium_hf7834-300_7_71408.png;https:\/\/images.novelship.com\/product\/_w__nike_vapor_12_premium_hf7834-300_8_71408.png\",\"datePublished\":\"2026-03-02T08:14:35+00:00\",\"dateModified\":\"2026-03-27T18:01:49+00:00\",\"breadcrumb\":{\"@id\":\"https:\/\/tourcruiser.com\/#breadcrumb\"},\"inLanguage\":\"de\",\"potentialAction\":[{\"@type\":\"ReadAction\",\"target\":[\"https:\/\/tourcruiser.com\/\"]}]},{\"@type\":\"ImageObject\",\"inLanguage\":\"de\",\"@id\":\"https:\/\/tourcruiser.com\/#primaryimage\",\"url\":\"https:\/\/images.novelship.com\/product\/_w__nike_vapor_12_premium_hf7834-300_0_71408.png;https:\/\/images.novelship.com\/product\/_w__nike_vapor_12_premium_hf7834-300_1_71408.png;https:\/\/images.novelship.com\/product\/_w__nike_vapor_12_premium_hf7834-300_2_71408.png;https:\/\/images.novelship.com\/product\/_w__nike_vapor_12_premium_hf7834-300_3_71408.png;https:\/\/images.novelship.com\/product\/_w__nike_vapor_12_premium_hf7834-300_4_71408.png;https:\/\/images.novelship.com\/product\/_w__nike_vapor_12_premium_hf7834-300_5_71408.png;https:\/\/images.novelship.com\/product\/_w__nike_vapor_12_premium_hf7834-300_6_71408.png;https:\/\/images.novelship.com\/product\/_w__nike_vapor_12_premium_hf7834-300_7_71408.png;https:\/\/images.novelship.com\/product\/_w__nike_vapor_12_premium_hf7834-300_8_71408.png\",\"contentUrl\":\"https:\/\/images.novelship.com\/product\/_w__nike_vapor_12_premium_hf7834-300_0_71408.png;https:\/\/images.novelship.com\/product\/_w__nike_vapor_12_premium_hf7834-300_1_71408.png;https:\/\/images.novelship.com\/product\/_w__nike_vapor_12_premium_hf7834-300_2_71408.png;https:\/\/images.novelship.com\/product\/_w__nike_vapor_12_premium_hf7834-300_3_71408.png;https:\/\/images.novelship.com\/product\/_w__nike_vapor_12_premium_hf7834-300_4_71408.png;https:\/\/images.novelship.com\/product\/_w__nike_vapor_12_premium_hf7834-300_5_71408.png;https:\/\/images.novelship.com\/product\/_w__nike_vapor_12_premium_hf7834-300_6_71408.png;https:\/\/images.novelship.com\/product\/_w__nike_vapor_12_premium_hf7834-300_7_71408.png;https:\/\/images.novelship.com\/product\/_w__nike_vapor_12_premium_hf7834-300_8_71408.png\"},{\"@type\":\"BreadcrumbList\",\"@id\":\"https:\/\/tourcruiser.com\/#breadcrumb\",\"itemListElement\":[{\"@type\":\"ListItem\",\"position\":1,\"name\":\"Home\",\"item\":\"https:\/\/tourcruiser.com\/de\/\"},{\"@type\":\"ListItem\",\"position\":2,\"name\":\"Shop\",\"item\":\"https:\/\/tourcruiser.com\/de\/shop\/\"},{\"@type\":\"ListItem\",\"position\":3,\"name\":\"(Women) Nike NikeCourt Air Zoom Vapor 12 Premium HC &#8218;High Voltage&#8216;\"}]},{\"@type\":\"WebSite\",\"@id\":\"https:\/\/tourcruiser.com\/de\/#website\",\"url\":\"https:\/\/tourcruiser.com\/de\/\",\"name\":\"Styloral Jewelry Shop\",\"description\":\"Tourcruiser Sneaker Store \u2014 der Ort, an dem das Universum deine Einzigartigkeit trifft.\",\"publisher\":{\"@id\":\"https:\/\/tourcruiser.com\/de\/#organization\"},\"potentialAction\":[{\"@type\":\"SearchAction\",\"target\":{\"@type\":\"EntryPoint\",\"urlTemplate\":\"https:\/\/tourcruiser.com\/de\/?s={search_term_string}\"},\"query-input\":{\"@type\":\"PropertyValueSpecification\",\"valueRequired\":true,\"valueName\":\"search_term_string\"}}],\"inLanguage\":\"de\"},{\"@type\":\"Organization\",\"@id\":\"https:\/\/tourcruiser.com\/de\/#organization\",\"name\":\"STYLORAL PTE. LTD\",\"url\":\"https:\/\/tourcruiser.com\/de\/\",\"logo\":{\"@type\":\"ImageObject\",\"inLanguage\":\"de\",\"@id\":\"https:\/\/tourcruiser.com\/de\/#\/schema\/logo\/image\/\",\"url\":\"https:\/\/www.tourcruiser.com\/wp-content\/uploads\/2025\/12\/logo.png\",\"contentUrl\":\"https:\/\/www.tourcruiser.com\/wp-content\/uploads\/2025\/12\/logo.png\",\"width\":200,\"height\":65,\"caption\":\"STYLORAL PTE. LTD\"},\"image\":{\"@id\":\"https:\/\/tourcruiser.com\/de\/#\/schema\/logo\/image\/\"}}]}<\/script>\n<!-- \/ Yoast SEO plugin. -->","yoast_head_json":{"title":"(Women) Nike NikeCourt Air Zoom Vapor 12 Premium HC 'High Voltage'  - Tourcruiser PTE. LTD","robots":{"index":"index","follow":"follow","max-snippet":"max-snippet:-1","max-image-preview":"max-image-preview:large","max-video-preview":"max-video-preview:-1"},"canonical":"https:\/\/tourcruiser.com\/","og_locale":"de_DE","og_type":"article","og_title":"(Women) Nike NikeCourt Air Zoom Vapor 12 Premium HC 'High Voltage'  - Tourcruiser PTE. LTD","og_description":"Nike Vapor 12 Premium \u201d\u201d Luminous Green\/High Voltage\/White\/Mineral Teal","og_url":"\/","og_site_name":"Tourcruiser Sneaker Store","article_modified_time":"2026-03-27T18:01:49+00:00","twitter_card":"summary_large_image","twitter_image":"https:\/\/images.novelship.com\/product\/_w__nike_vapor_12_premium_hf7834-300_0_71408.png;https:\/\/images.novelship.com\/product\/_w__nike_vapor_12_premium_hf7834-300_1_71408.png;https:\/\/images.novelship.com\/product\/_w__nike_vapor_12_premium_hf7834-300_2_71408.png;https:\/\/images.novelship.com\/product\/_w__nike_vapor_12_premium_hf7834-300_3_71408.png;https:\/\/images.novelship.com\/product\/_w__nike_vapor_12_premium_hf7834-300_4_71408.png;https:\/\/images.novelship.com\/product\/_w__nike_vapor_12_premium_hf7834-300_5_71408.png;https:\/\/images.novelship.com\/product\/_w__nike_vapor_12_premium_hf7834-300_6_71408.png;https:\/\/images.novelship.com\/product\/_w__nike_vapor_12_premium_hf7834-300_7_71408.png;https:\/\/images.novelship.com\/product\/_w__nike_vapor_12_premium_hf7834-300_8_71408.png","twitter_misc":{"Gesch\u00e4tzte Lesezeit":"1\u00a0Minute"},"schema":{"@context":"https:\/\/schema.org","@graph":[{"@type":"WebPage","@id":"\/","url":"https:\/\/tourcruiser.com\/","name":"(Women) Nike NikeCourt Air Zoom Vapor 12 Premium HC 'High Voltage' - Tourcruiser PTE. LTD","isPartOf":{"@id":"https:\/\/tourcruiser.com\/de\/#website"},"primaryImageOfPage":{"@id":"https:\/\/tourcruiser.com\/#primaryimage"},"image":{"@id":"https:\/\/tourcruiser.com\/#primaryimage"},"thumbnailUrl":"https:\/\/images.novelship.com\/product\/_w__nike_vapor_12_premium_hf7834-300_0_71408.png;https:\/\/images.novelship.com\/product\/_w__nike_vapor_12_premium_hf7834-300_1_71408.png;https:\/\/images.novelship.com\/product\/_w__nike_vapor_12_premium_hf7834-300_2_71408.png;https:\/\/images.novelship.com\/product\/_w__nike_vapor_12_premium_hf7834-300_3_71408.png;https:\/\/images.novelship.com\/product\/_w__nike_vapor_12_premium_hf7834-300_4_71408.png;https:\/\/images.novelship.com\/product\/_w__nike_vapor_12_premium_hf7834-300_5_71408.png;https:\/\/images.novelship.com\/product\/_w__nike_vapor_12_premium_hf7834-300_6_71408.png;https:\/\/images.novelship.com\/product\/_w__nike_vapor_12_premium_hf7834-300_7_71408.png;https:\/\/images.novelship.com\/product\/_w__nike_vapor_12_premium_hf7834-300_8_71408.png","datePublished":"2026-03-02T08:14:35+00:00","dateModified":"2026-03-27T18:01:49+00:00","breadcrumb":{"@id":"https:\/\/tourcruiser.com\/#breadcrumb"},"inLanguage":"de","potentialAction":[{"@type":"ReadAction","target":["https:\/\/tourcruiser.com\/"]}]},{"@type":"ImageObject","inLanguage":"de","@id":"https:\/\/tourcruiser.com\/#primaryimage","url":"https:\/\/images.novelship.com\/product\/_w__nike_vapor_12_premium_hf7834-300_0_71408.png;https:\/\/images.novelship.com\/product\/_w__nike_vapor_12_premium_hf7834-300_1_71408.png;https:\/\/images.novelship.com\/product\/_w__nike_vapor_12_premium_hf7834-300_2_71408.png;https:\/\/images.novelship.com\/product\/_w__nike_vapor_12_premium_hf7834-300_3_71408.png;https:\/\/images.novelship.com\/product\/_w__nike_vapor_12_premium_hf7834-300_4_71408.png;https:\/\/images.novelship.com\/product\/_w__nike_vapor_12_premium_hf7834-300_5_71408.png;https:\/\/images.novelship.com\/product\/_w__nike_vapor_12_premium_hf7834-300_6_71408.png;https:\/\/images.novelship.com\/product\/_w__nike_vapor_12_premium_hf7834-300_7_71408.png;https:\/\/images.novelship.com\/product\/_w__nike_vapor_12_premium_hf7834-300_8_71408.png","contentUrl":"https:\/\/images.novelship.com\/product\/_w__nike_vapor_12_premium_hf7834-300_0_71408.png;https:\/\/images.novelship.com\/product\/_w__nike_vapor_12_premium_hf7834-300_1_71408.png;https:\/\/images.novelship.com\/product\/_w__nike_vapor_12_premium_hf7834-300_2_71408.png;https:\/\/images.novelship.com\/product\/_w__nike_vapor_12_premium_hf7834-300_3_71408.png;https:\/\/images.novelship.com\/product\/_w__nike_vapor_12_premium_hf7834-300_4_71408.png;https:\/\/images.novelship.com\/product\/_w__nike_vapor_12_premium_hf7834-300_5_71408.png;https:\/\/images.novelship.com\/product\/_w__nike_vapor_12_premium_hf7834-300_6_71408.png;https:\/\/images.novelship.com\/product\/_w__nike_vapor_12_premium_hf7834-300_7_71408.png;https:\/\/images.novelship.com\/product\/_w__nike_vapor_12_premium_hf7834-300_8_71408.png"},{"@type":"BreadcrumbList","@id":"https:\/\/tourcruiser.com\/#breadcrumb","itemListElement":[{"@type":"ListItem","position":1,"name":"Home","item":"https:\/\/tourcruiser.com\/de\/"},{"@type":"ListItem","position":2,"name":"Shop","item":"https:\/\/tourcruiser.com\/de\/shop\/"},{"@type":"ListItem","position":3,"name":"(Women) Nike NikeCourt Air Zoom Vapor 12 Premium HC &#8218;High Voltage&#8216;"}]},{"@type":"WebSite","@id":"https:\/\/tourcruiser.com\/de\/#website","url":"https:\/\/tourcruiser.com\/de\/","name":"Styloral Jewelry Shop","description":"Tourcruiser Sneaker Store \u2014 der Ort, an dem das Universum deine Einzigartigkeit trifft.","publisher":{"@id":"https:\/\/tourcruiser.com\/de\/#organization"},"potentialAction":[{"@type":"SearchAction","target":{"@type":"EntryPoint","urlTemplate":"https:\/\/tourcruiser.com\/de\/?s={search_term_string}"},"query-input":{"@type":"PropertyValueSpecification","valueRequired":true,"valueName":"search_term_string"}}],"inLanguage":"de"},{"@type":"Organization","@id":"https:\/\/tourcruiser.com\/de\/#organization","name":"STYLORAL PTE. LTD","url":"https:\/\/tourcruiser.com\/de\/","logo":{"@type":"ImageObject","inLanguage":"de","@id":"https:\/\/tourcruiser.com\/de\/#\/schema\/logo\/image\/","url":"https:\/\/www.tourcruiser.com\/wp-content\/uploads\/2025\/12\/logo.png","contentUrl":"https:\/\/www.tourcruiser.com\/wp-content\/uploads\/2025\/12\/logo.png","width":200,"height":65,"caption":"STYLORAL PTE. LTD"},"image":{"@id":"https:\/\/tourcruiser.com\/de\/#\/schema\/logo\/image\/"}}]}},"_links":{"self":[{"href":"https:\/\/tourcruiser.com\/de\/wp-json\/wp\/v2\/product\/54522","targetHints":{"allow":["GET"]}}],"collection":[{"href":"https:\/\/tourcruiser.com\/de\/wp-json\/wp\/v2\/product"}],"about":[{"href":"https:\/\/tourcruiser.com\/de\/wp-json\/wp\/v2\/types\/product"}],"replies":[{"embeddable":true,"href":"https:\/\/tourcruiser.com\/de\/wp-json\/wp\/v2\/comments?post=54522"}],"wp:featuredmedia":[{"embeddable":true,"href":"https:\/\/tourcruiser.com\/de\/wp-json\/wp\/v2\/media\/54523"}],"wp:attachment":[{"href":"https:\/\/tourcruiser.com\/de\/wp-json\/wp\/v2\/media?parent=54522"}],"wp:term":[{"taxonomy":"product_brand","embeddable":true,"href":"https:\/\/tourcruiser.com\/de\/wp-json\/wp\/v2\/product_brand?post=54522"},{"taxonomy":"product_cat","embeddable":true,"href":"https:\/\/tourcruiser.com\/de\/wp-json\/wp\/v2\/product_cat?post=54522"},{"taxonomy":"product_tag","embeddable":true,"href":"https:\/\/tourcruiser.com\/de\/wp-json\/wp\/v2\/product_tag?post=54522"}],"curies":[{"name":"wp","href":"https:\/\/api.w.org\/{rel}","templated":true}]}}