{"id":54335,"date":"2026-03-02T15:14:21","date_gmt":"2026-03-02T08:14:21","guid":{"rendered":"http:\/\/tourcruiser.com\/product\/women-adidas-samba-og-pony-hair-packwonder-white"},"modified":"2026-03-28T01:01:44","modified_gmt":"2026-03-27T18:01:44","slug":"women-adidas-samba-og-pony-hair-packwonder-white","status":"publish","type":"product","link":"https:\/\/tourcruiser.com\/de\/products\/women-adidas-samba-og-pony-hair-packwonder-white\/","title":{"rendered":"(Women) adidas Samba OG &#8218;Pony Hair Pack &#8211; Wonder White&#8216;"},"content":{"rendered":"<p>Erleben Sie zeitlosen Stil und unvergleichlichen Komfort mit dem Samba OG JP5329, einem klassischen Sneaker f\u00fcr alle, die Tradition und modernes Design lieben. Dieser vielseitige Kultschuh ist der perfekte Begleiter f\u00fcr Freizeit und Sport und somit ein Must-have f\u00fcr jede Garderobe. Das Obermaterial aus hochwertigem Leder wird durch Wildleder-Overlays erg\u00e4nzt, die f\u00fcr einen Hauch von Eleganz und Langlebigkeit sorgen. Die Gummisohle garantiert hervorragenden Halt und lange Haltbarkeit, w\u00e4hrend die leichte EVA-Zwischensohle den Tragekomfort bei jedem Schritt erh\u00f6ht. Die charakteristischen drei Streifen und der goldene \u201eSamba\u201c-Schriftzug verleihen ihm einen authentischen, sportlichen Look, der Generationen begeistert. Ob auf der Stra\u00dfe oder beim entspannten Ausgehen \u201d\u201c der Samba OG JP5329 wertet Ihren Look mit seiner zeitlosen \u00c4sthetik und seinem funktionalen Design auf. Perfekt f\u00fcr modebewusste Menschen weltweit, die Wert auf Tradition und Vielseitigkeit legen.<\/p>\n<ul>\n<li><strong>Farbgebung:<\/strong> Wonder White\/Core Black\/Alumina<\/li>\n<li><strong>Artikelnummer:<\/strong> JP5329<\/li>\n<li><strong>Obermaterial:<\/strong> Fell<\/li>\n<li><strong>Farbe:<\/strong> Grau<\/li>\n<\/ul>\n","protected":false},"excerpt":{"rendered":"<p>adidas Samba OG \u201d\u201d Wonder White\/Core Black\/Alumina<\/p>\n","protected":false},"featured_media":54336,"comment_status":"open","ping_status":"closed","template":"","meta":[],"product_brand":[],"product_cat":[10941],"product_tag":[10917],"class_list":{"0":"post-54335","1":"product","2":"type-product","3":"status-publish","4":"has-post-thumbnail","6":"product_cat-adidas-women","7":"product_tag-small-130-usd","8":"wcpa_has_options","10":"first","11":"outofstock","12":"taxable","13":"shipping-taxable","14":"purchasable","15":"product-type-simple"},"wcpa_form_fields":{"rules":{"pric_overide_base_price":false,"pric_overide_base_price_if_gt_zero":false,"pric_overide_base_price_fully":false,"pric_cal_option_once":false,"pric_use_as_fee":false,"bind_quantity":false,"quantity_bind_formula":false},"fields":[{"type":"color-group","required":true,"elementId":"wcpa-color-group-66c4a7f817afe","label":"Gr\u00f6\u00dfe","inline":true,"priceOptions":"different_for_all","pricingType":"fixed","className":"hassizechart product-shoes-size-eu product-shoes-size","name":"color-group-66c4a7f817b18","disp_type":"square","selection_type":"tick-border","disp_size":"50","show_label_inside":true,"adjust_width":true,"cart_display_type":"text","other_text":"Other","cl_rule":"show","col":6,"values":[{"label":"35","value":"EU 35","price":"","pimage":"","pimage_id":"","pthumb":"","color":""},{"label":"35.5","value":"EU 35.5","price":"","pimage":"","pimage_id":"","pthumb":"","color":""},{"label":"36","value":"EU 36","price":"","pimage":"","pimage_id":"","pthumb":"","color":"","selected":true},{"label":"36 2\/3","value":"EU 36 2\/3","price":"","pimage":"","pimage_id":"","pthumb":"","color":""},{"label":"37 1\/3","value":"EU 37 1\/3","price":"","pimage":"","pimage_id":"","pthumb":"","color":""},{"label":"38","value":"EU 38","price":"","pimage":"","pimage_id":"","pthumb":"","color":""},{"label":"38 2\/3","value":"EU 38 2\/3","price":"","pimage":"","pimage_id":"","pthumb":"","color":""},{"label":"39 1\/3","value":"EU 39 1\/3","price":"","pimage":"","pimage_id":"","pthumb":"","color":""},{"label":"40","value":"EU 40","price":"","pimage":"","pimage_id":"","pthumb":"","color":""},{"label":"40 2\/3","value":"EU 40 2\/3","price":"","pimage":"","pimage_id":"","pthumb":"","color":""},{"label":"41 1\/3","value":"EU 41 1\/3","price":"","pimage":"","pimage_id":"","pthumb":"","color":""},{"label":"42","value":"EU 42","price":"","pimage":"","pimage_id":"","pthumb":"","color":""},{"label":"42 2\/3","value":"EU 42 2\/3","price":"","pimage":"","pimage_id":"","pthumb":"","color":""},{"label":"43 1\/3","value":"EU 43 1\/3","price":"","pimage":"","pimage_id":"","pthumb":"","color":""},{"label":"44","value":"EU 44","price":"","pimage":"","pimage_id":"","pthumb":"","color":""},{"label":"44 2\/3","value":"EU 44 2\/3","price":"","pimage":"","pimage_id":"","pthumb":"","color":""},{"label":"45 1\/3","value":"EU 45 1\/3","price":"","pimage":"","pimage_id":"","pthumb":"","color":""},{"label":"46","value":"EU 46","price":"","pimage":"","pimage_id":"","pthumb":"","color":""},{"label":"46 2\/3","value":"EU 46 2\/3","price":"","pimage":"","pimage_id":"","pthumb":"","color":""},{"label":"47 1\/3","value":"EU 47 1\/3","price":"","pimage":"","pimage_id":"","pthumb":"","color":""}],"relations":[{"operator":false,"rules":[]}],"form_id":24802,"form_rules":{"pric_cal_option_once":false,"exclude_from_discount":false,"pric_use_as_fee":false,"fee_label":"Fee","render_after_acb":false,"disp_hide_options_price":false}}]},"yoast_head":"<!-- This site is optimized with the Yoast SEO plugin v26.5 - https:\/\/yoast.com\/wordpress\/plugins\/seo\/ -->\n<title>(Women) adidas Samba OG &#039;Pony Hair Pack - Wonder White&#039;  - Tourcruiser PTE. LTD<\/title>\n<meta name=\"robots\" content=\"index, follow, max-snippet:-1, max-image-preview:large, max-video-preview:-1\" \/>\n<link rel=\"canonical\" href=\"https:\/\/tourcruiser.com\/de\/products\/women-adidas-samba-og-pony-hair-packwonder-white\/\" \/>\n<meta property=\"og:locale\" content=\"de_DE\" \/>\n<meta property=\"og:type\" content=\"article\" \/>\n<meta property=\"og:title\" content=\"(Women) adidas Samba OG &#039;Pony Hair Pack - Wonder White&#039;  - Tourcruiser PTE. LTD\" \/>\n<meta property=\"og:description\" content=\"adidas Samba OG \u201d\u201d Wonder White\/Core Black\/Alumina\" \/>\n<meta property=\"og:url\" content=\"https:\/\/tourcruiser.com\/de\/products\/women-adidas-samba-og-pony-hair-packwonder-white\/\" \/>\n<meta property=\"og:site_name\" content=\"Tourcruiser Sneaker Store\" \/>\n<meta property=\"article:modified_time\" content=\"2026-03-27T18:01:44+00:00\" \/>\n<meta name=\"twitter:card\" content=\"summary_large_image\" \/>\n<meta name=\"twitter:image\" content=\"https:\/\/images.novelship.com\/product\/_w__samba_og_jp5329_0_81236.jpeg;https:\/\/images.novelship.com\/product\/_w__samba_og_jp5329_1_81236.jpeg;https:\/\/images.novelship.com\/product\/_w__samba_og_jp5329_2_81236.jpeg;https:\/\/images.novelship.com\/product\/_w__samba_og_jp5329_3_81236.jpeg;https:\/\/images.novelship.com\/product\/_w__samba_og_jp5329_4_81236.jpeg;https:\/\/images.novelship.com\/product\/_w__samba_og_jp5329_5_81236.jpeg;https:\/\/images.novelship.com\/product\/_w__samba_og_jp5329_6_81236.jpeg;https:\/\/images.novelship.com\/product\/_w__samba_og_jp5329_7_81236.jpeg;https:\/\/images.novelship.com\/product\/_w__samba_og_jp5329_8_81236.jpeg;https:\/\/images.novelship.com\/product\/_w__samba_og_jp5329_9_81236.jpeg\" \/>\n<meta name=\"twitter:label1\" content=\"Gesch\u00e4tzte Lesezeit\" \/>\n\t<meta name=\"twitter:data1\" content=\"1\u00a0Minute\" \/>\n<script type=\"application\/ld+json\" class=\"yoast-schema-graph\">{\"@context\":\"https:\/\/schema.org\",\"@graph\":[{\"@type\":\"WebPage\",\"@id\":\"https:\/\/tourcruiser.com\/de\/products\/women-adidas-samba-og-pony-hair-packwonder-white\/\",\"url\":\"https:\/\/tourcruiser.com\/de\/products\/women-adidas-samba-og-pony-hair-packwonder-white\/\",\"name\":\"(Women) adidas Samba OG 'Pony Hair Pack - Wonder White' - Tourcruiser PTE. LTD\",\"isPartOf\":{\"@id\":\"https:\/\/tourcruiser.com\/de\/#website\"},\"primaryImageOfPage\":{\"@id\":\"https:\/\/tourcruiser.com\/de\/products\/women-adidas-samba-og-pony-hair-packwonder-white\/#primaryimage\"},\"image\":{\"@id\":\"https:\/\/tourcruiser.com\/de\/products\/women-adidas-samba-og-pony-hair-packwonder-white\/#primaryimage\"},\"thumbnailUrl\":\"https:\/\/images.novelship.com\/product\/_w__samba_og_jp5329_0_81236.jpeg;https:\/\/images.novelship.com\/product\/_w__samba_og_jp5329_1_81236.jpeg;https:\/\/images.novelship.com\/product\/_w__samba_og_jp5329_2_81236.jpeg;https:\/\/images.novelship.com\/product\/_w__samba_og_jp5329_3_81236.jpeg;https:\/\/images.novelship.com\/product\/_w__samba_og_jp5329_4_81236.jpeg;https:\/\/images.novelship.com\/product\/_w__samba_og_jp5329_5_81236.jpeg;https:\/\/images.novelship.com\/product\/_w__samba_og_jp5329_6_81236.jpeg;https:\/\/images.novelship.com\/product\/_w__samba_og_jp5329_7_81236.jpeg;https:\/\/images.novelship.com\/product\/_w__samba_og_jp5329_8_81236.jpeg;https:\/\/images.novelship.com\/product\/_w__samba_og_jp5329_9_81236.jpeg\",\"datePublished\":\"2026-03-02T08:14:21+00:00\",\"dateModified\":\"2026-03-27T18:01:44+00:00\",\"breadcrumb\":{\"@id\":\"https:\/\/tourcruiser.com\/de\/products\/women-adidas-samba-og-pony-hair-packwonder-white\/#breadcrumb\"},\"inLanguage\":\"de\",\"potentialAction\":[{\"@type\":\"ReadAction\",\"target\":[\"https:\/\/tourcruiser.com\/de\/products\/women-adidas-samba-og-pony-hair-packwonder-white\/\"]}]},{\"@type\":\"ImageObject\",\"inLanguage\":\"de\",\"@id\":\"https:\/\/tourcruiser.com\/de\/products\/women-adidas-samba-og-pony-hair-packwonder-white\/#primaryimage\",\"url\":\"https:\/\/images.novelship.com\/product\/_w__samba_og_jp5329_0_81236.jpeg;https:\/\/images.novelship.com\/product\/_w__samba_og_jp5329_1_81236.jpeg;https:\/\/images.novelship.com\/product\/_w__samba_og_jp5329_2_81236.jpeg;https:\/\/images.novelship.com\/product\/_w__samba_og_jp5329_3_81236.jpeg;https:\/\/images.novelship.com\/product\/_w__samba_og_jp5329_4_81236.jpeg;https:\/\/images.novelship.com\/product\/_w__samba_og_jp5329_5_81236.jpeg;https:\/\/images.novelship.com\/product\/_w__samba_og_jp5329_6_81236.jpeg;https:\/\/images.novelship.com\/product\/_w__samba_og_jp5329_7_81236.jpeg;https:\/\/images.novelship.com\/product\/_w__samba_og_jp5329_8_81236.jpeg;https:\/\/images.novelship.com\/product\/_w__samba_og_jp5329_9_81236.jpeg\",\"contentUrl\":\"https:\/\/images.novelship.com\/product\/_w__samba_og_jp5329_0_81236.jpeg;https:\/\/images.novelship.com\/product\/_w__samba_og_jp5329_1_81236.jpeg;https:\/\/images.novelship.com\/product\/_w__samba_og_jp5329_2_81236.jpeg;https:\/\/images.novelship.com\/product\/_w__samba_og_jp5329_3_81236.jpeg;https:\/\/images.novelship.com\/product\/_w__samba_og_jp5329_4_81236.jpeg;https:\/\/images.novelship.com\/product\/_w__samba_og_jp5329_5_81236.jpeg;https:\/\/images.novelship.com\/product\/_w__samba_og_jp5329_6_81236.jpeg;https:\/\/images.novelship.com\/product\/_w__samba_og_jp5329_7_81236.jpeg;https:\/\/images.novelship.com\/product\/_w__samba_og_jp5329_8_81236.jpeg;https:\/\/images.novelship.com\/product\/_w__samba_og_jp5329_9_81236.jpeg\"},{\"@type\":\"BreadcrumbList\",\"@id\":\"https:\/\/tourcruiser.com\/de\/products\/women-adidas-samba-og-pony-hair-packwonder-white\/#breadcrumb\",\"itemListElement\":[{\"@type\":\"ListItem\",\"position\":1,\"name\":\"Home\",\"item\":\"https:\/\/tourcruiser.com\/de\/\"},{\"@type\":\"ListItem\",\"position\":2,\"name\":\"Shop\",\"item\":\"https:\/\/tourcruiser.com\/de\/shop\/\"},{\"@type\":\"ListItem\",\"position\":3,\"name\":\"(Women) adidas Samba OG 'Pony Hair Pack - Wonder White'\"}]},{\"@type\":\"WebSite\",\"@id\":\"https:\/\/tourcruiser.com\/de\/#website\",\"url\":\"https:\/\/tourcruiser.com\/de\/\",\"name\":\"Styloral Jewelry Shop\",\"description\":\"Tourcruiser Sneaker Store \u2014 der Ort, an dem das Universum deine Einzigartigkeit trifft.\",\"publisher\":{\"@id\":\"https:\/\/tourcruiser.com\/de\/#organization\"},\"potentialAction\":[{\"@type\":\"SearchAction\",\"target\":{\"@type\":\"EntryPoint\",\"urlTemplate\":\"https:\/\/tourcruiser.com\/de\/?s={search_term_string}\"},\"query-input\":{\"@type\":\"PropertyValueSpecification\",\"valueRequired\":true,\"valueName\":\"search_term_string\"}}],\"inLanguage\":\"de\"},{\"@type\":\"Organization\",\"@id\":\"https:\/\/tourcruiser.com\/de\/#organization\",\"name\":\"STYLORAL PTE. LTD\",\"url\":\"https:\/\/tourcruiser.com\/de\/\",\"logo\":{\"@type\":\"ImageObject\",\"inLanguage\":\"de\",\"@id\":\"https:\/\/tourcruiser.com\/de\/#\/schema\/logo\/image\/\",\"url\":\"https:\/\/www.tourcruiser.com\/wp-content\/uploads\/2025\/12\/logo.png\",\"contentUrl\":\"https:\/\/www.tourcruiser.com\/wp-content\/uploads\/2025\/12\/logo.png\",\"width\":200,\"height\":65,\"caption\":\"STYLORAL PTE. LTD\"},\"image\":{\"@id\":\"https:\/\/tourcruiser.com\/de\/#\/schema\/logo\/image\/\"}}]}<\/script>\n<!-- \/ Yoast SEO plugin. -->","yoast_head_json":{"title":"(Women) adidas Samba OG 'Pony Hair Pack - Wonder White'  - Tourcruiser PTE. LTD","robots":{"index":"index","follow":"follow","max-snippet":"max-snippet:-1","max-image-preview":"max-image-preview:large","max-video-preview":"max-video-preview:-1"},"canonical":"https:\/\/tourcruiser.com\/de\/products\/women-adidas-samba-og-pony-hair-packwonder-white\/","og_locale":"de_DE","og_type":"article","og_title":"(Women) adidas Samba OG 'Pony Hair Pack - Wonder White'  - Tourcruiser PTE. LTD","og_description":"adidas Samba OG \u201d\u201d Wonder White\/Core Black\/Alumina","og_url":"https:\/\/tourcruiser.com\/de\/products\/women-adidas-samba-og-pony-hair-packwonder-white\/","og_site_name":"Tourcruiser Sneaker Store","article_modified_time":"2026-03-27T18:01:44+00:00","twitter_card":"summary_large_image","twitter_image":"https:\/\/images.novelship.com\/product\/_w__samba_og_jp5329_0_81236.jpeg;https:\/\/images.novelship.com\/product\/_w__samba_og_jp5329_1_81236.jpeg;https:\/\/images.novelship.com\/product\/_w__samba_og_jp5329_2_81236.jpeg;https:\/\/images.novelship.com\/product\/_w__samba_og_jp5329_3_81236.jpeg;https:\/\/images.novelship.com\/product\/_w__samba_og_jp5329_4_81236.jpeg;https:\/\/images.novelship.com\/product\/_w__samba_og_jp5329_5_81236.jpeg;https:\/\/images.novelship.com\/product\/_w__samba_og_jp5329_6_81236.jpeg;https:\/\/images.novelship.com\/product\/_w__samba_og_jp5329_7_81236.jpeg;https:\/\/images.novelship.com\/product\/_w__samba_og_jp5329_8_81236.jpeg;https:\/\/images.novelship.com\/product\/_w__samba_og_jp5329_9_81236.jpeg","twitter_misc":{"Gesch\u00e4tzte Lesezeit":"1\u00a0Minute"},"schema":{"@context":"https:\/\/schema.org","@graph":[{"@type":"WebPage","@id":"https:\/\/tourcruiser.com\/de\/products\/women-adidas-samba-og-pony-hair-packwonder-white\/","url":"https:\/\/tourcruiser.com\/de\/products\/women-adidas-samba-og-pony-hair-packwonder-white\/","name":"(Women) adidas Samba OG 'Pony Hair Pack - Wonder White' - Tourcruiser PTE. LTD","isPartOf":{"@id":"https:\/\/tourcruiser.com\/de\/#website"},"primaryImageOfPage":{"@id":"https:\/\/tourcruiser.com\/de\/products\/women-adidas-samba-og-pony-hair-packwonder-white\/#primaryimage"},"image":{"@id":"https:\/\/tourcruiser.com\/de\/products\/women-adidas-samba-og-pony-hair-packwonder-white\/#primaryimage"},"thumbnailUrl":"https:\/\/images.novelship.com\/product\/_w__samba_og_jp5329_0_81236.jpeg;https:\/\/images.novelship.com\/product\/_w__samba_og_jp5329_1_81236.jpeg;https:\/\/images.novelship.com\/product\/_w__samba_og_jp5329_2_81236.jpeg;https:\/\/images.novelship.com\/product\/_w__samba_og_jp5329_3_81236.jpeg;https:\/\/images.novelship.com\/product\/_w__samba_og_jp5329_4_81236.jpeg;https:\/\/images.novelship.com\/product\/_w__samba_og_jp5329_5_81236.jpeg;https:\/\/images.novelship.com\/product\/_w__samba_og_jp5329_6_81236.jpeg;https:\/\/images.novelship.com\/product\/_w__samba_og_jp5329_7_81236.jpeg;https:\/\/images.novelship.com\/product\/_w__samba_og_jp5329_8_81236.jpeg;https:\/\/images.novelship.com\/product\/_w__samba_og_jp5329_9_81236.jpeg","datePublished":"2026-03-02T08:14:21+00:00","dateModified":"2026-03-27T18:01:44+00:00","breadcrumb":{"@id":"https:\/\/tourcruiser.com\/de\/products\/women-adidas-samba-og-pony-hair-packwonder-white\/#breadcrumb"},"inLanguage":"de","potentialAction":[{"@type":"ReadAction","target":["https:\/\/tourcruiser.com\/de\/products\/women-adidas-samba-og-pony-hair-packwonder-white\/"]}]},{"@type":"ImageObject","inLanguage":"de","@id":"https:\/\/tourcruiser.com\/de\/products\/women-adidas-samba-og-pony-hair-packwonder-white\/#primaryimage","url":"https:\/\/images.novelship.com\/product\/_w__samba_og_jp5329_0_81236.jpeg;https:\/\/images.novelship.com\/product\/_w__samba_og_jp5329_1_81236.jpeg;https:\/\/images.novelship.com\/product\/_w__samba_og_jp5329_2_81236.jpeg;https:\/\/images.novelship.com\/product\/_w__samba_og_jp5329_3_81236.jpeg;https:\/\/images.novelship.com\/product\/_w__samba_og_jp5329_4_81236.jpeg;https:\/\/images.novelship.com\/product\/_w__samba_og_jp5329_5_81236.jpeg;https:\/\/images.novelship.com\/product\/_w__samba_og_jp5329_6_81236.jpeg;https:\/\/images.novelship.com\/product\/_w__samba_og_jp5329_7_81236.jpeg;https:\/\/images.novelship.com\/product\/_w__samba_og_jp5329_8_81236.jpeg;https:\/\/images.novelship.com\/product\/_w__samba_og_jp5329_9_81236.jpeg","contentUrl":"https:\/\/images.novelship.com\/product\/_w__samba_og_jp5329_0_81236.jpeg;https:\/\/images.novelship.com\/product\/_w__samba_og_jp5329_1_81236.jpeg;https:\/\/images.novelship.com\/product\/_w__samba_og_jp5329_2_81236.jpeg;https:\/\/images.novelship.com\/product\/_w__samba_og_jp5329_3_81236.jpeg;https:\/\/images.novelship.com\/product\/_w__samba_og_jp5329_4_81236.jpeg;https:\/\/images.novelship.com\/product\/_w__samba_og_jp5329_5_81236.jpeg;https:\/\/images.novelship.com\/product\/_w__samba_og_jp5329_6_81236.jpeg;https:\/\/images.novelship.com\/product\/_w__samba_og_jp5329_7_81236.jpeg;https:\/\/images.novelship.com\/product\/_w__samba_og_jp5329_8_81236.jpeg;https:\/\/images.novelship.com\/product\/_w__samba_og_jp5329_9_81236.jpeg"},{"@type":"BreadcrumbList","@id":"https:\/\/tourcruiser.com\/de\/products\/women-adidas-samba-og-pony-hair-packwonder-white\/#breadcrumb","itemListElement":[{"@type":"ListItem","position":1,"name":"Home","item":"https:\/\/tourcruiser.com\/de\/"},{"@type":"ListItem","position":2,"name":"Shop","item":"https:\/\/tourcruiser.com\/de\/shop\/"},{"@type":"ListItem","position":3,"name":"(Women) adidas Samba OG 'Pony Hair Pack - Wonder White'"}]},{"@type":"WebSite","@id":"https:\/\/tourcruiser.com\/de\/#website","url":"https:\/\/tourcruiser.com\/de\/","name":"Styloral Jewelry Shop","description":"Tourcruiser Sneaker Store \u2014 der Ort, an dem das Universum deine Einzigartigkeit trifft.","publisher":{"@id":"https:\/\/tourcruiser.com\/de\/#organization"},"potentialAction":[{"@type":"SearchAction","target":{"@type":"EntryPoint","urlTemplate":"https:\/\/tourcruiser.com\/de\/?s={search_term_string}"},"query-input":{"@type":"PropertyValueSpecification","valueRequired":true,"valueName":"search_term_string"}}],"inLanguage":"de"},{"@type":"Organization","@id":"https:\/\/tourcruiser.com\/de\/#organization","name":"STYLORAL PTE. LTD","url":"https:\/\/tourcruiser.com\/de\/","logo":{"@type":"ImageObject","inLanguage":"de","@id":"https:\/\/tourcruiser.com\/de\/#\/schema\/logo\/image\/","url":"https:\/\/www.tourcruiser.com\/wp-content\/uploads\/2025\/12\/logo.png","contentUrl":"https:\/\/www.tourcruiser.com\/wp-content\/uploads\/2025\/12\/logo.png","width":200,"height":65,"caption":"STYLORAL PTE. LTD"},"image":{"@id":"https:\/\/tourcruiser.com\/de\/#\/schema\/logo\/image\/"}}]}},"_links":{"self":[{"href":"https:\/\/tourcruiser.com\/de\/wp-json\/wp\/v2\/product\/54335","targetHints":{"allow":["GET"]}}],"collection":[{"href":"https:\/\/tourcruiser.com\/de\/wp-json\/wp\/v2\/product"}],"about":[{"href":"https:\/\/tourcruiser.com\/de\/wp-json\/wp\/v2\/types\/product"}],"replies":[{"embeddable":true,"href":"https:\/\/tourcruiser.com\/de\/wp-json\/wp\/v2\/comments?post=54335"}],"wp:featuredmedia":[{"embeddable":true,"href":"https:\/\/tourcruiser.com\/de\/wp-json\/wp\/v2\/media\/54336"}],"wp:attachment":[{"href":"https:\/\/tourcruiser.com\/de\/wp-json\/wp\/v2\/media?parent=54335"}],"wp:term":[{"taxonomy":"product_brand","embeddable":true,"href":"https:\/\/tourcruiser.com\/de\/wp-json\/wp\/v2\/product_brand?post=54335"},{"taxonomy":"product_cat","embeddable":true,"href":"https:\/\/tourcruiser.com\/de\/wp-json\/wp\/v2\/product_cat?post=54335"},{"taxonomy":"product_tag","embeddable":true,"href":"https:\/\/tourcruiser.com\/de\/wp-json\/wp\/v2\/product_tag?post=54335"}],"curies":[{"name":"wp","href":"https:\/\/api.w.org\/{rel}","templated":true}]}}