{"id":54320,"date":"2026-03-02T15:14:20","date_gmt":"2026-03-02T08:14:20","guid":{"rendered":"http:\/\/tourcruiser.com\/product\/tom-sachs-x-nike-mars-yard-30-brown-if2885-100"},"modified":"2026-03-02T15:14:20","modified_gmt":"2026-03-02T08:14:20","slug":"tom-sachs-x-nike-mars-yard-30-brown-if2885-100","status":"publish","type":"product","link":"https:\/\/tourcruiser.com\/de\/products\/tom-sachs-x-nike-mars-yard-30-brown-if2885-100\/","title":{"rendered":"Tom Sachs x Nike Mars Yard 3.0 &#8218;Brown&#8216; IF2885-100\/"},"content":{"rendered":"<p>Erleben Sie Innovation und Stil auf h\u00f6chstem Niveau mit dem Tom Sachs x Nike Mars Yard 3.0 \u201eBrown\u201c DA6676-100. Diese au\u00dfergew\u00f6hnliche Kollaboration vereint Sachs\u201d\u2122 vision\u00e4res Design mit Nikes Spitzentechnologie und bietet so unvergleichlichen Komfort und Langlebigkeit. Mit ihrer markanten braunen Farbgebung verk\u00f6rpern diese Sneaker eine Mischung aus handwerklicher Perfektion und futuristischer \u00c4sthetik \u201d\u201c perfekt f\u00fcr den modernen Entdecker. Der Mars Yard 3.0 ist f\u00fcr jedes Terrain geeignet und mehr als nur ein Schuh; Es ist ein Statement, das \u00fcber das Gew\u00f6hnliche hinausgeht.<\/p>\n<p>Farbgebung: Natur\/Sportrot\/Ahorn\/Sail\/Schwarz<br \/>\nArtikelnummer: DA6676-100<br \/>\nObermaterial: Wildleder<br \/>\nZwischensohle: React<br \/>\nFarbe: Braun<\/p>\n<p>Farbe: Braun<\/p>\n","protected":false},"excerpt":{"rendered":"<p>Nike Mars Yard 3.0 \u201d\u201d Natural\/Sport Red\/Maple\/Sail\/Black<\/p>\n","protected":false},"featured_media":54321,"comment_status":"open","ping_status":"closed","template":"","meta":[],"product_brand":[],"product_cat":[10803],"product_tag":[10750,10754,10765,10801,10768,10785],"class_list":{"0":"post-54320","1":"product","2":"type-product","3":"status-publish","4":"has-post-thumbnail","6":"product_cat-nike","7":"product_tag-athleisure-shoes","8":"product_tag-lifestyle-casual-shoes","9":"product_tag-lifestyle-shoes-running-inspired","10":"product_tag-nike","11":"product_tag-retro-running-shoes","12":"product_tag-trending-deals","13":"wcpa_has_options","15":"first","16":"instock","17":"taxable","18":"shipping-taxable","19":"purchasable","20":"product-type-simple"},"wcpa_form_fields":{"rules":{"pric_overide_base_price":false,"pric_overide_base_price_if_gt_zero":false,"pric_overide_base_price_fully":false,"pric_cal_option_once":false,"pric_use_as_fee":false,"bind_quantity":false,"quantity_bind_formula":false},"fields":[{"type":"color-group","required":true,"elementId":"wcpa-color-group-66c4a75505e74","label":"Gr\u00f6\u00dfe - EU Gr\u00f6\u00dfe","inline":true,"priceOptions":"different_for_all","pricingType":"fixed","className":"hassizechart product-shoes-size-eu product-shoes-size","name":"color-group-66c4a75505e89","disp_type":"square","selection_type":"tick-border","disp_size":"44","show_label_inside":true,"adjust_width":true,"cart_display_type":"text","other_text":"Other","cl_rule":"show","col":6,"values":[{"label":"35.5","value":"EU 35.5","price":"","pimage":"","pimage_id":"","pthumb":"","color":""},{"label":"36","value":"EU 36","price":"","pimage":"","pimage_id":"","pthumb":"","color":"","selected":true},{"label":"36.5","value":"EU 36.5","price":"","pimage":"","pimage_id":"","pthumb":"","color":""},{"label":"37.5","value":"EU 37.5","price":"","pimage":"","pimage_id":"","pthumb":"","color":""},{"label":"38","value":"EU 38","price":"","pimage":"","pimage_id":"","pthumb":"","color":""},{"label":"38.5","value":"EU 38.5","price":"","pimage":"","pimage_id":"","pthumb":"","color":""},{"label":"39","value":"EU 39","price":"","pimage":"","pimage_id":"","pthumb":"","color":""},{"label":"40","value":"EU 40","price":"","pimage":"","pimage_id":"","pthumb":"","color":""},{"label":"40.5","value":"EU 40.5","price":"","pimage":"","pimage_id":"","pthumb":"","color":""},{"label":"41","value":"EU 41","price":"","pimage":"","pimage_id":"","pthumb":"","color":""},{"label":"42","value":"EU 42","price":"","pimage":"","pimage_id":"","pthumb":"","color":""},{"label":"42.5","value":"EU 42.5","price":"","pimage":"","pimage_id":"","pthumb":"","color":""},{"label":"43","value":"EU 43","price":"","pimage":"","pimage_id":"","pthumb":"","color":""},{"label":"44","value":"EU 44","price":"","pimage":"","pimage_id":"","pthumb":"","color":""},{"label":"44.5","value":"EU 44.5","price":"","pimage":"","pimage_id":"","pthumb":"","color":""},{"label":"45","value":"EU 45","price":"","pimage":"","pimage_id":"","pthumb":"","color":""},{"label":"45.5","value":"EU 45.5","price":"","pimage":"","pimage_id":"","pthumb":"","color":""},{"label":"46","value":"EU 46","price":"","pimage":"","pimage_id":"","pthumb":"","color":""},{"label":"47","value":"EU 47","price":"","pimage":"","pimage_id":"","pthumb":"","color":""},{"label":"47.5","value":"EU 47.5","price":"","pimage":"","pimage_id":"","pthumb":"","color":""},{"label":"48","value":"EU 48","price":"","pimage":"","pimage_id":"","pthumb":"","color":""}],"relations":[{"operator":false,"rules":[]}],"form_id":18106,"form_rules":{"pric_cal_option_once":false,"exclude_from_discount":false,"pric_use_as_fee":false,"fee_label":"Fee","render_after_acb":false,"disp_hide_options_price":false}}]},"yoast_head":"<!-- This site is optimized with the Yoast SEO plugin v26.5 - https:\/\/yoast.com\/wordpress\/plugins\/seo\/ -->\n<title>Tom Sachs x Nike Mars Yard 3.0 &#039;Brown&#039; IF2885-100\/ - Tourcruiser PTE. LTD<\/title>\n<meta name=\"robots\" content=\"index, follow, max-snippet:-1, max-image-preview:large, max-video-preview:-1\" \/>\n<link rel=\"canonical\" href=\"https:\/\/tourcruiser.com\/de\/products\/tom-sachs-x-nike-mars-yard-30-brown-if2885-100\/\" \/>\n<meta property=\"og:locale\" content=\"de_DE\" \/>\n<meta property=\"og:type\" content=\"article\" \/>\n<meta property=\"og:title\" content=\"Tom Sachs x Nike Mars Yard 3.0 &#039;Brown&#039; IF2885-100\/ - Tourcruiser PTE. LTD\" \/>\n<meta property=\"og:description\" content=\"Nike Mars Yard 3.0 \u201d\u201d Natural\/Sport Red\/Maple\/Sail\/Black\" \/>\n<meta property=\"og:url\" content=\"https:\/\/tourcruiser.com\/de\/products\/tom-sachs-x-nike-mars-yard-30-brown-if2885-100\/\" \/>\n<meta property=\"og:site_name\" content=\"Tourcruiser Sneaker Store\" \/>\n<meta name=\"twitter:card\" content=\"summary_large_image\" \/>\n<meta name=\"twitter:image\" content=\"https:\/\/images.novelship.com\/product\/tom_sachs_x_nike_mars_yard_3_0__brown__if2885-100__0_33409.jpeg\" \/>\n<meta name=\"twitter:label1\" content=\"Gesch\u00e4tzte Lesezeit\" \/>\n\t<meta name=\"twitter:data1\" content=\"1\u00a0Minute\" \/>\n<script type=\"application\/ld+json\" class=\"yoast-schema-graph\">{\"@context\":\"https:\/\/schema.org\",\"@graph\":[{\"@type\":\"WebPage\",\"@id\":\"https:\/\/tourcruiser.com\/de\/products\/tom-sachs-x-nike-mars-yard-30-brown-if2885-100\/\",\"url\":\"https:\/\/tourcruiser.com\/de\/products\/tom-sachs-x-nike-mars-yard-30-brown-if2885-100\/\",\"name\":\"Tom Sachs x Nike Mars Yard 3.0 'Brown' IF2885-100\/ - Tourcruiser PTE. LTD\",\"isPartOf\":{\"@id\":\"https:\/\/tourcruiser.com\/de\/#website\"},\"primaryImageOfPage\":{\"@id\":\"https:\/\/tourcruiser.com\/de\/products\/tom-sachs-x-nike-mars-yard-30-brown-if2885-100\/#primaryimage\"},\"image\":{\"@id\":\"https:\/\/tourcruiser.com\/de\/products\/tom-sachs-x-nike-mars-yard-30-brown-if2885-100\/#primaryimage\"},\"thumbnailUrl\":\"https:\/\/images.novelship.com\/product\/tom_sachs_x_nike_mars_yard_3_0__brown__if2885-100__0_33409.jpeg\",\"datePublished\":\"2026-03-02T08:14:20+00:00\",\"breadcrumb\":{\"@id\":\"https:\/\/tourcruiser.com\/de\/products\/tom-sachs-x-nike-mars-yard-30-brown-if2885-100\/#breadcrumb\"},\"inLanguage\":\"de\",\"potentialAction\":[{\"@type\":\"ReadAction\",\"target\":[\"https:\/\/tourcruiser.com\/de\/products\/tom-sachs-x-nike-mars-yard-30-brown-if2885-100\/\"]}]},{\"@type\":\"ImageObject\",\"inLanguage\":\"de\",\"@id\":\"https:\/\/tourcruiser.com\/de\/products\/tom-sachs-x-nike-mars-yard-30-brown-if2885-100\/#primaryimage\",\"url\":\"https:\/\/images.novelship.com\/product\/tom_sachs_x_nike_mars_yard_3_0__brown__if2885-100__0_33409.jpeg\",\"contentUrl\":\"https:\/\/images.novelship.com\/product\/tom_sachs_x_nike_mars_yard_3_0__brown__if2885-100__0_33409.jpeg\"},{\"@type\":\"BreadcrumbList\",\"@id\":\"https:\/\/tourcruiser.com\/de\/products\/tom-sachs-x-nike-mars-yard-30-brown-if2885-100\/#breadcrumb\",\"itemListElement\":[{\"@type\":\"ListItem\",\"position\":1,\"name\":\"Home\",\"item\":\"https:\/\/tourcruiser.com\/de\/\"},{\"@type\":\"ListItem\",\"position\":2,\"name\":\"Shop\",\"item\":\"https:\/\/tourcruiser.com\/de\/shop\/\"},{\"@type\":\"ListItem\",\"position\":3,\"name\":\"Tom Sachs x Nike Mars Yard 3.0 'Brown' IF2885-100\/\"}]},{\"@type\":\"WebSite\",\"@id\":\"https:\/\/tourcruiser.com\/de\/#website\",\"url\":\"https:\/\/tourcruiser.com\/de\/\",\"name\":\"Styloral Jewelry Shop\",\"description\":\"Tourcruiser Sneaker Store \u2014 der Ort, an dem das Universum deine Einzigartigkeit trifft.\",\"publisher\":{\"@id\":\"https:\/\/tourcruiser.com\/de\/#organization\"},\"potentialAction\":[{\"@type\":\"SearchAction\",\"target\":{\"@type\":\"EntryPoint\",\"urlTemplate\":\"https:\/\/tourcruiser.com\/de\/?s={search_term_string}\"},\"query-input\":{\"@type\":\"PropertyValueSpecification\",\"valueRequired\":true,\"valueName\":\"search_term_string\"}}],\"inLanguage\":\"de\"},{\"@type\":\"Organization\",\"@id\":\"https:\/\/tourcruiser.com\/de\/#organization\",\"name\":\"STYLORAL PTE. LTD\",\"url\":\"https:\/\/tourcruiser.com\/de\/\",\"logo\":{\"@type\":\"ImageObject\",\"inLanguage\":\"de\",\"@id\":\"https:\/\/tourcruiser.com\/de\/#\/schema\/logo\/image\/\",\"url\":\"https:\/\/www.tourcruiser.com\/wp-content\/uploads\/2025\/12\/logo.png\",\"contentUrl\":\"https:\/\/www.tourcruiser.com\/wp-content\/uploads\/2025\/12\/logo.png\",\"width\":200,\"height\":65,\"caption\":\"STYLORAL PTE. LTD\"},\"image\":{\"@id\":\"https:\/\/tourcruiser.com\/de\/#\/schema\/logo\/image\/\"}}]}<\/script>\n<!-- \/ Yoast SEO plugin. -->","yoast_head_json":{"title":"Tom Sachs x Nike Mars Yard 3.0 'Brown' IF2885-100\/ - Tourcruiser PTE. LTD","robots":{"index":"index","follow":"follow","max-snippet":"max-snippet:-1","max-image-preview":"max-image-preview:large","max-video-preview":"max-video-preview:-1"},"canonical":"https:\/\/tourcruiser.com\/de\/products\/tom-sachs-x-nike-mars-yard-30-brown-if2885-100\/","og_locale":"de_DE","og_type":"article","og_title":"Tom Sachs x Nike Mars Yard 3.0 'Brown' IF2885-100\/ - Tourcruiser PTE. LTD","og_description":"Nike Mars Yard 3.0 \u201d\u201d Natural\/Sport Red\/Maple\/Sail\/Black","og_url":"https:\/\/tourcruiser.com\/de\/products\/tom-sachs-x-nike-mars-yard-30-brown-if2885-100\/","og_site_name":"Tourcruiser Sneaker Store","twitter_card":"summary_large_image","twitter_image":"https:\/\/images.novelship.com\/product\/tom_sachs_x_nike_mars_yard_3_0__brown__if2885-100__0_33409.jpeg","twitter_misc":{"Gesch\u00e4tzte Lesezeit":"1\u00a0Minute"},"schema":{"@context":"https:\/\/schema.org","@graph":[{"@type":"WebPage","@id":"https:\/\/tourcruiser.com\/de\/products\/tom-sachs-x-nike-mars-yard-30-brown-if2885-100\/","url":"https:\/\/tourcruiser.com\/de\/products\/tom-sachs-x-nike-mars-yard-30-brown-if2885-100\/","name":"Tom Sachs x Nike Mars Yard 3.0 'Brown' IF2885-100\/ - Tourcruiser PTE. LTD","isPartOf":{"@id":"https:\/\/tourcruiser.com\/de\/#website"},"primaryImageOfPage":{"@id":"https:\/\/tourcruiser.com\/de\/products\/tom-sachs-x-nike-mars-yard-30-brown-if2885-100\/#primaryimage"},"image":{"@id":"https:\/\/tourcruiser.com\/de\/products\/tom-sachs-x-nike-mars-yard-30-brown-if2885-100\/#primaryimage"},"thumbnailUrl":"https:\/\/images.novelship.com\/product\/tom_sachs_x_nike_mars_yard_3_0__brown__if2885-100__0_33409.jpeg","datePublished":"2026-03-02T08:14:20+00:00","breadcrumb":{"@id":"https:\/\/tourcruiser.com\/de\/products\/tom-sachs-x-nike-mars-yard-30-brown-if2885-100\/#breadcrumb"},"inLanguage":"de","potentialAction":[{"@type":"ReadAction","target":["https:\/\/tourcruiser.com\/de\/products\/tom-sachs-x-nike-mars-yard-30-brown-if2885-100\/"]}]},{"@type":"ImageObject","inLanguage":"de","@id":"https:\/\/tourcruiser.com\/de\/products\/tom-sachs-x-nike-mars-yard-30-brown-if2885-100\/#primaryimage","url":"https:\/\/images.novelship.com\/product\/tom_sachs_x_nike_mars_yard_3_0__brown__if2885-100__0_33409.jpeg","contentUrl":"https:\/\/images.novelship.com\/product\/tom_sachs_x_nike_mars_yard_3_0__brown__if2885-100__0_33409.jpeg"},{"@type":"BreadcrumbList","@id":"https:\/\/tourcruiser.com\/de\/products\/tom-sachs-x-nike-mars-yard-30-brown-if2885-100\/#breadcrumb","itemListElement":[{"@type":"ListItem","position":1,"name":"Home","item":"https:\/\/tourcruiser.com\/de\/"},{"@type":"ListItem","position":2,"name":"Shop","item":"https:\/\/tourcruiser.com\/de\/shop\/"},{"@type":"ListItem","position":3,"name":"Tom Sachs x Nike Mars Yard 3.0 'Brown' IF2885-100\/"}]},{"@type":"WebSite","@id":"https:\/\/tourcruiser.com\/de\/#website","url":"https:\/\/tourcruiser.com\/de\/","name":"Styloral Jewelry Shop","description":"Tourcruiser Sneaker Store \u2014 der Ort, an dem das Universum deine Einzigartigkeit trifft.","publisher":{"@id":"https:\/\/tourcruiser.com\/de\/#organization"},"potentialAction":[{"@type":"SearchAction","target":{"@type":"EntryPoint","urlTemplate":"https:\/\/tourcruiser.com\/de\/?s={search_term_string}"},"query-input":{"@type":"PropertyValueSpecification","valueRequired":true,"valueName":"search_term_string"}}],"inLanguage":"de"},{"@type":"Organization","@id":"https:\/\/tourcruiser.com\/de\/#organization","name":"STYLORAL PTE. LTD","url":"https:\/\/tourcruiser.com\/de\/","logo":{"@type":"ImageObject","inLanguage":"de","@id":"https:\/\/tourcruiser.com\/de\/#\/schema\/logo\/image\/","url":"https:\/\/www.tourcruiser.com\/wp-content\/uploads\/2025\/12\/logo.png","contentUrl":"https:\/\/www.tourcruiser.com\/wp-content\/uploads\/2025\/12\/logo.png","width":200,"height":65,"caption":"STYLORAL PTE. LTD"},"image":{"@id":"https:\/\/tourcruiser.com\/de\/#\/schema\/logo\/image\/"}}]}},"_links":{"self":[{"href":"https:\/\/tourcruiser.com\/de\/wp-json\/wp\/v2\/product\/54320","targetHints":{"allow":["GET"]}}],"collection":[{"href":"https:\/\/tourcruiser.com\/de\/wp-json\/wp\/v2\/product"}],"about":[{"href":"https:\/\/tourcruiser.com\/de\/wp-json\/wp\/v2\/types\/product"}],"replies":[{"embeddable":true,"href":"https:\/\/tourcruiser.com\/de\/wp-json\/wp\/v2\/comments?post=54320"}],"wp:featuredmedia":[{"embeddable":true,"href":"https:\/\/tourcruiser.com\/de\/wp-json\/wp\/v2\/media\/54321"}],"wp:attachment":[{"href":"https:\/\/tourcruiser.com\/de\/wp-json\/wp\/v2\/media?parent=54320"}],"wp:term":[{"taxonomy":"product_brand","embeddable":true,"href":"https:\/\/tourcruiser.com\/de\/wp-json\/wp\/v2\/product_brand?post=54320"},{"taxonomy":"product_cat","embeddable":true,"href":"https:\/\/tourcruiser.com\/de\/wp-json\/wp\/v2\/product_cat?post=54320"},{"taxonomy":"product_tag","embeddable":true,"href":"https:\/\/tourcruiser.com\/de\/wp-json\/wp\/v2\/product_tag?post=54320"}],"curies":[{"name":"wp","href":"https:\/\/api.w.org\/{rel}","templated":true}]}}