{"id":54288,"date":"2026-03-02T15:14:17","date_gmt":"2026-03-02T08:14:17","guid":{"rendered":"http:\/\/tourcruiser.com\/product\/asics-gt-2000-14-extra-wide-blackwhite-running-shoes-blackwhite"},"modified":"2026-03-28T01:01:42","modified_gmt":"2026-03-27T18:01:42","slug":"asics-gt-2000-14-extra-wide-blackwhite-running-shoes-blackwhite","status":"publish","type":"product","link":"https:\/\/tourcruiser.com\/de\/products\/asics-gt-2000-14-extra-wide-blackwhite-running-shoes-blackwhite\/","title":{"rendered":"Asics GT-2000 14 Extra Wide Black\/White Running Shoes BLACK\/WHITE"},"content":{"rendered":"<p>Verbessere dein Lauferlebnis mit den Asics GT-2000 14 Extra Wide Laufschuhen in elegantem Schwarz-Wei\u00df. Diese Schuhe wurden f\u00fcr Fitnessbegeisterte weltweit entwickelt und bieten verbesserte Stabilit\u00e4t und Komfort f\u00fcr kurze L\u00e4ufe und lange Distanzen. Dank fortschrittlicher D\u00e4mpfungstechnologie und robuster Verarbeitung garantieren sie optimale Unterst\u00fctzung bei jedem Schritt. Perfekt f\u00fcr alle, die etwas mehr Weite ben\u00f6tigen: Ihr stilvolles Design vereint Performance mit modernem Flair. Optimiere deine L\u00e4ufe und erobere neue Wege mit \u00fcberragendem Komfort und au\u00dfergew\u00f6hnlichem Stil.<\/p>\n<ul>\n<li><strong>Farbgebung:<\/strong> Schwarz\/Wei\u00df<\/li>\n<li><strong>Artikelnummer:<\/strong> 1011C057-001<\/li>\n<li><strong>Obermaterial:<\/strong> Mesh<\/li>\n<li><strong>Zwischensohle:<\/strong> FlyteFoam Blast Max<\/li>\n<li><strong>Farbe:<\/strong> Schwarz<\/li>\n<li><strong>Saison:<\/strong> Sommer<\/li>\n<li><strong>Erscheinungsjahr:<\/strong> 2025<\/li>\n<\/ul>\n","protected":false},"excerpt":{"rendered":"<p>ASICS GT-2000 14 Extra Wide \u201d\u201d Black\/White<\/p>\n","protected":false},"featured_media":54289,"comment_status":"open","ping_status":"closed","template":"","meta":[],"product_brand":[],"product_cat":[10792],"product_tag":[10791,10839,10802,10840,12118,10758],"class_list":{"0":"post-54288","1":"product","2":"type-product","3":"status-publish","4":"has-post-thumbnail","6":"product_cat-asics","7":"product_tag-asics","8":"product_tag-performance-running-shoes","9":"product_tag-performance-sport-shoes","10":"product_tag-running-shoes","11":"product_tag-stability-overpronation-running-shoes","12":"product_tag-under-retail","13":"wcpa_has_options","15":"first","16":"outofstock","17":"sale","18":"taxable","19":"shipping-taxable","20":"purchasable","21":"product-type-simple"},"wcpa_form_fields":{"rules":{"pric_overide_base_price":false,"pric_overide_base_price_if_gt_zero":false,"pric_overide_base_price_fully":false,"pric_cal_option_once":false,"pric_use_as_fee":false,"bind_quantity":false,"quantity_bind_formula":false},"fields":[{"type":"color-group","required":true,"elementId":"wcpa-color-group-69a5ab08ee12d","label":"Gr\u00f6\u00dfe","inline":true,"priceOptions":"different_for_all","pricingType":"fixed","className":"hassizechart product-shoes-size-eu product-shoes-size","name":"color-group-69a5ab08ee136","disp_type":"square","selection_type":"tick-border","disp_size":"50","show_label_inside":true,"adjust_width":true,"cart_display_type":"text","other_text":"Other","cl_rule":"show","col":6,"values":[{"label":"36","value":"EU 36","price":"","pimage":"","pimage_id":"","pthumb":"","color":"","selected":true},{"label":"37","value":"EU 37","price":"","pimage":"","pimage_id":"","pthumb":"","color":""},{"label":"37.5","value":"EU 37.5","price":"","pimage":"","pimage_id":"","pthumb":"","color":""},{"label":"38","value":"EU 38","price":"","pimage":"","pimage_id":"","pthumb":"","color":""},{"label":"38.5","value":"EU 38.5","price":"","pimage":"","pimage_id":"","pthumb":"","color":""},{"label":"39","value":"EU 39","price":"","pimage":"","pimage_id":"","pthumb":"","color":""},{"label":"39.5","value":"EU 39.5","price":"","pimage":"","pimage_id":"","pthumb":"","color":""},{"label":"40","value":"EU 40","price":"","pimage":"","pimage_id":"","pthumb":"","color":""},{"label":"40.5","value":"EU 40.5","price":"","pimage":"","pimage_id":"","pthumb":"","color":""},{"label":" 41.5","value":"EU 41.5","price":"","pimage":"","pimage_id":"","pthumb":"","color":""},{"label":"42","value":"EU 42","price":"","pimage":"","pimage_id":"","pthumb":"","color":""},{"label":"42.5","value":"EU 42.5","price":"","pimage":"","pimage_id":"","pthumb":"","color":""},{"label":"43.5","value":"EU 43.5","price":"","pimage":"","pimage_id":"","pthumb":"","color":""},{"label":"44","value":"EU 44","price":"","pimage":"","pimage_id":"","pthumb":"","color":""},{"label":"44.5","value":"EU 44.5","price":"","pimage":"","pimage_id":"","pthumb":"","color":""},{"label":"45","value":"EU 45","price":"","pimage":"","pimage_id":"","pthumb":"","color":""}],"relations":[{"operator":false,"rules":[]}],"form_id":184311,"form_rules":{"pric_cal_option_once":false,"exclude_from_discount":false,"pric_use_as_fee":false,"fee_label":"Fee","render_after_acb":false,"disp_hide_options_price":false}}]},"yoast_head":"<!-- This site is optimized with the Yoast SEO plugin v26.5 - https:\/\/yoast.com\/wordpress\/plugins\/seo\/ -->\n<title>Asics GT-2000 14 Extra Wide Black\/White Running Shoes BLACK\/WHITE  - Tourcruiser PTE. LTD<\/title>\n<meta name=\"robots\" content=\"index, follow, max-snippet:-1, max-image-preview:large, max-video-preview:-1\" \/>\n<link rel=\"canonical\" href=\"https:\/\/tourcruiser.com\/\" \/>\n<meta property=\"og:locale\" content=\"de_DE\" \/>\n<meta property=\"og:type\" content=\"article\" \/>\n<meta property=\"og:title\" content=\"Asics GT-2000 14 Extra Wide Black\/White Running Shoes BLACK\/WHITE  - Tourcruiser PTE. LTD\" \/>\n<meta property=\"og:description\" content=\"ASICS GT-2000 14 Extra Wide \u201d\u201d Black\/White\" \/>\n<meta property=\"og:url\" content=\"\/\" \/>\n<meta property=\"og:site_name\" content=\"Tourcruiser Sneaker Store\" \/>\n<meta property=\"article:modified_time\" content=\"2026-03-27T18:01:42+00:00\" \/>\n<meta name=\"twitter:card\" content=\"summary_large_image\" \/>\n<meta name=\"twitter:image\" content=\"https:\/\/images.novelship.com\/product\/asics_gt-2000_14_extra_wide_black_white_running_sh_0_35587.png;https:\/\/images.novelship.com\/product\/asics_gt-2000_14_extra_wide_black_white_running_sh_1_35587.png;https:\/\/images.novelship.com\/product\/asics_gt-2000_14_extra_wide_black_white_running_sh_2_35587.png;https:\/\/images.novelship.com\/product\/asics_gt-2000_14_extra_wide_black_white_running_sh_3_35587.png;https:\/\/images.novelship.com\/product\/asics_gt-2000_14_extra_wide_black_white_running_sh_4_35587.png;https:\/\/images.novelship.com\/product\/asics_gt-2000_14_extra_wide_black_white_running_sh_5_35587.png;https:\/\/images.novelship.com\/product\/asics_gt-2000_14_extra_wide_black_white_running_sh_6_35587.png\" \/>\n<meta name=\"twitter:label1\" content=\"Gesch\u00e4tzte Lesezeit\" \/>\n\t<meta name=\"twitter:data1\" content=\"1\u00a0Minute\" \/>\n<script type=\"application\/ld+json\" class=\"yoast-schema-graph\">{\"@context\":\"https:\/\/schema.org\",\"@graph\":[{\"@type\":\"WebPage\",\"@id\":\"\/\",\"url\":\"https:\/\/tourcruiser.com\/\",\"name\":\"Asics GT-2000 14 Extra Wide Black\/White Running Shoes BLACK\/WHITE - Tourcruiser PTE. LTD\",\"isPartOf\":{\"@id\":\"https:\/\/tourcruiser.com\/de\/#website\"},\"primaryImageOfPage\":{\"@id\":\"https:\/\/tourcruiser.com\/#primaryimage\"},\"image\":{\"@id\":\"https:\/\/tourcruiser.com\/#primaryimage\"},\"thumbnailUrl\":\"https:\/\/images.novelship.com\/product\/asics_gt-2000_14_extra_wide_black_white_running_sh_0_35587.png;https:\/\/images.novelship.com\/product\/asics_gt-2000_14_extra_wide_black_white_running_sh_1_35587.png;https:\/\/images.novelship.com\/product\/asics_gt-2000_14_extra_wide_black_white_running_sh_2_35587.png;https:\/\/images.novelship.com\/product\/asics_gt-2000_14_extra_wide_black_white_running_sh_3_35587.png;https:\/\/images.novelship.com\/product\/asics_gt-2000_14_extra_wide_black_white_running_sh_4_35587.png;https:\/\/images.novelship.com\/product\/asics_gt-2000_14_extra_wide_black_white_running_sh_5_35587.png;https:\/\/images.novelship.com\/product\/asics_gt-2000_14_extra_wide_black_white_running_sh_6_35587.png\",\"datePublished\":\"2026-03-02T08:14:17+00:00\",\"dateModified\":\"2026-03-27T18:01:42+00:00\",\"breadcrumb\":{\"@id\":\"https:\/\/tourcruiser.com\/#breadcrumb\"},\"inLanguage\":\"de\",\"potentialAction\":[{\"@type\":\"ReadAction\",\"target\":[\"https:\/\/tourcruiser.com\/\"]}]},{\"@type\":\"ImageObject\",\"inLanguage\":\"de\",\"@id\":\"https:\/\/tourcruiser.com\/#primaryimage\",\"url\":\"https:\/\/images.novelship.com\/product\/asics_gt-2000_14_extra_wide_black_white_running_sh_0_35587.png;https:\/\/images.novelship.com\/product\/asics_gt-2000_14_extra_wide_black_white_running_sh_1_35587.png;https:\/\/images.novelship.com\/product\/asics_gt-2000_14_extra_wide_black_white_running_sh_2_35587.png;https:\/\/images.novelship.com\/product\/asics_gt-2000_14_extra_wide_black_white_running_sh_3_35587.png;https:\/\/images.novelship.com\/product\/asics_gt-2000_14_extra_wide_black_white_running_sh_4_35587.png;https:\/\/images.novelship.com\/product\/asics_gt-2000_14_extra_wide_black_white_running_sh_5_35587.png;https:\/\/images.novelship.com\/product\/asics_gt-2000_14_extra_wide_black_white_running_sh_6_35587.png\",\"contentUrl\":\"https:\/\/images.novelship.com\/product\/asics_gt-2000_14_extra_wide_black_white_running_sh_0_35587.png;https:\/\/images.novelship.com\/product\/asics_gt-2000_14_extra_wide_black_white_running_sh_1_35587.png;https:\/\/images.novelship.com\/product\/asics_gt-2000_14_extra_wide_black_white_running_sh_2_35587.png;https:\/\/images.novelship.com\/product\/asics_gt-2000_14_extra_wide_black_white_running_sh_3_35587.png;https:\/\/images.novelship.com\/product\/asics_gt-2000_14_extra_wide_black_white_running_sh_4_35587.png;https:\/\/images.novelship.com\/product\/asics_gt-2000_14_extra_wide_black_white_running_sh_5_35587.png;https:\/\/images.novelship.com\/product\/asics_gt-2000_14_extra_wide_black_white_running_sh_6_35587.png\"},{\"@type\":\"BreadcrumbList\",\"@id\":\"https:\/\/tourcruiser.com\/#breadcrumb\",\"itemListElement\":[{\"@type\":\"ListItem\",\"position\":1,\"name\":\"Home\",\"item\":\"https:\/\/tourcruiser.com\/de\/\"},{\"@type\":\"ListItem\",\"position\":2,\"name\":\"Shop\",\"item\":\"https:\/\/tourcruiser.com\/de\/shop\/\"},{\"@type\":\"ListItem\",\"position\":3,\"name\":\"Asics GT-2000 14 Extra Wide Black\/White Running Shoes BLACK\/WHITE\"}]},{\"@type\":\"WebSite\",\"@id\":\"https:\/\/tourcruiser.com\/de\/#website\",\"url\":\"https:\/\/tourcruiser.com\/de\/\",\"name\":\"Styloral Jewelry Shop\",\"description\":\"Tourcruiser Sneaker Store \u2014 der Ort, an dem das Universum deine Einzigartigkeit trifft.\",\"publisher\":{\"@id\":\"https:\/\/tourcruiser.com\/de\/#organization\"},\"potentialAction\":[{\"@type\":\"SearchAction\",\"target\":{\"@type\":\"EntryPoint\",\"urlTemplate\":\"https:\/\/tourcruiser.com\/de\/?s={search_term_string}\"},\"query-input\":{\"@type\":\"PropertyValueSpecification\",\"valueRequired\":true,\"valueName\":\"search_term_string\"}}],\"inLanguage\":\"de\"},{\"@type\":\"Organization\",\"@id\":\"https:\/\/tourcruiser.com\/de\/#organization\",\"name\":\"STYLORAL PTE. LTD\",\"url\":\"https:\/\/tourcruiser.com\/de\/\",\"logo\":{\"@type\":\"ImageObject\",\"inLanguage\":\"de\",\"@id\":\"https:\/\/tourcruiser.com\/de\/#\/schema\/logo\/image\/\",\"url\":\"https:\/\/www.tourcruiser.com\/wp-content\/uploads\/2025\/12\/logo.png\",\"contentUrl\":\"https:\/\/www.tourcruiser.com\/wp-content\/uploads\/2025\/12\/logo.png\",\"width\":200,\"height\":65,\"caption\":\"STYLORAL PTE. LTD\"},\"image\":{\"@id\":\"https:\/\/tourcruiser.com\/de\/#\/schema\/logo\/image\/\"}}]}<\/script>\n<!-- \/ Yoast SEO plugin. -->","yoast_head_json":{"title":"Asics GT-2000 14 Extra Wide Black\/White Running Shoes BLACK\/WHITE  - Tourcruiser PTE. LTD","robots":{"index":"index","follow":"follow","max-snippet":"max-snippet:-1","max-image-preview":"max-image-preview:large","max-video-preview":"max-video-preview:-1"},"canonical":"https:\/\/tourcruiser.com\/","og_locale":"de_DE","og_type":"article","og_title":"Asics GT-2000 14 Extra Wide Black\/White Running Shoes BLACK\/WHITE  - Tourcruiser PTE. LTD","og_description":"ASICS GT-2000 14 Extra Wide \u201d\u201d Black\/White","og_url":"\/","og_site_name":"Tourcruiser Sneaker Store","article_modified_time":"2026-03-27T18:01:42+00:00","twitter_card":"summary_large_image","twitter_image":"https:\/\/images.novelship.com\/product\/asics_gt-2000_14_extra_wide_black_white_running_sh_0_35587.png;https:\/\/images.novelship.com\/product\/asics_gt-2000_14_extra_wide_black_white_running_sh_1_35587.png;https:\/\/images.novelship.com\/product\/asics_gt-2000_14_extra_wide_black_white_running_sh_2_35587.png;https:\/\/images.novelship.com\/product\/asics_gt-2000_14_extra_wide_black_white_running_sh_3_35587.png;https:\/\/images.novelship.com\/product\/asics_gt-2000_14_extra_wide_black_white_running_sh_4_35587.png;https:\/\/images.novelship.com\/product\/asics_gt-2000_14_extra_wide_black_white_running_sh_5_35587.png;https:\/\/images.novelship.com\/product\/asics_gt-2000_14_extra_wide_black_white_running_sh_6_35587.png","twitter_misc":{"Gesch\u00e4tzte Lesezeit":"1\u00a0Minute"},"schema":{"@context":"https:\/\/schema.org","@graph":[{"@type":"WebPage","@id":"\/","url":"https:\/\/tourcruiser.com\/","name":"Asics GT-2000 14 Extra Wide Black\/White Running Shoes BLACK\/WHITE - Tourcruiser PTE. LTD","isPartOf":{"@id":"https:\/\/tourcruiser.com\/de\/#website"},"primaryImageOfPage":{"@id":"https:\/\/tourcruiser.com\/#primaryimage"},"image":{"@id":"https:\/\/tourcruiser.com\/#primaryimage"},"thumbnailUrl":"https:\/\/images.novelship.com\/product\/asics_gt-2000_14_extra_wide_black_white_running_sh_0_35587.png;https:\/\/images.novelship.com\/product\/asics_gt-2000_14_extra_wide_black_white_running_sh_1_35587.png;https:\/\/images.novelship.com\/product\/asics_gt-2000_14_extra_wide_black_white_running_sh_2_35587.png;https:\/\/images.novelship.com\/product\/asics_gt-2000_14_extra_wide_black_white_running_sh_3_35587.png;https:\/\/images.novelship.com\/product\/asics_gt-2000_14_extra_wide_black_white_running_sh_4_35587.png;https:\/\/images.novelship.com\/product\/asics_gt-2000_14_extra_wide_black_white_running_sh_5_35587.png;https:\/\/images.novelship.com\/product\/asics_gt-2000_14_extra_wide_black_white_running_sh_6_35587.png","datePublished":"2026-03-02T08:14:17+00:00","dateModified":"2026-03-27T18:01:42+00:00","breadcrumb":{"@id":"https:\/\/tourcruiser.com\/#breadcrumb"},"inLanguage":"de","potentialAction":[{"@type":"ReadAction","target":["https:\/\/tourcruiser.com\/"]}]},{"@type":"ImageObject","inLanguage":"de","@id":"https:\/\/tourcruiser.com\/#primaryimage","url":"https:\/\/images.novelship.com\/product\/asics_gt-2000_14_extra_wide_black_white_running_sh_0_35587.png;https:\/\/images.novelship.com\/product\/asics_gt-2000_14_extra_wide_black_white_running_sh_1_35587.png;https:\/\/images.novelship.com\/product\/asics_gt-2000_14_extra_wide_black_white_running_sh_2_35587.png;https:\/\/images.novelship.com\/product\/asics_gt-2000_14_extra_wide_black_white_running_sh_3_35587.png;https:\/\/images.novelship.com\/product\/asics_gt-2000_14_extra_wide_black_white_running_sh_4_35587.png;https:\/\/images.novelship.com\/product\/asics_gt-2000_14_extra_wide_black_white_running_sh_5_35587.png;https:\/\/images.novelship.com\/product\/asics_gt-2000_14_extra_wide_black_white_running_sh_6_35587.png","contentUrl":"https:\/\/images.novelship.com\/product\/asics_gt-2000_14_extra_wide_black_white_running_sh_0_35587.png;https:\/\/images.novelship.com\/product\/asics_gt-2000_14_extra_wide_black_white_running_sh_1_35587.png;https:\/\/images.novelship.com\/product\/asics_gt-2000_14_extra_wide_black_white_running_sh_2_35587.png;https:\/\/images.novelship.com\/product\/asics_gt-2000_14_extra_wide_black_white_running_sh_3_35587.png;https:\/\/images.novelship.com\/product\/asics_gt-2000_14_extra_wide_black_white_running_sh_4_35587.png;https:\/\/images.novelship.com\/product\/asics_gt-2000_14_extra_wide_black_white_running_sh_5_35587.png;https:\/\/images.novelship.com\/product\/asics_gt-2000_14_extra_wide_black_white_running_sh_6_35587.png"},{"@type":"BreadcrumbList","@id":"https:\/\/tourcruiser.com\/#breadcrumb","itemListElement":[{"@type":"ListItem","position":1,"name":"Home","item":"https:\/\/tourcruiser.com\/de\/"},{"@type":"ListItem","position":2,"name":"Shop","item":"https:\/\/tourcruiser.com\/de\/shop\/"},{"@type":"ListItem","position":3,"name":"Asics GT-2000 14 Extra Wide Black\/White Running Shoes BLACK\/WHITE"}]},{"@type":"WebSite","@id":"https:\/\/tourcruiser.com\/de\/#website","url":"https:\/\/tourcruiser.com\/de\/","name":"Styloral Jewelry Shop","description":"Tourcruiser Sneaker Store \u2014 der Ort, an dem das Universum deine Einzigartigkeit trifft.","publisher":{"@id":"https:\/\/tourcruiser.com\/de\/#organization"},"potentialAction":[{"@type":"SearchAction","target":{"@type":"EntryPoint","urlTemplate":"https:\/\/tourcruiser.com\/de\/?s={search_term_string}"},"query-input":{"@type":"PropertyValueSpecification","valueRequired":true,"valueName":"search_term_string"}}],"inLanguage":"de"},{"@type":"Organization","@id":"https:\/\/tourcruiser.com\/de\/#organization","name":"STYLORAL PTE. LTD","url":"https:\/\/tourcruiser.com\/de\/","logo":{"@type":"ImageObject","inLanguage":"de","@id":"https:\/\/tourcruiser.com\/de\/#\/schema\/logo\/image\/","url":"https:\/\/www.tourcruiser.com\/wp-content\/uploads\/2025\/12\/logo.png","contentUrl":"https:\/\/www.tourcruiser.com\/wp-content\/uploads\/2025\/12\/logo.png","width":200,"height":65,"caption":"STYLORAL PTE. LTD"},"image":{"@id":"https:\/\/tourcruiser.com\/de\/#\/schema\/logo\/image\/"}}]}},"_links":{"self":[{"href":"https:\/\/tourcruiser.com\/de\/wp-json\/wp\/v2\/product\/54288","targetHints":{"allow":["GET"]}}],"collection":[{"href":"https:\/\/tourcruiser.com\/de\/wp-json\/wp\/v2\/product"}],"about":[{"href":"https:\/\/tourcruiser.com\/de\/wp-json\/wp\/v2\/types\/product"}],"replies":[{"embeddable":true,"href":"https:\/\/tourcruiser.com\/de\/wp-json\/wp\/v2\/comments?post=54288"}],"wp:featuredmedia":[{"embeddable":true,"href":"https:\/\/tourcruiser.com\/de\/wp-json\/wp\/v2\/media\/54289"}],"wp:attachment":[{"href":"https:\/\/tourcruiser.com\/de\/wp-json\/wp\/v2\/media?parent=54288"}],"wp:term":[{"taxonomy":"product_brand","embeddable":true,"href":"https:\/\/tourcruiser.com\/de\/wp-json\/wp\/v2\/product_brand?post=54288"},{"taxonomy":"product_cat","embeddable":true,"href":"https:\/\/tourcruiser.com\/de\/wp-json\/wp\/v2\/product_cat?post=54288"},{"taxonomy":"product_tag","embeddable":true,"href":"https:\/\/tourcruiser.com\/de\/wp-json\/wp\/v2\/product_tag?post=54288"}],"curies":[{"name":"wp","href":"https:\/\/api.w.org\/{rel}","templated":true}]}}