{"id":53996,"date":"2026-03-02T15:13:54","date_gmt":"2026-03-02T08:13:54","guid":{"rendered":"http:\/\/tourcruiser.com\/product\/24-kilates-x-asics-gel-lyte-3-24-kilates-express"},"modified":"2026-03-28T01:01:29","modified_gmt":"2026-03-27T18:01:29","slug":"24-kilates-x-asics-gel-lyte-3-24-kilates-express","status":"publish","type":"product","link":"https:\/\/tourcruiser.com\/de\/products\/24-kilates-x-asics-gel-lyte-3-24-kilates-express\/","title":{"rendered":"24 Kilates x ASICS Gel Lyte 3 &#8217;24 Kilates Express&#8216;"},"content":{"rendered":"<p>Wir pr\u00e4sentieren den 24 Kilates x ASICS Gel Lyte 3 24 Kilates Express, eine Kollaboration zwischen ASICS und 24 Kilates. Dieser Sneaker, auch bekannt als 24 Kilates Express, kommt in einem stylischen Braunton. Dank der ASICS Gel-D\u00e4mpfungstechnologie bietet er au\u00dfergew\u00f6hnlichen Komfort und Halt. Ob f\u00fcr Freizeit oder sportliche Aktivit\u00e4ten \u201d\u201c dieser Sneaker vereint Stil und Funktionalit\u00e4t auf perfekte Weise. Sichern Sie sich dieses limitierte Sammlerst\u00fcck!<\/p>\n<p>Farbgebung: Shady-Glade\/Gold Earth<\/p>\n<p>Style-Code: H8P4K-7821<\/p>\n<p>Farbe: Mehrfarbig<\/p>\n<p>Designer: Shigeyuki Mitsui<\/p>\n<p>Saison: Sommer<\/p>\n<p>Erscheinungsjahr: 2018<\/p>\n","protected":false},"excerpt":{"rendered":"<p>ASICS Gel Lyte 3 \u201d\u201d Shady-Glade\/Gold Earth<\/p>\n","protected":false},"featured_media":53997,"comment_status":"open","ping_status":"closed","template":"","meta":[],"product_brand":[],"product_cat":[10792],"product_tag":[10791,11032,10750,10753,10754,10765,10768,10785],"class_list":{"0":"post-53996","1":"product","2":"type-product","3":"status-publish","4":"has-post-thumbnail","6":"product_cat-asics","7":"product_tag-asics","8":"product_tag-asics-running-shoes","9":"product_tag-athleisure-shoes","10":"product_tag-gift-for-him","11":"product_tag-lifestyle-casual-shoes","12":"product_tag-lifestyle-shoes-running-inspired","13":"product_tag-retro-running-shoes","14":"product_tag-trending-deals","15":"wcpa_has_options","17":"first","18":"outofstock","19":"taxable","20":"shipping-taxable","21":"purchasable","22":"product-type-simple"},"wcpa_form_fields":{"rules":{"pric_overide_base_price":false,"pric_overide_base_price_if_gt_zero":false,"pric_overide_base_price_fully":false,"pric_cal_option_once":false,"pric_use_as_fee":false,"bind_quantity":false,"quantity_bind_formula":false},"fields":[{"type":"color-group","required":true,"elementId":"wcpa-color-group-69a5ab08ee12d","label":"Gr\u00f6\u00dfe","inline":true,"priceOptions":"different_for_all","pricingType":"fixed","className":"hassizechart product-shoes-size-eu product-shoes-size","name":"color-group-69a5ab08ee136","disp_type":"square","selection_type":"tick-border","disp_size":"50","show_label_inside":true,"adjust_width":true,"cart_display_type":"text","other_text":"Other","cl_rule":"show","col":6,"values":[{"label":"36","value":"EU 36","price":"","pimage":"","pimage_id":"","pthumb":"","color":"","selected":true},{"label":"37","value":"EU 37","price":"","pimage":"","pimage_id":"","pthumb":"","color":""},{"label":"37.5","value":"EU 37.5","price":"","pimage":"","pimage_id":"","pthumb":"","color":""},{"label":"38","value":"EU 38","price":"","pimage":"","pimage_id":"","pthumb":"","color":""},{"label":"38.5","value":"EU 38.5","price":"","pimage":"","pimage_id":"","pthumb":"","color":""},{"label":"39","value":"EU 39","price":"","pimage":"","pimage_id":"","pthumb":"","color":""},{"label":"39.5","value":"EU 39.5","price":"","pimage":"","pimage_id":"","pthumb":"","color":""},{"label":"40","value":"EU 40","price":"","pimage":"","pimage_id":"","pthumb":"","color":""},{"label":"40.5","value":"EU 40.5","price":"","pimage":"","pimage_id":"","pthumb":"","color":""},{"label":" 41.5","value":"EU 41.5","price":"","pimage":"","pimage_id":"","pthumb":"","color":""},{"label":"42","value":"EU 42","price":"","pimage":"","pimage_id":"","pthumb":"","color":""},{"label":"42.5","value":"EU 42.5","price":"","pimage":"","pimage_id":"","pthumb":"","color":""},{"label":"43.5","value":"EU 43.5","price":"","pimage":"","pimage_id":"","pthumb":"","color":""},{"label":"44","value":"EU 44","price":"","pimage":"","pimage_id":"","pthumb":"","color":""},{"label":"44.5","value":"EU 44.5","price":"","pimage":"","pimage_id":"","pthumb":"","color":""},{"label":"45","value":"EU 45","price":"","pimage":"","pimage_id":"","pthumb":"","color":""}],"relations":[{"operator":false,"rules":[]}],"form_id":184311,"form_rules":{"pric_cal_option_once":false,"exclude_from_discount":false,"pric_use_as_fee":false,"fee_label":"Fee","render_after_acb":false,"disp_hide_options_price":false}}]},"yoast_head":"<!-- This site is optimized with the Yoast SEO plugin v26.5 - https:\/\/yoast.com\/wordpress\/plugins\/seo\/ -->\n<title>24 Kilates x ASICS Gel Lyte 3 &#039;24 Kilates Express&#039;  - Tourcruiser PTE. LTD<\/title>\n<meta name=\"robots\" content=\"index, follow, max-snippet:-1, max-image-preview:large, max-video-preview:-1\" \/>\n<link rel=\"canonical\" href=\"https:\/\/tourcruiser.com\/de\/products\/24-kilates-x-asics-gel-lyte-3-24-kilates-express\/\" \/>\n<meta property=\"og:locale\" content=\"de_DE\" \/>\n<meta property=\"og:type\" content=\"article\" \/>\n<meta property=\"og:title\" content=\"24 Kilates x ASICS Gel Lyte 3 &#039;24 Kilates Express&#039;  - Tourcruiser PTE. LTD\" \/>\n<meta property=\"og:description\" content=\"ASICS Gel Lyte 3 \u201d\u201d Shady-Glade\/Gold Earth\" \/>\n<meta property=\"og:url\" content=\"https:\/\/tourcruiser.com\/de\/products\/24-kilates-x-asics-gel-lyte-3-24-kilates-express\/\" \/>\n<meta property=\"og:site_name\" content=\"Tourcruiser Sneaker Store\" \/>\n<meta property=\"article:modified_time\" content=\"2026-03-27T18:01:29+00:00\" \/>\n<meta name=\"twitter:card\" content=\"summary_large_image\" \/>\n<meta name=\"twitter:image\" content=\"https:\/\/images.novelship.com\/product\/24_kilates_x_asics_gel_lyte_3__24_kilates_express__0_93620.jpeg;https:\/\/images.novelship.com\/product\/24_kilates_x_asics_gel_lyte_3__24_kilates_express__1_93620.jpeg;https:\/\/images.novelship.com\/product\/24_kilates_x_asics_gel_lyte_3__24_kilates_express__2_93621.jpeg;https:\/\/images.novelship.com\/product\/24_kilates_x_asics_gel_lyte_3__24_kilates_express__3_93621.jpeg;https:\/\/images.novelship.com\/product\/24_kilates_x_asics_gel_lyte_3__24_kilates_express__4_93621.jpeg;https:\/\/images.novelship.com\/product\/24_kilates_x_asics_gel_lyte_3__24_kilates_express__5_93621.jpeg;https:\/\/images.novelship.com\/product\/24_kilates_x_asics_gel_lyte_3__24_kilates_express__6_93621.jpeg;https:\/\/images.novelship.com\/product\/24_kilates_x_asics_gel_lyte_3__24_kilates_express__7_93621.jpeg\" \/>\n<script type=\"application\/ld+json\" class=\"yoast-schema-graph\">{\"@context\":\"https:\/\/schema.org\",\"@graph\":[{\"@type\":\"WebPage\",\"@id\":\"https:\/\/tourcruiser.com\/de\/products\/24-kilates-x-asics-gel-lyte-3-24-kilates-express\/\",\"url\":\"https:\/\/tourcruiser.com\/de\/products\/24-kilates-x-asics-gel-lyte-3-24-kilates-express\/\",\"name\":\"24 Kilates x ASICS Gel Lyte 3 '24 Kilates Express' - Tourcruiser PTE. LTD\",\"isPartOf\":{\"@id\":\"https:\/\/tourcruiser.com\/de\/#website\"},\"primaryImageOfPage\":{\"@id\":\"https:\/\/tourcruiser.com\/de\/products\/24-kilates-x-asics-gel-lyte-3-24-kilates-express\/#primaryimage\"},\"image\":{\"@id\":\"https:\/\/tourcruiser.com\/de\/products\/24-kilates-x-asics-gel-lyte-3-24-kilates-express\/#primaryimage\"},\"thumbnailUrl\":\"https:\/\/images.novelship.com\/product\/24_kilates_x_asics_gel_lyte_3__24_kilates_express__0_93620.jpeg;https:\/\/images.novelship.com\/product\/24_kilates_x_asics_gel_lyte_3__24_kilates_express__1_93620.jpeg;https:\/\/images.novelship.com\/product\/24_kilates_x_asics_gel_lyte_3__24_kilates_express__2_93621.jpeg;https:\/\/images.novelship.com\/product\/24_kilates_x_asics_gel_lyte_3__24_kilates_express__3_93621.jpeg;https:\/\/images.novelship.com\/product\/24_kilates_x_asics_gel_lyte_3__24_kilates_express__4_93621.jpeg;https:\/\/images.novelship.com\/product\/24_kilates_x_asics_gel_lyte_3__24_kilates_express__5_93621.jpeg;https:\/\/images.novelship.com\/product\/24_kilates_x_asics_gel_lyte_3__24_kilates_express__6_93621.jpeg;https:\/\/images.novelship.com\/product\/24_kilates_x_asics_gel_lyte_3__24_kilates_express__7_93621.jpeg\",\"datePublished\":\"2026-03-02T08:13:54+00:00\",\"dateModified\":\"2026-03-27T18:01:29+00:00\",\"breadcrumb\":{\"@id\":\"https:\/\/tourcruiser.com\/de\/products\/24-kilates-x-asics-gel-lyte-3-24-kilates-express\/#breadcrumb\"},\"inLanguage\":\"de\",\"potentialAction\":[{\"@type\":\"ReadAction\",\"target\":[\"https:\/\/tourcruiser.com\/de\/products\/24-kilates-x-asics-gel-lyte-3-24-kilates-express\/\"]}]},{\"@type\":\"ImageObject\",\"inLanguage\":\"de\",\"@id\":\"https:\/\/tourcruiser.com\/de\/products\/24-kilates-x-asics-gel-lyte-3-24-kilates-express\/#primaryimage\",\"url\":\"https:\/\/images.novelship.com\/product\/24_kilates_x_asics_gel_lyte_3__24_kilates_express__0_93620.jpeg;https:\/\/images.novelship.com\/product\/24_kilates_x_asics_gel_lyte_3__24_kilates_express__1_93620.jpeg;https:\/\/images.novelship.com\/product\/24_kilates_x_asics_gel_lyte_3__24_kilates_express__2_93621.jpeg;https:\/\/images.novelship.com\/product\/24_kilates_x_asics_gel_lyte_3__24_kilates_express__3_93621.jpeg;https:\/\/images.novelship.com\/product\/24_kilates_x_asics_gel_lyte_3__24_kilates_express__4_93621.jpeg;https:\/\/images.novelship.com\/product\/24_kilates_x_asics_gel_lyte_3__24_kilates_express__5_93621.jpeg;https:\/\/images.novelship.com\/product\/24_kilates_x_asics_gel_lyte_3__24_kilates_express__6_93621.jpeg;https:\/\/images.novelship.com\/product\/24_kilates_x_asics_gel_lyte_3__24_kilates_express__7_93621.jpeg\",\"contentUrl\":\"https:\/\/images.novelship.com\/product\/24_kilates_x_asics_gel_lyte_3__24_kilates_express__0_93620.jpeg;https:\/\/images.novelship.com\/product\/24_kilates_x_asics_gel_lyte_3__24_kilates_express__1_93620.jpeg;https:\/\/images.novelship.com\/product\/24_kilates_x_asics_gel_lyte_3__24_kilates_express__2_93621.jpeg;https:\/\/images.novelship.com\/product\/24_kilates_x_asics_gel_lyte_3__24_kilates_express__3_93621.jpeg;https:\/\/images.novelship.com\/product\/24_kilates_x_asics_gel_lyte_3__24_kilates_express__4_93621.jpeg;https:\/\/images.novelship.com\/product\/24_kilates_x_asics_gel_lyte_3__24_kilates_express__5_93621.jpeg;https:\/\/images.novelship.com\/product\/24_kilates_x_asics_gel_lyte_3__24_kilates_express__6_93621.jpeg;https:\/\/images.novelship.com\/product\/24_kilates_x_asics_gel_lyte_3__24_kilates_express__7_93621.jpeg\"},{\"@type\":\"BreadcrumbList\",\"@id\":\"https:\/\/tourcruiser.com\/de\/products\/24-kilates-x-asics-gel-lyte-3-24-kilates-express\/#breadcrumb\",\"itemListElement\":[{\"@type\":\"ListItem\",\"position\":1,\"name\":\"Home\",\"item\":\"https:\/\/tourcruiser.com\/de\/\"},{\"@type\":\"ListItem\",\"position\":2,\"name\":\"Shop\",\"item\":\"https:\/\/tourcruiser.com\/de\/shop\/\"},{\"@type\":\"ListItem\",\"position\":3,\"name\":\"24 Kilates x ASICS Gel Lyte 3 '24 Kilates Express'\"}]},{\"@type\":\"WebSite\",\"@id\":\"https:\/\/tourcruiser.com\/de\/#website\",\"url\":\"https:\/\/tourcruiser.com\/de\/\",\"name\":\"Styloral Jewelry Shop\",\"description\":\"Tourcruiser Sneaker Store \u2014 der Ort, an dem das Universum deine Einzigartigkeit trifft.\",\"publisher\":{\"@id\":\"https:\/\/tourcruiser.com\/de\/#organization\"},\"potentialAction\":[{\"@type\":\"SearchAction\",\"target\":{\"@type\":\"EntryPoint\",\"urlTemplate\":\"https:\/\/tourcruiser.com\/de\/?s={search_term_string}\"},\"query-input\":{\"@type\":\"PropertyValueSpecification\",\"valueRequired\":true,\"valueName\":\"search_term_string\"}}],\"inLanguage\":\"de\"},{\"@type\":\"Organization\",\"@id\":\"https:\/\/tourcruiser.com\/de\/#organization\",\"name\":\"STYLORAL PTE. LTD\",\"url\":\"https:\/\/tourcruiser.com\/de\/\",\"logo\":{\"@type\":\"ImageObject\",\"inLanguage\":\"de\",\"@id\":\"https:\/\/tourcruiser.com\/de\/#\/schema\/logo\/image\/\",\"url\":\"https:\/\/www.tourcruiser.com\/wp-content\/uploads\/2025\/12\/logo.png\",\"contentUrl\":\"https:\/\/www.tourcruiser.com\/wp-content\/uploads\/2025\/12\/logo.png\",\"width\":200,\"height\":65,\"caption\":\"STYLORAL PTE. LTD\"},\"image\":{\"@id\":\"https:\/\/tourcruiser.com\/de\/#\/schema\/logo\/image\/\"}}]}<\/script>\n<!-- \/ Yoast SEO plugin. -->","yoast_head_json":{"title":"24 Kilates x ASICS Gel Lyte 3 '24 Kilates Express'  - Tourcruiser PTE. LTD","robots":{"index":"index","follow":"follow","max-snippet":"max-snippet:-1","max-image-preview":"max-image-preview:large","max-video-preview":"max-video-preview:-1"},"canonical":"https:\/\/tourcruiser.com\/de\/products\/24-kilates-x-asics-gel-lyte-3-24-kilates-express\/","og_locale":"de_DE","og_type":"article","og_title":"24 Kilates x ASICS Gel Lyte 3 '24 Kilates Express'  - Tourcruiser PTE. LTD","og_description":"ASICS Gel Lyte 3 \u201d\u201d Shady-Glade\/Gold Earth","og_url":"https:\/\/tourcruiser.com\/de\/products\/24-kilates-x-asics-gel-lyte-3-24-kilates-express\/","og_site_name":"Tourcruiser Sneaker Store","article_modified_time":"2026-03-27T18:01:29+00:00","twitter_card":"summary_large_image","twitter_image":"https:\/\/images.novelship.com\/product\/24_kilates_x_asics_gel_lyte_3__24_kilates_express__0_93620.jpeg;https:\/\/images.novelship.com\/product\/24_kilates_x_asics_gel_lyte_3__24_kilates_express__1_93620.jpeg;https:\/\/images.novelship.com\/product\/24_kilates_x_asics_gel_lyte_3__24_kilates_express__2_93621.jpeg;https:\/\/images.novelship.com\/product\/24_kilates_x_asics_gel_lyte_3__24_kilates_express__3_93621.jpeg;https:\/\/images.novelship.com\/product\/24_kilates_x_asics_gel_lyte_3__24_kilates_express__4_93621.jpeg;https:\/\/images.novelship.com\/product\/24_kilates_x_asics_gel_lyte_3__24_kilates_express__5_93621.jpeg;https:\/\/images.novelship.com\/product\/24_kilates_x_asics_gel_lyte_3__24_kilates_express__6_93621.jpeg;https:\/\/images.novelship.com\/product\/24_kilates_x_asics_gel_lyte_3__24_kilates_express__7_93621.jpeg","schema":{"@context":"https:\/\/schema.org","@graph":[{"@type":"WebPage","@id":"https:\/\/tourcruiser.com\/de\/products\/24-kilates-x-asics-gel-lyte-3-24-kilates-express\/","url":"https:\/\/tourcruiser.com\/de\/products\/24-kilates-x-asics-gel-lyte-3-24-kilates-express\/","name":"24 Kilates x ASICS Gel Lyte 3 '24 Kilates Express' - Tourcruiser PTE. LTD","isPartOf":{"@id":"https:\/\/tourcruiser.com\/de\/#website"},"primaryImageOfPage":{"@id":"https:\/\/tourcruiser.com\/de\/products\/24-kilates-x-asics-gel-lyte-3-24-kilates-express\/#primaryimage"},"image":{"@id":"https:\/\/tourcruiser.com\/de\/products\/24-kilates-x-asics-gel-lyte-3-24-kilates-express\/#primaryimage"},"thumbnailUrl":"https:\/\/images.novelship.com\/product\/24_kilates_x_asics_gel_lyte_3__24_kilates_express__0_93620.jpeg;https:\/\/images.novelship.com\/product\/24_kilates_x_asics_gel_lyte_3__24_kilates_express__1_93620.jpeg;https:\/\/images.novelship.com\/product\/24_kilates_x_asics_gel_lyte_3__24_kilates_express__2_93621.jpeg;https:\/\/images.novelship.com\/product\/24_kilates_x_asics_gel_lyte_3__24_kilates_express__3_93621.jpeg;https:\/\/images.novelship.com\/product\/24_kilates_x_asics_gel_lyte_3__24_kilates_express__4_93621.jpeg;https:\/\/images.novelship.com\/product\/24_kilates_x_asics_gel_lyte_3__24_kilates_express__5_93621.jpeg;https:\/\/images.novelship.com\/product\/24_kilates_x_asics_gel_lyte_3__24_kilates_express__6_93621.jpeg;https:\/\/images.novelship.com\/product\/24_kilates_x_asics_gel_lyte_3__24_kilates_express__7_93621.jpeg","datePublished":"2026-03-02T08:13:54+00:00","dateModified":"2026-03-27T18:01:29+00:00","breadcrumb":{"@id":"https:\/\/tourcruiser.com\/de\/products\/24-kilates-x-asics-gel-lyte-3-24-kilates-express\/#breadcrumb"},"inLanguage":"de","potentialAction":[{"@type":"ReadAction","target":["https:\/\/tourcruiser.com\/de\/products\/24-kilates-x-asics-gel-lyte-3-24-kilates-express\/"]}]},{"@type":"ImageObject","inLanguage":"de","@id":"https:\/\/tourcruiser.com\/de\/products\/24-kilates-x-asics-gel-lyte-3-24-kilates-express\/#primaryimage","url":"https:\/\/images.novelship.com\/product\/24_kilates_x_asics_gel_lyte_3__24_kilates_express__0_93620.jpeg;https:\/\/images.novelship.com\/product\/24_kilates_x_asics_gel_lyte_3__24_kilates_express__1_93620.jpeg;https:\/\/images.novelship.com\/product\/24_kilates_x_asics_gel_lyte_3__24_kilates_express__2_93621.jpeg;https:\/\/images.novelship.com\/product\/24_kilates_x_asics_gel_lyte_3__24_kilates_express__3_93621.jpeg;https:\/\/images.novelship.com\/product\/24_kilates_x_asics_gel_lyte_3__24_kilates_express__4_93621.jpeg;https:\/\/images.novelship.com\/product\/24_kilates_x_asics_gel_lyte_3__24_kilates_express__5_93621.jpeg;https:\/\/images.novelship.com\/product\/24_kilates_x_asics_gel_lyte_3__24_kilates_express__6_93621.jpeg;https:\/\/images.novelship.com\/product\/24_kilates_x_asics_gel_lyte_3__24_kilates_express__7_93621.jpeg","contentUrl":"https:\/\/images.novelship.com\/product\/24_kilates_x_asics_gel_lyte_3__24_kilates_express__0_93620.jpeg;https:\/\/images.novelship.com\/product\/24_kilates_x_asics_gel_lyte_3__24_kilates_express__1_93620.jpeg;https:\/\/images.novelship.com\/product\/24_kilates_x_asics_gel_lyte_3__24_kilates_express__2_93621.jpeg;https:\/\/images.novelship.com\/product\/24_kilates_x_asics_gel_lyte_3__24_kilates_express__3_93621.jpeg;https:\/\/images.novelship.com\/product\/24_kilates_x_asics_gel_lyte_3__24_kilates_express__4_93621.jpeg;https:\/\/images.novelship.com\/product\/24_kilates_x_asics_gel_lyte_3__24_kilates_express__5_93621.jpeg;https:\/\/images.novelship.com\/product\/24_kilates_x_asics_gel_lyte_3__24_kilates_express__6_93621.jpeg;https:\/\/images.novelship.com\/product\/24_kilates_x_asics_gel_lyte_3__24_kilates_express__7_93621.jpeg"},{"@type":"BreadcrumbList","@id":"https:\/\/tourcruiser.com\/de\/products\/24-kilates-x-asics-gel-lyte-3-24-kilates-express\/#breadcrumb","itemListElement":[{"@type":"ListItem","position":1,"name":"Home","item":"https:\/\/tourcruiser.com\/de\/"},{"@type":"ListItem","position":2,"name":"Shop","item":"https:\/\/tourcruiser.com\/de\/shop\/"},{"@type":"ListItem","position":3,"name":"24 Kilates x ASICS Gel Lyte 3 '24 Kilates Express'"}]},{"@type":"WebSite","@id":"https:\/\/tourcruiser.com\/de\/#website","url":"https:\/\/tourcruiser.com\/de\/","name":"Styloral Jewelry Shop","description":"Tourcruiser Sneaker Store \u2014 der Ort, an dem das Universum deine Einzigartigkeit trifft.","publisher":{"@id":"https:\/\/tourcruiser.com\/de\/#organization"},"potentialAction":[{"@type":"SearchAction","target":{"@type":"EntryPoint","urlTemplate":"https:\/\/tourcruiser.com\/de\/?s={search_term_string}"},"query-input":{"@type":"PropertyValueSpecification","valueRequired":true,"valueName":"search_term_string"}}],"inLanguage":"de"},{"@type":"Organization","@id":"https:\/\/tourcruiser.com\/de\/#organization","name":"STYLORAL PTE. LTD","url":"https:\/\/tourcruiser.com\/de\/","logo":{"@type":"ImageObject","inLanguage":"de","@id":"https:\/\/tourcruiser.com\/de\/#\/schema\/logo\/image\/","url":"https:\/\/www.tourcruiser.com\/wp-content\/uploads\/2025\/12\/logo.png","contentUrl":"https:\/\/www.tourcruiser.com\/wp-content\/uploads\/2025\/12\/logo.png","width":200,"height":65,"caption":"STYLORAL PTE. LTD"},"image":{"@id":"https:\/\/tourcruiser.com\/de\/#\/schema\/logo\/image\/"}}]}},"_links":{"self":[{"href":"https:\/\/tourcruiser.com\/de\/wp-json\/wp\/v2\/product\/53996","targetHints":{"allow":["GET"]}}],"collection":[{"href":"https:\/\/tourcruiser.com\/de\/wp-json\/wp\/v2\/product"}],"about":[{"href":"https:\/\/tourcruiser.com\/de\/wp-json\/wp\/v2\/types\/product"}],"replies":[{"embeddable":true,"href":"https:\/\/tourcruiser.com\/de\/wp-json\/wp\/v2\/comments?post=53996"}],"wp:featuredmedia":[{"embeddable":true,"href":"https:\/\/tourcruiser.com\/de\/wp-json\/wp\/v2\/media\/53997"}],"wp:attachment":[{"href":"https:\/\/tourcruiser.com\/de\/wp-json\/wp\/v2\/media?parent=53996"}],"wp:term":[{"taxonomy":"product_brand","embeddable":true,"href":"https:\/\/tourcruiser.com\/de\/wp-json\/wp\/v2\/product_brand?post=53996"},{"taxonomy":"product_cat","embeddable":true,"href":"https:\/\/tourcruiser.com\/de\/wp-json\/wp\/v2\/product_cat?post=53996"},{"taxonomy":"product_tag","embeddable":true,"href":"https:\/\/tourcruiser.com\/de\/wp-json\/wp\/v2\/product_tag?post=53996"}],"curies":[{"name":"wp","href":"https:\/\/api.w.org\/{rel}","templated":true}]}}