{"id":53976,"date":"2026-03-02T15:13:52","date_gmt":"2026-03-02T08:13:52","guid":{"rendered":"http:\/\/tourcruiser.com\/product\/nike-yannis-immortality-4-ep-basketball-shoes-hyper-pinkpinkcycletotal-orangecitron-tint"},"modified":"2026-03-28T01:01:28","modified_gmt":"2026-03-27T18:01:28","slug":"nike-yannis-immortality-4-ep-basketball-shoes-hyper-pinkpinkcycletotal-orangecitron-tint","status":"publish","type":"product","link":"https:\/\/tourcruiser.com\/de\/products\/nike-yannis-immortality-4-ep-basketball-shoes-hyper-pinkpinkcycletotal-orangecitron-tint\/","title":{"rendered":"Nike Yannis Immortality 4 EP Basketball Shoes Hyper Pink\/PinkCycle\/Total Orange\/Citron Tint"},"content":{"rendered":"<p>Verbessere dein Spiel mit den Nike Yannis Immortality 4 EP Basketballschuhen. Die Schuhe bestechen durch ihre leuchtenden Farben Hyper Pink, PinkCycle und Total Orange mit einem dezenten Zitronengelb-Ton und bieten Style und Performance zugleich. Entwickelt f\u00fcr Agilit\u00e4t und Komfort, garantieren sie optimale Unterst\u00fctzung auf dem Court. Der fortschrittliche Grip und das leichte Design verbessern deine Geschwindigkeit und Pr\u00e4zision und unterst\u00fctzen Athleten aller Leistungsstufen. Erlebe un\u00fcbertroffene Strapazierf\u00e4higkeit und einen stylischen Look \u201d\u201c diese Schuhe sind eine unverzichtbare Erg\u00e4nzung f\u00fcr deine Sportausr\u00fcstung.<\/p>\n<ul>\n<li><strong>Farbgebung:<\/strong> Hyper Pink\/PinkCycle\/Total Orange\/Citron Tint<\/li>\n<li><strong>Style-Code:<\/strong> FQ3681-601<\/li>\n<li><strong>Farbe:<\/strong> Pink<\/li>\n<\/ul>\n","protected":false},"excerpt":{"rendered":"<p>Nike Yannis Immortality 4 EP \u201d\u201d Hyper Pink\/PinkCycle\/Total Orange\/Citron Tint<\/p>\n","protected":false},"featured_media":53977,"comment_status":"open","ping_status":"closed","template":"","meta":[],"product_brand":[],"product_cat":[10803],"product_tag":[10800,10801,14448,10802,10758],"class_list":{"0":"post-53976","1":"product","2":"type-product","3":"status-publish","4":"has-post-thumbnail","6":"product_cat-nike","7":"product_tag-basketball-shoes","8":"product_tag-nike","9":"product_tag-outdoor-basketball-shoes","10":"product_tag-performance-sport-shoes","11":"product_tag-under-retail","12":"wcpa_has_options","14":"first","15":"outofstock","16":"taxable","17":"shipping-taxable","18":"purchasable","19":"product-type-simple"},"wcpa_form_fields":{"rules":{"pric_overide_base_price":false,"pric_overide_base_price_if_gt_zero":false,"pric_overide_base_price_fully":false,"pric_cal_option_once":false,"pric_use_as_fee":false,"bind_quantity":false,"quantity_bind_formula":false},"fields":[{"type":"color-group","required":true,"elementId":"wcpa-color-group-66c4a75505e74","label":"Gr\u00f6\u00dfe - EU Gr\u00f6\u00dfe","inline":true,"priceOptions":"different_for_all","pricingType":"fixed","className":"hassizechart product-shoes-size-eu product-shoes-size","name":"color-group-66c4a75505e89","disp_type":"square","selection_type":"tick-border","disp_size":"44","show_label_inside":true,"adjust_width":true,"cart_display_type":"text","other_text":"Other","cl_rule":"show","col":6,"values":[{"label":"35.5","value":"EU 35.5","price":"","pimage":"","pimage_id":"","pthumb":"","color":""},{"label":"36","value":"EU 36","price":"","pimage":"","pimage_id":"","pthumb":"","color":"","selected":true},{"label":"36.5","value":"EU 36.5","price":"","pimage":"","pimage_id":"","pthumb":"","color":""},{"label":"37.5","value":"EU 37.5","price":"","pimage":"","pimage_id":"","pthumb":"","color":""},{"label":"38","value":"EU 38","price":"","pimage":"","pimage_id":"","pthumb":"","color":""},{"label":"38.5","value":"EU 38.5","price":"","pimage":"","pimage_id":"","pthumb":"","color":""},{"label":"39","value":"EU 39","price":"","pimage":"","pimage_id":"","pthumb":"","color":""},{"label":"40","value":"EU 40","price":"","pimage":"","pimage_id":"","pthumb":"","color":""},{"label":"40.5","value":"EU 40.5","price":"","pimage":"","pimage_id":"","pthumb":"","color":""},{"label":"41","value":"EU 41","price":"","pimage":"","pimage_id":"","pthumb":"","color":""},{"label":"42","value":"EU 42","price":"","pimage":"","pimage_id":"","pthumb":"","color":""},{"label":"42.5","value":"EU 42.5","price":"","pimage":"","pimage_id":"","pthumb":"","color":""},{"label":"43","value":"EU 43","price":"","pimage":"","pimage_id":"","pthumb":"","color":""},{"label":"44","value":"EU 44","price":"","pimage":"","pimage_id":"","pthumb":"","color":""},{"label":"44.5","value":"EU 44.5","price":"","pimage":"","pimage_id":"","pthumb":"","color":""},{"label":"45","value":"EU 45","price":"","pimage":"","pimage_id":"","pthumb":"","color":""},{"label":"45.5","value":"EU 45.5","price":"","pimage":"","pimage_id":"","pthumb":"","color":""},{"label":"46","value":"EU 46","price":"","pimage":"","pimage_id":"","pthumb":"","color":""},{"label":"47","value":"EU 47","price":"","pimage":"","pimage_id":"","pthumb":"","color":""},{"label":"47.5","value":"EU 47.5","price":"","pimage":"","pimage_id":"","pthumb":"","color":""},{"label":"48","value":"EU 48","price":"","pimage":"","pimage_id":"","pthumb":"","color":""}],"relations":[{"operator":false,"rules":[]}],"form_id":18106,"form_rules":{"pric_cal_option_once":false,"exclude_from_discount":false,"pric_use_as_fee":false,"fee_label":"Fee","render_after_acb":false,"disp_hide_options_price":false}}]},"yoast_head":"<!-- This site is optimized with the Yoast SEO plugin v26.5 - https:\/\/yoast.com\/wordpress\/plugins\/seo\/ -->\n<title>Nike Yannis Immortality 4 EP Basketball Shoes Hyper Pink\/PinkCycle\/Total Orange\/Citron Tint  - Tourcruiser PTE. LTD<\/title>\n<meta name=\"robots\" content=\"index, follow, max-snippet:-1, max-image-preview:large, max-video-preview:-1\" \/>\n<link rel=\"canonical\" href=\"https:\/\/tourcruiser.com\/de\/products\/nike-yannis-immortality-4-ep-basketball-shoes-hyper-pinkpinkcycletotal-orangecitron-tint\/\" \/>\n<meta property=\"og:locale\" content=\"de_DE\" \/>\n<meta property=\"og:type\" content=\"article\" \/>\n<meta property=\"og:title\" content=\"Nike Yannis Immortality 4 EP Basketball Shoes Hyper Pink\/PinkCycle\/Total Orange\/Citron Tint  - Tourcruiser PTE. LTD\" \/>\n<meta property=\"og:description\" content=\"Nike Yannis Immortality 4 EP \u201d\u201d Hyper Pink\/PinkCycle\/Total Orange\/Citron Tint\" \/>\n<meta property=\"og:url\" content=\"https:\/\/tourcruiser.com\/de\/products\/nike-yannis-immortality-4-ep-basketball-shoes-hyper-pinkpinkcycletotal-orangecitron-tint\/\" \/>\n<meta property=\"og:site_name\" content=\"Tourcruiser Sneaker Store\" \/>\n<meta property=\"article:modified_time\" content=\"2026-03-27T18:01:28+00:00\" \/>\n<meta name=\"twitter:card\" content=\"summary_large_image\" \/>\n<meta name=\"twitter:image\" content=\"https:\/\/images.novelship.com\/product\/nike_yannis_immortality_4_ep_basketball_shoes_hype_0_70581.png;https:\/\/images.novelship.com\/product\/nike_yannis_immortality_4_ep_basketball_shoes_hype_1_70581.png;https:\/\/images.novelship.com\/product\/nike_yannis_immortality_4_ep_basketball_shoes_hype_2_70581.png;https:\/\/images.novelship.com\/product\/nike_yannis_immortality_4_ep_basketball_shoes_hype_3_70581.png;https:\/\/images.novelship.com\/product\/nike_yannis_immortality_4_ep_basketball_shoes_hype_4_70581.png;https:\/\/images.novelship.com\/product\/nike_yannis_immortality_4_ep_basketball_shoes_hype_5_70581.png;https:\/\/images.novelship.com\/product\/nike_yannis_immortality_4_ep_basketball_shoes_hype_6_70581.png;https:\/\/images.novelship.com\/product\/nike_yannis_immortality_4_ep_basketball_shoes_hype_7_70581.png\" \/>\n<meta name=\"twitter:label1\" content=\"Gesch\u00e4tzte Lesezeit\" \/>\n\t<meta name=\"twitter:data1\" content=\"1\u00a0Minute\" \/>\n<script type=\"application\/ld+json\" class=\"yoast-schema-graph\">{\"@context\":\"https:\/\/schema.org\",\"@graph\":[{\"@type\":\"WebPage\",\"@id\":\"https:\/\/tourcruiser.com\/de\/products\/nike-yannis-immortality-4-ep-basketball-shoes-hyper-pinkpinkcycletotal-orangecitron-tint\/\",\"url\":\"https:\/\/tourcruiser.com\/de\/products\/nike-yannis-immortality-4-ep-basketball-shoes-hyper-pinkpinkcycletotal-orangecitron-tint\/\",\"name\":\"Nike Yannis Immortality 4 EP Basketball Shoes Hyper Pink\/PinkCycle\/Total Orange\/Citron Tint - Tourcruiser PTE. LTD\",\"isPartOf\":{\"@id\":\"https:\/\/tourcruiser.com\/de\/#website\"},\"primaryImageOfPage\":{\"@id\":\"https:\/\/tourcruiser.com\/de\/products\/nike-yannis-immortality-4-ep-basketball-shoes-hyper-pinkpinkcycletotal-orangecitron-tint\/#primaryimage\"},\"image\":{\"@id\":\"https:\/\/tourcruiser.com\/de\/products\/nike-yannis-immortality-4-ep-basketball-shoes-hyper-pinkpinkcycletotal-orangecitron-tint\/#primaryimage\"},\"thumbnailUrl\":\"https:\/\/images.novelship.com\/product\/nike_yannis_immortality_4_ep_basketball_shoes_hype_0_70581.png;https:\/\/images.novelship.com\/product\/nike_yannis_immortality_4_ep_basketball_shoes_hype_1_70581.png;https:\/\/images.novelship.com\/product\/nike_yannis_immortality_4_ep_basketball_shoes_hype_2_70581.png;https:\/\/images.novelship.com\/product\/nike_yannis_immortality_4_ep_basketball_shoes_hype_3_70581.png;https:\/\/images.novelship.com\/product\/nike_yannis_immortality_4_ep_basketball_shoes_hype_4_70581.png;https:\/\/images.novelship.com\/product\/nike_yannis_immortality_4_ep_basketball_shoes_hype_5_70581.png;https:\/\/images.novelship.com\/product\/nike_yannis_immortality_4_ep_basketball_shoes_hype_6_70581.png;https:\/\/images.novelship.com\/product\/nike_yannis_immortality_4_ep_basketball_shoes_hype_7_70581.png\",\"datePublished\":\"2026-03-02T08:13:52+00:00\",\"dateModified\":\"2026-03-27T18:01:28+00:00\",\"breadcrumb\":{\"@id\":\"https:\/\/tourcruiser.com\/de\/products\/nike-yannis-immortality-4-ep-basketball-shoes-hyper-pinkpinkcycletotal-orangecitron-tint\/#breadcrumb\"},\"inLanguage\":\"de\",\"potentialAction\":[{\"@type\":\"ReadAction\",\"target\":[\"https:\/\/tourcruiser.com\/de\/products\/nike-yannis-immortality-4-ep-basketball-shoes-hyper-pinkpinkcycletotal-orangecitron-tint\/\"]}]},{\"@type\":\"ImageObject\",\"inLanguage\":\"de\",\"@id\":\"https:\/\/tourcruiser.com\/de\/products\/nike-yannis-immortality-4-ep-basketball-shoes-hyper-pinkpinkcycletotal-orangecitron-tint\/#primaryimage\",\"url\":\"https:\/\/images.novelship.com\/product\/nike_yannis_immortality_4_ep_basketball_shoes_hype_0_70581.png;https:\/\/images.novelship.com\/product\/nike_yannis_immortality_4_ep_basketball_shoes_hype_1_70581.png;https:\/\/images.novelship.com\/product\/nike_yannis_immortality_4_ep_basketball_shoes_hype_2_70581.png;https:\/\/images.novelship.com\/product\/nike_yannis_immortality_4_ep_basketball_shoes_hype_3_70581.png;https:\/\/images.novelship.com\/product\/nike_yannis_immortality_4_ep_basketball_shoes_hype_4_70581.png;https:\/\/images.novelship.com\/product\/nike_yannis_immortality_4_ep_basketball_shoes_hype_5_70581.png;https:\/\/images.novelship.com\/product\/nike_yannis_immortality_4_ep_basketball_shoes_hype_6_70581.png;https:\/\/images.novelship.com\/product\/nike_yannis_immortality_4_ep_basketball_shoes_hype_7_70581.png\",\"contentUrl\":\"https:\/\/images.novelship.com\/product\/nike_yannis_immortality_4_ep_basketball_shoes_hype_0_70581.png;https:\/\/images.novelship.com\/product\/nike_yannis_immortality_4_ep_basketball_shoes_hype_1_70581.png;https:\/\/images.novelship.com\/product\/nike_yannis_immortality_4_ep_basketball_shoes_hype_2_70581.png;https:\/\/images.novelship.com\/product\/nike_yannis_immortality_4_ep_basketball_shoes_hype_3_70581.png;https:\/\/images.novelship.com\/product\/nike_yannis_immortality_4_ep_basketball_shoes_hype_4_70581.png;https:\/\/images.novelship.com\/product\/nike_yannis_immortality_4_ep_basketball_shoes_hype_5_70581.png;https:\/\/images.novelship.com\/product\/nike_yannis_immortality_4_ep_basketball_shoes_hype_6_70581.png;https:\/\/images.novelship.com\/product\/nike_yannis_immortality_4_ep_basketball_shoes_hype_7_70581.png\"},{\"@type\":\"BreadcrumbList\",\"@id\":\"https:\/\/tourcruiser.com\/de\/products\/nike-yannis-immortality-4-ep-basketball-shoes-hyper-pinkpinkcycletotal-orangecitron-tint\/#breadcrumb\",\"itemListElement\":[{\"@type\":\"ListItem\",\"position\":1,\"name\":\"Home\",\"item\":\"https:\/\/tourcruiser.com\/de\/\"},{\"@type\":\"ListItem\",\"position\":2,\"name\":\"Shop\",\"item\":\"https:\/\/tourcruiser.com\/de\/shop\/\"},{\"@type\":\"ListItem\",\"position\":3,\"name\":\"Nike Yannis Immortality 4 EP Basketball Shoes Hyper Pink\/PinkCycle\/Total Orange\/Citron Tint\"}]},{\"@type\":\"WebSite\",\"@id\":\"https:\/\/tourcruiser.com\/de\/#website\",\"url\":\"https:\/\/tourcruiser.com\/de\/\",\"name\":\"Styloral Jewelry Shop\",\"description\":\"Tourcruiser Sneaker Store \u2014 der Ort, an dem das Universum deine Einzigartigkeit trifft.\",\"publisher\":{\"@id\":\"https:\/\/tourcruiser.com\/de\/#organization\"},\"potentialAction\":[{\"@type\":\"SearchAction\",\"target\":{\"@type\":\"EntryPoint\",\"urlTemplate\":\"https:\/\/tourcruiser.com\/de\/?s={search_term_string}\"},\"query-input\":{\"@type\":\"PropertyValueSpecification\",\"valueRequired\":true,\"valueName\":\"search_term_string\"}}],\"inLanguage\":\"de\"},{\"@type\":\"Organization\",\"@id\":\"https:\/\/tourcruiser.com\/de\/#organization\",\"name\":\"STYLORAL PTE. LTD\",\"url\":\"https:\/\/tourcruiser.com\/de\/\",\"logo\":{\"@type\":\"ImageObject\",\"inLanguage\":\"de\",\"@id\":\"https:\/\/tourcruiser.com\/de\/#\/schema\/logo\/image\/\",\"url\":\"https:\/\/www.tourcruiser.com\/wp-content\/uploads\/2025\/12\/logo.png\",\"contentUrl\":\"https:\/\/www.tourcruiser.com\/wp-content\/uploads\/2025\/12\/logo.png\",\"width\":200,\"height\":65,\"caption\":\"STYLORAL PTE. LTD\"},\"image\":{\"@id\":\"https:\/\/tourcruiser.com\/de\/#\/schema\/logo\/image\/\"}}]}<\/script>\n<!-- \/ Yoast SEO plugin. -->","yoast_head_json":{"title":"Nike Yannis Immortality 4 EP Basketball Shoes Hyper Pink\/PinkCycle\/Total Orange\/Citron Tint  - Tourcruiser PTE. LTD","robots":{"index":"index","follow":"follow","max-snippet":"max-snippet:-1","max-image-preview":"max-image-preview:large","max-video-preview":"max-video-preview:-1"},"canonical":"https:\/\/tourcruiser.com\/de\/products\/nike-yannis-immortality-4-ep-basketball-shoes-hyper-pinkpinkcycletotal-orangecitron-tint\/","og_locale":"de_DE","og_type":"article","og_title":"Nike Yannis Immortality 4 EP Basketball Shoes Hyper Pink\/PinkCycle\/Total Orange\/Citron Tint  - Tourcruiser PTE. LTD","og_description":"Nike Yannis Immortality 4 EP \u201d\u201d Hyper Pink\/PinkCycle\/Total Orange\/Citron Tint","og_url":"https:\/\/tourcruiser.com\/de\/products\/nike-yannis-immortality-4-ep-basketball-shoes-hyper-pinkpinkcycletotal-orangecitron-tint\/","og_site_name":"Tourcruiser Sneaker Store","article_modified_time":"2026-03-27T18:01:28+00:00","twitter_card":"summary_large_image","twitter_image":"https:\/\/images.novelship.com\/product\/nike_yannis_immortality_4_ep_basketball_shoes_hype_0_70581.png;https:\/\/images.novelship.com\/product\/nike_yannis_immortality_4_ep_basketball_shoes_hype_1_70581.png;https:\/\/images.novelship.com\/product\/nike_yannis_immortality_4_ep_basketball_shoes_hype_2_70581.png;https:\/\/images.novelship.com\/product\/nike_yannis_immortality_4_ep_basketball_shoes_hype_3_70581.png;https:\/\/images.novelship.com\/product\/nike_yannis_immortality_4_ep_basketball_shoes_hype_4_70581.png;https:\/\/images.novelship.com\/product\/nike_yannis_immortality_4_ep_basketball_shoes_hype_5_70581.png;https:\/\/images.novelship.com\/product\/nike_yannis_immortality_4_ep_basketball_shoes_hype_6_70581.png;https:\/\/images.novelship.com\/product\/nike_yannis_immortality_4_ep_basketball_shoes_hype_7_70581.png","twitter_misc":{"Gesch\u00e4tzte Lesezeit":"1\u00a0Minute"},"schema":{"@context":"https:\/\/schema.org","@graph":[{"@type":"WebPage","@id":"https:\/\/tourcruiser.com\/de\/products\/nike-yannis-immortality-4-ep-basketball-shoes-hyper-pinkpinkcycletotal-orangecitron-tint\/","url":"https:\/\/tourcruiser.com\/de\/products\/nike-yannis-immortality-4-ep-basketball-shoes-hyper-pinkpinkcycletotal-orangecitron-tint\/","name":"Nike Yannis Immortality 4 EP Basketball Shoes Hyper Pink\/PinkCycle\/Total Orange\/Citron Tint - Tourcruiser PTE. LTD","isPartOf":{"@id":"https:\/\/tourcruiser.com\/de\/#website"},"primaryImageOfPage":{"@id":"https:\/\/tourcruiser.com\/de\/products\/nike-yannis-immortality-4-ep-basketball-shoes-hyper-pinkpinkcycletotal-orangecitron-tint\/#primaryimage"},"image":{"@id":"https:\/\/tourcruiser.com\/de\/products\/nike-yannis-immortality-4-ep-basketball-shoes-hyper-pinkpinkcycletotal-orangecitron-tint\/#primaryimage"},"thumbnailUrl":"https:\/\/images.novelship.com\/product\/nike_yannis_immortality_4_ep_basketball_shoes_hype_0_70581.png;https:\/\/images.novelship.com\/product\/nike_yannis_immortality_4_ep_basketball_shoes_hype_1_70581.png;https:\/\/images.novelship.com\/product\/nike_yannis_immortality_4_ep_basketball_shoes_hype_2_70581.png;https:\/\/images.novelship.com\/product\/nike_yannis_immortality_4_ep_basketball_shoes_hype_3_70581.png;https:\/\/images.novelship.com\/product\/nike_yannis_immortality_4_ep_basketball_shoes_hype_4_70581.png;https:\/\/images.novelship.com\/product\/nike_yannis_immortality_4_ep_basketball_shoes_hype_5_70581.png;https:\/\/images.novelship.com\/product\/nike_yannis_immortality_4_ep_basketball_shoes_hype_6_70581.png;https:\/\/images.novelship.com\/product\/nike_yannis_immortality_4_ep_basketball_shoes_hype_7_70581.png","datePublished":"2026-03-02T08:13:52+00:00","dateModified":"2026-03-27T18:01:28+00:00","breadcrumb":{"@id":"https:\/\/tourcruiser.com\/de\/products\/nike-yannis-immortality-4-ep-basketball-shoes-hyper-pinkpinkcycletotal-orangecitron-tint\/#breadcrumb"},"inLanguage":"de","potentialAction":[{"@type":"ReadAction","target":["https:\/\/tourcruiser.com\/de\/products\/nike-yannis-immortality-4-ep-basketball-shoes-hyper-pinkpinkcycletotal-orangecitron-tint\/"]}]},{"@type":"ImageObject","inLanguage":"de","@id":"https:\/\/tourcruiser.com\/de\/products\/nike-yannis-immortality-4-ep-basketball-shoes-hyper-pinkpinkcycletotal-orangecitron-tint\/#primaryimage","url":"https:\/\/images.novelship.com\/product\/nike_yannis_immortality_4_ep_basketball_shoes_hype_0_70581.png;https:\/\/images.novelship.com\/product\/nike_yannis_immortality_4_ep_basketball_shoes_hype_1_70581.png;https:\/\/images.novelship.com\/product\/nike_yannis_immortality_4_ep_basketball_shoes_hype_2_70581.png;https:\/\/images.novelship.com\/product\/nike_yannis_immortality_4_ep_basketball_shoes_hype_3_70581.png;https:\/\/images.novelship.com\/product\/nike_yannis_immortality_4_ep_basketball_shoes_hype_4_70581.png;https:\/\/images.novelship.com\/product\/nike_yannis_immortality_4_ep_basketball_shoes_hype_5_70581.png;https:\/\/images.novelship.com\/product\/nike_yannis_immortality_4_ep_basketball_shoes_hype_6_70581.png;https:\/\/images.novelship.com\/product\/nike_yannis_immortality_4_ep_basketball_shoes_hype_7_70581.png","contentUrl":"https:\/\/images.novelship.com\/product\/nike_yannis_immortality_4_ep_basketball_shoes_hype_0_70581.png;https:\/\/images.novelship.com\/product\/nike_yannis_immortality_4_ep_basketball_shoes_hype_1_70581.png;https:\/\/images.novelship.com\/product\/nike_yannis_immortality_4_ep_basketball_shoes_hype_2_70581.png;https:\/\/images.novelship.com\/product\/nike_yannis_immortality_4_ep_basketball_shoes_hype_3_70581.png;https:\/\/images.novelship.com\/product\/nike_yannis_immortality_4_ep_basketball_shoes_hype_4_70581.png;https:\/\/images.novelship.com\/product\/nike_yannis_immortality_4_ep_basketball_shoes_hype_5_70581.png;https:\/\/images.novelship.com\/product\/nike_yannis_immortality_4_ep_basketball_shoes_hype_6_70581.png;https:\/\/images.novelship.com\/product\/nike_yannis_immortality_4_ep_basketball_shoes_hype_7_70581.png"},{"@type":"BreadcrumbList","@id":"https:\/\/tourcruiser.com\/de\/products\/nike-yannis-immortality-4-ep-basketball-shoes-hyper-pinkpinkcycletotal-orangecitron-tint\/#breadcrumb","itemListElement":[{"@type":"ListItem","position":1,"name":"Home","item":"https:\/\/tourcruiser.com\/de\/"},{"@type":"ListItem","position":2,"name":"Shop","item":"https:\/\/tourcruiser.com\/de\/shop\/"},{"@type":"ListItem","position":3,"name":"Nike Yannis Immortality 4 EP Basketball Shoes Hyper Pink\/PinkCycle\/Total Orange\/Citron Tint"}]},{"@type":"WebSite","@id":"https:\/\/tourcruiser.com\/de\/#website","url":"https:\/\/tourcruiser.com\/de\/","name":"Styloral Jewelry Shop","description":"Tourcruiser Sneaker Store \u2014 der Ort, an dem das Universum deine Einzigartigkeit trifft.","publisher":{"@id":"https:\/\/tourcruiser.com\/de\/#organization"},"potentialAction":[{"@type":"SearchAction","target":{"@type":"EntryPoint","urlTemplate":"https:\/\/tourcruiser.com\/de\/?s={search_term_string}"},"query-input":{"@type":"PropertyValueSpecification","valueRequired":true,"valueName":"search_term_string"}}],"inLanguage":"de"},{"@type":"Organization","@id":"https:\/\/tourcruiser.com\/de\/#organization","name":"STYLORAL PTE. LTD","url":"https:\/\/tourcruiser.com\/de\/","logo":{"@type":"ImageObject","inLanguage":"de","@id":"https:\/\/tourcruiser.com\/de\/#\/schema\/logo\/image\/","url":"https:\/\/www.tourcruiser.com\/wp-content\/uploads\/2025\/12\/logo.png","contentUrl":"https:\/\/www.tourcruiser.com\/wp-content\/uploads\/2025\/12\/logo.png","width":200,"height":65,"caption":"STYLORAL PTE. LTD"},"image":{"@id":"https:\/\/tourcruiser.com\/de\/#\/schema\/logo\/image\/"}}]}},"_links":{"self":[{"href":"https:\/\/tourcruiser.com\/de\/wp-json\/wp\/v2\/product\/53976","targetHints":{"allow":["GET"]}}],"collection":[{"href":"https:\/\/tourcruiser.com\/de\/wp-json\/wp\/v2\/product"}],"about":[{"href":"https:\/\/tourcruiser.com\/de\/wp-json\/wp\/v2\/types\/product"}],"replies":[{"embeddable":true,"href":"https:\/\/tourcruiser.com\/de\/wp-json\/wp\/v2\/comments?post=53976"}],"wp:featuredmedia":[{"embeddable":true,"href":"https:\/\/tourcruiser.com\/de\/wp-json\/wp\/v2\/media\/53977"}],"wp:attachment":[{"href":"https:\/\/tourcruiser.com\/de\/wp-json\/wp\/v2\/media?parent=53976"}],"wp:term":[{"taxonomy":"product_brand","embeddable":true,"href":"https:\/\/tourcruiser.com\/de\/wp-json\/wp\/v2\/product_brand?post=53976"},{"taxonomy":"product_cat","embeddable":true,"href":"https:\/\/tourcruiser.com\/de\/wp-json\/wp\/v2\/product_cat?post=53976"},{"taxonomy":"product_tag","embeddable":true,"href":"https:\/\/tourcruiser.com\/de\/wp-json\/wp\/v2\/product_tag?post=53976"}],"curies":[{"name":"wp","href":"https:\/\/api.w.org\/{rel}","templated":true}]}}