{"id":53885,"date":"2026-03-02T15:13:45","date_gmt":"2026-03-02T08:13:45","guid":{"rendered":"http:\/\/tourcruiser.com\/product\/hoka-mafate-three2-illusion-cloudless"},"modified":"2026-03-28T01:01:25","modified_gmt":"2026-03-27T18:01:25","slug":"hoka-mafate-three2-illusion-cloudless","status":"publish","type":"product","link":"https:\/\/tourcruiser.com\/de\/products\/hoka-mafate-three2-illusion-cloudless\/","title":{"rendered":"HOKA Mafate Three2 &#8218;Illusion Cloudless&#8216;"},"content":{"rendered":"<p>Erleben Sie ultimative Trail-Performance mit dem HOKA Mafate Three2 \u201eIllusion Cloudless\u201c (1141572-ILD). Dieser Premium-All-Terrain-Laufschuh wurde entwickelt, um anspruchsvolles Gel\u00e4nde mit unvergleichlichem Komfort und Langlebigkeit zu meistern. Sein k\u00fchnes und innovatives Design vereint ein leichtes, atmungsaktives Obermaterial mit HOKAs charakteristischer D\u00e4mpfung f\u00fcr optimale Energier\u00fcckgabe und Sto\u00dfabsorption. Die Vibram\u00c2\u00ae Megagrip-Au\u00dfensohle garantiert au\u00dfergew\u00f6hnliche Traktion auf nassen und trockenen Oberfl\u00e4chen und gibt Ihnen die Sicherheit, jede Herausforderung zu meistern. Die nahtlose Konstruktion minimiert Reibung und sorgt f\u00fcr eine handschuh\u00e4hnliche Passform, w\u00e4hrend die verst\u00e4rkte Zehenkappe zus\u00e4tzlichen Schutz auf unwegsamem Gel\u00e4nde bietet. Ob erfahrener L\u00e4ufer oder Wochenendabenteurer \u201d\u201c der Mafate Three2 bietet Stabilit\u00e4t und Unterst\u00fctzung f\u00fcr effizientes Laufen \u00fcber lange Distanzen. Die Kombination aus modernster Technologie und markanter \u00c4sthetik in der Farbgebung \u201eIllusion Cloudless\u201c weckt Gef\u00fchle von Freiheit und Entdeckergeist und macht den Schuh zur perfekten Wahl f\u00fcr alle, die ihre Grenzen erweitern wollen. F\u00fcr H\u00f6chstleistungen entwickelt, f\u00fcr Entdeckungen geschaffen und inspiriert.<\/p>\n<ul>\n<li><strong>Farbgebung:<\/strong> Illusion\/Cloudless<\/li>\n<li><strong>Style-Code:<\/strong> 1141572-ILD<\/li>\n<li><strong>Obermaterial:<\/strong> Mesh<\/li>\n<li><strong>Zwischensohle:<\/strong> CMEVA<\/li>\n<li><strong>Farbe:<\/strong> Blau<\/li>\n<li><strong>Saison:<\/strong> Sommer<\/li>\n<li><strong>Erscheinungsjahr:<\/strong> 2024<\/li>\n<\/ul>\n","protected":false},"excerpt":{"rendered":"<p>HOKA Mafate Three2 \u201d\u201d Illusion\/Cloudless<\/p>\n","protected":false},"featured_media":53886,"comment_status":"open","ping_status":"closed","template":"","meta":[],"product_brand":[],"product_cat":[11495],"product_tag":[11494,10838,10802,11006,10785,10758],"class_list":{"0":"post-53885","1":"product","2":"type-product","3":"status-publish","4":"has-post-thumbnail","6":"product_cat-hoka","7":"product_tag-hoka","8":"product_tag-max-cushion-cushioned-running-shoes","9":"product_tag-performance-sport-shoes","10":"product_tag-trail-running-shoes","11":"product_tag-trending-deals","12":"product_tag-under-retail","13":"wcpa_has_options","15":"first","16":"outofstock","17":"sale","18":"taxable","19":"shipping-taxable","20":"purchasable","21":"product-type-simple"},"wcpa_form_fields":{"rules":{"pric_overide_base_price":false,"pric_overide_base_price_if_gt_zero":false,"pric_overide_base_price_fully":false,"pric_cal_option_once":false,"pric_use_as_fee":false,"bind_quantity":false,"quantity_bind_formula":false},"fields":[{"type":"color-group","required":true,"elementId":"wcpa-color-group-69a5afd8a7cca","label":"Gr\u00f6\u00dfe","inline":true,"priceOptions":"different_for_all","pricingType":"fixed","className":"hassizechart product-shoes-size-eu product-shoes-size","name":"color-group-69a5afd8a7cd3","disp_type":"square","selection_type":"tick-border","disp_size":"50","show_label_inside":true,"adjust_width":true,"cart_display_type":"text","other_text":"Other","cl_rule":"show","col":6,"values":[{"label":"35 1\/3","value":"EU 35 1\/3","price":"","pimage":"","pimage_id":"","pthumb":"","color":""},{"label":"36","value":"EU 36","price":"","pimage":"","pimage_id":"","pthumb":"","color":""},{"label":"36 2\/3","value":"EU 36 2\/3","price":"","pimage":"","pimage_id":"","pthumb":"","color":""},{"label":"37 1\/3","value":"EU 37 1\/3","price":"","pimage":"","pimage_id":"","pthumb":"","color":"","selected":true},{"label":"38","value":"EU 38","price":"","pimage":"","pimage_id":"","pthumb":"","color":""},{"label":"38 2\/3","value":"EU 38 2\/3","price":"","pimage":"","pimage_id":"","pthumb":"","color":""},{"label":"39 1\/3","value":"EU 39 1\/3","price":"","pimage":"","pimage_id":"","pthumb":"","color":""},{"label":"39.5","value":"EU 39.5","price":"","pimage":"","pimage_id":"","pthumb":"","color":""},{"label":"40","value":"EU 40","price":"","pimage":"","pimage_id":"","pthumb":"","color":""},{"label":"40 2\/3","value":"EU 40  2\/3","price":"","pimage":"","pimage_id":"","pthumb":"","color":""},{"label":" 41 1\/3","value":"EU 41.5","price":"","pimage":"","pimage_id":"","pthumb":"","color":""},{"label":"42","value":"EU 42","price":"","pimage":"","pimage_id":"","pthumb":"","color":""},{"label":"42 2\/3","value":"EU 42 2\/3","price":"","pimage":"","pimage_id":"","pthumb":"","color":""},{"label":"43 1\/3","value":"EU 43 1\/3","price":"","pimage":"","pimage_id":"","pthumb":"","color":""},{"label":"44","value":"EU 44","price":"","pimage":"","pimage_id":"","pthumb":"","color":""},{"label":"44 2\/3","value":"EU 44 2\/3","price":"","pimage":"","pimage_id":"","pthumb":"","color":""},{"label":"45 1\/3","value":"EU 45 1\/3","price":"","pimage":"","pimage_id":"","pthumb":"","color":""}],"relations":[{"operator":false,"rules":[]}],"form_id":184317,"form_rules":{"pric_cal_option_once":false,"exclude_from_discount":false,"pric_use_as_fee":false,"fee_label":"Fee","render_after_acb":false,"disp_hide_options_price":false}}]},"yoast_head":"<!-- This site is optimized with the Yoast SEO plugin v26.5 - https:\/\/yoast.com\/wordpress\/plugins\/seo\/ -->\n<title>HOKA Mafate Three2 &#039;Illusion Cloudless&#039;  - Tourcruiser PTE. LTD<\/title>\n<meta name=\"robots\" content=\"index, follow, max-snippet:-1, max-image-preview:large, max-video-preview:-1\" \/>\n<link rel=\"canonical\" href=\"https:\/\/tourcruiser.com\/de\/products\/hoka-mafate-three2-illusion-cloudless\/\" \/>\n<meta property=\"og:locale\" content=\"de_DE\" \/>\n<meta property=\"og:type\" content=\"article\" \/>\n<meta property=\"og:title\" content=\"HOKA Mafate Three2 &#039;Illusion Cloudless&#039;  - Tourcruiser PTE. LTD\" \/>\n<meta property=\"og:description\" content=\"HOKA Mafate Three2 \u201d\u201d Illusion\/Cloudless\" \/>\n<meta property=\"og:url\" content=\"https:\/\/tourcruiser.com\/de\/products\/hoka-mafate-three2-illusion-cloudless\/\" \/>\n<meta property=\"og:site_name\" content=\"Tourcruiser Sneaker Store\" \/>\n<meta property=\"article:modified_time\" content=\"2026-03-27T18:01:25+00:00\" \/>\n<meta name=\"twitter:card\" content=\"summary_large_image\" \/>\n<meta name=\"twitter:image\" content=\"https:\/\/images.novelship.com\/product\/hoka_mafate_three2__illusion_cloudless__1141572-il_0_71760.jpeg;https:\/\/images.novelship.com\/product\/hoka_mafate_three2__illusion_cloudless__1141572-il_1_71760.jpeg;https:\/\/images.novelship.com\/product\/hoka_mafate_three2__illusion_cloudless__1141572-il_2_71760.jpeg;https:\/\/images.novelship.com\/product\/hoka_mafate_three2__illusion_cloudless__1141572-il_3_71760.jpeg\" \/>\n<meta name=\"twitter:label1\" content=\"Gesch\u00e4tzte Lesezeit\" \/>\n\t<meta name=\"twitter:data1\" content=\"1\u00a0Minute\" \/>\n<script type=\"application\/ld+json\" class=\"yoast-schema-graph\">{\"@context\":\"https:\/\/schema.org\",\"@graph\":[{\"@type\":\"WebPage\",\"@id\":\"https:\/\/tourcruiser.com\/de\/products\/hoka-mafate-three2-illusion-cloudless\/\",\"url\":\"https:\/\/tourcruiser.com\/de\/products\/hoka-mafate-three2-illusion-cloudless\/\",\"name\":\"HOKA Mafate Three2 'Illusion Cloudless' - Tourcruiser PTE. LTD\",\"isPartOf\":{\"@id\":\"https:\/\/tourcruiser.com\/de\/#website\"},\"primaryImageOfPage\":{\"@id\":\"https:\/\/tourcruiser.com\/de\/products\/hoka-mafate-three2-illusion-cloudless\/#primaryimage\"},\"image\":{\"@id\":\"https:\/\/tourcruiser.com\/de\/products\/hoka-mafate-three2-illusion-cloudless\/#primaryimage\"},\"thumbnailUrl\":\"https:\/\/images.novelship.com\/product\/hoka_mafate_three2__illusion_cloudless__1141572-il_0_71760.jpeg;https:\/\/images.novelship.com\/product\/hoka_mafate_three2__illusion_cloudless__1141572-il_1_71760.jpeg;https:\/\/images.novelship.com\/product\/hoka_mafate_three2__illusion_cloudless__1141572-il_2_71760.jpeg;https:\/\/images.novelship.com\/product\/hoka_mafate_three2__illusion_cloudless__1141572-il_3_71760.jpeg\",\"datePublished\":\"2026-03-02T08:13:45+00:00\",\"dateModified\":\"2026-03-27T18:01:25+00:00\",\"breadcrumb\":{\"@id\":\"https:\/\/tourcruiser.com\/de\/products\/hoka-mafate-three2-illusion-cloudless\/#breadcrumb\"},\"inLanguage\":\"de\",\"potentialAction\":[{\"@type\":\"ReadAction\",\"target\":[\"https:\/\/tourcruiser.com\/de\/products\/hoka-mafate-three2-illusion-cloudless\/\"]}]},{\"@type\":\"ImageObject\",\"inLanguage\":\"de\",\"@id\":\"https:\/\/tourcruiser.com\/de\/products\/hoka-mafate-three2-illusion-cloudless\/#primaryimage\",\"url\":\"https:\/\/images.novelship.com\/product\/hoka_mafate_three2__illusion_cloudless__1141572-il_0_71760.jpeg;https:\/\/images.novelship.com\/product\/hoka_mafate_three2__illusion_cloudless__1141572-il_1_71760.jpeg;https:\/\/images.novelship.com\/product\/hoka_mafate_three2__illusion_cloudless__1141572-il_2_71760.jpeg;https:\/\/images.novelship.com\/product\/hoka_mafate_three2__illusion_cloudless__1141572-il_3_71760.jpeg\",\"contentUrl\":\"https:\/\/images.novelship.com\/product\/hoka_mafate_three2__illusion_cloudless__1141572-il_0_71760.jpeg;https:\/\/images.novelship.com\/product\/hoka_mafate_three2__illusion_cloudless__1141572-il_1_71760.jpeg;https:\/\/images.novelship.com\/product\/hoka_mafate_three2__illusion_cloudless__1141572-il_2_71760.jpeg;https:\/\/images.novelship.com\/product\/hoka_mafate_three2__illusion_cloudless__1141572-il_3_71760.jpeg\"},{\"@type\":\"BreadcrumbList\",\"@id\":\"https:\/\/tourcruiser.com\/de\/products\/hoka-mafate-three2-illusion-cloudless\/#breadcrumb\",\"itemListElement\":[{\"@type\":\"ListItem\",\"position\":1,\"name\":\"Home\",\"item\":\"https:\/\/tourcruiser.com\/de\/\"},{\"@type\":\"ListItem\",\"position\":2,\"name\":\"Shop\",\"item\":\"https:\/\/tourcruiser.com\/de\/shop\/\"},{\"@type\":\"ListItem\",\"position\":3,\"name\":\"HOKA Mafate Three2 'Illusion Cloudless'\"}]},{\"@type\":\"WebSite\",\"@id\":\"https:\/\/tourcruiser.com\/de\/#website\",\"url\":\"https:\/\/tourcruiser.com\/de\/\",\"name\":\"Styloral Jewelry Shop\",\"description\":\"Tourcruiser Sneaker Store \u2014 der Ort, an dem das Universum deine Einzigartigkeit trifft.\",\"publisher\":{\"@id\":\"https:\/\/tourcruiser.com\/de\/#organization\"},\"potentialAction\":[{\"@type\":\"SearchAction\",\"target\":{\"@type\":\"EntryPoint\",\"urlTemplate\":\"https:\/\/tourcruiser.com\/de\/?s={search_term_string}\"},\"query-input\":{\"@type\":\"PropertyValueSpecification\",\"valueRequired\":true,\"valueName\":\"search_term_string\"}}],\"inLanguage\":\"de\"},{\"@type\":\"Organization\",\"@id\":\"https:\/\/tourcruiser.com\/de\/#organization\",\"name\":\"STYLORAL PTE. LTD\",\"url\":\"https:\/\/tourcruiser.com\/de\/\",\"logo\":{\"@type\":\"ImageObject\",\"inLanguage\":\"de\",\"@id\":\"https:\/\/tourcruiser.com\/de\/#\/schema\/logo\/image\/\",\"url\":\"https:\/\/www.tourcruiser.com\/wp-content\/uploads\/2025\/12\/logo.png\",\"contentUrl\":\"https:\/\/www.tourcruiser.com\/wp-content\/uploads\/2025\/12\/logo.png\",\"width\":200,\"height\":65,\"caption\":\"STYLORAL PTE. LTD\"},\"image\":{\"@id\":\"https:\/\/tourcruiser.com\/de\/#\/schema\/logo\/image\/\"}}]}<\/script>\n<!-- \/ Yoast SEO plugin. -->","yoast_head_json":{"title":"HOKA Mafate Three2 'Illusion Cloudless'  - Tourcruiser PTE. LTD","robots":{"index":"index","follow":"follow","max-snippet":"max-snippet:-1","max-image-preview":"max-image-preview:large","max-video-preview":"max-video-preview:-1"},"canonical":"https:\/\/tourcruiser.com\/de\/products\/hoka-mafate-three2-illusion-cloudless\/","og_locale":"de_DE","og_type":"article","og_title":"HOKA Mafate Three2 'Illusion Cloudless'  - Tourcruiser PTE. LTD","og_description":"HOKA Mafate Three2 \u201d\u201d Illusion\/Cloudless","og_url":"https:\/\/tourcruiser.com\/de\/products\/hoka-mafate-three2-illusion-cloudless\/","og_site_name":"Tourcruiser Sneaker Store","article_modified_time":"2026-03-27T18:01:25+00:00","twitter_card":"summary_large_image","twitter_image":"https:\/\/images.novelship.com\/product\/hoka_mafate_three2__illusion_cloudless__1141572-il_0_71760.jpeg;https:\/\/images.novelship.com\/product\/hoka_mafate_three2__illusion_cloudless__1141572-il_1_71760.jpeg;https:\/\/images.novelship.com\/product\/hoka_mafate_three2__illusion_cloudless__1141572-il_2_71760.jpeg;https:\/\/images.novelship.com\/product\/hoka_mafate_three2__illusion_cloudless__1141572-il_3_71760.jpeg","twitter_misc":{"Gesch\u00e4tzte Lesezeit":"1\u00a0Minute"},"schema":{"@context":"https:\/\/schema.org","@graph":[{"@type":"WebPage","@id":"https:\/\/tourcruiser.com\/de\/products\/hoka-mafate-three2-illusion-cloudless\/","url":"https:\/\/tourcruiser.com\/de\/products\/hoka-mafate-three2-illusion-cloudless\/","name":"HOKA Mafate Three2 'Illusion Cloudless' - Tourcruiser PTE. LTD","isPartOf":{"@id":"https:\/\/tourcruiser.com\/de\/#website"},"primaryImageOfPage":{"@id":"https:\/\/tourcruiser.com\/de\/products\/hoka-mafate-three2-illusion-cloudless\/#primaryimage"},"image":{"@id":"https:\/\/tourcruiser.com\/de\/products\/hoka-mafate-three2-illusion-cloudless\/#primaryimage"},"thumbnailUrl":"https:\/\/images.novelship.com\/product\/hoka_mafate_three2__illusion_cloudless__1141572-il_0_71760.jpeg;https:\/\/images.novelship.com\/product\/hoka_mafate_three2__illusion_cloudless__1141572-il_1_71760.jpeg;https:\/\/images.novelship.com\/product\/hoka_mafate_three2__illusion_cloudless__1141572-il_2_71760.jpeg;https:\/\/images.novelship.com\/product\/hoka_mafate_three2__illusion_cloudless__1141572-il_3_71760.jpeg","datePublished":"2026-03-02T08:13:45+00:00","dateModified":"2026-03-27T18:01:25+00:00","breadcrumb":{"@id":"https:\/\/tourcruiser.com\/de\/products\/hoka-mafate-three2-illusion-cloudless\/#breadcrumb"},"inLanguage":"de","potentialAction":[{"@type":"ReadAction","target":["https:\/\/tourcruiser.com\/de\/products\/hoka-mafate-three2-illusion-cloudless\/"]}]},{"@type":"ImageObject","inLanguage":"de","@id":"https:\/\/tourcruiser.com\/de\/products\/hoka-mafate-three2-illusion-cloudless\/#primaryimage","url":"https:\/\/images.novelship.com\/product\/hoka_mafate_three2__illusion_cloudless__1141572-il_0_71760.jpeg;https:\/\/images.novelship.com\/product\/hoka_mafate_three2__illusion_cloudless__1141572-il_1_71760.jpeg;https:\/\/images.novelship.com\/product\/hoka_mafate_three2__illusion_cloudless__1141572-il_2_71760.jpeg;https:\/\/images.novelship.com\/product\/hoka_mafate_three2__illusion_cloudless__1141572-il_3_71760.jpeg","contentUrl":"https:\/\/images.novelship.com\/product\/hoka_mafate_three2__illusion_cloudless__1141572-il_0_71760.jpeg;https:\/\/images.novelship.com\/product\/hoka_mafate_three2__illusion_cloudless__1141572-il_1_71760.jpeg;https:\/\/images.novelship.com\/product\/hoka_mafate_three2__illusion_cloudless__1141572-il_2_71760.jpeg;https:\/\/images.novelship.com\/product\/hoka_mafate_three2__illusion_cloudless__1141572-il_3_71760.jpeg"},{"@type":"BreadcrumbList","@id":"https:\/\/tourcruiser.com\/de\/products\/hoka-mafate-three2-illusion-cloudless\/#breadcrumb","itemListElement":[{"@type":"ListItem","position":1,"name":"Home","item":"https:\/\/tourcruiser.com\/de\/"},{"@type":"ListItem","position":2,"name":"Shop","item":"https:\/\/tourcruiser.com\/de\/shop\/"},{"@type":"ListItem","position":3,"name":"HOKA Mafate Three2 'Illusion Cloudless'"}]},{"@type":"WebSite","@id":"https:\/\/tourcruiser.com\/de\/#website","url":"https:\/\/tourcruiser.com\/de\/","name":"Styloral Jewelry Shop","description":"Tourcruiser Sneaker Store \u2014 der Ort, an dem das Universum deine Einzigartigkeit trifft.","publisher":{"@id":"https:\/\/tourcruiser.com\/de\/#organization"},"potentialAction":[{"@type":"SearchAction","target":{"@type":"EntryPoint","urlTemplate":"https:\/\/tourcruiser.com\/de\/?s={search_term_string}"},"query-input":{"@type":"PropertyValueSpecification","valueRequired":true,"valueName":"search_term_string"}}],"inLanguage":"de"},{"@type":"Organization","@id":"https:\/\/tourcruiser.com\/de\/#organization","name":"STYLORAL PTE. LTD","url":"https:\/\/tourcruiser.com\/de\/","logo":{"@type":"ImageObject","inLanguage":"de","@id":"https:\/\/tourcruiser.com\/de\/#\/schema\/logo\/image\/","url":"https:\/\/www.tourcruiser.com\/wp-content\/uploads\/2025\/12\/logo.png","contentUrl":"https:\/\/www.tourcruiser.com\/wp-content\/uploads\/2025\/12\/logo.png","width":200,"height":65,"caption":"STYLORAL PTE. LTD"},"image":{"@id":"https:\/\/tourcruiser.com\/de\/#\/schema\/logo\/image\/"}}]}},"_links":{"self":[{"href":"https:\/\/tourcruiser.com\/de\/wp-json\/wp\/v2\/product\/53885","targetHints":{"allow":["GET"]}}],"collection":[{"href":"https:\/\/tourcruiser.com\/de\/wp-json\/wp\/v2\/product"}],"about":[{"href":"https:\/\/tourcruiser.com\/de\/wp-json\/wp\/v2\/types\/product"}],"replies":[{"embeddable":true,"href":"https:\/\/tourcruiser.com\/de\/wp-json\/wp\/v2\/comments?post=53885"}],"wp:featuredmedia":[{"embeddable":true,"href":"https:\/\/tourcruiser.com\/de\/wp-json\/wp\/v2\/media\/53886"}],"wp:attachment":[{"href":"https:\/\/tourcruiser.com\/de\/wp-json\/wp\/v2\/media?parent=53885"}],"wp:term":[{"taxonomy":"product_brand","embeddable":true,"href":"https:\/\/tourcruiser.com\/de\/wp-json\/wp\/v2\/product_brand?post=53885"},{"taxonomy":"product_cat","embeddable":true,"href":"https:\/\/tourcruiser.com\/de\/wp-json\/wp\/v2\/product_cat?post=53885"},{"taxonomy":"product_tag","embeddable":true,"href":"https:\/\/tourcruiser.com\/de\/wp-json\/wp\/v2\/product_tag?post=53885"}],"curies":[{"name":"wp","href":"https:\/\/api.w.org\/{rel}","templated":true}]}}