{"id":53567,"date":"2026-03-02T15:13:16","date_gmt":"2026-03-02T08:13:16","guid":{"rendered":"http:\/\/tourcruiser.com\/product\/joe-freshgoods-x-new-balance-993-made-in-usa-performance-artsage"},"modified":"2026-03-02T15:13:16","modified_gmt":"2026-03-02T08:13:16","slug":"joe-freshgoods-x-new-balance-993-made-in-usa-performance-artsage","status":"publish","type":"product","link":"https:\/\/tourcruiser.com\/de\/products\/joe-freshgoods-x-new-balance-993-made-in-usa-performance-artsage\/","title":{"rendered":"Joe Freshgoods x New Balance 993 Made in USA &#8218;Performance Art &#8211; Sage&#8216;"},"content":{"rendered":"<p>Der Joe Freshgoods x New Balance 993 Made in USA Performance Art Sneaker in Salbeigr\u00fcn ist eine Kollaboration zwischen New Balance und dem Streetwear-Designer Joe Freshgoods. Diese Sneaker sind nicht nur stylisch, sondern werden auch in den USA aus hochwertigen Materialien f\u00fcr maximale Performance gefertigt. Perfekt f\u00fcr alle, die Wert auf Mode und Funktionalit\u00e4t legen.<\/p>\n<p>Farbe: Margarita\/Vintage Rose<br \/>\nStyle-Code: MR993JG1<br \/>\nObermaterial: Wildleder<br \/>\nZwischensohle: ABZORB<br \/>\nFarbe: Gr\u00fcn<br \/>\nDesigner: Tinker Hatfield<br \/>\nSaison: Herbst<br \/>\nErscheinungsjahr: 2022<\/p>\n","protected":false},"excerpt":{"rendered":"<p>New Balance 993 \u201d\u201d Margarita\/Vintage Rose<\/p>\n","protected":false},"featured_media":53568,"comment_status":"open","ping_status":"closed","template":"","meta":[],"product_brand":[],"product_cat":[10771],"product_tag":[10750,10753,10754,10765,10766,10767,10768],"class_list":{"0":"post-53567","1":"product","2":"type-product","3":"status-publish","4":"has-post-thumbnail","6":"product_cat-new-balance","7":"product_tag-athleisure-shoes","8":"product_tag-gift-for-him","9":"product_tag-lifestyle-casual-shoes","10":"product_tag-lifestyle-shoes-running-inspired","11":"product_tag-new-balance","12":"product_tag-new-balance-running-shoes","13":"product_tag-retro-running-shoes","14":"wcpa_has_options","16":"first","17":"instock","18":"taxable","19":"shipping-taxable","20":"purchasable","21":"product-type-simple"},"wcpa_form_fields":{"rules":{"pric_overide_base_price":false,"pric_overide_base_price_if_gt_zero":false,"pric_overide_base_price_fully":false,"pric_cal_option_once":false,"pric_use_as_fee":false,"bind_quantity":false,"quantity_bind_formula":false},"fields":[{"type":"color-group","required":true,"elementId":"wcpa-color-group-66c4a928225d2","label":"Gr\u00f6\u00dfe","inline":true,"priceOptions":"different_for_all","pricingType":"fixed","className":"hassizechart product-shoes-size-eu product-shoes-size","name":"color-group-66c4a928225e2","disp_type":"square","selection_type":"tick-border","disp_size":"50","show_label_inside":true,"adjust_width":true,"cart_display_type":"text","other_text":"Other","cl_rule":"show","col":6,"values":[{"label":"35","value":"EU 35","price":"","pimage":"","pimage_id":"","pthumb":"","color":""},{"label":"36","value":"EU 36","price":"","pimage":"","pimage_id":"","pthumb":"","color":"","selected":true},{"label":"37","value":"EU 37","price":"","pimage":"","pimage_id":"","pthumb":"","color":""},{"label":"37.5","value":"EU 37.5","price":"","pimage":"","pimage_id":"","pthumb":"","color":""},{"label":"38","value":"EU 38","price":"","pimage":"","pimage_id":"","pthumb":"","color":""},{"label":"38.5","value":"EU 38.5","price":"","pimage":"","pimage_id":"","pthumb":"","color":""},{"label":"39","value":"EU 39","price":"","pimage":"","pimage_id":"","pthumb":"","color":""},{"label":"39.5","value":"EU 39.5","price":"","pimage":"","pimage_id":"","pthumb":"","color":""},{"label":"40","value":"EU 40","price":"","pimage":"","pimage_id":"","pthumb":"","color":""},{"label":"40.5","value":"EU 40.5","price":"","pimage":"","pimage_id":"","pthumb":"","color":""},{"label":" 41.5","value":"EU 41.5","price":"","pimage":"","pimage_id":"","pthumb":"","color":""},{"label":"42","value":"EU 42","price":"","pimage":"","pimage_id":"","pthumb":"","color":""},{"label":"42.5","value":"EU 42.5","price":"","pimage":"","pimage_id":"","pthumb":"","color":""},{"label":"43","value":"EU 43","price":"","pimage":"","pimage_id":"","pthumb":"","color":""},{"label":"44","value":"EU 44","price":"","pimage":"","pimage_id":"","pthumb":"","color":""},{"label":"44.5","value":"EU 44.5","price":"","pimage":"","pimage_id":"","pthumb":"","color":""},{"label":"45","value":"EU 45","price":"","pimage":"","pimage_id":"","pthumb":"","color":""},{"label":"45.5","value":"EU 45.5","price":"","pimage":"","pimage_id":"","pthumb":"","color":""},{"label":"46","value":"EU 46","price":"","pimage":"","pimage_id":"","pthumb":"","color":""}],"relations":[{"operator":false,"rules":[]}],"form_id":24803,"form_rules":{"pric_cal_option_once":false,"exclude_from_discount":false,"pric_use_as_fee":false,"fee_label":"Fee","render_after_acb":false,"disp_hide_options_price":false}}]},"yoast_head":"<!-- This site is optimized with the Yoast SEO plugin v26.5 - https:\/\/yoast.com\/wordpress\/plugins\/seo\/ -->\n<title>Joe Freshgoods x New Balance 993 Made in USA &#039;Performance Art - Sage&#039;  - Tourcruiser PTE. LTD<\/title>\n<meta name=\"robots\" content=\"index, follow, max-snippet:-1, max-image-preview:large, max-video-preview:-1\" \/>\n<link rel=\"canonical\" href=\"https:\/\/tourcruiser.com\/de\/products\/joe-freshgoods-x-new-balance-993-made-in-usa-performance-artsage\/\" \/>\n<meta property=\"og:locale\" content=\"de_DE\" \/>\n<meta property=\"og:type\" content=\"article\" \/>\n<meta property=\"og:title\" content=\"Joe Freshgoods x New Balance 993 Made in USA &#039;Performance Art - Sage&#039;  - Tourcruiser PTE. LTD\" \/>\n<meta property=\"og:description\" content=\"New Balance 993 \u201d\u201d Margarita\/Vintage Rose\" \/>\n<meta property=\"og:url\" content=\"https:\/\/tourcruiser.com\/de\/products\/joe-freshgoods-x-new-balance-993-made-in-usa-performance-artsage\/\" \/>\n<meta property=\"og:site_name\" content=\"Tourcruiser Sneaker Store\" \/>\n<meta name=\"twitter:card\" content=\"summary_large_image\" \/>\n<meta name=\"twitter:image\" content=\"https:\/\/images.novelship.com\/product\/joe_freshgoods_x_new_balance_993_made_in_usa__perf_0_21622.jpeg\" \/>\n<script type=\"application\/ld+json\" class=\"yoast-schema-graph\">{\"@context\":\"https:\/\/schema.org\",\"@graph\":[{\"@type\":\"WebPage\",\"@id\":\"https:\/\/tourcruiser.com\/de\/products\/joe-freshgoods-x-new-balance-993-made-in-usa-performance-artsage\/\",\"url\":\"https:\/\/tourcruiser.com\/de\/products\/joe-freshgoods-x-new-balance-993-made-in-usa-performance-artsage\/\",\"name\":\"Joe Freshgoods x New Balance 993 Made in USA 'Performance Art - Sage' - Tourcruiser PTE. LTD\",\"isPartOf\":{\"@id\":\"https:\/\/tourcruiser.com\/de\/#website\"},\"primaryImageOfPage\":{\"@id\":\"https:\/\/tourcruiser.com\/de\/products\/joe-freshgoods-x-new-balance-993-made-in-usa-performance-artsage\/#primaryimage\"},\"image\":{\"@id\":\"https:\/\/tourcruiser.com\/de\/products\/joe-freshgoods-x-new-balance-993-made-in-usa-performance-artsage\/#primaryimage\"},\"thumbnailUrl\":\"https:\/\/images.novelship.com\/product\/joe_freshgoods_x_new_balance_993_made_in_usa__perf_0_21622.jpeg\",\"datePublished\":\"2026-03-02T08:13:16+00:00\",\"breadcrumb\":{\"@id\":\"https:\/\/tourcruiser.com\/de\/products\/joe-freshgoods-x-new-balance-993-made-in-usa-performance-artsage\/#breadcrumb\"},\"inLanguage\":\"de\",\"potentialAction\":[{\"@type\":\"ReadAction\",\"target\":[\"https:\/\/tourcruiser.com\/de\/products\/joe-freshgoods-x-new-balance-993-made-in-usa-performance-artsage\/\"]}]},{\"@type\":\"ImageObject\",\"inLanguage\":\"de\",\"@id\":\"https:\/\/tourcruiser.com\/de\/products\/joe-freshgoods-x-new-balance-993-made-in-usa-performance-artsage\/#primaryimage\",\"url\":\"https:\/\/images.novelship.com\/product\/joe_freshgoods_x_new_balance_993_made_in_usa__perf_0_21622.jpeg\",\"contentUrl\":\"https:\/\/images.novelship.com\/product\/joe_freshgoods_x_new_balance_993_made_in_usa__perf_0_21622.jpeg\"},{\"@type\":\"BreadcrumbList\",\"@id\":\"https:\/\/tourcruiser.com\/de\/products\/joe-freshgoods-x-new-balance-993-made-in-usa-performance-artsage\/#breadcrumb\",\"itemListElement\":[{\"@type\":\"ListItem\",\"position\":1,\"name\":\"Home\",\"item\":\"https:\/\/tourcruiser.com\/de\/\"},{\"@type\":\"ListItem\",\"position\":2,\"name\":\"Shop\",\"item\":\"https:\/\/tourcruiser.com\/de\/shop\/\"},{\"@type\":\"ListItem\",\"position\":3,\"name\":\"Joe Freshgoods x New Balance 993 Made in USA 'Performance Art - Sage'\"}]},{\"@type\":\"WebSite\",\"@id\":\"https:\/\/tourcruiser.com\/de\/#website\",\"url\":\"https:\/\/tourcruiser.com\/de\/\",\"name\":\"Styloral Jewelry Shop\",\"description\":\"Tourcruiser Sneaker Store \u2014 der Ort, an dem das Universum deine Einzigartigkeit trifft.\",\"publisher\":{\"@id\":\"https:\/\/tourcruiser.com\/de\/#organization\"},\"potentialAction\":[{\"@type\":\"SearchAction\",\"target\":{\"@type\":\"EntryPoint\",\"urlTemplate\":\"https:\/\/tourcruiser.com\/de\/?s={search_term_string}\"},\"query-input\":{\"@type\":\"PropertyValueSpecification\",\"valueRequired\":true,\"valueName\":\"search_term_string\"}}],\"inLanguage\":\"de\"},{\"@type\":\"Organization\",\"@id\":\"https:\/\/tourcruiser.com\/de\/#organization\",\"name\":\"STYLORAL PTE. LTD\",\"url\":\"https:\/\/tourcruiser.com\/de\/\",\"logo\":{\"@type\":\"ImageObject\",\"inLanguage\":\"de\",\"@id\":\"https:\/\/tourcruiser.com\/de\/#\/schema\/logo\/image\/\",\"url\":\"https:\/\/www.tourcruiser.com\/wp-content\/uploads\/2025\/12\/logo.png\",\"contentUrl\":\"https:\/\/www.tourcruiser.com\/wp-content\/uploads\/2025\/12\/logo.png\",\"width\":200,\"height\":65,\"caption\":\"STYLORAL PTE. LTD\"},\"image\":{\"@id\":\"https:\/\/tourcruiser.com\/de\/#\/schema\/logo\/image\/\"}}]}<\/script>\n<!-- \/ Yoast SEO plugin. -->","yoast_head_json":{"title":"Joe Freshgoods x New Balance 993 Made in USA 'Performance Art - Sage'  - Tourcruiser PTE. LTD","robots":{"index":"index","follow":"follow","max-snippet":"max-snippet:-1","max-image-preview":"max-image-preview:large","max-video-preview":"max-video-preview:-1"},"canonical":"https:\/\/tourcruiser.com\/de\/products\/joe-freshgoods-x-new-balance-993-made-in-usa-performance-artsage\/","og_locale":"de_DE","og_type":"article","og_title":"Joe Freshgoods x New Balance 993 Made in USA 'Performance Art - Sage'  - Tourcruiser PTE. LTD","og_description":"New Balance 993 \u201d\u201d Margarita\/Vintage Rose","og_url":"https:\/\/tourcruiser.com\/de\/products\/joe-freshgoods-x-new-balance-993-made-in-usa-performance-artsage\/","og_site_name":"Tourcruiser Sneaker Store","twitter_card":"summary_large_image","twitter_image":"https:\/\/images.novelship.com\/product\/joe_freshgoods_x_new_balance_993_made_in_usa__perf_0_21622.jpeg","schema":{"@context":"https:\/\/schema.org","@graph":[{"@type":"WebPage","@id":"https:\/\/tourcruiser.com\/de\/products\/joe-freshgoods-x-new-balance-993-made-in-usa-performance-artsage\/","url":"https:\/\/tourcruiser.com\/de\/products\/joe-freshgoods-x-new-balance-993-made-in-usa-performance-artsage\/","name":"Joe Freshgoods x New Balance 993 Made in USA 'Performance Art - Sage' - Tourcruiser PTE. LTD","isPartOf":{"@id":"https:\/\/tourcruiser.com\/de\/#website"},"primaryImageOfPage":{"@id":"https:\/\/tourcruiser.com\/de\/products\/joe-freshgoods-x-new-balance-993-made-in-usa-performance-artsage\/#primaryimage"},"image":{"@id":"https:\/\/tourcruiser.com\/de\/products\/joe-freshgoods-x-new-balance-993-made-in-usa-performance-artsage\/#primaryimage"},"thumbnailUrl":"https:\/\/images.novelship.com\/product\/joe_freshgoods_x_new_balance_993_made_in_usa__perf_0_21622.jpeg","datePublished":"2026-03-02T08:13:16+00:00","breadcrumb":{"@id":"https:\/\/tourcruiser.com\/de\/products\/joe-freshgoods-x-new-balance-993-made-in-usa-performance-artsage\/#breadcrumb"},"inLanguage":"de","potentialAction":[{"@type":"ReadAction","target":["https:\/\/tourcruiser.com\/de\/products\/joe-freshgoods-x-new-balance-993-made-in-usa-performance-artsage\/"]}]},{"@type":"ImageObject","inLanguage":"de","@id":"https:\/\/tourcruiser.com\/de\/products\/joe-freshgoods-x-new-balance-993-made-in-usa-performance-artsage\/#primaryimage","url":"https:\/\/images.novelship.com\/product\/joe_freshgoods_x_new_balance_993_made_in_usa__perf_0_21622.jpeg","contentUrl":"https:\/\/images.novelship.com\/product\/joe_freshgoods_x_new_balance_993_made_in_usa__perf_0_21622.jpeg"},{"@type":"BreadcrumbList","@id":"https:\/\/tourcruiser.com\/de\/products\/joe-freshgoods-x-new-balance-993-made-in-usa-performance-artsage\/#breadcrumb","itemListElement":[{"@type":"ListItem","position":1,"name":"Home","item":"https:\/\/tourcruiser.com\/de\/"},{"@type":"ListItem","position":2,"name":"Shop","item":"https:\/\/tourcruiser.com\/de\/shop\/"},{"@type":"ListItem","position":3,"name":"Joe Freshgoods x New Balance 993 Made in USA 'Performance Art - Sage'"}]},{"@type":"WebSite","@id":"https:\/\/tourcruiser.com\/de\/#website","url":"https:\/\/tourcruiser.com\/de\/","name":"Styloral Jewelry Shop","description":"Tourcruiser Sneaker Store \u2014 der Ort, an dem das Universum deine Einzigartigkeit trifft.","publisher":{"@id":"https:\/\/tourcruiser.com\/de\/#organization"},"potentialAction":[{"@type":"SearchAction","target":{"@type":"EntryPoint","urlTemplate":"https:\/\/tourcruiser.com\/de\/?s={search_term_string}"},"query-input":{"@type":"PropertyValueSpecification","valueRequired":true,"valueName":"search_term_string"}}],"inLanguage":"de"},{"@type":"Organization","@id":"https:\/\/tourcruiser.com\/de\/#organization","name":"STYLORAL PTE. LTD","url":"https:\/\/tourcruiser.com\/de\/","logo":{"@type":"ImageObject","inLanguage":"de","@id":"https:\/\/tourcruiser.com\/de\/#\/schema\/logo\/image\/","url":"https:\/\/www.tourcruiser.com\/wp-content\/uploads\/2025\/12\/logo.png","contentUrl":"https:\/\/www.tourcruiser.com\/wp-content\/uploads\/2025\/12\/logo.png","width":200,"height":65,"caption":"STYLORAL PTE. LTD"},"image":{"@id":"https:\/\/tourcruiser.com\/de\/#\/schema\/logo\/image\/"}}]}},"_links":{"self":[{"href":"https:\/\/tourcruiser.com\/de\/wp-json\/wp\/v2\/product\/53567","targetHints":{"allow":["GET"]}}],"collection":[{"href":"https:\/\/tourcruiser.com\/de\/wp-json\/wp\/v2\/product"}],"about":[{"href":"https:\/\/tourcruiser.com\/de\/wp-json\/wp\/v2\/types\/product"}],"replies":[{"embeddable":true,"href":"https:\/\/tourcruiser.com\/de\/wp-json\/wp\/v2\/comments?post=53567"}],"wp:featuredmedia":[{"embeddable":true,"href":"https:\/\/tourcruiser.com\/de\/wp-json\/wp\/v2\/media\/53568"}],"wp:attachment":[{"href":"https:\/\/tourcruiser.com\/de\/wp-json\/wp\/v2\/media?parent=53567"}],"wp:term":[{"taxonomy":"product_brand","embeddable":true,"href":"https:\/\/tourcruiser.com\/de\/wp-json\/wp\/v2\/product_brand?post=53567"},{"taxonomy":"product_cat","embeddable":true,"href":"https:\/\/tourcruiser.com\/de\/wp-json\/wp\/v2\/product_cat?post=53567"},{"taxonomy":"product_tag","embeddable":true,"href":"https:\/\/tourcruiser.com\/de\/wp-json\/wp\/v2\/product_tag?post=53567"}],"curies":[{"name":"wp","href":"https:\/\/api.w.org\/{rel}","templated":true}]}}