{"id":53183,"date":"2026-03-02T15:12:40","date_gmt":"2026-03-02T08:12:40","guid":{"rendered":"http:\/\/tourcruiser.com\/product\/women-adidas-ultraboost-light-white-green-lilac"},"modified":"2026-03-28T01:00:40","modified_gmt":"2026-03-27T18:00:40","slug":"women-adidas-ultraboost-light-white-green-lilac","status":"publish","type":"product","link":"https:\/\/tourcruiser.com\/de\/products\/women-adidas-ultraboost-light-white-green-lilac\/","title":{"rendered":"(Women) adidas Ultraboost Light &#8218;White Green Lilac&#8216;"},"content":{"rendered":"<p>Erlebe m\u00fchelose Schritte mit den adidas Ultraboost Light &#8218;White Green Lilac&#8216; Sneakern. Dank des leichten Primeknit-Obermaterials bieten diese Schuhe eine atmungsaktive und anpassungsf\u00e4hige Passform. Die durchgehende Boost-D\u00e4mpfung sorgt f\u00fcr unvergleichliche Energier\u00fcckgabe und treibt dich bei jedem Schritt voran. Das markante Design besticht durch eine klare wei\u00dfe Basis mit erfrischenden gr\u00fcnen und lilafarbenen Akzenten und kreiert so einen modernen und stylischen Look. Mit dem adidas Ultraboost Light &#8218;White Green Lilac&#8216; verleihst du deinen Workouts und deinem Alltag das gewisse Extra \u201d\u201c Komfort und Style vereinen sich hier perfekt.<\/p>\n<p>Farbgebung: Kristallwei\u00df\/Gr\u00fcn\/Bliss Lilac<br \/>\nStyle-Code: IE3337<\/p>\n<p>Farbe: Wei\u00df<\/p>\n<p>Farbe: Wei\u00df<\/p>\n","protected":false},"excerpt":{"rendered":"<p>adidas Ultraboost Light \u201d\u201d Crystal White\/Green Spark\/Bliss Lilac<\/p>\n","protected":false},"featured_media":53184,"comment_status":"open","ping_status":"closed","template":"","meta":[],"product_brand":[],"product_cat":[10941],"product_tag":[10759,10926,10838,10839,10802,10840,10758],"class_list":{"0":"post-53183","1":"product","2":"type-product","3":"status-publish","4":"has-post-thumbnail","6":"product_cat-adidas-women","7":"product_tag-adidas","8":"product_tag-gift-for-her","9":"product_tag-max-cushion-cushioned-running-shoes","10":"product_tag-performance-running-shoes","11":"product_tag-performance-sport-shoes","12":"product_tag-running-shoes","13":"product_tag-under-retail","14":"wcpa_has_options","16":"first","17":"outofstock","18":"taxable","19":"shipping-taxable","20":"purchasable","21":"product-type-simple"},"wcpa_form_fields":{"rules":{"pric_overide_base_price":false,"pric_overide_base_price_if_gt_zero":false,"pric_overide_base_price_fully":false,"pric_cal_option_once":false,"pric_use_as_fee":false,"bind_quantity":false,"quantity_bind_formula":false},"fields":[{"type":"color-group","required":true,"elementId":"wcpa-color-group-66c4a7f817afe","label":"Gr\u00f6\u00dfe","inline":true,"priceOptions":"different_for_all","pricingType":"fixed","className":"hassizechart product-shoes-size-eu product-shoes-size","name":"color-group-66c4a7f817b18","disp_type":"square","selection_type":"tick-border","disp_size":"50","show_label_inside":true,"adjust_width":true,"cart_display_type":"text","other_text":"Other","cl_rule":"show","col":6,"values":[{"label":"35","value":"EU 35","price":"","pimage":"","pimage_id":"","pthumb":"","color":""},{"label":"35.5","value":"EU 35.5","price":"","pimage":"","pimage_id":"","pthumb":"","color":""},{"label":"36","value":"EU 36","price":"","pimage":"","pimage_id":"","pthumb":"","color":"","selected":true},{"label":"36 2\/3","value":"EU 36 2\/3","price":"","pimage":"","pimage_id":"","pthumb":"","color":""},{"label":"37 1\/3","value":"EU 37 1\/3","price":"","pimage":"","pimage_id":"","pthumb":"","color":""},{"label":"38","value":"EU 38","price":"","pimage":"","pimage_id":"","pthumb":"","color":""},{"label":"38 2\/3","value":"EU 38 2\/3","price":"","pimage":"","pimage_id":"","pthumb":"","color":""},{"label":"39 1\/3","value":"EU 39 1\/3","price":"","pimage":"","pimage_id":"","pthumb":"","color":""},{"label":"40","value":"EU 40","price":"","pimage":"","pimage_id":"","pthumb":"","color":""},{"label":"40 2\/3","value":"EU 40 2\/3","price":"","pimage":"","pimage_id":"","pthumb":"","color":""},{"label":"41 1\/3","value":"EU 41 1\/3","price":"","pimage":"","pimage_id":"","pthumb":"","color":""},{"label":"42","value":"EU 42","price":"","pimage":"","pimage_id":"","pthumb":"","color":""},{"label":"42 2\/3","value":"EU 42 2\/3","price":"","pimage":"","pimage_id":"","pthumb":"","color":""},{"label":"43 1\/3","value":"EU 43 1\/3","price":"","pimage":"","pimage_id":"","pthumb":"","color":""},{"label":"44","value":"EU 44","price":"","pimage":"","pimage_id":"","pthumb":"","color":""},{"label":"44 2\/3","value":"EU 44 2\/3","price":"","pimage":"","pimage_id":"","pthumb":"","color":""},{"label":"45 1\/3","value":"EU 45 1\/3","price":"","pimage":"","pimage_id":"","pthumb":"","color":""},{"label":"46","value":"EU 46","price":"","pimage":"","pimage_id":"","pthumb":"","color":""},{"label":"46 2\/3","value":"EU 46 2\/3","price":"","pimage":"","pimage_id":"","pthumb":"","color":""},{"label":"47 1\/3","value":"EU 47 1\/3","price":"","pimage":"","pimage_id":"","pthumb":"","color":""}],"relations":[{"operator":false,"rules":[]}],"form_id":24802,"form_rules":{"pric_cal_option_once":false,"exclude_from_discount":false,"pric_use_as_fee":false,"fee_label":"Fee","render_after_acb":false,"disp_hide_options_price":false}}]},"yoast_head":"<!-- This site is optimized with the Yoast SEO plugin v26.5 - https:\/\/yoast.com\/wordpress\/plugins\/seo\/ -->\n<title>(Women) adidas Ultraboost Light &#039;White Green Lilac&#039;  - Tourcruiser PTE. LTD<\/title>\n<meta name=\"robots\" content=\"index, follow, max-snippet:-1, max-image-preview:large, max-video-preview:-1\" \/>\n<link rel=\"canonical\" href=\"https:\/\/tourcruiser.com\/de\/products\/women-adidas-ultraboost-light-white-green-lilac\/\" \/>\n<meta property=\"og:locale\" content=\"de_DE\" \/>\n<meta property=\"og:type\" content=\"article\" \/>\n<meta property=\"og:title\" content=\"(Women) adidas Ultraboost Light &#039;White Green Lilac&#039;  - Tourcruiser PTE. LTD\" \/>\n<meta property=\"og:description\" content=\"adidas Ultraboost Light \u201d\u201d Crystal White\/Green Spark\/Bliss Lilac\" \/>\n<meta property=\"og:url\" content=\"https:\/\/tourcruiser.com\/de\/products\/women-adidas-ultraboost-light-white-green-lilac\/\" \/>\n<meta property=\"og:site_name\" content=\"Tourcruiser Sneaker Store\" \/>\n<meta property=\"article:modified_time\" content=\"2026-03-27T18:00:40+00:00\" \/>\n<meta name=\"twitter:card\" content=\"summary_large_image\" \/>\n<meta name=\"twitter:image\" content=\"https:\/\/images.novelship.com\/product\/_women__adidas_ultraboost_light__white_green_lilac_0_72355.jpeg;https:\/\/images.novelship.com\/product\/_women__adidas_ultraboost_light__white_green_lilac_1_72355.jpeg;https:\/\/images.novelship.com\/product\/_women__adidas_ultraboost_light__white_green_lilac_2_72355.jpeg;https:\/\/images.novelship.com\/product\/_women__adidas_ultraboost_light__white_green_lilac_3_72355.jpeg;https:\/\/images.novelship.com\/product\/_women__adidas_ultraboost_light__white_green_lilac_4_72355.jpeg;https:\/\/images.novelship.com\/product\/_women__adidas_ultraboost_light__white_green_lilac_5_72355.jpeg\" \/>\n<meta name=\"twitter:label1\" content=\"Gesch\u00e4tzte Lesezeit\" \/>\n\t<meta name=\"twitter:data1\" content=\"1\u00a0Minute\" \/>\n<script type=\"application\/ld+json\" class=\"yoast-schema-graph\">{\"@context\":\"https:\/\/schema.org\",\"@graph\":[{\"@type\":\"WebPage\",\"@id\":\"https:\/\/tourcruiser.com\/de\/products\/women-adidas-ultraboost-light-white-green-lilac\/\",\"url\":\"https:\/\/tourcruiser.com\/de\/products\/women-adidas-ultraboost-light-white-green-lilac\/\",\"name\":\"(Women) adidas Ultraboost Light 'White Green Lilac' - Tourcruiser PTE. LTD\",\"isPartOf\":{\"@id\":\"\/#website\"},\"primaryImageOfPage\":{\"@id\":\"https:\/\/tourcruiser.com\/de\/products\/women-adidas-ultraboost-light-white-green-lilac\/#primaryimage\"},\"image\":{\"@id\":\"https:\/\/tourcruiser.com\/de\/products\/women-adidas-ultraboost-light-white-green-lilac\/#primaryimage\"},\"thumbnailUrl\":\"https:\/\/images.novelship.com\/product\/_women__adidas_ultraboost_light__white_green_lilac_0_72355.jpeg;https:\/\/images.novelship.com\/product\/_women__adidas_ultraboost_light__white_green_lilac_1_72355.jpeg;https:\/\/images.novelship.com\/product\/_women__adidas_ultraboost_light__white_green_lilac_2_72355.jpeg;https:\/\/images.novelship.com\/product\/_women__adidas_ultraboost_light__white_green_lilac_3_72355.jpeg;https:\/\/images.novelship.com\/product\/_women__adidas_ultraboost_light__white_green_lilac_4_72355.jpeg;https:\/\/images.novelship.com\/product\/_women__adidas_ultraboost_light__white_green_lilac_5_72355.jpeg\",\"datePublished\":\"2026-03-02T08:12:40+00:00\",\"dateModified\":\"2026-03-27T18:00:40+00:00\",\"breadcrumb\":{\"@id\":\"https:\/\/tourcruiser.com\/de\/products\/women-adidas-ultraboost-light-white-green-lilac\/#breadcrumb\"},\"inLanguage\":\"de\",\"potentialAction\":[{\"@type\":\"ReadAction\",\"target\":[\"https:\/\/tourcruiser.com\/de\/products\/women-adidas-ultraboost-light-white-green-lilac\/\"]}]},{\"@type\":\"ImageObject\",\"inLanguage\":\"de\",\"@id\":\"https:\/\/tourcruiser.com\/de\/products\/women-adidas-ultraboost-light-white-green-lilac\/#primaryimage\",\"url\":\"https:\/\/images.novelship.com\/product\/_women__adidas_ultraboost_light__white_green_lilac_0_72355.jpeg;https:\/\/images.novelship.com\/product\/_women__adidas_ultraboost_light__white_green_lilac_1_72355.jpeg;https:\/\/images.novelship.com\/product\/_women__adidas_ultraboost_light__white_green_lilac_2_72355.jpeg;https:\/\/images.novelship.com\/product\/_women__adidas_ultraboost_light__white_green_lilac_3_72355.jpeg;https:\/\/images.novelship.com\/product\/_women__adidas_ultraboost_light__white_green_lilac_4_72355.jpeg;https:\/\/images.novelship.com\/product\/_women__adidas_ultraboost_light__white_green_lilac_5_72355.jpeg\",\"contentUrl\":\"https:\/\/images.novelship.com\/product\/_women__adidas_ultraboost_light__white_green_lilac_0_72355.jpeg;https:\/\/images.novelship.com\/product\/_women__adidas_ultraboost_light__white_green_lilac_1_72355.jpeg;https:\/\/images.novelship.com\/product\/_women__adidas_ultraboost_light__white_green_lilac_2_72355.jpeg;https:\/\/images.novelship.com\/product\/_women__adidas_ultraboost_light__white_green_lilac_3_72355.jpeg;https:\/\/images.novelship.com\/product\/_women__adidas_ultraboost_light__white_green_lilac_4_72355.jpeg;https:\/\/images.novelship.com\/product\/_women__adidas_ultraboost_light__white_green_lilac_5_72355.jpeg\"},{\"@type\":\"BreadcrumbList\",\"@id\":\"https:\/\/tourcruiser.com\/de\/products\/women-adidas-ultraboost-light-white-green-lilac\/#breadcrumb\",\"itemListElement\":[{\"@type\":\"ListItem\",\"position\":1,\"name\":\"Home\",\"item\":\"https:\/\/tourcruiser.com\/de\/\"},{\"@type\":\"ListItem\",\"position\":2,\"name\":\"Shop\",\"item\":\"https:\/\/tourcruiser.com\/de\/shop\/\"},{\"@type\":\"ListItem\",\"position\":3,\"name\":\"(Women) adidas Ultraboost Light 'White Green Lilac'\"}]},{\"@type\":\"WebSite\",\"@id\":\"\/#website\",\"url\":\"\/\",\"name\":\"Styloral Jewelry Shop\",\"description\":\"Tourcruiser Sneaker Store \u2014 der Ort, an dem das Universum deine Einzigartigkeit trifft.\",\"publisher\":{\"@id\":\"\/#organization\"},\"potentialAction\":[{\"@type\":\"SearchAction\",\"target\":{\"@type\":\"EntryPoint\",\"urlTemplate\":\"\/?s={search_term_string}\"},\"query-input\":{\"@type\":\"PropertyValueSpecification\",\"valueRequired\":true,\"valueName\":\"search_term_string\"}}],\"inLanguage\":\"de\"},{\"@type\":\"Organization\",\"@id\":\"\/#organization\",\"name\":\"STYLORAL PTE. LTD\",\"url\":\"\/\",\"logo\":{\"@type\":\"ImageObject\",\"inLanguage\":\"de\",\"@id\":\"\/#\/schema\/logo\/image\/\",\"url\":\"https:\/\/www.tourcruiser.com\/wp-content\/uploads\/2025\/12\/logo.png\",\"contentUrl\":\"https:\/\/www.tourcruiser.com\/wp-content\/uploads\/2025\/12\/logo.png\",\"width\":200,\"height\":65,\"caption\":\"STYLORAL PTE. LTD\"},\"image\":{\"@id\":\"\/#\/schema\/logo\/image\/\"}}]}<\/script>\n<!-- \/ Yoast SEO plugin. -->","yoast_head_json":{"title":"(Women) adidas Ultraboost Light 'White Green Lilac'  - Tourcruiser PTE. LTD","robots":{"index":"index","follow":"follow","max-snippet":"max-snippet:-1","max-image-preview":"max-image-preview:large","max-video-preview":"max-video-preview:-1"},"canonical":"https:\/\/tourcruiser.com\/de\/products\/women-adidas-ultraboost-light-white-green-lilac\/","og_locale":"de_DE","og_type":"article","og_title":"(Women) adidas Ultraboost Light 'White Green Lilac'  - Tourcruiser PTE. LTD","og_description":"adidas Ultraboost Light \u201d\u201d Crystal White\/Green Spark\/Bliss Lilac","og_url":"https:\/\/tourcruiser.com\/de\/products\/women-adidas-ultraboost-light-white-green-lilac\/","og_site_name":"Tourcruiser Sneaker Store","article_modified_time":"2026-03-27T18:00:40+00:00","twitter_card":"summary_large_image","twitter_image":"https:\/\/images.novelship.com\/product\/_women__adidas_ultraboost_light__white_green_lilac_0_72355.jpeg;https:\/\/images.novelship.com\/product\/_women__adidas_ultraboost_light__white_green_lilac_1_72355.jpeg;https:\/\/images.novelship.com\/product\/_women__adidas_ultraboost_light__white_green_lilac_2_72355.jpeg;https:\/\/images.novelship.com\/product\/_women__adidas_ultraboost_light__white_green_lilac_3_72355.jpeg;https:\/\/images.novelship.com\/product\/_women__adidas_ultraboost_light__white_green_lilac_4_72355.jpeg;https:\/\/images.novelship.com\/product\/_women__adidas_ultraboost_light__white_green_lilac_5_72355.jpeg","twitter_misc":{"Gesch\u00e4tzte Lesezeit":"1\u00a0Minute"},"schema":{"@context":"https:\/\/schema.org","@graph":[{"@type":"WebPage","@id":"https:\/\/tourcruiser.com\/de\/products\/women-adidas-ultraboost-light-white-green-lilac\/","url":"https:\/\/tourcruiser.com\/de\/products\/women-adidas-ultraboost-light-white-green-lilac\/","name":"(Women) adidas Ultraboost Light 'White Green Lilac' - Tourcruiser PTE. LTD","isPartOf":{"@id":"\/#website"},"primaryImageOfPage":{"@id":"https:\/\/tourcruiser.com\/de\/products\/women-adidas-ultraboost-light-white-green-lilac\/#primaryimage"},"image":{"@id":"https:\/\/tourcruiser.com\/de\/products\/women-adidas-ultraboost-light-white-green-lilac\/#primaryimage"},"thumbnailUrl":"https:\/\/images.novelship.com\/product\/_women__adidas_ultraboost_light__white_green_lilac_0_72355.jpeg;https:\/\/images.novelship.com\/product\/_women__adidas_ultraboost_light__white_green_lilac_1_72355.jpeg;https:\/\/images.novelship.com\/product\/_women__adidas_ultraboost_light__white_green_lilac_2_72355.jpeg;https:\/\/images.novelship.com\/product\/_women__adidas_ultraboost_light__white_green_lilac_3_72355.jpeg;https:\/\/images.novelship.com\/product\/_women__adidas_ultraboost_light__white_green_lilac_4_72355.jpeg;https:\/\/images.novelship.com\/product\/_women__adidas_ultraboost_light__white_green_lilac_5_72355.jpeg","datePublished":"2026-03-02T08:12:40+00:00","dateModified":"2026-03-27T18:00:40+00:00","breadcrumb":{"@id":"https:\/\/tourcruiser.com\/de\/products\/women-adidas-ultraboost-light-white-green-lilac\/#breadcrumb"},"inLanguage":"de","potentialAction":[{"@type":"ReadAction","target":["https:\/\/tourcruiser.com\/de\/products\/women-adidas-ultraboost-light-white-green-lilac\/"]}]},{"@type":"ImageObject","inLanguage":"de","@id":"https:\/\/tourcruiser.com\/de\/products\/women-adidas-ultraboost-light-white-green-lilac\/#primaryimage","url":"https:\/\/images.novelship.com\/product\/_women__adidas_ultraboost_light__white_green_lilac_0_72355.jpeg;https:\/\/images.novelship.com\/product\/_women__adidas_ultraboost_light__white_green_lilac_1_72355.jpeg;https:\/\/images.novelship.com\/product\/_women__adidas_ultraboost_light__white_green_lilac_2_72355.jpeg;https:\/\/images.novelship.com\/product\/_women__adidas_ultraboost_light__white_green_lilac_3_72355.jpeg;https:\/\/images.novelship.com\/product\/_women__adidas_ultraboost_light__white_green_lilac_4_72355.jpeg;https:\/\/images.novelship.com\/product\/_women__adidas_ultraboost_light__white_green_lilac_5_72355.jpeg","contentUrl":"https:\/\/images.novelship.com\/product\/_women__adidas_ultraboost_light__white_green_lilac_0_72355.jpeg;https:\/\/images.novelship.com\/product\/_women__adidas_ultraboost_light__white_green_lilac_1_72355.jpeg;https:\/\/images.novelship.com\/product\/_women__adidas_ultraboost_light__white_green_lilac_2_72355.jpeg;https:\/\/images.novelship.com\/product\/_women__adidas_ultraboost_light__white_green_lilac_3_72355.jpeg;https:\/\/images.novelship.com\/product\/_women__adidas_ultraboost_light__white_green_lilac_4_72355.jpeg;https:\/\/images.novelship.com\/product\/_women__adidas_ultraboost_light__white_green_lilac_5_72355.jpeg"},{"@type":"BreadcrumbList","@id":"https:\/\/tourcruiser.com\/de\/products\/women-adidas-ultraboost-light-white-green-lilac\/#breadcrumb","itemListElement":[{"@type":"ListItem","position":1,"name":"Home","item":"https:\/\/tourcruiser.com\/de\/"},{"@type":"ListItem","position":2,"name":"Shop","item":"https:\/\/tourcruiser.com\/de\/shop\/"},{"@type":"ListItem","position":3,"name":"(Women) adidas Ultraboost Light 'White Green Lilac'"}]},{"@type":"WebSite","@id":"\/#website","url":"\/","name":"Styloral Jewelry Shop","description":"Tourcruiser Sneaker Store \u2014 der Ort, an dem das Universum deine Einzigartigkeit trifft.","publisher":{"@id":"\/#organization"},"potentialAction":[{"@type":"SearchAction","target":{"@type":"EntryPoint","urlTemplate":"\/?s={search_term_string}"},"query-input":{"@type":"PropertyValueSpecification","valueRequired":true,"valueName":"search_term_string"}}],"inLanguage":"de"},{"@type":"Organization","@id":"\/#organization","name":"STYLORAL PTE. LTD","url":"\/","logo":{"@type":"ImageObject","inLanguage":"de","@id":"\/#\/schema\/logo\/image\/","url":"https:\/\/www.tourcruiser.com\/wp-content\/uploads\/2025\/12\/logo.png","contentUrl":"https:\/\/www.tourcruiser.com\/wp-content\/uploads\/2025\/12\/logo.png","width":200,"height":65,"caption":"STYLORAL PTE. LTD"},"image":{"@id":"\/#\/schema\/logo\/image\/"}}]}},"_links":{"self":[{"href":"https:\/\/tourcruiser.com\/de\/wp-json\/wp\/v2\/product\/53183","targetHints":{"allow":["GET"]}}],"collection":[{"href":"https:\/\/tourcruiser.com\/de\/wp-json\/wp\/v2\/product"}],"about":[{"href":"https:\/\/tourcruiser.com\/de\/wp-json\/wp\/v2\/types\/product"}],"replies":[{"embeddable":true,"href":"https:\/\/tourcruiser.com\/de\/wp-json\/wp\/v2\/comments?post=53183"}],"wp:featuredmedia":[{"embeddable":true,"href":"https:\/\/tourcruiser.com\/de\/wp-json\/wp\/v2\/media\/53184"}],"wp:attachment":[{"href":"https:\/\/tourcruiser.com\/de\/wp-json\/wp\/v2\/media?parent=53183"}],"wp:term":[{"taxonomy":"product_brand","embeddable":true,"href":"https:\/\/tourcruiser.com\/de\/wp-json\/wp\/v2\/product_brand?post=53183"},{"taxonomy":"product_cat","embeddable":true,"href":"https:\/\/tourcruiser.com\/de\/wp-json\/wp\/v2\/product_cat?post=53183"},{"taxonomy":"product_tag","embeddable":true,"href":"https:\/\/tourcruiser.com\/de\/wp-json\/wp\/v2\/product_tag?post=53183"}],"curies":[{"name":"wp","href":"https:\/\/api.w.org\/{rel}","templated":true}]}}