{"id":53104,"date":"2026-03-02T15:12:30","date_gmt":"2026-03-02T08:12:30","guid":{"rendered":"http:\/\/tourcruiser.com\/product\/new-balance-hesi-low-v2-team-tactical-pack"},"modified":"2026-03-28T01:51:54","modified_gmt":"2026-03-27T18:51:54","slug":"new-balance-hesi-low-v2-team-tactical-pack","status":"publish","type":"product","link":"https:\/\/tourcruiser.com\/de\/products\/new-balance-hesi-low-v2-team-tactical-pack\/","title":{"rendered":"New Balance Hesi Low V2 &#8218;Team Tactical Pack&#8216;"},"content":{"rendered":"<p>Verbessere dein Spiel mit dem New Balance Hesi Low V2 &#8218;Team Tactical Pack&#8216; BBHSLAP2. Diese Basketballschuhe wurden f\u00fcr Agilit\u00e4t und Schnelligkeit entwickelt und zeichnen sich durch eine schlanke, niedrig geschnittene Silhouette aus, die deine Bewegungsfreiheit auf dem Court optimiert. Die fortschrittliche D\u00e4mpfung sorgt f\u00fcr optimalen Komfort und Halt, w\u00e4hrend die strapazierf\u00e4hige Au\u00dfensohle hervorragende Traktion bietet. Mit ihrem stylischen Design, inspiriert von moderner taktischer Ausr\u00fcstung, sind diese Schuhe perfekt f\u00fcr Performance und Fashion. Steigere dein Spiel mit der unvergleichlichen Innovation und dem Style von New Balance.<\/p>\n<ul>\n<li><strong>Farbgebung:<\/strong> Linen\/Ice Wine\/Castlerock<\/li>\n<li><strong>Style-Code:<\/strong> BBHSLAP2<\/li>\n<li><strong>Obermaterial:<\/strong> Mesh<\/li>\n<li><strong>Zwischensohle:<\/strong> FuelCell<\/li>\n<li><strong>Farbe:<\/strong> Wei\u00df<\/li>\n<li><strong>Erscheinungsjahr:<\/strong> 2024<\/li>\n<\/ul>\n","protected":false},"excerpt":{"rendered":"<p>New Balance Hesi Low V2 \u201d\u201d Linen\/Ice Wine\/Castlerock<\/p>\n","protected":false},"featured_media":53105,"comment_status":"open","ping_status":"closed","template":"","meta":[],"product_brand":[],"product_cat":[10771],"product_tag":[10800,10753,10766,10802,10758],"class_list":{"0":"post-53104","1":"product","2":"type-product","3":"status-publish","4":"has-post-thumbnail","6":"product_cat-new-balance","7":"product_tag-basketball-shoes","8":"product_tag-gift-for-him","9":"product_tag-new-balance","10":"product_tag-performance-sport-shoes","11":"product_tag-under-retail","12":"wcpa_has_options","14":"first","15":"outofstock","16":"taxable","17":"shipping-taxable","18":"purchasable","19":"product-type-simple"},"wcpa_form_fields":{"rules":{"pric_overide_base_price":false,"pric_overide_base_price_if_gt_zero":false,"pric_overide_base_price_fully":false,"pric_cal_option_once":false,"pric_use_as_fee":false,"bind_quantity":false,"quantity_bind_formula":false},"fields":[{"type":"color-group","required":true,"elementId":"wcpa-color-group-66c4a928225d2","label":"Gr\u00f6\u00dfe","inline":true,"priceOptions":"different_for_all","pricingType":"fixed","className":"hassizechart product-shoes-size-eu product-shoes-size","name":"color-group-66c4a928225e2","disp_type":"square","selection_type":"tick-border","disp_size":"50","show_label_inside":true,"adjust_width":true,"cart_display_type":"text","other_text":"Other","cl_rule":"show","col":6,"values":[{"label":"35","value":"EU 35","price":"","pimage":"","pimage_id":"","pthumb":"","color":""},{"label":"36","value":"EU 36","price":"","pimage":"","pimage_id":"","pthumb":"","color":"","selected":true},{"label":"37","value":"EU 37","price":"","pimage":"","pimage_id":"","pthumb":"","color":""},{"label":"37.5","value":"EU 37.5","price":"","pimage":"","pimage_id":"","pthumb":"","color":""},{"label":"38","value":"EU 38","price":"","pimage":"","pimage_id":"","pthumb":"","color":""},{"label":"38.5","value":"EU 38.5","price":"","pimage":"","pimage_id":"","pthumb":"","color":""},{"label":"39","value":"EU 39","price":"","pimage":"","pimage_id":"","pthumb":"","color":""},{"label":"39.5","value":"EU 39.5","price":"","pimage":"","pimage_id":"","pthumb":"","color":""},{"label":"40","value":"EU 40","price":"","pimage":"","pimage_id":"","pthumb":"","color":""},{"label":"40.5","value":"EU 40.5","price":"","pimage":"","pimage_id":"","pthumb":"","color":""},{"label":" 41.5","value":"EU 41.5","price":"","pimage":"","pimage_id":"","pthumb":"","color":""},{"label":"42","value":"EU 42","price":"","pimage":"","pimage_id":"","pthumb":"","color":""},{"label":"42.5","value":"EU 42.5","price":"","pimage":"","pimage_id":"","pthumb":"","color":""},{"label":"43","value":"EU 43","price":"","pimage":"","pimage_id":"","pthumb":"","color":""},{"label":"44","value":"EU 44","price":"","pimage":"","pimage_id":"","pthumb":"","color":""},{"label":"44.5","value":"EU 44.5","price":"","pimage":"","pimage_id":"","pthumb":"","color":""},{"label":"45","value":"EU 45","price":"","pimage":"","pimage_id":"","pthumb":"","color":""},{"label":"45.5","value":"EU 45.5","price":"","pimage":"","pimage_id":"","pthumb":"","color":""},{"label":"46","value":"EU 46","price":"","pimage":"","pimage_id":"","pthumb":"","color":""}],"relations":[{"operator":false,"rules":[]}],"form_id":24803,"form_rules":{"pric_cal_option_once":false,"exclude_from_discount":false,"pric_use_as_fee":false,"fee_label":"Fee","render_after_acb":false,"disp_hide_options_price":false}}]},"yoast_head":"<!-- This site is optimized with the Yoast SEO plugin v26.5 - https:\/\/yoast.com\/wordpress\/plugins\/seo\/ -->\n<title>New Balance Hesi Low V2 &#039;Team Tactical Pack&#039;  - Tourcruiser PTE. LTD<\/title>\n<meta name=\"robots\" content=\"index, follow, max-snippet:-1, max-image-preview:large, max-video-preview:-1\" \/>\n<link rel=\"canonical\" href=\"https:\/\/tourcruiser.com\/\" \/>\n<meta property=\"og:locale\" content=\"de_DE\" \/>\n<meta property=\"og:type\" content=\"article\" \/>\n<meta property=\"og:title\" content=\"New Balance Hesi Low V2 &#039;Team Tactical Pack&#039;  - Tourcruiser PTE. LTD\" \/>\n<meta property=\"og:description\" content=\"New Balance Hesi Low V2 \u201d\u201d Linen\/Ice Wine\/Castlerock\" \/>\n<meta property=\"og:url\" content=\"\/\" \/>\n<meta property=\"og:site_name\" content=\"Tourcruiser Sneaker Store\" \/>\n<meta property=\"article:modified_time\" content=\"2026-03-27T18:51:54+00:00\" \/>\n<meta name=\"twitter:card\" content=\"summary_large_image\" \/>\n<meta name=\"twitter:image\" content=\"https:\/\/images.novelship.com\/product\/new_balance_hesi_low_v2__team_tactical_pack__bbhsl_0_4771.jpeg;https:\/\/images.novelship.com\/product\/new_balance_hesi_low_v2__team_tactical_pack__bbhsl_1_4772.jpeg;https:\/\/images.novelship.com\/product\/new_balance_hesi_low_v2__team_tactical_pack__bbhsl_2_4772.jpeg;https:\/\/images.novelship.com\/product\/new_balance_hesi_low_v2__team_tactical_pack__bbhsl_3_4772.jpeg\" \/>\n<meta name=\"twitter:label1\" content=\"Gesch\u00e4tzte Lesezeit\" \/>\n\t<meta name=\"twitter:data1\" content=\"1\u00a0Minute\" \/>\n<script type=\"application\/ld+json\" class=\"yoast-schema-graph\">{\"@context\":\"https:\/\/schema.org\",\"@graph\":[{\"@type\":\"WebPage\",\"@id\":\"\/\",\"url\":\"https:\/\/tourcruiser.com\/\",\"name\":\"New Balance Hesi Low V2 'Team Tactical Pack' - Tourcruiser PTE. LTD\",\"isPartOf\":{\"@id\":\"https:\/\/tourcruiser.com\/de\/#website\"},\"primaryImageOfPage\":{\"@id\":\"https:\/\/tourcruiser.com\/#primaryimage\"},\"image\":{\"@id\":\"https:\/\/tourcruiser.com\/#primaryimage\"},\"thumbnailUrl\":\"https:\/\/images.novelship.com\/product\/new_balance_hesi_low_v2__team_tactical_pack__bbhsl_0_4771.jpeg;https:\/\/images.novelship.com\/product\/new_balance_hesi_low_v2__team_tactical_pack__bbhsl_1_4772.jpeg;https:\/\/images.novelship.com\/product\/new_balance_hesi_low_v2__team_tactical_pack__bbhsl_2_4772.jpeg;https:\/\/images.novelship.com\/product\/new_balance_hesi_low_v2__team_tactical_pack__bbhsl_3_4772.jpeg\",\"datePublished\":\"2026-03-02T08:12:30+00:00\",\"dateModified\":\"2026-03-27T18:51:54+00:00\",\"breadcrumb\":{\"@id\":\"https:\/\/tourcruiser.com\/#breadcrumb\"},\"inLanguage\":\"de\",\"potentialAction\":[{\"@type\":\"ReadAction\",\"target\":[\"https:\/\/tourcruiser.com\/\"]}]},{\"@type\":\"ImageObject\",\"inLanguage\":\"de\",\"@id\":\"https:\/\/tourcruiser.com\/#primaryimage\",\"url\":\"https:\/\/images.novelship.com\/product\/new_balance_hesi_low_v2__team_tactical_pack__bbhsl_0_4771.jpeg;https:\/\/images.novelship.com\/product\/new_balance_hesi_low_v2__team_tactical_pack__bbhsl_1_4772.jpeg;https:\/\/images.novelship.com\/product\/new_balance_hesi_low_v2__team_tactical_pack__bbhsl_2_4772.jpeg;https:\/\/images.novelship.com\/product\/new_balance_hesi_low_v2__team_tactical_pack__bbhsl_3_4772.jpeg\",\"contentUrl\":\"https:\/\/images.novelship.com\/product\/new_balance_hesi_low_v2__team_tactical_pack__bbhsl_0_4771.jpeg;https:\/\/images.novelship.com\/product\/new_balance_hesi_low_v2__team_tactical_pack__bbhsl_1_4772.jpeg;https:\/\/images.novelship.com\/product\/new_balance_hesi_low_v2__team_tactical_pack__bbhsl_2_4772.jpeg;https:\/\/images.novelship.com\/product\/new_balance_hesi_low_v2__team_tactical_pack__bbhsl_3_4772.jpeg\"},{\"@type\":\"BreadcrumbList\",\"@id\":\"https:\/\/tourcruiser.com\/#breadcrumb\",\"itemListElement\":[{\"@type\":\"ListItem\",\"position\":1,\"name\":\"Home\",\"item\":\"https:\/\/tourcruiser.com\/de\/\"},{\"@type\":\"ListItem\",\"position\":2,\"name\":\"Shop\",\"item\":\"https:\/\/tourcruiser.com\/de\/shop\/\"},{\"@type\":\"ListItem\",\"position\":3,\"name\":\"New Balance Hesi Low V2 &#8218;Team Tactical Pack&#8216;\"}]},{\"@type\":\"WebSite\",\"@id\":\"https:\/\/tourcruiser.com\/de\/#website\",\"url\":\"https:\/\/tourcruiser.com\/de\/\",\"name\":\"Styloral Jewelry Shop\",\"description\":\"Tourcruiser Sneaker Store \u2014 der Ort, an dem das Universum deine Einzigartigkeit trifft.\",\"publisher\":{\"@id\":\"https:\/\/tourcruiser.com\/de\/#organization\"},\"potentialAction\":[{\"@type\":\"SearchAction\",\"target\":{\"@type\":\"EntryPoint\",\"urlTemplate\":\"https:\/\/tourcruiser.com\/de\/?s={search_term_string}\"},\"query-input\":{\"@type\":\"PropertyValueSpecification\",\"valueRequired\":true,\"valueName\":\"search_term_string\"}}],\"inLanguage\":\"de\"},{\"@type\":\"Organization\",\"@id\":\"https:\/\/tourcruiser.com\/de\/#organization\",\"name\":\"STYLORAL PTE. LTD\",\"url\":\"https:\/\/tourcruiser.com\/de\/\",\"logo\":{\"@type\":\"ImageObject\",\"inLanguage\":\"de\",\"@id\":\"https:\/\/tourcruiser.com\/de\/#\/schema\/logo\/image\/\",\"url\":\"https:\/\/www.tourcruiser.com\/wp-content\/uploads\/2025\/12\/logo.png\",\"contentUrl\":\"https:\/\/www.tourcruiser.com\/wp-content\/uploads\/2025\/12\/logo.png\",\"width\":200,\"height\":65,\"caption\":\"STYLORAL PTE. LTD\"},\"image\":{\"@id\":\"https:\/\/tourcruiser.com\/de\/#\/schema\/logo\/image\/\"}}]}<\/script>\n<!-- \/ Yoast SEO plugin. -->","yoast_head_json":{"title":"New Balance Hesi Low V2 'Team Tactical Pack'  - Tourcruiser PTE. LTD","robots":{"index":"index","follow":"follow","max-snippet":"max-snippet:-1","max-image-preview":"max-image-preview:large","max-video-preview":"max-video-preview:-1"},"canonical":"https:\/\/tourcruiser.com\/","og_locale":"de_DE","og_type":"article","og_title":"New Balance Hesi Low V2 'Team Tactical Pack'  - Tourcruiser PTE. LTD","og_description":"New Balance Hesi Low V2 \u201d\u201d Linen\/Ice Wine\/Castlerock","og_url":"\/","og_site_name":"Tourcruiser Sneaker Store","article_modified_time":"2026-03-27T18:51:54+00:00","twitter_card":"summary_large_image","twitter_image":"https:\/\/images.novelship.com\/product\/new_balance_hesi_low_v2__team_tactical_pack__bbhsl_0_4771.jpeg;https:\/\/images.novelship.com\/product\/new_balance_hesi_low_v2__team_tactical_pack__bbhsl_1_4772.jpeg;https:\/\/images.novelship.com\/product\/new_balance_hesi_low_v2__team_tactical_pack__bbhsl_2_4772.jpeg;https:\/\/images.novelship.com\/product\/new_balance_hesi_low_v2__team_tactical_pack__bbhsl_3_4772.jpeg","twitter_misc":{"Gesch\u00e4tzte Lesezeit":"1\u00a0Minute"},"schema":{"@context":"https:\/\/schema.org","@graph":[{"@type":"WebPage","@id":"\/","url":"https:\/\/tourcruiser.com\/","name":"New Balance Hesi Low V2 'Team Tactical Pack' - Tourcruiser PTE. LTD","isPartOf":{"@id":"https:\/\/tourcruiser.com\/de\/#website"},"primaryImageOfPage":{"@id":"https:\/\/tourcruiser.com\/#primaryimage"},"image":{"@id":"https:\/\/tourcruiser.com\/#primaryimage"},"thumbnailUrl":"https:\/\/images.novelship.com\/product\/new_balance_hesi_low_v2__team_tactical_pack__bbhsl_0_4771.jpeg;https:\/\/images.novelship.com\/product\/new_balance_hesi_low_v2__team_tactical_pack__bbhsl_1_4772.jpeg;https:\/\/images.novelship.com\/product\/new_balance_hesi_low_v2__team_tactical_pack__bbhsl_2_4772.jpeg;https:\/\/images.novelship.com\/product\/new_balance_hesi_low_v2__team_tactical_pack__bbhsl_3_4772.jpeg","datePublished":"2026-03-02T08:12:30+00:00","dateModified":"2026-03-27T18:51:54+00:00","breadcrumb":{"@id":"https:\/\/tourcruiser.com\/#breadcrumb"},"inLanguage":"de","potentialAction":[{"@type":"ReadAction","target":["https:\/\/tourcruiser.com\/"]}]},{"@type":"ImageObject","inLanguage":"de","@id":"https:\/\/tourcruiser.com\/#primaryimage","url":"https:\/\/images.novelship.com\/product\/new_balance_hesi_low_v2__team_tactical_pack__bbhsl_0_4771.jpeg;https:\/\/images.novelship.com\/product\/new_balance_hesi_low_v2__team_tactical_pack__bbhsl_1_4772.jpeg;https:\/\/images.novelship.com\/product\/new_balance_hesi_low_v2__team_tactical_pack__bbhsl_2_4772.jpeg;https:\/\/images.novelship.com\/product\/new_balance_hesi_low_v2__team_tactical_pack__bbhsl_3_4772.jpeg","contentUrl":"https:\/\/images.novelship.com\/product\/new_balance_hesi_low_v2__team_tactical_pack__bbhsl_0_4771.jpeg;https:\/\/images.novelship.com\/product\/new_balance_hesi_low_v2__team_tactical_pack__bbhsl_1_4772.jpeg;https:\/\/images.novelship.com\/product\/new_balance_hesi_low_v2__team_tactical_pack__bbhsl_2_4772.jpeg;https:\/\/images.novelship.com\/product\/new_balance_hesi_low_v2__team_tactical_pack__bbhsl_3_4772.jpeg"},{"@type":"BreadcrumbList","@id":"https:\/\/tourcruiser.com\/#breadcrumb","itemListElement":[{"@type":"ListItem","position":1,"name":"Home","item":"https:\/\/tourcruiser.com\/de\/"},{"@type":"ListItem","position":2,"name":"Shop","item":"https:\/\/tourcruiser.com\/de\/shop\/"},{"@type":"ListItem","position":3,"name":"New Balance Hesi Low V2 &#8218;Team Tactical Pack&#8216;"}]},{"@type":"WebSite","@id":"https:\/\/tourcruiser.com\/de\/#website","url":"https:\/\/tourcruiser.com\/de\/","name":"Styloral Jewelry Shop","description":"Tourcruiser Sneaker Store \u2014 der Ort, an dem das Universum deine Einzigartigkeit trifft.","publisher":{"@id":"https:\/\/tourcruiser.com\/de\/#organization"},"potentialAction":[{"@type":"SearchAction","target":{"@type":"EntryPoint","urlTemplate":"https:\/\/tourcruiser.com\/de\/?s={search_term_string}"},"query-input":{"@type":"PropertyValueSpecification","valueRequired":true,"valueName":"search_term_string"}}],"inLanguage":"de"},{"@type":"Organization","@id":"https:\/\/tourcruiser.com\/de\/#organization","name":"STYLORAL PTE. LTD","url":"https:\/\/tourcruiser.com\/de\/","logo":{"@type":"ImageObject","inLanguage":"de","@id":"https:\/\/tourcruiser.com\/de\/#\/schema\/logo\/image\/","url":"https:\/\/www.tourcruiser.com\/wp-content\/uploads\/2025\/12\/logo.png","contentUrl":"https:\/\/www.tourcruiser.com\/wp-content\/uploads\/2025\/12\/logo.png","width":200,"height":65,"caption":"STYLORAL PTE. LTD"},"image":{"@id":"https:\/\/tourcruiser.com\/de\/#\/schema\/logo\/image\/"}}]}},"_links":{"self":[{"href":"https:\/\/tourcruiser.com\/de\/wp-json\/wp\/v2\/product\/53104","targetHints":{"allow":["GET"]}}],"collection":[{"href":"https:\/\/tourcruiser.com\/de\/wp-json\/wp\/v2\/product"}],"about":[{"href":"https:\/\/tourcruiser.com\/de\/wp-json\/wp\/v2\/types\/product"}],"replies":[{"embeddable":true,"href":"https:\/\/tourcruiser.com\/de\/wp-json\/wp\/v2\/comments?post=53104"}],"wp:featuredmedia":[{"embeddable":true,"href":"https:\/\/tourcruiser.com\/de\/wp-json\/wp\/v2\/media\/53105"}],"wp:attachment":[{"href":"https:\/\/tourcruiser.com\/de\/wp-json\/wp\/v2\/media?parent=53104"}],"wp:term":[{"taxonomy":"product_brand","embeddable":true,"href":"https:\/\/tourcruiser.com\/de\/wp-json\/wp\/v2\/product_brand?post=53104"},{"taxonomy":"product_cat","embeddable":true,"href":"https:\/\/tourcruiser.com\/de\/wp-json\/wp\/v2\/product_cat?post=53104"},{"taxonomy":"product_tag","embeddable":true,"href":"https:\/\/tourcruiser.com\/de\/wp-json\/wp\/v2\/product_tag?post=53104"}],"curies":[{"name":"wp","href":"https:\/\/api.w.org\/{rel}","templated":true}]}}