{"id":52881,"date":"2026-03-02T15:12:10","date_gmt":"2026-03-02T08:12:10","guid":{"rendered":"http:\/\/tourcruiser.com\/product\/asics-lifewalker-m010-gray"},"modified":"2026-03-28T01:00:23","modified_gmt":"2026-03-27T18:00:23","slug":"asics-lifewalker-m010-gray","status":"publish","type":"product","link":"https:\/\/tourcruiser.com\/de\/products\/asics-lifewalker-m010-gray\/","title":{"rendered":"ASICS LifeWalker M010 Gray"},"content":{"rendered":"<p>Erleben Sie ganzt\u00e4gigen Komfort und Stabilit\u00e4t mit dem ASICS LifeWalker M010 Gray 1241A010, einem zuverl\u00e4ssigen Walking-Schuh, der optimale Unterst\u00fctzung und Stil vereint. Dank seiner robusten und dennoch leichten Konstruktion und des atmungsaktiven Obermaterials bleiben Ihre F\u00fc\u00dfe auch bei l\u00e4ngerem Tragen angenehm k\u00fchl. Die gepolsterte Zwischensohle sorgt f\u00fcr hervorragende Sto\u00dfd\u00e4mpfung, reduziert die Belastung Ihrer Gelenke und f\u00f6rdert ein geschmeidigeres Abrollen.<\/p>\n<p>Die stabile Au\u00dfensohle bietet au\u00dfergew\u00f6hnlichen Grip und Traktion, sodass Sie auf verschiedenen Untergr\u00fcnden sicher unterwegs sind. Das ergonomische Design und die bequeme Passform machen ihn perfekt f\u00fcr Spazierg\u00e4nge, Erledigungen oder einfach f\u00fcr alle, die viel auf den Beinen sind. Die elegante graue Farbe verleiht ihm eine vielseitige, moderne Note, die zu jedem Freizeitoutfit passt.<\/p>\n<p>Ob Sie Ihre Mobilit\u00e4t verbessern oder einfach nur neue Schuhe suchen \u201d\u201c der ASICS LifeWalker M010 Gray 1241A010 ist die perfekte Kombination aus Funktionalit\u00e4t und Stil f\u00fcr alle, die Wert auf Komfort, Qualit\u00e4t und Zuverl\u00e4ssigkeit legen. Genie\u00dfen Sie jeden Schritt in einem Schuh, der pr\u00e4zise f\u00fcr Ihren aktiven Lebensstil entwickelt wurde.<\/p>\n<ul>\n<li><strong>Artikelnummer:<\/strong> 1241A010<\/li>\n<li><strong>Farbe:<\/strong> Grau<\/li>\n<\/ul>\n","protected":false},"excerpt":{"rendered":"<p>ASICS LifeWalker M010 Gray<\/p>\n","protected":false},"featured_media":52882,"comment_status":"open","ping_status":"closed","template":"","meta":[],"product_brand":[],"product_cat":[10792],"product_tag":[10791,10754,10765,10768,10758],"class_list":{"0":"post-52881","1":"product","2":"type-product","3":"status-publish","4":"has-post-thumbnail","6":"product_cat-asics","7":"product_tag-asics","8":"product_tag-lifestyle-casual-shoes","9":"product_tag-lifestyle-shoes-running-inspired","10":"product_tag-retro-running-shoes","11":"product_tag-under-retail","12":"wcpa_has_options","14":"first","15":"outofstock","16":"taxable","17":"shipping-taxable","18":"purchasable","19":"product-type-simple"},"wcpa_form_fields":{"rules":{"pric_overide_base_price":false,"pric_overide_base_price_if_gt_zero":false,"pric_overide_base_price_fully":false,"pric_cal_option_once":false,"pric_use_as_fee":false,"bind_quantity":false,"quantity_bind_formula":false},"fields":[{"type":"color-group","required":true,"elementId":"wcpa-color-group-69a5ab08ee12d","label":"Gr\u00f6\u00dfe","inline":true,"priceOptions":"different_for_all","pricingType":"fixed","className":"hassizechart product-shoes-size-eu product-shoes-size","name":"color-group-69a5ab08ee136","disp_type":"square","selection_type":"tick-border","disp_size":"50","show_label_inside":true,"adjust_width":true,"cart_display_type":"text","other_text":"Other","cl_rule":"show","col":6,"values":[{"label":"36","value":"EU 36","price":"","pimage":"","pimage_id":"","pthumb":"","color":"","selected":true},{"label":"37","value":"EU 37","price":"","pimage":"","pimage_id":"","pthumb":"","color":""},{"label":"37.5","value":"EU 37.5","price":"","pimage":"","pimage_id":"","pthumb":"","color":""},{"label":"38","value":"EU 38","price":"","pimage":"","pimage_id":"","pthumb":"","color":""},{"label":"38.5","value":"EU 38.5","price":"","pimage":"","pimage_id":"","pthumb":"","color":""},{"label":"39","value":"EU 39","price":"","pimage":"","pimage_id":"","pthumb":"","color":""},{"label":"39.5","value":"EU 39.5","price":"","pimage":"","pimage_id":"","pthumb":"","color":""},{"label":"40","value":"EU 40","price":"","pimage":"","pimage_id":"","pthumb":"","color":""},{"label":"40.5","value":"EU 40.5","price":"","pimage":"","pimage_id":"","pthumb":"","color":""},{"label":" 41.5","value":"EU 41.5","price":"","pimage":"","pimage_id":"","pthumb":"","color":""},{"label":"42","value":"EU 42","price":"","pimage":"","pimage_id":"","pthumb":"","color":""},{"label":"42.5","value":"EU 42.5","price":"","pimage":"","pimage_id":"","pthumb":"","color":""},{"label":"43.5","value":"EU 43.5","price":"","pimage":"","pimage_id":"","pthumb":"","color":""},{"label":"44","value":"EU 44","price":"","pimage":"","pimage_id":"","pthumb":"","color":""},{"label":"44.5","value":"EU 44.5","price":"","pimage":"","pimage_id":"","pthumb":"","color":""},{"label":"45","value":"EU 45","price":"","pimage":"","pimage_id":"","pthumb":"","color":""}],"relations":[{"operator":false,"rules":[]}],"form_id":184311,"form_rules":{"pric_cal_option_once":false,"exclude_from_discount":false,"pric_use_as_fee":false,"fee_label":"Fee","render_after_acb":false,"disp_hide_options_price":false}}]},"yoast_head":"<!-- This site is optimized with the Yoast SEO plugin v26.5 - https:\/\/yoast.com\/wordpress\/plugins\/seo\/ -->\n<title>ASICS LifeWalker M010 Gray  - Tourcruiser PTE. LTD<\/title>\n<meta name=\"robots\" content=\"index, follow, max-snippet:-1, max-image-preview:large, max-video-preview:-1\" \/>\n<link rel=\"canonical\" href=\"https:\/\/tourcruiser.com\/\" \/>\n<meta property=\"og:locale\" content=\"de_DE\" \/>\n<meta property=\"og:type\" content=\"article\" \/>\n<meta property=\"og:title\" content=\"ASICS LifeWalker M010 Gray  - Tourcruiser PTE. LTD\" \/>\n<meta property=\"og:description\" content=\"ASICS LifeWalker M010 Gray\" \/>\n<meta property=\"og:url\" content=\"\/\" \/>\n<meta property=\"og:site_name\" content=\"Tourcruiser Sneaker Store\" \/>\n<meta property=\"article:modified_time\" content=\"2026-03-27T18:00:23+00:00\" \/>\n<meta name=\"twitter:card\" content=\"summary_large_image\" \/>\n<meta name=\"twitter:image\" content=\"https:\/\/images.novelship.com\/product\/asics_lifewalker_m010_gray_1241a010_0_86464.png;https:\/\/images.novelship.com\/product\/asics_lifewalker_m010_gray_1241a010_1_86464.png;https:\/\/images.novelship.com\/product\/asics_lifewalker_m010_gray_1241a010_2_86464.png;https:\/\/images.novelship.com\/product\/asics_lifewalker_m010_gray_1241a010_3_86465.png;https:\/\/images.novelship.com\/product\/asics_lifewalker_m010_gray_1241a010_4_86465.png;https:\/\/images.novelship.com\/product\/asics_lifewalker_m010_gray_1241a010_5_86465.png;https:\/\/images.novelship.com\/product\/asics_lifewalker_m010_gray_1241a010_6_86465.png\" \/>\n<meta name=\"twitter:label1\" content=\"Gesch\u00e4tzte Lesezeit\" \/>\n\t<meta name=\"twitter:data1\" content=\"1\u00a0Minute\" \/>\n<script type=\"application\/ld+json\" class=\"yoast-schema-graph\">{\"@context\":\"https:\/\/schema.org\",\"@graph\":[{\"@type\":\"WebPage\",\"@id\":\"\/\",\"url\":\"https:\/\/tourcruiser.com\/\",\"name\":\"ASICS LifeWalker M010 Gray - Tourcruiser PTE. LTD\",\"isPartOf\":{\"@id\":\"https:\/\/tourcruiser.com\/de\/#website\"},\"primaryImageOfPage\":{\"@id\":\"https:\/\/tourcruiser.com\/#primaryimage\"},\"image\":{\"@id\":\"https:\/\/tourcruiser.com\/#primaryimage\"},\"thumbnailUrl\":\"https:\/\/images.novelship.com\/product\/asics_lifewalker_m010_gray_1241a010_0_86464.png;https:\/\/images.novelship.com\/product\/asics_lifewalker_m010_gray_1241a010_1_86464.png;https:\/\/images.novelship.com\/product\/asics_lifewalker_m010_gray_1241a010_2_86464.png;https:\/\/images.novelship.com\/product\/asics_lifewalker_m010_gray_1241a010_3_86465.png;https:\/\/images.novelship.com\/product\/asics_lifewalker_m010_gray_1241a010_4_86465.png;https:\/\/images.novelship.com\/product\/asics_lifewalker_m010_gray_1241a010_5_86465.png;https:\/\/images.novelship.com\/product\/asics_lifewalker_m010_gray_1241a010_6_86465.png\",\"datePublished\":\"2026-03-02T08:12:10+00:00\",\"dateModified\":\"2026-03-27T18:00:23+00:00\",\"breadcrumb\":{\"@id\":\"https:\/\/tourcruiser.com\/#breadcrumb\"},\"inLanguage\":\"de\",\"potentialAction\":[{\"@type\":\"ReadAction\",\"target\":[\"https:\/\/tourcruiser.com\/\"]}]},{\"@type\":\"ImageObject\",\"inLanguage\":\"de\",\"@id\":\"https:\/\/tourcruiser.com\/#primaryimage\",\"url\":\"https:\/\/images.novelship.com\/product\/asics_lifewalker_m010_gray_1241a010_0_86464.png;https:\/\/images.novelship.com\/product\/asics_lifewalker_m010_gray_1241a010_1_86464.png;https:\/\/images.novelship.com\/product\/asics_lifewalker_m010_gray_1241a010_2_86464.png;https:\/\/images.novelship.com\/product\/asics_lifewalker_m010_gray_1241a010_3_86465.png;https:\/\/images.novelship.com\/product\/asics_lifewalker_m010_gray_1241a010_4_86465.png;https:\/\/images.novelship.com\/product\/asics_lifewalker_m010_gray_1241a010_5_86465.png;https:\/\/images.novelship.com\/product\/asics_lifewalker_m010_gray_1241a010_6_86465.png\",\"contentUrl\":\"https:\/\/images.novelship.com\/product\/asics_lifewalker_m010_gray_1241a010_0_86464.png;https:\/\/images.novelship.com\/product\/asics_lifewalker_m010_gray_1241a010_1_86464.png;https:\/\/images.novelship.com\/product\/asics_lifewalker_m010_gray_1241a010_2_86464.png;https:\/\/images.novelship.com\/product\/asics_lifewalker_m010_gray_1241a010_3_86465.png;https:\/\/images.novelship.com\/product\/asics_lifewalker_m010_gray_1241a010_4_86465.png;https:\/\/images.novelship.com\/product\/asics_lifewalker_m010_gray_1241a010_5_86465.png;https:\/\/images.novelship.com\/product\/asics_lifewalker_m010_gray_1241a010_6_86465.png\"},{\"@type\":\"BreadcrumbList\",\"@id\":\"https:\/\/tourcruiser.com\/#breadcrumb\",\"itemListElement\":[{\"@type\":\"ListItem\",\"position\":1,\"name\":\"Home\",\"item\":\"https:\/\/tourcruiser.com\/de\/\"},{\"@type\":\"ListItem\",\"position\":2,\"name\":\"Shop\",\"item\":\"https:\/\/tourcruiser.com\/de\/shop\/\"},{\"@type\":\"ListItem\",\"position\":3,\"name\":\"ASICS LifeWalker M010 Gray\"}]},{\"@type\":\"WebSite\",\"@id\":\"https:\/\/tourcruiser.com\/de\/#website\",\"url\":\"https:\/\/tourcruiser.com\/de\/\",\"name\":\"Styloral Jewelry Shop\",\"description\":\"Tourcruiser Sneaker Store \u2014 der Ort, an dem das Universum deine Einzigartigkeit trifft.\",\"publisher\":{\"@id\":\"https:\/\/tourcruiser.com\/de\/#organization\"},\"potentialAction\":[{\"@type\":\"SearchAction\",\"target\":{\"@type\":\"EntryPoint\",\"urlTemplate\":\"https:\/\/tourcruiser.com\/de\/?s={search_term_string}\"},\"query-input\":{\"@type\":\"PropertyValueSpecification\",\"valueRequired\":true,\"valueName\":\"search_term_string\"}}],\"inLanguage\":\"de\"},{\"@type\":\"Organization\",\"@id\":\"https:\/\/tourcruiser.com\/de\/#organization\",\"name\":\"STYLORAL PTE. LTD\",\"url\":\"https:\/\/tourcruiser.com\/de\/\",\"logo\":{\"@type\":\"ImageObject\",\"inLanguage\":\"de\",\"@id\":\"https:\/\/tourcruiser.com\/de\/#\/schema\/logo\/image\/\",\"url\":\"https:\/\/www.tourcruiser.com\/wp-content\/uploads\/2025\/12\/logo.png\",\"contentUrl\":\"https:\/\/www.tourcruiser.com\/wp-content\/uploads\/2025\/12\/logo.png\",\"width\":200,\"height\":65,\"caption\":\"STYLORAL PTE. LTD\"},\"image\":{\"@id\":\"https:\/\/tourcruiser.com\/de\/#\/schema\/logo\/image\/\"}}]}<\/script>\n<!-- \/ Yoast SEO plugin. -->","yoast_head_json":{"title":"ASICS LifeWalker M010 Gray  - Tourcruiser PTE. LTD","robots":{"index":"index","follow":"follow","max-snippet":"max-snippet:-1","max-image-preview":"max-image-preview:large","max-video-preview":"max-video-preview:-1"},"canonical":"https:\/\/tourcruiser.com\/","og_locale":"de_DE","og_type":"article","og_title":"ASICS LifeWalker M010 Gray  - Tourcruiser PTE. LTD","og_description":"ASICS LifeWalker M010 Gray","og_url":"\/","og_site_name":"Tourcruiser Sneaker Store","article_modified_time":"2026-03-27T18:00:23+00:00","twitter_card":"summary_large_image","twitter_image":"https:\/\/images.novelship.com\/product\/asics_lifewalker_m010_gray_1241a010_0_86464.png;https:\/\/images.novelship.com\/product\/asics_lifewalker_m010_gray_1241a010_1_86464.png;https:\/\/images.novelship.com\/product\/asics_lifewalker_m010_gray_1241a010_2_86464.png;https:\/\/images.novelship.com\/product\/asics_lifewalker_m010_gray_1241a010_3_86465.png;https:\/\/images.novelship.com\/product\/asics_lifewalker_m010_gray_1241a010_4_86465.png;https:\/\/images.novelship.com\/product\/asics_lifewalker_m010_gray_1241a010_5_86465.png;https:\/\/images.novelship.com\/product\/asics_lifewalker_m010_gray_1241a010_6_86465.png","twitter_misc":{"Gesch\u00e4tzte Lesezeit":"1\u00a0Minute"},"schema":{"@context":"https:\/\/schema.org","@graph":[{"@type":"WebPage","@id":"\/","url":"https:\/\/tourcruiser.com\/","name":"ASICS LifeWalker M010 Gray - Tourcruiser PTE. LTD","isPartOf":{"@id":"https:\/\/tourcruiser.com\/de\/#website"},"primaryImageOfPage":{"@id":"https:\/\/tourcruiser.com\/#primaryimage"},"image":{"@id":"https:\/\/tourcruiser.com\/#primaryimage"},"thumbnailUrl":"https:\/\/images.novelship.com\/product\/asics_lifewalker_m010_gray_1241a010_0_86464.png;https:\/\/images.novelship.com\/product\/asics_lifewalker_m010_gray_1241a010_1_86464.png;https:\/\/images.novelship.com\/product\/asics_lifewalker_m010_gray_1241a010_2_86464.png;https:\/\/images.novelship.com\/product\/asics_lifewalker_m010_gray_1241a010_3_86465.png;https:\/\/images.novelship.com\/product\/asics_lifewalker_m010_gray_1241a010_4_86465.png;https:\/\/images.novelship.com\/product\/asics_lifewalker_m010_gray_1241a010_5_86465.png;https:\/\/images.novelship.com\/product\/asics_lifewalker_m010_gray_1241a010_6_86465.png","datePublished":"2026-03-02T08:12:10+00:00","dateModified":"2026-03-27T18:00:23+00:00","breadcrumb":{"@id":"https:\/\/tourcruiser.com\/#breadcrumb"},"inLanguage":"de","potentialAction":[{"@type":"ReadAction","target":["https:\/\/tourcruiser.com\/"]}]},{"@type":"ImageObject","inLanguage":"de","@id":"https:\/\/tourcruiser.com\/#primaryimage","url":"https:\/\/images.novelship.com\/product\/asics_lifewalker_m010_gray_1241a010_0_86464.png;https:\/\/images.novelship.com\/product\/asics_lifewalker_m010_gray_1241a010_1_86464.png;https:\/\/images.novelship.com\/product\/asics_lifewalker_m010_gray_1241a010_2_86464.png;https:\/\/images.novelship.com\/product\/asics_lifewalker_m010_gray_1241a010_3_86465.png;https:\/\/images.novelship.com\/product\/asics_lifewalker_m010_gray_1241a010_4_86465.png;https:\/\/images.novelship.com\/product\/asics_lifewalker_m010_gray_1241a010_5_86465.png;https:\/\/images.novelship.com\/product\/asics_lifewalker_m010_gray_1241a010_6_86465.png","contentUrl":"https:\/\/images.novelship.com\/product\/asics_lifewalker_m010_gray_1241a010_0_86464.png;https:\/\/images.novelship.com\/product\/asics_lifewalker_m010_gray_1241a010_1_86464.png;https:\/\/images.novelship.com\/product\/asics_lifewalker_m010_gray_1241a010_2_86464.png;https:\/\/images.novelship.com\/product\/asics_lifewalker_m010_gray_1241a010_3_86465.png;https:\/\/images.novelship.com\/product\/asics_lifewalker_m010_gray_1241a010_4_86465.png;https:\/\/images.novelship.com\/product\/asics_lifewalker_m010_gray_1241a010_5_86465.png;https:\/\/images.novelship.com\/product\/asics_lifewalker_m010_gray_1241a010_6_86465.png"},{"@type":"BreadcrumbList","@id":"https:\/\/tourcruiser.com\/#breadcrumb","itemListElement":[{"@type":"ListItem","position":1,"name":"Home","item":"https:\/\/tourcruiser.com\/de\/"},{"@type":"ListItem","position":2,"name":"Shop","item":"https:\/\/tourcruiser.com\/de\/shop\/"},{"@type":"ListItem","position":3,"name":"ASICS LifeWalker M010 Gray"}]},{"@type":"WebSite","@id":"https:\/\/tourcruiser.com\/de\/#website","url":"https:\/\/tourcruiser.com\/de\/","name":"Styloral Jewelry Shop","description":"Tourcruiser Sneaker Store \u2014 der Ort, an dem das Universum deine Einzigartigkeit trifft.","publisher":{"@id":"https:\/\/tourcruiser.com\/de\/#organization"},"potentialAction":[{"@type":"SearchAction","target":{"@type":"EntryPoint","urlTemplate":"https:\/\/tourcruiser.com\/de\/?s={search_term_string}"},"query-input":{"@type":"PropertyValueSpecification","valueRequired":true,"valueName":"search_term_string"}}],"inLanguage":"de"},{"@type":"Organization","@id":"https:\/\/tourcruiser.com\/de\/#organization","name":"STYLORAL PTE. LTD","url":"https:\/\/tourcruiser.com\/de\/","logo":{"@type":"ImageObject","inLanguage":"de","@id":"https:\/\/tourcruiser.com\/de\/#\/schema\/logo\/image\/","url":"https:\/\/www.tourcruiser.com\/wp-content\/uploads\/2025\/12\/logo.png","contentUrl":"https:\/\/www.tourcruiser.com\/wp-content\/uploads\/2025\/12\/logo.png","width":200,"height":65,"caption":"STYLORAL PTE. LTD"},"image":{"@id":"https:\/\/tourcruiser.com\/de\/#\/schema\/logo\/image\/"}}]}},"_links":{"self":[{"href":"https:\/\/tourcruiser.com\/de\/wp-json\/wp\/v2\/product\/52881","targetHints":{"allow":["GET"]}}],"collection":[{"href":"https:\/\/tourcruiser.com\/de\/wp-json\/wp\/v2\/product"}],"about":[{"href":"https:\/\/tourcruiser.com\/de\/wp-json\/wp\/v2\/types\/product"}],"replies":[{"embeddable":true,"href":"https:\/\/tourcruiser.com\/de\/wp-json\/wp\/v2\/comments?post=52881"}],"wp:featuredmedia":[{"embeddable":true,"href":"https:\/\/tourcruiser.com\/de\/wp-json\/wp\/v2\/media\/52882"}],"wp:attachment":[{"href":"https:\/\/tourcruiser.com\/de\/wp-json\/wp\/v2\/media?parent=52881"}],"wp:term":[{"taxonomy":"product_brand","embeddable":true,"href":"https:\/\/tourcruiser.com\/de\/wp-json\/wp\/v2\/product_brand?post=52881"},{"taxonomy":"product_cat","embeddable":true,"href":"https:\/\/tourcruiser.com\/de\/wp-json\/wp\/v2\/product_cat?post=52881"},{"taxonomy":"product_tag","embeddable":true,"href":"https:\/\/tourcruiser.com\/de\/wp-json\/wp\/v2\/product_tag?post=52881"}],"curies":[{"name":"wp","href":"https:\/\/api.w.org\/{rel}","templated":true}]}}