{"id":52406,"date":"2026-03-02T15:11:29","date_gmt":"2026-03-02T08:11:29","guid":{"rendered":"http:\/\/tourcruiser.com\/product\/adidas-adizero-boston-13-cloud-whitecore-blacklucid-red"},"modified":"2026-03-28T00:59:55","modified_gmt":"2026-03-27T17:59:55","slug":"adidas-adizero-boston-13-cloud-whitecore-blacklucid-red","status":"publish","type":"product","link":"https:\/\/tourcruiser.com\/de\/products\/adidas-adizero-boston-13-cloud-whitecore-blacklucid-red\/","title":{"rendered":"Adidas Adizero Boston 13 Cloud White\/Core Black\/Lucid Red"},"content":{"rendered":"<p>Erlebe Geschwindigkeit und Komfort mit dem Adidas Adizero Boston 13. Dieser Schuh wurde f\u00fcr L\u00e4ufer entwickelt, die sich einen Wettbewerbsvorteil verschaffen wollen. Er vereint modernste Performance-Technologie mit einer auff\u00e4lligen Farbkombination aus Cloud White, Core Black und Lucid Red. Dank der leichten D\u00e4mpfung und der reaktionsfreudigen Sohle f\u00fchlt sich jeder Schritt energiegeladen und effizient an. Ob Wettkampf oder t\u00e4gliches Training \u201d\u201c dieser Sneaker garantiert Langlebigkeit und Agilit\u00e4t. Bring dein Laufspiel weltweit auf ein neues Level mit dem Adidas Adizero Boston 13, wo Stil auf \u00fcberragende Funktionalit\u00e4t trifft.<\/p>\n<ul>\n<li><strong>Farbkombination:<\/strong> Cloud White\/Core Black\/Lucid Red<\/li>\n<li><strong>Artikelnummer:<\/strong> JS4932<\/li>\n<li><strong>Obermaterial:<\/strong> Mesh<\/li>\n<li><strong>Zwischensohle:<\/strong> Lightstrike Pro<\/li>\n<li><strong>Farbe:<\/strong> Wei\u00df<\/li>\n<\/ul>\n","protected":false},"excerpt":{"rendered":"<p>adidas Adizero Boston 13 \u201d\u201d Cloud White\/Core Black\/Lucid Red<\/p>\n","protected":false},"featured_media":52407,"comment_status":"open","ping_status":"closed","template":"","meta":[],"product_brand":[],"product_cat":[10760],"product_tag":[10759,10837,10839,10802,10840,11054,10758],"class_list":{"0":"post-52406","1":"product","2":"type-product","3":"status-publish","4":"has-post-thumbnail","6":"product_cat-adidas","7":"product_tag-adidas","8":"product_tag-marathon-long-distance-running-shoes","9":"product_tag-performance-running-shoes","10":"product_tag-performance-sport-shoes","11":"product_tag-running-shoes","12":"product_tag-tempo-interval-running-shoes","13":"product_tag-under-retail","14":"wcpa_has_options","16":"first","17":"outofstock","18":"sale","19":"taxable","20":"shipping-taxable","21":"purchasable","22":"product-type-simple"},"wcpa_form_fields":{"rules":{"pric_overide_base_price":false,"pric_overide_base_price_if_gt_zero":false,"pric_overide_base_price_fully":false,"pric_cal_option_once":false,"pric_use_as_fee":false,"bind_quantity":false,"quantity_bind_formula":false},"fields":[{"type":"color-group","required":true,"elementId":"wcpa-color-group-66c4a7f817afe","label":"Gr\u00f6\u00dfe","inline":true,"priceOptions":"different_for_all","pricingType":"fixed","className":"hassizechart product-shoes-size-eu product-shoes-size","name":"color-group-66c4a7f817b18","disp_type":"square","selection_type":"tick-border","disp_size":"50","show_label_inside":true,"adjust_width":true,"cart_display_type":"text","other_text":"Other","cl_rule":"show","col":6,"values":[{"label":"35","value":"EU 35","price":"","pimage":"","pimage_id":"","pthumb":"","color":""},{"label":"35.5","value":"EU 35.5","price":"","pimage":"","pimage_id":"","pthumb":"","color":""},{"label":"36","value":"EU 36","price":"","pimage":"","pimage_id":"","pthumb":"","color":"","selected":true},{"label":"36 2\/3","value":"EU 36 2\/3","price":"","pimage":"","pimage_id":"","pthumb":"","color":""},{"label":"37 1\/3","value":"EU 37 1\/3","price":"","pimage":"","pimage_id":"","pthumb":"","color":""},{"label":"38","value":"EU 38","price":"","pimage":"","pimage_id":"","pthumb":"","color":""},{"label":"38 2\/3","value":"EU 38 2\/3","price":"","pimage":"","pimage_id":"","pthumb":"","color":""},{"label":"39 1\/3","value":"EU 39 1\/3","price":"","pimage":"","pimage_id":"","pthumb":"","color":""},{"label":"40","value":"EU 40","price":"","pimage":"","pimage_id":"","pthumb":"","color":""},{"label":"40 2\/3","value":"EU 40 2\/3","price":"","pimage":"","pimage_id":"","pthumb":"","color":""},{"label":"41 1\/3","value":"EU 41 1\/3","price":"","pimage":"","pimage_id":"","pthumb":"","color":""},{"label":"42","value":"EU 42","price":"","pimage":"","pimage_id":"","pthumb":"","color":""},{"label":"42 2\/3","value":"EU 42 2\/3","price":"","pimage":"","pimage_id":"","pthumb":"","color":""},{"label":"43 1\/3","value":"EU 43 1\/3","price":"","pimage":"","pimage_id":"","pthumb":"","color":""},{"label":"44","value":"EU 44","price":"","pimage":"","pimage_id":"","pthumb":"","color":""},{"label":"44 2\/3","value":"EU 44 2\/3","price":"","pimage":"","pimage_id":"","pthumb":"","color":""},{"label":"45 1\/3","value":"EU 45 1\/3","price":"","pimage":"","pimage_id":"","pthumb":"","color":""},{"label":"46","value":"EU 46","price":"","pimage":"","pimage_id":"","pthumb":"","color":""},{"label":"46 2\/3","value":"EU 46 2\/3","price":"","pimage":"","pimage_id":"","pthumb":"","color":""},{"label":"47 1\/3","value":"EU 47 1\/3","price":"","pimage":"","pimage_id":"","pthumb":"","color":""}],"relations":[{"operator":false,"rules":[]}],"form_id":24802,"form_rules":{"pric_cal_option_once":false,"exclude_from_discount":false,"pric_use_as_fee":false,"fee_label":"Fee","render_after_acb":false,"disp_hide_options_price":false}}]},"yoast_head":"<!-- This site is optimized with the Yoast SEO plugin v26.5 - https:\/\/yoast.com\/wordpress\/plugins\/seo\/ -->\n<title>Adidas Adizero Boston 13 Cloud White\/Core Black\/Lucid Red  - Tourcruiser PTE. LTD<\/title>\n<meta name=\"robots\" content=\"index, follow, max-snippet:-1, max-image-preview:large, max-video-preview:-1\" \/>\n<link rel=\"canonical\" href=\"https:\/\/tourcruiser.com\/\" \/>\n<meta property=\"og:locale\" content=\"de_DE\" \/>\n<meta property=\"og:type\" content=\"article\" \/>\n<meta property=\"og:title\" content=\"Adidas Adizero Boston 13 Cloud White\/Core Black\/Lucid Red  - Tourcruiser PTE. LTD\" \/>\n<meta property=\"og:description\" content=\"adidas Adizero Boston 13 \u201d\u201d Cloud White\/Core Black\/Lucid Red\" \/>\n<meta property=\"og:url\" content=\"\/\" \/>\n<meta property=\"og:site_name\" content=\"Tourcruiser Sneaker Store\" \/>\n<meta property=\"article:modified_time\" content=\"2026-03-27T17:59:55+00:00\" \/>\n<meta name=\"twitter:card\" content=\"summary_large_image\" \/>\n<meta name=\"twitter:image\" content=\"https:\/\/images.novelship.com\/product\/adidas_adizero_boston_13_cloud_white_core_black_lu_0_34958.jpeg;https:\/\/images.novelship.com\/product\/adidas_adizero_boston_13_cloud_white_core_black_lu_1_34958.jpeg;https:\/\/images.novelship.com\/product\/adidas_adizero_boston_13_cloud_white_core_black_lu_2_34958.jpeg;https:\/\/images.novelship.com\/product\/adidas_adizero_boston_13_cloud_white_core_black_lu_3_34958.jpeg;https:\/\/images.novelship.com\/product\/adidas_adizero_boston_13_cloud_white_core_black_lu_4_34958.jpeg;https:\/\/images.novelship.com\/product\/adidas_adizero_boston_13_cloud_white_core_black_lu_5_34958.jpeg;https:\/\/images.novelship.com\/product\/adidas_adizero_boston_13_cloud_white_core_black_lu_6_34958.jpeg;https:\/\/images.novelship.com\/product\/adidas_adizero_boston_13_cloud_white_core_black_lu_7_34958.jpeg;https:\/\/images.novelship.com\/product\/adidas_adizero_boston_13_cloud_white_core_black_lu_8_34958.jpeg\" \/>\n<meta name=\"twitter:label1\" content=\"Gesch\u00e4tzte Lesezeit\" \/>\n\t<meta name=\"twitter:data1\" content=\"1\u00a0Minute\" \/>\n<script type=\"application\/ld+json\" class=\"yoast-schema-graph\">{\"@context\":\"https:\/\/schema.org\",\"@graph\":[{\"@type\":\"WebPage\",\"@id\":\"\/\",\"url\":\"https:\/\/tourcruiser.com\/\",\"name\":\"Adidas Adizero Boston 13 Cloud White\/Core Black\/Lucid Red - Tourcruiser PTE. LTD\",\"isPartOf\":{\"@id\":\"https:\/\/tourcruiser.com\/de\/#website\"},\"primaryImageOfPage\":{\"@id\":\"https:\/\/tourcruiser.com\/#primaryimage\"},\"image\":{\"@id\":\"https:\/\/tourcruiser.com\/#primaryimage\"},\"thumbnailUrl\":\"https:\/\/images.novelship.com\/product\/adidas_adizero_boston_13_cloud_white_core_black_lu_0_34958.jpeg;https:\/\/images.novelship.com\/product\/adidas_adizero_boston_13_cloud_white_core_black_lu_1_34958.jpeg;https:\/\/images.novelship.com\/product\/adidas_adizero_boston_13_cloud_white_core_black_lu_2_34958.jpeg;https:\/\/images.novelship.com\/product\/adidas_adizero_boston_13_cloud_white_core_black_lu_3_34958.jpeg;https:\/\/images.novelship.com\/product\/adidas_adizero_boston_13_cloud_white_core_black_lu_4_34958.jpeg;https:\/\/images.novelship.com\/product\/adidas_adizero_boston_13_cloud_white_core_black_lu_5_34958.jpeg;https:\/\/images.novelship.com\/product\/adidas_adizero_boston_13_cloud_white_core_black_lu_6_34958.jpeg;https:\/\/images.novelship.com\/product\/adidas_adizero_boston_13_cloud_white_core_black_lu_7_34958.jpeg;https:\/\/images.novelship.com\/product\/adidas_adizero_boston_13_cloud_white_core_black_lu_8_34958.jpeg\",\"datePublished\":\"2026-03-02T08:11:29+00:00\",\"dateModified\":\"2026-03-27T17:59:55+00:00\",\"breadcrumb\":{\"@id\":\"https:\/\/tourcruiser.com\/#breadcrumb\"},\"inLanguage\":\"de\",\"potentialAction\":[{\"@type\":\"ReadAction\",\"target\":[\"https:\/\/tourcruiser.com\/\"]}]},{\"@type\":\"ImageObject\",\"inLanguage\":\"de\",\"@id\":\"https:\/\/tourcruiser.com\/#primaryimage\",\"url\":\"https:\/\/images.novelship.com\/product\/adidas_adizero_boston_13_cloud_white_core_black_lu_0_34958.jpeg;https:\/\/images.novelship.com\/product\/adidas_adizero_boston_13_cloud_white_core_black_lu_1_34958.jpeg;https:\/\/images.novelship.com\/product\/adidas_adizero_boston_13_cloud_white_core_black_lu_2_34958.jpeg;https:\/\/images.novelship.com\/product\/adidas_adizero_boston_13_cloud_white_core_black_lu_3_34958.jpeg;https:\/\/images.novelship.com\/product\/adidas_adizero_boston_13_cloud_white_core_black_lu_4_34958.jpeg;https:\/\/images.novelship.com\/product\/adidas_adizero_boston_13_cloud_white_core_black_lu_5_34958.jpeg;https:\/\/images.novelship.com\/product\/adidas_adizero_boston_13_cloud_white_core_black_lu_6_34958.jpeg;https:\/\/images.novelship.com\/product\/adidas_adizero_boston_13_cloud_white_core_black_lu_7_34958.jpeg;https:\/\/images.novelship.com\/product\/adidas_adizero_boston_13_cloud_white_core_black_lu_8_34958.jpeg\",\"contentUrl\":\"https:\/\/images.novelship.com\/product\/adidas_adizero_boston_13_cloud_white_core_black_lu_0_34958.jpeg;https:\/\/images.novelship.com\/product\/adidas_adizero_boston_13_cloud_white_core_black_lu_1_34958.jpeg;https:\/\/images.novelship.com\/product\/adidas_adizero_boston_13_cloud_white_core_black_lu_2_34958.jpeg;https:\/\/images.novelship.com\/product\/adidas_adizero_boston_13_cloud_white_core_black_lu_3_34958.jpeg;https:\/\/images.novelship.com\/product\/adidas_adizero_boston_13_cloud_white_core_black_lu_4_34958.jpeg;https:\/\/images.novelship.com\/product\/adidas_adizero_boston_13_cloud_white_core_black_lu_5_34958.jpeg;https:\/\/images.novelship.com\/product\/adidas_adizero_boston_13_cloud_white_core_black_lu_6_34958.jpeg;https:\/\/images.novelship.com\/product\/adidas_adizero_boston_13_cloud_white_core_black_lu_7_34958.jpeg;https:\/\/images.novelship.com\/product\/adidas_adizero_boston_13_cloud_white_core_black_lu_8_34958.jpeg\"},{\"@type\":\"BreadcrumbList\",\"@id\":\"https:\/\/tourcruiser.com\/#breadcrumb\",\"itemListElement\":[{\"@type\":\"ListItem\",\"position\":1,\"name\":\"Home\",\"item\":\"https:\/\/tourcruiser.com\/de\/\"},{\"@type\":\"ListItem\",\"position\":2,\"name\":\"Shop\",\"item\":\"https:\/\/tourcruiser.com\/de\/shop\/\"},{\"@type\":\"ListItem\",\"position\":3,\"name\":\"Adidas Adizero Boston 13 Cloud White\/Core Black\/Lucid Red\"}]},{\"@type\":\"WebSite\",\"@id\":\"https:\/\/tourcruiser.com\/de\/#website\",\"url\":\"https:\/\/tourcruiser.com\/de\/\",\"name\":\"Styloral Jewelry Shop\",\"description\":\"Tourcruiser Sneaker Store \u2014 der Ort, an dem das Universum deine Einzigartigkeit trifft.\",\"publisher\":{\"@id\":\"https:\/\/tourcruiser.com\/de\/#organization\"},\"potentialAction\":[{\"@type\":\"SearchAction\",\"target\":{\"@type\":\"EntryPoint\",\"urlTemplate\":\"https:\/\/tourcruiser.com\/de\/?s={search_term_string}\"},\"query-input\":{\"@type\":\"PropertyValueSpecification\",\"valueRequired\":true,\"valueName\":\"search_term_string\"}}],\"inLanguage\":\"de\"},{\"@type\":\"Organization\",\"@id\":\"https:\/\/tourcruiser.com\/de\/#organization\",\"name\":\"STYLORAL PTE. LTD\",\"url\":\"https:\/\/tourcruiser.com\/de\/\",\"logo\":{\"@type\":\"ImageObject\",\"inLanguage\":\"de\",\"@id\":\"https:\/\/tourcruiser.com\/de\/#\/schema\/logo\/image\/\",\"url\":\"https:\/\/www.tourcruiser.com\/wp-content\/uploads\/2025\/12\/logo.png\",\"contentUrl\":\"https:\/\/www.tourcruiser.com\/wp-content\/uploads\/2025\/12\/logo.png\",\"width\":200,\"height\":65,\"caption\":\"STYLORAL PTE. LTD\"},\"image\":{\"@id\":\"https:\/\/tourcruiser.com\/de\/#\/schema\/logo\/image\/\"}}]}<\/script>\n<!-- \/ Yoast SEO plugin. -->","yoast_head_json":{"title":"Adidas Adizero Boston 13 Cloud White\/Core Black\/Lucid Red  - Tourcruiser PTE. LTD","robots":{"index":"index","follow":"follow","max-snippet":"max-snippet:-1","max-image-preview":"max-image-preview:large","max-video-preview":"max-video-preview:-1"},"canonical":"https:\/\/tourcruiser.com\/","og_locale":"de_DE","og_type":"article","og_title":"Adidas Adizero Boston 13 Cloud White\/Core Black\/Lucid Red  - Tourcruiser PTE. LTD","og_description":"adidas Adizero Boston 13 \u201d\u201d Cloud White\/Core Black\/Lucid Red","og_url":"\/","og_site_name":"Tourcruiser Sneaker Store","article_modified_time":"2026-03-27T17:59:55+00:00","twitter_card":"summary_large_image","twitter_image":"https:\/\/images.novelship.com\/product\/adidas_adizero_boston_13_cloud_white_core_black_lu_0_34958.jpeg;https:\/\/images.novelship.com\/product\/adidas_adizero_boston_13_cloud_white_core_black_lu_1_34958.jpeg;https:\/\/images.novelship.com\/product\/adidas_adizero_boston_13_cloud_white_core_black_lu_2_34958.jpeg;https:\/\/images.novelship.com\/product\/adidas_adizero_boston_13_cloud_white_core_black_lu_3_34958.jpeg;https:\/\/images.novelship.com\/product\/adidas_adizero_boston_13_cloud_white_core_black_lu_4_34958.jpeg;https:\/\/images.novelship.com\/product\/adidas_adizero_boston_13_cloud_white_core_black_lu_5_34958.jpeg;https:\/\/images.novelship.com\/product\/adidas_adizero_boston_13_cloud_white_core_black_lu_6_34958.jpeg;https:\/\/images.novelship.com\/product\/adidas_adizero_boston_13_cloud_white_core_black_lu_7_34958.jpeg;https:\/\/images.novelship.com\/product\/adidas_adizero_boston_13_cloud_white_core_black_lu_8_34958.jpeg","twitter_misc":{"Gesch\u00e4tzte Lesezeit":"1\u00a0Minute"},"schema":{"@context":"https:\/\/schema.org","@graph":[{"@type":"WebPage","@id":"\/","url":"https:\/\/tourcruiser.com\/","name":"Adidas Adizero Boston 13 Cloud White\/Core Black\/Lucid Red - Tourcruiser PTE. LTD","isPartOf":{"@id":"https:\/\/tourcruiser.com\/de\/#website"},"primaryImageOfPage":{"@id":"https:\/\/tourcruiser.com\/#primaryimage"},"image":{"@id":"https:\/\/tourcruiser.com\/#primaryimage"},"thumbnailUrl":"https:\/\/images.novelship.com\/product\/adidas_adizero_boston_13_cloud_white_core_black_lu_0_34958.jpeg;https:\/\/images.novelship.com\/product\/adidas_adizero_boston_13_cloud_white_core_black_lu_1_34958.jpeg;https:\/\/images.novelship.com\/product\/adidas_adizero_boston_13_cloud_white_core_black_lu_2_34958.jpeg;https:\/\/images.novelship.com\/product\/adidas_adizero_boston_13_cloud_white_core_black_lu_3_34958.jpeg;https:\/\/images.novelship.com\/product\/adidas_adizero_boston_13_cloud_white_core_black_lu_4_34958.jpeg;https:\/\/images.novelship.com\/product\/adidas_adizero_boston_13_cloud_white_core_black_lu_5_34958.jpeg;https:\/\/images.novelship.com\/product\/adidas_adizero_boston_13_cloud_white_core_black_lu_6_34958.jpeg;https:\/\/images.novelship.com\/product\/adidas_adizero_boston_13_cloud_white_core_black_lu_7_34958.jpeg;https:\/\/images.novelship.com\/product\/adidas_adizero_boston_13_cloud_white_core_black_lu_8_34958.jpeg","datePublished":"2026-03-02T08:11:29+00:00","dateModified":"2026-03-27T17:59:55+00:00","breadcrumb":{"@id":"https:\/\/tourcruiser.com\/#breadcrumb"},"inLanguage":"de","potentialAction":[{"@type":"ReadAction","target":["https:\/\/tourcruiser.com\/"]}]},{"@type":"ImageObject","inLanguage":"de","@id":"https:\/\/tourcruiser.com\/#primaryimage","url":"https:\/\/images.novelship.com\/product\/adidas_adizero_boston_13_cloud_white_core_black_lu_0_34958.jpeg;https:\/\/images.novelship.com\/product\/adidas_adizero_boston_13_cloud_white_core_black_lu_1_34958.jpeg;https:\/\/images.novelship.com\/product\/adidas_adizero_boston_13_cloud_white_core_black_lu_2_34958.jpeg;https:\/\/images.novelship.com\/product\/adidas_adizero_boston_13_cloud_white_core_black_lu_3_34958.jpeg;https:\/\/images.novelship.com\/product\/adidas_adizero_boston_13_cloud_white_core_black_lu_4_34958.jpeg;https:\/\/images.novelship.com\/product\/adidas_adizero_boston_13_cloud_white_core_black_lu_5_34958.jpeg;https:\/\/images.novelship.com\/product\/adidas_adizero_boston_13_cloud_white_core_black_lu_6_34958.jpeg;https:\/\/images.novelship.com\/product\/adidas_adizero_boston_13_cloud_white_core_black_lu_7_34958.jpeg;https:\/\/images.novelship.com\/product\/adidas_adizero_boston_13_cloud_white_core_black_lu_8_34958.jpeg","contentUrl":"https:\/\/images.novelship.com\/product\/adidas_adizero_boston_13_cloud_white_core_black_lu_0_34958.jpeg;https:\/\/images.novelship.com\/product\/adidas_adizero_boston_13_cloud_white_core_black_lu_1_34958.jpeg;https:\/\/images.novelship.com\/product\/adidas_adizero_boston_13_cloud_white_core_black_lu_2_34958.jpeg;https:\/\/images.novelship.com\/product\/adidas_adizero_boston_13_cloud_white_core_black_lu_3_34958.jpeg;https:\/\/images.novelship.com\/product\/adidas_adizero_boston_13_cloud_white_core_black_lu_4_34958.jpeg;https:\/\/images.novelship.com\/product\/adidas_adizero_boston_13_cloud_white_core_black_lu_5_34958.jpeg;https:\/\/images.novelship.com\/product\/adidas_adizero_boston_13_cloud_white_core_black_lu_6_34958.jpeg;https:\/\/images.novelship.com\/product\/adidas_adizero_boston_13_cloud_white_core_black_lu_7_34958.jpeg;https:\/\/images.novelship.com\/product\/adidas_adizero_boston_13_cloud_white_core_black_lu_8_34958.jpeg"},{"@type":"BreadcrumbList","@id":"https:\/\/tourcruiser.com\/#breadcrumb","itemListElement":[{"@type":"ListItem","position":1,"name":"Home","item":"https:\/\/tourcruiser.com\/de\/"},{"@type":"ListItem","position":2,"name":"Shop","item":"https:\/\/tourcruiser.com\/de\/shop\/"},{"@type":"ListItem","position":3,"name":"Adidas Adizero Boston 13 Cloud White\/Core Black\/Lucid Red"}]},{"@type":"WebSite","@id":"https:\/\/tourcruiser.com\/de\/#website","url":"https:\/\/tourcruiser.com\/de\/","name":"Styloral Jewelry Shop","description":"Tourcruiser Sneaker Store \u2014 der Ort, an dem das Universum deine Einzigartigkeit trifft.","publisher":{"@id":"https:\/\/tourcruiser.com\/de\/#organization"},"potentialAction":[{"@type":"SearchAction","target":{"@type":"EntryPoint","urlTemplate":"https:\/\/tourcruiser.com\/de\/?s={search_term_string}"},"query-input":{"@type":"PropertyValueSpecification","valueRequired":true,"valueName":"search_term_string"}}],"inLanguage":"de"},{"@type":"Organization","@id":"https:\/\/tourcruiser.com\/de\/#organization","name":"STYLORAL PTE. LTD","url":"https:\/\/tourcruiser.com\/de\/","logo":{"@type":"ImageObject","inLanguage":"de","@id":"https:\/\/tourcruiser.com\/de\/#\/schema\/logo\/image\/","url":"https:\/\/www.tourcruiser.com\/wp-content\/uploads\/2025\/12\/logo.png","contentUrl":"https:\/\/www.tourcruiser.com\/wp-content\/uploads\/2025\/12\/logo.png","width":200,"height":65,"caption":"STYLORAL PTE. LTD"},"image":{"@id":"https:\/\/tourcruiser.com\/de\/#\/schema\/logo\/image\/"}}]}},"_links":{"self":[{"href":"https:\/\/tourcruiser.com\/de\/wp-json\/wp\/v2\/product\/52406","targetHints":{"allow":["GET"]}}],"collection":[{"href":"https:\/\/tourcruiser.com\/de\/wp-json\/wp\/v2\/product"}],"about":[{"href":"https:\/\/tourcruiser.com\/de\/wp-json\/wp\/v2\/types\/product"}],"replies":[{"embeddable":true,"href":"https:\/\/tourcruiser.com\/de\/wp-json\/wp\/v2\/comments?post=52406"}],"wp:featuredmedia":[{"embeddable":true,"href":"https:\/\/tourcruiser.com\/de\/wp-json\/wp\/v2\/media\/52407"}],"wp:attachment":[{"href":"https:\/\/tourcruiser.com\/de\/wp-json\/wp\/v2\/media?parent=52406"}],"wp:term":[{"taxonomy":"product_brand","embeddable":true,"href":"https:\/\/tourcruiser.com\/de\/wp-json\/wp\/v2\/product_brand?post=52406"},{"taxonomy":"product_cat","embeddable":true,"href":"https:\/\/tourcruiser.com\/de\/wp-json\/wp\/v2\/product_cat?post=52406"},{"taxonomy":"product_tag","embeddable":true,"href":"https:\/\/tourcruiser.com\/de\/wp-json\/wp\/v2\/product_tag?post=52406"}],"curies":[{"name":"wp","href":"https:\/\/api.w.org\/{rel}","templated":true}]}}