{"id":52266,"date":"2026-03-02T15:11:17","date_gmt":"2026-03-02T08:11:17","guid":{"rendered":"http:\/\/tourcruiser.com\/product\/nike-air-force-1-low-black-patent-camo-swoosh"},"modified":"2026-03-28T00:59:51","modified_gmt":"2026-03-27T17:59:51","slug":"nike-air-force-1-low-black-patent-camo-swoosh","status":"publish","type":"product","link":"https:\/\/tourcruiser.com\/de\/products\/nike-air-force-1-low-black-patent-camo-swoosh\/","title":{"rendered":"Nike Air Force 1 Low &#8218;Black Patent Camo Swoosh&#8216;"},"content":{"rendered":"<p>Mit dem Nike Air Force 1 Low &#8218;Black Patent Camo Swoosh&#8216; HQ1967-100, einer modernen Interpretation eines legend\u00e4ren Klassikers, verleihst du deinem Sneaker-Style das gewisse Etwas. Das Design besticht durch eine cleane wei\u00dfe Lederbasis und einen eleganten schwarzen Lackleder-Swoosh mit dezenten Camouflage-Mustern, der markanten Style mit modernem Flair vereint. Die flache Silhouette bietet zeitlose Vielseitigkeit, w\u00e4hrend die strapazierf\u00e4higen Materialien f\u00fcr dauerhaften Tragekomfort den ganzen Tag garantieren. Abgerundet wird das Design durch das charakteristische AF1-Branding und eine robuste Gummisohle \u201d\u201c mit diesem Modell bist du immer bestens ger\u00fcstet, egal ob auf der Stra\u00dfe oder unterwegs. Der Nike Air Force 1 Low \u201eBlack Patent Camo Swoosh\u201c ist perfekt f\u00fcr alle, die Wert auf Tradition und Innovation legen und ein Must-have f\u00fcr jede Sneaker-Sammlung. Er vereint stylisches Design mit un\u00fcbertroffener Performance.<\/p>\n<ul>\n<li><strong>Farbgebung:<\/strong> Wei\u00df\/Schwarz\/Gum Medium Brown\/Summit White<\/li>\n<li><strong>Style-Code:<\/strong> HQ1967-100<\/li>\n<li><strong>Obermaterial:<\/strong> Leder<\/li>\n<li><strong>Mittelsohle:<\/strong> Air<\/li>\n<li><strong>Farbe:<\/strong> Schwarz<\/li>\n<li><strong>Designer:<\/strong> Bruce Kilgore<\/li>\n<\/ul>\n","protected":false},"excerpt":{"rendered":"<p>Nike Air Force 1 Low \u201d\u201d White\/Black\/Gum Medium Brown\/Summit White<\/p>\n","protected":false},"featured_media":52267,"comment_status":"open","ping_status":"closed","template":"","meta":[],"product_brand":[],"product_cat":[10803],"product_tag":[10799,10800,10754,10777,10801,10802,10758],"class_list":{"0":"post-52266","1":"product","2":"type-product","3":"status-publish","4":"has-post-thumbnail","6":"product_cat-nike","7":"product_tag-ankle-support-basketball-shoes","8":"product_tag-basketball-shoes","9":"product_tag-lifestyle-casual-shoes","10":"product_tag-lifestyle-shoes-basketball-inspired","11":"product_tag-nike","12":"product_tag-performance-sport-shoes","13":"product_tag-under-retail","14":"wcpa_has_options","16":"first","17":"outofstock","18":"taxable","19":"shipping-taxable","20":"purchasable","21":"product-type-simple"},"wcpa_form_fields":{"rules":{"pric_overide_base_price":false,"pric_overide_base_price_if_gt_zero":false,"pric_overide_base_price_fully":false,"pric_cal_option_once":false,"pric_use_as_fee":false,"bind_quantity":false,"quantity_bind_formula":false},"fields":[{"type":"color-group","required":true,"elementId":"wcpa-color-group-66c4a75505e74","label":"Gr\u00f6\u00dfe - EU Gr\u00f6\u00dfe","inline":true,"priceOptions":"different_for_all","pricingType":"fixed","className":"hassizechart product-shoes-size-eu product-shoes-size","name":"color-group-66c4a75505e89","disp_type":"square","selection_type":"tick-border","disp_size":"44","show_label_inside":true,"adjust_width":true,"cart_display_type":"text","other_text":"Other","cl_rule":"show","col":6,"values":[{"label":"35.5","value":"EU 35.5","price":"","pimage":"","pimage_id":"","pthumb":"","color":""},{"label":"36","value":"EU 36","price":"","pimage":"","pimage_id":"","pthumb":"","color":"","selected":true},{"label":"36.5","value":"EU 36.5","price":"","pimage":"","pimage_id":"","pthumb":"","color":""},{"label":"37.5","value":"EU 37.5","price":"","pimage":"","pimage_id":"","pthumb":"","color":""},{"label":"38","value":"EU 38","price":"","pimage":"","pimage_id":"","pthumb":"","color":""},{"label":"38.5","value":"EU 38.5","price":"","pimage":"","pimage_id":"","pthumb":"","color":""},{"label":"39","value":"EU 39","price":"","pimage":"","pimage_id":"","pthumb":"","color":""},{"label":"40","value":"EU 40","price":"","pimage":"","pimage_id":"","pthumb":"","color":""},{"label":"40.5","value":"EU 40.5","price":"","pimage":"","pimage_id":"","pthumb":"","color":""},{"label":"41","value":"EU 41","price":"","pimage":"","pimage_id":"","pthumb":"","color":""},{"label":"42","value":"EU 42","price":"","pimage":"","pimage_id":"","pthumb":"","color":""},{"label":"42.5","value":"EU 42.5","price":"","pimage":"","pimage_id":"","pthumb":"","color":""},{"label":"43","value":"EU 43","price":"","pimage":"","pimage_id":"","pthumb":"","color":""},{"label":"44","value":"EU 44","price":"","pimage":"","pimage_id":"","pthumb":"","color":""},{"label":"44.5","value":"EU 44.5","price":"","pimage":"","pimage_id":"","pthumb":"","color":""},{"label":"45","value":"EU 45","price":"","pimage":"","pimage_id":"","pthumb":"","color":""},{"label":"45.5","value":"EU 45.5","price":"","pimage":"","pimage_id":"","pthumb":"","color":""},{"label":"46","value":"EU 46","price":"","pimage":"","pimage_id":"","pthumb":"","color":""},{"label":"47","value":"EU 47","price":"","pimage":"","pimage_id":"","pthumb":"","color":""},{"label":"47.5","value":"EU 47.5","price":"","pimage":"","pimage_id":"","pthumb":"","color":""},{"label":"48","value":"EU 48","price":"","pimage":"","pimage_id":"","pthumb":"","color":""}],"relations":[{"operator":false,"rules":[]}],"form_id":18106,"form_rules":{"pric_cal_option_once":false,"exclude_from_discount":false,"pric_use_as_fee":false,"fee_label":"Fee","render_after_acb":false,"disp_hide_options_price":false}}]},"yoast_head":"<!-- This site is optimized with the Yoast SEO plugin v26.5 - https:\/\/yoast.com\/wordpress\/plugins\/seo\/ -->\n<title>Nike Air Force 1 Low &#039;Black Patent Camo Swoosh&#039;  - Tourcruiser PTE. LTD<\/title>\n<meta name=\"robots\" content=\"index, follow, max-snippet:-1, max-image-preview:large, max-video-preview:-1\" \/>\n<link rel=\"canonical\" href=\"https:\/\/tourcruiser.com\/de\/products\/nike-air-force-1-low-black-patent-camo-swoosh\/\" \/>\n<meta property=\"og:locale\" content=\"de_DE\" \/>\n<meta property=\"og:type\" content=\"article\" \/>\n<meta property=\"og:title\" content=\"Nike Air Force 1 Low &#039;Black Patent Camo Swoosh&#039;  - Tourcruiser PTE. LTD\" \/>\n<meta property=\"og:description\" content=\"Nike Air Force 1 Low \u201d\u201d White\/Black\/Gum Medium Brown\/Summit White\" \/>\n<meta property=\"og:url\" content=\"https:\/\/tourcruiser.com\/de\/products\/nike-air-force-1-low-black-patent-camo-swoosh\/\" \/>\n<meta property=\"og:site_name\" content=\"Tourcruiser Sneaker Store\" \/>\n<meta property=\"article:modified_time\" content=\"2026-03-27T17:59:51+00:00\" \/>\n<meta name=\"twitter:card\" content=\"summary_large_image\" \/>\n<meta name=\"twitter:image\" content=\"https:\/\/images.novelship.com\/product\/nike_air_force_1_low__black_patent_camo_swoosh__hq_0_43355.jpeg;https:\/\/images.novelship.com\/product\/nike_air_force_1_low__black_patent_camo_swoosh__hq_1_43355.jpeg;https:\/\/images.novelship.com\/product\/nike_air_force_1_low__black_patent_camo_swoosh__hq_2_43356.jpeg;https:\/\/images.novelship.com\/product\/nike_air_force_1_low__black_patent_camo_swoosh__hq_3_43356.jpeg;https:\/\/images.novelship.com\/product\/nike_air_force_1_low__black_patent_camo_swoosh__hq_4_43356.jpeg;https:\/\/images.novelship.com\/product\/nike_air_force_1_low__black_patent_camo_swoosh__hq_5_43356.jpeg\" \/>\n<meta name=\"twitter:label1\" content=\"Gesch\u00e4tzte Lesezeit\" \/>\n\t<meta name=\"twitter:data1\" content=\"1\u00a0Minute\" \/>\n<script type=\"application\/ld+json\" class=\"yoast-schema-graph\">{\"@context\":\"https:\/\/schema.org\",\"@graph\":[{\"@type\":\"WebPage\",\"@id\":\"https:\/\/tourcruiser.com\/de\/products\/nike-air-force-1-low-black-patent-camo-swoosh\/\",\"url\":\"https:\/\/tourcruiser.com\/de\/products\/nike-air-force-1-low-black-patent-camo-swoosh\/\",\"name\":\"Nike Air Force 1 Low 'Black Patent Camo Swoosh' - Tourcruiser PTE. LTD\",\"isPartOf\":{\"@id\":\"https:\/\/tourcruiser.com\/de\/#website\"},\"primaryImageOfPage\":{\"@id\":\"https:\/\/tourcruiser.com\/de\/products\/nike-air-force-1-low-black-patent-camo-swoosh\/#primaryimage\"},\"image\":{\"@id\":\"https:\/\/tourcruiser.com\/de\/products\/nike-air-force-1-low-black-patent-camo-swoosh\/#primaryimage\"},\"thumbnailUrl\":\"https:\/\/images.novelship.com\/product\/nike_air_force_1_low__black_patent_camo_swoosh__hq_0_43355.jpeg;https:\/\/images.novelship.com\/product\/nike_air_force_1_low__black_patent_camo_swoosh__hq_1_43355.jpeg;https:\/\/images.novelship.com\/product\/nike_air_force_1_low__black_patent_camo_swoosh__hq_2_43356.jpeg;https:\/\/images.novelship.com\/product\/nike_air_force_1_low__black_patent_camo_swoosh__hq_3_43356.jpeg;https:\/\/images.novelship.com\/product\/nike_air_force_1_low__black_patent_camo_swoosh__hq_4_43356.jpeg;https:\/\/images.novelship.com\/product\/nike_air_force_1_low__black_patent_camo_swoosh__hq_5_43356.jpeg\",\"datePublished\":\"2026-03-02T08:11:17+00:00\",\"dateModified\":\"2026-03-27T17:59:51+00:00\",\"breadcrumb\":{\"@id\":\"https:\/\/tourcruiser.com\/de\/products\/nike-air-force-1-low-black-patent-camo-swoosh\/#breadcrumb\"},\"inLanguage\":\"de\",\"potentialAction\":[{\"@type\":\"ReadAction\",\"target\":[\"https:\/\/tourcruiser.com\/de\/products\/nike-air-force-1-low-black-patent-camo-swoosh\/\"]}]},{\"@type\":\"ImageObject\",\"inLanguage\":\"de\",\"@id\":\"https:\/\/tourcruiser.com\/de\/products\/nike-air-force-1-low-black-patent-camo-swoosh\/#primaryimage\",\"url\":\"https:\/\/images.novelship.com\/product\/nike_air_force_1_low__black_patent_camo_swoosh__hq_0_43355.jpeg;https:\/\/images.novelship.com\/product\/nike_air_force_1_low__black_patent_camo_swoosh__hq_1_43355.jpeg;https:\/\/images.novelship.com\/product\/nike_air_force_1_low__black_patent_camo_swoosh__hq_2_43356.jpeg;https:\/\/images.novelship.com\/product\/nike_air_force_1_low__black_patent_camo_swoosh__hq_3_43356.jpeg;https:\/\/images.novelship.com\/product\/nike_air_force_1_low__black_patent_camo_swoosh__hq_4_43356.jpeg;https:\/\/images.novelship.com\/product\/nike_air_force_1_low__black_patent_camo_swoosh__hq_5_43356.jpeg\",\"contentUrl\":\"https:\/\/images.novelship.com\/product\/nike_air_force_1_low__black_patent_camo_swoosh__hq_0_43355.jpeg;https:\/\/images.novelship.com\/product\/nike_air_force_1_low__black_patent_camo_swoosh__hq_1_43355.jpeg;https:\/\/images.novelship.com\/product\/nike_air_force_1_low__black_patent_camo_swoosh__hq_2_43356.jpeg;https:\/\/images.novelship.com\/product\/nike_air_force_1_low__black_patent_camo_swoosh__hq_3_43356.jpeg;https:\/\/images.novelship.com\/product\/nike_air_force_1_low__black_patent_camo_swoosh__hq_4_43356.jpeg;https:\/\/images.novelship.com\/product\/nike_air_force_1_low__black_patent_camo_swoosh__hq_5_43356.jpeg\"},{\"@type\":\"BreadcrumbList\",\"@id\":\"https:\/\/tourcruiser.com\/de\/products\/nike-air-force-1-low-black-patent-camo-swoosh\/#breadcrumb\",\"itemListElement\":[{\"@type\":\"ListItem\",\"position\":1,\"name\":\"Home\",\"item\":\"https:\/\/tourcruiser.com\/de\/\"},{\"@type\":\"ListItem\",\"position\":2,\"name\":\"Shop\",\"item\":\"https:\/\/tourcruiser.com\/de\/shop\/\"},{\"@type\":\"ListItem\",\"position\":3,\"name\":\"Nike Air Force 1 Low 'Black Patent Camo Swoosh'\"}]},{\"@type\":\"WebSite\",\"@id\":\"https:\/\/tourcruiser.com\/de\/#website\",\"url\":\"https:\/\/tourcruiser.com\/de\/\",\"name\":\"Styloral Jewelry Shop\",\"description\":\"Tourcruiser Sneaker Store \u2014 der Ort, an dem das Universum deine Einzigartigkeit trifft.\",\"publisher\":{\"@id\":\"https:\/\/tourcruiser.com\/de\/#organization\"},\"potentialAction\":[{\"@type\":\"SearchAction\",\"target\":{\"@type\":\"EntryPoint\",\"urlTemplate\":\"https:\/\/tourcruiser.com\/de\/?s={search_term_string}\"},\"query-input\":{\"@type\":\"PropertyValueSpecification\",\"valueRequired\":true,\"valueName\":\"search_term_string\"}}],\"inLanguage\":\"de\"},{\"@type\":\"Organization\",\"@id\":\"https:\/\/tourcruiser.com\/de\/#organization\",\"name\":\"STYLORAL PTE. LTD\",\"url\":\"https:\/\/tourcruiser.com\/de\/\",\"logo\":{\"@type\":\"ImageObject\",\"inLanguage\":\"de\",\"@id\":\"https:\/\/tourcruiser.com\/de\/#\/schema\/logo\/image\/\",\"url\":\"https:\/\/www.tourcruiser.com\/wp-content\/uploads\/2025\/12\/logo.png\",\"contentUrl\":\"https:\/\/www.tourcruiser.com\/wp-content\/uploads\/2025\/12\/logo.png\",\"width\":200,\"height\":65,\"caption\":\"STYLORAL PTE. LTD\"},\"image\":{\"@id\":\"https:\/\/tourcruiser.com\/de\/#\/schema\/logo\/image\/\"}}]}<\/script>\n<!-- \/ Yoast SEO plugin. -->","yoast_head_json":{"title":"Nike Air Force 1 Low 'Black Patent Camo Swoosh'  - Tourcruiser PTE. LTD","robots":{"index":"index","follow":"follow","max-snippet":"max-snippet:-1","max-image-preview":"max-image-preview:large","max-video-preview":"max-video-preview:-1"},"canonical":"https:\/\/tourcruiser.com\/de\/products\/nike-air-force-1-low-black-patent-camo-swoosh\/","og_locale":"de_DE","og_type":"article","og_title":"Nike Air Force 1 Low 'Black Patent Camo Swoosh'  - Tourcruiser PTE. LTD","og_description":"Nike Air Force 1 Low \u201d\u201d White\/Black\/Gum Medium Brown\/Summit White","og_url":"https:\/\/tourcruiser.com\/de\/products\/nike-air-force-1-low-black-patent-camo-swoosh\/","og_site_name":"Tourcruiser Sneaker Store","article_modified_time":"2026-03-27T17:59:51+00:00","twitter_card":"summary_large_image","twitter_image":"https:\/\/images.novelship.com\/product\/nike_air_force_1_low__black_patent_camo_swoosh__hq_0_43355.jpeg;https:\/\/images.novelship.com\/product\/nike_air_force_1_low__black_patent_camo_swoosh__hq_1_43355.jpeg;https:\/\/images.novelship.com\/product\/nike_air_force_1_low__black_patent_camo_swoosh__hq_2_43356.jpeg;https:\/\/images.novelship.com\/product\/nike_air_force_1_low__black_patent_camo_swoosh__hq_3_43356.jpeg;https:\/\/images.novelship.com\/product\/nike_air_force_1_low__black_patent_camo_swoosh__hq_4_43356.jpeg;https:\/\/images.novelship.com\/product\/nike_air_force_1_low__black_patent_camo_swoosh__hq_5_43356.jpeg","twitter_misc":{"Gesch\u00e4tzte Lesezeit":"1\u00a0Minute"},"schema":{"@context":"https:\/\/schema.org","@graph":[{"@type":"WebPage","@id":"https:\/\/tourcruiser.com\/de\/products\/nike-air-force-1-low-black-patent-camo-swoosh\/","url":"https:\/\/tourcruiser.com\/de\/products\/nike-air-force-1-low-black-patent-camo-swoosh\/","name":"Nike Air Force 1 Low 'Black Patent Camo Swoosh' - Tourcruiser PTE. LTD","isPartOf":{"@id":"https:\/\/tourcruiser.com\/de\/#website"},"primaryImageOfPage":{"@id":"https:\/\/tourcruiser.com\/de\/products\/nike-air-force-1-low-black-patent-camo-swoosh\/#primaryimage"},"image":{"@id":"https:\/\/tourcruiser.com\/de\/products\/nike-air-force-1-low-black-patent-camo-swoosh\/#primaryimage"},"thumbnailUrl":"https:\/\/images.novelship.com\/product\/nike_air_force_1_low__black_patent_camo_swoosh__hq_0_43355.jpeg;https:\/\/images.novelship.com\/product\/nike_air_force_1_low__black_patent_camo_swoosh__hq_1_43355.jpeg;https:\/\/images.novelship.com\/product\/nike_air_force_1_low__black_patent_camo_swoosh__hq_2_43356.jpeg;https:\/\/images.novelship.com\/product\/nike_air_force_1_low__black_patent_camo_swoosh__hq_3_43356.jpeg;https:\/\/images.novelship.com\/product\/nike_air_force_1_low__black_patent_camo_swoosh__hq_4_43356.jpeg;https:\/\/images.novelship.com\/product\/nike_air_force_1_low__black_patent_camo_swoosh__hq_5_43356.jpeg","datePublished":"2026-03-02T08:11:17+00:00","dateModified":"2026-03-27T17:59:51+00:00","breadcrumb":{"@id":"https:\/\/tourcruiser.com\/de\/products\/nike-air-force-1-low-black-patent-camo-swoosh\/#breadcrumb"},"inLanguage":"de","potentialAction":[{"@type":"ReadAction","target":["https:\/\/tourcruiser.com\/de\/products\/nike-air-force-1-low-black-patent-camo-swoosh\/"]}]},{"@type":"ImageObject","inLanguage":"de","@id":"https:\/\/tourcruiser.com\/de\/products\/nike-air-force-1-low-black-patent-camo-swoosh\/#primaryimage","url":"https:\/\/images.novelship.com\/product\/nike_air_force_1_low__black_patent_camo_swoosh__hq_0_43355.jpeg;https:\/\/images.novelship.com\/product\/nike_air_force_1_low__black_patent_camo_swoosh__hq_1_43355.jpeg;https:\/\/images.novelship.com\/product\/nike_air_force_1_low__black_patent_camo_swoosh__hq_2_43356.jpeg;https:\/\/images.novelship.com\/product\/nike_air_force_1_low__black_patent_camo_swoosh__hq_3_43356.jpeg;https:\/\/images.novelship.com\/product\/nike_air_force_1_low__black_patent_camo_swoosh__hq_4_43356.jpeg;https:\/\/images.novelship.com\/product\/nike_air_force_1_low__black_patent_camo_swoosh__hq_5_43356.jpeg","contentUrl":"https:\/\/images.novelship.com\/product\/nike_air_force_1_low__black_patent_camo_swoosh__hq_0_43355.jpeg;https:\/\/images.novelship.com\/product\/nike_air_force_1_low__black_patent_camo_swoosh__hq_1_43355.jpeg;https:\/\/images.novelship.com\/product\/nike_air_force_1_low__black_patent_camo_swoosh__hq_2_43356.jpeg;https:\/\/images.novelship.com\/product\/nike_air_force_1_low__black_patent_camo_swoosh__hq_3_43356.jpeg;https:\/\/images.novelship.com\/product\/nike_air_force_1_low__black_patent_camo_swoosh__hq_4_43356.jpeg;https:\/\/images.novelship.com\/product\/nike_air_force_1_low__black_patent_camo_swoosh__hq_5_43356.jpeg"},{"@type":"BreadcrumbList","@id":"https:\/\/tourcruiser.com\/de\/products\/nike-air-force-1-low-black-patent-camo-swoosh\/#breadcrumb","itemListElement":[{"@type":"ListItem","position":1,"name":"Home","item":"https:\/\/tourcruiser.com\/de\/"},{"@type":"ListItem","position":2,"name":"Shop","item":"https:\/\/tourcruiser.com\/de\/shop\/"},{"@type":"ListItem","position":3,"name":"Nike Air Force 1 Low 'Black Patent Camo Swoosh'"}]},{"@type":"WebSite","@id":"https:\/\/tourcruiser.com\/de\/#website","url":"https:\/\/tourcruiser.com\/de\/","name":"Styloral Jewelry Shop","description":"Tourcruiser Sneaker Store \u2014 der Ort, an dem das Universum deine Einzigartigkeit trifft.","publisher":{"@id":"https:\/\/tourcruiser.com\/de\/#organization"},"potentialAction":[{"@type":"SearchAction","target":{"@type":"EntryPoint","urlTemplate":"https:\/\/tourcruiser.com\/de\/?s={search_term_string}"},"query-input":{"@type":"PropertyValueSpecification","valueRequired":true,"valueName":"search_term_string"}}],"inLanguage":"de"},{"@type":"Organization","@id":"https:\/\/tourcruiser.com\/de\/#organization","name":"STYLORAL PTE. LTD","url":"https:\/\/tourcruiser.com\/de\/","logo":{"@type":"ImageObject","inLanguage":"de","@id":"https:\/\/tourcruiser.com\/de\/#\/schema\/logo\/image\/","url":"https:\/\/www.tourcruiser.com\/wp-content\/uploads\/2025\/12\/logo.png","contentUrl":"https:\/\/www.tourcruiser.com\/wp-content\/uploads\/2025\/12\/logo.png","width":200,"height":65,"caption":"STYLORAL PTE. LTD"},"image":{"@id":"https:\/\/tourcruiser.com\/de\/#\/schema\/logo\/image\/"}}]}},"_links":{"self":[{"href":"https:\/\/tourcruiser.com\/de\/wp-json\/wp\/v2\/product\/52266","targetHints":{"allow":["GET"]}}],"collection":[{"href":"https:\/\/tourcruiser.com\/de\/wp-json\/wp\/v2\/product"}],"about":[{"href":"https:\/\/tourcruiser.com\/de\/wp-json\/wp\/v2\/types\/product"}],"replies":[{"embeddable":true,"href":"https:\/\/tourcruiser.com\/de\/wp-json\/wp\/v2\/comments?post=52266"}],"wp:featuredmedia":[{"embeddable":true,"href":"https:\/\/tourcruiser.com\/de\/wp-json\/wp\/v2\/media\/52267"}],"wp:attachment":[{"href":"https:\/\/tourcruiser.com\/de\/wp-json\/wp\/v2\/media?parent=52266"}],"wp:term":[{"taxonomy":"product_brand","embeddable":true,"href":"https:\/\/tourcruiser.com\/de\/wp-json\/wp\/v2\/product_brand?post=52266"},{"taxonomy":"product_cat","embeddable":true,"href":"https:\/\/tourcruiser.com\/de\/wp-json\/wp\/v2\/product_cat?post=52266"},{"taxonomy":"product_tag","embeddable":true,"href":"https:\/\/tourcruiser.com\/de\/wp-json\/wp\/v2\/product_tag?post=52266"}],"curies":[{"name":"wp","href":"https:\/\/api.w.org\/{rel}","templated":true}]}}