{"id":52058,"date":"2026-03-02T15:11:00","date_gmt":"2026-03-02T08:11:00","guid":{"rendered":"http:\/\/tourcruiser.com\/product\/nike-zegama-2-sail-picante-red"},"modified":"2026-03-28T00:59:42","modified_gmt":"2026-03-27T17:59:42","slug":"nike-zegama-2-sail-picante-red","status":"publish","type":"product","link":"https:\/\/tourcruiser.com\/de\/products\/nike-zegama-2-sail-picante-red\/","title":{"rendered":"Nike Zegama 2 &#8218;Sail Picante Red&#8216;"},"content":{"rendered":"<p>Mit dem Nike Zegama 2 &#8218;Sail Picante Red&#8216; FD5190-103 erreichst du beim Trailrunning ein neues Level. Dieser Performance-Schuh wurde f\u00fcr Komfort, Stabilit\u00e4t und Offroad-Abenteuer entwickelt. Das leichte Mesh-Obermaterial in elegantem Sail-Ton mit markanten Akzenten in Picante Red vereint Style und Atmungsaktivit\u00e4t. Die ZoomX-Mittelsohle sorgt f\u00fcr au\u00dfergew\u00f6hnliche Energier\u00fcckgabe und reaktionsfreudige D\u00e4mpfung, w\u00e4hrend die robuste Au\u00dfensohle mit multidirektionalen Stollen optimalen Grip auf unebenem Gel\u00e4nde bietet. Der Schuh ist auf Langlebigkeit und Vielseitigkeit ausgelegt und bietet zus\u00e4tzlichen Halt und Schutz auf anspruchsvollen Trails, ohne Kompromisse bei Geschwindigkeit oder Agilit\u00e4t einzugehen. Der gepolsterte Schaftrand und das sichere Schn\u00fcrsystem verbessern Passform und Komfort und machen ihn ideal f\u00fcr Langstreckenl\u00e4ufe oder anspruchsvolle Trekkingtouren. Der Zegama 2 wurde f\u00fcr L\u00e4ufer mit Abenteuerlust entwickelt und kombiniert moderne \u00c4sthetik mit funktionalem Design f\u00fcr optimale Performance in jedem Terrain. Ob steile Anstiege oder rasante Abstiege \u201d\u201c dieser Trailrunning-Schuh gibt dir Sicherheit und Pr\u00e4zision. Mit dem Nike Zegama 2 \u201eSail Picante Red\u201c verleihst du deiner Outdoor-Ausr\u00fcstung das gewisse Etwas \u201d\u201c Innovation trifft auf Abenteuer.<\/p>\n<ul>\n<li><strong>Farbgebung:<\/strong> Sail\/Picante Red\/Metallic Platinum\/Phantom<\/li>\n<li><strong>Style-Code:<\/strong> FD5190-103<\/li>\n<li><strong>Obermaterial:<\/strong> Mesh<\/li>\n<li><strong>Mittelsohle:<\/strong> Zoom X<\/li>\n<li><strong>Farbe:<\/strong> Wei\u00df<\/li>\n<\/ul>\n","protected":false},"excerpt":{"rendered":"<p>Nike Zegama 2 \u201d\u201d Sail\/Picante Red\/Metallic Platinum\/Phantom<\/p>\n","protected":false},"featured_media":52059,"comment_status":"open","ping_status":"closed","template":"","meta":[],"product_brand":[],"product_cat":[10803],"product_tag":[10753,10801,10839,10802,11006,10758],"class_list":{"0":"post-52058","1":"product","2":"type-product","3":"status-publish","4":"has-post-thumbnail","6":"product_cat-nike","7":"product_tag-gift-for-him","8":"product_tag-nike","9":"product_tag-performance-running-shoes","10":"product_tag-performance-sport-shoes","11":"product_tag-trail-running-shoes","12":"product_tag-under-retail","13":"wcpa_has_options","15":"first","16":"outofstock","17":"sale","18":"taxable","19":"shipping-taxable","20":"purchasable","21":"product-type-simple"},"wcpa_form_fields":{"rules":{"pric_overide_base_price":false,"pric_overide_base_price_if_gt_zero":false,"pric_overide_base_price_fully":false,"pric_cal_option_once":false,"pric_use_as_fee":false,"bind_quantity":false,"quantity_bind_formula":false},"fields":[{"type":"color-group","required":true,"elementId":"wcpa-color-group-66c4a75505e74","label":"Gr\u00f6\u00dfe - EU Gr\u00f6\u00dfe","inline":true,"priceOptions":"different_for_all","pricingType":"fixed","className":"hassizechart product-shoes-size-eu product-shoes-size","name":"color-group-66c4a75505e89","disp_type":"square","selection_type":"tick-border","disp_size":"44","show_label_inside":true,"adjust_width":true,"cart_display_type":"text","other_text":"Other","cl_rule":"show","col":6,"values":[{"label":"35.5","value":"EU 35.5","price":"","pimage":"","pimage_id":"","pthumb":"","color":""},{"label":"36","value":"EU 36","price":"","pimage":"","pimage_id":"","pthumb":"","color":"","selected":true},{"label":"36.5","value":"EU 36.5","price":"","pimage":"","pimage_id":"","pthumb":"","color":""},{"label":"37.5","value":"EU 37.5","price":"","pimage":"","pimage_id":"","pthumb":"","color":""},{"label":"38","value":"EU 38","price":"","pimage":"","pimage_id":"","pthumb":"","color":""},{"label":"38.5","value":"EU 38.5","price":"","pimage":"","pimage_id":"","pthumb":"","color":""},{"label":"39","value":"EU 39","price":"","pimage":"","pimage_id":"","pthumb":"","color":""},{"label":"40","value":"EU 40","price":"","pimage":"","pimage_id":"","pthumb":"","color":""},{"label":"40.5","value":"EU 40.5","price":"","pimage":"","pimage_id":"","pthumb":"","color":""},{"label":"41","value":"EU 41","price":"","pimage":"","pimage_id":"","pthumb":"","color":""},{"label":"42","value":"EU 42","price":"","pimage":"","pimage_id":"","pthumb":"","color":""},{"label":"42.5","value":"EU 42.5","price":"","pimage":"","pimage_id":"","pthumb":"","color":""},{"label":"43","value":"EU 43","price":"","pimage":"","pimage_id":"","pthumb":"","color":""},{"label":"44","value":"EU 44","price":"","pimage":"","pimage_id":"","pthumb":"","color":""},{"label":"44.5","value":"EU 44.5","price":"","pimage":"","pimage_id":"","pthumb":"","color":""},{"label":"45","value":"EU 45","price":"","pimage":"","pimage_id":"","pthumb":"","color":""},{"label":"45.5","value":"EU 45.5","price":"","pimage":"","pimage_id":"","pthumb":"","color":""},{"label":"46","value":"EU 46","price":"","pimage":"","pimage_id":"","pthumb":"","color":""},{"label":"47","value":"EU 47","price":"","pimage":"","pimage_id":"","pthumb":"","color":""},{"label":"47.5","value":"EU 47.5","price":"","pimage":"","pimage_id":"","pthumb":"","color":""},{"label":"48","value":"EU 48","price":"","pimage":"","pimage_id":"","pthumb":"","color":""}],"relations":[{"operator":false,"rules":[]}],"form_id":18106,"form_rules":{"pric_cal_option_once":false,"exclude_from_discount":false,"pric_use_as_fee":false,"fee_label":"Fee","render_after_acb":false,"disp_hide_options_price":false}}]},"yoast_head":"<!-- This site is optimized with the Yoast SEO plugin v26.5 - https:\/\/yoast.com\/wordpress\/plugins\/seo\/ -->\n<title>Nike Zegama 2 &#039;Sail Picante Red&#039;  - Tourcruiser PTE. LTD<\/title>\n<meta name=\"robots\" content=\"index, follow, max-snippet:-1, max-image-preview:large, max-video-preview:-1\" \/>\n<link rel=\"canonical\" href=\"https:\/\/tourcruiser.com\/de\/products\/nike-zegama-2-sail-picante-red\/\" \/>\n<meta property=\"og:locale\" content=\"de_DE\" \/>\n<meta property=\"og:type\" content=\"article\" \/>\n<meta property=\"og:title\" content=\"Nike Zegama 2 &#039;Sail Picante Red&#039;  - Tourcruiser PTE. LTD\" \/>\n<meta property=\"og:description\" content=\"Nike Zegama 2 \u201d\u201d Sail\/Picante Red\/Metallic Platinum\/Phantom\" \/>\n<meta property=\"og:url\" content=\"https:\/\/tourcruiser.com\/de\/products\/nike-zegama-2-sail-picante-red\/\" \/>\n<meta property=\"og:site_name\" content=\"Tourcruiser Sneaker Store\" \/>\n<meta property=\"article:modified_time\" content=\"2026-03-27T17:59:42+00:00\" \/>\n<meta name=\"twitter:card\" content=\"summary_large_image\" \/>\n<meta name=\"twitter:image\" content=\"https:\/\/images.novelship.com\/product\/nike_zegama_2__sail_picante_red__fd5190-103_0_47573.jpeg;https:\/\/images.novelship.com\/product\/nike_zegama_2__sail_picante_red__fd5190-103_1_47573.jpeg;https:\/\/images.novelship.com\/product\/nike_zegama_2__sail_picante_red__fd5190-103_2_47573.jpeg;https:\/\/images.novelship.com\/product\/nike_zegama_2__sail_picante_red__fd5190-103_3_47573.jpeg;https:\/\/images.novelship.com\/product\/nike_zegama_2__sail_picante_red__fd5190-103_4_47573.jpeg;https:\/\/images.novelship.com\/product\/nike_zegama_2__sail_picante_red__fd5190-103_5_47573.jpeg;https:\/\/images.novelship.com\/product\/nike_zegama_2__sail_picante_red__fd5190-103_6_47573.jpeg;https:\/\/images.novelship.com\/product\/nike_zegama_2__sail_picante_red__fd5190-103_7_47573.jpeg;https:\/\/images.novelship.com\/product\/nike_zegama_2__sail_picante_red__fd5190-103_8_47573.jpeg;https:\/\/images.novelship.com\/product\/nike_zegama_2__sail_picante_red__fd5190-103_9_47573.jpeg\" \/>\n<meta name=\"twitter:label1\" content=\"Gesch\u00e4tzte Lesezeit\" \/>\n\t<meta name=\"twitter:data1\" content=\"1\u00a0Minute\" \/>\n<script type=\"application\/ld+json\" class=\"yoast-schema-graph\">{\"@context\":\"https:\/\/schema.org\",\"@graph\":[{\"@type\":\"WebPage\",\"@id\":\"https:\/\/tourcruiser.com\/de\/products\/nike-zegama-2-sail-picante-red\/\",\"url\":\"https:\/\/tourcruiser.com\/de\/products\/nike-zegama-2-sail-picante-red\/\",\"name\":\"Nike Zegama 2 'Sail Picante Red' - Tourcruiser PTE. LTD\",\"isPartOf\":{\"@id\":\"https:\/\/tourcruiser.com\/de\/#website\"},\"primaryImageOfPage\":{\"@id\":\"https:\/\/tourcruiser.com\/de\/products\/nike-zegama-2-sail-picante-red\/#primaryimage\"},\"image\":{\"@id\":\"https:\/\/tourcruiser.com\/de\/products\/nike-zegama-2-sail-picante-red\/#primaryimage\"},\"thumbnailUrl\":\"https:\/\/images.novelship.com\/product\/nike_zegama_2__sail_picante_red__fd5190-103_0_47573.jpeg;https:\/\/images.novelship.com\/product\/nike_zegama_2__sail_picante_red__fd5190-103_1_47573.jpeg;https:\/\/images.novelship.com\/product\/nike_zegama_2__sail_picante_red__fd5190-103_2_47573.jpeg;https:\/\/images.novelship.com\/product\/nike_zegama_2__sail_picante_red__fd5190-103_3_47573.jpeg;https:\/\/images.novelship.com\/product\/nike_zegama_2__sail_picante_red__fd5190-103_4_47573.jpeg;https:\/\/images.novelship.com\/product\/nike_zegama_2__sail_picante_red__fd5190-103_5_47573.jpeg;https:\/\/images.novelship.com\/product\/nike_zegama_2__sail_picante_red__fd5190-103_6_47573.jpeg;https:\/\/images.novelship.com\/product\/nike_zegama_2__sail_picante_red__fd5190-103_7_47573.jpeg;https:\/\/images.novelship.com\/product\/nike_zegama_2__sail_picante_red__fd5190-103_8_47573.jpeg;https:\/\/images.novelship.com\/product\/nike_zegama_2__sail_picante_red__fd5190-103_9_47573.jpeg\",\"datePublished\":\"2026-03-02T08:11:00+00:00\",\"dateModified\":\"2026-03-27T17:59:42+00:00\",\"breadcrumb\":{\"@id\":\"https:\/\/tourcruiser.com\/de\/products\/nike-zegama-2-sail-picante-red\/#breadcrumb\"},\"inLanguage\":\"de\",\"potentialAction\":[{\"@type\":\"ReadAction\",\"target\":[\"https:\/\/tourcruiser.com\/de\/products\/nike-zegama-2-sail-picante-red\/\"]}]},{\"@type\":\"ImageObject\",\"inLanguage\":\"de\",\"@id\":\"https:\/\/tourcruiser.com\/de\/products\/nike-zegama-2-sail-picante-red\/#primaryimage\",\"url\":\"https:\/\/images.novelship.com\/product\/nike_zegama_2__sail_picante_red__fd5190-103_0_47573.jpeg;https:\/\/images.novelship.com\/product\/nike_zegama_2__sail_picante_red__fd5190-103_1_47573.jpeg;https:\/\/images.novelship.com\/product\/nike_zegama_2__sail_picante_red__fd5190-103_2_47573.jpeg;https:\/\/images.novelship.com\/product\/nike_zegama_2__sail_picante_red__fd5190-103_3_47573.jpeg;https:\/\/images.novelship.com\/product\/nike_zegama_2__sail_picante_red__fd5190-103_4_47573.jpeg;https:\/\/images.novelship.com\/product\/nike_zegama_2__sail_picante_red__fd5190-103_5_47573.jpeg;https:\/\/images.novelship.com\/product\/nike_zegama_2__sail_picante_red__fd5190-103_6_47573.jpeg;https:\/\/images.novelship.com\/product\/nike_zegama_2__sail_picante_red__fd5190-103_7_47573.jpeg;https:\/\/images.novelship.com\/product\/nike_zegama_2__sail_picante_red__fd5190-103_8_47573.jpeg;https:\/\/images.novelship.com\/product\/nike_zegama_2__sail_picante_red__fd5190-103_9_47573.jpeg\",\"contentUrl\":\"https:\/\/images.novelship.com\/product\/nike_zegama_2__sail_picante_red__fd5190-103_0_47573.jpeg;https:\/\/images.novelship.com\/product\/nike_zegama_2__sail_picante_red__fd5190-103_1_47573.jpeg;https:\/\/images.novelship.com\/product\/nike_zegama_2__sail_picante_red__fd5190-103_2_47573.jpeg;https:\/\/images.novelship.com\/product\/nike_zegama_2__sail_picante_red__fd5190-103_3_47573.jpeg;https:\/\/images.novelship.com\/product\/nike_zegama_2__sail_picante_red__fd5190-103_4_47573.jpeg;https:\/\/images.novelship.com\/product\/nike_zegama_2__sail_picante_red__fd5190-103_5_47573.jpeg;https:\/\/images.novelship.com\/product\/nike_zegama_2__sail_picante_red__fd5190-103_6_47573.jpeg;https:\/\/images.novelship.com\/product\/nike_zegama_2__sail_picante_red__fd5190-103_7_47573.jpeg;https:\/\/images.novelship.com\/product\/nike_zegama_2__sail_picante_red__fd5190-103_8_47573.jpeg;https:\/\/images.novelship.com\/product\/nike_zegama_2__sail_picante_red__fd5190-103_9_47573.jpeg\"},{\"@type\":\"BreadcrumbList\",\"@id\":\"https:\/\/tourcruiser.com\/de\/products\/nike-zegama-2-sail-picante-red\/#breadcrumb\",\"itemListElement\":[{\"@type\":\"ListItem\",\"position\":1,\"name\":\"Home\",\"item\":\"https:\/\/tourcruiser.com\/de\/\"},{\"@type\":\"ListItem\",\"position\":2,\"name\":\"Shop\",\"item\":\"https:\/\/tourcruiser.com\/de\/shop\/\"},{\"@type\":\"ListItem\",\"position\":3,\"name\":\"Nike Zegama 2 'Sail Picante Red'\"}]},{\"@type\":\"WebSite\",\"@id\":\"https:\/\/tourcruiser.com\/de\/#website\",\"url\":\"https:\/\/tourcruiser.com\/de\/\",\"name\":\"Styloral Jewelry Shop\",\"description\":\"Tourcruiser Sneaker Store \u2014 der Ort, an dem das Universum deine Einzigartigkeit trifft.\",\"publisher\":{\"@id\":\"https:\/\/tourcruiser.com\/de\/#organization\"},\"potentialAction\":[{\"@type\":\"SearchAction\",\"target\":{\"@type\":\"EntryPoint\",\"urlTemplate\":\"https:\/\/tourcruiser.com\/de\/?s={search_term_string}\"},\"query-input\":{\"@type\":\"PropertyValueSpecification\",\"valueRequired\":true,\"valueName\":\"search_term_string\"}}],\"inLanguage\":\"de\"},{\"@type\":\"Organization\",\"@id\":\"https:\/\/tourcruiser.com\/de\/#organization\",\"name\":\"STYLORAL PTE. LTD\",\"url\":\"https:\/\/tourcruiser.com\/de\/\",\"logo\":{\"@type\":\"ImageObject\",\"inLanguage\":\"de\",\"@id\":\"https:\/\/tourcruiser.com\/de\/#\/schema\/logo\/image\/\",\"url\":\"https:\/\/www.tourcruiser.com\/wp-content\/uploads\/2025\/12\/logo.png\",\"contentUrl\":\"https:\/\/www.tourcruiser.com\/wp-content\/uploads\/2025\/12\/logo.png\",\"width\":200,\"height\":65,\"caption\":\"STYLORAL PTE. LTD\"},\"image\":{\"@id\":\"https:\/\/tourcruiser.com\/de\/#\/schema\/logo\/image\/\"}}]}<\/script>\n<!-- \/ Yoast SEO plugin. -->","yoast_head_json":{"title":"Nike Zegama 2 'Sail Picante Red'  - Tourcruiser PTE. LTD","robots":{"index":"index","follow":"follow","max-snippet":"max-snippet:-1","max-image-preview":"max-image-preview:large","max-video-preview":"max-video-preview:-1"},"canonical":"https:\/\/tourcruiser.com\/de\/products\/nike-zegama-2-sail-picante-red\/","og_locale":"de_DE","og_type":"article","og_title":"Nike Zegama 2 'Sail Picante Red'  - Tourcruiser PTE. LTD","og_description":"Nike Zegama 2 \u201d\u201d Sail\/Picante Red\/Metallic Platinum\/Phantom","og_url":"https:\/\/tourcruiser.com\/de\/products\/nike-zegama-2-sail-picante-red\/","og_site_name":"Tourcruiser Sneaker Store","article_modified_time":"2026-03-27T17:59:42+00:00","twitter_card":"summary_large_image","twitter_image":"https:\/\/images.novelship.com\/product\/nike_zegama_2__sail_picante_red__fd5190-103_0_47573.jpeg;https:\/\/images.novelship.com\/product\/nike_zegama_2__sail_picante_red__fd5190-103_1_47573.jpeg;https:\/\/images.novelship.com\/product\/nike_zegama_2__sail_picante_red__fd5190-103_2_47573.jpeg;https:\/\/images.novelship.com\/product\/nike_zegama_2__sail_picante_red__fd5190-103_3_47573.jpeg;https:\/\/images.novelship.com\/product\/nike_zegama_2__sail_picante_red__fd5190-103_4_47573.jpeg;https:\/\/images.novelship.com\/product\/nike_zegama_2__sail_picante_red__fd5190-103_5_47573.jpeg;https:\/\/images.novelship.com\/product\/nike_zegama_2__sail_picante_red__fd5190-103_6_47573.jpeg;https:\/\/images.novelship.com\/product\/nike_zegama_2__sail_picante_red__fd5190-103_7_47573.jpeg;https:\/\/images.novelship.com\/product\/nike_zegama_2__sail_picante_red__fd5190-103_8_47573.jpeg;https:\/\/images.novelship.com\/product\/nike_zegama_2__sail_picante_red__fd5190-103_9_47573.jpeg","twitter_misc":{"Gesch\u00e4tzte Lesezeit":"1\u00a0Minute"},"schema":{"@context":"https:\/\/schema.org","@graph":[{"@type":"WebPage","@id":"https:\/\/tourcruiser.com\/de\/products\/nike-zegama-2-sail-picante-red\/","url":"https:\/\/tourcruiser.com\/de\/products\/nike-zegama-2-sail-picante-red\/","name":"Nike Zegama 2 'Sail Picante Red' - Tourcruiser PTE. LTD","isPartOf":{"@id":"https:\/\/tourcruiser.com\/de\/#website"},"primaryImageOfPage":{"@id":"https:\/\/tourcruiser.com\/de\/products\/nike-zegama-2-sail-picante-red\/#primaryimage"},"image":{"@id":"https:\/\/tourcruiser.com\/de\/products\/nike-zegama-2-sail-picante-red\/#primaryimage"},"thumbnailUrl":"https:\/\/images.novelship.com\/product\/nike_zegama_2__sail_picante_red__fd5190-103_0_47573.jpeg;https:\/\/images.novelship.com\/product\/nike_zegama_2__sail_picante_red__fd5190-103_1_47573.jpeg;https:\/\/images.novelship.com\/product\/nike_zegama_2__sail_picante_red__fd5190-103_2_47573.jpeg;https:\/\/images.novelship.com\/product\/nike_zegama_2__sail_picante_red__fd5190-103_3_47573.jpeg;https:\/\/images.novelship.com\/product\/nike_zegama_2__sail_picante_red__fd5190-103_4_47573.jpeg;https:\/\/images.novelship.com\/product\/nike_zegama_2__sail_picante_red__fd5190-103_5_47573.jpeg;https:\/\/images.novelship.com\/product\/nike_zegama_2__sail_picante_red__fd5190-103_6_47573.jpeg;https:\/\/images.novelship.com\/product\/nike_zegama_2__sail_picante_red__fd5190-103_7_47573.jpeg;https:\/\/images.novelship.com\/product\/nike_zegama_2__sail_picante_red__fd5190-103_8_47573.jpeg;https:\/\/images.novelship.com\/product\/nike_zegama_2__sail_picante_red__fd5190-103_9_47573.jpeg","datePublished":"2026-03-02T08:11:00+00:00","dateModified":"2026-03-27T17:59:42+00:00","breadcrumb":{"@id":"https:\/\/tourcruiser.com\/de\/products\/nike-zegama-2-sail-picante-red\/#breadcrumb"},"inLanguage":"de","potentialAction":[{"@type":"ReadAction","target":["https:\/\/tourcruiser.com\/de\/products\/nike-zegama-2-sail-picante-red\/"]}]},{"@type":"ImageObject","inLanguage":"de","@id":"https:\/\/tourcruiser.com\/de\/products\/nike-zegama-2-sail-picante-red\/#primaryimage","url":"https:\/\/images.novelship.com\/product\/nike_zegama_2__sail_picante_red__fd5190-103_0_47573.jpeg;https:\/\/images.novelship.com\/product\/nike_zegama_2__sail_picante_red__fd5190-103_1_47573.jpeg;https:\/\/images.novelship.com\/product\/nike_zegama_2__sail_picante_red__fd5190-103_2_47573.jpeg;https:\/\/images.novelship.com\/product\/nike_zegama_2__sail_picante_red__fd5190-103_3_47573.jpeg;https:\/\/images.novelship.com\/product\/nike_zegama_2__sail_picante_red__fd5190-103_4_47573.jpeg;https:\/\/images.novelship.com\/product\/nike_zegama_2__sail_picante_red__fd5190-103_5_47573.jpeg;https:\/\/images.novelship.com\/product\/nike_zegama_2__sail_picante_red__fd5190-103_6_47573.jpeg;https:\/\/images.novelship.com\/product\/nike_zegama_2__sail_picante_red__fd5190-103_7_47573.jpeg;https:\/\/images.novelship.com\/product\/nike_zegama_2__sail_picante_red__fd5190-103_8_47573.jpeg;https:\/\/images.novelship.com\/product\/nike_zegama_2__sail_picante_red__fd5190-103_9_47573.jpeg","contentUrl":"https:\/\/images.novelship.com\/product\/nike_zegama_2__sail_picante_red__fd5190-103_0_47573.jpeg;https:\/\/images.novelship.com\/product\/nike_zegama_2__sail_picante_red__fd5190-103_1_47573.jpeg;https:\/\/images.novelship.com\/product\/nike_zegama_2__sail_picante_red__fd5190-103_2_47573.jpeg;https:\/\/images.novelship.com\/product\/nike_zegama_2__sail_picante_red__fd5190-103_3_47573.jpeg;https:\/\/images.novelship.com\/product\/nike_zegama_2__sail_picante_red__fd5190-103_4_47573.jpeg;https:\/\/images.novelship.com\/product\/nike_zegama_2__sail_picante_red__fd5190-103_5_47573.jpeg;https:\/\/images.novelship.com\/product\/nike_zegama_2__sail_picante_red__fd5190-103_6_47573.jpeg;https:\/\/images.novelship.com\/product\/nike_zegama_2__sail_picante_red__fd5190-103_7_47573.jpeg;https:\/\/images.novelship.com\/product\/nike_zegama_2__sail_picante_red__fd5190-103_8_47573.jpeg;https:\/\/images.novelship.com\/product\/nike_zegama_2__sail_picante_red__fd5190-103_9_47573.jpeg"},{"@type":"BreadcrumbList","@id":"https:\/\/tourcruiser.com\/de\/products\/nike-zegama-2-sail-picante-red\/#breadcrumb","itemListElement":[{"@type":"ListItem","position":1,"name":"Home","item":"https:\/\/tourcruiser.com\/de\/"},{"@type":"ListItem","position":2,"name":"Shop","item":"https:\/\/tourcruiser.com\/de\/shop\/"},{"@type":"ListItem","position":3,"name":"Nike Zegama 2 'Sail Picante Red'"}]},{"@type":"WebSite","@id":"https:\/\/tourcruiser.com\/de\/#website","url":"https:\/\/tourcruiser.com\/de\/","name":"Styloral Jewelry Shop","description":"Tourcruiser Sneaker Store \u2014 der Ort, an dem das Universum deine Einzigartigkeit trifft.","publisher":{"@id":"https:\/\/tourcruiser.com\/de\/#organization"},"potentialAction":[{"@type":"SearchAction","target":{"@type":"EntryPoint","urlTemplate":"https:\/\/tourcruiser.com\/de\/?s={search_term_string}"},"query-input":{"@type":"PropertyValueSpecification","valueRequired":true,"valueName":"search_term_string"}}],"inLanguage":"de"},{"@type":"Organization","@id":"https:\/\/tourcruiser.com\/de\/#organization","name":"STYLORAL PTE. LTD","url":"https:\/\/tourcruiser.com\/de\/","logo":{"@type":"ImageObject","inLanguage":"de","@id":"https:\/\/tourcruiser.com\/de\/#\/schema\/logo\/image\/","url":"https:\/\/www.tourcruiser.com\/wp-content\/uploads\/2025\/12\/logo.png","contentUrl":"https:\/\/www.tourcruiser.com\/wp-content\/uploads\/2025\/12\/logo.png","width":200,"height":65,"caption":"STYLORAL PTE. LTD"},"image":{"@id":"https:\/\/tourcruiser.com\/de\/#\/schema\/logo\/image\/"}}]}},"_links":{"self":[{"href":"https:\/\/tourcruiser.com\/de\/wp-json\/wp\/v2\/product\/52058","targetHints":{"allow":["GET"]}}],"collection":[{"href":"https:\/\/tourcruiser.com\/de\/wp-json\/wp\/v2\/product"}],"about":[{"href":"https:\/\/tourcruiser.com\/de\/wp-json\/wp\/v2\/types\/product"}],"replies":[{"embeddable":true,"href":"https:\/\/tourcruiser.com\/de\/wp-json\/wp\/v2\/comments?post=52058"}],"wp:featuredmedia":[{"embeddable":true,"href":"https:\/\/tourcruiser.com\/de\/wp-json\/wp\/v2\/media\/52059"}],"wp:attachment":[{"href":"https:\/\/tourcruiser.com\/de\/wp-json\/wp\/v2\/media?parent=52058"}],"wp:term":[{"taxonomy":"product_brand","embeddable":true,"href":"https:\/\/tourcruiser.com\/de\/wp-json\/wp\/v2\/product_brand?post=52058"},{"taxonomy":"product_cat","embeddable":true,"href":"https:\/\/tourcruiser.com\/de\/wp-json\/wp\/v2\/product_cat?post=52058"},{"taxonomy":"product_tag","embeddable":true,"href":"https:\/\/tourcruiser.com\/de\/wp-json\/wp\/v2\/product_tag?post=52058"}],"curies":[{"name":"wp","href":"https:\/\/api.w.org\/{rel}","templated":true}]}}