{"id":51851,"date":"2026-03-02T15:10:41","date_gmt":"2026-03-02T08:10:41","guid":{"rendered":"http:\/\/tourcruiser.com\/product\/nike-court-air-zoom-vapor-pro-dark-purple-blue"},"modified":"2026-03-28T00:59:34","modified_gmt":"2026-03-27T17:59:34","slug":"nike-court-air-zoom-vapor-pro-dark-purple-blue","status":"publish","type":"product","link":"https:\/\/tourcruiser.com\/de\/products\/nike-court-air-zoom-vapor-pro-dark-purple-blue\/","title":{"rendered":"Nike Court Air Zoom Vapor Pro &#8218;Dark Purple Blue&#8216;"},"content":{"rendered":"<p>Verbessere dein Spiel mit dem Nike Court Air Zoom Vapor Pro &#8218;Dark Purple Blue&#8216;. Dieser Tennisschuh wurde f\u00fcr Geschwindigkeit und Kontrolle entwickelt und verf\u00fcgt \u00fcber ein atmungsaktives Mesh-Obermaterial, reaktionsfreudige Zoom Air-D\u00e4mpfung und eine strapazierf\u00e4hige Gummiau\u00dfensohle. Die leuchtenden Lila- und Blaut\u00f6ne verleihen deinem Style auf dem Court einen Hauch von Flair, w\u00e4hrend das innovative Design f\u00fcr au\u00dfergew\u00f6hnliche Performance und Komfort sorgt. Betritt den Court mit Selbstvertrauen und dominiere jedes Match mit dem Nike Court Air Zoom Vapor Pro &#8218;Dark Purple Blue&#8216;.<\/p>\n<ul>\n<li><strong>Farbgebung:<\/strong> Dunkellila\/Blau<\/li>\n<li><strong>Artikelnummer:<\/strong> CZ0221-524<\/li>\n<li><strong>Obermaterial:<\/strong> Textil\/Kunstleder<\/li>\n<li><strong>Saison:<\/strong> Ganzj\u00e4hrig<\/li>\n<\/ul>\n","protected":false},"excerpt":{"rendered":"<p>Nike Court Air Zoom Vapor Pro \u201d\u201d Dark Purple\/Blue<\/p>\n","protected":false},"featured_media":51852,"comment_status":"open","ping_status":"closed","template":"","meta":[],"product_brand":[],"product_cat":[10803],"product_tag":[10753,10801,10882,10802,11082],"class_list":{"0":"post-51851","1":"product","2":"type-product","3":"status-publish","4":"has-post-thumbnail","6":"product_cat-nike","7":"product_tag-gift-for-him","8":"product_tag-nike","9":"product_tag-nike-running-shoes","10":"product_tag-performance-sport-shoes","11":"product_tag-tennis-shoes","12":"wcpa_has_options","14":"first","15":"outofstock","16":"taxable","17":"shipping-taxable","18":"purchasable","19":"product-type-simple"},"wcpa_form_fields":{"rules":{"pric_overide_base_price":false,"pric_overide_base_price_if_gt_zero":false,"pric_overide_base_price_fully":false,"pric_cal_option_once":false,"pric_use_as_fee":false,"bind_quantity":false,"quantity_bind_formula":false},"fields":[{"type":"color-group","required":true,"elementId":"wcpa-color-group-66c4a75505e74","label":"Gr\u00f6\u00dfe - EU Gr\u00f6\u00dfe","inline":true,"priceOptions":"different_for_all","pricingType":"fixed","className":"hassizechart product-shoes-size-eu product-shoes-size","name":"color-group-66c4a75505e89","disp_type":"square","selection_type":"tick-border","disp_size":"44","show_label_inside":true,"adjust_width":true,"cart_display_type":"text","other_text":"Other","cl_rule":"show","col":6,"values":[{"label":"35.5","value":"EU 35.5","price":"","pimage":"","pimage_id":"","pthumb":"","color":""},{"label":"36","value":"EU 36","price":"","pimage":"","pimage_id":"","pthumb":"","color":"","selected":true},{"label":"36.5","value":"EU 36.5","price":"","pimage":"","pimage_id":"","pthumb":"","color":""},{"label":"37.5","value":"EU 37.5","price":"","pimage":"","pimage_id":"","pthumb":"","color":""},{"label":"38","value":"EU 38","price":"","pimage":"","pimage_id":"","pthumb":"","color":""},{"label":"38.5","value":"EU 38.5","price":"","pimage":"","pimage_id":"","pthumb":"","color":""},{"label":"39","value":"EU 39","price":"","pimage":"","pimage_id":"","pthumb":"","color":""},{"label":"40","value":"EU 40","price":"","pimage":"","pimage_id":"","pthumb":"","color":""},{"label":"40.5","value":"EU 40.5","price":"","pimage":"","pimage_id":"","pthumb":"","color":""},{"label":"41","value":"EU 41","price":"","pimage":"","pimage_id":"","pthumb":"","color":""},{"label":"42","value":"EU 42","price":"","pimage":"","pimage_id":"","pthumb":"","color":""},{"label":"42.5","value":"EU 42.5","price":"","pimage":"","pimage_id":"","pthumb":"","color":""},{"label":"43","value":"EU 43","price":"","pimage":"","pimage_id":"","pthumb":"","color":""},{"label":"44","value":"EU 44","price":"","pimage":"","pimage_id":"","pthumb":"","color":""},{"label":"44.5","value":"EU 44.5","price":"","pimage":"","pimage_id":"","pthumb":"","color":""},{"label":"45","value":"EU 45","price":"","pimage":"","pimage_id":"","pthumb":"","color":""},{"label":"45.5","value":"EU 45.5","price":"","pimage":"","pimage_id":"","pthumb":"","color":""},{"label":"46","value":"EU 46","price":"","pimage":"","pimage_id":"","pthumb":"","color":""},{"label":"47","value":"EU 47","price":"","pimage":"","pimage_id":"","pthumb":"","color":""},{"label":"47.5","value":"EU 47.5","price":"","pimage":"","pimage_id":"","pthumb":"","color":""},{"label":"48","value":"EU 48","price":"","pimage":"","pimage_id":"","pthumb":"","color":""}],"relations":[{"operator":false,"rules":[]}],"form_id":18106,"form_rules":{"pric_cal_option_once":false,"exclude_from_discount":false,"pric_use_as_fee":false,"fee_label":"Fee","render_after_acb":false,"disp_hide_options_price":false}}]},"yoast_head":"<!-- This site is optimized with the Yoast SEO plugin v26.5 - https:\/\/yoast.com\/wordpress\/plugins\/seo\/ -->\n<title>Nike Court Air Zoom Vapor Pro &#039;Dark Purple Blue&#039;  - Tourcruiser PTE. LTD<\/title>\n<meta name=\"robots\" content=\"index, follow, max-snippet:-1, max-image-preview:large, max-video-preview:-1\" \/>\n<link rel=\"canonical\" href=\"https:\/\/tourcruiser.com\/\" \/>\n<meta property=\"og:locale\" content=\"de_DE\" \/>\n<meta property=\"og:type\" content=\"article\" \/>\n<meta property=\"og:title\" content=\"Nike Court Air Zoom Vapor Pro &#039;Dark Purple Blue&#039;  - Tourcruiser PTE. LTD\" \/>\n<meta property=\"og:description\" content=\"Nike Court Air Zoom Vapor Pro \u201d\u201d Dark Purple\/Blue\" \/>\n<meta property=\"og:url\" content=\"\/\" \/>\n<meta property=\"og:site_name\" content=\"Tourcruiser Sneaker Store\" \/>\n<meta property=\"article:modified_time\" content=\"2026-03-27T17:59:34+00:00\" \/>\n<meta name=\"twitter:card\" content=\"summary_large_image\" \/>\n<meta name=\"twitter:image\" content=\"https:\/\/images.novelship.com\/product\/nike_court_air_zoom_vapor_pro__dark_purple_blue__c_0_47859.jpeg;https:\/\/images.novelship.com\/product\/nike_court_air_zoom_vapor_pro__dark_purple_blue__c_1_47859.jpeg;https:\/\/images.novelship.com\/product\/nike_court_air_zoom_vapor_pro__dark_purple_blue__c_2_47859.jpeg;https:\/\/images.novelship.com\/product\/nike_court_air_zoom_vapor_pro__dark_purple_blue__c_3_47859.jpeg;https:\/\/images.novelship.com\/product\/nike_court_air_zoom_vapor_pro__dark_purple_blue__c_4_47859.jpeg;https:\/\/images.novelship.com\/product\/nike_court_air_zoom_vapor_pro__dark_purple_blue__c_5_47859.jpeg\" \/>\n<meta name=\"twitter:label1\" content=\"Gesch\u00e4tzte Lesezeit\" \/>\n\t<meta name=\"twitter:data1\" content=\"1\u00a0Minute\" \/>\n<script type=\"application\/ld+json\" class=\"yoast-schema-graph\">{\"@context\":\"https:\/\/schema.org\",\"@graph\":[{\"@type\":\"WebPage\",\"@id\":\"\/\",\"url\":\"https:\/\/tourcruiser.com\/\",\"name\":\"Nike Court Air Zoom Vapor Pro 'Dark Purple Blue' - Tourcruiser PTE. LTD\",\"isPartOf\":{\"@id\":\"https:\/\/tourcruiser.com\/de\/#website\"},\"primaryImageOfPage\":{\"@id\":\"https:\/\/tourcruiser.com\/#primaryimage\"},\"image\":{\"@id\":\"https:\/\/tourcruiser.com\/#primaryimage\"},\"thumbnailUrl\":\"https:\/\/images.novelship.com\/product\/nike_court_air_zoom_vapor_pro__dark_purple_blue__c_0_47859.jpeg;https:\/\/images.novelship.com\/product\/nike_court_air_zoom_vapor_pro__dark_purple_blue__c_1_47859.jpeg;https:\/\/images.novelship.com\/product\/nike_court_air_zoom_vapor_pro__dark_purple_blue__c_2_47859.jpeg;https:\/\/images.novelship.com\/product\/nike_court_air_zoom_vapor_pro__dark_purple_blue__c_3_47859.jpeg;https:\/\/images.novelship.com\/product\/nike_court_air_zoom_vapor_pro__dark_purple_blue__c_4_47859.jpeg;https:\/\/images.novelship.com\/product\/nike_court_air_zoom_vapor_pro__dark_purple_blue__c_5_47859.jpeg\",\"datePublished\":\"2026-03-02T08:10:41+00:00\",\"dateModified\":\"2026-03-27T17:59:34+00:00\",\"breadcrumb\":{\"@id\":\"https:\/\/tourcruiser.com\/#breadcrumb\"},\"inLanguage\":\"de\",\"potentialAction\":[{\"@type\":\"ReadAction\",\"target\":[\"https:\/\/tourcruiser.com\/\"]}]},{\"@type\":\"ImageObject\",\"inLanguage\":\"de\",\"@id\":\"https:\/\/tourcruiser.com\/#primaryimage\",\"url\":\"https:\/\/images.novelship.com\/product\/nike_court_air_zoom_vapor_pro__dark_purple_blue__c_0_47859.jpeg;https:\/\/images.novelship.com\/product\/nike_court_air_zoom_vapor_pro__dark_purple_blue__c_1_47859.jpeg;https:\/\/images.novelship.com\/product\/nike_court_air_zoom_vapor_pro__dark_purple_blue__c_2_47859.jpeg;https:\/\/images.novelship.com\/product\/nike_court_air_zoom_vapor_pro__dark_purple_blue__c_3_47859.jpeg;https:\/\/images.novelship.com\/product\/nike_court_air_zoom_vapor_pro__dark_purple_blue__c_4_47859.jpeg;https:\/\/images.novelship.com\/product\/nike_court_air_zoom_vapor_pro__dark_purple_blue__c_5_47859.jpeg\",\"contentUrl\":\"https:\/\/images.novelship.com\/product\/nike_court_air_zoom_vapor_pro__dark_purple_blue__c_0_47859.jpeg;https:\/\/images.novelship.com\/product\/nike_court_air_zoom_vapor_pro__dark_purple_blue__c_1_47859.jpeg;https:\/\/images.novelship.com\/product\/nike_court_air_zoom_vapor_pro__dark_purple_blue__c_2_47859.jpeg;https:\/\/images.novelship.com\/product\/nike_court_air_zoom_vapor_pro__dark_purple_blue__c_3_47859.jpeg;https:\/\/images.novelship.com\/product\/nike_court_air_zoom_vapor_pro__dark_purple_blue__c_4_47859.jpeg;https:\/\/images.novelship.com\/product\/nike_court_air_zoom_vapor_pro__dark_purple_blue__c_5_47859.jpeg\"},{\"@type\":\"BreadcrumbList\",\"@id\":\"https:\/\/tourcruiser.com\/#breadcrumb\",\"itemListElement\":[{\"@type\":\"ListItem\",\"position\":1,\"name\":\"Home\",\"item\":\"https:\/\/tourcruiser.com\/de\/\"},{\"@type\":\"ListItem\",\"position\":2,\"name\":\"Shop\",\"item\":\"https:\/\/tourcruiser.com\/de\/shop\/\"},{\"@type\":\"ListItem\",\"position\":3,\"name\":\"Nike Court Air Zoom Vapor Pro &#8218;Dark Purple Blue&#8216;\"}]},{\"@type\":\"WebSite\",\"@id\":\"https:\/\/tourcruiser.com\/de\/#website\",\"url\":\"https:\/\/tourcruiser.com\/de\/\",\"name\":\"Styloral Jewelry Shop\",\"description\":\"Tourcruiser Sneaker Store \u2014 der Ort, an dem das Universum deine Einzigartigkeit trifft.\",\"publisher\":{\"@id\":\"https:\/\/tourcruiser.com\/de\/#organization\"},\"potentialAction\":[{\"@type\":\"SearchAction\",\"target\":{\"@type\":\"EntryPoint\",\"urlTemplate\":\"https:\/\/tourcruiser.com\/de\/?s={search_term_string}\"},\"query-input\":{\"@type\":\"PropertyValueSpecification\",\"valueRequired\":true,\"valueName\":\"search_term_string\"}}],\"inLanguage\":\"de\"},{\"@type\":\"Organization\",\"@id\":\"https:\/\/tourcruiser.com\/de\/#organization\",\"name\":\"STYLORAL PTE. LTD\",\"url\":\"https:\/\/tourcruiser.com\/de\/\",\"logo\":{\"@type\":\"ImageObject\",\"inLanguage\":\"de\",\"@id\":\"https:\/\/tourcruiser.com\/de\/#\/schema\/logo\/image\/\",\"url\":\"https:\/\/www.tourcruiser.com\/wp-content\/uploads\/2025\/12\/logo.png\",\"contentUrl\":\"https:\/\/www.tourcruiser.com\/wp-content\/uploads\/2025\/12\/logo.png\",\"width\":200,\"height\":65,\"caption\":\"STYLORAL PTE. LTD\"},\"image\":{\"@id\":\"https:\/\/tourcruiser.com\/de\/#\/schema\/logo\/image\/\"}}]}<\/script>\n<!-- \/ Yoast SEO plugin. -->","yoast_head_json":{"title":"Nike Court Air Zoom Vapor Pro 'Dark Purple Blue'  - Tourcruiser PTE. LTD","robots":{"index":"index","follow":"follow","max-snippet":"max-snippet:-1","max-image-preview":"max-image-preview:large","max-video-preview":"max-video-preview:-1"},"canonical":"https:\/\/tourcruiser.com\/","og_locale":"de_DE","og_type":"article","og_title":"Nike Court Air Zoom Vapor Pro 'Dark Purple Blue'  - Tourcruiser PTE. LTD","og_description":"Nike Court Air Zoom Vapor Pro \u201d\u201d Dark Purple\/Blue","og_url":"\/","og_site_name":"Tourcruiser Sneaker Store","article_modified_time":"2026-03-27T17:59:34+00:00","twitter_card":"summary_large_image","twitter_image":"https:\/\/images.novelship.com\/product\/nike_court_air_zoom_vapor_pro__dark_purple_blue__c_0_47859.jpeg;https:\/\/images.novelship.com\/product\/nike_court_air_zoom_vapor_pro__dark_purple_blue__c_1_47859.jpeg;https:\/\/images.novelship.com\/product\/nike_court_air_zoom_vapor_pro__dark_purple_blue__c_2_47859.jpeg;https:\/\/images.novelship.com\/product\/nike_court_air_zoom_vapor_pro__dark_purple_blue__c_3_47859.jpeg;https:\/\/images.novelship.com\/product\/nike_court_air_zoom_vapor_pro__dark_purple_blue__c_4_47859.jpeg;https:\/\/images.novelship.com\/product\/nike_court_air_zoom_vapor_pro__dark_purple_blue__c_5_47859.jpeg","twitter_misc":{"Gesch\u00e4tzte Lesezeit":"1\u00a0Minute"},"schema":{"@context":"https:\/\/schema.org","@graph":[{"@type":"WebPage","@id":"\/","url":"https:\/\/tourcruiser.com\/","name":"Nike Court Air Zoom Vapor Pro 'Dark Purple Blue' - Tourcruiser PTE. LTD","isPartOf":{"@id":"https:\/\/tourcruiser.com\/de\/#website"},"primaryImageOfPage":{"@id":"https:\/\/tourcruiser.com\/#primaryimage"},"image":{"@id":"https:\/\/tourcruiser.com\/#primaryimage"},"thumbnailUrl":"https:\/\/images.novelship.com\/product\/nike_court_air_zoom_vapor_pro__dark_purple_blue__c_0_47859.jpeg;https:\/\/images.novelship.com\/product\/nike_court_air_zoom_vapor_pro__dark_purple_blue__c_1_47859.jpeg;https:\/\/images.novelship.com\/product\/nike_court_air_zoom_vapor_pro__dark_purple_blue__c_2_47859.jpeg;https:\/\/images.novelship.com\/product\/nike_court_air_zoom_vapor_pro__dark_purple_blue__c_3_47859.jpeg;https:\/\/images.novelship.com\/product\/nike_court_air_zoom_vapor_pro__dark_purple_blue__c_4_47859.jpeg;https:\/\/images.novelship.com\/product\/nike_court_air_zoom_vapor_pro__dark_purple_blue__c_5_47859.jpeg","datePublished":"2026-03-02T08:10:41+00:00","dateModified":"2026-03-27T17:59:34+00:00","breadcrumb":{"@id":"https:\/\/tourcruiser.com\/#breadcrumb"},"inLanguage":"de","potentialAction":[{"@type":"ReadAction","target":["https:\/\/tourcruiser.com\/"]}]},{"@type":"ImageObject","inLanguage":"de","@id":"https:\/\/tourcruiser.com\/#primaryimage","url":"https:\/\/images.novelship.com\/product\/nike_court_air_zoom_vapor_pro__dark_purple_blue__c_0_47859.jpeg;https:\/\/images.novelship.com\/product\/nike_court_air_zoom_vapor_pro__dark_purple_blue__c_1_47859.jpeg;https:\/\/images.novelship.com\/product\/nike_court_air_zoom_vapor_pro__dark_purple_blue__c_2_47859.jpeg;https:\/\/images.novelship.com\/product\/nike_court_air_zoom_vapor_pro__dark_purple_blue__c_3_47859.jpeg;https:\/\/images.novelship.com\/product\/nike_court_air_zoom_vapor_pro__dark_purple_blue__c_4_47859.jpeg;https:\/\/images.novelship.com\/product\/nike_court_air_zoom_vapor_pro__dark_purple_blue__c_5_47859.jpeg","contentUrl":"https:\/\/images.novelship.com\/product\/nike_court_air_zoom_vapor_pro__dark_purple_blue__c_0_47859.jpeg;https:\/\/images.novelship.com\/product\/nike_court_air_zoom_vapor_pro__dark_purple_blue__c_1_47859.jpeg;https:\/\/images.novelship.com\/product\/nike_court_air_zoom_vapor_pro__dark_purple_blue__c_2_47859.jpeg;https:\/\/images.novelship.com\/product\/nike_court_air_zoom_vapor_pro__dark_purple_blue__c_3_47859.jpeg;https:\/\/images.novelship.com\/product\/nike_court_air_zoom_vapor_pro__dark_purple_blue__c_4_47859.jpeg;https:\/\/images.novelship.com\/product\/nike_court_air_zoom_vapor_pro__dark_purple_blue__c_5_47859.jpeg"},{"@type":"BreadcrumbList","@id":"https:\/\/tourcruiser.com\/#breadcrumb","itemListElement":[{"@type":"ListItem","position":1,"name":"Home","item":"https:\/\/tourcruiser.com\/de\/"},{"@type":"ListItem","position":2,"name":"Shop","item":"https:\/\/tourcruiser.com\/de\/shop\/"},{"@type":"ListItem","position":3,"name":"Nike Court Air Zoom Vapor Pro &#8218;Dark Purple Blue&#8216;"}]},{"@type":"WebSite","@id":"https:\/\/tourcruiser.com\/de\/#website","url":"https:\/\/tourcruiser.com\/de\/","name":"Styloral Jewelry Shop","description":"Tourcruiser Sneaker Store \u2014 der Ort, an dem das Universum deine Einzigartigkeit trifft.","publisher":{"@id":"https:\/\/tourcruiser.com\/de\/#organization"},"potentialAction":[{"@type":"SearchAction","target":{"@type":"EntryPoint","urlTemplate":"https:\/\/tourcruiser.com\/de\/?s={search_term_string}"},"query-input":{"@type":"PropertyValueSpecification","valueRequired":true,"valueName":"search_term_string"}}],"inLanguage":"de"},{"@type":"Organization","@id":"https:\/\/tourcruiser.com\/de\/#organization","name":"STYLORAL PTE. LTD","url":"https:\/\/tourcruiser.com\/de\/","logo":{"@type":"ImageObject","inLanguage":"de","@id":"https:\/\/tourcruiser.com\/de\/#\/schema\/logo\/image\/","url":"https:\/\/www.tourcruiser.com\/wp-content\/uploads\/2025\/12\/logo.png","contentUrl":"https:\/\/www.tourcruiser.com\/wp-content\/uploads\/2025\/12\/logo.png","width":200,"height":65,"caption":"STYLORAL PTE. LTD"},"image":{"@id":"https:\/\/tourcruiser.com\/de\/#\/schema\/logo\/image\/"}}]}},"_links":{"self":[{"href":"https:\/\/tourcruiser.com\/de\/wp-json\/wp\/v2\/product\/51851","targetHints":{"allow":["GET"]}}],"collection":[{"href":"https:\/\/tourcruiser.com\/de\/wp-json\/wp\/v2\/product"}],"about":[{"href":"https:\/\/tourcruiser.com\/de\/wp-json\/wp\/v2\/types\/product"}],"replies":[{"embeddable":true,"href":"https:\/\/tourcruiser.com\/de\/wp-json\/wp\/v2\/comments?post=51851"}],"wp:featuredmedia":[{"embeddable":true,"href":"https:\/\/tourcruiser.com\/de\/wp-json\/wp\/v2\/media\/51852"}],"wp:attachment":[{"href":"https:\/\/tourcruiser.com\/de\/wp-json\/wp\/v2\/media?parent=51851"}],"wp:term":[{"taxonomy":"product_brand","embeddable":true,"href":"https:\/\/tourcruiser.com\/de\/wp-json\/wp\/v2\/product_brand?post=51851"},{"taxonomy":"product_cat","embeddable":true,"href":"https:\/\/tourcruiser.com\/de\/wp-json\/wp\/v2\/product_cat?post=51851"},{"taxonomy":"product_tag","embeddable":true,"href":"https:\/\/tourcruiser.com\/de\/wp-json\/wp\/v2\/product_tag?post=51851"}],"curies":[{"name":"wp","href":"https:\/\/api.w.org\/{rel}","templated":true}]}}