{"id":51438,"date":"2026-03-02T15:10:03","date_gmt":"2026-03-02T08:10:03","guid":{"rendered":"http:\/\/tourcruiser.com\/product\/w-adidas-racer-lo-mercedesamg-petronas-f1-team"},"modified":"2026-03-28T00:59:11","modified_gmt":"2026-03-27T17:59:11","slug":"w-adidas-racer-lo-mercedesamg-petronas-f1-team","status":"publish","type":"product","link":"https:\/\/tourcruiser.com\/de\/products\/w-adidas-racer-lo-mercedesamg-petronas-f1-team\/","title":{"rendered":"(W) Adidas Racer LO Mercedes &#8211; AMG Petronas F1 Team"},"content":{"rendered":"<p>Erleben Sie die perfekte Verschmelzung von sportlicher Performance und Motorsport-Style mit dem Adidas Racer LO Mercedes-AMG Petronas F1 Team JR4543 Sneaker. Dieser Schuh wurde f\u00fcr Geschwindigkeitsfans und stilbewusste Menschen gleicherma\u00dfen entwickelt und vereint elegantes Design mit \u00fcberragendem Komfort \u201d\u201c inspiriert von der Pr\u00e4zisionstechnik der Formel 1.<\/p>\n<p>Das leichte, atmungsaktive Obermaterial des Racer LO sorgt f\u00fcr ganzt\u00e4gigen Tragekomfort und bietet eine optimale Passform f\u00fcr dynamische Bewegungen. Die reaktionsfreudige D\u00e4mpfung bietet Stabilit\u00e4t und Energier\u00fcckgabe und macht den Schuh ideal f\u00fcr Stadterkundungen oder Freizeitaktivit\u00e4ten. Das ikonische Mercedes-AMG Petronas F1 Team Branding verleiht dem Schuh einen Hauch von Eleganz und zelebriert die erfolgreiche Partnerschaft zwischen Sport und Innovation.<\/p>\n<p>Die strapazierf\u00e4hige Gummisohle bietet au\u00dfergew\u00f6hnlichen Grip und Traktion, egal ob auf der Rennstrecke oder im Stra\u00dfenverkehr. Dezente, aber markante Designdetails, von der stromlinienf\u00f6rmigen Silhouette bis hin zu den ausdrucksstarken Akzenten, verk\u00f6rpern perfekt den Adrenalin-Spirit des Motorsports. Ideal f\u00fcr Formel-1-Fans, Sneaker-Liebhaber und alle, die ihren Look mit topmodernem Style aufwerten m\u00f6chten.<\/p>\n<p>Tauche ein in die Welt von Geschwindigkeit und Innovation mit dem Adidas Racer LO Mercedes-AMG Petronas F1 Team JR4543 \u201d\u201c die perfekte Kombination aus Performance und Luxus, die moderne Vielseitigkeit verk\u00f6rpert.<\/p>\n<p>Farbgebung: Core Black\/Semi Mint Rush\/Core Black<\/p>\n<p>Style-Code: JR4543<\/p>\n<p>Obermaterial: Leder<\/p>\n<p>Farbe: Schwarz<\/p>\n<p>Farbe:<\/p>\n","protected":false},"excerpt":{"rendered":"<p>adidas Racer LO Mercedes &#8211; AMG Petronas F1 Team \u201d\u201d Core Black\/Semi Mint Rush\/Core Black<\/p>\n","protected":false},"featured_media":51439,"comment_status":"open","ping_status":"closed","template":"","meta":[],"product_brand":[],"product_cat":[10941],"product_tag":[10759,10750,10754,18223,10758],"class_list":{"0":"post-51438","1":"product","2":"type-product","3":"status-publish","4":"has-post-thumbnail","6":"product_cat-adidas-women","7":"product_tag-adidas","8":"product_tag-athleisure-shoes","9":"product_tag-lifestyle-casual-shoes","10":"product_tag-lifestyle-shoes-motorcar-driving-inspired","11":"product_tag-under-retail","12":"wcpa_has_options","14":"first","15":"outofstock","16":"taxable","17":"shipping-taxable","18":"purchasable","19":"product-type-simple"},"wcpa_form_fields":{"rules":{"pric_overide_base_price":false,"pric_overide_base_price_if_gt_zero":false,"pric_overide_base_price_fully":false,"pric_cal_option_once":false,"pric_use_as_fee":false,"bind_quantity":false,"quantity_bind_formula":false},"fields":[{"type":"color-group","required":true,"elementId":"wcpa-color-group-66c4a7f817afe","label":"Gr\u00f6\u00dfe","inline":true,"priceOptions":"different_for_all","pricingType":"fixed","className":"hassizechart product-shoes-size-eu product-shoes-size","name":"color-group-66c4a7f817b18","disp_type":"square","selection_type":"tick-border","disp_size":"50","show_label_inside":true,"adjust_width":true,"cart_display_type":"text","other_text":"Other","cl_rule":"show","col":6,"values":[{"label":"35","value":"EU 35","price":"","pimage":"","pimage_id":"","pthumb":"","color":""},{"label":"35.5","value":"EU 35.5","price":"","pimage":"","pimage_id":"","pthumb":"","color":""},{"label":"36","value":"EU 36","price":"","pimage":"","pimage_id":"","pthumb":"","color":"","selected":true},{"label":"36 2\/3","value":"EU 36 2\/3","price":"","pimage":"","pimage_id":"","pthumb":"","color":""},{"label":"37 1\/3","value":"EU 37 1\/3","price":"","pimage":"","pimage_id":"","pthumb":"","color":""},{"label":"38","value":"EU 38","price":"","pimage":"","pimage_id":"","pthumb":"","color":""},{"label":"38 2\/3","value":"EU 38 2\/3","price":"","pimage":"","pimage_id":"","pthumb":"","color":""},{"label":"39 1\/3","value":"EU 39 1\/3","price":"","pimage":"","pimage_id":"","pthumb":"","color":""},{"label":"40","value":"EU 40","price":"","pimage":"","pimage_id":"","pthumb":"","color":""},{"label":"40 2\/3","value":"EU 40 2\/3","price":"","pimage":"","pimage_id":"","pthumb":"","color":""},{"label":"41 1\/3","value":"EU 41 1\/3","price":"","pimage":"","pimage_id":"","pthumb":"","color":""},{"label":"42","value":"EU 42","price":"","pimage":"","pimage_id":"","pthumb":"","color":""},{"label":"42 2\/3","value":"EU 42 2\/3","price":"","pimage":"","pimage_id":"","pthumb":"","color":""},{"label":"43 1\/3","value":"EU 43 1\/3","price":"","pimage":"","pimage_id":"","pthumb":"","color":""},{"label":"44","value":"EU 44","price":"","pimage":"","pimage_id":"","pthumb":"","color":""},{"label":"44 2\/3","value":"EU 44 2\/3","price":"","pimage":"","pimage_id":"","pthumb":"","color":""},{"label":"45 1\/3","value":"EU 45 1\/3","price":"","pimage":"","pimage_id":"","pthumb":"","color":""},{"label":"46","value":"EU 46","price":"","pimage":"","pimage_id":"","pthumb":"","color":""},{"label":"46 2\/3","value":"EU 46 2\/3","price":"","pimage":"","pimage_id":"","pthumb":"","color":""},{"label":"47 1\/3","value":"EU 47 1\/3","price":"","pimage":"","pimage_id":"","pthumb":"","color":""}],"relations":[{"operator":false,"rules":[]}],"form_id":24802,"form_rules":{"pric_cal_option_once":false,"exclude_from_discount":false,"pric_use_as_fee":false,"fee_label":"Fee","render_after_acb":false,"disp_hide_options_price":false}}]},"yoast_head":"<!-- This site is optimized with the Yoast SEO plugin v26.5 - https:\/\/yoast.com\/wordpress\/plugins\/seo\/ -->\n<title>(W) Adidas Racer LO Mercedes - AMG Petronas F1 Team  - Tourcruiser PTE. LTD<\/title>\n<meta name=\"robots\" content=\"index, follow, max-snippet:-1, max-image-preview:large, max-video-preview:-1\" \/>\n<link rel=\"canonical\" href=\"https:\/\/tourcruiser.com\/\" \/>\n<meta property=\"og:locale\" content=\"de_DE\" \/>\n<meta property=\"og:type\" content=\"article\" \/>\n<meta property=\"og:title\" content=\"(W) Adidas Racer LO Mercedes - AMG Petronas F1 Team  - Tourcruiser PTE. LTD\" \/>\n<meta property=\"og:description\" content=\"adidas Racer LO Mercedes - AMG Petronas F1 Team \u201d\u201d Core Black\/Semi Mint Rush\/Core Black\" \/>\n<meta property=\"og:url\" content=\"\/\" \/>\n<meta property=\"og:site_name\" content=\"Tourcruiser Sneaker Store\" \/>\n<meta property=\"article:modified_time\" content=\"2026-03-27T17:59:11+00:00\" \/>\n<meta name=\"twitter:card\" content=\"summary_large_image\" \/>\n<meta name=\"twitter:image\" content=\"https:\/\/images.novelship.com\/product\/_w__adidas_racer_lo_mercedes_-_amg_petronas_f1_tea_0_98164.jpeg;https:\/\/images.novelship.com\/product\/_w__adidas_racer_lo_mercedes_-_amg_petronas_f1_tea_1_98164.jpeg;https:\/\/images.novelship.com\/product\/_w__adidas_racer_lo_mercedes_-_amg_petronas_f1_tea_2_98164.jpeg;https:\/\/images.novelship.com\/product\/_w__adidas_racer_lo_mercedes_-_amg_petronas_f1_tea_3_98164.jpeg;https:\/\/images.novelship.com\/product\/_w__adidas_racer_lo_mercedes_-_amg_petronas_f1_tea_4_98164.jpeg;https:\/\/images.novelship.com\/product\/_w__adidas_racer_lo_mercedes_-_amg_petronas_f1_tea_5_98164.jpeg;https:\/\/images.novelship.com\/product\/_w__adidas_racer_lo_mercedes_-_amg_petronas_f1_tea_6_98164.jpeg;https:\/\/images.novelship.com\/product\/_w__adidas_racer_lo_mercedes_-_amg_petronas_f1_tea_7_98164.jpeg;https:\/\/images.novelship.com\/product\/_w__adidas_racer_lo_mercedes_-_amg_petronas_f1_tea_8_98164.jpeg;https:\/\/images.novelship.com\/product\/_w__adidas_racer_lo_mercedes_-_amg_petronas_f1_tea_9_98164.jpeg;https:\/\/images.novelship.com\/product\/_w__adidas_racer_lo_mercedes_-_amg_petronas_f1_tea_10_98164.jpeg\" \/>\n<meta name=\"twitter:label1\" content=\"Gesch\u00e4tzte Lesezeit\" \/>\n\t<meta name=\"twitter:data1\" content=\"1\u00a0Minute\" \/>\n<script type=\"application\/ld+json\" class=\"yoast-schema-graph\">{\"@context\":\"https:\/\/schema.org\",\"@graph\":[{\"@type\":\"WebPage\",\"@id\":\"\/\",\"url\":\"https:\/\/tourcruiser.com\/\",\"name\":\"(W) Adidas Racer LO Mercedes - AMG Petronas F1 Team - Tourcruiser PTE. LTD\",\"isPartOf\":{\"@id\":\"https:\/\/tourcruiser.com\/de\/#website\"},\"primaryImageOfPage\":{\"@id\":\"https:\/\/tourcruiser.com\/#primaryimage\"},\"image\":{\"@id\":\"https:\/\/tourcruiser.com\/#primaryimage\"},\"thumbnailUrl\":\"https:\/\/images.novelship.com\/product\/_w__adidas_racer_lo_mercedes_-_amg_petronas_f1_tea_0_98164.jpeg;https:\/\/images.novelship.com\/product\/_w__adidas_racer_lo_mercedes_-_amg_petronas_f1_tea_1_98164.jpeg;https:\/\/images.novelship.com\/product\/_w__adidas_racer_lo_mercedes_-_amg_petronas_f1_tea_2_98164.jpeg;https:\/\/images.novelship.com\/product\/_w__adidas_racer_lo_mercedes_-_amg_petronas_f1_tea_3_98164.jpeg;https:\/\/images.novelship.com\/product\/_w__adidas_racer_lo_mercedes_-_amg_petronas_f1_tea_4_98164.jpeg;https:\/\/images.novelship.com\/product\/_w__adidas_racer_lo_mercedes_-_amg_petronas_f1_tea_5_98164.jpeg;https:\/\/images.novelship.com\/product\/_w__adidas_racer_lo_mercedes_-_amg_petronas_f1_tea_6_98164.jpeg;https:\/\/images.novelship.com\/product\/_w__adidas_racer_lo_mercedes_-_amg_petronas_f1_tea_7_98164.jpeg;https:\/\/images.novelship.com\/product\/_w__adidas_racer_lo_mercedes_-_amg_petronas_f1_tea_8_98164.jpeg;https:\/\/images.novelship.com\/product\/_w__adidas_racer_lo_mercedes_-_amg_petronas_f1_tea_9_98164.jpeg;https:\/\/images.novelship.com\/product\/_w__adidas_racer_lo_mercedes_-_amg_petronas_f1_tea_10_98164.jpeg\",\"datePublished\":\"2026-03-02T08:10:03+00:00\",\"dateModified\":\"2026-03-27T17:59:11+00:00\",\"breadcrumb\":{\"@id\":\"https:\/\/tourcruiser.com\/#breadcrumb\"},\"inLanguage\":\"de\",\"potentialAction\":[{\"@type\":\"ReadAction\",\"target\":[\"https:\/\/tourcruiser.com\/\"]}]},{\"@type\":\"ImageObject\",\"inLanguage\":\"de\",\"@id\":\"https:\/\/tourcruiser.com\/#primaryimage\",\"url\":\"https:\/\/images.novelship.com\/product\/_w__adidas_racer_lo_mercedes_-_amg_petronas_f1_tea_0_98164.jpeg;https:\/\/images.novelship.com\/product\/_w__adidas_racer_lo_mercedes_-_amg_petronas_f1_tea_1_98164.jpeg;https:\/\/images.novelship.com\/product\/_w__adidas_racer_lo_mercedes_-_amg_petronas_f1_tea_2_98164.jpeg;https:\/\/images.novelship.com\/product\/_w__adidas_racer_lo_mercedes_-_amg_petronas_f1_tea_3_98164.jpeg;https:\/\/images.novelship.com\/product\/_w__adidas_racer_lo_mercedes_-_amg_petronas_f1_tea_4_98164.jpeg;https:\/\/images.novelship.com\/product\/_w__adidas_racer_lo_mercedes_-_amg_petronas_f1_tea_5_98164.jpeg;https:\/\/images.novelship.com\/product\/_w__adidas_racer_lo_mercedes_-_amg_petronas_f1_tea_6_98164.jpeg;https:\/\/images.novelship.com\/product\/_w__adidas_racer_lo_mercedes_-_amg_petronas_f1_tea_7_98164.jpeg;https:\/\/images.novelship.com\/product\/_w__adidas_racer_lo_mercedes_-_amg_petronas_f1_tea_8_98164.jpeg;https:\/\/images.novelship.com\/product\/_w__adidas_racer_lo_mercedes_-_amg_petronas_f1_tea_9_98164.jpeg;https:\/\/images.novelship.com\/product\/_w__adidas_racer_lo_mercedes_-_amg_petronas_f1_tea_10_98164.jpeg\",\"contentUrl\":\"https:\/\/images.novelship.com\/product\/_w__adidas_racer_lo_mercedes_-_amg_petronas_f1_tea_0_98164.jpeg;https:\/\/images.novelship.com\/product\/_w__adidas_racer_lo_mercedes_-_amg_petronas_f1_tea_1_98164.jpeg;https:\/\/images.novelship.com\/product\/_w__adidas_racer_lo_mercedes_-_amg_petronas_f1_tea_2_98164.jpeg;https:\/\/images.novelship.com\/product\/_w__adidas_racer_lo_mercedes_-_amg_petronas_f1_tea_3_98164.jpeg;https:\/\/images.novelship.com\/product\/_w__adidas_racer_lo_mercedes_-_amg_petronas_f1_tea_4_98164.jpeg;https:\/\/images.novelship.com\/product\/_w__adidas_racer_lo_mercedes_-_amg_petronas_f1_tea_5_98164.jpeg;https:\/\/images.novelship.com\/product\/_w__adidas_racer_lo_mercedes_-_amg_petronas_f1_tea_6_98164.jpeg;https:\/\/images.novelship.com\/product\/_w__adidas_racer_lo_mercedes_-_amg_petronas_f1_tea_7_98164.jpeg;https:\/\/images.novelship.com\/product\/_w__adidas_racer_lo_mercedes_-_amg_petronas_f1_tea_8_98164.jpeg;https:\/\/images.novelship.com\/product\/_w__adidas_racer_lo_mercedes_-_amg_petronas_f1_tea_9_98164.jpeg;https:\/\/images.novelship.com\/product\/_w__adidas_racer_lo_mercedes_-_amg_petronas_f1_tea_10_98164.jpeg\"},{\"@type\":\"BreadcrumbList\",\"@id\":\"https:\/\/tourcruiser.com\/#breadcrumb\",\"itemListElement\":[{\"@type\":\"ListItem\",\"position\":1,\"name\":\"Home\",\"item\":\"https:\/\/tourcruiser.com\/de\/\"},{\"@type\":\"ListItem\",\"position\":2,\"name\":\"Shop\",\"item\":\"https:\/\/tourcruiser.com\/de\/shop\/\"},{\"@type\":\"ListItem\",\"position\":3,\"name\":\"(W) Adidas Racer LO Mercedes &#8211; AMG Petronas F1 Team\"}]},{\"@type\":\"WebSite\",\"@id\":\"https:\/\/tourcruiser.com\/de\/#website\",\"url\":\"https:\/\/tourcruiser.com\/de\/\",\"name\":\"Styloral Jewelry Shop\",\"description\":\"Tourcruiser Sneaker Store \u2014 der Ort, an dem das Universum deine Einzigartigkeit trifft.\",\"publisher\":{\"@id\":\"https:\/\/tourcruiser.com\/de\/#organization\"},\"potentialAction\":[{\"@type\":\"SearchAction\",\"target\":{\"@type\":\"EntryPoint\",\"urlTemplate\":\"https:\/\/tourcruiser.com\/de\/?s={search_term_string}\"},\"query-input\":{\"@type\":\"PropertyValueSpecification\",\"valueRequired\":true,\"valueName\":\"search_term_string\"}}],\"inLanguage\":\"de\"},{\"@type\":\"Organization\",\"@id\":\"https:\/\/tourcruiser.com\/de\/#organization\",\"name\":\"STYLORAL PTE. LTD\",\"url\":\"https:\/\/tourcruiser.com\/de\/\",\"logo\":{\"@type\":\"ImageObject\",\"inLanguage\":\"de\",\"@id\":\"https:\/\/tourcruiser.com\/de\/#\/schema\/logo\/image\/\",\"url\":\"https:\/\/www.tourcruiser.com\/wp-content\/uploads\/2025\/12\/logo.png\",\"contentUrl\":\"https:\/\/www.tourcruiser.com\/wp-content\/uploads\/2025\/12\/logo.png\",\"width\":200,\"height\":65,\"caption\":\"STYLORAL PTE. LTD\"},\"image\":{\"@id\":\"https:\/\/tourcruiser.com\/de\/#\/schema\/logo\/image\/\"}}]}<\/script>\n<!-- \/ Yoast SEO plugin. -->","yoast_head_json":{"title":"(W) Adidas Racer LO Mercedes - AMG Petronas F1 Team  - Tourcruiser PTE. LTD","robots":{"index":"index","follow":"follow","max-snippet":"max-snippet:-1","max-image-preview":"max-image-preview:large","max-video-preview":"max-video-preview:-1"},"canonical":"https:\/\/tourcruiser.com\/","og_locale":"de_DE","og_type":"article","og_title":"(W) Adidas Racer LO Mercedes - AMG Petronas F1 Team  - Tourcruiser PTE. LTD","og_description":"adidas Racer LO Mercedes - AMG Petronas F1 Team \u201d\u201d Core Black\/Semi Mint Rush\/Core Black","og_url":"\/","og_site_name":"Tourcruiser Sneaker Store","article_modified_time":"2026-03-27T17:59:11+00:00","twitter_card":"summary_large_image","twitter_image":"https:\/\/images.novelship.com\/product\/_w__adidas_racer_lo_mercedes_-_amg_petronas_f1_tea_0_98164.jpeg;https:\/\/images.novelship.com\/product\/_w__adidas_racer_lo_mercedes_-_amg_petronas_f1_tea_1_98164.jpeg;https:\/\/images.novelship.com\/product\/_w__adidas_racer_lo_mercedes_-_amg_petronas_f1_tea_2_98164.jpeg;https:\/\/images.novelship.com\/product\/_w__adidas_racer_lo_mercedes_-_amg_petronas_f1_tea_3_98164.jpeg;https:\/\/images.novelship.com\/product\/_w__adidas_racer_lo_mercedes_-_amg_petronas_f1_tea_4_98164.jpeg;https:\/\/images.novelship.com\/product\/_w__adidas_racer_lo_mercedes_-_amg_petronas_f1_tea_5_98164.jpeg;https:\/\/images.novelship.com\/product\/_w__adidas_racer_lo_mercedes_-_amg_petronas_f1_tea_6_98164.jpeg;https:\/\/images.novelship.com\/product\/_w__adidas_racer_lo_mercedes_-_amg_petronas_f1_tea_7_98164.jpeg;https:\/\/images.novelship.com\/product\/_w__adidas_racer_lo_mercedes_-_amg_petronas_f1_tea_8_98164.jpeg;https:\/\/images.novelship.com\/product\/_w__adidas_racer_lo_mercedes_-_amg_petronas_f1_tea_9_98164.jpeg;https:\/\/images.novelship.com\/product\/_w__adidas_racer_lo_mercedes_-_amg_petronas_f1_tea_10_98164.jpeg","twitter_misc":{"Gesch\u00e4tzte Lesezeit":"1\u00a0Minute"},"schema":{"@context":"https:\/\/schema.org","@graph":[{"@type":"WebPage","@id":"\/","url":"https:\/\/tourcruiser.com\/","name":"(W) Adidas Racer LO Mercedes - AMG Petronas F1 Team - Tourcruiser PTE. LTD","isPartOf":{"@id":"https:\/\/tourcruiser.com\/de\/#website"},"primaryImageOfPage":{"@id":"https:\/\/tourcruiser.com\/#primaryimage"},"image":{"@id":"https:\/\/tourcruiser.com\/#primaryimage"},"thumbnailUrl":"https:\/\/images.novelship.com\/product\/_w__adidas_racer_lo_mercedes_-_amg_petronas_f1_tea_0_98164.jpeg;https:\/\/images.novelship.com\/product\/_w__adidas_racer_lo_mercedes_-_amg_petronas_f1_tea_1_98164.jpeg;https:\/\/images.novelship.com\/product\/_w__adidas_racer_lo_mercedes_-_amg_petronas_f1_tea_2_98164.jpeg;https:\/\/images.novelship.com\/product\/_w__adidas_racer_lo_mercedes_-_amg_petronas_f1_tea_3_98164.jpeg;https:\/\/images.novelship.com\/product\/_w__adidas_racer_lo_mercedes_-_amg_petronas_f1_tea_4_98164.jpeg;https:\/\/images.novelship.com\/product\/_w__adidas_racer_lo_mercedes_-_amg_petronas_f1_tea_5_98164.jpeg;https:\/\/images.novelship.com\/product\/_w__adidas_racer_lo_mercedes_-_amg_petronas_f1_tea_6_98164.jpeg;https:\/\/images.novelship.com\/product\/_w__adidas_racer_lo_mercedes_-_amg_petronas_f1_tea_7_98164.jpeg;https:\/\/images.novelship.com\/product\/_w__adidas_racer_lo_mercedes_-_amg_petronas_f1_tea_8_98164.jpeg;https:\/\/images.novelship.com\/product\/_w__adidas_racer_lo_mercedes_-_amg_petronas_f1_tea_9_98164.jpeg;https:\/\/images.novelship.com\/product\/_w__adidas_racer_lo_mercedes_-_amg_petronas_f1_tea_10_98164.jpeg","datePublished":"2026-03-02T08:10:03+00:00","dateModified":"2026-03-27T17:59:11+00:00","breadcrumb":{"@id":"https:\/\/tourcruiser.com\/#breadcrumb"},"inLanguage":"de","potentialAction":[{"@type":"ReadAction","target":["https:\/\/tourcruiser.com\/"]}]},{"@type":"ImageObject","inLanguage":"de","@id":"https:\/\/tourcruiser.com\/#primaryimage","url":"https:\/\/images.novelship.com\/product\/_w__adidas_racer_lo_mercedes_-_amg_petronas_f1_tea_0_98164.jpeg;https:\/\/images.novelship.com\/product\/_w__adidas_racer_lo_mercedes_-_amg_petronas_f1_tea_1_98164.jpeg;https:\/\/images.novelship.com\/product\/_w__adidas_racer_lo_mercedes_-_amg_petronas_f1_tea_2_98164.jpeg;https:\/\/images.novelship.com\/product\/_w__adidas_racer_lo_mercedes_-_amg_petronas_f1_tea_3_98164.jpeg;https:\/\/images.novelship.com\/product\/_w__adidas_racer_lo_mercedes_-_amg_petronas_f1_tea_4_98164.jpeg;https:\/\/images.novelship.com\/product\/_w__adidas_racer_lo_mercedes_-_amg_petronas_f1_tea_5_98164.jpeg;https:\/\/images.novelship.com\/product\/_w__adidas_racer_lo_mercedes_-_amg_petronas_f1_tea_6_98164.jpeg;https:\/\/images.novelship.com\/product\/_w__adidas_racer_lo_mercedes_-_amg_petronas_f1_tea_7_98164.jpeg;https:\/\/images.novelship.com\/product\/_w__adidas_racer_lo_mercedes_-_amg_petronas_f1_tea_8_98164.jpeg;https:\/\/images.novelship.com\/product\/_w__adidas_racer_lo_mercedes_-_amg_petronas_f1_tea_9_98164.jpeg;https:\/\/images.novelship.com\/product\/_w__adidas_racer_lo_mercedes_-_amg_petronas_f1_tea_10_98164.jpeg","contentUrl":"https:\/\/images.novelship.com\/product\/_w__adidas_racer_lo_mercedes_-_amg_petronas_f1_tea_0_98164.jpeg;https:\/\/images.novelship.com\/product\/_w__adidas_racer_lo_mercedes_-_amg_petronas_f1_tea_1_98164.jpeg;https:\/\/images.novelship.com\/product\/_w__adidas_racer_lo_mercedes_-_amg_petronas_f1_tea_2_98164.jpeg;https:\/\/images.novelship.com\/product\/_w__adidas_racer_lo_mercedes_-_amg_petronas_f1_tea_3_98164.jpeg;https:\/\/images.novelship.com\/product\/_w__adidas_racer_lo_mercedes_-_amg_petronas_f1_tea_4_98164.jpeg;https:\/\/images.novelship.com\/product\/_w__adidas_racer_lo_mercedes_-_amg_petronas_f1_tea_5_98164.jpeg;https:\/\/images.novelship.com\/product\/_w__adidas_racer_lo_mercedes_-_amg_petronas_f1_tea_6_98164.jpeg;https:\/\/images.novelship.com\/product\/_w__adidas_racer_lo_mercedes_-_amg_petronas_f1_tea_7_98164.jpeg;https:\/\/images.novelship.com\/product\/_w__adidas_racer_lo_mercedes_-_amg_petronas_f1_tea_8_98164.jpeg;https:\/\/images.novelship.com\/product\/_w__adidas_racer_lo_mercedes_-_amg_petronas_f1_tea_9_98164.jpeg;https:\/\/images.novelship.com\/product\/_w__adidas_racer_lo_mercedes_-_amg_petronas_f1_tea_10_98164.jpeg"},{"@type":"BreadcrumbList","@id":"https:\/\/tourcruiser.com\/#breadcrumb","itemListElement":[{"@type":"ListItem","position":1,"name":"Home","item":"https:\/\/tourcruiser.com\/de\/"},{"@type":"ListItem","position":2,"name":"Shop","item":"https:\/\/tourcruiser.com\/de\/shop\/"},{"@type":"ListItem","position":3,"name":"(W) Adidas Racer LO Mercedes &#8211; AMG Petronas F1 Team"}]},{"@type":"WebSite","@id":"https:\/\/tourcruiser.com\/de\/#website","url":"https:\/\/tourcruiser.com\/de\/","name":"Styloral Jewelry Shop","description":"Tourcruiser Sneaker Store \u2014 der Ort, an dem das Universum deine Einzigartigkeit trifft.","publisher":{"@id":"https:\/\/tourcruiser.com\/de\/#organization"},"potentialAction":[{"@type":"SearchAction","target":{"@type":"EntryPoint","urlTemplate":"https:\/\/tourcruiser.com\/de\/?s={search_term_string}"},"query-input":{"@type":"PropertyValueSpecification","valueRequired":true,"valueName":"search_term_string"}}],"inLanguage":"de"},{"@type":"Organization","@id":"https:\/\/tourcruiser.com\/de\/#organization","name":"STYLORAL PTE. LTD","url":"https:\/\/tourcruiser.com\/de\/","logo":{"@type":"ImageObject","inLanguage":"de","@id":"https:\/\/tourcruiser.com\/de\/#\/schema\/logo\/image\/","url":"https:\/\/www.tourcruiser.com\/wp-content\/uploads\/2025\/12\/logo.png","contentUrl":"https:\/\/www.tourcruiser.com\/wp-content\/uploads\/2025\/12\/logo.png","width":200,"height":65,"caption":"STYLORAL PTE. LTD"},"image":{"@id":"https:\/\/tourcruiser.com\/de\/#\/schema\/logo\/image\/"}}]}},"_links":{"self":[{"href":"https:\/\/tourcruiser.com\/de\/wp-json\/wp\/v2\/product\/51438","targetHints":{"allow":["GET"]}}],"collection":[{"href":"https:\/\/tourcruiser.com\/de\/wp-json\/wp\/v2\/product"}],"about":[{"href":"https:\/\/tourcruiser.com\/de\/wp-json\/wp\/v2\/types\/product"}],"replies":[{"embeddable":true,"href":"https:\/\/tourcruiser.com\/de\/wp-json\/wp\/v2\/comments?post=51438"}],"wp:featuredmedia":[{"embeddable":true,"href":"https:\/\/tourcruiser.com\/de\/wp-json\/wp\/v2\/media\/51439"}],"wp:attachment":[{"href":"https:\/\/tourcruiser.com\/de\/wp-json\/wp\/v2\/media?parent=51438"}],"wp:term":[{"taxonomy":"product_brand","embeddable":true,"href":"https:\/\/tourcruiser.com\/de\/wp-json\/wp\/v2\/product_brand?post=51438"},{"taxonomy":"product_cat","embeddable":true,"href":"https:\/\/tourcruiser.com\/de\/wp-json\/wp\/v2\/product_cat?post=51438"},{"taxonomy":"product_tag","embeddable":true,"href":"https:\/\/tourcruiser.com\/de\/wp-json\/wp\/v2\/product_tag?post=51438"}],"curies":[{"name":"wp","href":"https:\/\/api.w.org\/{rel}","templated":true}]}}