{"id":51336,"date":"2026-03-02T15:09:53","date_gmt":"2026-03-02T08:09:53","guid":{"rendered":"http:\/\/tourcruiser.com\/product\/adidas-harden-vol-8-feather-grey"},"modified":"2026-03-28T00:59:01","modified_gmt":"2026-03-27T17:59:01","slug":"adidas-harden-vol-8-feather-grey","status":"publish","type":"product","link":"https:\/\/tourcruiser.com\/de\/products\/adidas-harden-vol-8-feather-grey\/","title":{"rendered":"adidas Harden Vol. 8 &#8218;Feather Grey&#8216;"},"content":{"rendered":"<p>Verbessere dein Spiel mit den adidas Harden Vol. 8 &#8218;Feather Grey&#8216; IG6649 Basketballschuhen. Diese Schuhe wurden f\u00fcr ultimative Performance entwickelt und bestechen durch ihr elegantes Farbschema in Feather Grey, das Stil und Funktionalit\u00e4t vereint. Das leichte Obermaterial bietet atmungsaktiven Komfort, w\u00e4hrend die reaktionsfreudige Boost-Zwischensohle f\u00fcr optimale Energier\u00fcckgabe auf dem Court sorgt. Dank verbesserter Traktion f\u00fcr schnelle Richtungswechsel und Drehungen sind diese Schuhe perfekt f\u00fcr Spieler, die Agilit\u00e4t und Geschwindigkeit suchen. Lass dich von James Hardens dynamischem Stil inspirieren und dominiere das Court mit Selbstvertrauen.<\/p>\n<ul>\n<li><strong>Farbgebung:<\/strong> Feather Grey\/Ivory\/Core Black<\/li>\n<li><strong>Style-Code:<\/strong> IG6649<\/li>\n<li><strong>Obermaterial:<\/strong> Strick<\/li>\n<li><strong>Zwischensohle:<\/strong> Boost<\/li>\n<li><strong>Farbe:<\/strong> Wei\u00df<\/li>\n<li><strong>Erscheinungsjahr:<\/strong> 2024<\/li>\n<\/ul>\n","protected":false},"excerpt":{"rendered":"<p>adidas None \u201d\u201d Feather Grey\/Ivory\/Core Black<\/p>\n","protected":false},"featured_media":51337,"comment_status":"open","ping_status":"closed","template":"","meta":[],"product_brand":[],"product_cat":[10760],"product_tag":[10759,10799,10800,10753,10802,10758],"class_list":{"0":"post-51336","1":"product","2":"type-product","3":"status-publish","4":"has-post-thumbnail","6":"product_cat-adidas","7":"product_tag-adidas","8":"product_tag-ankle-support-basketball-shoes","9":"product_tag-basketball-shoes","10":"product_tag-gift-for-him","11":"product_tag-performance-sport-shoes","12":"product_tag-under-retail","13":"wcpa_has_options","15":"first","16":"outofstock","17":"taxable","18":"shipping-taxable","19":"purchasable","20":"product-type-simple"},"wcpa_form_fields":{"rules":{"pric_overide_base_price":false,"pric_overide_base_price_if_gt_zero":false,"pric_overide_base_price_fully":false,"pric_cal_option_once":false,"pric_use_as_fee":false,"bind_quantity":false,"quantity_bind_formula":false},"fields":[{"type":"color-group","required":true,"elementId":"wcpa-color-group-66c4a7f817afe","label":"Gr\u00f6\u00dfe","inline":true,"priceOptions":"different_for_all","pricingType":"fixed","className":"hassizechart product-shoes-size-eu product-shoes-size","name":"color-group-66c4a7f817b18","disp_type":"square","selection_type":"tick-border","disp_size":"50","show_label_inside":true,"adjust_width":true,"cart_display_type":"text","other_text":"Other","cl_rule":"show","col":6,"values":[{"label":"35","value":"EU 35","price":"","pimage":"","pimage_id":"","pthumb":"","color":""},{"label":"35.5","value":"EU 35.5","price":"","pimage":"","pimage_id":"","pthumb":"","color":""},{"label":"36","value":"EU 36","price":"","pimage":"","pimage_id":"","pthumb":"","color":"","selected":true},{"label":"36 2\/3","value":"EU 36 2\/3","price":"","pimage":"","pimage_id":"","pthumb":"","color":""},{"label":"37 1\/3","value":"EU 37 1\/3","price":"","pimage":"","pimage_id":"","pthumb":"","color":""},{"label":"38","value":"EU 38","price":"","pimage":"","pimage_id":"","pthumb":"","color":""},{"label":"38 2\/3","value":"EU 38 2\/3","price":"","pimage":"","pimage_id":"","pthumb":"","color":""},{"label":"39 1\/3","value":"EU 39 1\/3","price":"","pimage":"","pimage_id":"","pthumb":"","color":""},{"label":"40","value":"EU 40","price":"","pimage":"","pimage_id":"","pthumb":"","color":""},{"label":"40 2\/3","value":"EU 40 2\/3","price":"","pimage":"","pimage_id":"","pthumb":"","color":""},{"label":"41 1\/3","value":"EU 41 1\/3","price":"","pimage":"","pimage_id":"","pthumb":"","color":""},{"label":"42","value":"EU 42","price":"","pimage":"","pimage_id":"","pthumb":"","color":""},{"label":"42 2\/3","value":"EU 42 2\/3","price":"","pimage":"","pimage_id":"","pthumb":"","color":""},{"label":"43 1\/3","value":"EU 43 1\/3","price":"","pimage":"","pimage_id":"","pthumb":"","color":""},{"label":"44","value":"EU 44","price":"","pimage":"","pimage_id":"","pthumb":"","color":""},{"label":"44 2\/3","value":"EU 44 2\/3","price":"","pimage":"","pimage_id":"","pthumb":"","color":""},{"label":"45 1\/3","value":"EU 45 1\/3","price":"","pimage":"","pimage_id":"","pthumb":"","color":""},{"label":"46","value":"EU 46","price":"","pimage":"","pimage_id":"","pthumb":"","color":""},{"label":"46 2\/3","value":"EU 46 2\/3","price":"","pimage":"","pimage_id":"","pthumb":"","color":""},{"label":"47 1\/3","value":"EU 47 1\/3","price":"","pimage":"","pimage_id":"","pthumb":"","color":""}],"relations":[{"operator":false,"rules":[]}],"form_id":24802,"form_rules":{"pric_cal_option_once":false,"exclude_from_discount":false,"pric_use_as_fee":false,"fee_label":"Fee","render_after_acb":false,"disp_hide_options_price":false}}]},"yoast_head":"<!-- This site is optimized with the Yoast SEO plugin v26.5 - https:\/\/yoast.com\/wordpress\/plugins\/seo\/ -->\n<title>adidas Harden Vol. 8 &#039;Feather Grey&#039;  - Tourcruiser PTE. LTD<\/title>\n<meta name=\"robots\" content=\"index, follow, max-snippet:-1, max-image-preview:large, max-video-preview:-1\" \/>\n<link rel=\"canonical\" href=\"https:\/\/tourcruiser.com\/\" \/>\n<meta property=\"og:locale\" content=\"de_DE\" \/>\n<meta property=\"og:type\" content=\"article\" \/>\n<meta property=\"og:title\" content=\"adidas Harden Vol. 8 &#039;Feather Grey&#039;  - Tourcruiser PTE. LTD\" \/>\n<meta property=\"og:description\" content=\"adidas None \u201d\u201d Feather Grey\/Ivory\/Core Black\" \/>\n<meta property=\"og:url\" content=\"\/\" \/>\n<meta property=\"og:site_name\" content=\"Tourcruiser Sneaker Store\" \/>\n<meta property=\"article:modified_time\" content=\"2026-03-27T17:59:01+00:00\" \/>\n<meta name=\"twitter:card\" content=\"summary_large_image\" \/>\n<meta name=\"twitter:image\" content=\"https:\/\/images.novelship.com\/product\/adidas_harden_vol__8__feather_grey__ig6649_0_35509.jpeg;https:\/\/images.novelship.com\/product\/adidas_harden_vol__8__feather_grey__ig6649_1_35509.jpeg;https:\/\/images.novelship.com\/product\/adidas_harden_vol__8__feather_grey__ig6649_2_35509.jpeg;https:\/\/images.novelship.com\/product\/adidas_harden_vol__8__feather_grey__ig6649_3_35509.jpeg;https:\/\/images.novelship.com\/product\/adidas_harden_vol__8__feather_grey__ig6649_4_35509.jpeg;https:\/\/images.novelship.com\/product\/adidas_harden_vol__8__feather_grey__ig6649_5_35509.jpeg\" \/>\n<meta name=\"twitter:label1\" content=\"Gesch\u00e4tzte Lesezeit\" \/>\n\t<meta name=\"twitter:data1\" content=\"1\u00a0Minute\" \/>\n<script type=\"application\/ld+json\" class=\"yoast-schema-graph\">{\"@context\":\"https:\/\/schema.org\",\"@graph\":[{\"@type\":\"WebPage\",\"@id\":\"\/\",\"url\":\"https:\/\/tourcruiser.com\/\",\"name\":\"adidas Harden Vol. 8 'Feather Grey' - Tourcruiser PTE. LTD\",\"isPartOf\":{\"@id\":\"https:\/\/tourcruiser.com\/de\/#website\"},\"primaryImageOfPage\":{\"@id\":\"https:\/\/tourcruiser.com\/#primaryimage\"},\"image\":{\"@id\":\"https:\/\/tourcruiser.com\/#primaryimage\"},\"thumbnailUrl\":\"https:\/\/images.novelship.com\/product\/adidas_harden_vol__8__feather_grey__ig6649_0_35509.jpeg;https:\/\/images.novelship.com\/product\/adidas_harden_vol__8__feather_grey__ig6649_1_35509.jpeg;https:\/\/images.novelship.com\/product\/adidas_harden_vol__8__feather_grey__ig6649_2_35509.jpeg;https:\/\/images.novelship.com\/product\/adidas_harden_vol__8__feather_grey__ig6649_3_35509.jpeg;https:\/\/images.novelship.com\/product\/adidas_harden_vol__8__feather_grey__ig6649_4_35509.jpeg;https:\/\/images.novelship.com\/product\/adidas_harden_vol__8__feather_grey__ig6649_5_35509.jpeg\",\"datePublished\":\"2026-03-02T08:09:53+00:00\",\"dateModified\":\"2026-03-27T17:59:01+00:00\",\"breadcrumb\":{\"@id\":\"https:\/\/tourcruiser.com\/#breadcrumb\"},\"inLanguage\":\"de\",\"potentialAction\":[{\"@type\":\"ReadAction\",\"target\":[\"https:\/\/tourcruiser.com\/\"]}]},{\"@type\":\"ImageObject\",\"inLanguage\":\"de\",\"@id\":\"https:\/\/tourcruiser.com\/#primaryimage\",\"url\":\"https:\/\/images.novelship.com\/product\/adidas_harden_vol__8__feather_grey__ig6649_0_35509.jpeg;https:\/\/images.novelship.com\/product\/adidas_harden_vol__8__feather_grey__ig6649_1_35509.jpeg;https:\/\/images.novelship.com\/product\/adidas_harden_vol__8__feather_grey__ig6649_2_35509.jpeg;https:\/\/images.novelship.com\/product\/adidas_harden_vol__8__feather_grey__ig6649_3_35509.jpeg;https:\/\/images.novelship.com\/product\/adidas_harden_vol__8__feather_grey__ig6649_4_35509.jpeg;https:\/\/images.novelship.com\/product\/adidas_harden_vol__8__feather_grey__ig6649_5_35509.jpeg\",\"contentUrl\":\"https:\/\/images.novelship.com\/product\/adidas_harden_vol__8__feather_grey__ig6649_0_35509.jpeg;https:\/\/images.novelship.com\/product\/adidas_harden_vol__8__feather_grey__ig6649_1_35509.jpeg;https:\/\/images.novelship.com\/product\/adidas_harden_vol__8__feather_grey__ig6649_2_35509.jpeg;https:\/\/images.novelship.com\/product\/adidas_harden_vol__8__feather_grey__ig6649_3_35509.jpeg;https:\/\/images.novelship.com\/product\/adidas_harden_vol__8__feather_grey__ig6649_4_35509.jpeg;https:\/\/images.novelship.com\/product\/adidas_harden_vol__8__feather_grey__ig6649_5_35509.jpeg\"},{\"@type\":\"BreadcrumbList\",\"@id\":\"https:\/\/tourcruiser.com\/#breadcrumb\",\"itemListElement\":[{\"@type\":\"ListItem\",\"position\":1,\"name\":\"Home\",\"item\":\"https:\/\/tourcruiser.com\/de\/\"},{\"@type\":\"ListItem\",\"position\":2,\"name\":\"Shop\",\"item\":\"https:\/\/tourcruiser.com\/de\/shop\/\"},{\"@type\":\"ListItem\",\"position\":3,\"name\":\"adidas Harden Vol. 8 &#8218;Feather Grey&#8216;\"}]},{\"@type\":\"WebSite\",\"@id\":\"https:\/\/tourcruiser.com\/de\/#website\",\"url\":\"https:\/\/tourcruiser.com\/de\/\",\"name\":\"Styloral Jewelry Shop\",\"description\":\"Tourcruiser Sneaker Store \u2014 der Ort, an dem das Universum deine Einzigartigkeit trifft.\",\"publisher\":{\"@id\":\"https:\/\/tourcruiser.com\/de\/#organization\"},\"potentialAction\":[{\"@type\":\"SearchAction\",\"target\":{\"@type\":\"EntryPoint\",\"urlTemplate\":\"https:\/\/tourcruiser.com\/de\/?s={search_term_string}\"},\"query-input\":{\"@type\":\"PropertyValueSpecification\",\"valueRequired\":true,\"valueName\":\"search_term_string\"}}],\"inLanguage\":\"de\"},{\"@type\":\"Organization\",\"@id\":\"https:\/\/tourcruiser.com\/de\/#organization\",\"name\":\"STYLORAL PTE. LTD\",\"url\":\"https:\/\/tourcruiser.com\/de\/\",\"logo\":{\"@type\":\"ImageObject\",\"inLanguage\":\"de\",\"@id\":\"https:\/\/tourcruiser.com\/de\/#\/schema\/logo\/image\/\",\"url\":\"https:\/\/www.tourcruiser.com\/wp-content\/uploads\/2025\/12\/logo.png\",\"contentUrl\":\"https:\/\/www.tourcruiser.com\/wp-content\/uploads\/2025\/12\/logo.png\",\"width\":200,\"height\":65,\"caption\":\"STYLORAL PTE. LTD\"},\"image\":{\"@id\":\"https:\/\/tourcruiser.com\/de\/#\/schema\/logo\/image\/\"}}]}<\/script>\n<!-- \/ Yoast SEO plugin. -->","yoast_head_json":{"title":"adidas Harden Vol. 8 'Feather Grey'  - Tourcruiser PTE. LTD","robots":{"index":"index","follow":"follow","max-snippet":"max-snippet:-1","max-image-preview":"max-image-preview:large","max-video-preview":"max-video-preview:-1"},"canonical":"https:\/\/tourcruiser.com\/","og_locale":"de_DE","og_type":"article","og_title":"adidas Harden Vol. 8 'Feather Grey'  - Tourcruiser PTE. LTD","og_description":"adidas None \u201d\u201d Feather Grey\/Ivory\/Core Black","og_url":"\/","og_site_name":"Tourcruiser Sneaker Store","article_modified_time":"2026-03-27T17:59:01+00:00","twitter_card":"summary_large_image","twitter_image":"https:\/\/images.novelship.com\/product\/adidas_harden_vol__8__feather_grey__ig6649_0_35509.jpeg;https:\/\/images.novelship.com\/product\/adidas_harden_vol__8__feather_grey__ig6649_1_35509.jpeg;https:\/\/images.novelship.com\/product\/adidas_harden_vol__8__feather_grey__ig6649_2_35509.jpeg;https:\/\/images.novelship.com\/product\/adidas_harden_vol__8__feather_grey__ig6649_3_35509.jpeg;https:\/\/images.novelship.com\/product\/adidas_harden_vol__8__feather_grey__ig6649_4_35509.jpeg;https:\/\/images.novelship.com\/product\/adidas_harden_vol__8__feather_grey__ig6649_5_35509.jpeg","twitter_misc":{"Gesch\u00e4tzte Lesezeit":"1\u00a0Minute"},"schema":{"@context":"https:\/\/schema.org","@graph":[{"@type":"WebPage","@id":"\/","url":"https:\/\/tourcruiser.com\/","name":"adidas Harden Vol. 8 'Feather Grey' - Tourcruiser PTE. LTD","isPartOf":{"@id":"https:\/\/tourcruiser.com\/de\/#website"},"primaryImageOfPage":{"@id":"https:\/\/tourcruiser.com\/#primaryimage"},"image":{"@id":"https:\/\/tourcruiser.com\/#primaryimage"},"thumbnailUrl":"https:\/\/images.novelship.com\/product\/adidas_harden_vol__8__feather_grey__ig6649_0_35509.jpeg;https:\/\/images.novelship.com\/product\/adidas_harden_vol__8__feather_grey__ig6649_1_35509.jpeg;https:\/\/images.novelship.com\/product\/adidas_harden_vol__8__feather_grey__ig6649_2_35509.jpeg;https:\/\/images.novelship.com\/product\/adidas_harden_vol__8__feather_grey__ig6649_3_35509.jpeg;https:\/\/images.novelship.com\/product\/adidas_harden_vol__8__feather_grey__ig6649_4_35509.jpeg;https:\/\/images.novelship.com\/product\/adidas_harden_vol__8__feather_grey__ig6649_5_35509.jpeg","datePublished":"2026-03-02T08:09:53+00:00","dateModified":"2026-03-27T17:59:01+00:00","breadcrumb":{"@id":"https:\/\/tourcruiser.com\/#breadcrumb"},"inLanguage":"de","potentialAction":[{"@type":"ReadAction","target":["https:\/\/tourcruiser.com\/"]}]},{"@type":"ImageObject","inLanguage":"de","@id":"https:\/\/tourcruiser.com\/#primaryimage","url":"https:\/\/images.novelship.com\/product\/adidas_harden_vol__8__feather_grey__ig6649_0_35509.jpeg;https:\/\/images.novelship.com\/product\/adidas_harden_vol__8__feather_grey__ig6649_1_35509.jpeg;https:\/\/images.novelship.com\/product\/adidas_harden_vol__8__feather_grey__ig6649_2_35509.jpeg;https:\/\/images.novelship.com\/product\/adidas_harden_vol__8__feather_grey__ig6649_3_35509.jpeg;https:\/\/images.novelship.com\/product\/adidas_harden_vol__8__feather_grey__ig6649_4_35509.jpeg;https:\/\/images.novelship.com\/product\/adidas_harden_vol__8__feather_grey__ig6649_5_35509.jpeg","contentUrl":"https:\/\/images.novelship.com\/product\/adidas_harden_vol__8__feather_grey__ig6649_0_35509.jpeg;https:\/\/images.novelship.com\/product\/adidas_harden_vol__8__feather_grey__ig6649_1_35509.jpeg;https:\/\/images.novelship.com\/product\/adidas_harden_vol__8__feather_grey__ig6649_2_35509.jpeg;https:\/\/images.novelship.com\/product\/adidas_harden_vol__8__feather_grey__ig6649_3_35509.jpeg;https:\/\/images.novelship.com\/product\/adidas_harden_vol__8__feather_grey__ig6649_4_35509.jpeg;https:\/\/images.novelship.com\/product\/adidas_harden_vol__8__feather_grey__ig6649_5_35509.jpeg"},{"@type":"BreadcrumbList","@id":"https:\/\/tourcruiser.com\/#breadcrumb","itemListElement":[{"@type":"ListItem","position":1,"name":"Home","item":"https:\/\/tourcruiser.com\/de\/"},{"@type":"ListItem","position":2,"name":"Shop","item":"https:\/\/tourcruiser.com\/de\/shop\/"},{"@type":"ListItem","position":3,"name":"adidas Harden Vol. 8 &#8218;Feather Grey&#8216;"}]},{"@type":"WebSite","@id":"https:\/\/tourcruiser.com\/de\/#website","url":"https:\/\/tourcruiser.com\/de\/","name":"Styloral Jewelry Shop","description":"Tourcruiser Sneaker Store \u2014 der Ort, an dem das Universum deine Einzigartigkeit trifft.","publisher":{"@id":"https:\/\/tourcruiser.com\/de\/#organization"},"potentialAction":[{"@type":"SearchAction","target":{"@type":"EntryPoint","urlTemplate":"https:\/\/tourcruiser.com\/de\/?s={search_term_string}"},"query-input":{"@type":"PropertyValueSpecification","valueRequired":true,"valueName":"search_term_string"}}],"inLanguage":"de"},{"@type":"Organization","@id":"https:\/\/tourcruiser.com\/de\/#organization","name":"STYLORAL PTE. LTD","url":"https:\/\/tourcruiser.com\/de\/","logo":{"@type":"ImageObject","inLanguage":"de","@id":"https:\/\/tourcruiser.com\/de\/#\/schema\/logo\/image\/","url":"https:\/\/www.tourcruiser.com\/wp-content\/uploads\/2025\/12\/logo.png","contentUrl":"https:\/\/www.tourcruiser.com\/wp-content\/uploads\/2025\/12\/logo.png","width":200,"height":65,"caption":"STYLORAL PTE. LTD"},"image":{"@id":"https:\/\/tourcruiser.com\/de\/#\/schema\/logo\/image\/"}}]}},"_links":{"self":[{"href":"https:\/\/tourcruiser.com\/de\/wp-json\/wp\/v2\/product\/51336","targetHints":{"allow":["GET"]}}],"collection":[{"href":"https:\/\/tourcruiser.com\/de\/wp-json\/wp\/v2\/product"}],"about":[{"href":"https:\/\/tourcruiser.com\/de\/wp-json\/wp\/v2\/types\/product"}],"replies":[{"embeddable":true,"href":"https:\/\/tourcruiser.com\/de\/wp-json\/wp\/v2\/comments?post=51336"}],"wp:featuredmedia":[{"embeddable":true,"href":"https:\/\/tourcruiser.com\/de\/wp-json\/wp\/v2\/media\/51337"}],"wp:attachment":[{"href":"https:\/\/tourcruiser.com\/de\/wp-json\/wp\/v2\/media?parent=51336"}],"wp:term":[{"taxonomy":"product_brand","embeddable":true,"href":"https:\/\/tourcruiser.com\/de\/wp-json\/wp\/v2\/product_brand?post=51336"},{"taxonomy":"product_cat","embeddable":true,"href":"https:\/\/tourcruiser.com\/de\/wp-json\/wp\/v2\/product_cat?post=51336"},{"taxonomy":"product_tag","embeddable":true,"href":"https:\/\/tourcruiser.com\/de\/wp-json\/wp\/v2\/product_tag?post=51336"}],"curies":[{"name":"wp","href":"https:\/\/api.w.org\/{rel}","templated":true}]}}